{"id":10660,"date":"2023-01-02T13:23:10","date_gmt":"2023-01-02T12:23:10","guid":{"rendered":"https:\/\/www.skolamichael.cz\/?page_id=10660"},"modified":"2024-10-21T16:11:54","modified_gmt":"2024-10-21T14:11:54","slug":"i-op-jak-michael","status":"publish","type":"page","link":"https:\/\/www.skolamichael.cz\/cs\/projekty\/i-op-jak-michael\/","title":{"rendered":"\u0160ablony I OP JAK MICHAEL"},"content":{"rendered":"<p class=\"x_MsoNormal\">N\u00e1zev:<strong> \u0160ablony I OP JAK MICHAEL<\/strong><\/p>\n<p class=\"x_MsoNormal\">Registra\u010dn\u00ed \u010d\u00edslo:\u00a0CZ.02.02.XX\/00\/22_003\/0001468<\/p>\n<p><img loading=\"lazy\" decoding=\"async\" class=\"alignnone size-full wp-image-14375\" src=\"https:\/\/www.skolamichael.cz\/wp-content\/uploads\/2024\/10\/EUMSMT-Barevne-e1672644070134.png\" alt=\"\" width=\"600\" height=\"87\" srcset=\"https:\/\/www.skolamichael.cz\/wp-content\/uploads\/2024\/10\/EUMSMT-Barevne-e1672644070134.png 600w, https:\/\/www.skolamichael.cz\/wp-content\/uploads\/2024\/10\/EUMSMT-Barevne-e1672644070134-300x44.png 300w\" sizes=\"auto, (max-width: 600px) 100vw, 600px\" \/><\/p>\n<p>Term\u00edn: 1. 9. 2022 &#8212; 31. 12. 2024<\/p>\n<p class=\"x_MsoNormal\">Na\u0161e \u0161kola od z\u00e1\u0159\u00ed realizuje projekt <strong>\u0160ablony I OP JAK MICHAEL<\/strong> s reg. \u010d\u00edslem: CZ.02.02.XX\/00\/22_003\/0001468, ve kter\u00e9m jsme plynule nav\u00e1zali na aktivity z jin\u00fdch dota\u010dn\u00edch titul\u016f. Sou\u010dasn\u00fd projekt je zam\u011b\u0159en na podporu person\u00e1ln\u00edch pozic, zvl\u00e1\u0161t\u011b d\u016fle\u017eit\u00e1 je pro n\u00e1s person\u00e1ln\u00ed \u0161ablona \u0161koln\u00edho psychologa, vzd\u011bl\u00e1v\u00e1n\u00ed pracovn\u00edk\u016f \u0161koly a na podporu a aplikaci inovativn\u00edch metod do v\u00fduky, a to nejen pro studenty ohro\u017een\u00e9 \u0161koln\u00edm ne\u00fasp\u011bchem.<\/p>\n<p>Na\u0161i pedagogov\u00e9 z Designu interi\u00e9ru se z\u00fa\u010dastnili \u0161kolen\u00ed nap\u0159. na <strong>pou\u017e\u00edv\u00e1n\u00ed 3D virtu\u00e1ln\u00edch br\u00fdl\u00ed<\/strong>, kter\u00e9 na\u0161e \u0161kola ned\u00e1vno do \u0161koly po\u0159\u00eddila, nebo pedagogov\u00e9 z DVK absolvovali kurz po\u0159\u00e1dan\u00fd N\u00e1rodn\u00ed galerii Praha s n\u00e1zvem<strong> Zaost\u0159eno na Architekturu v\u0161em<\/strong>.<\/p>\n<p><img loading=\"lazy\" decoding=\"async\" class=\"alignnone wp-image-11503\" src=\"https:\/\/www.skolamichael.cz\/wp-content\/uploads\/2023\/06\/OP-JAK.jpg\" alt=\"\" width=\"662\" height=\"539\" srcset=\"https:\/\/www.skolamichael.cz\/wp-content\/uploads\/2023\/06\/OP-JAK.jpg 1011w, https:\/\/www.skolamichael.cz\/wp-content\/uploads\/2023\/06\/OP-JAK-300x244.jpg 300w\" sizes=\"auto, (max-width: 662px) 100vw, 662px\" \/><\/p>\n<div style=\"width: 640px;\" class=\"wp-video\"><video class=\"wp-video-shortcode\" id=\"video-10660-1\" width=\"640\" height=\"362\" preload=\"metadata\" controls=\"controls\"><source type=\"video\/mp4\" src=\"https:\/\/www.skolamichael.cz\/wp-content\/uploads\/2023\/06\/515f28f0-ad97-4cff-bf7f-75a308ebc6f4.mp4?_=1\" \/><a href=\"https:\/\/www.skolamichael.cz\/wp-content\/uploads\/2023\/06\/515f28f0-ad97-4cff-bf7f-75a308ebc6f4.mp4\">https:\/\/www.skolamichael.cz\/wp-content\/uploads\/2023\/06\/515f28f0-ad97-4cff-bf7f-75a308ebc6f4.mp4<\/a><\/video><\/div>\n<div style=\"width: 640px;\" class=\"wp-video\"><video class=\"wp-video-shortcode\" id=\"video-10660-2\" width=\"640\" height=\"362\" preload=\"metadata\" controls=\"controls\"><source type=\"video\/mp4\" src=\"https:\/\/www.skolamichael.cz\/wp-content\/uploads\/2023\/06\/44c0efab-e9e9-4b52-b579-ee8688cffc9b.mp4?_=2\" \/><a href=\"https:\/\/www.skolamichael.cz\/wp-content\/uploads\/2023\/06\/44c0efab-e9e9-4b52-b579-ee8688cffc9b.mp4\">https:\/\/www.skolamichael.cz\/wp-content\/uploads\/2023\/06\/44c0efab-e9e9-4b52-b579-ee8688cffc9b.mp4<\/a><\/video><\/div>\n<p>&nbsp;<\/p>\n","protected":false},"excerpt":{"rendered":"<p>N\u00e1zev: \u0160ablony I OP JAK MICHAEL Registra\u010dn\u00ed \u010d\u00edslo:\u00a0CZ.02.02.XX\/00\/22_003\/0001468 Term\u00edn: 1. 9. 2022 &#8212; 31. 12. 2024 Na\u0161e \u0161kola od z\u00e1\u0159\u00ed realizuje projekt \u0160ablony I OP JAK MICHAEL s reg. \u010d\u00edslem: CZ.02.02.XX\/00\/22_003\/0001468, ve kter\u00e9m jsme plynule nav\u00e1zali na aktivity z jin\u00fdch dota\u010dn\u00edch titul\u016f. Sou\u010dasn\u00fd projekt je zam\u011b\u0159en na podporu person\u00e1ln\u00edch pozic, zvl\u00e1\u0161t\u011b d\u016fle\u017eit\u00e1 je pro n\u00e1s [&hellip;]<\/p>\n","protected":false},"author":14,"featured_media":0,"parent":3828,"menu_order":0,"comment_status":"closed","ping_status":"closed","template":"","meta":{"_acf_changed":false,"footnotes":""},"class_list":["post-10660","page","type-page","status-publish","hentry"],"acf":[],"yoast_head":"<!-- This site is optimized with the Yoast SEO plugin v27.4 - https:\/\/yoast.com\/product\/yoast-seo-wordpress\/ -->\n<title>\u0160ablony I OP JAK MICHAEL | MICHAEL<\/title>\n<meta name=\"robots\" content=\"index, follow, max-snippet:-1, max-image-preview:large, max-video-preview:-1\" \/>\n<link rel=\"canonical\" href=\"https:\/\/www.skolamichael.cz\/cs\/projekty\/i-op-jak-michael\/\" \/>\n<meta property=\"og:locale\" content=\"cs_CZ\" \/>\n<meta property=\"og:type\" content=\"article\" \/>\n<meta property=\"og:title\" content=\"\u0160ablony I OP JAK MICHAEL | MICHAEL\" \/>\n<meta property=\"og:description\" content=\"N\u00e1zev: \u0160ablony I OP JAK MICHAEL Registra\u010dn\u00ed \u010d\u00edslo:\u00a0CZ.02.02.XX\/00\/22_003\/0001468 Term\u00edn: 1. 9. 2022 &#8212; 31. 12. 2024 Na\u0161e \u0161kola od z\u00e1\u0159\u00ed realizuje projekt \u0160ablony I OP JAK MICHAEL s reg. \u010d\u00edslem: CZ.02.02.XX\/00\/22_003\/0001468, ve kter\u00e9m jsme plynule nav\u00e1zali na aktivity z jin\u00fdch dota\u010dn\u00edch titul\u016f. Sou\u010dasn\u00fd projekt je zam\u011b\u0159en na podporu person\u00e1ln\u00edch pozic, zvl\u00e1\u0161t\u011b d\u016fle\u017eit\u00e1 je pro n\u00e1s [&hellip;]\" \/>\n<meta property=\"og:url\" content=\"https:\/\/www.skolamichael.cz\/cs\/projekty\/i-op-jak-michael\/\" \/>\n<meta property=\"og:site_name\" content=\"MICHAEL\" \/>\n<meta property=\"article:publisher\" content=\"http:\/\/www.facebook.com\/skolamichael\" \/>\n<meta property=\"article:modified_time\" content=\"2024-10-21T14:11:54+00:00\" \/>\n<meta property=\"og:image\" content=\"https:\/\/www.skolamichael.cz\/wp-content\/uploads\/2024\/10\/EUMSMT-Barevne-e1672644070134.png\" \/>\n\t<meta property=\"og:image:width\" content=\"600\" \/>\n\t<meta property=\"og:image:height\" content=\"87\" \/>\n\t<meta property=\"og:image:type\" content=\"image\/png\" \/>\n<meta name=\"twitter:card\" content=\"summary_large_image\" \/>\n<meta name=\"twitter:label1\" content=\"Odhadovan\u00e1 doba \u010dten\u00ed\" \/>\n\t<meta name=\"twitter:data1\" content=\"1 minuta\" \/>\n<script type=\"application\/ld+json\" class=\"yoast-schema-graph\">{\"@context\":\"https:\\\/\\\/schema.org\",\"@graph\":[{\"@type\":\"WebPage\",\"@id\":\"https:\\\/\\\/www.skolamichael.cz\\\/cs\\\/projekty\\\/i-op-jak-michael\\\/\",\"url\":\"https:\\\/\\\/www.skolamichael.cz\\\/cs\\\/projekty\\\/i-op-jak-michael\\\/\",\"name\":\"\u0160ablony I OP JAK MICHAEL | MICHAEL\",\"isPartOf\":{\"@id\":\"https:\\\/\\\/www.skolamichael.cz\\\/cs\\\/#website\"},\"primaryImageOfPage\":{\"@id\":\"https:\\\/\\\/www.skolamichael.cz\\\/cs\\\/projekty\\\/i-op-jak-michael\\\/#primaryimage\"},\"image\":{\"@id\":\"https:\\\/\\\/www.skolamichael.cz\\\/cs\\\/projekty\\\/i-op-jak-michael\\\/#primaryimage\"},\"thumbnailUrl\":\"https:\\\/\\\/www.skolamichael.cz\\\/wp-content\\\/uploads\\\/2024\\\/10\\\/EUMSMT-Barevne-e1672644070134.png\",\"datePublished\":\"2023-01-02T12:23:10+00:00\",\"dateModified\":\"2024-10-21T14:11:54+00:00\",\"breadcrumb\":{\"@id\":\"https:\\\/\\\/www.skolamichael.cz\\\/cs\\\/projekty\\\/i-op-jak-michael\\\/#breadcrumb\"},\"inLanguage\":\"cs\",\"potentialAction\":[{\"@type\":\"ReadAction\",\"target\":[\"https:\\\/\\\/www.skolamichael.cz\\\/cs\\\/projekty\\\/i-op-jak-michael\\\/\"]}]},{\"@type\":\"ImageObject\",\"inLanguage\":\"cs\",\"@id\":\"https:\\\/\\\/www.skolamichael.cz\\\/cs\\\/projekty\\\/i-op-jak-michael\\\/#primaryimage\",\"url\":\"https:\\\/\\\/www.skolamichael.cz\\\/wp-content\\\/uploads\\\/2024\\\/10\\\/EUMSMT-Barevne-e1672644070134.png\",\"contentUrl\":\"https:\\\/\\\/www.skolamichael.cz\\\/wp-content\\\/uploads\\\/2024\\\/10\\\/EUMSMT-Barevne-e1672644070134.png\"},{\"@type\":\"BreadcrumbList\",\"@id\":\"https:\\\/\\\/www.skolamichael.cz\\\/cs\\\/projekty\\\/i-op-jak-michael\\\/#breadcrumb\",\"itemListElement\":[{\"@type\":\"ListItem\",\"position\":1,\"name\":\"Dom\u016f\",\"item\":\"https:\\\/\\\/www.skolamichael.cz\\\/cs\\\/\"},{\"@type\":\"ListItem\",\"position\":2,\"name\":\"Projekty a st\u00e1\u017ee\",\"item\":\"https:\\\/\\\/www.skolamichael.cz\\\/cs\\\/projekty\\\/\"},{\"@type\":\"ListItem\",\"position\":3,\"name\":\"\u0160ablony I OP JAK MICHAEL\"}]},{\"@type\":\"WebSite\",\"@id\":\"https:\\\/\\\/www.skolamichael.cz\\\/cs\\\/#website\",\"url\":\"https:\\\/\\\/www.skolamichael.cz\\\/cs\\\/\",\"name\":\"MICHAEL\",\"description\":\"St\u0159edn\u00ed \u0161kola, Gymn\u00e1zium a Vy\u0161\u0161\u00ed odborn\u00e1 \u0161kola\",\"publisher\":{\"@id\":\"https:\\\/\\\/www.skolamichael.cz\\\/cs\\\/#organization\"},\"alternateName\":\"St\u0159edn\u00ed \u0161kola, Gymn\u00e1zium a Vy\u0161\u0161\u00ed odborn\u00e1 \u0161kola\",\"potentialAction\":[{\"@type\":\"SearchAction\",\"target\":{\"@type\":\"EntryPoint\",\"urlTemplate\":\"https:\\\/\\\/www.skolamichael.cz\\\/cs\\\/?s={search_term_string}\"},\"query-input\":{\"@type\":\"PropertyValueSpecification\",\"valueRequired\":true,\"valueName\":\"search_term_string\"}}],\"inLanguage\":\"cs\"},{\"@type\":\"Organization\",\"@id\":\"https:\\\/\\\/www.skolamichael.cz\\\/cs\\\/#organization\",\"name\":\"Michael \u2013 St\u0159edn\u00ed \u0161kola, Gymn\u00e1zium a Vy\u0161\u0161\u00ed odborn\u00e1 \u0161kola, s.r.o.\",\"url\":\"https:\\\/\\\/www.skolamichael.cz\\\/cs\\\/\",\"logo\":{\"@type\":\"ImageObject\",\"inLanguage\":\"cs\",\"@id\":\"https:\\\/\\\/www.skolamichael.cz\\\/cs\\\/#\\\/schema\\\/logo\\\/image\\\/\",\"url\":\"https:\\\/\\\/www.skolamichael.cz\\\/wp-content\\\/uploads\\\/2019\\\/03\\\/logo_michael_final_ctverec1-1.jpg\",\"contentUrl\":\"https:\\\/\\\/www.skolamichael.cz\\\/wp-content\\\/uploads\\\/2019\\\/03\\\/logo_michael_final_ctverec1-1.jpg\",\"width\":400,\"height\":400,\"caption\":\"Michael \u2013 St\u0159edn\u00ed \u0161kola, Gymn\u00e1zium a Vy\u0161\u0161\u00ed odborn\u00e1 \u0161kola, s.r.o.\"},\"image\":{\"@id\":\"https:\\\/\\\/www.skolamichael.cz\\\/cs\\\/#\\\/schema\\\/logo\\\/image\\\/\"},\"sameAs\":[\"http:\\\/\\\/www.facebook.com\\\/skolamichael\",\"https:\\\/\\\/www.instagram.com\\\/skola_michael\\\/\"]}]}<\/script>\n<!-- \/ Yoast SEO plugin. -->","yoast_head_json":{"title":"\u0160ablony I OP JAK MICHAEL | MICHAEL","robots":{"index":"index","follow":"follow","max-snippet":"max-snippet:-1","max-image-preview":"max-image-preview:large","max-video-preview":"max-video-preview:-1"},"canonical":"https:\/\/www.skolamichael.cz\/cs\/projekty\/i-op-jak-michael\/","og_locale":"cs_CZ","og_type":"article","og_title":"\u0160ablony I OP JAK MICHAEL | MICHAEL","og_description":"N\u00e1zev: \u0160ablony I OP JAK MICHAEL Registra\u010dn\u00ed \u010d\u00edslo:\u00a0CZ.02.02.XX\/00\/22_003\/0001468 Term\u00edn: 1. 9. 2022 &#8212; 31. 12. 2024 Na\u0161e \u0161kola od z\u00e1\u0159\u00ed realizuje projekt \u0160ablony I OP JAK MICHAEL s reg. \u010d\u00edslem: CZ.02.02.XX\/00\/22_003\/0001468, ve kter\u00e9m jsme plynule nav\u00e1zali na aktivity z jin\u00fdch dota\u010dn\u00edch titul\u016f. Sou\u010dasn\u00fd projekt je zam\u011b\u0159en na podporu person\u00e1ln\u00edch pozic, zvl\u00e1\u0161t\u011b d\u016fle\u017eit\u00e1 je pro n\u00e1s [&hellip;]","og_url":"https:\/\/www.skolamichael.cz\/cs\/projekty\/i-op-jak-michael\/","og_site_name":"MICHAEL","article_publisher":"http:\/\/www.facebook.com\/skolamichael","article_modified_time":"2024-10-21T14:11:54+00:00","og_image":[{"width":600,"height":87,"url":"https:\/\/www.skolamichael.cz\/wp-content\/uploads\/2024\/10\/EUMSMT-Barevne-e1672644070134.png","type":"image\/png"}],"twitter_card":"summary_large_image","twitter_misc":{"Odhadovan\u00e1 doba \u010dten\u00ed":"1 minuta"},"schema":{"@context":"https:\/\/schema.org","@graph":[{"@type":"WebPage","@id":"https:\/\/www.skolamichael.cz\/cs\/projekty\/i-op-jak-michael\/","url":"https:\/\/www.skolamichael.cz\/cs\/projekty\/i-op-jak-michael\/","name":"\u0160ablony I OP JAK MICHAEL | MICHAEL","isPartOf":{"@id":"https:\/\/www.skolamichael.cz\/cs\/#website"},"primaryImageOfPage":{"@id":"https:\/\/www.skolamichael.cz\/cs\/projekty\/i-op-jak-michael\/#primaryimage"},"image":{"@id":"https:\/\/www.skolamichael.cz\/cs\/projekty\/i-op-jak-michael\/#primaryimage"},"thumbnailUrl":"https:\/\/www.skolamichael.cz\/wp-content\/uploads\/2024\/10\/EUMSMT-Barevne-e1672644070134.png","datePublished":"2023-01-02T12:23:10+00:00","dateModified":"2024-10-21T14:11:54+00:00","breadcrumb":{"@id":"https:\/\/www.skolamichael.cz\/cs\/projekty\/i-op-jak-michael\/#breadcrumb"},"inLanguage":"cs","potentialAction":[{"@type":"ReadAction","target":["https:\/\/www.skolamichael.cz\/cs\/projekty\/i-op-jak-michael\/"]}]},{"@type":"ImageObject","inLanguage":"cs","@id":"https:\/\/www.skolamichael.cz\/cs\/projekty\/i-op-jak-michael\/#primaryimage","url":"https:\/\/www.skolamichael.cz\/wp-content\/uploads\/2024\/10\/EUMSMT-Barevne-e1672644070134.png","contentUrl":"https:\/\/www.skolamichael.cz\/wp-content\/uploads\/2024\/10\/EUMSMT-Barevne-e1672644070134.png"},{"@type":"BreadcrumbList","@id":"https:\/\/www.skolamichael.cz\/cs\/projekty\/i-op-jak-michael\/#breadcrumb","itemListElement":[{"@type":"ListItem","position":1,"name":"Dom\u016f","item":"https:\/\/www.skolamichael.cz\/cs\/"},{"@type":"ListItem","position":2,"name":"Projekty a st\u00e1\u017ee","item":"https:\/\/www.skolamichael.cz\/cs\/projekty\/"},{"@type":"ListItem","position":3,"name":"\u0160ablony I OP JAK MICHAEL"}]},{"@type":"WebSite","@id":"https:\/\/www.skolamichael.cz\/cs\/#website","url":"https:\/\/www.skolamichael.cz\/cs\/","name":"MICHAEL","description":"St\u0159edn\u00ed \u0161kola, Gymn\u00e1zium a Vy\u0161\u0161\u00ed odborn\u00e1 \u0161kola","publisher":{"@id":"https:\/\/www.skolamichael.cz\/cs\/#organization"},"alternateName":"St\u0159edn\u00ed \u0161kola, Gymn\u00e1zium a Vy\u0161\u0161\u00ed odborn\u00e1 \u0161kola","potentialAction":[{"@type":"SearchAction","target":{"@type":"EntryPoint","urlTemplate":"https:\/\/www.skolamichael.cz\/cs\/?s={search_term_string}"},"query-input":{"@type":"PropertyValueSpecification","valueRequired":true,"valueName":"search_term_string"}}],"inLanguage":"cs"},{"@type":"Organization","@id":"https:\/\/www.skolamichael.cz\/cs\/#organization","name":"Michael \u2013 St\u0159edn\u00ed \u0161kola, Gymn\u00e1zium a Vy\u0161\u0161\u00ed odborn\u00e1 \u0161kola, s.r.o.","url":"https:\/\/www.skolamichael.cz\/cs\/","logo":{"@type":"ImageObject","inLanguage":"cs","@id":"https:\/\/www.skolamichael.cz\/cs\/#\/schema\/logo\/image\/","url":"https:\/\/www.skolamichael.cz\/wp-content\/uploads\/2019\/03\/logo_michael_final_ctverec1-1.jpg","contentUrl":"https:\/\/www.skolamichael.cz\/wp-content\/uploads\/2019\/03\/logo_michael_final_ctverec1-1.jpg","width":400,"height":400,"caption":"Michael \u2013 St\u0159edn\u00ed \u0161kola, Gymn\u00e1zium a Vy\u0161\u0161\u00ed odborn\u00e1 \u0161kola, s.r.o."},"image":{"@id":"https:\/\/www.skolamichael.cz\/cs\/#\/schema\/logo\/image\/"},"sameAs":["http:\/\/www.facebook.com\/skolamichael","https:\/\/www.instagram.com\/skola_michael\/"]}]}},"_links":{"self":[{"href":"https:\/\/www.skolamichael.cz\/cs\/wp-json\/wp\/v2\/pages\/10660","targetHints":{"allow":["GET"]}}],"collection":[{"href":"https:\/\/www.skolamichael.cz\/cs\/wp-json\/wp\/v2\/pages"}],"about":[{"href":"https:\/\/www.skolamichael.cz\/cs\/wp-json\/wp\/v2\/types\/page"}],"author":[{"embeddable":true,"href":"https:\/\/www.skolamichael.cz\/cs\/wp-json\/wp\/v2\/users\/14"}],"replies":[{"embeddable":true,"href":"https:\/\/www.skolamichael.cz\/cs\/wp-json\/wp\/v2\/comments?post=10660"}],"version-history":[{"count":4,"href":"https:\/\/www.skolamichael.cz\/cs\/wp-json\/wp\/v2\/pages\/10660\/revisions"}],"predecessor-version":[{"id":14377,"href":"https:\/\/www.skolamichael.cz\/cs\/wp-json\/wp\/v2\/pages\/10660\/revisions\/14377"}],"up":[{"embeddable":true,"href":"https:\/\/www.skolamichael.cz\/cs\/wp-json\/wp\/v2\/pages\/3828"}],"wp:attachment":[{"href":"https:\/\/www.skolamichael.cz\/cs\/wp-json\/wp\/v2\/media?parent=10660"}],"curies":[{"name":"wp","href":"https:\/\/api.w.org\/{rel}","templated":true}]}}