{"id":10712,"date":"2023-01-31T13:12:04","date_gmt":"2023-01-31T12:12:04","guid":{"rendered":"https:\/\/www.skolamichael.cz\/?page_id=10712"},"modified":"2025-01-30T18:35:10","modified_gmt":"2025-01-30T17:35:10","slug":"cesta-ke-vzdelani","status":"publish","type":"page","link":"https:\/\/www.skolamichael.cz\/cs\/projekty\/cesta-ke-vzdelani\/","title":{"rendered":"Cesta ke vzd\u011bl\u00e1n\u00ed"},"content":{"rendered":"<p><img loading=\"lazy\" decoding=\"async\" class=\"alignnone size-full wp-image-10738\" src=\"https:\/\/www.skolamichael.cz\/wp-content\/uploads\/2023\/01\/Cesta-ke-vzdelani.jpg\" alt=\"\" width=\"404\" height=\"116\" srcset=\"https:\/\/www.skolamichael.cz\/wp-content\/uploads\/2023\/01\/Cesta-ke-vzdelani.jpg 404w, https:\/\/www.skolamichael.cz\/wp-content\/uploads\/2023\/01\/Cesta-ke-vzdelani-300x86.jpg 300w\" sizes=\"auto, (max-width: 404px) 100vw, 404px\" \/><\/p>\n<p>Na\u0161e \u0161kola vyu\u017eila nab\u00eddku grantov\u00e9ho programu Nada\u010dn\u00edho fondu <strong><em>Cesta ke vzd\u011bl\u00e1n\u00ed<\/em>\u00a0<\/strong>a spolu s pedagogy a studenty p\u0159ipravila projekty v zahrani\u010d\u00ed pro jejich dal\u0161\u00ed odborn\u00e9 vzd\u011bl\u00e1v\u00e1n\u00ed a podporu anglick\u00e9ho a n\u011bmeck\u00e9ho jazyka.<\/p>\n<h3><strong>2024<\/strong><\/h3>\n<p><a href=\"https:\/\/www.skolamichael.cz\/cs\/projekty\/cesta-ke-vzdelani\/management-a-produkce-viden-mesto-mnoha-umeleckych-stylu\/\">Management a produkce:<b>\u00a0V\u00edde\u0148, m\u011bsto mnoha um\u011bleck\u00fdch styl\u016f<\/b><\/a><\/p>\n<h3><strong>2023<\/strong><\/h3>\n<p><a href=\"https:\/\/www.skolamichael.cz\/projekty\/cesta-ke-vzdelani\/vitra-design-museum-ikony-produktoveho-designu-v-ikonickych-stavbach-20-stoleti\/\">Design interi\u00e9ru: <strong>VITRA DESIGN Museum<\/strong> \u2013 Ikony produktov\u00e9ho designu v ikonick\u00fdch stavb\u00e1ch 20. stolet\u00ed<\/a><\/p>\n<p><a href=\"https:\/\/www.skolamichael.cz\/projekty\/cesta-ke-vzdelani\/filmovy-festival-v-benatkach-biennale-di-venezia\/\">Filmov\u00e1 tvorba: Studijn\u00ed pobyt \u017e\u00e1k\u016f v r\u00e1mci filmov\u00e9m festivalu v Ben\u00e1tk\u00e1ch \u2013<strong> Biennale di Venezia 2023<\/strong><\/a><\/p>\n<p><a href=\"https:\/\/www.skolamichael.cz\/projekty\/mnichov-mesto-historie-i-soucasnosti\/\">Management a produkce: <strong>Mnichov<\/strong> \u2013 m\u011bsto historie i sou\u010dasnosti<\/a><\/p>\n<h3>2022<\/h3>\n<p><a href=\"https:\/\/www.skolamichael.cz\/projekty\/cesta-ke-vzdelani\/swiss-made-cesta-za-svycarskym-designem-a-dadaismem\/\" target=\"_blank\" rel=\"noopener\">Grafick\u00fd design : <strong>SWISS MADE<\/strong> &#8211; cesta za \u0161v\u00fdcarsk\u00fdm designem a dadaismem<\/a><\/p>\n<p><a href=\"https:\/\/www.skolamichael.cz\/projekty\/cesta-ke-vzdelani\/studijni-pobyt-studentu-v-ramci-festivalu-filmu-v-lipsku\/\" target=\"_blank\" rel=\"noopener\">Filmov\u00e1 tvorba: <strong>DOK LEIPZIG<\/strong> &#8211; studijn\u00ed pobyt student\u016f v r\u00e1mci festivalu dokument\u00e1rn\u00edch a animovan\u00fdch filmu v N\u011bmecku<\/a><\/p>\n<p><a href=\"https:\/\/www.skolamichael.cz\/projekty\/cesta-ke-vzdelani\/cersaie-bologna-navsteva-mezinarodniho-veletrhu-v-italii\/\" target=\"_blank\" rel=\"noopener\">Design interi\u00e9ru: <strong>CERSAIE BOLOGNA<\/strong> \u2013 n\u00e1v\u0161t\u011bva mezin\u00e1rodn\u00edho veletrhu v It\u00e1llii<\/a><\/p>\n<p><a href=\"https:\/\/www.skolamichael.cz\/projekty\/cesta-ke-vzdelani\/studijni-pobyt-pedagogickych-pracovniku-na-veletrhu-paris-photo\/\" target=\"_blank\" rel=\"noopener\">Fotografie a nov\u00e1 m\u00e9dia: <strong>PARIS PHOTO<\/strong> &#8211; studijn\u00ed pobyt pedagogick\u00fdch pracovn\u00edk\u016f na veletrhu ve Francii<\/a><\/p>\n","protected":false},"excerpt":{"rendered":"<p>Na\u0161e \u0161kola vyu\u017eila nab\u00eddku grantov\u00e9ho programu Nada\u010dn\u00edho fondu Cesta ke vzd\u011bl\u00e1n\u00ed\u00a0a spolu s pedagogy a studenty p\u0159ipravila projekty v zahrani\u010d\u00ed pro jejich dal\u0161\u00ed odborn\u00e9 vzd\u011bl\u00e1v\u00e1n\u00ed a podporu anglick\u00e9ho a n\u011bmeck\u00e9ho jazyka. 2024 Management a produkce:\u00a0V\u00edde\u0148, m\u011bsto mnoha um\u011bleck\u00fdch styl\u016f 2023 Design interi\u00e9ru: VITRA DESIGN Museum \u2013 Ikony produktov\u00e9ho designu v ikonick\u00fdch stavb\u00e1ch 20. stolet\u00ed Filmov\u00e1 [&hellip;]<\/p>\n","protected":false},"author":14,"featured_media":0,"parent":3828,"menu_order":0,"comment_status":"closed","ping_status":"closed","template":"","meta":{"_acf_changed":false,"footnotes":""},"class_list":["post-10712","page","type-page","status-publish","hentry"],"acf":[],"yoast_head":"<!-- This site is optimized with the Yoast SEO plugin v27.4 - https:\/\/yoast.com\/product\/yoast-seo-wordpress\/ -->\n<title>Cesta ke vzd\u011bl\u00e1n\u00ed | MICHAEL<\/title>\n<meta name=\"robots\" content=\"index, follow, max-snippet:-1, max-image-preview:large, max-video-preview:-1\" \/>\n<link rel=\"canonical\" href=\"https:\/\/www.skolamichael.cz\/cs\/projekty\/cesta-ke-vzdelani\/\" \/>\n<meta property=\"og:locale\" content=\"cs_CZ\" \/>\n<meta property=\"og:type\" content=\"article\" \/>\n<meta property=\"og:title\" content=\"Cesta ke vzd\u011bl\u00e1n\u00ed | MICHAEL\" \/>\n<meta property=\"og:description\" content=\"Na\u0161e \u0161kola vyu\u017eila nab\u00eddku grantov\u00e9ho programu Nada\u010dn\u00edho fondu Cesta ke vzd\u011bl\u00e1n\u00ed\u00a0a spolu s pedagogy a studenty p\u0159ipravila projekty v zahrani\u010d\u00ed pro jejich dal\u0161\u00ed odborn\u00e9 vzd\u011bl\u00e1v\u00e1n\u00ed a podporu anglick\u00e9ho a n\u011bmeck\u00e9ho jazyka. 2024 Management a produkce:\u00a0V\u00edde\u0148, m\u011bsto mnoha um\u011bleck\u00fdch styl\u016f 2023 Design interi\u00e9ru: VITRA DESIGN Museum \u2013 Ikony produktov\u00e9ho designu v ikonick\u00fdch stavb\u00e1ch 20. stolet\u00ed Filmov\u00e1 [&hellip;]\" \/>\n<meta property=\"og:url\" content=\"https:\/\/www.skolamichael.cz\/cs\/projekty\/cesta-ke-vzdelani\/\" \/>\n<meta property=\"og:site_name\" content=\"MICHAEL\" \/>\n<meta property=\"article:publisher\" content=\"http:\/\/www.facebook.com\/skolamichael\" \/>\n<meta property=\"article:modified_time\" content=\"2025-01-30T17:35:10+00:00\" \/>\n<meta property=\"og:image\" content=\"https:\/\/www.skolamichael.cz\/wp-content\/uploads\/2023\/01\/Cesta-ke-vzdelani.jpg\" \/>\n\t<meta property=\"og:image:width\" content=\"404\" \/>\n\t<meta property=\"og:image:height\" content=\"116\" \/>\n\t<meta property=\"og:image:type\" content=\"image\/jpeg\" \/>\n<meta name=\"twitter:card\" content=\"summary_large_image\" \/>\n<meta name=\"twitter:label1\" content=\"Odhadovan\u00e1 doba \u010dten\u00ed\" \/>\n\t<meta name=\"twitter:data1\" content=\"1 minuta\" \/>\n<script type=\"application\/ld+json\" class=\"yoast-schema-graph\">{\"@context\":\"https:\\\/\\\/schema.org\",\"@graph\":[{\"@type\":\"WebPage\",\"@id\":\"https:\\\/\\\/www.skolamichael.cz\\\/cs\\\/projekty\\\/cesta-ke-vzdelani\\\/\",\"url\":\"https:\\\/\\\/www.skolamichael.cz\\\/cs\\\/projekty\\\/cesta-ke-vzdelani\\\/\",\"name\":\"Cesta ke vzd\u011bl\u00e1n\u00ed | MICHAEL\",\"isPartOf\":{\"@id\":\"https:\\\/\\\/www.skolamichael.cz\\\/cs\\\/#website\"},\"primaryImageOfPage\":{\"@id\":\"https:\\\/\\\/www.skolamichael.cz\\\/cs\\\/projekty\\\/cesta-ke-vzdelani\\\/#primaryimage\"},\"image\":{\"@id\":\"https:\\\/\\\/www.skolamichael.cz\\\/cs\\\/projekty\\\/cesta-ke-vzdelani\\\/#primaryimage\"},\"thumbnailUrl\":\"https:\\\/\\\/www.skolamichael.cz\\\/wp-content\\\/uploads\\\/2023\\\/01\\\/Cesta-ke-vzdelani.jpg\",\"datePublished\":\"2023-01-31T12:12:04+00:00\",\"dateModified\":\"2025-01-30T17:35:10+00:00\",\"breadcrumb\":{\"@id\":\"https:\\\/\\\/www.skolamichael.cz\\\/cs\\\/projekty\\\/cesta-ke-vzdelani\\\/#breadcrumb\"},\"inLanguage\":\"cs\",\"potentialAction\":[{\"@type\":\"ReadAction\",\"target\":[\"https:\\\/\\\/www.skolamichael.cz\\\/cs\\\/projekty\\\/cesta-ke-vzdelani\\\/\"]}]},{\"@type\":\"ImageObject\",\"inLanguage\":\"cs\",\"@id\":\"https:\\\/\\\/www.skolamichael.cz\\\/cs\\\/projekty\\\/cesta-ke-vzdelani\\\/#primaryimage\",\"url\":\"https:\\\/\\\/www.skolamichael.cz\\\/wp-content\\\/uploads\\\/2023\\\/01\\\/Cesta-ke-vzdelani.jpg\",\"contentUrl\":\"https:\\\/\\\/www.skolamichael.cz\\\/wp-content\\\/uploads\\\/2023\\\/01\\\/Cesta-ke-vzdelani.jpg\"},{\"@type\":\"BreadcrumbList\",\"@id\":\"https:\\\/\\\/www.skolamichael.cz\\\/cs\\\/projekty\\\/cesta-ke-vzdelani\\\/#breadcrumb\",\"itemListElement\":[{\"@type\":\"ListItem\",\"position\":1,\"name\":\"Dom\u016f\",\"item\":\"https:\\\/\\\/www.skolamichael.cz\\\/cs\\\/\"},{\"@type\":\"ListItem\",\"position\":2,\"name\":\"Projekty a st\u00e1\u017ee\",\"item\":\"https:\\\/\\\/www.skolamichael.cz\\\/cs\\\/projekty\\\/\"},{\"@type\":\"ListItem\",\"position\":3,\"name\":\"Cesta ke vzd\u011bl\u00e1n\u00ed\"}]},{\"@type\":\"WebSite\",\"@id\":\"https:\\\/\\\/www.skolamichael.cz\\\/cs\\\/#website\",\"url\":\"https:\\\/\\\/www.skolamichael.cz\\\/cs\\\/\",\"name\":\"MICHAEL\",\"description\":\"St\u0159edn\u00ed \u0161kola, Gymn\u00e1zium a Vy\u0161\u0161\u00ed odborn\u00e1 \u0161kola\",\"publisher\":{\"@id\":\"https:\\\/\\\/www.skolamichael.cz\\\/cs\\\/#organization\"},\"alternateName\":\"St\u0159edn\u00ed \u0161kola, Gymn\u00e1zium a Vy\u0161\u0161\u00ed odborn\u00e1 \u0161kola\",\"potentialAction\":[{\"@type\":\"SearchAction\",\"target\":{\"@type\":\"EntryPoint\",\"urlTemplate\":\"https:\\\/\\\/www.skolamichael.cz\\\/cs\\\/?s={search_term_string}\"},\"query-input\":{\"@type\":\"PropertyValueSpecification\",\"valueRequired\":true,\"valueName\":\"search_term_string\"}}],\"inLanguage\":\"cs\"},{\"@type\":\"Organization\",\"@id\":\"https:\\\/\\\/www.skolamichael.cz\\\/cs\\\/#organization\",\"name\":\"Michael \u2013 St\u0159edn\u00ed \u0161kola, Gymn\u00e1zium a Vy\u0161\u0161\u00ed odborn\u00e1 \u0161kola, s.r.o.\",\"url\":\"https:\\\/\\\/www.skolamichael.cz\\\/cs\\\/\",\"logo\":{\"@type\":\"ImageObject\",\"inLanguage\":\"cs\",\"@id\":\"https:\\\/\\\/www.skolamichael.cz\\\/cs\\\/#\\\/schema\\\/logo\\\/image\\\/\",\"url\":\"https:\\\/\\\/www.skolamichael.cz\\\/wp-content\\\/uploads\\\/2019\\\/03\\\/logo_michael_final_ctverec1-1.jpg\",\"contentUrl\":\"https:\\\/\\\/www.skolamichael.cz\\\/wp-content\\\/uploads\\\/2019\\\/03\\\/logo_michael_final_ctverec1-1.jpg\",\"width\":400,\"height\":400,\"caption\":\"Michael \u2013 St\u0159edn\u00ed \u0161kola, Gymn\u00e1zium a Vy\u0161\u0161\u00ed odborn\u00e1 \u0161kola, s.r.o.\"},\"image\":{\"@id\":\"https:\\\/\\\/www.skolamichael.cz\\\/cs\\\/#\\\/schema\\\/logo\\\/image\\\/\"},\"sameAs\":[\"http:\\\/\\\/www.facebook.com\\\/skolamichael\",\"https:\\\/\\\/www.instagram.com\\\/skola_michael\\\/\"]}]}<\/script>\n<!-- \/ Yoast SEO plugin. -->","yoast_head_json":{"title":"Cesta ke vzd\u011bl\u00e1n\u00ed | MICHAEL","robots":{"index":"index","follow":"follow","max-snippet":"max-snippet:-1","max-image-preview":"max-image-preview:large","max-video-preview":"max-video-preview:-1"},"canonical":"https:\/\/www.skolamichael.cz\/cs\/projekty\/cesta-ke-vzdelani\/","og_locale":"cs_CZ","og_type":"article","og_title":"Cesta ke vzd\u011bl\u00e1n\u00ed | MICHAEL","og_description":"Na\u0161e \u0161kola vyu\u017eila nab\u00eddku grantov\u00e9ho programu Nada\u010dn\u00edho fondu Cesta ke vzd\u011bl\u00e1n\u00ed\u00a0a spolu s pedagogy a studenty p\u0159ipravila projekty v zahrani\u010d\u00ed pro jejich dal\u0161\u00ed odborn\u00e9 vzd\u011bl\u00e1v\u00e1n\u00ed a podporu anglick\u00e9ho a n\u011bmeck\u00e9ho jazyka. 2024 Management a produkce:\u00a0V\u00edde\u0148, m\u011bsto mnoha um\u011bleck\u00fdch styl\u016f 2023 Design interi\u00e9ru: VITRA DESIGN Museum \u2013 Ikony produktov\u00e9ho designu v ikonick\u00fdch stavb\u00e1ch 20. stolet\u00ed Filmov\u00e1 [&hellip;]","og_url":"https:\/\/www.skolamichael.cz\/cs\/projekty\/cesta-ke-vzdelani\/","og_site_name":"MICHAEL","article_publisher":"http:\/\/www.facebook.com\/skolamichael","article_modified_time":"2025-01-30T17:35:10+00:00","og_image":[{"width":404,"height":116,"url":"https:\/\/www.skolamichael.cz\/wp-content\/uploads\/2023\/01\/Cesta-ke-vzdelani.jpg","type":"image\/jpeg"}],"twitter_card":"summary_large_image","twitter_misc":{"Odhadovan\u00e1 doba \u010dten\u00ed":"1 minuta"},"schema":{"@context":"https:\/\/schema.org","@graph":[{"@type":"WebPage","@id":"https:\/\/www.skolamichael.cz\/cs\/projekty\/cesta-ke-vzdelani\/","url":"https:\/\/www.skolamichael.cz\/cs\/projekty\/cesta-ke-vzdelani\/","name":"Cesta ke vzd\u011bl\u00e1n\u00ed | MICHAEL","isPartOf":{"@id":"https:\/\/www.skolamichael.cz\/cs\/#website"},"primaryImageOfPage":{"@id":"https:\/\/www.skolamichael.cz\/cs\/projekty\/cesta-ke-vzdelani\/#primaryimage"},"image":{"@id":"https:\/\/www.skolamichael.cz\/cs\/projekty\/cesta-ke-vzdelani\/#primaryimage"},"thumbnailUrl":"https:\/\/www.skolamichael.cz\/wp-content\/uploads\/2023\/01\/Cesta-ke-vzdelani.jpg","datePublished":"2023-01-31T12:12:04+00:00","dateModified":"2025-01-30T17:35:10+00:00","breadcrumb":{"@id":"https:\/\/www.skolamichael.cz\/cs\/projekty\/cesta-ke-vzdelani\/#breadcrumb"},"inLanguage":"cs","potentialAction":[{"@type":"ReadAction","target":["https:\/\/www.skolamichael.cz\/cs\/projekty\/cesta-ke-vzdelani\/"]}]},{"@type":"ImageObject","inLanguage":"cs","@id":"https:\/\/www.skolamichael.cz\/cs\/projekty\/cesta-ke-vzdelani\/#primaryimage","url":"https:\/\/www.skolamichael.cz\/wp-content\/uploads\/2023\/01\/Cesta-ke-vzdelani.jpg","contentUrl":"https:\/\/www.skolamichael.cz\/wp-content\/uploads\/2023\/01\/Cesta-ke-vzdelani.jpg"},{"@type":"BreadcrumbList","@id":"https:\/\/www.skolamichael.cz\/cs\/projekty\/cesta-ke-vzdelani\/#breadcrumb","itemListElement":[{"@type":"ListItem","position":1,"name":"Dom\u016f","item":"https:\/\/www.skolamichael.cz\/cs\/"},{"@type":"ListItem","position":2,"name":"Projekty a st\u00e1\u017ee","item":"https:\/\/www.skolamichael.cz\/cs\/projekty\/"},{"@type":"ListItem","position":3,"name":"Cesta ke vzd\u011bl\u00e1n\u00ed"}]},{"@type":"WebSite","@id":"https:\/\/www.skolamichael.cz\/cs\/#website","url":"https:\/\/www.skolamichael.cz\/cs\/","name":"MICHAEL","description":"St\u0159edn\u00ed \u0161kola, Gymn\u00e1zium a Vy\u0161\u0161\u00ed odborn\u00e1 \u0161kola","publisher":{"@id":"https:\/\/www.skolamichael.cz\/cs\/#organization"},"alternateName":"St\u0159edn\u00ed \u0161kola, Gymn\u00e1zium a Vy\u0161\u0161\u00ed odborn\u00e1 \u0161kola","potentialAction":[{"@type":"SearchAction","target":{"@type":"EntryPoint","urlTemplate":"https:\/\/www.skolamichael.cz\/cs\/?s={search_term_string}"},"query-input":{"@type":"PropertyValueSpecification","valueRequired":true,"valueName":"search_term_string"}}],"inLanguage":"cs"},{"@type":"Organization","@id":"https:\/\/www.skolamichael.cz\/cs\/#organization","name":"Michael \u2013 St\u0159edn\u00ed \u0161kola, Gymn\u00e1zium a Vy\u0161\u0161\u00ed odborn\u00e1 \u0161kola, s.r.o.","url":"https:\/\/www.skolamichael.cz\/cs\/","logo":{"@type":"ImageObject","inLanguage":"cs","@id":"https:\/\/www.skolamichael.cz\/cs\/#\/schema\/logo\/image\/","url":"https:\/\/www.skolamichael.cz\/wp-content\/uploads\/2019\/03\/logo_michael_final_ctverec1-1.jpg","contentUrl":"https:\/\/www.skolamichael.cz\/wp-content\/uploads\/2019\/03\/logo_michael_final_ctverec1-1.jpg","width":400,"height":400,"caption":"Michael \u2013 St\u0159edn\u00ed \u0161kola, Gymn\u00e1zium a Vy\u0161\u0161\u00ed odborn\u00e1 \u0161kola, s.r.o."},"image":{"@id":"https:\/\/www.skolamichael.cz\/cs\/#\/schema\/logo\/image\/"},"sameAs":["http:\/\/www.facebook.com\/skolamichael","https:\/\/www.instagram.com\/skola_michael\/"]}]}},"_links":{"self":[{"href":"https:\/\/www.skolamichael.cz\/cs\/wp-json\/wp\/v2\/pages\/10712","targetHints":{"allow":["GET"]}}],"collection":[{"href":"https:\/\/www.skolamichael.cz\/cs\/wp-json\/wp\/v2\/pages"}],"about":[{"href":"https:\/\/www.skolamichael.cz\/cs\/wp-json\/wp\/v2\/types\/page"}],"author":[{"embeddable":true,"href":"https:\/\/www.skolamichael.cz\/cs\/wp-json\/wp\/v2\/users\/14"}],"replies":[{"embeddable":true,"href":"https:\/\/www.skolamichael.cz\/cs\/wp-json\/wp\/v2\/comments?post=10712"}],"version-history":[{"count":10,"href":"https:\/\/www.skolamichael.cz\/cs\/wp-json\/wp\/v2\/pages\/10712\/revisions"}],"predecessor-version":[{"id":16957,"href":"https:\/\/www.skolamichael.cz\/cs\/wp-json\/wp\/v2\/pages\/10712\/revisions\/16957"}],"up":[{"embeddable":true,"href":"https:\/\/www.skolamichael.cz\/cs\/wp-json\/wp\/v2\/pages\/3828"}],"wp:attachment":[{"href":"https:\/\/www.skolamichael.cz\/cs\/wp-json\/wp\/v2\/media?parent=10712"}],"curies":[{"name":"wp","href":"https:\/\/api.w.org\/{rel}","templated":true}]}}