{"id":10714,"date":"2023-01-31T13:14:22","date_gmt":"2023-01-31T12:14:22","guid":{"rendered":"https:\/\/www.skolamichael.cz\/?page_id=10714"},"modified":"2023-01-31T13:14:22","modified_gmt":"2023-01-31T12:14:22","slug":"cersaie-bologna-navsteva-mezinarodniho-veletrhu-v-italii","status":"publish","type":"page","link":"https:\/\/www.skolamichael.cz\/cs\/projekty\/cesta-ke-vzdelani\/cersaie-bologna-navsteva-mezinarodniho-veletrhu-v-italii\/","title":{"rendered":"Cersaie Bologna \u2013 n\u00e1v\u0161t\u011bva mezin\u00e1rodn\u00edho veletrhu v It\u00e1lii"},"content":{"rendered":"<p><strong>Nada\u010dn\u00ed fond: Cesta ke vzd\u011bl\u00e1n\u00ed 2022<\/strong><\/p>\n<p><strong>N\u00e1zev projektu: <\/strong>Cersaie Bologna \u2013 n\u00e1v\u0161t\u011bva mezin\u00e1rodn\u00edho veletrhu v It\u00e1lii<\/p>\n<p><strong>Stru\u010dn\u00fd popis projektu:\u00a0<\/strong>N\u00e1v\u0161t\u011bva 13 student\u016f a 2 pedagog\u016f oboru Design interi\u00e9ru na mezin\u00e1rodn\u00edm veletrhu Cersaie v\u00a0Bologni, kter\u00fd prezentuje novinky v\u00a0trendech t\u00fdkaj\u00edc\u00edch se koupelnov\u00e9ho vybaven\u00ed a n\u00e1bytku. Bologna CERSAI 27. \u2013 30. z\u00e1\u0159\u00ed 2022.<\/p>\n<p><strong>Seznam student\u016f:<\/strong> My Dung Tylov\u00e1, Denis Ferenc, Alena Kleibelov\u00e1, Nat\u00e1lie Jirmanov\u00e1, Tom\u00e1\u0161 K\u0159ivohlav\u00fd, Johana Behensk\u00e1, Anastasia Adabashyan, Jesika \u0160underjukov\u00e1, Ema Warrens, Karol\u00edna V\u00e1chov\u00e1, Dorina Gjugjaj, Anna Hrmov\u00e1, Charlota Pr\u00e1\u0161kov\u00e1<\/p>\n<p><strong>Pedagogov\u00e9<\/strong>: Andrea Vok\u0159\u00e1lov\u00e1, Michaela O\u0161\u0165\u00e1dalov\u00e1<\/p>\n<p><strong>Vyhodnocen\u00ed projektu:<\/strong><\/p>\n<p>Bologna CERSAI<\/p>\n<p>Ka\u017ed\u00fd rok se v italsk\u00e9 Boloni kon\u00e1 veletrh koupelen CERSAI. N\u00e1m se letos poda\u0159ilo ho d\u00edky grantu nav\u0161t\u00edvit se studenty VO\u0160 a S\u0160 oboru Interi\u00e9rov\u00fd design. Veletrh byl zam\u011b\u0159en p\u0159edev\u0161\u00edm na povrchy a aktu\u00e1ln\u00ed trendy. T\u00edm, \u017ee It\u00e1lie je naprost\u00fd l\u00eddr v t\u00e9to oblasti, m\u011bli studenti mo\u017enost vid\u011bt trendy, kter\u00e9 se do \u010cR dostanou a\u017e za dva a\u017e t\u0159i roky. Tedy s nejv\u011bt\u0161\u00ed pravd\u011bpodobnost\u00ed jsou to trendy, kter\u00e9 po nich jejich klienti budou cht\u00edt v re\u00e1ln\u00e9 pr\u00e1ci. Velk\u00fdm p\u0159\u00ednosem zde bylo i zastoupen\u00ed firem, kter\u00e9 vyr\u00e1b\u011bj\u00ed technick\u00e1 \u0159e\u0161en\u00ed koupelen a kuchyn\u00ed. Jejich instalace tak napomohly v\u00fduce technick\u00fdch podklad\u016f interi\u00e9ru. Pro studenty Designu interi\u00e9ru je skv\u011bl\u00e9 vid\u011bt i vysokou \u00farove\u0148 italsk\u00e9 prezentace v podob\u011b r\u016fznorod\u00fdch st\u00e1nk\u016f.\u00a0 Studenti tr\u00e1vili b\u011bhem pobytu cel\u00e9 dny na veletrhu, aby na\u010derpali co nejv\u00edce inspirac\u00ed a novinek. Pro m\u011bsto Bologna, ve kter\u00e9m se veletrh kon\u00e1, je veletrh CERSAI nejv\u011bt\u0161\u00ed akc\u00ed roku. Je to star\u00e9 mal\u00e9 malebn\u00e9 m\u011bste\u010dko, kde si studenti je\u0161t\u011b ve\u010der po veletrhu u\u017eili pam\u00e1tky bolognsk\u00e9 architektury.<\/p>\n<p><strong>\u00a0<\/strong><strong>Z\u00e1v\u011br: <\/strong><\/p>\n<p>Vzhledem k\u00a0v\u00fdborn\u00fdm studijn\u00edm v\u00fdsledk\u016fm jsme nakonec na veletrh vyslali o jednoho studenta v\u00edce, ne\u017e byl n\u00e1\u0161 p\u016fvodn\u00ed z\u00e1m\u011br. Z\u00a0nada\u010dn\u00edho fondu byla student\u016fm a pedagog\u016fm hrazena leteck\u00e1 doprava tam a zp\u011bt, \u010d\u00e1ste\u010dn\u011b ubytov\u00e1n\u00ed a zbytek n\u00e1klad\u016f na cestu a ubytov\u00e1n\u00ed si hradili studenti a pedagogov\u00e9 z\u00a0vlastn\u00edch zdroj\u016f. Studenti byli z\u00a0n\u00e1v\u0161t\u011bvy veletrh\u016f velmi nad\u0161en\u00ed, p\u0159ijeli se spoustou nov\u00fdch inspirac\u00ed, dozv\u011bd\u011bli se o nov\u00fdch designov\u00fdch trendech a obohatili sv\u00e9 znalosti o povr\u0161\u00edch, vybaven\u00ed koupelen a povrchov\u00fdch \u00faprav\u00e1ch pro architektonick\u00fd design v\u00a0prost\u0159ed\u00ed pln\u00e9m podn\u011bt\u016f. Tato cesta do Bologni a n\u00e1v\u0161t\u011bva veletrhu byla pro studenty a pedagogy neocenitelnou zku\u0161enost\u00ed a velmi r\u00e1di by se i v\u00a0dal\u0161\u00edm roce op\u011bt vypravili za inspiracemi na dal\u0161\u00ed v\u00fdznamn\u00e9 designov\u00e9 veletrhy.<\/p>\n<p><strong>Fotografie:<\/strong><\/p>\n<p><img loading=\"lazy\" decoding=\"async\" class=\"alignnone size-full wp-image-10719\" src=\"https:\/\/www.skolamichael.cz\/wp-content\/uploads\/2023\/01\/1d29a0d2-8606-4cb1-93c9-cd7cece9ec74.jpg\" alt=\"\" width=\"1024\" height=\"768\" srcset=\"https:\/\/www.skolamichael.cz\/wp-content\/uploads\/2023\/01\/1d29a0d2-8606-4cb1-93c9-cd7cece9ec74.jpg 1024w, https:\/\/www.skolamichael.cz\/wp-content\/uploads\/2023\/01\/1d29a0d2-8606-4cb1-93c9-cd7cece9ec74-300x225.jpg 300w, https:\/\/www.skolamichael.cz\/wp-content\/uploads\/2023\/01\/1d29a0d2-8606-4cb1-93c9-cd7cece9ec74-768x576.jpg 768w\" sizes=\"auto, (max-width: 1024px) 100vw, 1024px\" \/><img loading=\"lazy\" decoding=\"async\" class=\"alignnone size-full wp-image-10715\" src=\"https:\/\/www.skolamichael.cz\/wp-content\/uploads\/2023\/01\/e58b93ca-8b43-443e-b74a-986bc90bc073.jpg\" alt=\"\" width=\"576\" height=\"1024\" srcset=\"https:\/\/www.skolamichael.cz\/wp-content\/uploads\/2023\/01\/e58b93ca-8b43-443e-b74a-986bc90bc073.jpg 576w, https:\/\/www.skolamichael.cz\/wp-content\/uploads\/2023\/01\/e58b93ca-8b43-443e-b74a-986bc90bc073-169x300.jpg 169w\" sizes=\"auto, (max-width: 576px) 100vw, 576px\" \/> \u00a0 <img loading=\"lazy\" decoding=\"async\" class=\"alignnone size-full wp-image-10717\" src=\"https:\/\/www.skolamichael.cz\/wp-content\/uploads\/2023\/01\/thumbnail_d725a230-a768-421c-bfa5-3f8901d1a5c3.jpg\" alt=\"\" width=\"768\" height=\"1024\" srcset=\"https:\/\/www.skolamichael.cz\/wp-content\/uploads\/2023\/01\/thumbnail_d725a230-a768-421c-bfa5-3f8901d1a5c3.jpg 768w, https:\/\/www.skolamichael.cz\/wp-content\/uploads\/2023\/01\/thumbnail_d725a230-a768-421c-bfa5-3f8901d1a5c3-225x300.jpg 225w\" sizes=\"auto, (max-width: 768px) 100vw, 768px\" \/><\/p>\n<p><strong>\u00a0<\/strong><\/p>\n<p><strong>\u00a0<\/strong><\/p>\n","protected":false},"excerpt":{"rendered":"<p>Nada\u010dn\u00ed fond: Cesta ke vzd\u011bl\u00e1n\u00ed 2022 N\u00e1zev projektu: Cersaie Bologna \u2013 n\u00e1v\u0161t\u011bva mezin\u00e1rodn\u00edho veletrhu v It\u00e1lii Stru\u010dn\u00fd popis projektu:\u00a0N\u00e1v\u0161t\u011bva 13 student\u016f a 2 pedagog\u016f oboru Design interi\u00e9ru na mezin\u00e1rodn\u00edm veletrhu Cersaie v\u00a0Bologni, kter\u00fd prezentuje novinky v\u00a0trendech t\u00fdkaj\u00edc\u00edch se koupelnov\u00e9ho vybaven\u00ed a n\u00e1bytku. Bologna CERSAI 27. \u2013 30. z\u00e1\u0159\u00ed 2022. Seznam student\u016f: My Dung Tylov\u00e1, Denis [&hellip;]<\/p>\n","protected":false},"author":14,"featured_media":0,"parent":10712,"menu_order":0,"comment_status":"closed","ping_status":"closed","template":"","meta":{"_acf_changed":false,"footnotes":""},"class_list":["post-10714","page","type-page","status-publish","hentry"],"acf":[],"yoast_head":"<!-- This site is optimized with the Yoast SEO plugin v27.4 - https:\/\/yoast.com\/product\/yoast-seo-wordpress\/ -->\n<title>Cersaie Bologna \u2013 n\u00e1v\u0161t\u011bva mezin\u00e1rodn\u00edho veletrhu v It\u00e1lii | MICHAEL<\/title>\n<meta name=\"robots\" content=\"index, follow, max-snippet:-1, max-image-preview:large, max-video-preview:-1\" \/>\n<link rel=\"canonical\" href=\"https:\/\/www.skolamichael.cz\/cs\/projekty\/cesta-ke-vzdelani\/cersaie-bologna-navsteva-mezinarodniho-veletrhu-v-italii\/\" \/>\n<meta property=\"og:locale\" content=\"cs_CZ\" \/>\n<meta property=\"og:type\" content=\"article\" \/>\n<meta property=\"og:title\" content=\"Cersaie Bologna \u2013 n\u00e1v\u0161t\u011bva mezin\u00e1rodn\u00edho veletrhu v It\u00e1lii | MICHAEL\" \/>\n<meta property=\"og:description\" content=\"Nada\u010dn\u00ed fond: Cesta ke vzd\u011bl\u00e1n\u00ed 2022 N\u00e1zev projektu: Cersaie Bologna \u2013 n\u00e1v\u0161t\u011bva mezin\u00e1rodn\u00edho veletrhu v It\u00e1lii Stru\u010dn\u00fd popis projektu:\u00a0N\u00e1v\u0161t\u011bva 13 student\u016f a 2 pedagog\u016f oboru Design interi\u00e9ru na mezin\u00e1rodn\u00edm veletrhu Cersaie v\u00a0Bologni, kter\u00fd prezentuje novinky v\u00a0trendech t\u00fdkaj\u00edc\u00edch se koupelnov\u00e9ho vybaven\u00ed a n\u00e1bytku. Bologna CERSAI 27. \u2013 30. z\u00e1\u0159\u00ed 2022. Seznam student\u016f: My Dung Tylov\u00e1, Denis [&hellip;]\" \/>\n<meta property=\"og:url\" content=\"https:\/\/www.skolamichael.cz\/cs\/projekty\/cesta-ke-vzdelani\/cersaie-bologna-navsteva-mezinarodniho-veletrhu-v-italii\/\" \/>\n<meta property=\"og:site_name\" content=\"MICHAEL\" \/>\n<meta property=\"article:publisher\" content=\"http:\/\/www.facebook.com\/skolamichael\" \/>\n<meta property=\"og:image\" content=\"https:\/\/www.skolamichael.cz\/wp-content\/uploads\/2023\/01\/1d29a0d2-8606-4cb1-93c9-cd7cece9ec74.jpg\" \/>\n\t<meta property=\"og:image:width\" content=\"1024\" \/>\n\t<meta property=\"og:image:height\" content=\"768\" \/>\n\t<meta property=\"og:image:type\" content=\"image\/jpeg\" \/>\n<meta name=\"twitter:card\" content=\"summary_large_image\" \/>\n<meta name=\"twitter:label1\" content=\"Odhadovan\u00e1 doba \u010dten\u00ed\" \/>\n\t<meta name=\"twitter:data1\" content=\"2 minuty\" \/>\n<script type=\"application\/ld+json\" class=\"yoast-schema-graph\">{\"@context\":\"https:\\\/\\\/schema.org\",\"@graph\":[{\"@type\":\"WebPage\",\"@id\":\"https:\\\/\\\/www.skolamichael.cz\\\/cs\\\/projekty\\\/cesta-ke-vzdelani\\\/cersaie-bologna-navsteva-mezinarodniho-veletrhu-v-italii\\\/\",\"url\":\"https:\\\/\\\/www.skolamichael.cz\\\/cs\\\/projekty\\\/cesta-ke-vzdelani\\\/cersaie-bologna-navsteva-mezinarodniho-veletrhu-v-italii\\\/\",\"name\":\"Cersaie Bologna \u2013 n\u00e1v\u0161t\u011bva mezin\u00e1rodn\u00edho veletrhu v It\u00e1lii | MICHAEL\",\"isPartOf\":{\"@id\":\"https:\\\/\\\/www.skolamichael.cz\\\/cs\\\/#website\"},\"primaryImageOfPage\":{\"@id\":\"https:\\\/\\\/www.skolamichael.cz\\\/cs\\\/projekty\\\/cesta-ke-vzdelani\\\/cersaie-bologna-navsteva-mezinarodniho-veletrhu-v-italii\\\/#primaryimage\"},\"image\":{\"@id\":\"https:\\\/\\\/www.skolamichael.cz\\\/cs\\\/projekty\\\/cesta-ke-vzdelani\\\/cersaie-bologna-navsteva-mezinarodniho-veletrhu-v-italii\\\/#primaryimage\"},\"thumbnailUrl\":\"https:\\\/\\\/www.skolamichael.cz\\\/wp-content\\\/uploads\\\/2023\\\/01\\\/1d29a0d2-8606-4cb1-93c9-cd7cece9ec74.jpg\",\"datePublished\":\"2023-01-31T12:14:22+00:00\",\"breadcrumb\":{\"@id\":\"https:\\\/\\\/www.skolamichael.cz\\\/cs\\\/projekty\\\/cesta-ke-vzdelani\\\/cersaie-bologna-navsteva-mezinarodniho-veletrhu-v-italii\\\/#breadcrumb\"},\"inLanguage\":\"cs\",\"potentialAction\":[{\"@type\":\"ReadAction\",\"target\":[\"https:\\\/\\\/www.skolamichael.cz\\\/cs\\\/projekty\\\/cesta-ke-vzdelani\\\/cersaie-bologna-navsteva-mezinarodniho-veletrhu-v-italii\\\/\"]}]},{\"@type\":\"ImageObject\",\"inLanguage\":\"cs\",\"@id\":\"https:\\\/\\\/www.skolamichael.cz\\\/cs\\\/projekty\\\/cesta-ke-vzdelani\\\/cersaie-bologna-navsteva-mezinarodniho-veletrhu-v-italii\\\/#primaryimage\",\"url\":\"https:\\\/\\\/www.skolamichael.cz\\\/wp-content\\\/uploads\\\/2023\\\/01\\\/1d29a0d2-8606-4cb1-93c9-cd7cece9ec74.jpg\",\"contentUrl\":\"https:\\\/\\\/www.skolamichael.cz\\\/wp-content\\\/uploads\\\/2023\\\/01\\\/1d29a0d2-8606-4cb1-93c9-cd7cece9ec74.jpg\"},{\"@type\":\"BreadcrumbList\",\"@id\":\"https:\\\/\\\/www.skolamichael.cz\\\/cs\\\/projekty\\\/cesta-ke-vzdelani\\\/cersaie-bologna-navsteva-mezinarodniho-veletrhu-v-italii\\\/#breadcrumb\",\"itemListElement\":[{\"@type\":\"ListItem\",\"position\":1,\"name\":\"Dom\u016f\",\"item\":\"https:\\\/\\\/www.skolamichael.cz\\\/cs\\\/\"},{\"@type\":\"ListItem\",\"position\":2,\"name\":\"Projekty a st\u00e1\u017ee\",\"item\":\"https:\\\/\\\/www.skolamichael.cz\\\/cs\\\/projekty\\\/\"},{\"@type\":\"ListItem\",\"position\":3,\"name\":\"Cesta ke vzd\u011bl\u00e1n\u00ed\",\"item\":\"https:\\\/\\\/www.skolamichael.cz\\\/cs\\\/projekty\\\/cesta-ke-vzdelani\\\/\"},{\"@type\":\"ListItem\",\"position\":4,\"name\":\"Cersaie Bologna \u2013 n\u00e1v\u0161t\u011bva mezin\u00e1rodn\u00edho veletrhu v It\u00e1lii\"}]},{\"@type\":\"WebSite\",\"@id\":\"https:\\\/\\\/www.skolamichael.cz\\\/cs\\\/#website\",\"url\":\"https:\\\/\\\/www.skolamichael.cz\\\/cs\\\/\",\"name\":\"MICHAEL\",\"description\":\"St\u0159edn\u00ed \u0161kola, Gymn\u00e1zium a Vy\u0161\u0161\u00ed odborn\u00e1 \u0161kola\",\"publisher\":{\"@id\":\"https:\\\/\\\/www.skolamichael.cz\\\/cs\\\/#organization\"},\"alternateName\":\"St\u0159edn\u00ed \u0161kola, Gymn\u00e1zium a Vy\u0161\u0161\u00ed odborn\u00e1 \u0161kola\",\"potentialAction\":[{\"@type\":\"SearchAction\",\"target\":{\"@type\":\"EntryPoint\",\"urlTemplate\":\"https:\\\/\\\/www.skolamichael.cz\\\/cs\\\/?s={search_term_string}\"},\"query-input\":{\"@type\":\"PropertyValueSpecification\",\"valueRequired\":true,\"valueName\":\"search_term_string\"}}],\"inLanguage\":\"cs\"},{\"@type\":\"Organization\",\"@id\":\"https:\\\/\\\/www.skolamichael.cz\\\/cs\\\/#organization\",\"name\":\"Michael \u2013 St\u0159edn\u00ed \u0161kola, Gymn\u00e1zium a Vy\u0161\u0161\u00ed odborn\u00e1 \u0161kola, s.r.o.\",\"url\":\"https:\\\/\\\/www.skolamichael.cz\\\/cs\\\/\",\"logo\":{\"@type\":\"ImageObject\",\"inLanguage\":\"cs\",\"@id\":\"https:\\\/\\\/www.skolamichael.cz\\\/cs\\\/#\\\/schema\\\/logo\\\/image\\\/\",\"url\":\"https:\\\/\\\/www.skolamichael.cz\\\/wp-content\\\/uploads\\\/2019\\\/03\\\/logo_michael_final_ctverec1-1.jpg\",\"contentUrl\":\"https:\\\/\\\/www.skolamichael.cz\\\/wp-content\\\/uploads\\\/2019\\\/03\\\/logo_michael_final_ctverec1-1.jpg\",\"width\":400,\"height\":400,\"caption\":\"Michael \u2013 St\u0159edn\u00ed \u0161kola, Gymn\u00e1zium a Vy\u0161\u0161\u00ed odborn\u00e1 \u0161kola, s.r.o.\"},\"image\":{\"@id\":\"https:\\\/\\\/www.skolamichael.cz\\\/cs\\\/#\\\/schema\\\/logo\\\/image\\\/\"},\"sameAs\":[\"http:\\\/\\\/www.facebook.com\\\/skolamichael\",\"https:\\\/\\\/www.instagram.com\\\/skola_michael\\\/\"]}]}<\/script>\n<!-- \/ Yoast SEO plugin. -->","yoast_head_json":{"title":"Cersaie Bologna \u2013 n\u00e1v\u0161t\u011bva mezin\u00e1rodn\u00edho veletrhu v It\u00e1lii | MICHAEL","robots":{"index":"index","follow":"follow","max-snippet":"max-snippet:-1","max-image-preview":"max-image-preview:large","max-video-preview":"max-video-preview:-1"},"canonical":"https:\/\/www.skolamichael.cz\/cs\/projekty\/cesta-ke-vzdelani\/cersaie-bologna-navsteva-mezinarodniho-veletrhu-v-italii\/","og_locale":"cs_CZ","og_type":"article","og_title":"Cersaie Bologna \u2013 n\u00e1v\u0161t\u011bva mezin\u00e1rodn\u00edho veletrhu v It\u00e1lii | MICHAEL","og_description":"Nada\u010dn\u00ed fond: Cesta ke vzd\u011bl\u00e1n\u00ed 2022 N\u00e1zev projektu: Cersaie Bologna \u2013 n\u00e1v\u0161t\u011bva mezin\u00e1rodn\u00edho veletrhu v It\u00e1lii Stru\u010dn\u00fd popis projektu:\u00a0N\u00e1v\u0161t\u011bva 13 student\u016f a 2 pedagog\u016f oboru Design interi\u00e9ru na mezin\u00e1rodn\u00edm veletrhu Cersaie v\u00a0Bologni, kter\u00fd prezentuje novinky v\u00a0trendech t\u00fdkaj\u00edc\u00edch se koupelnov\u00e9ho vybaven\u00ed a n\u00e1bytku. Bologna CERSAI 27. \u2013 30. z\u00e1\u0159\u00ed 2022. Seznam student\u016f: My Dung Tylov\u00e1, Denis [&hellip;]","og_url":"https:\/\/www.skolamichael.cz\/cs\/projekty\/cesta-ke-vzdelani\/cersaie-bologna-navsteva-mezinarodniho-veletrhu-v-italii\/","og_site_name":"MICHAEL","article_publisher":"http:\/\/www.facebook.com\/skolamichael","og_image":[{"width":1024,"height":768,"url":"https:\/\/www.skolamichael.cz\/wp-content\/uploads\/2023\/01\/1d29a0d2-8606-4cb1-93c9-cd7cece9ec74.jpg","type":"image\/jpeg"}],"twitter_card":"summary_large_image","twitter_misc":{"Odhadovan\u00e1 doba \u010dten\u00ed":"2 minuty"},"schema":{"@context":"https:\/\/schema.org","@graph":[{"@type":"WebPage","@id":"https:\/\/www.skolamichael.cz\/cs\/projekty\/cesta-ke-vzdelani\/cersaie-bologna-navsteva-mezinarodniho-veletrhu-v-italii\/","url":"https:\/\/www.skolamichael.cz\/cs\/projekty\/cesta-ke-vzdelani\/cersaie-bologna-navsteva-mezinarodniho-veletrhu-v-italii\/","name":"Cersaie Bologna \u2013 n\u00e1v\u0161t\u011bva mezin\u00e1rodn\u00edho veletrhu v It\u00e1lii | MICHAEL","isPartOf":{"@id":"https:\/\/www.skolamichael.cz\/cs\/#website"},"primaryImageOfPage":{"@id":"https:\/\/www.skolamichael.cz\/cs\/projekty\/cesta-ke-vzdelani\/cersaie-bologna-navsteva-mezinarodniho-veletrhu-v-italii\/#primaryimage"},"image":{"@id":"https:\/\/www.skolamichael.cz\/cs\/projekty\/cesta-ke-vzdelani\/cersaie-bologna-navsteva-mezinarodniho-veletrhu-v-italii\/#primaryimage"},"thumbnailUrl":"https:\/\/www.skolamichael.cz\/wp-content\/uploads\/2023\/01\/1d29a0d2-8606-4cb1-93c9-cd7cece9ec74.jpg","datePublished":"2023-01-31T12:14:22+00:00","breadcrumb":{"@id":"https:\/\/www.skolamichael.cz\/cs\/projekty\/cesta-ke-vzdelani\/cersaie-bologna-navsteva-mezinarodniho-veletrhu-v-italii\/#breadcrumb"},"inLanguage":"cs","potentialAction":[{"@type":"ReadAction","target":["https:\/\/www.skolamichael.cz\/cs\/projekty\/cesta-ke-vzdelani\/cersaie-bologna-navsteva-mezinarodniho-veletrhu-v-italii\/"]}]},{"@type":"ImageObject","inLanguage":"cs","@id":"https:\/\/www.skolamichael.cz\/cs\/projekty\/cesta-ke-vzdelani\/cersaie-bologna-navsteva-mezinarodniho-veletrhu-v-italii\/#primaryimage","url":"https:\/\/www.skolamichael.cz\/wp-content\/uploads\/2023\/01\/1d29a0d2-8606-4cb1-93c9-cd7cece9ec74.jpg","contentUrl":"https:\/\/www.skolamichael.cz\/wp-content\/uploads\/2023\/01\/1d29a0d2-8606-4cb1-93c9-cd7cece9ec74.jpg"},{"@type":"BreadcrumbList","@id":"https:\/\/www.skolamichael.cz\/cs\/projekty\/cesta-ke-vzdelani\/cersaie-bologna-navsteva-mezinarodniho-veletrhu-v-italii\/#breadcrumb","itemListElement":[{"@type":"ListItem","position":1,"name":"Dom\u016f","item":"https:\/\/www.skolamichael.cz\/cs\/"},{"@type":"ListItem","position":2,"name":"Projekty a st\u00e1\u017ee","item":"https:\/\/www.skolamichael.cz\/cs\/projekty\/"},{"@type":"ListItem","position":3,"name":"Cesta ke vzd\u011bl\u00e1n\u00ed","item":"https:\/\/www.skolamichael.cz\/cs\/projekty\/cesta-ke-vzdelani\/"},{"@type":"ListItem","position":4,"name":"Cersaie Bologna \u2013 n\u00e1v\u0161t\u011bva mezin\u00e1rodn\u00edho veletrhu v It\u00e1lii"}]},{"@type":"WebSite","@id":"https:\/\/www.skolamichael.cz\/cs\/#website","url":"https:\/\/www.skolamichael.cz\/cs\/","name":"MICHAEL","description":"St\u0159edn\u00ed \u0161kola, Gymn\u00e1zium a Vy\u0161\u0161\u00ed odborn\u00e1 \u0161kola","publisher":{"@id":"https:\/\/www.skolamichael.cz\/cs\/#organization"},"alternateName":"St\u0159edn\u00ed \u0161kola, Gymn\u00e1zium a Vy\u0161\u0161\u00ed odborn\u00e1 \u0161kola","potentialAction":[{"@type":"SearchAction","target":{"@type":"EntryPoint","urlTemplate":"https:\/\/www.skolamichael.cz\/cs\/?s={search_term_string}"},"query-input":{"@type":"PropertyValueSpecification","valueRequired":true,"valueName":"search_term_string"}}],"inLanguage":"cs"},{"@type":"Organization","@id":"https:\/\/www.skolamichael.cz\/cs\/#organization","name":"Michael \u2013 St\u0159edn\u00ed \u0161kola, Gymn\u00e1zium a Vy\u0161\u0161\u00ed odborn\u00e1 \u0161kola, s.r.o.","url":"https:\/\/www.skolamichael.cz\/cs\/","logo":{"@type":"ImageObject","inLanguage":"cs","@id":"https:\/\/www.skolamichael.cz\/cs\/#\/schema\/logo\/image\/","url":"https:\/\/www.skolamichael.cz\/wp-content\/uploads\/2019\/03\/logo_michael_final_ctverec1-1.jpg","contentUrl":"https:\/\/www.skolamichael.cz\/wp-content\/uploads\/2019\/03\/logo_michael_final_ctverec1-1.jpg","width":400,"height":400,"caption":"Michael \u2013 St\u0159edn\u00ed \u0161kola, Gymn\u00e1zium a Vy\u0161\u0161\u00ed odborn\u00e1 \u0161kola, s.r.o."},"image":{"@id":"https:\/\/www.skolamichael.cz\/cs\/#\/schema\/logo\/image\/"},"sameAs":["http:\/\/www.facebook.com\/skolamichael","https:\/\/www.instagram.com\/skola_michael\/"]}]}},"_links":{"self":[{"href":"https:\/\/www.skolamichael.cz\/cs\/wp-json\/wp\/v2\/pages\/10714","targetHints":{"allow":["GET"]}}],"collection":[{"href":"https:\/\/www.skolamichael.cz\/cs\/wp-json\/wp\/v2\/pages"}],"about":[{"href":"https:\/\/www.skolamichael.cz\/cs\/wp-json\/wp\/v2\/types\/page"}],"author":[{"embeddable":true,"href":"https:\/\/www.skolamichael.cz\/cs\/wp-json\/wp\/v2\/users\/14"}],"replies":[{"embeddable":true,"href":"https:\/\/www.skolamichael.cz\/cs\/wp-json\/wp\/v2\/comments?post=10714"}],"version-history":[{"count":1,"href":"https:\/\/www.skolamichael.cz\/cs\/wp-json\/wp\/v2\/pages\/10714\/revisions"}],"predecessor-version":[{"id":10723,"href":"https:\/\/www.skolamichael.cz\/cs\/wp-json\/wp\/v2\/pages\/10714\/revisions\/10723"}],"up":[{"embeddable":true,"href":"https:\/\/www.skolamichael.cz\/cs\/wp-json\/wp\/v2\/pages\/10712"}],"wp:attachment":[{"href":"https:\/\/www.skolamichael.cz\/cs\/wp-json\/wp\/v2\/media?parent=10714"}],"curies":[{"name":"wp","href":"https:\/\/api.w.org\/{rel}","templated":true}]}}