{"id":10725,"date":"2023-01-31T13:15:39","date_gmt":"2023-01-31T12:15:39","guid":{"rendered":"https:\/\/www.skolamichael.cz\/?page_id=10725"},"modified":"2023-01-31T13:15:39","modified_gmt":"2023-01-31T12:15:39","slug":"studijni-pobyt-pedagogickych-pracovniku-na-veletrhu-paris-photo","status":"publish","type":"page","link":"https:\/\/www.skolamichael.cz\/cs\/projekty\/cesta-ke-vzdelani\/studijni-pobyt-pedagogickych-pracovniku-na-veletrhu-paris-photo\/","title":{"rendered":"Studijn\u00ed pobyt pedagogick\u00fdch pracovn\u00edk\u016f na veletrhu Paris Photo"},"content":{"rendered":"<p><strong>Nada\u010dn\u00ed fond: Cesta ke vzd\u011bl\u00e1n\u00ed<\/strong><\/p>\n<p><strong>N\u00e1zev projektu: <\/strong>Studijn\u00ed pobyt pedagogick\u00fdch pracovn\u00edk\u016f na veletrhu Paris Photo.<\/p>\n<p><strong>Stru\u010dn\u00fd popis projektu:\u00a0<\/strong>P\u011bt pedagog\u016f oboru Fotografie a nov\u00e1 m\u00e9dia absolvovalo studijn\u00ed pobyt na veletrhu fotografie Paris Photo. Sezn\u00e1mili se s\u00a0vystaven\u00fdmi d\u00edly v\u00fdzna\u010dn\u00fdch tv\u016frc\u016f a s\u00a0aktu\u00e1ln\u00edmi trendy v\u00a0oblasti fotografie a audiovize. Z\u00fa\u010dastnili se tak\u00e9 odborn\u00fdch p\u0159edn\u00e1\u0161ek. C\u00edlem bylo t\u00e9\u017e nav\u00e1z\u00e1n\u00ed mezin\u00e1rodn\u00ed spolupr\u00e1ce. V\u00a0term\u00ednu: 10. \u2013 12. 11. 2022.<\/p>\n<p><strong>Seznam pedagog\u016f:<\/strong> Jaroslav Fi\u0161er, Kate\u0159ina Sovov\u00e1, Anna Lara, Dorothea Bylica, Petr \u0160t\u011bp\u00e1n<\/p>\n<p><strong>Vyhodnocen\u00ed projektu:<\/strong><\/p>\n<p>Studijn\u00ed pobyt na veletrhu Paris Photo a jeho doprovodn\u00fdch akc\u00edch obohatil znalosti pedagog\u016f oboru Fotografie a nov\u00e1 m\u00e9dia d\u00edky v\u00fdjime\u010dn\u00e9 p\u0159\u00edle\u017eitosti setkat se s\u00a0d\u00edly mezin\u00e1rodn\u011b uzn\u00e1van\u00fdch tv\u016frc\u016f.\u00a0 P\u0159es dv\u011b st\u011b vystavovatel\u016f p\u0159edvedlo sv\u00e9 galerijn\u00ed v\u00fdb\u011bry ve v\u00fdjime\u010dn\u00fdch prostor\u00e1ch nov\u011b vystav\u011bn\u00e9ho Grand Palais Ephemere. Na p\u0159ehl\u00eddce byly prezentov\u00e1ny fotografie v cel\u00e9 \u0161\u00ed\u0159i sv\u00e9 historie \u2013 od sendvi\u010dov\u00fdch mont\u00e1\u017e\u00ed nejv\u00fdzna\u010dn\u011bj\u0161\u00edho krajin\u00e1\u0159e devaten\u00e1ct\u00e9ho stolet\u00ed Gustava Le Graye, p\u0159es vrcholn\u00e9ho p\u0159edstavitele modernismu a surrealismu Mana Raye, dokumentaristy z agentury Magnum (H.C. Bresson, Robert Capa aj.) a\u017e po sou\u010dasn\u00e9 mlad\u00e9 autory. P\u0159edn\u00ed sv\u011btov\u00ed galerist\u00e9, jako nap\u0159\u00edklad Howard Greenberg Gallery, Bild Halle Zurich, Francois Paviot Paris aj., p\u0159edstavili d\u00edla sv\u00fdch nejd\u016fle\u017eit\u011bj\u0161\u00edch autor\u016f. Pedagogov\u00e9 si roz\u0161\u00ed\u0159ili sv\u00e9 znalosti i b\u011bhem festivalov\u00fdch p\u0159edn\u00e1\u0161ek, nap\u0159\u00edklad p\u0159i prezentaci p\u0159edn\u00edho britsk\u00e9ho fotografa Martina Parra a dal\u0161\u00edch. D\u016fle\u017eitou a obohajuj\u00edc\u00ed sou\u010d\u00e1st\u00ed byla i \u00fa\u010dast na panelov\u00e9 diskusi o nejlep\u0161\u00edch leto\u0161n\u00edch fotografick\u00fdch publikac\u00edch Aperture Photobook Awards. Mimo avizovan\u00fd program byla pedagog\u016fm zorganizov\u00e1na n\u00e1v\u0161t\u011bva d\u016fle\u017eit\u00e9ho pa\u0159\u00ed\u017esk\u00e9ho vydavatelstv\u00ed Robert Delpire, kter\u00e9 ve sv\u00e9 dob\u011b pat\u0159ilo k pr\u016fkopn\u00edk\u016fm publikov\u00e1n\u00ed sn\u00edmk\u016f francouzsk\u00e9 humanistick\u00e9 fotografie \u010di osobn\u00ed setk\u00e1n\u00ed s nestorem \u010desk\u00e9 fotografie Josefem Koudelkou \u017eij\u00edc\u00edm v\u00a0Pa\u0159\u00ed\u017ei.<\/p>\n<p>Sou\u010d\u00e1st\u00ed byla i spole\u010dn\u00e1 n\u00e1v\u0161t\u011bva pedagog\u016f na doprovodn\u00fdch akc\u00ed veletrhu, p\u0159edev\u0161\u00edm na Photo Saint Germain a dal\u0161\u00edch samostatn\u00fdch, p\u0159idru\u017een\u00fdch i kolektivn\u00edch v\u00fdstav\u00e1ch, nap\u0159\u00edklad fotografa M\u00e1ria Giacomelliho.<\/p>\n<p>Mimo hlavn\u00ed c\u00edl studijn\u00edho pobytu \u2013 obohacen\u00ed odborn\u00fdch znalost\u00ed pedagog\u016f, prob\u011bhla i d\u016fle\u017eit\u00e1 prezentace na\u0161\u00ed \u0161koly mezin\u00e1rodn\u00edmu publiku na konferenci po\u0159\u00e1danou \u010cesk\u00fdm centrem v\u00a0Pa\u0159\u00ed\u017ei, kter\u00e1 se konala jako doprovodn\u00e1 akce veletrhu a n\u00e1v\u0161t\u011bva nejv\u011bt\u0161\u00edho evropsk\u00e9ho veletrhu fotografie Paris Photo.<\/p>\n<p>P\u0159edstaven\u00ed studentsk\u00fdch autorsk\u00fdch knih a den\u00edkov\u00e9 tvorby prob\u011bhla v r\u00e1mci s\u00edt\u011b EPEN (European Photography Educators Network) v \u010cesk\u00e9m centru v Pa\u0159\u00ed\u017ei jako ofici\u00e1ln\u00ed doprovodn\u00e1 akce veletrhu Paris Photo a podsekce Photo Saint Germain. Na\u0161e p\u016flhodinov\u00e1 p\u0159edn\u00e1\u0161ka obst\u00e1la v konkurenci ostatn\u00edch v\u00fdznamn\u00fdch \u0161kol, kter\u00e9 prezentovaly obdobn\u00fd druh tvorby sv\u00fdch student\u016f. Mezi nimi byly nap\u0159\u00edklad Ecole Lumiere z Pa\u0159\u00ed\u017ee, Art University Pozna\u0148, Akademie v\u00fdtvarn\u00fdch um\u011bn\u00ed a designu v Bratislav\u011b, pra\u017esk\u00e1 FAMU \u010di Institut tv\u016fr\u010d\u00ed fotografie<\/p>\n<p><strong>Z\u00e1v\u011br: <\/strong><\/p>\n<p>Z\u00a0nada\u010dn\u00edho fondu byla pedagog\u016fm hrazena leteck\u00e1 doprava tam a zp\u011bt do Pa\u0159\u00ed\u017ee, \u010d\u00e1ste\u010dn\u011b ubytov\u00e1n\u00ed a vstupn\u00e9 na veletrh Paris Photo. Zbytek \u010d\u00e1ste\u010dn\u00fdch n\u00e1klad\u016f na ubytov\u00e1n\u00ed si hradili pedagogov\u00e9 z\u00a0vlastn\u00edch zdroj\u016f. D\u00edky \u00fa\u010dasti pedagog\u016f na konferenci po\u0159\u00e1dan\u00e9 \u010cesk\u00fdm centrem v\u00a0Pa\u0159\u00ed\u017ei, kter\u00e1 se konala jako doprovodn\u00e1 akce veletrhu fotografie Paris Photo, bylo na\u0161\u00ed \u0161kole umo\u017en\u011bno sd\u00edlen\u00ed informac\u00ed o evropsk\u00e9m \u0161kolstv\u00ed. Takt\u00e9\u017e n\u00e1m tato \u00fa\u010dast na konferenci pomohla k vybudov\u00e1n\u00ed kontakt\u016f se zahrani\u010dn\u00edmi kolegy oboru fotografie. N\u00e1v\u0161t\u011bva nejv\u011bt\u0161\u00edho evropsk\u00e9ho veletrhu fotografie Paris Photo byla pro pedagogy v\u00fdjime\u010dnou p\u0159ehl\u00eddkou jak aktu\u00e1ln\u00edch tendenc\u00ed, historick\u00fdch fotografick\u00fdch sn\u00edmk\u016f, tak i sou\u010dasn\u00e9 multimedi\u00e1ln\u00ed tvorby, kter\u00e1 vedla k\u00a0jejich roz\u0161\u00ed\u0159en\u00ed profesn\u00edch znalost\u00ed v\u00a0oboru Fotografie a nov\u00e1 m\u00e9dia. Na\u0161e \u0161kola by v\u00a0t\u011bchto aktivit\u00e1ch r\u00e1da pokra\u010dovala i v\u00a0dal\u0161\u00edch letech. M\u00e1 velk\u00fd z\u00e1jem sv\u00e9 pedagogy odborn\u011b vzd\u011bl\u00e1vat, a takt\u00e9\u017e na\u0161i \u0161kolu propagovat na presti\u017en\u00edch evropsk\u00fdch festivalech a v\u00fdstav\u00e1ch.<\/p>\n<p><strong>Fotografie:\u00a0\u00a0 <\/strong><\/p>\n<p><strong> <img loading=\"lazy\" decoding=\"async\" class=\"alignnone size-full wp-image-10726\" src=\"https:\/\/www.skolamichael.cz\/wp-content\/uploads\/2023\/01\/1.jpg\" alt=\"\" width=\"324\" height=\"216\" srcset=\"https:\/\/www.skolamichael.cz\/wp-content\/uploads\/2023\/01\/1.jpg 324w, https:\/\/www.skolamichael.cz\/wp-content\/uploads\/2023\/01\/1-300x200.jpg 300w\" sizes=\"auto, (max-width: 324px) 100vw, 324px\" \/> <img loading=\"lazy\" decoding=\"async\" class=\"alignnone size-full wp-image-10728\" src=\"https:\/\/www.skolamichael.cz\/wp-content\/uploads\/2023\/01\/2.jpg\" alt=\"\" width=\"323\" height=\"216\" srcset=\"https:\/\/www.skolamichael.cz\/wp-content\/uploads\/2023\/01\/2.jpg 323w, https:\/\/www.skolamichael.cz\/wp-content\/uploads\/2023\/01\/2-300x201.jpg 300w\" sizes=\"auto, (max-width: 323px) 100vw, 323px\" \/> <img loading=\"lazy\" decoding=\"async\" class=\"alignnone size-full wp-image-10730\" src=\"https:\/\/www.skolamichael.cz\/wp-content\/uploads\/2023\/01\/3.jpg\" alt=\"\" width=\"488\" height=\"274\" srcset=\"https:\/\/www.skolamichael.cz\/wp-content\/uploads\/2023\/01\/3.jpg 488w, https:\/\/www.skolamichael.cz\/wp-content\/uploads\/2023\/01\/3-300x168.jpg 300w\" sizes=\"auto, (max-width: 488px) 100vw, 488px\" \/> <img loading=\"lazy\" decoding=\"async\" class=\"alignnone size-full wp-image-10732\" src=\"https:\/\/www.skolamichael.cz\/wp-content\/uploads\/2023\/01\/4.jpg\" alt=\"\" width=\"391\" height=\"260\" srcset=\"https:\/\/www.skolamichael.cz\/wp-content\/uploads\/2023\/01\/4.jpg 391w, https:\/\/www.skolamichael.cz\/wp-content\/uploads\/2023\/01\/4-300x199.jpg 300w\" sizes=\"auto, (max-width: 391px) 100vw, 391px\" \/> <img loading=\"lazy\" decoding=\"async\" class=\"alignnone size-full wp-image-10734\" src=\"https:\/\/www.skolamichael.cz\/wp-content\/uploads\/2023\/01\/5.jpg\" alt=\"\" width=\"259\" height=\"388\" srcset=\"https:\/\/www.skolamichael.cz\/wp-content\/uploads\/2023\/01\/5.jpg 259w, https:\/\/www.skolamichael.cz\/wp-content\/uploads\/2023\/01\/5-200x300.jpg 200w\" sizes=\"auto, (max-width: 259px) 100vw, 259px\" \/><\/strong><\/p>\n<p><strong>\u00a0<\/strong><\/p>\n<p><strong>\u00a0<\/strong><\/p>\n<p><strong>\u00a0<\/strong><\/p>\n<p><strong>\u00a0<\/strong><\/p>\n<p><strong>\u00a0<\/strong><\/p>\n","protected":false},"excerpt":{"rendered":"<p>Nada\u010dn\u00ed fond: Cesta ke vzd\u011bl\u00e1n\u00ed N\u00e1zev projektu: Studijn\u00ed pobyt pedagogick\u00fdch pracovn\u00edk\u016f na veletrhu Paris Photo. Stru\u010dn\u00fd popis projektu:\u00a0P\u011bt pedagog\u016f oboru Fotografie a nov\u00e1 m\u00e9dia absolvovalo studijn\u00ed pobyt na veletrhu fotografie Paris Photo. Sezn\u00e1mili se s\u00a0vystaven\u00fdmi d\u00edly v\u00fdzna\u010dn\u00fdch tv\u016frc\u016f a s\u00a0aktu\u00e1ln\u00edmi trendy v\u00a0oblasti fotografie a audiovize. Z\u00fa\u010dastnili se tak\u00e9 odborn\u00fdch p\u0159edn\u00e1\u0161ek. C\u00edlem bylo t\u00e9\u017e nav\u00e1z\u00e1n\u00ed mezin\u00e1rodn\u00ed [&hellip;]<\/p>\n","protected":false},"author":14,"featured_media":0,"parent":10712,"menu_order":0,"comment_status":"closed","ping_status":"closed","template":"","meta":{"_acf_changed":false,"footnotes":""},"class_list":["post-10725","page","type-page","status-publish","hentry"],"acf":[],"yoast_head":"<!-- This site is optimized with the Yoast SEO plugin v27.1.1 - https:\/\/yoast.com\/product\/yoast-seo-wordpress\/ -->\n<title>Studijn\u00ed pobyt pedagogick\u00fdch pracovn\u00edk\u016f na veletrhu Paris Photo | MICHAEL<\/title>\n<meta name=\"robots\" content=\"index, follow, max-snippet:-1, max-image-preview:large, max-video-preview:-1\" \/>\n<link rel=\"canonical\" href=\"https:\/\/www.skolamichael.cz\/cs\/projekty\/cesta-ke-vzdelani\/studijni-pobyt-pedagogickych-pracovniku-na-veletrhu-paris-photo\/\" \/>\n<meta property=\"og:locale\" content=\"cs_CZ\" \/>\n<meta property=\"og:type\" content=\"article\" \/>\n<meta property=\"og:title\" content=\"Studijn\u00ed pobyt pedagogick\u00fdch pracovn\u00edk\u016f na veletrhu Paris Photo | MICHAEL\" \/>\n<meta property=\"og:description\" content=\"Nada\u010dn\u00ed fond: Cesta ke vzd\u011bl\u00e1n\u00ed N\u00e1zev projektu: Studijn\u00ed pobyt pedagogick\u00fdch pracovn\u00edk\u016f na veletrhu Paris Photo. Stru\u010dn\u00fd popis projektu:\u00a0P\u011bt pedagog\u016f oboru Fotografie a nov\u00e1 m\u00e9dia absolvovalo studijn\u00ed pobyt na veletrhu fotografie Paris Photo. Sezn\u00e1mili se s\u00a0vystaven\u00fdmi d\u00edly v\u00fdzna\u010dn\u00fdch tv\u016frc\u016f a s\u00a0aktu\u00e1ln\u00edmi trendy v\u00a0oblasti fotografie a audiovize. Z\u00fa\u010dastnili se tak\u00e9 odborn\u00fdch p\u0159edn\u00e1\u0161ek. C\u00edlem bylo t\u00e9\u017e nav\u00e1z\u00e1n\u00ed mezin\u00e1rodn\u00ed [&hellip;]\" \/>\n<meta property=\"og:url\" content=\"https:\/\/www.skolamichael.cz\/cs\/projekty\/cesta-ke-vzdelani\/studijni-pobyt-pedagogickych-pracovniku-na-veletrhu-paris-photo\/\" \/>\n<meta property=\"og:site_name\" content=\"MICHAEL\" \/>\n<meta property=\"article:publisher\" content=\"http:\/\/www.facebook.com\/skolamichael\" \/>\n<meta property=\"og:image\" content=\"https:\/\/www.skolamichael.cz\/wp-content\/uploads\/2023\/01\/1.jpg\" \/>\n\t<meta property=\"og:image:width\" content=\"324\" \/>\n\t<meta property=\"og:image:height\" content=\"216\" \/>\n\t<meta property=\"og:image:type\" content=\"image\/jpeg\" \/>\n<meta name=\"twitter:card\" content=\"summary_large_image\" \/>\n<meta name=\"twitter:label1\" content=\"Odhadovan\u00e1 doba \u010dten\u00ed\" \/>\n\t<meta name=\"twitter:data1\" content=\"4 minuty\" \/>\n<script type=\"application\/ld+json\" class=\"yoast-schema-graph\">{\"@context\":\"https:\/\/schema.org\",\"@graph\":[{\"@type\":\"WebPage\",\"@id\":\"https:\/\/www.skolamichael.cz\/cs\/projekty\/cesta-ke-vzdelani\/studijni-pobyt-pedagogickych-pracovniku-na-veletrhu-paris-photo\/\",\"url\":\"https:\/\/www.skolamichael.cz\/cs\/projekty\/cesta-ke-vzdelani\/studijni-pobyt-pedagogickych-pracovniku-na-veletrhu-paris-photo\/\",\"name\":\"Studijn\u00ed pobyt pedagogick\u00fdch pracovn\u00edk\u016f na veletrhu Paris Photo | MICHAEL\",\"isPartOf\":{\"@id\":\"https:\/\/www.skolamichael.cz\/cs\/#website\"},\"primaryImageOfPage\":{\"@id\":\"https:\/\/www.skolamichael.cz\/cs\/projekty\/cesta-ke-vzdelani\/studijni-pobyt-pedagogickych-pracovniku-na-veletrhu-paris-photo\/#primaryimage\"},\"image\":{\"@id\":\"https:\/\/www.skolamichael.cz\/cs\/projekty\/cesta-ke-vzdelani\/studijni-pobyt-pedagogickych-pracovniku-na-veletrhu-paris-photo\/#primaryimage\"},\"thumbnailUrl\":\"https:\/\/www.skolamichael.cz\/wp-content\/uploads\/2023\/01\/1.jpg\",\"datePublished\":\"2023-01-31T12:15:39+00:00\",\"breadcrumb\":{\"@id\":\"https:\/\/www.skolamichael.cz\/cs\/projekty\/cesta-ke-vzdelani\/studijni-pobyt-pedagogickych-pracovniku-na-veletrhu-paris-photo\/#breadcrumb\"},\"inLanguage\":\"cs\",\"potentialAction\":[{\"@type\":\"ReadAction\",\"target\":[\"https:\/\/www.skolamichael.cz\/cs\/projekty\/cesta-ke-vzdelani\/studijni-pobyt-pedagogickych-pracovniku-na-veletrhu-paris-photo\/\"]}]},{\"@type\":\"ImageObject\",\"inLanguage\":\"cs\",\"@id\":\"https:\/\/www.skolamichael.cz\/cs\/projekty\/cesta-ke-vzdelani\/studijni-pobyt-pedagogickych-pracovniku-na-veletrhu-paris-photo\/#primaryimage\",\"url\":\"https:\/\/www.skolamichael.cz\/wp-content\/uploads\/2023\/01\/1.jpg\",\"contentUrl\":\"https:\/\/www.skolamichael.cz\/wp-content\/uploads\/2023\/01\/1.jpg\"},{\"@type\":\"BreadcrumbList\",\"@id\":\"https:\/\/www.skolamichael.cz\/cs\/projekty\/cesta-ke-vzdelani\/studijni-pobyt-pedagogickych-pracovniku-na-veletrhu-paris-photo\/#breadcrumb\",\"itemListElement\":[{\"@type\":\"ListItem\",\"position\":1,\"name\":\"Dom\u016f\",\"item\":\"https:\/\/www.skolamichael.cz\/cs\/\"},{\"@type\":\"ListItem\",\"position\":2,\"name\":\"Projekty a st\u00e1\u017ee\",\"item\":\"https:\/\/www.skolamichael.cz\/cs\/projekty\/\"},{\"@type\":\"ListItem\",\"position\":3,\"name\":\"Cesta ke vzd\u011bl\u00e1n\u00ed\",\"item\":\"https:\/\/www.skolamichael.cz\/cs\/projekty\/cesta-ke-vzdelani\/\"},{\"@type\":\"ListItem\",\"position\":4,\"name\":\"Studijn\u00ed pobyt pedagogick\u00fdch pracovn\u00edk\u016f na veletrhu Paris Photo\"}]},{\"@type\":\"WebSite\",\"@id\":\"https:\/\/www.skolamichael.cz\/cs\/#website\",\"url\":\"https:\/\/www.skolamichael.cz\/cs\/\",\"name\":\"MICHAEL\",\"description\":\"St\u0159edn\u00ed \u0161kola, Gymn\u00e1zium a Vy\u0161\u0161\u00ed odborn\u00e1 \u0161kola\",\"publisher\":{\"@id\":\"https:\/\/www.skolamichael.cz\/cs\/#organization\"},\"alternateName\":\"St\u0159edn\u00ed \u0161kola, Gymn\u00e1zium a Vy\u0161\u0161\u00ed odborn\u00e1 \u0161kola\",\"potentialAction\":[{\"@type\":\"SearchAction\",\"target\":{\"@type\":\"EntryPoint\",\"urlTemplate\":\"https:\/\/www.skolamichael.cz\/cs\/?s={search_term_string}\"},\"query-input\":{\"@type\":\"PropertyValueSpecification\",\"valueRequired\":true,\"valueName\":\"search_term_string\"}}],\"inLanguage\":\"cs\"},{\"@type\":\"Organization\",\"@id\":\"https:\/\/www.skolamichael.cz\/cs\/#organization\",\"name\":\"Michael \u2013 St\u0159edn\u00ed \u0161kola, Gymn\u00e1zium a Vy\u0161\u0161\u00ed odborn\u00e1 \u0161kola, s.r.o.\",\"url\":\"https:\/\/www.skolamichael.cz\/cs\/\",\"logo\":{\"@type\":\"ImageObject\",\"inLanguage\":\"cs\",\"@id\":\"https:\/\/www.skolamichael.cz\/cs\/#\/schema\/logo\/image\/\",\"url\":\"https:\/\/www.skolamichael.cz\/wp-content\/uploads\/2019\/03\/logo_michael_final_ctverec1-1.jpg\",\"contentUrl\":\"https:\/\/www.skolamichael.cz\/wp-content\/uploads\/2019\/03\/logo_michael_final_ctverec1-1.jpg\",\"width\":400,\"height\":400,\"caption\":\"Michael \u2013 St\u0159edn\u00ed \u0161kola, Gymn\u00e1zium a Vy\u0161\u0161\u00ed odborn\u00e1 \u0161kola, s.r.o.\"},\"image\":{\"@id\":\"https:\/\/www.skolamichael.cz\/cs\/#\/schema\/logo\/image\/\"},\"sameAs\":[\"http:\/\/www.facebook.com\/skolamichael\",\"https:\/\/www.instagram.com\/skola_michael\/\"]}]}<\/script>\n<!-- \/ Yoast SEO plugin. -->","yoast_head_json":{"title":"Studijn\u00ed pobyt pedagogick\u00fdch pracovn\u00edk\u016f na veletrhu Paris Photo | MICHAEL","robots":{"index":"index","follow":"follow","max-snippet":"max-snippet:-1","max-image-preview":"max-image-preview:large","max-video-preview":"max-video-preview:-1"},"canonical":"https:\/\/www.skolamichael.cz\/cs\/projekty\/cesta-ke-vzdelani\/studijni-pobyt-pedagogickych-pracovniku-na-veletrhu-paris-photo\/","og_locale":"cs_CZ","og_type":"article","og_title":"Studijn\u00ed pobyt pedagogick\u00fdch pracovn\u00edk\u016f na veletrhu Paris Photo | MICHAEL","og_description":"Nada\u010dn\u00ed fond: Cesta ke vzd\u011bl\u00e1n\u00ed N\u00e1zev projektu: Studijn\u00ed pobyt pedagogick\u00fdch pracovn\u00edk\u016f na veletrhu Paris Photo. Stru\u010dn\u00fd popis projektu:\u00a0P\u011bt pedagog\u016f oboru Fotografie a nov\u00e1 m\u00e9dia absolvovalo studijn\u00ed pobyt na veletrhu fotografie Paris Photo. Sezn\u00e1mili se s\u00a0vystaven\u00fdmi d\u00edly v\u00fdzna\u010dn\u00fdch tv\u016frc\u016f a s\u00a0aktu\u00e1ln\u00edmi trendy v\u00a0oblasti fotografie a audiovize. Z\u00fa\u010dastnili se tak\u00e9 odborn\u00fdch p\u0159edn\u00e1\u0161ek. C\u00edlem bylo t\u00e9\u017e nav\u00e1z\u00e1n\u00ed mezin\u00e1rodn\u00ed [&hellip;]","og_url":"https:\/\/www.skolamichael.cz\/cs\/projekty\/cesta-ke-vzdelani\/studijni-pobyt-pedagogickych-pracovniku-na-veletrhu-paris-photo\/","og_site_name":"MICHAEL","article_publisher":"http:\/\/www.facebook.com\/skolamichael","og_image":[{"width":324,"height":216,"url":"https:\/\/www.skolamichael.cz\/wp-content\/uploads\/2023\/01\/1.jpg","type":"image\/jpeg"}],"twitter_card":"summary_large_image","twitter_misc":{"Odhadovan\u00e1 doba \u010dten\u00ed":"4 minuty"},"schema":{"@context":"https:\/\/schema.org","@graph":[{"@type":"WebPage","@id":"https:\/\/www.skolamichael.cz\/cs\/projekty\/cesta-ke-vzdelani\/studijni-pobyt-pedagogickych-pracovniku-na-veletrhu-paris-photo\/","url":"https:\/\/www.skolamichael.cz\/cs\/projekty\/cesta-ke-vzdelani\/studijni-pobyt-pedagogickych-pracovniku-na-veletrhu-paris-photo\/","name":"Studijn\u00ed pobyt pedagogick\u00fdch pracovn\u00edk\u016f na veletrhu Paris Photo | MICHAEL","isPartOf":{"@id":"https:\/\/www.skolamichael.cz\/cs\/#website"},"primaryImageOfPage":{"@id":"https:\/\/www.skolamichael.cz\/cs\/projekty\/cesta-ke-vzdelani\/studijni-pobyt-pedagogickych-pracovniku-na-veletrhu-paris-photo\/#primaryimage"},"image":{"@id":"https:\/\/www.skolamichael.cz\/cs\/projekty\/cesta-ke-vzdelani\/studijni-pobyt-pedagogickych-pracovniku-na-veletrhu-paris-photo\/#primaryimage"},"thumbnailUrl":"https:\/\/www.skolamichael.cz\/wp-content\/uploads\/2023\/01\/1.jpg","datePublished":"2023-01-31T12:15:39+00:00","breadcrumb":{"@id":"https:\/\/www.skolamichael.cz\/cs\/projekty\/cesta-ke-vzdelani\/studijni-pobyt-pedagogickych-pracovniku-na-veletrhu-paris-photo\/#breadcrumb"},"inLanguage":"cs","potentialAction":[{"@type":"ReadAction","target":["https:\/\/www.skolamichael.cz\/cs\/projekty\/cesta-ke-vzdelani\/studijni-pobyt-pedagogickych-pracovniku-na-veletrhu-paris-photo\/"]}]},{"@type":"ImageObject","inLanguage":"cs","@id":"https:\/\/www.skolamichael.cz\/cs\/projekty\/cesta-ke-vzdelani\/studijni-pobyt-pedagogickych-pracovniku-na-veletrhu-paris-photo\/#primaryimage","url":"https:\/\/www.skolamichael.cz\/wp-content\/uploads\/2023\/01\/1.jpg","contentUrl":"https:\/\/www.skolamichael.cz\/wp-content\/uploads\/2023\/01\/1.jpg"},{"@type":"BreadcrumbList","@id":"https:\/\/www.skolamichael.cz\/cs\/projekty\/cesta-ke-vzdelani\/studijni-pobyt-pedagogickych-pracovniku-na-veletrhu-paris-photo\/#breadcrumb","itemListElement":[{"@type":"ListItem","position":1,"name":"Dom\u016f","item":"https:\/\/www.skolamichael.cz\/cs\/"},{"@type":"ListItem","position":2,"name":"Projekty a st\u00e1\u017ee","item":"https:\/\/www.skolamichael.cz\/cs\/projekty\/"},{"@type":"ListItem","position":3,"name":"Cesta ke vzd\u011bl\u00e1n\u00ed","item":"https:\/\/www.skolamichael.cz\/cs\/projekty\/cesta-ke-vzdelani\/"},{"@type":"ListItem","position":4,"name":"Studijn\u00ed pobyt pedagogick\u00fdch pracovn\u00edk\u016f na veletrhu Paris Photo"}]},{"@type":"WebSite","@id":"https:\/\/www.skolamichael.cz\/cs\/#website","url":"https:\/\/www.skolamichael.cz\/cs\/","name":"MICHAEL","description":"St\u0159edn\u00ed \u0161kola, Gymn\u00e1zium a Vy\u0161\u0161\u00ed odborn\u00e1 \u0161kola","publisher":{"@id":"https:\/\/www.skolamichael.cz\/cs\/#organization"},"alternateName":"St\u0159edn\u00ed \u0161kola, Gymn\u00e1zium a Vy\u0161\u0161\u00ed odborn\u00e1 \u0161kola","potentialAction":[{"@type":"SearchAction","target":{"@type":"EntryPoint","urlTemplate":"https:\/\/www.skolamichael.cz\/cs\/?s={search_term_string}"},"query-input":{"@type":"PropertyValueSpecification","valueRequired":true,"valueName":"search_term_string"}}],"inLanguage":"cs"},{"@type":"Organization","@id":"https:\/\/www.skolamichael.cz\/cs\/#organization","name":"Michael \u2013 St\u0159edn\u00ed \u0161kola, Gymn\u00e1zium a Vy\u0161\u0161\u00ed odborn\u00e1 \u0161kola, s.r.o.","url":"https:\/\/www.skolamichael.cz\/cs\/","logo":{"@type":"ImageObject","inLanguage":"cs","@id":"https:\/\/www.skolamichael.cz\/cs\/#\/schema\/logo\/image\/","url":"https:\/\/www.skolamichael.cz\/wp-content\/uploads\/2019\/03\/logo_michael_final_ctverec1-1.jpg","contentUrl":"https:\/\/www.skolamichael.cz\/wp-content\/uploads\/2019\/03\/logo_michael_final_ctverec1-1.jpg","width":400,"height":400,"caption":"Michael \u2013 St\u0159edn\u00ed \u0161kola, Gymn\u00e1zium a Vy\u0161\u0161\u00ed odborn\u00e1 \u0161kola, s.r.o."},"image":{"@id":"https:\/\/www.skolamichael.cz\/cs\/#\/schema\/logo\/image\/"},"sameAs":["http:\/\/www.facebook.com\/skolamichael","https:\/\/www.instagram.com\/skola_michael\/"]}]}},"_links":{"self":[{"href":"https:\/\/www.skolamichael.cz\/cs\/wp-json\/wp\/v2\/pages\/10725","targetHints":{"allow":["GET"]}}],"collection":[{"href":"https:\/\/www.skolamichael.cz\/cs\/wp-json\/wp\/v2\/pages"}],"about":[{"href":"https:\/\/www.skolamichael.cz\/cs\/wp-json\/wp\/v2\/types\/page"}],"author":[{"embeddable":true,"href":"https:\/\/www.skolamichael.cz\/cs\/wp-json\/wp\/v2\/users\/14"}],"replies":[{"embeddable":true,"href":"https:\/\/www.skolamichael.cz\/cs\/wp-json\/wp\/v2\/comments?post=10725"}],"version-history":[{"count":2,"href":"https:\/\/www.skolamichael.cz\/cs\/wp-json\/wp\/v2\/pages\/10725\/revisions"}],"predecessor-version":[{"id":10782,"href":"https:\/\/www.skolamichael.cz\/cs\/wp-json\/wp\/v2\/pages\/10725\/revisions\/10782"}],"up":[{"embeddable":true,"href":"https:\/\/www.skolamichael.cz\/cs\/wp-json\/wp\/v2\/pages\/10712"}],"wp:attachment":[{"href":"https:\/\/www.skolamichael.cz\/cs\/wp-json\/wp\/v2\/media?parent=10725"}],"curies":[{"name":"wp","href":"https:\/\/api.w.org\/{rel}","templated":true}]}}