{"id":1180,"date":"2018-12-21T08:48:37","date_gmt":"2018-12-21T07:48:37","guid":{"rendered":"https:\/\/www.skolamichael.cz\/?page_id=1180"},"modified":"2026-04-02T11:39:37","modified_gmt":"2026-04-02T09:39:37","slug":"info-pro-maturanty","status":"publish","type":"page","link":"https:\/\/www.skolamichael.cz\/cs\/pro-studenty\/info-pro-maturanty\/","title":{"rendered":"Info pro maturanty"},"content":{"rendered":"<h3>MATURITN\u00cd ZKOU\u0160KA 2025\/2026<\/h3>\n<p>Informace k maturitn\u00ed zkou\u0161ce najdete na <a href=\"https:\/\/maturita.cermat.cz\/\" target=\"_blank\" rel=\"noopener noreferrer\">www.maturita.cermat.cz<\/a> a v harmonogramu \u0161koly.<\/p>\n<p>Doporu\u010dujeme se zaregistrovat na <strong><a href=\"https:\/\/vpz.cermat.cz\/Info\/Uvod.aspx\">v\u00fdsledkov\u00fd port\u00e1l \u017e\u00e1ka<\/a> <\/strong>(pro jarn\u00ed term\u00edn MZ 2025\/2026 bude registrace spu\u0161t\u011bna 1. 2. 2026).<\/p>\n<p><span style=\"text-decoration: underline;\"><strong>JARN\u00cd<\/strong><\/span>\u00a0<strong>ZKU\u0160EBN\u00cd OBDOB\u00cd<\/strong><\/p>\n<table style=\"height: 2000 px;\" border=\"1\" width=\"625\" cellpadding=\"4\">\n<tbody>\n<tr>\n<td width=\"317\"><strong>pod\u00e1n\u00ed p\u0159ihl\u00e1\u0161ky<\/strong> v\u010d. posudk\u016f z\u00a0PPP k\u00a0ruk\u00e1m \u0159editelky \u0161koly<\/td>\n<td width=\"305\">do 1. 12. 2025<\/td>\n<\/tr>\n<tr>\n<td width=\"317\"><strong>p\u00edsemn\u00e1 MZ<\/strong> &#8212; \u010desk\u00fd jazyk a literatura<\/td>\n<td width=\"305\">7. 4. 2026<\/td>\n<\/tr>\n<tr>\n<td width=\"317\"><strong>p\u00edsemn\u00e1 MZ<\/strong> &#8212; anglick\u00fd jazyk<\/td>\n<td width=\"305\">8. 4. 2026<\/td>\n<\/tr>\n<tr>\n<td width=\"317\"><strong>praktick\u00e1 MZ<\/strong>\u00a0 &#8212; obory <strong>DI, F, FI, G<\/strong><\/td>\n<td width=\"305\">13.&#8211;17. 4. a 20.&#8211;24. 4. 2026<\/td>\n<\/tr>\n<tr>\n<td width=\"317\"><strong>praktick\u00e1 MZ<\/strong> &#8212; obor <strong>M (denn\u00ed)<\/strong><\/td>\n<td width=\"305\">16. 4. 2026<\/td>\n<\/tr>\n<tr>\n<td width=\"317\"><strong>praktick\u00e1 MZ<\/strong> &#8212; obor <strong>M (d\u00e1lkov\u00e9)<\/strong><\/td>\n<td width=\"305\">17.&#8211;18. 4. 2026<\/td>\n<\/tr>\n<tr>\n<td width=\"317\"><strong>didaktick\u00e9 testy MZ<\/strong><\/td>\n<td width=\"305\">4.&#8211;7. 5. 2026<\/td>\n<\/tr>\n<tr>\n<td width=\"317\"><strong>\u00fastn\u00ed zkou\u0161ky profilov\u00e9 \u010d\u00e1sti MZ<\/strong><\/td>\n<td width=\"305\">\n<div data-olk-copy-source=\"MessageBody\"><strong>4.DI\u00a0 \u00a0<\/strong>18. 5.&#8211;22. 5. 2026<\/div>\n<div data-olk-copy-source=\"MessageBody\"><strong>4.FI\u00a0 \u00a0<\/strong>18. 5.&#8211;22. 5. 2026<\/div>\n<div data-olk-copy-source=\"MessageBody\"><strong>4.FG\u00a0 \u00a0<\/strong>25. 5.&#8211;29. 5. 2026<\/div>\n<div data-olk-copy-source=\"MessageBody\"><strong>4.M\u00a0 \u00a0<\/strong>25. 5.&#8211;29. 5. 2026<\/div>\n<div class=\"x_elementToProof\" data-olk-copy-source=\"MessageBody\"><strong>4.D\u00a0 \u00a0<\/strong>29. 5.&#8211;4. 6. 2026<\/div>\n<div class=\"x_elementToProof\"><strong>4.G\u00a0 \u00a0<\/strong>29. 5.&#8211;4. 6. 2026<\/div>\n<\/td>\n<\/tr>\n<\/tbody>\n<\/table>\n<p>&nbsp;<\/p>\n<p><a href=\"https:\/\/www.skolamichael.cz\/wp-content\/uploads\/2025\/09\/Struktura-maturitni-zkousky-2025-2026.pdf\" target=\"_blank\" rel=\"noopener\"><b>Struktura<\/b><\/a> maturitn\u00ed zkou\u0161ky.<\/p>\n<p><strong>Nahrazen\u00ed zkou\u0161ky z ciz\u00edho jazyka\u00a0<\/strong><br \/>\nDle z\u00e1kona \u010d. 561\/2004 Sb. (\u0161kolsk\u00fd z\u00e1kon), \u00a7 81, odst. 7, stanovila \u0159editelka \u0161koly nahrazen\u00ed jedn\u00e9 ze \u010dty\u0159 povinn\u00fdch zkou\u0161ek, nebo jedn\u00e9 ze dvou nepovinn\u00fdch zkou\u0161ek, a to zkou\u0161ky z ciz\u00edho jazyka v\u00fdsledkem \u00fasp\u011b\u0161n\u011b vykonan\u00e9 standardizovan\u00e9 zkou\u0161ky z tohoto jazyka, kterou \u017e\u00e1k dolo\u017e\u00ed jazykov\u00fdm certifik\u00e1tem v\u010detn\u011b prokazovan\u00e9 \u00farovn\u011b znalosti ciz\u00edho jazyka, minim\u00e1ln\u011b v\u0161ak na \u00farovni B1 nebo \u00farovni vy\u0161\u0161\u00ed dle Spole\u010dn\u00e9ho evropsk\u00e9ho referen\u010dn\u00edho r\u00e1mce pro jazyky.<br \/>\nV\u00edce info zde: <a href=\"https:\/\/www.skolamichael.cz\/wp-content\/uploads\/2025\/12\/UPDATE-Nahrazeni-zkousky-z-ciziho-jazyka.pdf\" target=\"_blank\" rel=\"noopener\">Nahrazen\u00ed zkou\u0161ky z ciz\u00edho jazyka pro \u0161k. r. 2025\/2026<\/a><\/p>\n<p><strong>Aktu\u00e1ln\u00ed maturitn\u00ed okruhy:<\/strong><\/p>\n<ul>\n<li><a href=\"https:\/\/www.skolamichael.cz\/wp-content\/uploads\/2025\/10\/Skolni-seznam-cetby-2025-2026.pdf\" target=\"_blank\" rel=\"noopener\">\u0160koln\u00ed seznam \u010detby<\/a><\/li>\n<li><a href=\"https:\/\/www.skolamichael.cz\/wp-content\/uploads\/2025\/10\/Maturitni-okruhy-AJ-2025-2026.pdf\" target=\"_blank\" rel=\"noopener\">Anglick\u00fd jazyk<\/a><\/li>\n<li><a href=\"https:\/\/www.skolamichael.cz\/wp-content\/uploads\/2025\/10\/Maturitni-okruhy-NJ-2025-2026.pdf\" target=\"_blank\" rel=\"noopener\">N\u011bmeck\u00fd jazyk<\/a><\/li>\n<li><a href=\"https:\/\/www.skolamichael.cz\/wp-content\/uploads\/2025\/10\/Maturitni-okruhy-DTR-2025-2026.pdf\" target=\"_blank\" rel=\"noopener\">D\u011bjiny a teorie reklamy<\/a><\/li>\n<li><a href=\"https:\/\/www.skolamichael.cz\/wp-content\/uploads\/2025\/10\/Maturitni-okruhy-DVK-2025-2026.pdf\" target=\"_blank\" rel=\"noopener\">D\u011bjiny v\u00fdtvarn\u00e9 kultury<\/a><\/li>\n<li><a href=\"https:\/\/www.skolamichael.cz\/wp-content\/uploads\/2025\/10\/Maturitni-okruhy-Ekonomika-2025-2026-1.pdf\" target=\"_blank\" rel=\"noopener\">Ekonomika<\/a><\/li>\n<li><a href=\"https:\/\/www.skolamichael.cz\/wp-content\/uploads\/2025\/10\/Maturitni-okruhy-FTT-2025-2026.pdf\" target=\"_blank\" rel=\"noopener\">Filmov\u00e1 technika a technologie<\/a><\/li>\n<li><a href=\"https:\/\/www.skolamichael.cz\/wp-content\/uploads\/2025\/10\/Maturitni-okruhy-Konstrukce-2025-2026.pdf\" target=\"_blank\" rel=\"noopener\">Konstruk\u010dn\u00ed a technologick\u00e1 p\u0159\u00edprava<\/a><\/li>\n<li><a href=\"https:\/\/www.skolamichael.cz\/wp-content\/uploads\/2025\/10\/Maturitni-okruhy-Masmedia-2025-2026.pdf\" target=\"_blank\" rel=\"noopener\">Masm\u00e9dia<\/a><\/li>\n<li><a href=\"https:\/\/www.skolamichael.cz\/wp-content\/uploads\/2025\/10\/Maturitni-okruhy-MrM-2025-2026.pdf\" target=\"_blank\" rel=\"noopener\">Marketing a management<\/a><\/li>\n<li><a href=\"https:\/\/www.skolamichael.cz\/wp-content\/uploads\/2025\/10\/Maturitni-okruhy-TT-2025-2026.pdf\" target=\"_blank\" rel=\"noopener\">Technologie a techniky<\/a><\/li>\n<li><a href=\"https:\/\/www.skolamichael.cz\/wp-content\/uploads\/2025\/10\/Maturitni-okruhy-Tmt-2025-2026-1.pdf\" target=\"_blank\" rel=\"noopener\">Technologie, materi\u00e1ly a technika<\/a><\/li>\n<\/ul>\n","protected":false},"excerpt":{"rendered":"<p>MATURITN\u00cd ZKOU\u0160KA 2025\/2026 Informace k maturitn\u00ed zkou\u0161ce najdete na www.maturita.cermat.cz a v harmonogramu \u0161koly. Doporu\u010dujeme se zaregistrovat na v\u00fdsledkov\u00fd port\u00e1l \u017e\u00e1ka (pro jarn\u00ed term\u00edn MZ 2025\/2026 bude registrace spu\u0161t\u011bna 1. 2. 2026). JARN\u00cd\u00a0ZKU\u0160EBN\u00cd OBDOB\u00cd pod\u00e1n\u00ed p\u0159ihl\u00e1\u0161ky v\u010d. posudk\u016f z\u00a0PPP k\u00a0ruk\u00e1m \u0159editelky \u0161koly do 1. 12. 2025 p\u00edsemn\u00e1 MZ &#8212; \u010desk\u00fd jazyk a literatura 7. 4. [&hellip;]<\/p>\n","protected":false},"author":3,"featured_media":0,"parent":567,"menu_order":0,"comment_status":"closed","ping_status":"closed","template":"","meta":{"_acf_changed":false,"footnotes":""},"class_list":["post-1180","page","type-page","status-publish","hentry"],"acf":[],"yoast_head":"<!-- This site is optimized with the Yoast SEO plugin v27.4 - https:\/\/yoast.com\/product\/yoast-seo-wordpress\/ -->\n<title>Info pro maturanty | MICHAEL<\/title>\n<meta name=\"robots\" content=\"index, follow, max-snippet:-1, max-image-preview:large, max-video-preview:-1\" \/>\n<link rel=\"canonical\" href=\"https:\/\/www.skolamichael.cz\/cs\/pro-studenty\/info-pro-maturanty\/\" \/>\n<meta property=\"og:locale\" content=\"cs_CZ\" \/>\n<meta property=\"og:type\" content=\"article\" \/>\n<meta property=\"og:title\" content=\"Info pro maturanty | MICHAEL\" \/>\n<meta property=\"og:description\" content=\"MATURITN\u00cd ZKOU\u0160KA 2025\/2026 Informace k maturitn\u00ed zkou\u0161ce najdete na www.maturita.cermat.cz a v harmonogramu \u0161koly. Doporu\u010dujeme se zaregistrovat na v\u00fdsledkov\u00fd port\u00e1l \u017e\u00e1ka (pro jarn\u00ed term\u00edn MZ 2025\/2026 bude registrace spu\u0161t\u011bna 1. 2. 2026). JARN\u00cd\u00a0ZKU\u0160EBN\u00cd OBDOB\u00cd pod\u00e1n\u00ed p\u0159ihl\u00e1\u0161ky v\u010d. posudk\u016f z\u00a0PPP k\u00a0ruk\u00e1m \u0159editelky \u0161koly do 1. 12. 2025 p\u00edsemn\u00e1 MZ &#8212; \u010desk\u00fd jazyk a literatura 7. 4. [&hellip;]\" \/>\n<meta property=\"og:url\" content=\"https:\/\/www.skolamichael.cz\/cs\/pro-studenty\/info-pro-maturanty\/\" \/>\n<meta property=\"og:site_name\" content=\"MICHAEL\" \/>\n<meta property=\"article:publisher\" content=\"http:\/\/www.facebook.com\/skolamichael\" \/>\n<meta property=\"article:modified_time\" content=\"2026-04-02T09:39:37+00:00\" \/>\n<meta name=\"twitter:card\" content=\"summary_large_image\" \/>\n<meta name=\"twitter:label1\" content=\"Odhadovan\u00e1 doba \u010dten\u00ed\" \/>\n\t<meta name=\"twitter:data1\" content=\"2 minuty\" \/>\n<script type=\"application\/ld+json\" class=\"yoast-schema-graph\">{\"@context\":\"https:\\\/\\\/schema.org\",\"@graph\":[{\"@type\":\"WebPage\",\"@id\":\"https:\\\/\\\/www.skolamichael.cz\\\/cs\\\/pro-studenty\\\/info-pro-maturanty\\\/\",\"url\":\"https:\\\/\\\/www.skolamichael.cz\\\/cs\\\/pro-studenty\\\/info-pro-maturanty\\\/\",\"name\":\"Info pro maturanty | MICHAEL\",\"isPartOf\":{\"@id\":\"https:\\\/\\\/www.skolamichael.cz\\\/cs\\\/#website\"},\"datePublished\":\"2018-12-21T07:48:37+00:00\",\"dateModified\":\"2026-04-02T09:39:37+00:00\",\"breadcrumb\":{\"@id\":\"https:\\\/\\\/www.skolamichael.cz\\\/cs\\\/pro-studenty\\\/info-pro-maturanty\\\/#breadcrumb\"},\"inLanguage\":\"cs\",\"potentialAction\":[{\"@type\":\"ReadAction\",\"target\":[\"https:\\\/\\\/www.skolamichael.cz\\\/cs\\\/pro-studenty\\\/info-pro-maturanty\\\/\"]}]},{\"@type\":\"BreadcrumbList\",\"@id\":\"https:\\\/\\\/www.skolamichael.cz\\\/cs\\\/pro-studenty\\\/info-pro-maturanty\\\/#breadcrumb\",\"itemListElement\":[{\"@type\":\"ListItem\",\"position\":1,\"name\":\"Dom\u016f\",\"item\":\"https:\\\/\\\/www.skolamichael.cz\\\/cs\\\/\"},{\"@type\":\"ListItem\",\"position\":2,\"name\":\"Pro studenty\",\"item\":\"https:\\\/\\\/www.skolamichael.cz\\\/cs\\\/pro-studenty\\\/\"},{\"@type\":\"ListItem\",\"position\":3,\"name\":\"Info pro maturanty\"}]},{\"@type\":\"WebSite\",\"@id\":\"https:\\\/\\\/www.skolamichael.cz\\\/cs\\\/#website\",\"url\":\"https:\\\/\\\/www.skolamichael.cz\\\/cs\\\/\",\"name\":\"MICHAEL\",\"description\":\"St\u0159edn\u00ed \u0161kola, Gymn\u00e1zium a Vy\u0161\u0161\u00ed odborn\u00e1 \u0161kola\",\"publisher\":{\"@id\":\"https:\\\/\\\/www.skolamichael.cz\\\/cs\\\/#organization\"},\"alternateName\":\"St\u0159edn\u00ed \u0161kola, Gymn\u00e1zium a Vy\u0161\u0161\u00ed odborn\u00e1 \u0161kola\",\"potentialAction\":[{\"@type\":\"SearchAction\",\"target\":{\"@type\":\"EntryPoint\",\"urlTemplate\":\"https:\\\/\\\/www.skolamichael.cz\\\/cs\\\/?s={search_term_string}\"},\"query-input\":{\"@type\":\"PropertyValueSpecification\",\"valueRequired\":true,\"valueName\":\"search_term_string\"}}],\"inLanguage\":\"cs\"},{\"@type\":\"Organization\",\"@id\":\"https:\\\/\\\/www.skolamichael.cz\\\/cs\\\/#organization\",\"name\":\"Michael \u2013 St\u0159edn\u00ed \u0161kola, Gymn\u00e1zium a Vy\u0161\u0161\u00ed odborn\u00e1 \u0161kola, s.r.o.\",\"url\":\"https:\\\/\\\/www.skolamichael.cz\\\/cs\\\/\",\"logo\":{\"@type\":\"ImageObject\",\"inLanguage\":\"cs\",\"@id\":\"https:\\\/\\\/www.skolamichael.cz\\\/cs\\\/#\\\/schema\\\/logo\\\/image\\\/\",\"url\":\"https:\\\/\\\/www.skolamichael.cz\\\/wp-content\\\/uploads\\\/2019\\\/03\\\/logo_michael_final_ctverec1-1.jpg\",\"contentUrl\":\"https:\\\/\\\/www.skolamichael.cz\\\/wp-content\\\/uploads\\\/2019\\\/03\\\/logo_michael_final_ctverec1-1.jpg\",\"width\":400,\"height\":400,\"caption\":\"Michael \u2013 St\u0159edn\u00ed \u0161kola, Gymn\u00e1zium a Vy\u0161\u0161\u00ed odborn\u00e1 \u0161kola, s.r.o.\"},\"image\":{\"@id\":\"https:\\\/\\\/www.skolamichael.cz\\\/cs\\\/#\\\/schema\\\/logo\\\/image\\\/\"},\"sameAs\":[\"http:\\\/\\\/www.facebook.com\\\/skolamichael\",\"https:\\\/\\\/www.instagram.com\\\/skola_michael\\\/\"]}]}<\/script>\n<!-- \/ Yoast SEO plugin. -->","yoast_head_json":{"title":"Info pro maturanty | MICHAEL","robots":{"index":"index","follow":"follow","max-snippet":"max-snippet:-1","max-image-preview":"max-image-preview:large","max-video-preview":"max-video-preview:-1"},"canonical":"https:\/\/www.skolamichael.cz\/cs\/pro-studenty\/info-pro-maturanty\/","og_locale":"cs_CZ","og_type":"article","og_title":"Info pro maturanty | MICHAEL","og_description":"MATURITN\u00cd ZKOU\u0160KA 2025\/2026 Informace k maturitn\u00ed zkou\u0161ce najdete na www.maturita.cermat.cz a v harmonogramu \u0161koly. Doporu\u010dujeme se zaregistrovat na v\u00fdsledkov\u00fd port\u00e1l \u017e\u00e1ka (pro jarn\u00ed term\u00edn MZ 2025\/2026 bude registrace spu\u0161t\u011bna 1. 2. 2026). JARN\u00cd\u00a0ZKU\u0160EBN\u00cd OBDOB\u00cd pod\u00e1n\u00ed p\u0159ihl\u00e1\u0161ky v\u010d. posudk\u016f z\u00a0PPP k\u00a0ruk\u00e1m \u0159editelky \u0161koly do 1. 12. 2025 p\u00edsemn\u00e1 MZ &#8212; \u010desk\u00fd jazyk a literatura 7. 4. [&hellip;]","og_url":"https:\/\/www.skolamichael.cz\/cs\/pro-studenty\/info-pro-maturanty\/","og_site_name":"MICHAEL","article_publisher":"http:\/\/www.facebook.com\/skolamichael","article_modified_time":"2026-04-02T09:39:37+00:00","twitter_card":"summary_large_image","twitter_misc":{"Odhadovan\u00e1 doba \u010dten\u00ed":"2 minuty"},"schema":{"@context":"https:\/\/schema.org","@graph":[{"@type":"WebPage","@id":"https:\/\/www.skolamichael.cz\/cs\/pro-studenty\/info-pro-maturanty\/","url":"https:\/\/www.skolamichael.cz\/cs\/pro-studenty\/info-pro-maturanty\/","name":"Info pro maturanty | MICHAEL","isPartOf":{"@id":"https:\/\/www.skolamichael.cz\/cs\/#website"},"datePublished":"2018-12-21T07:48:37+00:00","dateModified":"2026-04-02T09:39:37+00:00","breadcrumb":{"@id":"https:\/\/www.skolamichael.cz\/cs\/pro-studenty\/info-pro-maturanty\/#breadcrumb"},"inLanguage":"cs","potentialAction":[{"@type":"ReadAction","target":["https:\/\/www.skolamichael.cz\/cs\/pro-studenty\/info-pro-maturanty\/"]}]},{"@type":"BreadcrumbList","@id":"https:\/\/www.skolamichael.cz\/cs\/pro-studenty\/info-pro-maturanty\/#breadcrumb","itemListElement":[{"@type":"ListItem","position":1,"name":"Dom\u016f","item":"https:\/\/www.skolamichael.cz\/cs\/"},{"@type":"ListItem","position":2,"name":"Pro studenty","item":"https:\/\/www.skolamichael.cz\/cs\/pro-studenty\/"},{"@type":"ListItem","position":3,"name":"Info pro maturanty"}]},{"@type":"WebSite","@id":"https:\/\/www.skolamichael.cz\/cs\/#website","url":"https:\/\/www.skolamichael.cz\/cs\/","name":"MICHAEL","description":"St\u0159edn\u00ed \u0161kola, Gymn\u00e1zium a Vy\u0161\u0161\u00ed odborn\u00e1 \u0161kola","publisher":{"@id":"https:\/\/www.skolamichael.cz\/cs\/#organization"},"alternateName":"St\u0159edn\u00ed \u0161kola, Gymn\u00e1zium a Vy\u0161\u0161\u00ed odborn\u00e1 \u0161kola","potentialAction":[{"@type":"SearchAction","target":{"@type":"EntryPoint","urlTemplate":"https:\/\/www.skolamichael.cz\/cs\/?s={search_term_string}"},"query-input":{"@type":"PropertyValueSpecification","valueRequired":true,"valueName":"search_term_string"}}],"inLanguage":"cs"},{"@type":"Organization","@id":"https:\/\/www.skolamichael.cz\/cs\/#organization","name":"Michael \u2013 St\u0159edn\u00ed \u0161kola, Gymn\u00e1zium a Vy\u0161\u0161\u00ed odborn\u00e1 \u0161kola, s.r.o.","url":"https:\/\/www.skolamichael.cz\/cs\/","logo":{"@type":"ImageObject","inLanguage":"cs","@id":"https:\/\/www.skolamichael.cz\/cs\/#\/schema\/logo\/image\/","url":"https:\/\/www.skolamichael.cz\/wp-content\/uploads\/2019\/03\/logo_michael_final_ctverec1-1.jpg","contentUrl":"https:\/\/www.skolamichael.cz\/wp-content\/uploads\/2019\/03\/logo_michael_final_ctverec1-1.jpg","width":400,"height":400,"caption":"Michael \u2013 St\u0159edn\u00ed \u0161kola, Gymn\u00e1zium a Vy\u0161\u0161\u00ed odborn\u00e1 \u0161kola, s.r.o."},"image":{"@id":"https:\/\/www.skolamichael.cz\/cs\/#\/schema\/logo\/image\/"},"sameAs":["http:\/\/www.facebook.com\/skolamichael","https:\/\/www.instagram.com\/skola_michael\/"]}]}},"_links":{"self":[{"href":"https:\/\/www.skolamichael.cz\/cs\/wp-json\/wp\/v2\/pages\/1180","targetHints":{"allow":["GET"]}}],"collection":[{"href":"https:\/\/www.skolamichael.cz\/cs\/wp-json\/wp\/v2\/pages"}],"about":[{"href":"https:\/\/www.skolamichael.cz\/cs\/wp-json\/wp\/v2\/types\/page"}],"author":[{"embeddable":true,"href":"https:\/\/www.skolamichael.cz\/cs\/wp-json\/wp\/v2\/users\/3"}],"replies":[{"embeddable":true,"href":"https:\/\/www.skolamichael.cz\/cs\/wp-json\/wp\/v2\/comments?post=1180"}],"version-history":[{"count":60,"href":"https:\/\/www.skolamichael.cz\/cs\/wp-json\/wp\/v2\/pages\/1180\/revisions"}],"predecessor-version":[{"id":31735,"href":"https:\/\/www.skolamichael.cz\/cs\/wp-json\/wp\/v2\/pages\/1180\/revisions\/31735"}],"up":[{"embeddable":true,"href":"https:\/\/www.skolamichael.cz\/cs\/wp-json\/wp\/v2\/pages\/567"}],"wp:attachment":[{"href":"https:\/\/www.skolamichael.cz\/cs\/wp-json\/wp\/v2\/media?parent=1180"}],"curies":[{"name":"wp","href":"https:\/\/api.w.org\/{rel}","templated":true}]}}