{"id":12244,"date":"2023-10-13T15:56:41","date_gmt":"2023-10-13T13:56:41","guid":{"rendered":"https:\/\/www.skolamichael.cz\/?page_id=12244"},"modified":"2023-10-13T16:04:40","modified_gmt":"2023-10-13T14:04:40","slug":"vitra-design-museum-ikony-produktoveho-designu-v-ikonickych-stavbach-20-stoleti","status":"publish","type":"page","link":"https:\/\/www.skolamichael.cz\/cs\/projekty\/cesta-ke-vzdelani\/vitra-design-museum-ikony-produktoveho-designu-v-ikonickych-stavbach-20-stoleti\/","title":{"rendered":"VITRA DESIGN Museum \u2013 Ikony produktov\u00e9ho designu v\u00a0ikonick\u00fdch stavb\u00e1ch 20. stolet\u00ed"},"content":{"rendered":"<p><strong>Nada\u010dn\u00ed fond: Cesta ke vzd\u011bl\u00e1n\u00ed<\/strong><\/p>\n<p><strong>N\u00e1zev projektu: <\/strong>VITRA DESIGN Museum \u2013 Ikony produktov\u00e9ho designu v\u00a0ikonick\u00fdch stavb\u00e1ch 20. stolet\u00ed<\/p>\n<p><strong>Stru\u010dn\u00fd popis projektu:\u00a0<\/strong>N\u00e1v\u0161t\u011bva 12 student\u016f a 3 pedagog\u016f do ikonick\u00e9ho muzea a depotu zna\u010dky VITRA, kter\u00e1 od poloviny 20. stolet\u00ed siln\u011b ovliv\u0148ovala produktov\u00fd a interi\u00e9rov\u00fd design. Na m\u00edst\u011b se nach\u00e1z\u00ed budovy p\u0159edn\u00edch architekt\u016f jako je Zaha Hadid, Frank O. Gehry apod. <strong>Nem\u011bcko &#8211; Weil am Rhein 18. \u2013 21. 9. 2023.<\/strong><\/p>\n<p><strong>Seznam student\u016f:<\/strong> Charlota Pr\u00e1\u0161kov\u00e1, Dorina Gjugjaj, Tom\u00e1\u0161 K\u0159ivohlav\u00fd, Jakub Hovorka, Gallov\u00e1 Krist\u00fdna, R\u016f\u017ei\u010dkov\u00e1 Lucie, Jon\u00e1kov\u00e1 Roz\u00e1lie, Ku\u010derov\u00e1 Lucie, Musilov\u00e1 Julie, Boukalov\u00e1 Tereza, Ostert\u00e1gov\u00e1 Roz\u00e1lie, L\u00e1\u017ekov\u00e1 Nikola<\/p>\n<p><strong>Pedagogov\u00e9<\/strong>: MgA. Andrea Vok\u0159\u00e1lov\u00e1, Mgr Art. Michaela O\u0161\u0165\u00e1dalov\u00e1, MgA. Petr Vykoukal<\/p>\n<p><strong>Vyhodnocen\u00ed projektu:<\/strong><\/p>\n<p>V mal\u00e9m m\u011bste\u010dku Weil am Rhein, kter\u00e9 je sou\u010d\u00e1st\u00ed \u0161v\u00fdcarsk\u00e9 Basileje, se nach\u00e1z\u00ed Campus zna\u010dky VITRA. D\u00edky z\u00edskan\u00e9 dotaci z nada\u010dn\u00edho fondu Cesta ke vzd\u011bl\u00e1n\u00ed na\u0161i studenti S\u0160 a VO\u0160 oboru Interi\u00e9rov\u00fd design z\u00edskali p\u0159\u00edle\u017eitost nav\u0161t\u00edvit jednu z architektonick\u00fdch dominant, kter\u00e1 ukr\u00fdv\u00e1 designov\u00e9 poklady. Campus se d\u011bl\u00ed na n\u011bkolik \u010d\u00e1st\u00ed: uzav\u0159en\u00fd prostor samostatn\u00fdch v\u00fdrobn\u00edch fabrik a logistiky, samostatn\u00e9 v\u00fdstavn\u00ed budovy a voln\u011b dostupn\u00e9 zahrady a VITRA house. Na\u0161i studenti m\u011bli mo\u017enost se b\u011bhem v\u00fdkladu dostat dovnit\u0159 campusu i do konkr\u00e9tn\u00edch budov. Japonsk\u00fd pr\u016fvodce Tod\u00f3 design\u00e9r\u016fm vysv\u011btlil, jak se cel\u00fd projekt stav\u011bl, kdo za kter\u00fdm domem stoj\u00ed architektonicky a jak\u00e9 materi\u00e1ly a pro\u010d byly pou\u017eity.<br \/>\nPo okraj\u00edch nep\u0159\u00edstupn\u00e9ho campusu potom stoj\u00ed budovy sv\u011btov\u011b proslul\u00fdch architekt\u016f. Studenti nav\u0161t\u00edvili tak\u00e9 stanici Zahy Hadid nebo Vitra Design Museum Franka O\u00b4Gehryho. Nejv\u011bt\u0161\u00edm p\u0159ekvapen\u00edm byla n\u00e1v\u0161t\u011bva VITRA house. Ve\u0161ker\u00fd n\u00e1bytek je zde v mnoha variac\u00edch vystaven a lze jej pou\u017e\u00edvat.<br \/>\nVITRA je ikonou, ale dostat se do takov\u00e9ho m\u00edsta, jako je Campus, kde jsou k vid\u011bn\u00ed historick\u00e9 kancel\u00e1\u0159e design\u00e9r\u016f z 50. let i moodboardy jednotliv\u00fdch druh\u016f materi\u00e1l\u016f, bylo pro studenty neskute\u010dn\u011b inspirativn\u00ed.<\/p>\n<p><strong>Z\u00e1v\u011br:<\/strong><\/p>\n<p>Z\u00a0nada\u010dn\u00edho fondu byla student\u016fm a pedagog\u016fm hrazena leteck\u00e1 doprava tam a zp\u011bt, \u010d\u00e1ste\u010dn\u011b ubytov\u00e1n\u00ed a zbytek n\u00e1klad\u016f na cestu, ubytov\u00e1n\u00ed a stravu si hradili studenti a pedagogov\u00e9 z\u00a0vlastn\u00edch zdroj\u016f. \u017d\u00e1ci byli z\u00a0n\u00e1v\u0161t\u011bvy Campusu naprosto nad\u0161en\u00ed, p\u0159ijeli se spoustou nov\u00fdch inspirac\u00ed, dozv\u011bd\u011bli o v\u00fdvoji designov\u00e9ho n\u00e1bytku, sezn\u00e1mili se pracemi renomovan\u00fdch design\u00e9r\u016f z\u00a0cel\u00e9ho sv\u011bta, kte\u0159\u00ed se v Campusu pod\u00edlej\u00ed na\u00a0v\u00fdstav\u00e1ch s\u00a0velmi aktu\u00e1ln\u00edmi t\u00e9maty, jak\u00fdmi jsou budouc\u00ed technologie, udr\u017eitelnost nebo t\u00e9maty nav\u00e1zan\u00e9 na\u00a0spole\u010denskou mobilitu a\u00a0uv\u011bdom\u011bn\u00ed. Vitra Design Museum nab\u00edz\u00ed tak\u00e9 bohat\u00fd doprovodn\u00fd program formou komentovan\u00fdch prohl\u00eddek, kter\u00e9 se na\u0161i studenti s\u00a0pedagogy z\u00fa\u010dastnili.<\/p>\n<p>Tato cesta za architekturou a n\u00e1v\u0161t\u011bva muzea Vitry byla pro studenty a pedagogy neocenitelnou zku\u0161enost\u00ed a velmi r\u00e1di by se i v\u00a0dal\u0161\u00edm roce op\u011bt vypravili za inspiracemi a \u00a0dal\u0161\u00ed v\u00fdznamn\u00fdmi designov\u00fdmi muzei a architekturou.<\/p>\n<p><strong>Fotografie: \u00a0\u00a0<\/strong><\/p>\n<div id='gallery-1' class='gallery galleryid-12244 gallery-columns-3 gallery-size-large'><figure class='gallery-item'>\n\t\t\t<div class='gallery-icon portrait'>\n\t\t\t\t<a href='https:\/\/www.skolamichael.cz\/wp-content\/uploads\/2023\/10\/DZYT6776.jpg'><img loading=\"lazy\" decoding=\"async\" width=\"640\" height=\"853\" src=\"https:\/\/www.skolamichael.cz\/wp-content\/uploads\/2023\/10\/DZYT6776.jpg\" class=\"attachment-large size-large\" alt=\"\" srcset=\"https:\/\/www.skolamichael.cz\/wp-content\/uploads\/2023\/10\/DZYT6776.jpg 768w, https:\/\/www.skolamichael.cz\/wp-content\/uploads\/2023\/10\/DZYT6776-225x300.jpg 225w\" sizes=\"auto, (max-width: 640px) 100vw, 640px\" \/><\/a>\n\t\t\t<\/div><\/figure><figure class='gallery-item'>\n\t\t\t<div class='gallery-icon landscape'>\n\t\t\t\t<a href='https:\/\/www.skolamichael.cz\/wp-content\/uploads\/2023\/10\/IMG_2833-scaled.jpg'><img loading=\"lazy\" decoding=\"async\" width=\"640\" height=\"480\" src=\"https:\/\/www.skolamichael.cz\/wp-content\/uploads\/2023\/10\/IMG_2833-scaled-1024x768.jpg\" class=\"attachment-large size-large\" alt=\"\" srcset=\"https:\/\/www.skolamichael.cz\/wp-content\/uploads\/2023\/10\/IMG_2833-scaled-1024x768.jpg 1024w, https:\/\/www.skolamichael.cz\/wp-content\/uploads\/2023\/10\/IMG_2833-scaled-300x225.jpg 300w, https:\/\/www.skolamichael.cz\/wp-content\/uploads\/2023\/10\/IMG_2833-scaled.jpg 1440w\" sizes=\"auto, (max-width: 640px) 100vw, 640px\" \/><\/a>\n\t\t\t<\/div><\/figure><figure class='gallery-item'>\n\t\t\t<div class='gallery-icon portrait'>\n\t\t\t\t<a href='https:\/\/www.skolamichael.cz\/wp-content\/uploads\/2023\/10\/IMG_E2968-scaled.jpg'><img loading=\"lazy\" decoding=\"async\" width=\"640\" height=\"853\" src=\"https:\/\/www.skolamichael.cz\/wp-content\/uploads\/2023\/10\/IMG_E2968-scaled-768x1024.jpg\" class=\"attachment-large size-large\" alt=\"\" srcset=\"https:\/\/www.skolamichael.cz\/wp-content\/uploads\/2023\/10\/IMG_E2968-scaled-768x1024.jpg 768w, https:\/\/www.skolamichael.cz\/wp-content\/uploads\/2023\/10\/IMG_E2968-scaled-225x300.jpg 225w, https:\/\/www.skolamichael.cz\/wp-content\/uploads\/2023\/10\/IMG_E2968-scaled.jpg 810w\" sizes=\"auto, (max-width: 640px) 100vw, 640px\" \/><\/a>\n\t\t\t<\/div><\/figure><figure class='gallery-item'>\n\t\t\t<div class='gallery-icon portrait'>\n\t\t\t\t<a href='https:\/\/www.skolamichael.cz\/wp-content\/uploads\/2023\/10\/ULTD0641-compress.jpg'><img loading=\"lazy\" decoding=\"async\" width=\"640\" height=\"853\" src=\"https:\/\/www.skolamichael.cz\/wp-content\/uploads\/2023\/10\/ULTD0641-compress-768x1024.jpg\" class=\"attachment-large size-large\" alt=\"\" srcset=\"https:\/\/www.skolamichael.cz\/wp-content\/uploads\/2023\/10\/ULTD0641-compress-768x1024.jpg 768w, https:\/\/www.skolamichael.cz\/wp-content\/uploads\/2023\/10\/ULTD0641-compress-225x300.jpg 225w, https:\/\/www.skolamichael.cz\/wp-content\/uploads\/2023\/10\/ULTD0641.jpg 810w\" sizes=\"auto, (max-width: 640px) 100vw, 640px\" \/><\/a>\n\t\t\t<\/div><\/figure>\n\t\t<\/div>\n\n","protected":false},"excerpt":{"rendered":"<p>Nada\u010dn\u00ed fond: Cesta ke vzd\u011bl\u00e1n\u00ed N\u00e1zev projektu: VITRA DESIGN Museum \u2013 Ikony produktov\u00e9ho designu v\u00a0ikonick\u00fdch stavb\u00e1ch 20. stolet\u00ed Stru\u010dn\u00fd popis projektu:\u00a0N\u00e1v\u0161t\u011bva 12 student\u016f a 3 pedagog\u016f do ikonick\u00e9ho muzea a depotu zna\u010dky VITRA, kter\u00e1 od poloviny 20. stolet\u00ed siln\u011b ovliv\u0148ovala produktov\u00fd a interi\u00e9rov\u00fd design. Na m\u00edst\u011b se nach\u00e1z\u00ed budovy p\u0159edn\u00edch architekt\u016f jako je Zaha Hadid, [&hellip;]<\/p>\n","protected":false},"author":14,"featured_media":0,"parent":10712,"menu_order":0,"comment_status":"closed","ping_status":"closed","template":"","meta":{"_acf_changed":false,"footnotes":""},"class_list":["post-12244","page","type-page","status-publish","hentry"],"acf":[],"yoast_head":"<!-- This site is optimized with the Yoast SEO plugin v27.4 - https:\/\/yoast.com\/product\/yoast-seo-wordpress\/ -->\n<title>VITRA DESIGN Museum \u2013 Ikony produktov\u00e9ho designu v\u00a0ikonick\u00fdch stavb\u00e1ch 20. stolet\u00ed | MICHAEL<\/title>\n<meta name=\"robots\" content=\"index, follow, max-snippet:-1, max-image-preview:large, max-video-preview:-1\" \/>\n<link rel=\"canonical\" href=\"https:\/\/www.skolamichael.cz\/cs\/projekty\/cesta-ke-vzdelani\/vitra-design-museum-ikony-produktoveho-designu-v-ikonickych-stavbach-20-stoleti\/\" \/>\n<meta property=\"og:locale\" content=\"cs_CZ\" \/>\n<meta property=\"og:type\" content=\"article\" \/>\n<meta property=\"og:title\" content=\"VITRA DESIGN Museum \u2013 Ikony produktov\u00e9ho designu v\u00a0ikonick\u00fdch stavb\u00e1ch 20. stolet\u00ed | MICHAEL\" \/>\n<meta property=\"og:description\" content=\"Nada\u010dn\u00ed fond: Cesta ke vzd\u011bl\u00e1n\u00ed N\u00e1zev projektu: VITRA DESIGN Museum \u2013 Ikony produktov\u00e9ho designu v\u00a0ikonick\u00fdch stavb\u00e1ch 20. stolet\u00ed Stru\u010dn\u00fd popis projektu:\u00a0N\u00e1v\u0161t\u011bva 12 student\u016f a 3 pedagog\u016f do ikonick\u00e9ho muzea a depotu zna\u010dky VITRA, kter\u00e1 od poloviny 20. stolet\u00ed siln\u011b ovliv\u0148ovala produktov\u00fd a interi\u00e9rov\u00fd design. Na m\u00edst\u011b se nach\u00e1z\u00ed budovy p\u0159edn\u00edch architekt\u016f jako je Zaha Hadid, [&hellip;]\" \/>\n<meta property=\"og:url\" content=\"https:\/\/www.skolamichael.cz\/cs\/projekty\/cesta-ke-vzdelani\/vitra-design-museum-ikony-produktoveho-designu-v-ikonickych-stavbach-20-stoleti\/\" \/>\n<meta property=\"og:site_name\" content=\"MICHAEL\" \/>\n<meta property=\"article:publisher\" content=\"http:\/\/www.facebook.com\/skolamichael\" \/>\n<meta property=\"article:modified_time\" content=\"2023-10-13T14:04:40+00:00\" \/>\n<meta property=\"og:image\" content=\"https:\/\/www.skolamichael.cz\/wp-content\/uploads\/2023\/10\/DZYT6776.jpg\" \/>\n<meta name=\"twitter:card\" content=\"summary_large_image\" \/>\n<meta name=\"twitter:label1\" content=\"Odhadovan\u00e1 doba \u010dten\u00ed\" \/>\n\t<meta name=\"twitter:data1\" content=\"3 minuty\" \/>\n<script type=\"application\/ld+json\" class=\"yoast-schema-graph\">{\"@context\":\"https:\\\/\\\/schema.org\",\"@graph\":[{\"@type\":\"WebPage\",\"@id\":\"https:\\\/\\\/www.skolamichael.cz\\\/cs\\\/projekty\\\/cesta-ke-vzdelani\\\/vitra-design-museum-ikony-produktoveho-designu-v-ikonickych-stavbach-20-stoleti\\\/\",\"url\":\"https:\\\/\\\/www.skolamichael.cz\\\/cs\\\/projekty\\\/cesta-ke-vzdelani\\\/vitra-design-museum-ikony-produktoveho-designu-v-ikonickych-stavbach-20-stoleti\\\/\",\"name\":\"VITRA DESIGN Museum \u2013 Ikony produktov\u00e9ho designu v\u00a0ikonick\u00fdch stavb\u00e1ch 20. stolet\u00ed | MICHAEL\",\"isPartOf\":{\"@id\":\"https:\\\/\\\/www.skolamichael.cz\\\/cs\\\/#website\"},\"datePublished\":\"2023-10-13T13:56:41+00:00\",\"dateModified\":\"2023-10-13T14:04:40+00:00\",\"breadcrumb\":{\"@id\":\"https:\\\/\\\/www.skolamichael.cz\\\/cs\\\/projekty\\\/cesta-ke-vzdelani\\\/vitra-design-museum-ikony-produktoveho-designu-v-ikonickych-stavbach-20-stoleti\\\/#breadcrumb\"},\"inLanguage\":\"cs\",\"potentialAction\":[{\"@type\":\"ReadAction\",\"target\":[\"https:\\\/\\\/www.skolamichael.cz\\\/cs\\\/projekty\\\/cesta-ke-vzdelani\\\/vitra-design-museum-ikony-produktoveho-designu-v-ikonickych-stavbach-20-stoleti\\\/\"]}]},{\"@type\":\"BreadcrumbList\",\"@id\":\"https:\\\/\\\/www.skolamichael.cz\\\/cs\\\/projekty\\\/cesta-ke-vzdelani\\\/vitra-design-museum-ikony-produktoveho-designu-v-ikonickych-stavbach-20-stoleti\\\/#breadcrumb\",\"itemListElement\":[{\"@type\":\"ListItem\",\"position\":1,\"name\":\"Dom\u016f\",\"item\":\"https:\\\/\\\/www.skolamichael.cz\\\/cs\\\/\"},{\"@type\":\"ListItem\",\"position\":2,\"name\":\"Projekty a st\u00e1\u017ee\",\"item\":\"https:\\\/\\\/www.skolamichael.cz\\\/cs\\\/projekty\\\/\"},{\"@type\":\"ListItem\",\"position\":3,\"name\":\"Cesta ke vzd\u011bl\u00e1n\u00ed\",\"item\":\"https:\\\/\\\/www.skolamichael.cz\\\/cs\\\/projekty\\\/cesta-ke-vzdelani\\\/\"},{\"@type\":\"ListItem\",\"position\":4,\"name\":\"VITRA DESIGN Museum \u2013 Ikony produktov\u00e9ho designu v\u00a0ikonick\u00fdch stavb\u00e1ch 20. stolet\u00ed\"}]},{\"@type\":\"WebSite\",\"@id\":\"https:\\\/\\\/www.skolamichael.cz\\\/cs\\\/#website\",\"url\":\"https:\\\/\\\/www.skolamichael.cz\\\/cs\\\/\",\"name\":\"MICHAEL\",\"description\":\"St\u0159edn\u00ed \u0161kola, Gymn\u00e1zium a Vy\u0161\u0161\u00ed odborn\u00e1 \u0161kola\",\"publisher\":{\"@id\":\"https:\\\/\\\/www.skolamichael.cz\\\/cs\\\/#organization\"},\"alternateName\":\"St\u0159edn\u00ed \u0161kola, Gymn\u00e1zium a Vy\u0161\u0161\u00ed odborn\u00e1 \u0161kola\",\"potentialAction\":[{\"@type\":\"SearchAction\",\"target\":{\"@type\":\"EntryPoint\",\"urlTemplate\":\"https:\\\/\\\/www.skolamichael.cz\\\/cs\\\/?s={search_term_string}\"},\"query-input\":{\"@type\":\"PropertyValueSpecification\",\"valueRequired\":true,\"valueName\":\"search_term_string\"}}],\"inLanguage\":\"cs\"},{\"@type\":\"Organization\",\"@id\":\"https:\\\/\\\/www.skolamichael.cz\\\/cs\\\/#organization\",\"name\":\"Michael \u2013 St\u0159edn\u00ed \u0161kola, Gymn\u00e1zium a Vy\u0161\u0161\u00ed odborn\u00e1 \u0161kola, s.r.o.\",\"url\":\"https:\\\/\\\/www.skolamichael.cz\\\/cs\\\/\",\"logo\":{\"@type\":\"ImageObject\",\"inLanguage\":\"cs\",\"@id\":\"https:\\\/\\\/www.skolamichael.cz\\\/cs\\\/#\\\/schema\\\/logo\\\/image\\\/\",\"url\":\"https:\\\/\\\/www.skolamichael.cz\\\/wp-content\\\/uploads\\\/2019\\\/03\\\/logo_michael_final_ctverec1-1.jpg\",\"contentUrl\":\"https:\\\/\\\/www.skolamichael.cz\\\/wp-content\\\/uploads\\\/2019\\\/03\\\/logo_michael_final_ctverec1-1.jpg\",\"width\":400,\"height\":400,\"caption\":\"Michael \u2013 St\u0159edn\u00ed \u0161kola, Gymn\u00e1zium a Vy\u0161\u0161\u00ed odborn\u00e1 \u0161kola, s.r.o.\"},\"image\":{\"@id\":\"https:\\\/\\\/www.skolamichael.cz\\\/cs\\\/#\\\/schema\\\/logo\\\/image\\\/\"},\"sameAs\":[\"http:\\\/\\\/www.facebook.com\\\/skolamichael\",\"https:\\\/\\\/www.instagram.com\\\/skola_michael\\\/\"]}]}<\/script>\n<!-- \/ Yoast SEO plugin. -->","yoast_head_json":{"title":"VITRA DESIGN Museum \u2013 Ikony produktov\u00e9ho designu v\u00a0ikonick\u00fdch stavb\u00e1ch 20. stolet\u00ed | MICHAEL","robots":{"index":"index","follow":"follow","max-snippet":"max-snippet:-1","max-image-preview":"max-image-preview:large","max-video-preview":"max-video-preview:-1"},"canonical":"https:\/\/www.skolamichael.cz\/cs\/projekty\/cesta-ke-vzdelani\/vitra-design-museum-ikony-produktoveho-designu-v-ikonickych-stavbach-20-stoleti\/","og_locale":"cs_CZ","og_type":"article","og_title":"VITRA DESIGN Museum \u2013 Ikony produktov\u00e9ho designu v\u00a0ikonick\u00fdch stavb\u00e1ch 20. stolet\u00ed | MICHAEL","og_description":"Nada\u010dn\u00ed fond: Cesta ke vzd\u011bl\u00e1n\u00ed N\u00e1zev projektu: VITRA DESIGN Museum \u2013 Ikony produktov\u00e9ho designu v\u00a0ikonick\u00fdch stavb\u00e1ch 20. stolet\u00ed Stru\u010dn\u00fd popis projektu:\u00a0N\u00e1v\u0161t\u011bva 12 student\u016f a 3 pedagog\u016f do ikonick\u00e9ho muzea a depotu zna\u010dky VITRA, kter\u00e1 od poloviny 20. stolet\u00ed siln\u011b ovliv\u0148ovala produktov\u00fd a interi\u00e9rov\u00fd design. Na m\u00edst\u011b se nach\u00e1z\u00ed budovy p\u0159edn\u00edch architekt\u016f jako je Zaha Hadid, [&hellip;]","og_url":"https:\/\/www.skolamichael.cz\/cs\/projekty\/cesta-ke-vzdelani\/vitra-design-museum-ikony-produktoveho-designu-v-ikonickych-stavbach-20-stoleti\/","og_site_name":"MICHAEL","article_publisher":"http:\/\/www.facebook.com\/skolamichael","article_modified_time":"2023-10-13T14:04:40+00:00","og_image":[{"url":"https:\/\/www.skolamichael.cz\/wp-content\/uploads\/2023\/10\/DZYT6776.jpg","type":"","width":"","height":""}],"twitter_card":"summary_large_image","twitter_misc":{"Odhadovan\u00e1 doba \u010dten\u00ed":"3 minuty"},"schema":{"@context":"https:\/\/schema.org","@graph":[{"@type":"WebPage","@id":"https:\/\/www.skolamichael.cz\/cs\/projekty\/cesta-ke-vzdelani\/vitra-design-museum-ikony-produktoveho-designu-v-ikonickych-stavbach-20-stoleti\/","url":"https:\/\/www.skolamichael.cz\/cs\/projekty\/cesta-ke-vzdelani\/vitra-design-museum-ikony-produktoveho-designu-v-ikonickych-stavbach-20-stoleti\/","name":"VITRA DESIGN Museum \u2013 Ikony produktov\u00e9ho designu v\u00a0ikonick\u00fdch stavb\u00e1ch 20. stolet\u00ed | MICHAEL","isPartOf":{"@id":"https:\/\/www.skolamichael.cz\/cs\/#website"},"datePublished":"2023-10-13T13:56:41+00:00","dateModified":"2023-10-13T14:04:40+00:00","breadcrumb":{"@id":"https:\/\/www.skolamichael.cz\/cs\/projekty\/cesta-ke-vzdelani\/vitra-design-museum-ikony-produktoveho-designu-v-ikonickych-stavbach-20-stoleti\/#breadcrumb"},"inLanguage":"cs","potentialAction":[{"@type":"ReadAction","target":["https:\/\/www.skolamichael.cz\/cs\/projekty\/cesta-ke-vzdelani\/vitra-design-museum-ikony-produktoveho-designu-v-ikonickych-stavbach-20-stoleti\/"]}]},{"@type":"BreadcrumbList","@id":"https:\/\/www.skolamichael.cz\/cs\/projekty\/cesta-ke-vzdelani\/vitra-design-museum-ikony-produktoveho-designu-v-ikonickych-stavbach-20-stoleti\/#breadcrumb","itemListElement":[{"@type":"ListItem","position":1,"name":"Dom\u016f","item":"https:\/\/www.skolamichael.cz\/cs\/"},{"@type":"ListItem","position":2,"name":"Projekty a st\u00e1\u017ee","item":"https:\/\/www.skolamichael.cz\/cs\/projekty\/"},{"@type":"ListItem","position":3,"name":"Cesta ke vzd\u011bl\u00e1n\u00ed","item":"https:\/\/www.skolamichael.cz\/cs\/projekty\/cesta-ke-vzdelani\/"},{"@type":"ListItem","position":4,"name":"VITRA DESIGN Museum \u2013 Ikony produktov\u00e9ho designu v\u00a0ikonick\u00fdch stavb\u00e1ch 20. stolet\u00ed"}]},{"@type":"WebSite","@id":"https:\/\/www.skolamichael.cz\/cs\/#website","url":"https:\/\/www.skolamichael.cz\/cs\/","name":"MICHAEL","description":"St\u0159edn\u00ed \u0161kola, Gymn\u00e1zium a Vy\u0161\u0161\u00ed odborn\u00e1 \u0161kola","publisher":{"@id":"https:\/\/www.skolamichael.cz\/cs\/#organization"},"alternateName":"St\u0159edn\u00ed \u0161kola, Gymn\u00e1zium a Vy\u0161\u0161\u00ed odborn\u00e1 \u0161kola","potentialAction":[{"@type":"SearchAction","target":{"@type":"EntryPoint","urlTemplate":"https:\/\/www.skolamichael.cz\/cs\/?s={search_term_string}"},"query-input":{"@type":"PropertyValueSpecification","valueRequired":true,"valueName":"search_term_string"}}],"inLanguage":"cs"},{"@type":"Organization","@id":"https:\/\/www.skolamichael.cz\/cs\/#organization","name":"Michael \u2013 St\u0159edn\u00ed \u0161kola, Gymn\u00e1zium a Vy\u0161\u0161\u00ed odborn\u00e1 \u0161kola, s.r.o.","url":"https:\/\/www.skolamichael.cz\/cs\/","logo":{"@type":"ImageObject","inLanguage":"cs","@id":"https:\/\/www.skolamichael.cz\/cs\/#\/schema\/logo\/image\/","url":"https:\/\/www.skolamichael.cz\/wp-content\/uploads\/2019\/03\/logo_michael_final_ctverec1-1.jpg","contentUrl":"https:\/\/www.skolamichael.cz\/wp-content\/uploads\/2019\/03\/logo_michael_final_ctverec1-1.jpg","width":400,"height":400,"caption":"Michael \u2013 St\u0159edn\u00ed \u0161kola, Gymn\u00e1zium a Vy\u0161\u0161\u00ed odborn\u00e1 \u0161kola, s.r.o."},"image":{"@id":"https:\/\/www.skolamichael.cz\/cs\/#\/schema\/logo\/image\/"},"sameAs":["http:\/\/www.facebook.com\/skolamichael","https:\/\/www.instagram.com\/skola_michael\/"]}]}},"_links":{"self":[{"href":"https:\/\/www.skolamichael.cz\/cs\/wp-json\/wp\/v2\/pages\/12244","targetHints":{"allow":["GET"]}}],"collection":[{"href":"https:\/\/www.skolamichael.cz\/cs\/wp-json\/wp\/v2\/pages"}],"about":[{"href":"https:\/\/www.skolamichael.cz\/cs\/wp-json\/wp\/v2\/types\/page"}],"author":[{"embeddable":true,"href":"https:\/\/www.skolamichael.cz\/cs\/wp-json\/wp\/v2\/users\/14"}],"replies":[{"embeddable":true,"href":"https:\/\/www.skolamichael.cz\/cs\/wp-json\/wp\/v2\/comments?post=12244"}],"version-history":[{"count":2,"href":"https:\/\/www.skolamichael.cz\/cs\/wp-json\/wp\/v2\/pages\/12244\/revisions"}],"predecessor-version":[{"id":12258,"href":"https:\/\/www.skolamichael.cz\/cs\/wp-json\/wp\/v2\/pages\/12244\/revisions\/12258"}],"up":[{"embeddable":true,"href":"https:\/\/www.skolamichael.cz\/cs\/wp-json\/wp\/v2\/pages\/10712"}],"wp:attachment":[{"href":"https:\/\/www.skolamichael.cz\/cs\/wp-json\/wp\/v2\/media?parent=12244"}],"curies":[{"name":"wp","href":"https:\/\/api.w.org\/{rel}","templated":true}]}}