{"id":12261,"date":"2023-10-13T16:20:52","date_gmt":"2023-10-13T14:20:52","guid":{"rendered":"https:\/\/www.skolamichael.cz\/?page_id=12261"},"modified":"2023-10-13T16:44:08","modified_gmt":"2023-10-13T14:44:08","slug":"filmovy-festival-v-benatkach-biennale-di-venezia","status":"publish","type":"page","link":"https:\/\/www.skolamichael.cz\/cs\/projekty\/cesta-ke-vzdelani\/filmovy-festival-v-benatkach-biennale-di-venezia\/","title":{"rendered":"Filmov\u00fd festival v\u00a0Ben\u00e1tk\u00e1ch \u2013 Biennale di Venezia"},"content":{"rendered":"<p><strong>N\u00e1zev projektu: <\/strong>Studijn\u00ed pobyt \u017e\u00e1k\u016f v\u00a0r\u00e1mci filmov\u00e9m festivalu v\u00a0Ben\u00e1tk\u00e1ch \u2013 Biennale di Venezia<\/p>\n<p><strong>Stru\u010dn\u00fd popis projektu:<\/strong> \u010cty\u0159i studenti 3. ro\u010dn\u00edku filmov\u00e9 tvorby se z\u00fa\u010dastn\u00ed spole\u010dn\u011b s jedn\u00edm pedagogem 80. ro\u010dn\u00edku filmov\u00e9ho bien\u00e1le v\u00a0italsk\u00fdch Ben\u00e1tk\u00e1ch \u2013 Venice International Film Festival. Kon\u00e1 se zde mno\u017estv\u00ed tzv. industry akc\u00ed (p\u0159edn\u00e1\u0161ky, lekce, projekce sv\u011btov\u00fdch premi\u00e9r). Festival je nejstar\u0161\u00ed a nejpresti\u017en\u011bj\u0161\u00edch filmov\u00fd festival na sv\u011bt\u011b.<\/p>\n<p><strong>Seznam student\u016f:\u00a0<\/strong>Kry\u0161tof Kindl, Filip \u0160pinka, Nikolas Sand a Jana \u0160vadlenkov\u00e1<\/p>\n<p><strong>Pedagog: <\/strong>MgA. Michal Kr\u00e1\u010dmer<\/p>\n<p><strong>Vyhodnocen\u00ed projektu:<\/strong><\/p>\n<p>D\u00edky podpo\u0159e programu Cesta ke vzd\u011bl\u00e1n\u00ed jsme mohli se studenti uskute\u010dnit d\u016fle\u017eitou cestu na zahrani\u010dn\u00ed filmov\u00fd festival v Ben\u00e1tk\u00e1ch \u2013 Biennale di Venezia.\u00a0Ben\u00e1tsk\u00fd festival je nejstar\u0161\u00ed a nejpresti\u017en\u011bj\u0161\u00ed filmov\u00fd festival na sv\u011bt\u011b. Festival nab\u00edz\u00ed p\u0159es 200 sv\u011btov\u00fdch premi\u00e9r dokument\u00e1rn\u00edch a animovan\u00fdch film\u016f z cel\u00e9ho sv\u011bta, celkem je prom\u00edt\u00e1no p\u0159es 350 film\u016f. Industry akce, kde se ro\u010dn\u011b akredituje 1600 n\u00e1v\u0161t\u011bvn\u00edk\u016f, nab\u00edzej\u00ed p\u0159edn\u00e1\u0161ky t\u00fdkaj\u00edc\u00ed se sou\u010dasn\u00fdch t\u00e9mat (socioekonomick\u00fdch, filmov\u00fdch), takt\u00e9\u017e sout\u011b\u017en\u00ed sekce zam\u011b\u0159en\u00e9 na celove\u010dern\u00ed i kr\u00e1tkometr\u00e1\u017en\u00ed hran\u00e9, animovan\u00e9 a dokument\u00e1rn\u00ed filmy a t\u00e9\u017e p\u0159\u00edle\u017eitost sezn\u00e1mit se s filmov\u00fdmi profesion\u00e1ly (producenty, re\u017eis\u00e9ry, sales agenty, distributory, z\u00e1stupce TV \u010di n\u00e1rodn\u00edch filmov\u00fdch fondu a festival\u016f). Festival roz\u0161i\u0159uje a prohlubuje znalosti \u017e\u00e1k\u016f filmov\u00e9ho oboru.\u00a0 Festival je ofici\u00e1ln\u011b uzn\u00e1v\u00e1n Mezin\u00e1rodn\u00ed federac\u00ed filmov\u00fdch producent\u016f (FIAPF). C\u00edlem festivalu je zvy\u0161ovat pov\u011bdom\u00ed o mezin\u00e1rodn\u00ed kinematografii a propagovat ji ve v\u0161ech jej\u00edch podob\u00e1ch jako um\u011bn\u00ed, z\u00e1bavu a pr\u016fmysl v duchu svobody a dialogu. Festival rovn\u011b\u017e po\u0159\u00e1d\u00e1 retrospektivy a pocty v\u00fdznamn\u00fdm osobnostem jako p\u0159\u00edsp\u011bvek k lep\u0161\u00edmu pochopen\u00ed historie kinematografie.<\/p>\n<p>Ben\u00e1tsk\u00fd filmov\u00fd festival\u00a0je\u00a0filmov\u00fd festival, kter\u00fd se ka\u017edoro\u010dn\u011b kon\u00e1 za\u010d\u00e1tkem z\u00e1\u0159\u00ed na ostrov\u011b Lido\u00a0v\u00a0Ben\u00e1tk\u00e1ch\u00a0v\u00a0It\u00e1lii. Mezi hlavn\u00ed ceny, kter\u00e9 jsou na festivalu ud\u011blov\u00e1ny, pat\u0159\u00ed\u00a0Leone d&#8217;Oro, kter\u00fd z\u00edsk\u00e1 nejlep\u0161\u00ed film festivalu a\u00a0Coppa Volpi, kter\u00e1 je ud\u011blov\u00e1na nejlep\u0161\u00edmu herci a nejlep\u0161\u00ed here\u010dce.<\/p>\n<p><strong>Z\u00e1v\u011br:<\/strong><\/p>\n<p>Z\u00a0nada\u010dn\u00edho fondu byla student\u016fm hrazena autobusov\u00e1 doprava tam a zp\u011bt, \u010d\u00e1ste\u010dn\u011b ubytov\u00e1n\u00ed, akreditace na filmov\u00fd festival. Zbytek \u010d\u00e1ste\u010dn\u00fdch n\u00e1klad\u016f na ubytov\u00e1n\u00ed si hradili studenti z\u00a0vlastn\u00edch zdroj\u016f, stejn\u011b tak pedagog si hradil ubytov\u00e1n\u00ed a cestu autem z\u00a0vlastn\u00edch zdroj\u016f.<\/p>\n<p>C\u00edlem studijn\u00edho pobytu bylo sezn\u00e1mit \u017e\u00e1ky s p\u0159\u00ednosem mezin\u00e1rodn\u00edho festivalu, nov\u00fdmi filmov\u00fdmi trendy nebo nov\u00fdmi filmov\u00fdmi technologiemi. Mohli se zde sezn\u00e1mit s lidmi z film industry (re\u017eis\u00e9ry, sales agenty nebo distributory) a nav\u00edc potkat i velk\u00e9 hollywoodsk\u00e9 hv\u011bzdy. Ty na MFF v Ben\u00e1tk\u00e1ch jezd\u00ed ve velk\u00e9m mno\u017estv\u00ed a jsou doslova na dosah b\u011b\u017en\u00e9mu n\u00e1v\u0161t\u011bvn\u00edkovi, proto\u017ee festival je t\u00edmto zn\u00e1m\u00fd \u2013 nerozd\u011bluje hv\u011bzdy a b\u011b\u017en\u00e9 lidi.<\/p>\n<p>Festivalu se z\u00fa\u010dastnili \u017e\u00e1ci 3. ro\u010dn\u00edku filmov\u00e9 tvorby s pedagogem. Festival stejn\u00e9ho charakteru je unik\u00e1tn\u00ed a v \u010cR se nekon\u00e1. Do stejn\u00e9 kategorie FIAP pat\u0159\u00ed nap\u0159. MFF Karlovy Vary, ale ani zdaleka nedosahuj\u00ed takov\u00e9 presti\u017ee \u010di dosahu. \u00a0MFF v Ben\u00e1tk\u00e1ch p\u0159edstavuje vysokou kvalitu. \u017d\u00e1ci tedy m\u011bli jedine\u010dnou mo\u017enost sezn\u00e1mit se s fungov\u00e1n\u00edm profesion\u00e1ln\u00edho filmov\u00e9ho sv\u011bta na t\u00e9 nejpresti\u017en\u011bj\u0161\u00ed \u00farovni. P\u0159\u00ednosem je rovn\u011b\u017e roz\u0161\u00ed\u0159en\u00ed znalost\u00ed z jednotliv\u00fdch oblast\u00ed developmentu, v\u00fdroby, postprodukce a exploatace filmu. \u00da\u010dast na festivalu je d\u016fle\u017eit\u00fdm zdrojem inspirace pro filma\u0159e na v\u0161ech pozic\u00edch (re\u017eis\u00e9ry, scen\u00e1risty, producenty).<\/p>\n<p><strong>Fotografie: \u00a0<\/strong><\/p>\n<div id='gallery-1' class='gallery galleryid-12261 gallery-columns-3 gallery-size-large'><figure class='gallery-item'>\n\t\t\t<div class='gallery-icon portrait'>\n\t\t\t\t<a href='https:\/\/www.skolamichael.cz\/wp-content\/uploads\/2023\/10\/IMG_7967-scaled-e1697207602770.jpeg'><img loading=\"lazy\" decoding=\"async\" width=\"640\" height=\"853\" src=\"https:\/\/www.skolamichael.cz\/wp-content\/uploads\/2023\/10\/IMG_7967-scaled-e1697207602770-768x1024.jpeg\" class=\"attachment-large size-large\" alt=\"\" srcset=\"https:\/\/www.skolamichael.cz\/wp-content\/uploads\/2023\/10\/IMG_7967-scaled-e1697207602770-768x1024.jpeg 768w, https:\/\/www.skolamichael.cz\/wp-content\/uploads\/2023\/10\/IMG_7967-scaled-e1697207602770-225x300.jpeg 225w, https:\/\/www.skolamichael.cz\/wp-content\/uploads\/2023\/10\/IMG_7967-scaled-e1697207602770.jpeg 1080w\" sizes=\"auto, (max-width: 640px) 100vw, 640px\" \/><\/a>\n\t\t\t<\/div><\/figure><figure class='gallery-item'>\n\t\t\t<div class='gallery-icon landscape'>\n\t\t\t\t<a href='https:\/\/www.skolamichael.cz\/wp-content\/uploads\/2023\/10\/IMG_7971-scaled.jpeg'><img loading=\"lazy\" decoding=\"async\" width=\"640\" height=\"480\" src=\"https:\/\/www.skolamichael.cz\/wp-content\/uploads\/2023\/10\/IMG_7971-scaled-1024x768.jpeg\" class=\"attachment-large size-large\" alt=\"\" srcset=\"https:\/\/www.skolamichael.cz\/wp-content\/uploads\/2023\/10\/IMG_7971-scaled-1024x768.jpeg 1024w, https:\/\/www.skolamichael.cz\/wp-content\/uploads\/2023\/10\/IMG_7971-scaled-300x225.jpeg 300w, https:\/\/www.skolamichael.cz\/wp-content\/uploads\/2023\/10\/IMG_7971-scaled.jpeg 1440w\" sizes=\"auto, (max-width: 640px) 100vw, 640px\" \/><\/a>\n\t\t\t<\/div><\/figure><figure class='gallery-item'>\n\t\t\t<div class='gallery-icon portrait'>\n\t\t\t\t<a href='https:\/\/www.skolamichael.cz\/wp-content\/uploads\/2023\/10\/IMG_7973-scaled-e1697207591963.jpeg'><img loading=\"lazy\" decoding=\"async\" width=\"640\" height=\"853\" src=\"https:\/\/www.skolamichael.cz\/wp-content\/uploads\/2023\/10\/IMG_7973-scaled-e1697207591963-768x1024.jpeg\" class=\"attachment-large size-large\" alt=\"\" srcset=\"https:\/\/www.skolamichael.cz\/wp-content\/uploads\/2023\/10\/IMG_7973-scaled-e1697207591963-768x1024.jpeg 768w, https:\/\/www.skolamichael.cz\/wp-content\/uploads\/2023\/10\/IMG_7973-scaled-e1697207591963-225x300.jpeg 225w, https:\/\/www.skolamichael.cz\/wp-content\/uploads\/2023\/10\/IMG_7973-scaled-e1697207591963.jpeg 1080w\" sizes=\"auto, (max-width: 640px) 100vw, 640px\" \/><\/a>\n\t\t\t<\/div><\/figure><figure class='gallery-item'>\n\t\t\t<div class='gallery-icon portrait'>\n\t\t\t\t<a href='https:\/\/www.skolamichael.cz\/wp-content\/uploads\/2023\/10\/IMG_0476-scaled.jpg'><img loading=\"lazy\" decoding=\"async\" width=\"640\" height=\"853\" src=\"https:\/\/www.skolamichael.cz\/wp-content\/uploads\/2023\/10\/IMG_0476-scaled-768x1024.jpg\" class=\"attachment-large size-large\" alt=\"\" srcset=\"https:\/\/www.skolamichael.cz\/wp-content\/uploads\/2023\/10\/IMG_0476-scaled-768x1024.jpg 768w, https:\/\/www.skolamichael.cz\/wp-content\/uploads\/2023\/10\/IMG_0476-scaled-225x300.jpg 225w, https:\/\/www.skolamichael.cz\/wp-content\/uploads\/2023\/10\/IMG_0476-scaled.jpg 810w\" sizes=\"auto, (max-width: 640px) 100vw, 640px\" \/><\/a>\n\t\t\t<\/div><\/figure><figure class='gallery-item'>\n\t\t\t<div class='gallery-icon portrait'>\n\t\t\t\t<a href='https:\/\/www.skolamichael.cz\/wp-content\/uploads\/2023\/10\/IMG_0468-scaled.jpg'><img loading=\"lazy\" decoding=\"async\" width=\"640\" height=\"853\" src=\"https:\/\/www.skolamichael.cz\/wp-content\/uploads\/2023\/10\/IMG_0468-scaled-768x1024.jpg\" class=\"attachment-large size-large\" alt=\"\" srcset=\"https:\/\/www.skolamichael.cz\/wp-content\/uploads\/2023\/10\/IMG_0468-scaled-768x1024.jpg 768w, https:\/\/www.skolamichael.cz\/wp-content\/uploads\/2023\/10\/IMG_0468-scaled-225x300.jpg 225w, https:\/\/www.skolamichael.cz\/wp-content\/uploads\/2023\/10\/IMG_0468-scaled.jpg 810w\" sizes=\"auto, (max-width: 640px) 100vw, 640px\" \/><\/a>\n\t\t\t<\/div><\/figure><figure class='gallery-item'>\n\t\t\t<div class='gallery-icon landscape'>\n\t\t\t\t<a href='https:\/\/www.skolamichael.cz\/wp-content\/uploads\/2023\/10\/IMG_0484-scaled.jpg'><img loading=\"lazy\" decoding=\"async\" width=\"640\" height=\"524\" src=\"https:\/\/www.skolamichael.cz\/wp-content\/uploads\/2023\/10\/IMG_0484-scaled-1024x839.jpg\" class=\"attachment-large size-large\" alt=\"\" srcset=\"https:\/\/www.skolamichael.cz\/wp-content\/uploads\/2023\/10\/IMG_0484-scaled-1024x839.jpg 1024w, https:\/\/www.skolamichael.cz\/wp-content\/uploads\/2023\/10\/IMG_0484-scaled-300x246.jpg 300w, https:\/\/www.skolamichael.cz\/wp-content\/uploads\/2023\/10\/IMG_0484-scaled.jpg 1318w\" sizes=\"auto, (max-width: 640px) 100vw, 640px\" \/><\/a>\n\t\t\t<\/div><\/figure><figure class='gallery-item'>\n\t\t\t<div class='gallery-icon portrait'>\n\t\t\t\t<a href='https:\/\/www.skolamichael.cz\/wp-content\/uploads\/2023\/10\/IMG_7980-scaled-e1697207577891.jpeg'><img loading=\"lazy\" decoding=\"async\" width=\"640\" height=\"853\" src=\"https:\/\/www.skolamichael.cz\/wp-content\/uploads\/2023\/10\/IMG_7980-scaled-e1697207577891-768x1024.jpeg\" class=\"attachment-large size-large\" alt=\"\" srcset=\"https:\/\/www.skolamichael.cz\/wp-content\/uploads\/2023\/10\/IMG_7980-scaled-e1697207577891-768x1024.jpeg 768w, https:\/\/www.skolamichael.cz\/wp-content\/uploads\/2023\/10\/IMG_7980-scaled-e1697207577891-225x300.jpeg 225w, https:\/\/www.skolamichael.cz\/wp-content\/uploads\/2023\/10\/IMG_7980-scaled-e1697207577891.jpeg 1080w\" sizes=\"auto, (max-width: 640px) 100vw, 640px\" \/><\/a>\n\t\t\t<\/div><\/figure><figure class='gallery-item'>\n\t\t\t<div class='gallery-icon landscape'>\n\t\t\t\t<a href='https:\/\/www.skolamichael.cz\/wp-content\/uploads\/2023\/10\/IMG_0104-scaled.jpg'><img loading=\"lazy\" decoding=\"async\" width=\"640\" height=\"480\" src=\"https:\/\/www.skolamichael.cz\/wp-content\/uploads\/2023\/10\/IMG_0104-scaled-1024x768.jpg\" class=\"attachment-large size-large\" alt=\"\" srcset=\"https:\/\/www.skolamichael.cz\/wp-content\/uploads\/2023\/10\/IMG_0104-scaled-1024x768.jpg 1024w, https:\/\/www.skolamichael.cz\/wp-content\/uploads\/2023\/10\/IMG_0104-scaled-300x225.jpg 300w, https:\/\/www.skolamichael.cz\/wp-content\/uploads\/2023\/10\/IMG_0104-scaled.jpg 1440w\" sizes=\"auto, (max-width: 640px) 100vw, 640px\" \/><\/a>\n\t\t\t<\/div><\/figure>\n\t\t<\/div>\n\n<p><strong>\u00a0<\/strong><\/p>\n","protected":false},"excerpt":{"rendered":"<p>N\u00e1zev projektu: Studijn\u00ed pobyt \u017e\u00e1k\u016f v\u00a0r\u00e1mci filmov\u00e9m festivalu v\u00a0Ben\u00e1tk\u00e1ch \u2013 Biennale di Venezia Stru\u010dn\u00fd popis projektu: \u010cty\u0159i studenti 3. ro\u010dn\u00edku filmov\u00e9 tvorby se z\u00fa\u010dastn\u00ed spole\u010dn\u011b s jedn\u00edm pedagogem 80. ro\u010dn\u00edku filmov\u00e9ho bien\u00e1le v\u00a0italsk\u00fdch Ben\u00e1tk\u00e1ch \u2013 Venice International Film Festival. Kon\u00e1 se zde mno\u017estv\u00ed tzv. industry akc\u00ed (p\u0159edn\u00e1\u0161ky, lekce, projekce sv\u011btov\u00fdch premi\u00e9r). Festival je nejstar\u0161\u00ed a [&hellip;]<\/p>\n","protected":false},"author":14,"featured_media":0,"parent":10712,"menu_order":0,"comment_status":"closed","ping_status":"closed","template":"","meta":{"_acf_changed":false,"footnotes":""},"class_list":["post-12261","page","type-page","status-publish","hentry"],"acf":[],"yoast_head":"<!-- This site is optimized with the Yoast SEO plugin v27.4 - https:\/\/yoast.com\/product\/yoast-seo-wordpress\/ -->\n<title>Filmov\u00fd festival v\u00a0Ben\u00e1tk\u00e1ch \u2013 Biennale di Venezia | MICHAEL<\/title>\n<meta name=\"robots\" content=\"index, follow, max-snippet:-1, max-image-preview:large, max-video-preview:-1\" \/>\n<link rel=\"canonical\" href=\"https:\/\/www.skolamichael.cz\/cs\/projekty\/cesta-ke-vzdelani\/filmovy-festival-v-benatkach-biennale-di-venezia\/\" \/>\n<meta property=\"og:locale\" content=\"cs_CZ\" \/>\n<meta property=\"og:type\" content=\"article\" \/>\n<meta property=\"og:title\" content=\"Filmov\u00fd festival v\u00a0Ben\u00e1tk\u00e1ch \u2013 Biennale di Venezia | MICHAEL\" \/>\n<meta property=\"og:description\" content=\"N\u00e1zev projektu: Studijn\u00ed pobyt \u017e\u00e1k\u016f v\u00a0r\u00e1mci filmov\u00e9m festivalu v\u00a0Ben\u00e1tk\u00e1ch \u2013 Biennale di Venezia Stru\u010dn\u00fd popis projektu: \u010cty\u0159i studenti 3. ro\u010dn\u00edku filmov\u00e9 tvorby se z\u00fa\u010dastn\u00ed spole\u010dn\u011b s jedn\u00edm pedagogem 80. ro\u010dn\u00edku filmov\u00e9ho bien\u00e1le v\u00a0italsk\u00fdch Ben\u00e1tk\u00e1ch \u2013 Venice International Film Festival. Kon\u00e1 se zde mno\u017estv\u00ed tzv. industry akc\u00ed (p\u0159edn\u00e1\u0161ky, lekce, projekce sv\u011btov\u00fdch premi\u00e9r). Festival je nejstar\u0161\u00ed a [&hellip;]\" \/>\n<meta property=\"og:url\" content=\"https:\/\/www.skolamichael.cz\/cs\/projekty\/cesta-ke-vzdelani\/filmovy-festival-v-benatkach-biennale-di-venezia\/\" \/>\n<meta property=\"og:site_name\" content=\"MICHAEL\" \/>\n<meta property=\"article:publisher\" content=\"http:\/\/www.facebook.com\/skolamichael\" \/>\n<meta property=\"article:modified_time\" content=\"2023-10-13T14:44:08+00:00\" \/>\n<meta property=\"og:image\" content=\"https:\/\/www.skolamichael.cz\/wp-content\/uploads\/2023\/10\/IMG_7967-scaled-e1697207602770-768x1024.jpeg\" \/>\n<meta name=\"twitter:card\" content=\"summary_large_image\" \/>\n<meta name=\"twitter:label1\" content=\"Odhadovan\u00e1 doba \u010dten\u00ed\" \/>\n\t<meta name=\"twitter:data1\" content=\"3 minuty\" \/>\n<script type=\"application\/ld+json\" class=\"yoast-schema-graph\">{\"@context\":\"https:\\\/\\\/schema.org\",\"@graph\":[{\"@type\":\"WebPage\",\"@id\":\"https:\\\/\\\/www.skolamichael.cz\\\/cs\\\/projekty\\\/cesta-ke-vzdelani\\\/filmovy-festival-v-benatkach-biennale-di-venezia\\\/\",\"url\":\"https:\\\/\\\/www.skolamichael.cz\\\/cs\\\/projekty\\\/cesta-ke-vzdelani\\\/filmovy-festival-v-benatkach-biennale-di-venezia\\\/\",\"name\":\"Filmov\u00fd festival v\u00a0Ben\u00e1tk\u00e1ch \u2013 Biennale di Venezia | MICHAEL\",\"isPartOf\":{\"@id\":\"https:\\\/\\\/www.skolamichael.cz\\\/cs\\\/#website\"},\"datePublished\":\"2023-10-13T14:20:52+00:00\",\"dateModified\":\"2023-10-13T14:44:08+00:00\",\"breadcrumb\":{\"@id\":\"https:\\\/\\\/www.skolamichael.cz\\\/cs\\\/projekty\\\/cesta-ke-vzdelani\\\/filmovy-festival-v-benatkach-biennale-di-venezia\\\/#breadcrumb\"},\"inLanguage\":\"cs\",\"potentialAction\":[{\"@type\":\"ReadAction\",\"target\":[\"https:\\\/\\\/www.skolamichael.cz\\\/cs\\\/projekty\\\/cesta-ke-vzdelani\\\/filmovy-festival-v-benatkach-biennale-di-venezia\\\/\"]}]},{\"@type\":\"BreadcrumbList\",\"@id\":\"https:\\\/\\\/www.skolamichael.cz\\\/cs\\\/projekty\\\/cesta-ke-vzdelani\\\/filmovy-festival-v-benatkach-biennale-di-venezia\\\/#breadcrumb\",\"itemListElement\":[{\"@type\":\"ListItem\",\"position\":1,\"name\":\"Dom\u016f\",\"item\":\"https:\\\/\\\/www.skolamichael.cz\\\/cs\\\/\"},{\"@type\":\"ListItem\",\"position\":2,\"name\":\"Projekty a st\u00e1\u017ee\",\"item\":\"https:\\\/\\\/www.skolamichael.cz\\\/cs\\\/projekty\\\/\"},{\"@type\":\"ListItem\",\"position\":3,\"name\":\"Cesta ke vzd\u011bl\u00e1n\u00ed\",\"item\":\"https:\\\/\\\/www.skolamichael.cz\\\/cs\\\/projekty\\\/cesta-ke-vzdelani\\\/\"},{\"@type\":\"ListItem\",\"position\":4,\"name\":\"Filmov\u00fd festival v\u00a0Ben\u00e1tk\u00e1ch \u2013 Biennale di Venezia\"}]},{\"@type\":\"WebSite\",\"@id\":\"https:\\\/\\\/www.skolamichael.cz\\\/cs\\\/#website\",\"url\":\"https:\\\/\\\/www.skolamichael.cz\\\/cs\\\/\",\"name\":\"MICHAEL\",\"description\":\"St\u0159edn\u00ed \u0161kola, Gymn\u00e1zium a Vy\u0161\u0161\u00ed odborn\u00e1 \u0161kola\",\"publisher\":{\"@id\":\"https:\\\/\\\/www.skolamichael.cz\\\/cs\\\/#organization\"},\"alternateName\":\"St\u0159edn\u00ed \u0161kola, Gymn\u00e1zium a Vy\u0161\u0161\u00ed odborn\u00e1 \u0161kola\",\"potentialAction\":[{\"@type\":\"SearchAction\",\"target\":{\"@type\":\"EntryPoint\",\"urlTemplate\":\"https:\\\/\\\/www.skolamichael.cz\\\/cs\\\/?s={search_term_string}\"},\"query-input\":{\"@type\":\"PropertyValueSpecification\",\"valueRequired\":true,\"valueName\":\"search_term_string\"}}],\"inLanguage\":\"cs\"},{\"@type\":\"Organization\",\"@id\":\"https:\\\/\\\/www.skolamichael.cz\\\/cs\\\/#organization\",\"name\":\"Michael \u2013 St\u0159edn\u00ed \u0161kola, Gymn\u00e1zium a Vy\u0161\u0161\u00ed odborn\u00e1 \u0161kola, s.r.o.\",\"url\":\"https:\\\/\\\/www.skolamichael.cz\\\/cs\\\/\",\"logo\":{\"@type\":\"ImageObject\",\"inLanguage\":\"cs\",\"@id\":\"https:\\\/\\\/www.skolamichael.cz\\\/cs\\\/#\\\/schema\\\/logo\\\/image\\\/\",\"url\":\"https:\\\/\\\/www.skolamichael.cz\\\/wp-content\\\/uploads\\\/2019\\\/03\\\/logo_michael_final_ctverec1-1.jpg\",\"contentUrl\":\"https:\\\/\\\/www.skolamichael.cz\\\/wp-content\\\/uploads\\\/2019\\\/03\\\/logo_michael_final_ctverec1-1.jpg\",\"width\":400,\"height\":400,\"caption\":\"Michael \u2013 St\u0159edn\u00ed \u0161kola, Gymn\u00e1zium a Vy\u0161\u0161\u00ed odborn\u00e1 \u0161kola, s.r.o.\"},\"image\":{\"@id\":\"https:\\\/\\\/www.skolamichael.cz\\\/cs\\\/#\\\/schema\\\/logo\\\/image\\\/\"},\"sameAs\":[\"http:\\\/\\\/www.facebook.com\\\/skolamichael\",\"https:\\\/\\\/www.instagram.com\\\/skola_michael\\\/\"]}]}<\/script>\n<!-- \/ Yoast SEO plugin. -->","yoast_head_json":{"title":"Filmov\u00fd festival v\u00a0Ben\u00e1tk\u00e1ch \u2013 Biennale di Venezia | MICHAEL","robots":{"index":"index","follow":"follow","max-snippet":"max-snippet:-1","max-image-preview":"max-image-preview:large","max-video-preview":"max-video-preview:-1"},"canonical":"https:\/\/www.skolamichael.cz\/cs\/projekty\/cesta-ke-vzdelani\/filmovy-festival-v-benatkach-biennale-di-venezia\/","og_locale":"cs_CZ","og_type":"article","og_title":"Filmov\u00fd festival v\u00a0Ben\u00e1tk\u00e1ch \u2013 Biennale di Venezia | MICHAEL","og_description":"N\u00e1zev projektu: Studijn\u00ed pobyt \u017e\u00e1k\u016f v\u00a0r\u00e1mci filmov\u00e9m festivalu v\u00a0Ben\u00e1tk\u00e1ch \u2013 Biennale di Venezia Stru\u010dn\u00fd popis projektu: \u010cty\u0159i studenti 3. ro\u010dn\u00edku filmov\u00e9 tvorby se z\u00fa\u010dastn\u00ed spole\u010dn\u011b s jedn\u00edm pedagogem 80. ro\u010dn\u00edku filmov\u00e9ho bien\u00e1le v\u00a0italsk\u00fdch Ben\u00e1tk\u00e1ch \u2013 Venice International Film Festival. Kon\u00e1 se zde mno\u017estv\u00ed tzv. industry akc\u00ed (p\u0159edn\u00e1\u0161ky, lekce, projekce sv\u011btov\u00fdch premi\u00e9r). Festival je nejstar\u0161\u00ed a [&hellip;]","og_url":"https:\/\/www.skolamichael.cz\/cs\/projekty\/cesta-ke-vzdelani\/filmovy-festival-v-benatkach-biennale-di-venezia\/","og_site_name":"MICHAEL","article_publisher":"http:\/\/www.facebook.com\/skolamichael","article_modified_time":"2023-10-13T14:44:08+00:00","og_image":[{"url":"https:\/\/www.skolamichael.cz\/wp-content\/uploads\/2023\/10\/IMG_7967-scaled-e1697207602770-768x1024.jpeg","type":"","width":"","height":""}],"twitter_card":"summary_large_image","twitter_misc":{"Odhadovan\u00e1 doba \u010dten\u00ed":"3 minuty"},"schema":{"@context":"https:\/\/schema.org","@graph":[{"@type":"WebPage","@id":"https:\/\/www.skolamichael.cz\/cs\/projekty\/cesta-ke-vzdelani\/filmovy-festival-v-benatkach-biennale-di-venezia\/","url":"https:\/\/www.skolamichael.cz\/cs\/projekty\/cesta-ke-vzdelani\/filmovy-festival-v-benatkach-biennale-di-venezia\/","name":"Filmov\u00fd festival v\u00a0Ben\u00e1tk\u00e1ch \u2013 Biennale di Venezia | MICHAEL","isPartOf":{"@id":"https:\/\/www.skolamichael.cz\/cs\/#website"},"datePublished":"2023-10-13T14:20:52+00:00","dateModified":"2023-10-13T14:44:08+00:00","breadcrumb":{"@id":"https:\/\/www.skolamichael.cz\/cs\/projekty\/cesta-ke-vzdelani\/filmovy-festival-v-benatkach-biennale-di-venezia\/#breadcrumb"},"inLanguage":"cs","potentialAction":[{"@type":"ReadAction","target":["https:\/\/www.skolamichael.cz\/cs\/projekty\/cesta-ke-vzdelani\/filmovy-festival-v-benatkach-biennale-di-venezia\/"]}]},{"@type":"BreadcrumbList","@id":"https:\/\/www.skolamichael.cz\/cs\/projekty\/cesta-ke-vzdelani\/filmovy-festival-v-benatkach-biennale-di-venezia\/#breadcrumb","itemListElement":[{"@type":"ListItem","position":1,"name":"Dom\u016f","item":"https:\/\/www.skolamichael.cz\/cs\/"},{"@type":"ListItem","position":2,"name":"Projekty a st\u00e1\u017ee","item":"https:\/\/www.skolamichael.cz\/cs\/projekty\/"},{"@type":"ListItem","position":3,"name":"Cesta ke vzd\u011bl\u00e1n\u00ed","item":"https:\/\/www.skolamichael.cz\/cs\/projekty\/cesta-ke-vzdelani\/"},{"@type":"ListItem","position":4,"name":"Filmov\u00fd festival v\u00a0Ben\u00e1tk\u00e1ch \u2013 Biennale di Venezia"}]},{"@type":"WebSite","@id":"https:\/\/www.skolamichael.cz\/cs\/#website","url":"https:\/\/www.skolamichael.cz\/cs\/","name":"MICHAEL","description":"St\u0159edn\u00ed \u0161kola, Gymn\u00e1zium a Vy\u0161\u0161\u00ed odborn\u00e1 \u0161kola","publisher":{"@id":"https:\/\/www.skolamichael.cz\/cs\/#organization"},"alternateName":"St\u0159edn\u00ed \u0161kola, Gymn\u00e1zium a Vy\u0161\u0161\u00ed odborn\u00e1 \u0161kola","potentialAction":[{"@type":"SearchAction","target":{"@type":"EntryPoint","urlTemplate":"https:\/\/www.skolamichael.cz\/cs\/?s={search_term_string}"},"query-input":{"@type":"PropertyValueSpecification","valueRequired":true,"valueName":"search_term_string"}}],"inLanguage":"cs"},{"@type":"Organization","@id":"https:\/\/www.skolamichael.cz\/cs\/#organization","name":"Michael \u2013 St\u0159edn\u00ed \u0161kola, Gymn\u00e1zium a Vy\u0161\u0161\u00ed odborn\u00e1 \u0161kola, s.r.o.","url":"https:\/\/www.skolamichael.cz\/cs\/","logo":{"@type":"ImageObject","inLanguage":"cs","@id":"https:\/\/www.skolamichael.cz\/cs\/#\/schema\/logo\/image\/","url":"https:\/\/www.skolamichael.cz\/wp-content\/uploads\/2019\/03\/logo_michael_final_ctverec1-1.jpg","contentUrl":"https:\/\/www.skolamichael.cz\/wp-content\/uploads\/2019\/03\/logo_michael_final_ctverec1-1.jpg","width":400,"height":400,"caption":"Michael \u2013 St\u0159edn\u00ed \u0161kola, Gymn\u00e1zium a Vy\u0161\u0161\u00ed odborn\u00e1 \u0161kola, s.r.o."},"image":{"@id":"https:\/\/www.skolamichael.cz\/cs\/#\/schema\/logo\/image\/"},"sameAs":["http:\/\/www.facebook.com\/skolamichael","https:\/\/www.instagram.com\/skola_michael\/"]}]}},"_links":{"self":[{"href":"https:\/\/www.skolamichael.cz\/cs\/wp-json\/wp\/v2\/pages\/12261","targetHints":{"allow":["GET"]}}],"collection":[{"href":"https:\/\/www.skolamichael.cz\/cs\/wp-json\/wp\/v2\/pages"}],"about":[{"href":"https:\/\/www.skolamichael.cz\/cs\/wp-json\/wp\/v2\/types\/page"}],"author":[{"embeddable":true,"href":"https:\/\/www.skolamichael.cz\/cs\/wp-json\/wp\/v2\/users\/14"}],"replies":[{"embeddable":true,"href":"https:\/\/www.skolamichael.cz\/cs\/wp-json\/wp\/v2\/comments?post=12261"}],"version-history":[{"count":3,"href":"https:\/\/www.skolamichael.cz\/cs\/wp-json\/wp\/v2\/pages\/12261\/revisions"}],"predecessor-version":[{"id":12290,"href":"https:\/\/www.skolamichael.cz\/cs\/wp-json\/wp\/v2\/pages\/12261\/revisions\/12290"}],"up":[{"embeddable":true,"href":"https:\/\/www.skolamichael.cz\/cs\/wp-json\/wp\/v2\/pages\/10712"}],"wp:attachment":[{"href":"https:\/\/www.skolamichael.cz\/cs\/wp-json\/wp\/v2\/media?parent=12261"}],"curies":[{"name":"wp","href":"https:\/\/api.w.org\/{rel}","templated":true}]}}