{"id":12516,"date":"2023-11-09T15:19:34","date_gmt":"2023-11-09T14:19:34","guid":{"rendered":"https:\/\/www.skolamichael.cz\/?page_id=12516"},"modified":"2024-01-29T16:18:56","modified_gmt":"2024-01-29T15:18:56","slug":"digitalni-propast","status":"publish","type":"page","link":"https:\/\/www.skolamichael.cz\/cs\/projekty\/digitalni-propast\/","title":{"rendered":"Digit\u00e1ln\u00ed propast"},"content":{"rendered":"<p class=\"x_MsoNormal\"><strong>N\u00e1zev<\/strong>:\u00a0V\u00fdzva Ministerstva \u0161kolstv\u00ed, ml\u00e1de\u017ee a t\u011blov\u00fdchovy k p\u0159edkl\u00e1d\u00e1n\u00ed \u017e\u00e1dost\u00ed o poskytnut\u00ed dotace z N\u00e1rodn\u00edho pl\u00e1nu obnovy na podporu prevence digit\u00e1ln\u00ed propasti \u2013 po\u0159\u00edzen\u00ed mobiln\u00edch digit\u00e1ln\u00edch technologi\u00ed a podporu vybaven\u00ed \u0161kol digit\u00e1ln\u00edmi u\u010debn\u00edmi pom\u016fckami pro rozvoj informatick\u00e9ho my\u0161len\u00ed \u017e\u00e1k\u016f a jejich digit\u00e1ln\u00edch kompetenc\u00ed ur\u010den\u00e1 pro z\u00e1kladn\u00ed \u0161koly, st\u0159edn\u00ed \u0161koly a konzervato\u0159e, jejich\u017e z\u0159izovatelem nen\u00ed st\u00e1t, kraj, obec nebo dobrovoln\u00fd svazek obc\u00ed, pro kalend\u00e1\u0159n\u00ed rok 2023.<\/p>\n<p class=\"x_MsoNormal\"><strong>Registra\u010dn\u00ed \u010d\u00edslo<\/strong>: MSMT-8393\/2023-2<\/p>\n<p><strong>Term\u00edn<\/strong>: 1.\u00a01. 2023 \u2013 31. 12. 2023<\/p>\n<p><img loading=\"lazy\" decoding=\"async\" class=\"alignnone wp-image-12940\" src=\"https:\/\/www.skolamichael.cz\/wp-content\/uploads\/2024\/01\/Screenshot_2.jpg\" alt=\"\" width=\"529\" height=\"624\" srcset=\"https:\/\/www.skolamichael.cz\/wp-content\/uploads\/2024\/01\/Screenshot_2.jpg 712w, https:\/\/www.skolamichael.cz\/wp-content\/uploads\/2024\/01\/Screenshot_2-254x300.jpg 254w\" sizes=\"auto, (max-width: 529px) 100vw, 529px\" \/><\/p>\n<p>M\u0160MT v r\u00e1mci implementace N\u00e1rodn\u00edho pl\u00e1nu obnovy <strong>na podporu prevence digit\u00e1ln\u00ed propasti &#8211; oblast A<\/strong>, poskytlo na\u0161\u00ed \u0161kole finan\u010dn\u00ed prost\u0159edky na po\u0159\u00edzen\u00ed mobiln\u00edch digit\u00e1ln\u00edch technologi\u00ed ur\u010den\u00fdch pro studenty st\u0159edn\u00ed \u0161koly. Z t\u011bchto prost\u0159edk\u016f \u0161kola nakoupila iPady pro obory Grafick\u00fd design a Filmov\u00e1 tvorba. Tyto iPady se pr\u016fb\u011b\u017en\u011b zap\u016fj\u010duj\u00ed student\u016fm \u0161koly, kte\u0159\u00ed nemaj\u00ed k dispozici digit\u00e1ln\u00ed techniku pro vzd\u011bl\u00e1v\u00e1n\u00ed.<\/p>\n<p>Druh\u00e1 \u010d\u00e1st &#8211; <strong>oblast B poskytnut\u00e9 dotace bude na podporu vybaven\u00ed \u0161kol digit\u00e1ln\u00edmi u\u010debn\u00edmi pom\u016fckami<\/strong>.<br \/>\nZ t\u011bchto prost\u0159edk\u016f \u0161kola nakoupila iPady pro obory Grafick\u00fd design a filmovou techniku pro obor Filmov\u00e1 tvorba.<\/p>\n","protected":false},"excerpt":{"rendered":"<p>N\u00e1zev:\u00a0V\u00fdzva Ministerstva \u0161kolstv\u00ed, ml\u00e1de\u017ee a t\u011blov\u00fdchovy k p\u0159edkl\u00e1d\u00e1n\u00ed \u017e\u00e1dost\u00ed o poskytnut\u00ed dotace z N\u00e1rodn\u00edho pl\u00e1nu obnovy na podporu prevence digit\u00e1ln\u00ed propasti \u2013 po\u0159\u00edzen\u00ed mobiln\u00edch digit\u00e1ln\u00edch technologi\u00ed a podporu vybaven\u00ed \u0161kol digit\u00e1ln\u00edmi u\u010debn\u00edmi pom\u016fckami pro rozvoj informatick\u00e9ho my\u0161len\u00ed \u017e\u00e1k\u016f a jejich digit\u00e1ln\u00edch kompetenc\u00ed ur\u010den\u00e1 pro z\u00e1kladn\u00ed \u0161koly, st\u0159edn\u00ed \u0161koly a konzervato\u0159e, jejich\u017e z\u0159izovatelem nen\u00ed st\u00e1t, kraj, [&hellip;]<\/p>\n","protected":false},"author":14,"featured_media":0,"parent":3828,"menu_order":0,"comment_status":"closed","ping_status":"closed","template":"","meta":{"_acf_changed":false,"footnotes":""},"class_list":["post-12516","page","type-page","status-publish","hentry"],"acf":[],"yoast_head":"<!-- This site is optimized with the Yoast SEO plugin v27.1.1 - https:\/\/yoast.com\/product\/yoast-seo-wordpress\/ -->\n<title>Digit\u00e1ln\u00ed propast | MICHAEL<\/title>\n<meta name=\"robots\" content=\"index, follow, max-snippet:-1, max-image-preview:large, max-video-preview:-1\" \/>\n<link rel=\"canonical\" href=\"https:\/\/www.skolamichael.cz\/cs\/projekty\/digitalni-propast\/\" \/>\n<meta property=\"og:locale\" content=\"cs_CZ\" \/>\n<meta property=\"og:type\" content=\"article\" \/>\n<meta property=\"og:title\" content=\"Digit\u00e1ln\u00ed propast | MICHAEL\" \/>\n<meta property=\"og:description\" content=\"N\u00e1zev:\u00a0V\u00fdzva Ministerstva \u0161kolstv\u00ed, ml\u00e1de\u017ee a t\u011blov\u00fdchovy k p\u0159edkl\u00e1d\u00e1n\u00ed \u017e\u00e1dost\u00ed o poskytnut\u00ed dotace z N\u00e1rodn\u00edho pl\u00e1nu obnovy na podporu prevence digit\u00e1ln\u00ed propasti \u2013 po\u0159\u00edzen\u00ed mobiln\u00edch digit\u00e1ln\u00edch technologi\u00ed a podporu vybaven\u00ed \u0161kol digit\u00e1ln\u00edmi u\u010debn\u00edmi pom\u016fckami pro rozvoj informatick\u00e9ho my\u0161len\u00ed \u017e\u00e1k\u016f a jejich digit\u00e1ln\u00edch kompetenc\u00ed ur\u010den\u00e1 pro z\u00e1kladn\u00ed \u0161koly, st\u0159edn\u00ed \u0161koly a konzervato\u0159e, jejich\u017e z\u0159izovatelem nen\u00ed st\u00e1t, kraj, [&hellip;]\" \/>\n<meta property=\"og:url\" content=\"https:\/\/www.skolamichael.cz\/cs\/projekty\/digitalni-propast\/\" \/>\n<meta property=\"og:site_name\" content=\"MICHAEL\" \/>\n<meta property=\"article:publisher\" content=\"http:\/\/www.facebook.com\/skolamichael\" \/>\n<meta property=\"article:modified_time\" content=\"2024-01-29T15:18:56+00:00\" \/>\n<meta property=\"og:image\" content=\"https:\/\/www.skolamichael.cz\/wp-content\/uploads\/2024\/01\/Screenshot_2.jpg\" \/>\n\t<meta property=\"og:image:width\" content=\"712\" \/>\n\t<meta property=\"og:image:height\" content=\"840\" \/>\n\t<meta property=\"og:image:type\" content=\"image\/jpeg\" \/>\n<meta name=\"twitter:card\" content=\"summary_large_image\" \/>\n<meta name=\"twitter:label1\" content=\"Odhadovan\u00e1 doba \u010dten\u00ed\" \/>\n\t<meta name=\"twitter:data1\" content=\"1 minuta\" \/>\n<script type=\"application\/ld+json\" class=\"yoast-schema-graph\">{\"@context\":\"https:\/\/schema.org\",\"@graph\":[{\"@type\":\"WebPage\",\"@id\":\"https:\/\/www.skolamichael.cz\/cs\/projekty\/digitalni-propast\/\",\"url\":\"https:\/\/www.skolamichael.cz\/cs\/projekty\/digitalni-propast\/\",\"name\":\"Digit\u00e1ln\u00ed propast | MICHAEL\",\"isPartOf\":{\"@id\":\"https:\/\/www.skolamichael.cz\/cs\/#website\"},\"primaryImageOfPage\":{\"@id\":\"https:\/\/www.skolamichael.cz\/cs\/projekty\/digitalni-propast\/#primaryimage\"},\"image\":{\"@id\":\"https:\/\/www.skolamichael.cz\/cs\/projekty\/digitalni-propast\/#primaryimage\"},\"thumbnailUrl\":\"https:\/\/www.skolamichael.cz\/wp-content\/uploads\/2024\/01\/Screenshot_2.jpg\",\"datePublished\":\"2023-11-09T14:19:34+00:00\",\"dateModified\":\"2024-01-29T15:18:56+00:00\",\"breadcrumb\":{\"@id\":\"https:\/\/www.skolamichael.cz\/cs\/projekty\/digitalni-propast\/#breadcrumb\"},\"inLanguage\":\"cs\",\"potentialAction\":[{\"@type\":\"ReadAction\",\"target\":[\"https:\/\/www.skolamichael.cz\/cs\/projekty\/digitalni-propast\/\"]}]},{\"@type\":\"ImageObject\",\"inLanguage\":\"cs\",\"@id\":\"https:\/\/www.skolamichael.cz\/cs\/projekty\/digitalni-propast\/#primaryimage\",\"url\":\"https:\/\/www.skolamichael.cz\/wp-content\/uploads\/2024\/01\/Screenshot_2.jpg\",\"contentUrl\":\"https:\/\/www.skolamichael.cz\/wp-content\/uploads\/2024\/01\/Screenshot_2.jpg\"},{\"@type\":\"BreadcrumbList\",\"@id\":\"https:\/\/www.skolamichael.cz\/cs\/projekty\/digitalni-propast\/#breadcrumb\",\"itemListElement\":[{\"@type\":\"ListItem\",\"position\":1,\"name\":\"Dom\u016f\",\"item\":\"https:\/\/www.skolamichael.cz\/cs\/\"},{\"@type\":\"ListItem\",\"position\":2,\"name\":\"Projekty a st\u00e1\u017ee\",\"item\":\"https:\/\/www.skolamichael.cz\/cs\/projekty\/\"},{\"@type\":\"ListItem\",\"position\":3,\"name\":\"Digit\u00e1ln\u00ed propast\"}]},{\"@type\":\"WebSite\",\"@id\":\"https:\/\/www.skolamichael.cz\/cs\/#website\",\"url\":\"https:\/\/www.skolamichael.cz\/cs\/\",\"name\":\"MICHAEL\",\"description\":\"St\u0159edn\u00ed \u0161kola, Gymn\u00e1zium a Vy\u0161\u0161\u00ed odborn\u00e1 \u0161kola\",\"publisher\":{\"@id\":\"https:\/\/www.skolamichael.cz\/cs\/#organization\"},\"alternateName\":\"St\u0159edn\u00ed \u0161kola, Gymn\u00e1zium a Vy\u0161\u0161\u00ed odborn\u00e1 \u0161kola\",\"potentialAction\":[{\"@type\":\"SearchAction\",\"target\":{\"@type\":\"EntryPoint\",\"urlTemplate\":\"https:\/\/www.skolamichael.cz\/cs\/?s={search_term_string}\"},\"query-input\":{\"@type\":\"PropertyValueSpecification\",\"valueRequired\":true,\"valueName\":\"search_term_string\"}}],\"inLanguage\":\"cs\"},{\"@type\":\"Organization\",\"@id\":\"https:\/\/www.skolamichael.cz\/cs\/#organization\",\"name\":\"Michael \u2013 St\u0159edn\u00ed \u0161kola, Gymn\u00e1zium a Vy\u0161\u0161\u00ed odborn\u00e1 \u0161kola, s.r.o.\",\"url\":\"https:\/\/www.skolamichael.cz\/cs\/\",\"logo\":{\"@type\":\"ImageObject\",\"inLanguage\":\"cs\",\"@id\":\"https:\/\/www.skolamichael.cz\/cs\/#\/schema\/logo\/image\/\",\"url\":\"https:\/\/www.skolamichael.cz\/wp-content\/uploads\/2019\/03\/logo_michael_final_ctverec1-1.jpg\",\"contentUrl\":\"https:\/\/www.skolamichael.cz\/wp-content\/uploads\/2019\/03\/logo_michael_final_ctverec1-1.jpg\",\"width\":400,\"height\":400,\"caption\":\"Michael \u2013 St\u0159edn\u00ed \u0161kola, Gymn\u00e1zium a Vy\u0161\u0161\u00ed odborn\u00e1 \u0161kola, s.r.o.\"},\"image\":{\"@id\":\"https:\/\/www.skolamichael.cz\/cs\/#\/schema\/logo\/image\/\"},\"sameAs\":[\"http:\/\/www.facebook.com\/skolamichael\",\"https:\/\/www.instagram.com\/skola_michael\/\"]}]}<\/script>\n<!-- \/ Yoast SEO plugin. -->","yoast_head_json":{"title":"Digit\u00e1ln\u00ed propast | MICHAEL","robots":{"index":"index","follow":"follow","max-snippet":"max-snippet:-1","max-image-preview":"max-image-preview:large","max-video-preview":"max-video-preview:-1"},"canonical":"https:\/\/www.skolamichael.cz\/cs\/projekty\/digitalni-propast\/","og_locale":"cs_CZ","og_type":"article","og_title":"Digit\u00e1ln\u00ed propast | MICHAEL","og_description":"N\u00e1zev:\u00a0V\u00fdzva Ministerstva \u0161kolstv\u00ed, ml\u00e1de\u017ee a t\u011blov\u00fdchovy k p\u0159edkl\u00e1d\u00e1n\u00ed \u017e\u00e1dost\u00ed o poskytnut\u00ed dotace z N\u00e1rodn\u00edho pl\u00e1nu obnovy na podporu prevence digit\u00e1ln\u00ed propasti \u2013 po\u0159\u00edzen\u00ed mobiln\u00edch digit\u00e1ln\u00edch technologi\u00ed a podporu vybaven\u00ed \u0161kol digit\u00e1ln\u00edmi u\u010debn\u00edmi pom\u016fckami pro rozvoj informatick\u00e9ho my\u0161len\u00ed \u017e\u00e1k\u016f a jejich digit\u00e1ln\u00edch kompetenc\u00ed ur\u010den\u00e1 pro z\u00e1kladn\u00ed \u0161koly, st\u0159edn\u00ed \u0161koly a konzervato\u0159e, jejich\u017e z\u0159izovatelem nen\u00ed st\u00e1t, kraj, [&hellip;]","og_url":"https:\/\/www.skolamichael.cz\/cs\/projekty\/digitalni-propast\/","og_site_name":"MICHAEL","article_publisher":"http:\/\/www.facebook.com\/skolamichael","article_modified_time":"2024-01-29T15:18:56+00:00","og_image":[{"width":712,"height":840,"url":"https:\/\/www.skolamichael.cz\/wp-content\/uploads\/2024\/01\/Screenshot_2.jpg","type":"image\/jpeg"}],"twitter_card":"summary_large_image","twitter_misc":{"Odhadovan\u00e1 doba \u010dten\u00ed":"1 minuta"},"schema":{"@context":"https:\/\/schema.org","@graph":[{"@type":"WebPage","@id":"https:\/\/www.skolamichael.cz\/cs\/projekty\/digitalni-propast\/","url":"https:\/\/www.skolamichael.cz\/cs\/projekty\/digitalni-propast\/","name":"Digit\u00e1ln\u00ed propast | MICHAEL","isPartOf":{"@id":"https:\/\/www.skolamichael.cz\/cs\/#website"},"primaryImageOfPage":{"@id":"https:\/\/www.skolamichael.cz\/cs\/projekty\/digitalni-propast\/#primaryimage"},"image":{"@id":"https:\/\/www.skolamichael.cz\/cs\/projekty\/digitalni-propast\/#primaryimage"},"thumbnailUrl":"https:\/\/www.skolamichael.cz\/wp-content\/uploads\/2024\/01\/Screenshot_2.jpg","datePublished":"2023-11-09T14:19:34+00:00","dateModified":"2024-01-29T15:18:56+00:00","breadcrumb":{"@id":"https:\/\/www.skolamichael.cz\/cs\/projekty\/digitalni-propast\/#breadcrumb"},"inLanguage":"cs","potentialAction":[{"@type":"ReadAction","target":["https:\/\/www.skolamichael.cz\/cs\/projekty\/digitalni-propast\/"]}]},{"@type":"ImageObject","inLanguage":"cs","@id":"https:\/\/www.skolamichael.cz\/cs\/projekty\/digitalni-propast\/#primaryimage","url":"https:\/\/www.skolamichael.cz\/wp-content\/uploads\/2024\/01\/Screenshot_2.jpg","contentUrl":"https:\/\/www.skolamichael.cz\/wp-content\/uploads\/2024\/01\/Screenshot_2.jpg"},{"@type":"BreadcrumbList","@id":"https:\/\/www.skolamichael.cz\/cs\/projekty\/digitalni-propast\/#breadcrumb","itemListElement":[{"@type":"ListItem","position":1,"name":"Dom\u016f","item":"https:\/\/www.skolamichael.cz\/cs\/"},{"@type":"ListItem","position":2,"name":"Projekty a st\u00e1\u017ee","item":"https:\/\/www.skolamichael.cz\/cs\/projekty\/"},{"@type":"ListItem","position":3,"name":"Digit\u00e1ln\u00ed propast"}]},{"@type":"WebSite","@id":"https:\/\/www.skolamichael.cz\/cs\/#website","url":"https:\/\/www.skolamichael.cz\/cs\/","name":"MICHAEL","description":"St\u0159edn\u00ed \u0161kola, Gymn\u00e1zium a Vy\u0161\u0161\u00ed odborn\u00e1 \u0161kola","publisher":{"@id":"https:\/\/www.skolamichael.cz\/cs\/#organization"},"alternateName":"St\u0159edn\u00ed \u0161kola, Gymn\u00e1zium a Vy\u0161\u0161\u00ed odborn\u00e1 \u0161kola","potentialAction":[{"@type":"SearchAction","target":{"@type":"EntryPoint","urlTemplate":"https:\/\/www.skolamichael.cz\/cs\/?s={search_term_string}"},"query-input":{"@type":"PropertyValueSpecification","valueRequired":true,"valueName":"search_term_string"}}],"inLanguage":"cs"},{"@type":"Organization","@id":"https:\/\/www.skolamichael.cz\/cs\/#organization","name":"Michael \u2013 St\u0159edn\u00ed \u0161kola, Gymn\u00e1zium a Vy\u0161\u0161\u00ed odborn\u00e1 \u0161kola, s.r.o.","url":"https:\/\/www.skolamichael.cz\/cs\/","logo":{"@type":"ImageObject","inLanguage":"cs","@id":"https:\/\/www.skolamichael.cz\/cs\/#\/schema\/logo\/image\/","url":"https:\/\/www.skolamichael.cz\/wp-content\/uploads\/2019\/03\/logo_michael_final_ctverec1-1.jpg","contentUrl":"https:\/\/www.skolamichael.cz\/wp-content\/uploads\/2019\/03\/logo_michael_final_ctverec1-1.jpg","width":400,"height":400,"caption":"Michael \u2013 St\u0159edn\u00ed \u0161kola, Gymn\u00e1zium a Vy\u0161\u0161\u00ed odborn\u00e1 \u0161kola, s.r.o."},"image":{"@id":"https:\/\/www.skolamichael.cz\/cs\/#\/schema\/logo\/image\/"},"sameAs":["http:\/\/www.facebook.com\/skolamichael","https:\/\/www.instagram.com\/skola_michael\/"]}]}},"_links":{"self":[{"href":"https:\/\/www.skolamichael.cz\/cs\/wp-json\/wp\/v2\/pages\/12516","targetHints":{"allow":["GET"]}}],"collection":[{"href":"https:\/\/www.skolamichael.cz\/cs\/wp-json\/wp\/v2\/pages"}],"about":[{"href":"https:\/\/www.skolamichael.cz\/cs\/wp-json\/wp\/v2\/types\/page"}],"author":[{"embeddable":true,"href":"https:\/\/www.skolamichael.cz\/cs\/wp-json\/wp\/v2\/users\/14"}],"replies":[{"embeddable":true,"href":"https:\/\/www.skolamichael.cz\/cs\/wp-json\/wp\/v2\/comments?post=12516"}],"version-history":[{"count":3,"href":"https:\/\/www.skolamichael.cz\/cs\/wp-json\/wp\/v2\/pages\/12516\/revisions"}],"predecessor-version":[{"id":12942,"href":"https:\/\/www.skolamichael.cz\/cs\/wp-json\/wp\/v2\/pages\/12516\/revisions\/12942"}],"up":[{"embeddable":true,"href":"https:\/\/www.skolamichael.cz\/cs\/wp-json\/wp\/v2\/pages\/3828"}],"wp:attachment":[{"href":"https:\/\/www.skolamichael.cz\/cs\/wp-json\/wp\/v2\/media?parent=12516"}],"curies":[{"name":"wp","href":"https:\/\/api.w.org\/{rel}","templated":true}]}}