{"id":12706,"date":"2023-12-01T15:45:24","date_gmt":"2023-12-01T14:45:24","guid":{"rendered":"https:\/\/www.skolamichael.cz\/?page_id=12706"},"modified":"2023-12-01T16:12:40","modified_gmt":"2023-12-01T15:12:40","slug":"cerv-workshop-dokumentarni-fotografie","status":"publish","type":"page","link":"https:\/\/www.skolamichael.cz\/cs\/projekty\/archiv-projektu\/cerv-cz\/cerv-workshop-dokumentarni-fotografie\/","title":{"rendered":"CeRV \u2013 workshop dokument\u00e1rn\u00ed fotografie"},"content":{"rendered":"<p class=\"Text\">Workshop na t\u00e9ma <b>dokument\u00e1rn\u00ed fotografie<\/b> pod veden\u00edm <a href=\"https:\/\/www.akademiemichael.cz\/pedagogove\/3544-2\/\">Doc. Karla Cudl\u00edna<\/a>, <a href=\"https:\/\/www.akademiemichael.cz\/pedagogove\/mga-zdenek-lhotak\/\">Zde\u0148ka Lhot\u00e1ka<\/a> a <a href=\"https:\/\/www.akademiemichael.cz\/pedagogove\/mga-andrea-thiel-lhotakova\/\">Andrey Thiel Lhot\u00e1kov\u00e9<\/a> byl zah\u00e1jen teoretickou p\u0159edn\u00e1\u0161kou a prezentac\u00ed vlastn\u00ed tvorby pedagog\u016f. Praktick\u00e1 uk\u00e1zka a samostatn\u00e1 pr\u00e1ce \u00fa\u010dastn\u00edk\u016f workshopu prob\u011bhla v pam\u00e1tn\u00edku bubensk\u00e9ho n\u00e1dra\u017e\u00ed. \u00da\u010dastn\u00edci pod veden\u00edm pedagog\u016f dokumentovali v\u00fdklad v interi\u00e9ru pam\u00e1tn\u00edku genocidy \u017eidovsk\u00fdch obyvatel a n\u00e1sledn\u011b i pr\u016fb\u011bh stavebn\u00edch prac\u00ed v budovan\u00e9m are\u00e1lu.<\/p>\n<p>Text: Zden\u011bk Lhot\u00e1k<br \/>\nFoto: Tade\u00e1\u0161 Hl\u00e1sek, Berenika \u0160m\u00eddov\u00e1<\/p>\n<div id='gallery-1' class='gallery galleryid-12706 gallery-columns-1 gallery-size-full'><figure class='gallery-item'>\n\t\t\t<div class='gallery-icon landscape'>\n\t\t\t\t<a href='https:\/\/www.skolamichael.cz\/wp-content\/uploads\/2023\/12\/Hlasek_Bubny04.jpg'><img loading=\"lazy\" decoding=\"async\" width=\"1000\" height=\"667\" src=\"https:\/\/www.skolamichael.cz\/wp-content\/uploads\/2023\/12\/Hlasek_Bubny04.jpg\" class=\"attachment-full size-full\" alt=\"\" srcset=\"https:\/\/www.skolamichael.cz\/wp-content\/uploads\/2023\/12\/Hlasek_Bubny04.jpg 1000w, https:\/\/www.skolamichael.cz\/wp-content\/uploads\/2023\/12\/Hlasek_Bubny04-300x200.jpg 300w\" sizes=\"auto, (max-width: 1000px) 100vw, 1000px\" \/><\/a>\n\t\t\t<\/div><\/figure><figure class='gallery-item'>\n\t\t\t<div class='gallery-icon landscape'>\n\t\t\t\t<a href='https:\/\/www.skolamichael.cz\/wp-content\/uploads\/2023\/12\/Hlasek_Bubny07.jpg'><img loading=\"lazy\" decoding=\"async\" width=\"1000\" height=\"667\" src=\"https:\/\/www.skolamichael.cz\/wp-content\/uploads\/2023\/12\/Hlasek_Bubny07.jpg\" class=\"attachment-full size-full\" alt=\"\" srcset=\"https:\/\/www.skolamichael.cz\/wp-content\/uploads\/2023\/12\/Hlasek_Bubny07.jpg 1000w, https:\/\/www.skolamichael.cz\/wp-content\/uploads\/2023\/12\/Hlasek_Bubny07-300x200.jpg 300w\" sizes=\"auto, (max-width: 1000px) 100vw, 1000px\" \/><\/a>\n\t\t\t<\/div><\/figure><figure class='gallery-item'>\n\t\t\t<div class='gallery-icon landscape'>\n\t\t\t\t<a href='https:\/\/www.skolamichael.cz\/wp-content\/uploads\/2023\/12\/Hlasek_Bubny24.jpg'><img loading=\"lazy\" decoding=\"async\" width=\"1000\" height=\"667\" src=\"https:\/\/www.skolamichael.cz\/wp-content\/uploads\/2023\/12\/Hlasek_Bubny24.jpg\" class=\"attachment-full size-full\" alt=\"\" srcset=\"https:\/\/www.skolamichael.cz\/wp-content\/uploads\/2023\/12\/Hlasek_Bubny24.jpg 1000w, https:\/\/www.skolamichael.cz\/wp-content\/uploads\/2023\/12\/Hlasek_Bubny24-300x200.jpg 300w\" sizes=\"auto, (max-width: 1000px) 100vw, 1000px\" \/><\/a>\n\t\t\t<\/div><\/figure><figure class='gallery-item'>\n\t\t\t<div class='gallery-icon landscape'>\n\t\t\t\t<a href='https:\/\/www.skolamichael.cz\/wp-content\/uploads\/2023\/12\/Smidova_0364.jpg'><img loading=\"lazy\" decoding=\"async\" width=\"1000\" height=\"687\" src=\"https:\/\/www.skolamichael.cz\/wp-content\/uploads\/2023\/12\/Smidova_0364.jpg\" class=\"attachment-full size-full\" alt=\"\" srcset=\"https:\/\/www.skolamichael.cz\/wp-content\/uploads\/2023\/12\/Smidova_0364.jpg 1000w, https:\/\/www.skolamichael.cz\/wp-content\/uploads\/2023\/12\/Smidova_0364-300x206.jpg 300w\" sizes=\"auto, (max-width: 1000px) 100vw, 1000px\" \/><\/a>\n\t\t\t<\/div><\/figure><figure class='gallery-item'>\n\t\t\t<div class='gallery-icon landscape'>\n\t\t\t\t<a href='https:\/\/www.skolamichael.cz\/wp-content\/uploads\/2023\/12\/Smidova_0348.jpg'><img loading=\"lazy\" decoding=\"async\" width=\"1000\" height=\"667\" src=\"https:\/\/www.skolamichael.cz\/wp-content\/uploads\/2023\/12\/Smidova_0348.jpg\" class=\"attachment-full size-full\" alt=\"\" srcset=\"https:\/\/www.skolamichael.cz\/wp-content\/uploads\/2023\/12\/Smidova_0348.jpg 1000w, https:\/\/www.skolamichael.cz\/wp-content\/uploads\/2023\/12\/Smidova_0348-300x200.jpg 300w\" sizes=\"auto, (max-width: 1000px) 100vw, 1000px\" \/><\/a>\n\t\t\t<\/div><\/figure><figure class='gallery-item'>\n\t\t\t<div class='gallery-icon landscape'>\n\t\t\t\t<a href='https:\/\/www.skolamichael.cz\/wp-content\/uploads\/2023\/12\/Hlasek_Bubny11.jpg'><img loading=\"lazy\" decoding=\"async\" width=\"1000\" height=\"502\" src=\"https:\/\/www.skolamichael.cz\/wp-content\/uploads\/2023\/12\/Hlasek_Bubny11.jpg\" class=\"attachment-full size-full\" alt=\"\" srcset=\"https:\/\/www.skolamichael.cz\/wp-content\/uploads\/2023\/12\/Hlasek_Bubny11.jpg 1000w, https:\/\/www.skolamichael.cz\/wp-content\/uploads\/2023\/12\/Hlasek_Bubny11-300x151.jpg 300w\" sizes=\"auto, (max-width: 1000px) 100vw, 1000px\" \/><\/a>\n\t\t\t<\/div><\/figure><figure class='gallery-item'>\n\t\t\t<div class='gallery-icon portrait'>\n\t\t\t\t<a href='https:\/\/www.skolamichael.cz\/wp-content\/uploads\/2023\/12\/Hlasek_Bubny12.jpg'><img loading=\"lazy\" decoding=\"async\" width=\"667\" height=\"1000\" src=\"https:\/\/www.skolamichael.cz\/wp-content\/uploads\/2023\/12\/Hlasek_Bubny12.jpg\" class=\"attachment-full size-full\" alt=\"\" srcset=\"https:\/\/www.skolamichael.cz\/wp-content\/uploads\/2023\/12\/Hlasek_Bubny12.jpg 667w, https:\/\/www.skolamichael.cz\/wp-content\/uploads\/2023\/12\/Hlasek_Bubny12-200x300.jpg 200w\" sizes=\"auto, (max-width: 667px) 100vw, 667px\" \/><\/a>\n\t\t\t<\/div><\/figure><figure class='gallery-item'>\n\t\t\t<div class='gallery-icon landscape'>\n\t\t\t\t<a href='https:\/\/www.skolamichael.cz\/wp-content\/uploads\/2023\/12\/Hlasek_Bubny21.jpg'><img loading=\"lazy\" decoding=\"async\" width=\"1000\" height=\"667\" src=\"https:\/\/www.skolamichael.cz\/wp-content\/uploads\/2023\/12\/Hlasek_Bubny21.jpg\" class=\"attachment-full size-full\" alt=\"\" srcset=\"https:\/\/www.skolamichael.cz\/wp-content\/uploads\/2023\/12\/Hlasek_Bubny21.jpg 1000w, https:\/\/www.skolamichael.cz\/wp-content\/uploads\/2023\/12\/Hlasek_Bubny21-300x200.jpg 300w\" sizes=\"auto, (max-width: 1000px) 100vw, 1000px\" \/><\/a>\n\t\t\t<\/div><\/figure><figure class='gallery-item'>\n\t\t\t<div class='gallery-icon landscape'>\n\t\t\t\t<a href='https:\/\/www.skolamichael.cz\/wp-content\/uploads\/2023\/12\/Hlasek_Bubny15.jpg'><img loading=\"lazy\" decoding=\"async\" width=\"1000\" height=\"667\" src=\"https:\/\/www.skolamichael.cz\/wp-content\/uploads\/2023\/12\/Hlasek_Bubny15.jpg\" class=\"attachment-full size-full\" alt=\"\" srcset=\"https:\/\/www.skolamichael.cz\/wp-content\/uploads\/2023\/12\/Hlasek_Bubny15.jpg 1000w, https:\/\/www.skolamichael.cz\/wp-content\/uploads\/2023\/12\/Hlasek_Bubny15-300x200.jpg 300w\" sizes=\"auto, (max-width: 1000px) 100vw, 1000px\" \/><\/a>\n\t\t\t<\/div><\/figure><figure class='gallery-item'>\n\t\t\t<div class='gallery-icon landscape'>\n\t\t\t\t<a href='https:\/\/www.skolamichael.cz\/wp-content\/uploads\/2023\/12\/Hlasek_Bubny22.jpg'><img loading=\"lazy\" decoding=\"async\" width=\"1000\" height=\"667\" src=\"https:\/\/www.skolamichael.cz\/wp-content\/uploads\/2023\/12\/Hlasek_Bubny22.jpg\" class=\"attachment-full size-full\" alt=\"\" srcset=\"https:\/\/www.skolamichael.cz\/wp-content\/uploads\/2023\/12\/Hlasek_Bubny22.jpg 1000w, https:\/\/www.skolamichael.cz\/wp-content\/uploads\/2023\/12\/Hlasek_Bubny22-300x200.jpg 300w\" sizes=\"auto, (max-width: 1000px) 100vw, 1000px\" \/><\/a>\n\t\t\t<\/div><\/figure>\n\t\t<\/div>\n\n","protected":false},"excerpt":{"rendered":"<p>Workshop na t\u00e9ma dokument\u00e1rn\u00ed fotografie pod veden\u00edm Doc. Karla Cudl\u00edna, Zde\u0148ka Lhot\u00e1ka a Andrey Thiel Lhot\u00e1kov\u00e9 byl zah\u00e1jen teoretickou p\u0159edn\u00e1\u0161kou a prezentac\u00ed vlastn\u00ed tvorby pedagog\u016f. Praktick\u00e1 uk\u00e1zka a samostatn\u00e1 pr\u00e1ce \u00fa\u010dastn\u00edk\u016f workshopu prob\u011bhla v pam\u00e1tn\u00edku bubensk\u00e9ho n\u00e1dra\u017e\u00ed. \u00da\u010dastn\u00edci pod veden\u00edm pedagog\u016f dokumentovali v\u00fdklad v interi\u00e9ru pam\u00e1tn\u00edku genocidy \u017eidovsk\u00fdch obyvatel a n\u00e1sledn\u011b i pr\u016fb\u011bh stavebn\u00edch prac\u00ed [&hellip;]<\/p>\n","protected":false},"author":4,"featured_media":0,"parent":12695,"menu_order":0,"comment_status":"closed","ping_status":"closed","template":"","meta":{"_acf_changed":false,"footnotes":""},"class_list":["post-12706","page","type-page","status-publish","hentry"],"acf":[],"yoast_head":"<!-- This site is optimized with the Yoast SEO plugin v27.1.1 - https:\/\/yoast.com\/product\/yoast-seo-wordpress\/ -->\n<title>CeRV \u2013 workshop dokument\u00e1rn\u00ed fotografie | MICHAEL<\/title>\n<meta name=\"robots\" content=\"index, follow, max-snippet:-1, max-image-preview:large, max-video-preview:-1\" \/>\n<link rel=\"canonical\" href=\"https:\/\/www.skolamichael.cz\/cs\/projekty\/archiv-projektu\/cerv-cz\/cerv-workshop-dokumentarni-fotografie\/\" \/>\n<meta property=\"og:locale\" content=\"cs_CZ\" \/>\n<meta property=\"og:type\" content=\"article\" \/>\n<meta property=\"og:title\" content=\"CeRV \u2013 workshop dokument\u00e1rn\u00ed fotografie | MICHAEL\" \/>\n<meta property=\"og:description\" content=\"Workshop na t\u00e9ma dokument\u00e1rn\u00ed fotografie pod veden\u00edm Doc. Karla Cudl\u00edna, Zde\u0148ka Lhot\u00e1ka a Andrey Thiel Lhot\u00e1kov\u00e9 byl zah\u00e1jen teoretickou p\u0159edn\u00e1\u0161kou a prezentac\u00ed vlastn\u00ed tvorby pedagog\u016f. Praktick\u00e1 uk\u00e1zka a samostatn\u00e1 pr\u00e1ce \u00fa\u010dastn\u00edk\u016f workshopu prob\u011bhla v pam\u00e1tn\u00edku bubensk\u00e9ho n\u00e1dra\u017e\u00ed. \u00da\u010dastn\u00edci pod veden\u00edm pedagog\u016f dokumentovali v\u00fdklad v interi\u00e9ru pam\u00e1tn\u00edku genocidy \u017eidovsk\u00fdch obyvatel a n\u00e1sledn\u011b i pr\u016fb\u011bh stavebn\u00edch prac\u00ed [&hellip;]\" \/>\n<meta property=\"og:url\" content=\"https:\/\/www.skolamichael.cz\/cs\/projekty\/archiv-projektu\/cerv-cz\/cerv-workshop-dokumentarni-fotografie\/\" \/>\n<meta property=\"og:site_name\" content=\"MICHAEL\" \/>\n<meta property=\"article:publisher\" content=\"http:\/\/www.facebook.com\/skolamichael\" \/>\n<meta property=\"article:modified_time\" content=\"2023-12-01T15:12:40+00:00\" \/>\n<meta property=\"og:image\" content=\"https:\/\/www.skolamichael.cz\/wp-content\/uploads\/2023\/12\/Hlasek_Bubny04.jpg\" \/>\n<meta name=\"twitter:card\" content=\"summary_large_image\" \/>\n<meta name=\"twitter:label1\" content=\"Odhadovan\u00e1 doba \u010dten\u00ed\" \/>\n\t<meta name=\"twitter:data1\" content=\"1 minuta\" \/>\n<script type=\"application\/ld+json\" class=\"yoast-schema-graph\">{\"@context\":\"https:\/\/schema.org\",\"@graph\":[{\"@type\":\"WebPage\",\"@id\":\"https:\/\/www.skolamichael.cz\/cs\/projekty\/archiv-projektu\/cerv-cz\/cerv-workshop-dokumentarni-fotografie\/\",\"url\":\"https:\/\/www.skolamichael.cz\/cs\/projekty\/archiv-projektu\/cerv-cz\/cerv-workshop-dokumentarni-fotografie\/\",\"name\":\"CeRV \u2013 workshop dokument\u00e1rn\u00ed fotografie | MICHAEL\",\"isPartOf\":{\"@id\":\"https:\/\/www.skolamichael.cz\/cs\/#website\"},\"datePublished\":\"2023-12-01T14:45:24+00:00\",\"dateModified\":\"2023-12-01T15:12:40+00:00\",\"breadcrumb\":{\"@id\":\"https:\/\/www.skolamichael.cz\/cs\/projekty\/archiv-projektu\/cerv-cz\/cerv-workshop-dokumentarni-fotografie\/#breadcrumb\"},\"inLanguage\":\"cs\",\"potentialAction\":[{\"@type\":\"ReadAction\",\"target\":[\"https:\/\/www.skolamichael.cz\/cs\/projekty\/archiv-projektu\/cerv-cz\/cerv-workshop-dokumentarni-fotografie\/\"]}]},{\"@type\":\"BreadcrumbList\",\"@id\":\"https:\/\/www.skolamichael.cz\/cs\/projekty\/archiv-projektu\/cerv-cz\/cerv-workshop-dokumentarni-fotografie\/#breadcrumb\",\"itemListElement\":[{\"@type\":\"ListItem\",\"position\":1,\"name\":\"Dom\u016f\",\"item\":\"https:\/\/www.skolamichael.cz\/cs\/\"},{\"@type\":\"ListItem\",\"position\":2,\"name\":\"Projekty a st\u00e1\u017ee\",\"item\":\"https:\/\/www.skolamichael.cz\/cs\/projekty\/\"},{\"@type\":\"ListItem\",\"position\":3,\"name\":\"Archiv projekt\u016f\",\"item\":\"https:\/\/www.skolamichael.cz\/cs\/projekty\/archiv-projektu\/\"},{\"@type\":\"ListItem\",\"position\":4,\"name\":\"CeRV CZ\",\"item\":\"https:\/\/www.skolamichael.cz\/cs\/projekty\/archiv-projektu\/cerv-cz\/\"},{\"@type\":\"ListItem\",\"position\":5,\"name\":\"CeRV \u2013 workshop dokument\u00e1rn\u00ed fotografie\"}]},{\"@type\":\"WebSite\",\"@id\":\"https:\/\/www.skolamichael.cz\/cs\/#website\",\"url\":\"https:\/\/www.skolamichael.cz\/cs\/\",\"name\":\"MICHAEL\",\"description\":\"St\u0159edn\u00ed \u0161kola, Gymn\u00e1zium a Vy\u0161\u0161\u00ed odborn\u00e1 \u0161kola\",\"publisher\":{\"@id\":\"https:\/\/www.skolamichael.cz\/cs\/#organization\"},\"alternateName\":\"St\u0159edn\u00ed \u0161kola, Gymn\u00e1zium a Vy\u0161\u0161\u00ed odborn\u00e1 \u0161kola\",\"potentialAction\":[{\"@type\":\"SearchAction\",\"target\":{\"@type\":\"EntryPoint\",\"urlTemplate\":\"https:\/\/www.skolamichael.cz\/cs\/?s={search_term_string}\"},\"query-input\":{\"@type\":\"PropertyValueSpecification\",\"valueRequired\":true,\"valueName\":\"search_term_string\"}}],\"inLanguage\":\"cs\"},{\"@type\":\"Organization\",\"@id\":\"https:\/\/www.skolamichael.cz\/cs\/#organization\",\"name\":\"Michael \u2013 St\u0159edn\u00ed \u0161kola, Gymn\u00e1zium a Vy\u0161\u0161\u00ed odborn\u00e1 \u0161kola, s.r.o.\",\"url\":\"https:\/\/www.skolamichael.cz\/cs\/\",\"logo\":{\"@type\":\"ImageObject\",\"inLanguage\":\"cs\",\"@id\":\"https:\/\/www.skolamichael.cz\/cs\/#\/schema\/logo\/image\/\",\"url\":\"https:\/\/www.skolamichael.cz\/wp-content\/uploads\/2019\/03\/logo_michael_final_ctverec1-1.jpg\",\"contentUrl\":\"https:\/\/www.skolamichael.cz\/wp-content\/uploads\/2019\/03\/logo_michael_final_ctverec1-1.jpg\",\"width\":400,\"height\":400,\"caption\":\"Michael \u2013 St\u0159edn\u00ed \u0161kola, Gymn\u00e1zium a Vy\u0161\u0161\u00ed odborn\u00e1 \u0161kola, s.r.o.\"},\"image\":{\"@id\":\"https:\/\/www.skolamichael.cz\/cs\/#\/schema\/logo\/image\/\"},\"sameAs\":[\"http:\/\/www.facebook.com\/skolamichael\",\"https:\/\/www.instagram.com\/skola_michael\/\"]}]}<\/script>\n<!-- \/ Yoast SEO plugin. -->","yoast_head_json":{"title":"CeRV \u2013 workshop dokument\u00e1rn\u00ed fotografie | MICHAEL","robots":{"index":"index","follow":"follow","max-snippet":"max-snippet:-1","max-image-preview":"max-image-preview:large","max-video-preview":"max-video-preview:-1"},"canonical":"https:\/\/www.skolamichael.cz\/cs\/projekty\/archiv-projektu\/cerv-cz\/cerv-workshop-dokumentarni-fotografie\/","og_locale":"cs_CZ","og_type":"article","og_title":"CeRV \u2013 workshop dokument\u00e1rn\u00ed fotografie | MICHAEL","og_description":"Workshop na t\u00e9ma dokument\u00e1rn\u00ed fotografie pod veden\u00edm Doc. Karla Cudl\u00edna, Zde\u0148ka Lhot\u00e1ka a Andrey Thiel Lhot\u00e1kov\u00e9 byl zah\u00e1jen teoretickou p\u0159edn\u00e1\u0161kou a prezentac\u00ed vlastn\u00ed tvorby pedagog\u016f. Praktick\u00e1 uk\u00e1zka a samostatn\u00e1 pr\u00e1ce \u00fa\u010dastn\u00edk\u016f workshopu prob\u011bhla v pam\u00e1tn\u00edku bubensk\u00e9ho n\u00e1dra\u017e\u00ed. \u00da\u010dastn\u00edci pod veden\u00edm pedagog\u016f dokumentovali v\u00fdklad v interi\u00e9ru pam\u00e1tn\u00edku genocidy \u017eidovsk\u00fdch obyvatel a n\u00e1sledn\u011b i pr\u016fb\u011bh stavebn\u00edch prac\u00ed [&hellip;]","og_url":"https:\/\/www.skolamichael.cz\/cs\/projekty\/archiv-projektu\/cerv-cz\/cerv-workshop-dokumentarni-fotografie\/","og_site_name":"MICHAEL","article_publisher":"http:\/\/www.facebook.com\/skolamichael","article_modified_time":"2023-12-01T15:12:40+00:00","og_image":[{"url":"https:\/\/www.skolamichael.cz\/wp-content\/uploads\/2023\/12\/Hlasek_Bubny04.jpg","type":"","width":"","height":""}],"twitter_card":"summary_large_image","twitter_misc":{"Odhadovan\u00e1 doba \u010dten\u00ed":"1 minuta"},"schema":{"@context":"https:\/\/schema.org","@graph":[{"@type":"WebPage","@id":"https:\/\/www.skolamichael.cz\/cs\/projekty\/archiv-projektu\/cerv-cz\/cerv-workshop-dokumentarni-fotografie\/","url":"https:\/\/www.skolamichael.cz\/cs\/projekty\/archiv-projektu\/cerv-cz\/cerv-workshop-dokumentarni-fotografie\/","name":"CeRV \u2013 workshop dokument\u00e1rn\u00ed fotografie | MICHAEL","isPartOf":{"@id":"https:\/\/www.skolamichael.cz\/cs\/#website"},"datePublished":"2023-12-01T14:45:24+00:00","dateModified":"2023-12-01T15:12:40+00:00","breadcrumb":{"@id":"https:\/\/www.skolamichael.cz\/cs\/projekty\/archiv-projektu\/cerv-cz\/cerv-workshop-dokumentarni-fotografie\/#breadcrumb"},"inLanguage":"cs","potentialAction":[{"@type":"ReadAction","target":["https:\/\/www.skolamichael.cz\/cs\/projekty\/archiv-projektu\/cerv-cz\/cerv-workshop-dokumentarni-fotografie\/"]}]},{"@type":"BreadcrumbList","@id":"https:\/\/www.skolamichael.cz\/cs\/projekty\/archiv-projektu\/cerv-cz\/cerv-workshop-dokumentarni-fotografie\/#breadcrumb","itemListElement":[{"@type":"ListItem","position":1,"name":"Dom\u016f","item":"https:\/\/www.skolamichael.cz\/cs\/"},{"@type":"ListItem","position":2,"name":"Projekty a st\u00e1\u017ee","item":"https:\/\/www.skolamichael.cz\/cs\/projekty\/"},{"@type":"ListItem","position":3,"name":"Archiv projekt\u016f","item":"https:\/\/www.skolamichael.cz\/cs\/projekty\/archiv-projektu\/"},{"@type":"ListItem","position":4,"name":"CeRV CZ","item":"https:\/\/www.skolamichael.cz\/cs\/projekty\/archiv-projektu\/cerv-cz\/"},{"@type":"ListItem","position":5,"name":"CeRV \u2013 workshop dokument\u00e1rn\u00ed fotografie"}]},{"@type":"WebSite","@id":"https:\/\/www.skolamichael.cz\/cs\/#website","url":"https:\/\/www.skolamichael.cz\/cs\/","name":"MICHAEL","description":"St\u0159edn\u00ed \u0161kola, Gymn\u00e1zium a Vy\u0161\u0161\u00ed odborn\u00e1 \u0161kola","publisher":{"@id":"https:\/\/www.skolamichael.cz\/cs\/#organization"},"alternateName":"St\u0159edn\u00ed \u0161kola, Gymn\u00e1zium a Vy\u0161\u0161\u00ed odborn\u00e1 \u0161kola","potentialAction":[{"@type":"SearchAction","target":{"@type":"EntryPoint","urlTemplate":"https:\/\/www.skolamichael.cz\/cs\/?s={search_term_string}"},"query-input":{"@type":"PropertyValueSpecification","valueRequired":true,"valueName":"search_term_string"}}],"inLanguage":"cs"},{"@type":"Organization","@id":"https:\/\/www.skolamichael.cz\/cs\/#organization","name":"Michael \u2013 St\u0159edn\u00ed \u0161kola, Gymn\u00e1zium a Vy\u0161\u0161\u00ed odborn\u00e1 \u0161kola, s.r.o.","url":"https:\/\/www.skolamichael.cz\/cs\/","logo":{"@type":"ImageObject","inLanguage":"cs","@id":"https:\/\/www.skolamichael.cz\/cs\/#\/schema\/logo\/image\/","url":"https:\/\/www.skolamichael.cz\/wp-content\/uploads\/2019\/03\/logo_michael_final_ctverec1-1.jpg","contentUrl":"https:\/\/www.skolamichael.cz\/wp-content\/uploads\/2019\/03\/logo_michael_final_ctverec1-1.jpg","width":400,"height":400,"caption":"Michael \u2013 St\u0159edn\u00ed \u0161kola, Gymn\u00e1zium a Vy\u0161\u0161\u00ed odborn\u00e1 \u0161kola, s.r.o."},"image":{"@id":"https:\/\/www.skolamichael.cz\/cs\/#\/schema\/logo\/image\/"},"sameAs":["http:\/\/www.facebook.com\/skolamichael","https:\/\/www.instagram.com\/skola_michael\/"]}]}},"_links":{"self":[{"href":"https:\/\/www.skolamichael.cz\/cs\/wp-json\/wp\/v2\/pages\/12706","targetHints":{"allow":["GET"]}}],"collection":[{"href":"https:\/\/www.skolamichael.cz\/cs\/wp-json\/wp\/v2\/pages"}],"about":[{"href":"https:\/\/www.skolamichael.cz\/cs\/wp-json\/wp\/v2\/types\/page"}],"author":[{"embeddable":true,"href":"https:\/\/www.skolamichael.cz\/cs\/wp-json\/wp\/v2\/users\/4"}],"replies":[{"embeddable":true,"href":"https:\/\/www.skolamichael.cz\/cs\/wp-json\/wp\/v2\/comments?post=12706"}],"version-history":[{"count":3,"href":"https:\/\/www.skolamichael.cz\/cs\/wp-json\/wp\/v2\/pages\/12706\/revisions"}],"predecessor-version":[{"id":12730,"href":"https:\/\/www.skolamichael.cz\/cs\/wp-json\/wp\/v2\/pages\/12706\/revisions\/12730"}],"up":[{"embeddable":true,"href":"https:\/\/www.skolamichael.cz\/cs\/wp-json\/wp\/v2\/pages\/12695"}],"wp:attachment":[{"href":"https:\/\/www.skolamichael.cz\/cs\/wp-json\/wp\/v2\/media?parent=12706"}],"curies":[{"name":"wp","href":"https:\/\/api.w.org\/{rel}","templated":true}]}}