{"id":12787,"date":"2023-12-02T09:53:49","date_gmt":"2023-12-02T08:53:49","guid":{"rendered":"https:\/\/www.skolamichael.cz\/?page_id=12787"},"modified":"2023-12-02T09:53:49","modified_gmt":"2023-12-02T08:53:49","slug":"cerv-workshop-studiova-fotografie-pro-komerci-a-reklamu","status":"publish","type":"page","link":"https:\/\/www.skolamichael.cz\/cs\/projekty\/archiv-projektu\/cerv-cz\/cerv-workshop-studiova-fotografie-pro-komerci-a-reklamu\/","title":{"rendered":"CeRV &#8211; workshop studiov\u00e1 fotografie pro komerci a reklamu"},"content":{"rendered":"<p class=\"Text\">V r\u00e1mci workshopu na t\u00e9ma <b>studiov\u00e1 fotografie pro komerci a reklamu<\/b> si \u00fa\u010dastn\u00edci kurzu vyslechli p\u0159edn\u00e1\u0161ku s uk\u00e1zkami vlastn\u00ed pr\u00e1ce p\u0159edn\u00ed \u010desk\u00e9 reklamn\u00ed fotografky Al\u017eb\u011bty Jungrov\u00e9. Po p\u0159edn\u00e1\u0161ce prob\u011bhla beseda na t\u00e9ma reklamn\u00ed fotografie v\u010detn\u011b problematiky jedn\u00e1n\u00ed s klienty. Sou\u010d\u00e1st\u00ed workshopu byly uk\u00e1zky vyu\u017eit\u00ed r\u016fzn\u00fdch rekvizit a improvizovan\u00fdch prostorov\u00fdch \u0159e\u0161en\u00ed studia pro reklamn\u00ed i produktovou fotografii.<\/p>\n<p>Text: Zden\u011bk Lhot\u00e1k<br \/>\nFoto: Zden\u011bk Lhot\u00e1k, Michal Zelinka<\/p>\n<div id='gallery-1' class='gallery galleryid-12787 gallery-columns-1 gallery-size-full'><figure class='gallery-item'>\n\t\t\t<div class='gallery-icon landscape'>\n\t\t\t\t<a href='https:\/\/www.skolamichael.cz\/wp-content\/uploads\/2023\/12\/Zelinka-CERV-portret-123600.jpg'><img loading=\"lazy\" decoding=\"async\" width=\"1000\" height=\"614\" src=\"https:\/\/www.skolamichael.cz\/wp-content\/uploads\/2023\/12\/Zelinka-CERV-portret-123600.jpg\" class=\"attachment-full size-full\" alt=\"\" srcset=\"https:\/\/www.skolamichael.cz\/wp-content\/uploads\/2023\/12\/Zelinka-CERV-portret-123600.jpg 1000w, https:\/\/www.skolamichael.cz\/wp-content\/uploads\/2023\/12\/Zelinka-CERV-portret-123600-300x184.jpg 300w\" sizes=\"auto, (max-width: 1000px) 100vw, 1000px\" \/><\/a>\n\t\t\t<\/div><\/figure><figure class='gallery-item'>\n\t\t\t<div class='gallery-icon landscape'>\n\t\t\t\t<a href='https:\/\/www.skolamichael.cz\/wp-content\/uploads\/2023\/12\/ZL-CERV-Jungrova-3825.jpg'><img loading=\"lazy\" decoding=\"async\" width=\"1000\" height=\"750\" src=\"https:\/\/www.skolamichael.cz\/wp-content\/uploads\/2023\/12\/ZL-CERV-Jungrova-3825.jpg\" class=\"attachment-full size-full\" alt=\"\" srcset=\"https:\/\/www.skolamichael.cz\/wp-content\/uploads\/2023\/12\/ZL-CERV-Jungrova-3825.jpg 1000w, https:\/\/www.skolamichael.cz\/wp-content\/uploads\/2023\/12\/ZL-CERV-Jungrova-3825-300x225.jpg 300w\" sizes=\"auto, (max-width: 1000px) 100vw, 1000px\" \/><\/a>\n\t\t\t<\/div><\/figure><figure class='gallery-item'>\n\t\t\t<div class='gallery-icon landscape'>\n\t\t\t\t<a href='https:\/\/www.skolamichael.cz\/wp-content\/uploads\/2023\/12\/ZL-CERV-Jungrova-3813.jpg'><img loading=\"lazy\" decoding=\"async\" width=\"1000\" height=\"750\" src=\"https:\/\/www.skolamichael.cz\/wp-content\/uploads\/2023\/12\/ZL-CERV-Jungrova-3813.jpg\" class=\"attachment-full size-full\" alt=\"\" srcset=\"https:\/\/www.skolamichael.cz\/wp-content\/uploads\/2023\/12\/ZL-CERV-Jungrova-3813.jpg 1000w, https:\/\/www.skolamichael.cz\/wp-content\/uploads\/2023\/12\/ZL-CERV-Jungrova-3813-300x225.jpg 300w\" sizes=\"auto, (max-width: 1000px) 100vw, 1000px\" \/><\/a>\n\t\t\t<\/div><\/figure><figure class='gallery-item'>\n\t\t\t<div class='gallery-icon landscape'>\n\t\t\t\t<a href='https:\/\/www.skolamichael.cz\/wp-content\/uploads\/2023\/12\/ZL-CERV-Jungrova-3818.jpg'><img loading=\"lazy\" decoding=\"async\" width=\"1000\" height=\"750\" src=\"https:\/\/www.skolamichael.cz\/wp-content\/uploads\/2023\/12\/ZL-CERV-Jungrova-3818.jpg\" class=\"attachment-full size-full\" alt=\"\" srcset=\"https:\/\/www.skolamichael.cz\/wp-content\/uploads\/2023\/12\/ZL-CERV-Jungrova-3818.jpg 1000w, https:\/\/www.skolamichael.cz\/wp-content\/uploads\/2023\/12\/ZL-CERV-Jungrova-3818-300x225.jpg 300w\" sizes=\"auto, (max-width: 1000px) 100vw, 1000px\" \/><\/a>\n\t\t\t<\/div><\/figure><figure class='gallery-item'>\n\t\t\t<div class='gallery-icon landscape'>\n\t\t\t\t<a href='https:\/\/www.skolamichael.cz\/wp-content\/uploads\/2023\/12\/Zelinka-CERV-portret-130711.jpg'><img loading=\"lazy\" decoding=\"async\" width=\"1000\" height=\"667\" src=\"https:\/\/www.skolamichael.cz\/wp-content\/uploads\/2023\/12\/Zelinka-CERV-portret-130711.jpg\" class=\"attachment-full size-full\" alt=\"\" srcset=\"https:\/\/www.skolamichael.cz\/wp-content\/uploads\/2023\/12\/Zelinka-CERV-portret-130711.jpg 1000w, https:\/\/www.skolamichael.cz\/wp-content\/uploads\/2023\/12\/Zelinka-CERV-portret-130711-300x200.jpg 300w\" sizes=\"auto, (max-width: 1000px) 100vw, 1000px\" \/><\/a>\n\t\t\t<\/div><\/figure><figure class='gallery-item'>\n\t\t\t<div class='gallery-icon landscape'>\n\t\t\t\t<a href='https:\/\/www.skolamichael.cz\/wp-content\/uploads\/2023\/12\/ZL-CERV-Jungrova-3828.jpg'><img loading=\"lazy\" decoding=\"async\" width=\"1000\" height=\"750\" src=\"https:\/\/www.skolamichael.cz\/wp-content\/uploads\/2023\/12\/ZL-CERV-Jungrova-3828.jpg\" class=\"attachment-full size-full\" alt=\"\" srcset=\"https:\/\/www.skolamichael.cz\/wp-content\/uploads\/2023\/12\/ZL-CERV-Jungrova-3828.jpg 1000w, https:\/\/www.skolamichael.cz\/wp-content\/uploads\/2023\/12\/ZL-CERV-Jungrova-3828-300x225.jpg 300w\" sizes=\"auto, (max-width: 1000px) 100vw, 1000px\" \/><\/a>\n\t\t\t<\/div><\/figure><figure class='gallery-item'>\n\t\t\t<div class='gallery-icon landscape'>\n\t\t\t\t<a href='https:\/\/www.skolamichael.cz\/wp-content\/uploads\/2023\/12\/ZL-CERV-Jungrova-3833.jpg'><img loading=\"lazy\" decoding=\"async\" width=\"1000\" height=\"750\" src=\"https:\/\/www.skolamichael.cz\/wp-content\/uploads\/2023\/12\/ZL-CERV-Jungrova-3833.jpg\" class=\"attachment-full size-full\" alt=\"\" srcset=\"https:\/\/www.skolamichael.cz\/wp-content\/uploads\/2023\/12\/ZL-CERV-Jungrova-3833.jpg 1000w, https:\/\/www.skolamichael.cz\/wp-content\/uploads\/2023\/12\/ZL-CERV-Jungrova-3833-300x225.jpg 300w\" sizes=\"auto, (max-width: 1000px) 100vw, 1000px\" \/><\/a>\n\t\t\t<\/div><\/figure><figure class='gallery-item'>\n\t\t\t<div class='gallery-icon portrait'>\n\t\t\t\t<a href='https:\/\/www.skolamichael.cz\/wp-content\/uploads\/2023\/12\/ZL-CERV-Jungrova-5845.jpg'><img loading=\"lazy\" decoding=\"async\" width=\"574\" height=\"1000\" src=\"https:\/\/www.skolamichael.cz\/wp-content\/uploads\/2023\/12\/ZL-CERV-Jungrova-5845.jpg\" class=\"attachment-full size-full\" alt=\"\" srcset=\"https:\/\/www.skolamichael.cz\/wp-content\/uploads\/2023\/12\/ZL-CERV-Jungrova-5845.jpg 574w, https:\/\/www.skolamichael.cz\/wp-content\/uploads\/2023\/12\/ZL-CERV-Jungrova-5845-172x300.jpg 172w\" sizes=\"auto, (max-width: 574px) 100vw, 574px\" \/><\/a>\n\t\t\t<\/div><\/figure>\n\t\t<\/div>\n\n","protected":false},"excerpt":{"rendered":"<p>V r\u00e1mci workshopu na t\u00e9ma studiov\u00e1 fotografie pro komerci a reklamu si \u00fa\u010dastn\u00edci kurzu vyslechli p\u0159edn\u00e1\u0161ku s uk\u00e1zkami vlastn\u00ed pr\u00e1ce p\u0159edn\u00ed \u010desk\u00e9 reklamn\u00ed fotografky Al\u017eb\u011bty Jungrov\u00e9. Po p\u0159edn\u00e1\u0161ce prob\u011bhla beseda na t\u00e9ma reklamn\u00ed fotografie v\u010detn\u011b problematiky jedn\u00e1n\u00ed s klienty. Sou\u010d\u00e1st\u00ed workshopu byly uk\u00e1zky vyu\u017eit\u00ed r\u016fzn\u00fdch rekvizit a improvizovan\u00fdch prostorov\u00fdch \u0159e\u0161en\u00ed studia pro reklamn\u00ed i produktovou [&hellip;]<\/p>\n","protected":false},"author":4,"featured_media":0,"parent":12695,"menu_order":0,"comment_status":"closed","ping_status":"closed","template":"","meta":{"_acf_changed":false,"footnotes":""},"class_list":["post-12787","page","type-page","status-publish","hentry"],"acf":[],"yoast_head":"<!-- This site is optimized with the Yoast SEO plugin v27.1.1 - https:\/\/yoast.com\/product\/yoast-seo-wordpress\/ -->\n<title>CeRV &#8211; workshop studiov\u00e1 fotografie pro komerci a reklamu | MICHAEL<\/title>\n<meta name=\"robots\" content=\"index, follow, max-snippet:-1, max-image-preview:large, max-video-preview:-1\" \/>\n<link rel=\"canonical\" href=\"https:\/\/www.skolamichael.cz\/cs\/projekty\/archiv-projektu\/cerv-cz\/cerv-workshop-studiova-fotografie-pro-komerci-a-reklamu\/\" \/>\n<meta property=\"og:locale\" content=\"cs_CZ\" \/>\n<meta property=\"og:type\" content=\"article\" \/>\n<meta property=\"og:title\" content=\"CeRV &#8211; workshop studiov\u00e1 fotografie pro komerci a reklamu | MICHAEL\" \/>\n<meta property=\"og:description\" content=\"V r\u00e1mci workshopu na t\u00e9ma studiov\u00e1 fotografie pro komerci a reklamu si \u00fa\u010dastn\u00edci kurzu vyslechli p\u0159edn\u00e1\u0161ku s uk\u00e1zkami vlastn\u00ed pr\u00e1ce p\u0159edn\u00ed \u010desk\u00e9 reklamn\u00ed fotografky Al\u017eb\u011bty Jungrov\u00e9. Po p\u0159edn\u00e1\u0161ce prob\u011bhla beseda na t\u00e9ma reklamn\u00ed fotografie v\u010detn\u011b problematiky jedn\u00e1n\u00ed s klienty. Sou\u010d\u00e1st\u00ed workshopu byly uk\u00e1zky vyu\u017eit\u00ed r\u016fzn\u00fdch rekvizit a improvizovan\u00fdch prostorov\u00fdch \u0159e\u0161en\u00ed studia pro reklamn\u00ed i produktovou [&hellip;]\" \/>\n<meta property=\"og:url\" content=\"https:\/\/www.skolamichael.cz\/cs\/projekty\/archiv-projektu\/cerv-cz\/cerv-workshop-studiova-fotografie-pro-komerci-a-reklamu\/\" \/>\n<meta property=\"og:site_name\" content=\"MICHAEL\" \/>\n<meta property=\"article:publisher\" content=\"http:\/\/www.facebook.com\/skolamichael\" \/>\n<meta property=\"og:image\" content=\"https:\/\/www.skolamichael.cz\/wp-content\/uploads\/2023\/12\/Zelinka-CERV-portret-123600.jpg\" \/>\n<meta name=\"twitter:card\" content=\"summary_large_image\" \/>\n<script type=\"application\/ld+json\" class=\"yoast-schema-graph\">{\"@context\":\"https:\/\/schema.org\",\"@graph\":[{\"@type\":\"WebPage\",\"@id\":\"https:\/\/www.skolamichael.cz\/cs\/projekty\/archiv-projektu\/cerv-cz\/cerv-workshop-studiova-fotografie-pro-komerci-a-reklamu\/\",\"url\":\"https:\/\/www.skolamichael.cz\/cs\/projekty\/archiv-projektu\/cerv-cz\/cerv-workshop-studiova-fotografie-pro-komerci-a-reklamu\/\",\"name\":\"CeRV &#8211; workshop studiov\u00e1 fotografie pro komerci a reklamu | MICHAEL\",\"isPartOf\":{\"@id\":\"https:\/\/www.skolamichael.cz\/cs\/#website\"},\"datePublished\":\"2023-12-02T08:53:49+00:00\",\"breadcrumb\":{\"@id\":\"https:\/\/www.skolamichael.cz\/cs\/projekty\/archiv-projektu\/cerv-cz\/cerv-workshop-studiova-fotografie-pro-komerci-a-reklamu\/#breadcrumb\"},\"inLanguage\":\"cs\",\"potentialAction\":[{\"@type\":\"ReadAction\",\"target\":[\"https:\/\/www.skolamichael.cz\/cs\/projekty\/archiv-projektu\/cerv-cz\/cerv-workshop-studiova-fotografie-pro-komerci-a-reklamu\/\"]}]},{\"@type\":\"BreadcrumbList\",\"@id\":\"https:\/\/www.skolamichael.cz\/cs\/projekty\/archiv-projektu\/cerv-cz\/cerv-workshop-studiova-fotografie-pro-komerci-a-reklamu\/#breadcrumb\",\"itemListElement\":[{\"@type\":\"ListItem\",\"position\":1,\"name\":\"Dom\u016f\",\"item\":\"https:\/\/www.skolamichael.cz\/cs\/\"},{\"@type\":\"ListItem\",\"position\":2,\"name\":\"Projekty a st\u00e1\u017ee\",\"item\":\"https:\/\/www.skolamichael.cz\/cs\/projekty\/\"},{\"@type\":\"ListItem\",\"position\":3,\"name\":\"Archiv projekt\u016f\",\"item\":\"https:\/\/www.skolamichael.cz\/cs\/projekty\/archiv-projektu\/\"},{\"@type\":\"ListItem\",\"position\":4,\"name\":\"CeRV CZ\",\"item\":\"https:\/\/www.skolamichael.cz\/cs\/projekty\/archiv-projektu\/cerv-cz\/\"},{\"@type\":\"ListItem\",\"position\":5,\"name\":\"CeRV &#8211; workshop studiov\u00e1 fotografie pro komerci a reklamu\"}]},{\"@type\":\"WebSite\",\"@id\":\"https:\/\/www.skolamichael.cz\/cs\/#website\",\"url\":\"https:\/\/www.skolamichael.cz\/cs\/\",\"name\":\"MICHAEL\",\"description\":\"St\u0159edn\u00ed \u0161kola, Gymn\u00e1zium a Vy\u0161\u0161\u00ed odborn\u00e1 \u0161kola\",\"publisher\":{\"@id\":\"https:\/\/www.skolamichael.cz\/cs\/#organization\"},\"alternateName\":\"St\u0159edn\u00ed \u0161kola, Gymn\u00e1zium a Vy\u0161\u0161\u00ed odborn\u00e1 \u0161kola\",\"potentialAction\":[{\"@type\":\"SearchAction\",\"target\":{\"@type\":\"EntryPoint\",\"urlTemplate\":\"https:\/\/www.skolamichael.cz\/cs\/?s={search_term_string}\"},\"query-input\":{\"@type\":\"PropertyValueSpecification\",\"valueRequired\":true,\"valueName\":\"search_term_string\"}}],\"inLanguage\":\"cs\"},{\"@type\":\"Organization\",\"@id\":\"https:\/\/www.skolamichael.cz\/cs\/#organization\",\"name\":\"Michael \u2013 St\u0159edn\u00ed \u0161kola, Gymn\u00e1zium a Vy\u0161\u0161\u00ed odborn\u00e1 \u0161kola, s.r.o.\",\"url\":\"https:\/\/www.skolamichael.cz\/cs\/\",\"logo\":{\"@type\":\"ImageObject\",\"inLanguage\":\"cs\",\"@id\":\"https:\/\/www.skolamichael.cz\/cs\/#\/schema\/logo\/image\/\",\"url\":\"https:\/\/www.skolamichael.cz\/wp-content\/uploads\/2019\/03\/logo_michael_final_ctverec1-1.jpg\",\"contentUrl\":\"https:\/\/www.skolamichael.cz\/wp-content\/uploads\/2019\/03\/logo_michael_final_ctverec1-1.jpg\",\"width\":400,\"height\":400,\"caption\":\"Michael \u2013 St\u0159edn\u00ed \u0161kola, Gymn\u00e1zium a Vy\u0161\u0161\u00ed odborn\u00e1 \u0161kola, s.r.o.\"},\"image\":{\"@id\":\"https:\/\/www.skolamichael.cz\/cs\/#\/schema\/logo\/image\/\"},\"sameAs\":[\"http:\/\/www.facebook.com\/skolamichael\",\"https:\/\/www.instagram.com\/skola_michael\/\"]}]}<\/script>\n<!-- \/ Yoast SEO plugin. -->","yoast_head_json":{"title":"CeRV &#8211; workshop studiov\u00e1 fotografie pro komerci a reklamu | MICHAEL","robots":{"index":"index","follow":"follow","max-snippet":"max-snippet:-1","max-image-preview":"max-image-preview:large","max-video-preview":"max-video-preview:-1"},"canonical":"https:\/\/www.skolamichael.cz\/cs\/projekty\/archiv-projektu\/cerv-cz\/cerv-workshop-studiova-fotografie-pro-komerci-a-reklamu\/","og_locale":"cs_CZ","og_type":"article","og_title":"CeRV &#8211; workshop studiov\u00e1 fotografie pro komerci a reklamu | MICHAEL","og_description":"V r\u00e1mci workshopu na t\u00e9ma studiov\u00e1 fotografie pro komerci a reklamu si \u00fa\u010dastn\u00edci kurzu vyslechli p\u0159edn\u00e1\u0161ku s uk\u00e1zkami vlastn\u00ed pr\u00e1ce p\u0159edn\u00ed \u010desk\u00e9 reklamn\u00ed fotografky Al\u017eb\u011bty Jungrov\u00e9. Po p\u0159edn\u00e1\u0161ce prob\u011bhla beseda na t\u00e9ma reklamn\u00ed fotografie v\u010detn\u011b problematiky jedn\u00e1n\u00ed s klienty. Sou\u010d\u00e1st\u00ed workshopu byly uk\u00e1zky vyu\u017eit\u00ed r\u016fzn\u00fdch rekvizit a improvizovan\u00fdch prostorov\u00fdch \u0159e\u0161en\u00ed studia pro reklamn\u00ed i produktovou [&hellip;]","og_url":"https:\/\/www.skolamichael.cz\/cs\/projekty\/archiv-projektu\/cerv-cz\/cerv-workshop-studiova-fotografie-pro-komerci-a-reklamu\/","og_site_name":"MICHAEL","article_publisher":"http:\/\/www.facebook.com\/skolamichael","og_image":[{"url":"https:\/\/www.skolamichael.cz\/wp-content\/uploads\/2023\/12\/Zelinka-CERV-portret-123600.jpg","type":"","width":"","height":""}],"twitter_card":"summary_large_image","schema":{"@context":"https:\/\/schema.org","@graph":[{"@type":"WebPage","@id":"https:\/\/www.skolamichael.cz\/cs\/projekty\/archiv-projektu\/cerv-cz\/cerv-workshop-studiova-fotografie-pro-komerci-a-reklamu\/","url":"https:\/\/www.skolamichael.cz\/cs\/projekty\/archiv-projektu\/cerv-cz\/cerv-workshop-studiova-fotografie-pro-komerci-a-reklamu\/","name":"CeRV &#8211; workshop studiov\u00e1 fotografie pro komerci a reklamu | MICHAEL","isPartOf":{"@id":"https:\/\/www.skolamichael.cz\/cs\/#website"},"datePublished":"2023-12-02T08:53:49+00:00","breadcrumb":{"@id":"https:\/\/www.skolamichael.cz\/cs\/projekty\/archiv-projektu\/cerv-cz\/cerv-workshop-studiova-fotografie-pro-komerci-a-reklamu\/#breadcrumb"},"inLanguage":"cs","potentialAction":[{"@type":"ReadAction","target":["https:\/\/www.skolamichael.cz\/cs\/projekty\/archiv-projektu\/cerv-cz\/cerv-workshop-studiova-fotografie-pro-komerci-a-reklamu\/"]}]},{"@type":"BreadcrumbList","@id":"https:\/\/www.skolamichael.cz\/cs\/projekty\/archiv-projektu\/cerv-cz\/cerv-workshop-studiova-fotografie-pro-komerci-a-reklamu\/#breadcrumb","itemListElement":[{"@type":"ListItem","position":1,"name":"Dom\u016f","item":"https:\/\/www.skolamichael.cz\/cs\/"},{"@type":"ListItem","position":2,"name":"Projekty a st\u00e1\u017ee","item":"https:\/\/www.skolamichael.cz\/cs\/projekty\/"},{"@type":"ListItem","position":3,"name":"Archiv projekt\u016f","item":"https:\/\/www.skolamichael.cz\/cs\/projekty\/archiv-projektu\/"},{"@type":"ListItem","position":4,"name":"CeRV CZ","item":"https:\/\/www.skolamichael.cz\/cs\/projekty\/archiv-projektu\/cerv-cz\/"},{"@type":"ListItem","position":5,"name":"CeRV &#8211; workshop studiov\u00e1 fotografie pro komerci a reklamu"}]},{"@type":"WebSite","@id":"https:\/\/www.skolamichael.cz\/cs\/#website","url":"https:\/\/www.skolamichael.cz\/cs\/","name":"MICHAEL","description":"St\u0159edn\u00ed \u0161kola, Gymn\u00e1zium a Vy\u0161\u0161\u00ed odborn\u00e1 \u0161kola","publisher":{"@id":"https:\/\/www.skolamichael.cz\/cs\/#organization"},"alternateName":"St\u0159edn\u00ed \u0161kola, Gymn\u00e1zium a Vy\u0161\u0161\u00ed odborn\u00e1 \u0161kola","potentialAction":[{"@type":"SearchAction","target":{"@type":"EntryPoint","urlTemplate":"https:\/\/www.skolamichael.cz\/cs\/?s={search_term_string}"},"query-input":{"@type":"PropertyValueSpecification","valueRequired":true,"valueName":"search_term_string"}}],"inLanguage":"cs"},{"@type":"Organization","@id":"https:\/\/www.skolamichael.cz\/cs\/#organization","name":"Michael \u2013 St\u0159edn\u00ed \u0161kola, Gymn\u00e1zium a Vy\u0161\u0161\u00ed odborn\u00e1 \u0161kola, s.r.o.","url":"https:\/\/www.skolamichael.cz\/cs\/","logo":{"@type":"ImageObject","inLanguage":"cs","@id":"https:\/\/www.skolamichael.cz\/cs\/#\/schema\/logo\/image\/","url":"https:\/\/www.skolamichael.cz\/wp-content\/uploads\/2019\/03\/logo_michael_final_ctverec1-1.jpg","contentUrl":"https:\/\/www.skolamichael.cz\/wp-content\/uploads\/2019\/03\/logo_michael_final_ctverec1-1.jpg","width":400,"height":400,"caption":"Michael \u2013 St\u0159edn\u00ed \u0161kola, Gymn\u00e1zium a Vy\u0161\u0161\u00ed odborn\u00e1 \u0161kola, s.r.o."},"image":{"@id":"https:\/\/www.skolamichael.cz\/cs\/#\/schema\/logo\/image\/"},"sameAs":["http:\/\/www.facebook.com\/skolamichael","https:\/\/www.instagram.com\/skola_michael\/"]}]}},"_links":{"self":[{"href":"https:\/\/www.skolamichael.cz\/cs\/wp-json\/wp\/v2\/pages\/12787","targetHints":{"allow":["GET"]}}],"collection":[{"href":"https:\/\/www.skolamichael.cz\/cs\/wp-json\/wp\/v2\/pages"}],"about":[{"href":"https:\/\/www.skolamichael.cz\/cs\/wp-json\/wp\/v2\/types\/page"}],"author":[{"embeddable":true,"href":"https:\/\/www.skolamichael.cz\/cs\/wp-json\/wp\/v2\/users\/4"}],"replies":[{"embeddable":true,"href":"https:\/\/www.skolamichael.cz\/cs\/wp-json\/wp\/v2\/comments?post=12787"}],"version-history":[{"count":1,"href":"https:\/\/www.skolamichael.cz\/cs\/wp-json\/wp\/v2\/pages\/12787\/revisions"}],"predecessor-version":[{"id":12788,"href":"https:\/\/www.skolamichael.cz\/cs\/wp-json\/wp\/v2\/pages\/12787\/revisions\/12788"}],"up":[{"embeddable":true,"href":"https:\/\/www.skolamichael.cz\/cs\/wp-json\/wp\/v2\/pages\/12695"}],"wp:attachment":[{"href":"https:\/\/www.skolamichael.cz\/cs\/wp-json\/wp\/v2\/media?parent=12787"}],"curies":[{"name":"wp","href":"https:\/\/api.w.org\/{rel}","templated":true}]}}