{"id":12790,"date":"2023-12-02T10:36:51","date_gmt":"2023-12-02T09:36:51","guid":{"rendered":"https:\/\/www.skolamichael.cz\/?page_id=12790"},"modified":"2023-12-02T11:05:29","modified_gmt":"2023-12-02T10:05:29","slug":"cerv-workshop-portretni-fotografie-a-prace-s-modelem","status":"publish","type":"page","link":"https:\/\/www.skolamichael.cz\/cs\/projekty\/archiv-projektu\/cerv-cz\/cerv-workshop-portretni-fotografie-a-prace-s-modelem\/","title":{"rendered":"CeRV \u2013 workshop portr\u00e9tn\u00ed fotografie a pr\u00e1ce s modelem"},"content":{"rendered":"<p class=\"Text\">Otev\u0159en\u00fd workshop na t\u00e9ma <b>portr\u00e9tn\u00ed fotografie a pr\u00e1ce s modelem<\/b> prob\u011bhl pod veden\u00edm <a href=\"https:\/\/www.akademiemichael.cz\/pedagogove\/mga-tomas-trestik\/\">Tom\u00e1\u0161e T\u0159e\u0161t\u00edka<\/a> a <a href=\"https:\/\/www.akademiemichael.cz\/pedagogove\/mga-zdenek-lhotak\/\">Zde\u0148ka Lhot\u00e1ka<\/a>. Po praktick\u00e9 uk\u00e1zce r\u016fzn\u00fdch sv\u011bteln\u00fdch \u0159e\u0161en\u00ed s vyu\u017eit\u00edm dostupn\u00e9 osv\u011btlovac\u00ed techniky si \u00fa\u010dastn\u00edci kurzu vyzkou\u0161eli samostatnou pr\u00e1ci s modelem a z\u00e1bleskov\u00fdm za\u0159\u00edzen\u00edm. V\u0161echny uchv\u00e1tily experimenty se sv\u011btlem, zejm\u00e9na fotografie v neprav\u00fdch barv\u00e1ch.<\/p>\n<p>Text: Zden\u011bk Lhot\u00e1k<br \/>\nFoto: Zden\u011bk Lhot\u00e1k, Michal Zelinka<\/p>\n<div id='gallery-1' class='gallery galleryid-12790 gallery-columns-1 gallery-size-full'><figure class='gallery-item'>\n\t\t\t<div class='gallery-icon landscape'>\n\t\t\t\t<a href='https:\/\/www.skolamichael.cz\/wp-content\/uploads\/2023\/12\/Zelinka-CERV-portret-131454.jpg'><img loading=\"lazy\" decoding=\"async\" width=\"1000\" height=\"563\" src=\"https:\/\/www.skolamichael.cz\/wp-content\/uploads\/2023\/12\/Zelinka-CERV-portret-131454.jpg\" class=\"attachment-full size-full\" alt=\"\" srcset=\"https:\/\/www.skolamichael.cz\/wp-content\/uploads\/2023\/12\/Zelinka-CERV-portret-131454.jpg 1000w, https:\/\/www.skolamichael.cz\/wp-content\/uploads\/2023\/12\/Zelinka-CERV-portret-131454-300x169.jpg 300w\" sizes=\"auto, (max-width: 1000px) 100vw, 1000px\" \/><\/a>\n\t\t\t<\/div><\/figure><figure class='gallery-item'>\n\t\t\t<div class='gallery-icon landscape'>\n\t\t\t\t<a href='https:\/\/www.skolamichael.cz\/wp-content\/uploads\/2023\/12\/Zelinka-CERV-portret-132102.jpg'><img loading=\"lazy\" decoding=\"async\" width=\"1000\" height=\"563\" src=\"https:\/\/www.skolamichael.cz\/wp-content\/uploads\/2023\/12\/Zelinka-CERV-portret-132102.jpg\" class=\"attachment-full size-full\" alt=\"\" srcset=\"https:\/\/www.skolamichael.cz\/wp-content\/uploads\/2023\/12\/Zelinka-CERV-portret-132102.jpg 1000w, https:\/\/www.skolamichael.cz\/wp-content\/uploads\/2023\/12\/Zelinka-CERV-portret-132102-300x169.jpg 300w\" sizes=\"auto, (max-width: 1000px) 100vw, 1000px\" \/><\/a>\n\t\t\t<\/div><\/figure><figure class='gallery-item'>\n\t\t\t<div class='gallery-icon landscape'>\n\t\t\t\t<a href='https:\/\/www.skolamichael.cz\/wp-content\/uploads\/2023\/12\/Zelinka-CERV-portret-132116.jpg'><img loading=\"lazy\" decoding=\"async\" width=\"1000\" height=\"652\" src=\"https:\/\/www.skolamichael.cz\/wp-content\/uploads\/2023\/12\/Zelinka-CERV-portret-132116.jpg\" class=\"attachment-full size-full\" alt=\"\" srcset=\"https:\/\/www.skolamichael.cz\/wp-content\/uploads\/2023\/12\/Zelinka-CERV-portret-132116.jpg 1000w, https:\/\/www.skolamichael.cz\/wp-content\/uploads\/2023\/12\/Zelinka-CERV-portret-132116-300x196.jpg 300w\" sizes=\"auto, (max-width: 1000px) 100vw, 1000px\" \/><\/a>\n\t\t\t<\/div><\/figure><figure class='gallery-item'>\n\t\t\t<div class='gallery-icon landscape'>\n\t\t\t\t<a href='https:\/\/www.skolamichael.cz\/wp-content\/uploads\/2023\/12\/Zelinka-CERV-portret-135228.jpg'><img loading=\"lazy\" decoding=\"async\" width=\"1000\" height=\"563\" src=\"https:\/\/www.skolamichael.cz\/wp-content\/uploads\/2023\/12\/Zelinka-CERV-portret-135228.jpg\" class=\"attachment-full size-full\" alt=\"\" srcset=\"https:\/\/www.skolamichael.cz\/wp-content\/uploads\/2023\/12\/Zelinka-CERV-portret-135228.jpg 1000w, https:\/\/www.skolamichael.cz\/wp-content\/uploads\/2023\/12\/Zelinka-CERV-portret-135228-300x169.jpg 300w\" sizes=\"auto, (max-width: 1000px) 100vw, 1000px\" \/><\/a>\n\t\t\t<\/div><\/figure><figure class='gallery-item'>\n\t\t\t<div class='gallery-icon landscape'>\n\t\t\t\t<a href='https:\/\/www.skolamichael.cz\/wp-content\/uploads\/2023\/12\/ZL-CERV-portret-3804.jpg'><img loading=\"lazy\" decoding=\"async\" width=\"1000\" height=\"750\" src=\"https:\/\/www.skolamichael.cz\/wp-content\/uploads\/2023\/12\/ZL-CERV-portret-3804.jpg\" class=\"attachment-full size-full\" alt=\"\" srcset=\"https:\/\/www.skolamichael.cz\/wp-content\/uploads\/2023\/12\/ZL-CERV-portret-3804.jpg 1000w, https:\/\/www.skolamichael.cz\/wp-content\/uploads\/2023\/12\/ZL-CERV-portret-3804-300x225.jpg 300w\" sizes=\"auto, (max-width: 1000px) 100vw, 1000px\" \/><\/a>\n\t\t\t<\/div><\/figure><figure class='gallery-item'>\n\t\t\t<div class='gallery-icon landscape'>\n\t\t\t\t<a href='https:\/\/www.skolamichael.cz\/wp-content\/uploads\/2023\/12\/ZL-CERV-portret-3677.jpg'><img loading=\"lazy\" decoding=\"async\" width=\"1000\" height=\"750\" src=\"https:\/\/www.skolamichael.cz\/wp-content\/uploads\/2023\/12\/ZL-CERV-portret-3677.jpg\" class=\"attachment-full size-full\" alt=\"\" srcset=\"https:\/\/www.skolamichael.cz\/wp-content\/uploads\/2023\/12\/ZL-CERV-portret-3677.jpg 1000w, https:\/\/www.skolamichael.cz\/wp-content\/uploads\/2023\/12\/ZL-CERV-portret-3677-300x225.jpg 300w\" sizes=\"auto, (max-width: 1000px) 100vw, 1000px\" \/><\/a>\n\t\t\t<\/div><\/figure><figure class='gallery-item'>\n\t\t\t<div class='gallery-icon landscape'>\n\t\t\t\t<a href='https:\/\/www.skolamichael.cz\/wp-content\/uploads\/2023\/12\/ZL-CERV-portret-3688.jpg'><img loading=\"lazy\" decoding=\"async\" width=\"1000\" height=\"750\" src=\"https:\/\/www.skolamichael.cz\/wp-content\/uploads\/2023\/12\/ZL-CERV-portret-3688.jpg\" class=\"attachment-full size-full\" alt=\"\" srcset=\"https:\/\/www.skolamichael.cz\/wp-content\/uploads\/2023\/12\/ZL-CERV-portret-3688.jpg 1000w, https:\/\/www.skolamichael.cz\/wp-content\/uploads\/2023\/12\/ZL-CERV-portret-3688-300x225.jpg 300w\" sizes=\"auto, (max-width: 1000px) 100vw, 1000px\" \/><\/a>\n\t\t\t<\/div><\/figure><figure class='gallery-item'>\n\t\t\t<div class='gallery-icon landscape'>\n\t\t\t\t<a href='https:\/\/www.skolamichael.cz\/wp-content\/uploads\/2023\/12\/Zelinka-CERV-portret-140353.jpg'><img loading=\"lazy\" decoding=\"async\" width=\"1000\" height=\"563\" src=\"https:\/\/www.skolamichael.cz\/wp-content\/uploads\/2023\/12\/Zelinka-CERV-portret-140353.jpg\" class=\"attachment-full size-full\" alt=\"\" srcset=\"https:\/\/www.skolamichael.cz\/wp-content\/uploads\/2023\/12\/Zelinka-CERV-portret-140353.jpg 1000w, https:\/\/www.skolamichael.cz\/wp-content\/uploads\/2023\/12\/Zelinka-CERV-portret-140353-300x169.jpg 300w\" sizes=\"auto, (max-width: 1000px) 100vw, 1000px\" \/><\/a>\n\t\t\t<\/div><\/figure><figure class='gallery-item'>\n\t\t\t<div class='gallery-icon landscape'>\n\t\t\t\t<a href='https:\/\/www.skolamichael.cz\/wp-content\/uploads\/2023\/12\/Zelinka-CERV-portret-140408.jpg'><img loading=\"lazy\" decoding=\"async\" width=\"1000\" height=\"563\" src=\"https:\/\/www.skolamichael.cz\/wp-content\/uploads\/2023\/12\/Zelinka-CERV-portret-140408.jpg\" class=\"attachment-full size-full\" alt=\"\" srcset=\"https:\/\/www.skolamichael.cz\/wp-content\/uploads\/2023\/12\/Zelinka-CERV-portret-140408.jpg 1000w, https:\/\/www.skolamichael.cz\/wp-content\/uploads\/2023\/12\/Zelinka-CERV-portret-140408-300x169.jpg 300w\" sizes=\"auto, (max-width: 1000px) 100vw, 1000px\" \/><\/a>\n\t\t\t<\/div><\/figure><figure class='gallery-item'>\n\t\t\t<div class='gallery-icon landscape'>\n\t\t\t\t<a href='https:\/\/www.skolamichael.cz\/wp-content\/uploads\/2023\/12\/Zelinka-CERV-portret-140557.jpg'><img loading=\"lazy\" decoding=\"async\" width=\"1000\" height=\"649\" src=\"https:\/\/www.skolamichael.cz\/wp-content\/uploads\/2023\/12\/Zelinka-CERV-portret-140557.jpg\" class=\"attachment-full size-full\" alt=\"\" srcset=\"https:\/\/www.skolamichael.cz\/wp-content\/uploads\/2023\/12\/Zelinka-CERV-portret-140557.jpg 1000w, https:\/\/www.skolamichael.cz\/wp-content\/uploads\/2023\/12\/Zelinka-CERV-portret-140557-300x195.jpg 300w\" sizes=\"auto, (max-width: 1000px) 100vw, 1000px\" \/><\/a>\n\t\t\t<\/div><\/figure><figure class='gallery-item'>\n\t\t\t<div class='gallery-icon landscape'>\n\t\t\t\t<a href='https:\/\/www.skolamichael.cz\/wp-content\/uploads\/2023\/12\/Zelinka-CERV-portret-140623.jpg'><img loading=\"lazy\" decoding=\"async\" width=\"1000\" height=\"637\" src=\"https:\/\/www.skolamichael.cz\/wp-content\/uploads\/2023\/12\/Zelinka-CERV-portret-140623.jpg\" class=\"attachment-full size-full\" alt=\"\" srcset=\"https:\/\/www.skolamichael.cz\/wp-content\/uploads\/2023\/12\/Zelinka-CERV-portret-140623.jpg 1000w, https:\/\/www.skolamichael.cz\/wp-content\/uploads\/2023\/12\/Zelinka-CERV-portret-140623-300x191.jpg 300w\" sizes=\"auto, (max-width: 1000px) 100vw, 1000px\" \/><\/a>\n\t\t\t<\/div><\/figure><figure class='gallery-item'>\n\t\t\t<div class='gallery-icon landscape'>\n\t\t\t\t<a href='https:\/\/www.skolamichael.cz\/wp-content\/uploads\/2023\/12\/ZL-CERV-portret-3655.jpg'><img loading=\"lazy\" decoding=\"async\" width=\"1000\" height=\"750\" src=\"https:\/\/www.skolamichael.cz\/wp-content\/uploads\/2023\/12\/ZL-CERV-portret-3655.jpg\" class=\"attachment-full size-full\" alt=\"\" srcset=\"https:\/\/www.skolamichael.cz\/wp-content\/uploads\/2023\/12\/ZL-CERV-portret-3655.jpg 1000w, https:\/\/www.skolamichael.cz\/wp-content\/uploads\/2023\/12\/ZL-CERV-portret-3655-300x225.jpg 300w\" sizes=\"auto, (max-width: 1000px) 100vw, 1000px\" \/><\/a>\n\t\t\t<\/div><\/figure><figure class='gallery-item'>\n\t\t\t<div class='gallery-icon landscape'>\n\t\t\t\t<a href='https:\/\/www.skolamichael.cz\/wp-content\/uploads\/2023\/12\/ZL-CERV-portret-3587.jpg'><img loading=\"lazy\" decoding=\"async\" width=\"1000\" height=\"750\" src=\"https:\/\/www.skolamichael.cz\/wp-content\/uploads\/2023\/12\/ZL-CERV-portret-3587.jpg\" class=\"attachment-full size-full\" alt=\"\" srcset=\"https:\/\/www.skolamichael.cz\/wp-content\/uploads\/2023\/12\/ZL-CERV-portret-3587.jpg 1000w, https:\/\/www.skolamichael.cz\/wp-content\/uploads\/2023\/12\/ZL-CERV-portret-3587-300x225.jpg 300w\" sizes=\"auto, (max-width: 1000px) 100vw, 1000px\" \/><\/a>\n\t\t\t<\/div><\/figure><figure class='gallery-item'>\n\t\t\t<div class='gallery-icon landscape'>\n\t\t\t\t<a href='https:\/\/www.skolamichael.cz\/wp-content\/uploads\/2023\/12\/ZL-CERV-portret-3656.jpg'><img loading=\"lazy\" decoding=\"async\" width=\"1000\" height=\"750\" src=\"https:\/\/www.skolamichael.cz\/wp-content\/uploads\/2023\/12\/ZL-CERV-portret-3656.jpg\" class=\"attachment-full size-full\" alt=\"\" srcset=\"https:\/\/www.skolamichael.cz\/wp-content\/uploads\/2023\/12\/ZL-CERV-portret-3656.jpg 1000w, https:\/\/www.skolamichael.cz\/wp-content\/uploads\/2023\/12\/ZL-CERV-portret-3656-300x225.jpg 300w\" sizes=\"auto, (max-width: 1000px) 100vw, 1000px\" \/><\/a>\n\t\t\t<\/div><\/figure><figure class='gallery-item'>\n\t\t\t<div class='gallery-icon landscape'>\n\t\t\t\t<a href='https:\/\/www.skolamichael.cz\/wp-content\/uploads\/2023\/12\/ZL-CERV-portret-3656_DL.jpg'><img loading=\"lazy\" decoding=\"async\" width=\"950\" height=\"450\" src=\"https:\/\/www.skolamichael.cz\/wp-content\/uploads\/2023\/12\/ZL-CERV-portret-3656_DL.jpg\" class=\"attachment-full size-full\" alt=\"\" srcset=\"https:\/\/www.skolamichael.cz\/wp-content\/uploads\/2023\/12\/ZL-CERV-portret-3656_DL.jpg 950w, https:\/\/www.skolamichael.cz\/wp-content\/uploads\/2023\/12\/ZL-CERV-portret-3656_DL-300x142.jpg 300w\" sizes=\"auto, (max-width: 950px) 100vw, 950px\" \/><\/a>\n\t\t\t<\/div><\/figure>\n\t\t<\/div>\n\n","protected":false},"excerpt":{"rendered":"<p>Otev\u0159en\u00fd workshop na t\u00e9ma portr\u00e9tn\u00ed fotografie a pr\u00e1ce s modelem prob\u011bhl pod veden\u00edm Tom\u00e1\u0161e T\u0159e\u0161t\u00edka a Zde\u0148ka Lhot\u00e1ka. Po praktick\u00e9 uk\u00e1zce r\u016fzn\u00fdch sv\u011bteln\u00fdch \u0159e\u0161en\u00ed s vyu\u017eit\u00edm dostupn\u00e9 osv\u011btlovac\u00ed techniky si \u00fa\u010dastn\u00edci kurzu vyzkou\u0161eli samostatnou pr\u00e1ci s modelem a z\u00e1bleskov\u00fdm za\u0159\u00edzen\u00edm. V\u0161echny uchv\u00e1tily experimenty se sv\u011btlem, zejm\u00e9na fotografie v neprav\u00fdch barv\u00e1ch. Text: Zden\u011bk Lhot\u00e1k Foto: Zden\u011bk [&hellip;]<\/p>\n","protected":false},"author":4,"featured_media":0,"parent":12695,"menu_order":0,"comment_status":"closed","ping_status":"closed","template":"","meta":{"_acf_changed":false,"footnotes":""},"class_list":["post-12790","page","type-page","status-publish","hentry"],"acf":[],"yoast_head":"<!-- This site is optimized with the Yoast SEO plugin v27.1.1 - https:\/\/yoast.com\/product\/yoast-seo-wordpress\/ -->\n<title>CeRV \u2013 workshop portr\u00e9tn\u00ed fotografie a pr\u00e1ce s modelem | MICHAEL<\/title>\n<meta name=\"robots\" content=\"index, follow, max-snippet:-1, max-image-preview:large, max-video-preview:-1\" \/>\n<link rel=\"canonical\" href=\"https:\/\/www.skolamichael.cz\/cs\/projekty\/archiv-projektu\/cerv-cz\/cerv-workshop-portretni-fotografie-a-prace-s-modelem\/\" \/>\n<meta property=\"og:locale\" content=\"cs_CZ\" \/>\n<meta property=\"og:type\" content=\"article\" \/>\n<meta property=\"og:title\" content=\"CeRV \u2013 workshop portr\u00e9tn\u00ed fotografie a pr\u00e1ce s modelem | MICHAEL\" \/>\n<meta property=\"og:description\" content=\"Otev\u0159en\u00fd workshop na t\u00e9ma portr\u00e9tn\u00ed fotografie a pr\u00e1ce s modelem prob\u011bhl pod veden\u00edm Tom\u00e1\u0161e T\u0159e\u0161t\u00edka a Zde\u0148ka Lhot\u00e1ka. Po praktick\u00e9 uk\u00e1zce r\u016fzn\u00fdch sv\u011bteln\u00fdch \u0159e\u0161en\u00ed s vyu\u017eit\u00edm dostupn\u00e9 osv\u011btlovac\u00ed techniky si \u00fa\u010dastn\u00edci kurzu vyzkou\u0161eli samostatnou pr\u00e1ci s modelem a z\u00e1bleskov\u00fdm za\u0159\u00edzen\u00edm. V\u0161echny uchv\u00e1tily experimenty se sv\u011btlem, zejm\u00e9na fotografie v neprav\u00fdch barv\u00e1ch. Text: Zden\u011bk Lhot\u00e1k Foto: Zden\u011bk [&hellip;]\" \/>\n<meta property=\"og:url\" content=\"https:\/\/www.skolamichael.cz\/cs\/projekty\/archiv-projektu\/cerv-cz\/cerv-workshop-portretni-fotografie-a-prace-s-modelem\/\" \/>\n<meta property=\"og:site_name\" content=\"MICHAEL\" \/>\n<meta property=\"article:publisher\" content=\"http:\/\/www.facebook.com\/skolamichael\" \/>\n<meta property=\"article:modified_time\" content=\"2023-12-02T10:05:29+00:00\" \/>\n<meta property=\"og:image\" content=\"https:\/\/www.skolamichael.cz\/wp-content\/uploads\/2023\/12\/Zelinka-CERV-portret-131454.jpg\" \/>\n<meta name=\"twitter:card\" content=\"summary_large_image\" \/>\n<meta name=\"twitter:label1\" content=\"Odhadovan\u00e1 doba \u010dten\u00ed\" \/>\n\t<meta name=\"twitter:data1\" content=\"1 minuta\" \/>\n<script type=\"application\/ld+json\" class=\"yoast-schema-graph\">{\"@context\":\"https:\/\/schema.org\",\"@graph\":[{\"@type\":\"WebPage\",\"@id\":\"https:\/\/www.skolamichael.cz\/cs\/projekty\/archiv-projektu\/cerv-cz\/cerv-workshop-portretni-fotografie-a-prace-s-modelem\/\",\"url\":\"https:\/\/www.skolamichael.cz\/cs\/projekty\/archiv-projektu\/cerv-cz\/cerv-workshop-portretni-fotografie-a-prace-s-modelem\/\",\"name\":\"CeRV \u2013 workshop portr\u00e9tn\u00ed fotografie a pr\u00e1ce s modelem | MICHAEL\",\"isPartOf\":{\"@id\":\"https:\/\/www.skolamichael.cz\/cs\/#website\"},\"datePublished\":\"2023-12-02T09:36:51+00:00\",\"dateModified\":\"2023-12-02T10:05:29+00:00\",\"breadcrumb\":{\"@id\":\"https:\/\/www.skolamichael.cz\/cs\/projekty\/archiv-projektu\/cerv-cz\/cerv-workshop-portretni-fotografie-a-prace-s-modelem\/#breadcrumb\"},\"inLanguage\":\"cs\",\"potentialAction\":[{\"@type\":\"ReadAction\",\"target\":[\"https:\/\/www.skolamichael.cz\/cs\/projekty\/archiv-projektu\/cerv-cz\/cerv-workshop-portretni-fotografie-a-prace-s-modelem\/\"]}]},{\"@type\":\"BreadcrumbList\",\"@id\":\"https:\/\/www.skolamichael.cz\/cs\/projekty\/archiv-projektu\/cerv-cz\/cerv-workshop-portretni-fotografie-a-prace-s-modelem\/#breadcrumb\",\"itemListElement\":[{\"@type\":\"ListItem\",\"position\":1,\"name\":\"Dom\u016f\",\"item\":\"https:\/\/www.skolamichael.cz\/cs\/\"},{\"@type\":\"ListItem\",\"position\":2,\"name\":\"Projekty a st\u00e1\u017ee\",\"item\":\"https:\/\/www.skolamichael.cz\/cs\/projekty\/\"},{\"@type\":\"ListItem\",\"position\":3,\"name\":\"Archiv projekt\u016f\",\"item\":\"https:\/\/www.skolamichael.cz\/cs\/projekty\/archiv-projektu\/\"},{\"@type\":\"ListItem\",\"position\":4,\"name\":\"CeRV CZ\",\"item\":\"https:\/\/www.skolamichael.cz\/cs\/projekty\/archiv-projektu\/cerv-cz\/\"},{\"@type\":\"ListItem\",\"position\":5,\"name\":\"CeRV \u2013 workshop portr\u00e9tn\u00ed fotografie a pr\u00e1ce s modelem\"}]},{\"@type\":\"WebSite\",\"@id\":\"https:\/\/www.skolamichael.cz\/cs\/#website\",\"url\":\"https:\/\/www.skolamichael.cz\/cs\/\",\"name\":\"MICHAEL\",\"description\":\"St\u0159edn\u00ed \u0161kola, Gymn\u00e1zium a Vy\u0161\u0161\u00ed odborn\u00e1 \u0161kola\",\"publisher\":{\"@id\":\"https:\/\/www.skolamichael.cz\/cs\/#organization\"},\"alternateName\":\"St\u0159edn\u00ed \u0161kola, Gymn\u00e1zium a Vy\u0161\u0161\u00ed odborn\u00e1 \u0161kola\",\"potentialAction\":[{\"@type\":\"SearchAction\",\"target\":{\"@type\":\"EntryPoint\",\"urlTemplate\":\"https:\/\/www.skolamichael.cz\/cs\/?s={search_term_string}\"},\"query-input\":{\"@type\":\"PropertyValueSpecification\",\"valueRequired\":true,\"valueName\":\"search_term_string\"}}],\"inLanguage\":\"cs\"},{\"@type\":\"Organization\",\"@id\":\"https:\/\/www.skolamichael.cz\/cs\/#organization\",\"name\":\"Michael \u2013 St\u0159edn\u00ed \u0161kola, Gymn\u00e1zium a Vy\u0161\u0161\u00ed odborn\u00e1 \u0161kola, s.r.o.\",\"url\":\"https:\/\/www.skolamichael.cz\/cs\/\",\"logo\":{\"@type\":\"ImageObject\",\"inLanguage\":\"cs\",\"@id\":\"https:\/\/www.skolamichael.cz\/cs\/#\/schema\/logo\/image\/\",\"url\":\"https:\/\/www.skolamichael.cz\/wp-content\/uploads\/2019\/03\/logo_michael_final_ctverec1-1.jpg\",\"contentUrl\":\"https:\/\/www.skolamichael.cz\/wp-content\/uploads\/2019\/03\/logo_michael_final_ctverec1-1.jpg\",\"width\":400,\"height\":400,\"caption\":\"Michael \u2013 St\u0159edn\u00ed \u0161kola, Gymn\u00e1zium a Vy\u0161\u0161\u00ed odborn\u00e1 \u0161kola, s.r.o.\"},\"image\":{\"@id\":\"https:\/\/www.skolamichael.cz\/cs\/#\/schema\/logo\/image\/\"},\"sameAs\":[\"http:\/\/www.facebook.com\/skolamichael\",\"https:\/\/www.instagram.com\/skola_michael\/\"]}]}<\/script>\n<!-- \/ Yoast SEO plugin. -->","yoast_head_json":{"title":"CeRV \u2013 workshop portr\u00e9tn\u00ed fotografie a pr\u00e1ce s modelem | MICHAEL","robots":{"index":"index","follow":"follow","max-snippet":"max-snippet:-1","max-image-preview":"max-image-preview:large","max-video-preview":"max-video-preview:-1"},"canonical":"https:\/\/www.skolamichael.cz\/cs\/projekty\/archiv-projektu\/cerv-cz\/cerv-workshop-portretni-fotografie-a-prace-s-modelem\/","og_locale":"cs_CZ","og_type":"article","og_title":"CeRV \u2013 workshop portr\u00e9tn\u00ed fotografie a pr\u00e1ce s modelem | MICHAEL","og_description":"Otev\u0159en\u00fd workshop na t\u00e9ma portr\u00e9tn\u00ed fotografie a pr\u00e1ce s modelem prob\u011bhl pod veden\u00edm Tom\u00e1\u0161e T\u0159e\u0161t\u00edka a Zde\u0148ka Lhot\u00e1ka. Po praktick\u00e9 uk\u00e1zce r\u016fzn\u00fdch sv\u011bteln\u00fdch \u0159e\u0161en\u00ed s vyu\u017eit\u00edm dostupn\u00e9 osv\u011btlovac\u00ed techniky si \u00fa\u010dastn\u00edci kurzu vyzkou\u0161eli samostatnou pr\u00e1ci s modelem a z\u00e1bleskov\u00fdm za\u0159\u00edzen\u00edm. V\u0161echny uchv\u00e1tily experimenty se sv\u011btlem, zejm\u00e9na fotografie v neprav\u00fdch barv\u00e1ch. Text: Zden\u011bk Lhot\u00e1k Foto: Zden\u011bk [&hellip;]","og_url":"https:\/\/www.skolamichael.cz\/cs\/projekty\/archiv-projektu\/cerv-cz\/cerv-workshop-portretni-fotografie-a-prace-s-modelem\/","og_site_name":"MICHAEL","article_publisher":"http:\/\/www.facebook.com\/skolamichael","article_modified_time":"2023-12-02T10:05:29+00:00","og_image":[{"url":"https:\/\/www.skolamichael.cz\/wp-content\/uploads\/2023\/12\/Zelinka-CERV-portret-131454.jpg","type":"","width":"","height":""}],"twitter_card":"summary_large_image","twitter_misc":{"Odhadovan\u00e1 doba \u010dten\u00ed":"1 minuta"},"schema":{"@context":"https:\/\/schema.org","@graph":[{"@type":"WebPage","@id":"https:\/\/www.skolamichael.cz\/cs\/projekty\/archiv-projektu\/cerv-cz\/cerv-workshop-portretni-fotografie-a-prace-s-modelem\/","url":"https:\/\/www.skolamichael.cz\/cs\/projekty\/archiv-projektu\/cerv-cz\/cerv-workshop-portretni-fotografie-a-prace-s-modelem\/","name":"CeRV \u2013 workshop portr\u00e9tn\u00ed fotografie a pr\u00e1ce s modelem | MICHAEL","isPartOf":{"@id":"https:\/\/www.skolamichael.cz\/cs\/#website"},"datePublished":"2023-12-02T09:36:51+00:00","dateModified":"2023-12-02T10:05:29+00:00","breadcrumb":{"@id":"https:\/\/www.skolamichael.cz\/cs\/projekty\/archiv-projektu\/cerv-cz\/cerv-workshop-portretni-fotografie-a-prace-s-modelem\/#breadcrumb"},"inLanguage":"cs","potentialAction":[{"@type":"ReadAction","target":["https:\/\/www.skolamichael.cz\/cs\/projekty\/archiv-projektu\/cerv-cz\/cerv-workshop-portretni-fotografie-a-prace-s-modelem\/"]}]},{"@type":"BreadcrumbList","@id":"https:\/\/www.skolamichael.cz\/cs\/projekty\/archiv-projektu\/cerv-cz\/cerv-workshop-portretni-fotografie-a-prace-s-modelem\/#breadcrumb","itemListElement":[{"@type":"ListItem","position":1,"name":"Dom\u016f","item":"https:\/\/www.skolamichael.cz\/cs\/"},{"@type":"ListItem","position":2,"name":"Projekty a st\u00e1\u017ee","item":"https:\/\/www.skolamichael.cz\/cs\/projekty\/"},{"@type":"ListItem","position":3,"name":"Archiv projekt\u016f","item":"https:\/\/www.skolamichael.cz\/cs\/projekty\/archiv-projektu\/"},{"@type":"ListItem","position":4,"name":"CeRV CZ","item":"https:\/\/www.skolamichael.cz\/cs\/projekty\/archiv-projektu\/cerv-cz\/"},{"@type":"ListItem","position":5,"name":"CeRV \u2013 workshop portr\u00e9tn\u00ed fotografie a pr\u00e1ce s modelem"}]},{"@type":"WebSite","@id":"https:\/\/www.skolamichael.cz\/cs\/#website","url":"https:\/\/www.skolamichael.cz\/cs\/","name":"MICHAEL","description":"St\u0159edn\u00ed \u0161kola, Gymn\u00e1zium a Vy\u0161\u0161\u00ed odborn\u00e1 \u0161kola","publisher":{"@id":"https:\/\/www.skolamichael.cz\/cs\/#organization"},"alternateName":"St\u0159edn\u00ed \u0161kola, Gymn\u00e1zium a Vy\u0161\u0161\u00ed odborn\u00e1 \u0161kola","potentialAction":[{"@type":"SearchAction","target":{"@type":"EntryPoint","urlTemplate":"https:\/\/www.skolamichael.cz\/cs\/?s={search_term_string}"},"query-input":{"@type":"PropertyValueSpecification","valueRequired":true,"valueName":"search_term_string"}}],"inLanguage":"cs"},{"@type":"Organization","@id":"https:\/\/www.skolamichael.cz\/cs\/#organization","name":"Michael \u2013 St\u0159edn\u00ed \u0161kola, Gymn\u00e1zium a Vy\u0161\u0161\u00ed odborn\u00e1 \u0161kola, s.r.o.","url":"https:\/\/www.skolamichael.cz\/cs\/","logo":{"@type":"ImageObject","inLanguage":"cs","@id":"https:\/\/www.skolamichael.cz\/cs\/#\/schema\/logo\/image\/","url":"https:\/\/www.skolamichael.cz\/wp-content\/uploads\/2019\/03\/logo_michael_final_ctverec1-1.jpg","contentUrl":"https:\/\/www.skolamichael.cz\/wp-content\/uploads\/2019\/03\/logo_michael_final_ctverec1-1.jpg","width":400,"height":400,"caption":"Michael \u2013 St\u0159edn\u00ed \u0161kola, Gymn\u00e1zium a Vy\u0161\u0161\u00ed odborn\u00e1 \u0161kola, s.r.o."},"image":{"@id":"https:\/\/www.skolamichael.cz\/cs\/#\/schema\/logo\/image\/"},"sameAs":["http:\/\/www.facebook.com\/skolamichael","https:\/\/www.instagram.com\/skola_michael\/"]}]}},"_links":{"self":[{"href":"https:\/\/www.skolamichael.cz\/cs\/wp-json\/wp\/v2\/pages\/12790","targetHints":{"allow":["GET"]}}],"collection":[{"href":"https:\/\/www.skolamichael.cz\/cs\/wp-json\/wp\/v2\/pages"}],"about":[{"href":"https:\/\/www.skolamichael.cz\/cs\/wp-json\/wp\/v2\/types\/page"}],"author":[{"embeddable":true,"href":"https:\/\/www.skolamichael.cz\/cs\/wp-json\/wp\/v2\/users\/4"}],"replies":[{"embeddable":true,"href":"https:\/\/www.skolamichael.cz\/cs\/wp-json\/wp\/v2\/comments?post=12790"}],"version-history":[{"count":2,"href":"https:\/\/www.skolamichael.cz\/cs\/wp-json\/wp\/v2\/pages\/12790\/revisions"}],"predecessor-version":[{"id":12793,"href":"https:\/\/www.skolamichael.cz\/cs\/wp-json\/wp\/v2\/pages\/12790\/revisions\/12793"}],"up":[{"embeddable":true,"href":"https:\/\/www.skolamichael.cz\/cs\/wp-json\/wp\/v2\/pages\/12695"}],"wp:attachment":[{"href":"https:\/\/www.skolamichael.cz\/cs\/wp-json\/wp\/v2\/media?parent=12790"}],"curies":[{"name":"wp","href":"https:\/\/api.w.org\/{rel}","templated":true}]}}