{"id":12917,"date":"2024-01-29T13:25:07","date_gmt":"2024-01-29T12:25:07","guid":{"rendered":"https:\/\/www.skolamichael.cz\/?page_id=12917"},"modified":"2024-01-29T15:16:34","modified_gmt":"2024-01-29T14:16:34","slug":"mnichov-mesto-historie-i-soucasnosti","status":"publish","type":"page","link":"https:\/\/www.skolamichael.cz\/cs\/projekty\/cesta-ke-vzdelani\/mnichov-mesto-historie-i-soucasnosti\/","title":{"rendered":"Mnichov \u2013 m\u011bsto historie i sou\u010dasnosti"},"content":{"rendered":"<p><strong>Nada\u010dn\u00ed fond: Cesta ke vzd\u011bl\u00e1n\u00ed<\/strong><\/p>\n<p><strong>N\u00e1zev projektu: <\/strong><strong>Mnichov \u2013 m\u011bsto historie i sou\u010dasnosti <\/strong><\/p>\n<p><strong>Stru\u010dn\u00fd popis projektu: <\/strong>N\u00e1v\u0161t\u011bva Mnichova osmn\u00e1cti studenty a dv\u011bma kantory. Exkurze p\u0159ibl\u00ed\u017eila d\u011bjiny dvac\u00e1t\u00e9ho stolet\u00ed \u2013 jak d\u00edky komentovan\u00e9 proch\u00e1zce po m\u011bst\u011b, tak i d\u00edky n\u00e1v\u0161t\u011bv\u011b koncentra\u010dn\u00edho t\u00e1boru Dachau.<\/p>\n<p><strong>Seznam student\u016f:<\/strong> Aneta Popel\u00e1kov\u00e1, Karol\u00edna Kutalov\u00e1, Tereza \u0158\u00edhov\u00e1, Malv\u00edna Dufkov\u00e1, Nikola Li\u0161kov\u00e1, Karel Mal\u00fd, Luk\u00e1\u0161 Chroust, Roman Dochynets, Mikul\u00e1\u0161 H\u00e1ma, Tom\u00e1\u0161 Fiala, Milan Mat\u011bjka, Nataly Pohorsk\u00e1, Tereza Proch\u00e1zkov\u00e1, Lucie Routov\u00e1, Ad\u00e9la Votrubov\u00e1, Marek \u0160p\u00edka, Lucie \u0160umov\u00e1, Tobi\u00e1\u0161 Vl\u010dek<\/p>\n<p><strong>Pedagogov\u00e9<\/strong>: Mgr. Jakub Altman, Ing. Dita Schwarczov\u00e1<\/p>\n<p><strong>Vyhodnocen\u00ed projektu:<\/strong><\/p>\n<p>Na m\u011bst\u011b Mnichov je kr\u00e1sn\u011b vid\u011bt, jak se velk\u00e9 d\u011bjiny 20. stolet\u00ed tvo\u0159ily a propisovaly do \u017eivota lid\u00ed a jednoho v\u011bt\u0161\u00edho m\u011bsta. Prob\u011bhlo zde n\u011bkolik v\u00fdznamn\u00fdch historick\u00fdch moment\u016f a z\u00e1rove\u0148 byl u m\u011bsta Dachau zalo\u017een prvn\u00ed koncentra\u010dn\u00ed t\u00e1bor pro politick\u00e9 oponenty.<\/p>\n<p>D\u00edky dotaci mohli studenti nav\u0161t\u00edvit jak m\u011bsto a poznat jeho prom\u011bny ve 20. stolet\u00ed, tak zam\u00ed\u0159it do zm\u00edn\u011bn\u00e9ho koncentra\u010dn\u00edho t\u00e1bora. Vid\u011bli jsme m\u00edsta, kde se formovaly d\u011bjiny (nejen) N\u011bmecka p\u0159ed n\u00e1stupem Adolfa Hitlera k\u00a0moci, kdy\u017e se sna\u017eil moc uchv\u00e1tit, i to, jak se m\u011bsto prom\u011b\u0148ovalo b\u011bhem 40. a 50. let 20. stolet\u00ed.<\/p>\n<p>N\u00e1v\u0161t\u011bva Dachau \u017e\u00e1k\u016fm uk\u00e1zala, jak nedemokratick\u00e9 re\u017eimy nakl\u00e1daj\u00ed se sv\u00fdmi politick\u00fdmi oponenty.<\/p>\n<p>D\u00edky n\u00e1v\u0161t\u011bv\u011b N\u011bmeck\u00e9ho muzea (Deutches Museum) mohli studenti rozvinout sv\u00e9 znalosti v\u00a0oblasti technick\u00fdch a p\u0159\u00edrodn\u00edch v\u011bd.<\/p>\n<p>P\u0159\u00ednos exkurze byl tedy nejen v\u00a0uv\u011bdom\u011bn\u00ed si zr\u016fdnosti totalitn\u00edch re\u017eim\u016f, ale z\u00e1rove\u0148 p\u0159inesla i obohacen\u00ed v\u00a0p\u0159\u00edrodn\u00edch a technick\u00fdch v\u011bd\u00e1ch.<\/p>\n<p><strong>Z\u00e1v\u011br: <\/strong><\/p>\n<p>Z\u00a0nada\u010dn\u00edho fondu byla student\u016fm a pedagog\u016fm hrazena doprava tam a zp\u011bt, ubytov\u00e1n\u00ed, stravu a zbytek n\u00e1klad\u016f si hradili studenti a pedagogov\u00e9 z\u00a0vlastn\u00edch zdroj\u016f. \u017d\u00e1ky m\u011bsto Mnichov a jeho architektura i historie nesm\u00edrn\u011b zaujaly. Tok d\u011bjin kolem nich proplouval, a nakonec si \u017e\u00e1ci dok\u00e1zali propojit dopady politick\u00e9 teorie na \u017eivot b\u011b\u017en\u00fdch lid\u00ed ve m\u011bst\u011b a na m\u011bsto samotn\u00e9.<\/p>\n<p>Tato cesta za historii a n\u00e1v\u0161t\u011bvy muze\u00ed byly pro studenty a pedagogy neocenitelnou zku\u0161enost\u00ed a velmi r\u00e1di by se i v\u00a0dal\u0161\u00edm roce op\u011bt vypravili za dal\u0161\u00edmi v\u00fdznamn\u00fdmi pam\u00e1tkami a muze\u00ed.<\/p>\n<div id='gallery-1' class='gallery galleryid-12917 gallery-columns-1 gallery-size-large'><figure class='gallery-item'>\n\t\t\t<div class='gallery-icon portrait'>\n\t\t\t\t<a href='https:\/\/www.skolamichael.cz\/wp-content\/uploads\/2024\/01\/IMG-20231223-WA0000.jpg'><img loading=\"lazy\" decoding=\"async\" width=\"640\" height=\"853\" src=\"https:\/\/www.skolamichael.cz\/wp-content\/uploads\/2024\/01\/IMG-20231223-WA0000-768x1024.jpg\" class=\"attachment-large size-large\" alt=\"\" srcset=\"https:\/\/www.skolamichael.cz\/wp-content\/uploads\/2024\/01\/IMG-20231223-WA0000-768x1024.jpg 768w, https:\/\/www.skolamichael.cz\/wp-content\/uploads\/2024\/01\/IMG-20231223-WA0000-225x300.jpg 225w, https:\/\/www.skolamichael.cz\/wp-content\/uploads\/2024\/01\/IMG-20231223-WA0000.jpg 810w\" sizes=\"auto, (max-width: 640px) 100vw, 640px\" \/><\/a>\n\t\t\t<\/div><\/figure><figure class='gallery-item'>\n\t\t\t<div class='gallery-icon portrait'>\n\t\t\t\t<a href='https:\/\/www.skolamichael.cz\/wp-content\/uploads\/2024\/01\/IMG-20231223-WA0001.jpg'><img loading=\"lazy\" decoding=\"async\" width=\"640\" height=\"853\" src=\"https:\/\/www.skolamichael.cz\/wp-content\/uploads\/2024\/01\/IMG-20231223-WA0001-768x1024.jpg\" class=\"attachment-large size-large\" alt=\"\" srcset=\"https:\/\/www.skolamichael.cz\/wp-content\/uploads\/2024\/01\/IMG-20231223-WA0001-768x1024.jpg 768w, https:\/\/www.skolamichael.cz\/wp-content\/uploads\/2024\/01\/IMG-20231223-WA0001-225x300.jpg 225w, https:\/\/www.skolamichael.cz\/wp-content\/uploads\/2024\/01\/IMG-20231223-WA0001.jpg 810w\" sizes=\"auto, (max-width: 640px) 100vw, 640px\" \/><\/a>\n\t\t\t<\/div><\/figure><figure class='gallery-item'>\n\t\t\t<div class='gallery-icon landscape'>\n\t\t\t\t<a href='https:\/\/www.skolamichael.cz\/wp-content\/uploads\/2024\/01\/IMG-20231223-WA0002-e1706521778719.jpg'><img loading=\"lazy\" decoding=\"async\" width=\"640\" height=\"480\" src=\"https:\/\/www.skolamichael.cz\/wp-content\/uploads\/2024\/01\/IMG-20231223-WA0002-e1706521778719-1024x768.jpg\" class=\"attachment-large size-large\" alt=\"\" srcset=\"https:\/\/www.skolamichael.cz\/wp-content\/uploads\/2024\/01\/IMG-20231223-WA0002-e1706521778719-1024x768.jpg 1024w, https:\/\/www.skolamichael.cz\/wp-content\/uploads\/2024\/01\/IMG-20231223-WA0002-e1706521778719-300x225.jpg 300w, https:\/\/www.skolamichael.cz\/wp-content\/uploads\/2024\/01\/IMG-20231223-WA0002-e1706521778719.jpg 1080w\" sizes=\"auto, (max-width: 640px) 100vw, 640px\" \/><\/a>\n\t\t\t<\/div><\/figure><figure class='gallery-item'>\n\t\t\t<div class='gallery-icon landscape'>\n\t\t\t\t<a href='https:\/\/www.skolamichael.cz\/wp-content\/uploads\/2024\/01\/IMG-20231223-WA0003-e1706521763199.jpg'><img loading=\"lazy\" decoding=\"async\" width=\"640\" height=\"480\" src=\"https:\/\/www.skolamichael.cz\/wp-content\/uploads\/2024\/01\/IMG-20231223-WA0003-e1706521763199-1024x768.jpg\" class=\"attachment-large size-large\" alt=\"\" srcset=\"https:\/\/www.skolamichael.cz\/wp-content\/uploads\/2024\/01\/IMG-20231223-WA0003-e1706521763199-1024x768.jpg 1024w, https:\/\/www.skolamichael.cz\/wp-content\/uploads\/2024\/01\/IMG-20231223-WA0003-e1706521763199-300x225.jpg 300w, https:\/\/www.skolamichael.cz\/wp-content\/uploads\/2024\/01\/IMG-20231223-WA0003-e1706521763199.jpg 1080w\" sizes=\"auto, (max-width: 640px) 100vw, 640px\" \/><\/a>\n\t\t\t<\/div><\/figure><figure class='gallery-item'>\n\t\t\t<div class='gallery-icon portrait'>\n\t\t\t\t<a href='https:\/\/www.skolamichael.cz\/wp-content\/uploads\/2024\/01\/IMG-20231223-WA0005.jpg'><img loading=\"lazy\" decoding=\"async\" width=\"640\" height=\"853\" src=\"https:\/\/www.skolamichael.cz\/wp-content\/uploads\/2024\/01\/IMG-20231223-WA0005-768x1024.jpg\" class=\"attachment-large size-large\" alt=\"\" srcset=\"https:\/\/www.skolamichael.cz\/wp-content\/uploads\/2024\/01\/IMG-20231223-WA0005-768x1024.jpg 768w, https:\/\/www.skolamichael.cz\/wp-content\/uploads\/2024\/01\/IMG-20231223-WA0005-225x300.jpg 225w, https:\/\/www.skolamichael.cz\/wp-content\/uploads\/2024\/01\/IMG-20231223-WA0005.jpg 810w\" sizes=\"auto, (max-width: 640px) 100vw, 640px\" \/><\/a>\n\t\t\t<\/div><\/figure>\n\t\t<\/div>\n\n<p><strong>\u00a0<\/strong><\/p>\n","protected":false},"excerpt":{"rendered":"<p>Nada\u010dn\u00ed fond: Cesta ke vzd\u011bl\u00e1n\u00ed N\u00e1zev projektu: Mnichov \u2013 m\u011bsto historie i sou\u010dasnosti Stru\u010dn\u00fd popis projektu: N\u00e1v\u0161t\u011bva Mnichova osmn\u00e1cti studenty a dv\u011bma kantory. Exkurze p\u0159ibl\u00ed\u017eila d\u011bjiny dvac\u00e1t\u00e9ho stolet\u00ed \u2013 jak d\u00edky komentovan\u00e9 proch\u00e1zce po m\u011bst\u011b, tak i d\u00edky n\u00e1v\u0161t\u011bv\u011b koncentra\u010dn\u00edho t\u00e1boru Dachau. Seznam student\u016f: Aneta Popel\u00e1kov\u00e1, Karol\u00edna Kutalov\u00e1, Tereza \u0158\u00edhov\u00e1, Malv\u00edna Dufkov\u00e1, Nikola Li\u0161kov\u00e1, Karel [&hellip;]<\/p>\n","protected":false},"author":14,"featured_media":0,"parent":10712,"menu_order":0,"comment_status":"closed","ping_status":"closed","template":"","meta":{"_acf_changed":false,"footnotes":""},"class_list":["post-12917","page","type-page","status-publish","hentry"],"acf":[],"yoast_head":"<!-- This site is optimized with the Yoast SEO plugin v27.4 - https:\/\/yoast.com\/product\/yoast-seo-wordpress\/ -->\n<title>Mnichov \u2013 m\u011bsto historie i sou\u010dasnosti | MICHAEL<\/title>\n<meta name=\"robots\" content=\"index, follow, max-snippet:-1, max-image-preview:large, max-video-preview:-1\" \/>\n<link rel=\"canonical\" href=\"https:\/\/www.skolamichael.cz\/cs\/projekty\/cesta-ke-vzdelani\/mnichov-mesto-historie-i-soucasnosti\/\" \/>\n<meta property=\"og:locale\" content=\"cs_CZ\" \/>\n<meta property=\"og:type\" content=\"article\" \/>\n<meta property=\"og:title\" content=\"Mnichov \u2013 m\u011bsto historie i sou\u010dasnosti | MICHAEL\" \/>\n<meta property=\"og:description\" content=\"Nada\u010dn\u00ed fond: Cesta ke vzd\u011bl\u00e1n\u00ed N\u00e1zev projektu: Mnichov \u2013 m\u011bsto historie i sou\u010dasnosti Stru\u010dn\u00fd popis projektu: N\u00e1v\u0161t\u011bva Mnichova osmn\u00e1cti studenty a dv\u011bma kantory. Exkurze p\u0159ibl\u00ed\u017eila d\u011bjiny dvac\u00e1t\u00e9ho stolet\u00ed \u2013 jak d\u00edky komentovan\u00e9 proch\u00e1zce po m\u011bst\u011b, tak i d\u00edky n\u00e1v\u0161t\u011bv\u011b koncentra\u010dn\u00edho t\u00e1boru Dachau. Seznam student\u016f: Aneta Popel\u00e1kov\u00e1, Karol\u00edna Kutalov\u00e1, Tereza \u0158\u00edhov\u00e1, Malv\u00edna Dufkov\u00e1, Nikola Li\u0161kov\u00e1, Karel [&hellip;]\" \/>\n<meta property=\"og:url\" content=\"https:\/\/www.skolamichael.cz\/cs\/projekty\/cesta-ke-vzdelani\/mnichov-mesto-historie-i-soucasnosti\/\" \/>\n<meta property=\"og:site_name\" content=\"MICHAEL\" \/>\n<meta property=\"article:publisher\" content=\"http:\/\/www.facebook.com\/skolamichael\" \/>\n<meta property=\"article:modified_time\" content=\"2024-01-29T14:16:34+00:00\" \/>\n<meta property=\"og:image\" content=\"https:\/\/www.skolamichael.cz\/wp-content\/uploads\/2024\/01\/IMG-20231223-WA0000-768x1024.jpg\" \/>\n<meta name=\"twitter:card\" content=\"summary_large_image\" \/>\n<meta name=\"twitter:label1\" content=\"Odhadovan\u00e1 doba \u010dten\u00ed\" \/>\n\t<meta name=\"twitter:data1\" content=\"2 minuty\" \/>\n<script type=\"application\/ld+json\" class=\"yoast-schema-graph\">{\"@context\":\"https:\\\/\\\/schema.org\",\"@graph\":[{\"@type\":\"WebPage\",\"@id\":\"https:\\\/\\\/www.skolamichael.cz\\\/cs\\\/projekty\\\/cesta-ke-vzdelani\\\/mnichov-mesto-historie-i-soucasnosti\\\/\",\"url\":\"https:\\\/\\\/www.skolamichael.cz\\\/cs\\\/projekty\\\/cesta-ke-vzdelani\\\/mnichov-mesto-historie-i-soucasnosti\\\/\",\"name\":\"Mnichov \u2013 m\u011bsto historie i sou\u010dasnosti | MICHAEL\",\"isPartOf\":{\"@id\":\"https:\\\/\\\/www.skolamichael.cz\\\/cs\\\/#website\"},\"datePublished\":\"2024-01-29T12:25:07+00:00\",\"dateModified\":\"2024-01-29T14:16:34+00:00\",\"breadcrumb\":{\"@id\":\"https:\\\/\\\/www.skolamichael.cz\\\/cs\\\/projekty\\\/cesta-ke-vzdelani\\\/mnichov-mesto-historie-i-soucasnosti\\\/#breadcrumb\"},\"inLanguage\":\"cs\",\"potentialAction\":[{\"@type\":\"ReadAction\",\"target\":[\"https:\\\/\\\/www.skolamichael.cz\\\/cs\\\/projekty\\\/cesta-ke-vzdelani\\\/mnichov-mesto-historie-i-soucasnosti\\\/\"]}]},{\"@type\":\"BreadcrumbList\",\"@id\":\"https:\\\/\\\/www.skolamichael.cz\\\/cs\\\/projekty\\\/cesta-ke-vzdelani\\\/mnichov-mesto-historie-i-soucasnosti\\\/#breadcrumb\",\"itemListElement\":[{\"@type\":\"ListItem\",\"position\":1,\"name\":\"Dom\u016f\",\"item\":\"https:\\\/\\\/www.skolamichael.cz\\\/cs\\\/\"},{\"@type\":\"ListItem\",\"position\":2,\"name\":\"Projekty a st\u00e1\u017ee\",\"item\":\"https:\\\/\\\/www.skolamichael.cz\\\/cs\\\/projekty\\\/\"},{\"@type\":\"ListItem\",\"position\":3,\"name\":\"Cesta ke vzd\u011bl\u00e1n\u00ed\",\"item\":\"https:\\\/\\\/www.skolamichael.cz\\\/cs\\\/projekty\\\/cesta-ke-vzdelani\\\/\"},{\"@type\":\"ListItem\",\"position\":4,\"name\":\"Mnichov \u2013 m\u011bsto historie i sou\u010dasnosti\"}]},{\"@type\":\"WebSite\",\"@id\":\"https:\\\/\\\/www.skolamichael.cz\\\/cs\\\/#website\",\"url\":\"https:\\\/\\\/www.skolamichael.cz\\\/cs\\\/\",\"name\":\"MICHAEL\",\"description\":\"St\u0159edn\u00ed \u0161kola, Gymn\u00e1zium a Vy\u0161\u0161\u00ed odborn\u00e1 \u0161kola\",\"publisher\":{\"@id\":\"https:\\\/\\\/www.skolamichael.cz\\\/cs\\\/#organization\"},\"alternateName\":\"St\u0159edn\u00ed \u0161kola, Gymn\u00e1zium a Vy\u0161\u0161\u00ed odborn\u00e1 \u0161kola\",\"potentialAction\":[{\"@type\":\"SearchAction\",\"target\":{\"@type\":\"EntryPoint\",\"urlTemplate\":\"https:\\\/\\\/www.skolamichael.cz\\\/cs\\\/?s={search_term_string}\"},\"query-input\":{\"@type\":\"PropertyValueSpecification\",\"valueRequired\":true,\"valueName\":\"search_term_string\"}}],\"inLanguage\":\"cs\"},{\"@type\":\"Organization\",\"@id\":\"https:\\\/\\\/www.skolamichael.cz\\\/cs\\\/#organization\",\"name\":\"Michael \u2013 St\u0159edn\u00ed \u0161kola, Gymn\u00e1zium a Vy\u0161\u0161\u00ed odborn\u00e1 \u0161kola, s.r.o.\",\"url\":\"https:\\\/\\\/www.skolamichael.cz\\\/cs\\\/\",\"logo\":{\"@type\":\"ImageObject\",\"inLanguage\":\"cs\",\"@id\":\"https:\\\/\\\/www.skolamichael.cz\\\/cs\\\/#\\\/schema\\\/logo\\\/image\\\/\",\"url\":\"https:\\\/\\\/www.skolamichael.cz\\\/wp-content\\\/uploads\\\/2019\\\/03\\\/logo_michael_final_ctverec1-1.jpg\",\"contentUrl\":\"https:\\\/\\\/www.skolamichael.cz\\\/wp-content\\\/uploads\\\/2019\\\/03\\\/logo_michael_final_ctverec1-1.jpg\",\"width\":400,\"height\":400,\"caption\":\"Michael \u2013 St\u0159edn\u00ed \u0161kola, Gymn\u00e1zium a Vy\u0161\u0161\u00ed odborn\u00e1 \u0161kola, s.r.o.\"},\"image\":{\"@id\":\"https:\\\/\\\/www.skolamichael.cz\\\/cs\\\/#\\\/schema\\\/logo\\\/image\\\/\"},\"sameAs\":[\"http:\\\/\\\/www.facebook.com\\\/skolamichael\",\"https:\\\/\\\/www.instagram.com\\\/skola_michael\\\/\"]}]}<\/script>\n<!-- \/ Yoast SEO plugin. -->","yoast_head_json":{"title":"Mnichov \u2013 m\u011bsto historie i sou\u010dasnosti | MICHAEL","robots":{"index":"index","follow":"follow","max-snippet":"max-snippet:-1","max-image-preview":"max-image-preview:large","max-video-preview":"max-video-preview:-1"},"canonical":"https:\/\/www.skolamichael.cz\/cs\/projekty\/cesta-ke-vzdelani\/mnichov-mesto-historie-i-soucasnosti\/","og_locale":"cs_CZ","og_type":"article","og_title":"Mnichov \u2013 m\u011bsto historie i sou\u010dasnosti | MICHAEL","og_description":"Nada\u010dn\u00ed fond: Cesta ke vzd\u011bl\u00e1n\u00ed N\u00e1zev projektu: Mnichov \u2013 m\u011bsto historie i sou\u010dasnosti Stru\u010dn\u00fd popis projektu: N\u00e1v\u0161t\u011bva Mnichova osmn\u00e1cti studenty a dv\u011bma kantory. Exkurze p\u0159ibl\u00ed\u017eila d\u011bjiny dvac\u00e1t\u00e9ho stolet\u00ed \u2013 jak d\u00edky komentovan\u00e9 proch\u00e1zce po m\u011bst\u011b, tak i d\u00edky n\u00e1v\u0161t\u011bv\u011b koncentra\u010dn\u00edho t\u00e1boru Dachau. Seznam student\u016f: Aneta Popel\u00e1kov\u00e1, Karol\u00edna Kutalov\u00e1, Tereza \u0158\u00edhov\u00e1, Malv\u00edna Dufkov\u00e1, Nikola Li\u0161kov\u00e1, Karel [&hellip;]","og_url":"https:\/\/www.skolamichael.cz\/cs\/projekty\/cesta-ke-vzdelani\/mnichov-mesto-historie-i-soucasnosti\/","og_site_name":"MICHAEL","article_publisher":"http:\/\/www.facebook.com\/skolamichael","article_modified_time":"2024-01-29T14:16:34+00:00","og_image":[{"url":"https:\/\/www.skolamichael.cz\/wp-content\/uploads\/2024\/01\/IMG-20231223-WA0000-768x1024.jpg","type":"","width":"","height":""}],"twitter_card":"summary_large_image","twitter_misc":{"Odhadovan\u00e1 doba \u010dten\u00ed":"2 minuty"},"schema":{"@context":"https:\/\/schema.org","@graph":[{"@type":"WebPage","@id":"https:\/\/www.skolamichael.cz\/cs\/projekty\/cesta-ke-vzdelani\/mnichov-mesto-historie-i-soucasnosti\/","url":"https:\/\/www.skolamichael.cz\/cs\/projekty\/cesta-ke-vzdelani\/mnichov-mesto-historie-i-soucasnosti\/","name":"Mnichov \u2013 m\u011bsto historie i sou\u010dasnosti | MICHAEL","isPartOf":{"@id":"https:\/\/www.skolamichael.cz\/cs\/#website"},"datePublished":"2024-01-29T12:25:07+00:00","dateModified":"2024-01-29T14:16:34+00:00","breadcrumb":{"@id":"https:\/\/www.skolamichael.cz\/cs\/projekty\/cesta-ke-vzdelani\/mnichov-mesto-historie-i-soucasnosti\/#breadcrumb"},"inLanguage":"cs","potentialAction":[{"@type":"ReadAction","target":["https:\/\/www.skolamichael.cz\/cs\/projekty\/cesta-ke-vzdelani\/mnichov-mesto-historie-i-soucasnosti\/"]}]},{"@type":"BreadcrumbList","@id":"https:\/\/www.skolamichael.cz\/cs\/projekty\/cesta-ke-vzdelani\/mnichov-mesto-historie-i-soucasnosti\/#breadcrumb","itemListElement":[{"@type":"ListItem","position":1,"name":"Dom\u016f","item":"https:\/\/www.skolamichael.cz\/cs\/"},{"@type":"ListItem","position":2,"name":"Projekty a st\u00e1\u017ee","item":"https:\/\/www.skolamichael.cz\/cs\/projekty\/"},{"@type":"ListItem","position":3,"name":"Cesta ke vzd\u011bl\u00e1n\u00ed","item":"https:\/\/www.skolamichael.cz\/cs\/projekty\/cesta-ke-vzdelani\/"},{"@type":"ListItem","position":4,"name":"Mnichov \u2013 m\u011bsto historie i sou\u010dasnosti"}]},{"@type":"WebSite","@id":"https:\/\/www.skolamichael.cz\/cs\/#website","url":"https:\/\/www.skolamichael.cz\/cs\/","name":"MICHAEL","description":"St\u0159edn\u00ed \u0161kola, Gymn\u00e1zium a Vy\u0161\u0161\u00ed odborn\u00e1 \u0161kola","publisher":{"@id":"https:\/\/www.skolamichael.cz\/cs\/#organization"},"alternateName":"St\u0159edn\u00ed \u0161kola, Gymn\u00e1zium a Vy\u0161\u0161\u00ed odborn\u00e1 \u0161kola","potentialAction":[{"@type":"SearchAction","target":{"@type":"EntryPoint","urlTemplate":"https:\/\/www.skolamichael.cz\/cs\/?s={search_term_string}"},"query-input":{"@type":"PropertyValueSpecification","valueRequired":true,"valueName":"search_term_string"}}],"inLanguage":"cs"},{"@type":"Organization","@id":"https:\/\/www.skolamichael.cz\/cs\/#organization","name":"Michael \u2013 St\u0159edn\u00ed \u0161kola, Gymn\u00e1zium a Vy\u0161\u0161\u00ed odborn\u00e1 \u0161kola, s.r.o.","url":"https:\/\/www.skolamichael.cz\/cs\/","logo":{"@type":"ImageObject","inLanguage":"cs","@id":"https:\/\/www.skolamichael.cz\/cs\/#\/schema\/logo\/image\/","url":"https:\/\/www.skolamichael.cz\/wp-content\/uploads\/2019\/03\/logo_michael_final_ctverec1-1.jpg","contentUrl":"https:\/\/www.skolamichael.cz\/wp-content\/uploads\/2019\/03\/logo_michael_final_ctverec1-1.jpg","width":400,"height":400,"caption":"Michael \u2013 St\u0159edn\u00ed \u0161kola, Gymn\u00e1zium a Vy\u0161\u0161\u00ed odborn\u00e1 \u0161kola, s.r.o."},"image":{"@id":"https:\/\/www.skolamichael.cz\/cs\/#\/schema\/logo\/image\/"},"sameAs":["http:\/\/www.facebook.com\/skolamichael","https:\/\/www.instagram.com\/skola_michael\/"]}]}},"_links":{"self":[{"href":"https:\/\/www.skolamichael.cz\/cs\/wp-json\/wp\/v2\/pages\/12917","targetHints":{"allow":["GET"]}}],"collection":[{"href":"https:\/\/www.skolamichael.cz\/cs\/wp-json\/wp\/v2\/pages"}],"about":[{"href":"https:\/\/www.skolamichael.cz\/cs\/wp-json\/wp\/v2\/types\/page"}],"author":[{"embeddable":true,"href":"https:\/\/www.skolamichael.cz\/cs\/wp-json\/wp\/v2\/users\/14"}],"replies":[{"embeddable":true,"href":"https:\/\/www.skolamichael.cz\/cs\/wp-json\/wp\/v2\/comments?post=12917"}],"version-history":[{"count":3,"href":"https:\/\/www.skolamichael.cz\/cs\/wp-json\/wp\/v2\/pages\/12917\/revisions"}],"predecessor-version":[{"id":12939,"href":"https:\/\/www.skolamichael.cz\/cs\/wp-json\/wp\/v2\/pages\/12917\/revisions\/12939"}],"up":[{"embeddable":true,"href":"https:\/\/www.skolamichael.cz\/cs\/wp-json\/wp\/v2\/pages\/10712"}],"wp:attachment":[{"href":"https:\/\/www.skolamichael.cz\/cs\/wp-json\/wp\/v2\/media?parent=12917"}],"curies":[{"name":"wp","href":"https:\/\/api.w.org\/{rel}","templated":true}]}}