{"id":13946,"date":"2024-09-05T14:49:38","date_gmt":"2024-09-05T12:49:38","guid":{"rendered":"https:\/\/www.skolamichael.cz\/?page_id=13946"},"modified":"2026-03-20T08:36:40","modified_gmt":"2026-03-20T07:36:40","slug":"erasmus-ka-121","status":"publish","type":"page","link":"https:\/\/www.skolamichael.cz\/cs\/projekty\/erasmus-ka-121\/","title":{"rendered":"ERASMUS+ KA 121"},"content":{"rendered":"<p>V r\u00e1mci projektu ERASMUS+ vyj\u00ed\u017ed\u011bj\u00ed na\u0161i studenti spolu s pedagogy na pravideln\u00e9 st\u00e1\u017ee.<\/p>\n<h3><strong>2023<\/strong><\/h3>\n<p>2023-1-CZ01-KA121-VET-000118284<\/p>\n<p><a href=\"https:\/\/www.skolamichael.cz\/cs\/projekty\/erasmus-ka-121\/erasmus-ka121-slovensko-2\/\">ERASMUS+ KA121 &#8211; <strong>Slovensko<\/strong><\/a><\/p>\n<p><a href=\"https:\/\/www.skolamichael.cz\/projekty\/erasmus-ka-121\/erasmus-ka121-island\/\">ERASMUS+ KA121 &#8211;<strong>Island<\/strong><\/a><\/p>\n<p><a href=\"https:\/\/www.skolamichael.cz\/cs\/projekty\/erasmus-ka-121\/erasmus-ka121-malaga\/\">ERASMUS+ KA121 &#8211; <strong>Malaga<\/strong><\/a><\/p>\n<h3>2024<\/h3>\n<p><a href=\"https:\/\/www.skolamichael.cz\/projekty\/erasmus-ka-121\/erasmus-ka121-portugalsko\/\">ERASMUS+ KA121 &#8211; <strong>Portugalsko<\/strong><\/a><\/p>\n<p>2024-1-CZ01-KA121-VET-000200496<\/p>\n<p><a href=\"https:\/\/www.skolamichael.cz\/projekty\/erasmus-ka-121\/erasmus-ka121-slovensko\/\">ERASMUS+ KA121 \u2013\u00a0<strong>Slovensko<\/strong><\/a><\/p>\n<p><a href=\"https:\/\/www.skolamichael.cz\/aktualne\/erasmus-cesta-do-norska\/\">ERASMUS+ KA121 &#8211; <strong>Oslo<\/strong><\/a><\/p>\n<h3>2025<\/h3>\n<p><a href=\"https:\/\/www.skolamichael.cz\/cs\/projekty\/erasmus-ka-121\/erasmus-ka121-portugalsko-2\/\">ERASMUS+ KA121 &#8211; <strong>Portugalsko<\/strong><\/a><\/p>\n<p><a href=\"https:\/\/www.skolamichael.cz\/cs\/projekty\/erasmus-ka-121\/erasmus-ka121-island-2\/\">ERASMUS+ KA121 &#8211; <strong>Island<\/strong><\/a><\/p>\n<h3>2026<\/h3>\n<p>ERASMUS+ KA121 &#8211; <strong>Norsko <\/strong><\/p>\n<p>ERASMUS+ KA121 &#8211; <strong>It\u00e1lie<\/strong><\/p>\n<p>&nbsp;<\/p>\n","protected":false},"excerpt":{"rendered":"<p>V r\u00e1mci projektu ERASMUS+ vyj\u00ed\u017ed\u011bj\u00ed na\u0161i studenti spolu s pedagogy na pravideln\u00e9 st\u00e1\u017ee. 2023 2023-1-CZ01-KA121-VET-000118284 ERASMUS+ KA121 &#8211; Slovensko ERASMUS+ KA121 &#8211;Island ERASMUS+ KA121 &#8211; Malaga 2024 ERASMUS+ KA121 &#8211; Portugalsko 2024-1-CZ01-KA121-VET-000200496 ERASMUS+ KA121 \u2013\u00a0Slovensko ERASMUS+ KA121 &#8211; Oslo 2025 ERASMUS+ KA121 &#8211; Portugalsko ERASMUS+ KA121 &#8211; Island 2026 ERASMUS+ KA121 &#8211; Norsko ERASMUS+ KA121 [&hellip;]<\/p>\n","protected":false},"author":4,"featured_media":0,"parent":3828,"menu_order":0,"comment_status":"closed","ping_status":"closed","template":"","meta":{"_acf_changed":false,"footnotes":""},"class_list":["post-13946","page","type-page","status-publish","hentry"],"acf":[],"yoast_head":"<!-- This site is optimized with the Yoast SEO plugin v27.1.1 - https:\/\/yoast.com\/product\/yoast-seo-wordpress\/ -->\n<title>ERASMUS+ KA 121 | MICHAEL<\/title>\n<meta name=\"robots\" content=\"index, follow, max-snippet:-1, max-image-preview:large, max-video-preview:-1\" \/>\n<link rel=\"canonical\" href=\"https:\/\/www.skolamichael.cz\/cs\/projekty\/erasmus-ka-121\/\" \/>\n<meta property=\"og:locale\" content=\"cs_CZ\" \/>\n<meta property=\"og:type\" content=\"article\" \/>\n<meta property=\"og:title\" content=\"ERASMUS+ KA 121 | MICHAEL\" \/>\n<meta property=\"og:description\" content=\"V r\u00e1mci projektu ERASMUS+ vyj\u00ed\u017ed\u011bj\u00ed na\u0161i studenti spolu s pedagogy na pravideln\u00e9 st\u00e1\u017ee. 2023 2023-1-CZ01-KA121-VET-000118284 ERASMUS+ KA121 &#8211; Slovensko ERASMUS+ KA121 &#8211;Island ERASMUS+ KA121 &#8211; Malaga 2024 ERASMUS+ KA121 &#8211; Portugalsko 2024-1-CZ01-KA121-VET-000200496 ERASMUS+ KA121 \u2013\u00a0Slovensko ERASMUS+ KA121 &#8211; Oslo 2025 ERASMUS+ KA121 &#8211; Portugalsko ERASMUS+ KA121 &#8211; Island 2026 ERASMUS+ KA121 &#8211; Norsko ERASMUS+ KA121 [&hellip;]\" \/>\n<meta property=\"og:url\" content=\"https:\/\/www.skolamichael.cz\/cs\/projekty\/erasmus-ka-121\/\" \/>\n<meta property=\"og:site_name\" content=\"MICHAEL\" \/>\n<meta property=\"article:publisher\" content=\"http:\/\/www.facebook.com\/skolamichael\" \/>\n<meta property=\"article:modified_time\" content=\"2026-03-20T07:36:40+00:00\" \/>\n<meta name=\"twitter:card\" content=\"summary_large_image\" \/>\n<meta name=\"twitter:label1\" content=\"Odhadovan\u00e1 doba \u010dten\u00ed\" \/>\n\t<meta name=\"twitter:data1\" content=\"1 minuta\" \/>\n<script type=\"application\/ld+json\" class=\"yoast-schema-graph\">{\"@context\":\"https:\/\/schema.org\",\"@graph\":[{\"@type\":\"WebPage\",\"@id\":\"https:\/\/www.skolamichael.cz\/cs\/projekty\/erasmus-ka-121\/\",\"url\":\"https:\/\/www.skolamichael.cz\/cs\/projekty\/erasmus-ka-121\/\",\"name\":\"ERASMUS+ KA 121 | MICHAEL\",\"isPartOf\":{\"@id\":\"https:\/\/www.skolamichael.cz\/cs\/#website\"},\"datePublished\":\"2024-09-05T12:49:38+00:00\",\"dateModified\":\"2026-03-20T07:36:40+00:00\",\"breadcrumb\":{\"@id\":\"https:\/\/www.skolamichael.cz\/cs\/projekty\/erasmus-ka-121\/#breadcrumb\"},\"inLanguage\":\"cs\",\"potentialAction\":[{\"@type\":\"ReadAction\",\"target\":[\"https:\/\/www.skolamichael.cz\/cs\/projekty\/erasmus-ka-121\/\"]}]},{\"@type\":\"BreadcrumbList\",\"@id\":\"https:\/\/www.skolamichael.cz\/cs\/projekty\/erasmus-ka-121\/#breadcrumb\",\"itemListElement\":[{\"@type\":\"ListItem\",\"position\":1,\"name\":\"Dom\u016f\",\"item\":\"https:\/\/www.skolamichael.cz\/cs\/\"},{\"@type\":\"ListItem\",\"position\":2,\"name\":\"Projekty a st\u00e1\u017ee\",\"item\":\"https:\/\/www.skolamichael.cz\/cs\/projekty\/\"},{\"@type\":\"ListItem\",\"position\":3,\"name\":\"ERASMUS+ KA 121\"}]},{\"@type\":\"WebSite\",\"@id\":\"https:\/\/www.skolamichael.cz\/cs\/#website\",\"url\":\"https:\/\/www.skolamichael.cz\/cs\/\",\"name\":\"MICHAEL\",\"description\":\"St\u0159edn\u00ed \u0161kola, Gymn\u00e1zium a Vy\u0161\u0161\u00ed odborn\u00e1 \u0161kola\",\"publisher\":{\"@id\":\"https:\/\/www.skolamichael.cz\/cs\/#organization\"},\"alternateName\":\"St\u0159edn\u00ed \u0161kola, Gymn\u00e1zium a Vy\u0161\u0161\u00ed odborn\u00e1 \u0161kola\",\"potentialAction\":[{\"@type\":\"SearchAction\",\"target\":{\"@type\":\"EntryPoint\",\"urlTemplate\":\"https:\/\/www.skolamichael.cz\/cs\/?s={search_term_string}\"},\"query-input\":{\"@type\":\"PropertyValueSpecification\",\"valueRequired\":true,\"valueName\":\"search_term_string\"}}],\"inLanguage\":\"cs\"},{\"@type\":\"Organization\",\"@id\":\"https:\/\/www.skolamichael.cz\/cs\/#organization\",\"name\":\"Michael \u2013 St\u0159edn\u00ed \u0161kola, Gymn\u00e1zium a Vy\u0161\u0161\u00ed odborn\u00e1 \u0161kola, s.r.o.\",\"url\":\"https:\/\/www.skolamichael.cz\/cs\/\",\"logo\":{\"@type\":\"ImageObject\",\"inLanguage\":\"cs\",\"@id\":\"https:\/\/www.skolamichael.cz\/cs\/#\/schema\/logo\/image\/\",\"url\":\"https:\/\/www.skolamichael.cz\/wp-content\/uploads\/2019\/03\/logo_michael_final_ctverec1-1.jpg\",\"contentUrl\":\"https:\/\/www.skolamichael.cz\/wp-content\/uploads\/2019\/03\/logo_michael_final_ctverec1-1.jpg\",\"width\":400,\"height\":400,\"caption\":\"Michael \u2013 St\u0159edn\u00ed \u0161kola, Gymn\u00e1zium a Vy\u0161\u0161\u00ed odborn\u00e1 \u0161kola, s.r.o.\"},\"image\":{\"@id\":\"https:\/\/www.skolamichael.cz\/cs\/#\/schema\/logo\/image\/\"},\"sameAs\":[\"http:\/\/www.facebook.com\/skolamichael\",\"https:\/\/www.instagram.com\/skola_michael\/\"]}]}<\/script>\n<!-- \/ Yoast SEO plugin. -->","yoast_head_json":{"title":"ERASMUS+ KA 121 | MICHAEL","robots":{"index":"index","follow":"follow","max-snippet":"max-snippet:-1","max-image-preview":"max-image-preview:large","max-video-preview":"max-video-preview:-1"},"canonical":"https:\/\/www.skolamichael.cz\/cs\/projekty\/erasmus-ka-121\/","og_locale":"cs_CZ","og_type":"article","og_title":"ERASMUS+ KA 121 | MICHAEL","og_description":"V r\u00e1mci projektu ERASMUS+ vyj\u00ed\u017ed\u011bj\u00ed na\u0161i studenti spolu s pedagogy na pravideln\u00e9 st\u00e1\u017ee. 2023 2023-1-CZ01-KA121-VET-000118284 ERASMUS+ KA121 &#8211; Slovensko ERASMUS+ KA121 &#8211;Island ERASMUS+ KA121 &#8211; Malaga 2024 ERASMUS+ KA121 &#8211; Portugalsko 2024-1-CZ01-KA121-VET-000200496 ERASMUS+ KA121 \u2013\u00a0Slovensko ERASMUS+ KA121 &#8211; Oslo 2025 ERASMUS+ KA121 &#8211; Portugalsko ERASMUS+ KA121 &#8211; Island 2026 ERASMUS+ KA121 &#8211; Norsko ERASMUS+ KA121 [&hellip;]","og_url":"https:\/\/www.skolamichael.cz\/cs\/projekty\/erasmus-ka-121\/","og_site_name":"MICHAEL","article_publisher":"http:\/\/www.facebook.com\/skolamichael","article_modified_time":"2026-03-20T07:36:40+00:00","twitter_card":"summary_large_image","twitter_misc":{"Odhadovan\u00e1 doba \u010dten\u00ed":"1 minuta"},"schema":{"@context":"https:\/\/schema.org","@graph":[{"@type":"WebPage","@id":"https:\/\/www.skolamichael.cz\/cs\/projekty\/erasmus-ka-121\/","url":"https:\/\/www.skolamichael.cz\/cs\/projekty\/erasmus-ka-121\/","name":"ERASMUS+ KA 121 | MICHAEL","isPartOf":{"@id":"https:\/\/www.skolamichael.cz\/cs\/#website"},"datePublished":"2024-09-05T12:49:38+00:00","dateModified":"2026-03-20T07:36:40+00:00","breadcrumb":{"@id":"https:\/\/www.skolamichael.cz\/cs\/projekty\/erasmus-ka-121\/#breadcrumb"},"inLanguage":"cs","potentialAction":[{"@type":"ReadAction","target":["https:\/\/www.skolamichael.cz\/cs\/projekty\/erasmus-ka-121\/"]}]},{"@type":"BreadcrumbList","@id":"https:\/\/www.skolamichael.cz\/cs\/projekty\/erasmus-ka-121\/#breadcrumb","itemListElement":[{"@type":"ListItem","position":1,"name":"Dom\u016f","item":"https:\/\/www.skolamichael.cz\/cs\/"},{"@type":"ListItem","position":2,"name":"Projekty a st\u00e1\u017ee","item":"https:\/\/www.skolamichael.cz\/cs\/projekty\/"},{"@type":"ListItem","position":3,"name":"ERASMUS+ KA 121"}]},{"@type":"WebSite","@id":"https:\/\/www.skolamichael.cz\/cs\/#website","url":"https:\/\/www.skolamichael.cz\/cs\/","name":"MICHAEL","description":"St\u0159edn\u00ed \u0161kola, Gymn\u00e1zium a Vy\u0161\u0161\u00ed odborn\u00e1 \u0161kola","publisher":{"@id":"https:\/\/www.skolamichael.cz\/cs\/#organization"},"alternateName":"St\u0159edn\u00ed \u0161kola, Gymn\u00e1zium a Vy\u0161\u0161\u00ed odborn\u00e1 \u0161kola","potentialAction":[{"@type":"SearchAction","target":{"@type":"EntryPoint","urlTemplate":"https:\/\/www.skolamichael.cz\/cs\/?s={search_term_string}"},"query-input":{"@type":"PropertyValueSpecification","valueRequired":true,"valueName":"search_term_string"}}],"inLanguage":"cs"},{"@type":"Organization","@id":"https:\/\/www.skolamichael.cz\/cs\/#organization","name":"Michael \u2013 St\u0159edn\u00ed \u0161kola, Gymn\u00e1zium a Vy\u0161\u0161\u00ed odborn\u00e1 \u0161kola, s.r.o.","url":"https:\/\/www.skolamichael.cz\/cs\/","logo":{"@type":"ImageObject","inLanguage":"cs","@id":"https:\/\/www.skolamichael.cz\/cs\/#\/schema\/logo\/image\/","url":"https:\/\/www.skolamichael.cz\/wp-content\/uploads\/2019\/03\/logo_michael_final_ctverec1-1.jpg","contentUrl":"https:\/\/www.skolamichael.cz\/wp-content\/uploads\/2019\/03\/logo_michael_final_ctverec1-1.jpg","width":400,"height":400,"caption":"Michael \u2013 St\u0159edn\u00ed \u0161kola, Gymn\u00e1zium a Vy\u0161\u0161\u00ed odborn\u00e1 \u0161kola, s.r.o."},"image":{"@id":"https:\/\/www.skolamichael.cz\/cs\/#\/schema\/logo\/image\/"},"sameAs":["http:\/\/www.facebook.com\/skolamichael","https:\/\/www.instagram.com\/skola_michael\/"]}]}},"_links":{"self":[{"href":"https:\/\/www.skolamichael.cz\/cs\/wp-json\/wp\/v2\/pages\/13946","targetHints":{"allow":["GET"]}}],"collection":[{"href":"https:\/\/www.skolamichael.cz\/cs\/wp-json\/wp\/v2\/pages"}],"about":[{"href":"https:\/\/www.skolamichael.cz\/cs\/wp-json\/wp\/v2\/types\/page"}],"author":[{"embeddable":true,"href":"https:\/\/www.skolamichael.cz\/cs\/wp-json\/wp\/v2\/users\/4"}],"replies":[{"embeddable":true,"href":"https:\/\/www.skolamichael.cz\/cs\/wp-json\/wp\/v2\/comments?post=13946"}],"version-history":[{"count":19,"href":"https:\/\/www.skolamichael.cz\/cs\/wp-json\/wp\/v2\/pages\/13946\/revisions"}],"predecessor-version":[{"id":31530,"href":"https:\/\/www.skolamichael.cz\/cs\/wp-json\/wp\/v2\/pages\/13946\/revisions\/31530"}],"up":[{"embeddable":true,"href":"https:\/\/www.skolamichael.cz\/cs\/wp-json\/wp\/v2\/pages\/3828"}],"wp:attachment":[{"href":"https:\/\/www.skolamichael.cz\/cs\/wp-json\/wp\/v2\/media?parent=13946"}],"curies":[{"name":"wp","href":"https:\/\/api.w.org\/{rel}","templated":true}]}}