{"id":13950,"date":"2024-09-05T14:51:59","date_gmt":"2024-09-05T12:51:59","guid":{"rendered":"https:\/\/www.skolamichael.cz\/?page_id=13950"},"modified":"2024-09-05T15:06:13","modified_gmt":"2024-09-05T13:06:13","slug":"erasmus-ka121-slovensko","status":"publish","type":"page","link":"https:\/\/www.skolamichael.cz\/cs\/projekty\/erasmus-ka-121\/erasmus-ka121-slovensko\/","title":{"rendered":"ERASMUS+ KA121 \u2013 Slovensko"},"content":{"rendered":"<p>ODBORN\u00c1 ST\u00c1\u017d NA SLOVENSKU<\/p>\n<p class=\"p1\">Stejn\u011b jako minul\u00fd rok i letos se uskute\u010dnil tv\u016fr\u010d\u00ed v\u00fdm\u011bnn\u00fd pobyt v r\u00e1mci programu Erasmus+ ve slovensk\u00fdch Tatr\u00e1ch. St\u00e1\u017e se konala od 15.6\u201326.6. 2024<\/p>\n<p class=\"p1\">Tv\u016fr\u010d\u00ed program st\u00e1\u017ee byl velice pestr\u00fd. Nejd\u0159\u00edve na\u0161i studenti nav\u0161t\u00edvili partnerskou soukromou \u0161kolu um\u011bleck\u00e9ho filmov\u00e9ho pr\u016fmyslu v Ko\u0161ic\u00edch, kde si vyzkou\u0161eli studijn\u00ed program souvisej\u00edc\u00edch obor\u016f a z\u00e1jm\u016f v zahrani\u010d\u00ed. C\u00edlem bylo z\u00edskat nov\u00e9 dovednosti a roz\u0161\u00ed\u0159en\u00ed obzor\u016f v oblasti multimedi\u00e1ln\u00ed tvorby a prohlouben\u00ed jazykov\u00fdch a mezikulturn\u00edch znalost\u00ed. V pr\u016fb\u011bhu \u010d\u00e1sti st\u00e1\u017ee v ko\u0161ick\u00e9 \u0161kole si studenti prakticky vyzkou\u0161eli aktivity souvisej\u00edc\u00ed zejm\u00e9na s oborem filmov\u00e9ho a televizn\u00edho um\u011bn\u00ed, konkr\u00e9tn\u011b v oblasti kamery, zvuku, st\u0159ihu, \u017eiv\u00e9ho vys\u00edl\u00e1n\u00ed, ale i tvorby virtu\u00e1ln\u00ed grafiky.<\/p>\n<p>V druh\u00e9 \u010d\u00e1sti st\u00e1\u017ee se studenti p\u0159esunuli do Popradu, kde se sna\u017eili pozn\u00e1vat skrze hled\u00e1\u010dek krajinu a kulturn\u00ed \u017eivot Vysok\u00fdch Tater. V r\u00e1mci kognitivn\u00ed \u010dinnosti do\u0161lo k rozboru t\u00e9to specifick\u00e9 \u00fazemn\u00ed oblasti a studenti tak mohli srovn\u00e1vat a studovat nuance celk\u016f, polo celk\u016f a detail\u016f p\u0159\u00edrodn\u00edho bohatstv\u00ed hor, v konfrontaci se z\u00e1sahem lidsk\u00e9 \u010dinnosti a m\u00edstn\u00ed typick\u00e9 architektury. Studie m\u011bla za \u00fakol pochopit kontext p\u016fsoben\u00ed \u010dlov\u011bka v p\u0159\u00edrod\u011b, ekologick\u00e9 souvislosti.<\/p>\n<div>\n<p class=\"p1\">Studenti m\u011bli v r\u00e1mci st\u00e1\u017ee za \u00fakol nafotografovat t\u0159i v\u00fdstupy.<\/p>\n<p class=\"p1\">Digit\u00e1ln\u00ed Storytelling \u2013 Report\u00e1\u017en\u011b dokument\u00e1rn\u00ed soubor, kter\u00fd pojedn\u00e1v\u00e1 o v\u0161ech aktivit\u00e1ch, pozn\u00e1v\u00e1n\u00ed, u\u010den\u00ed a praktick\u00e9 tvorb\u011b v pr\u016fb\u011bhu desetidenn\u00ed st\u00e1\u017ee. V\u00fdstupem je audiovizu\u00e1ln\u00ed s\u00e9rie vypr\u00e1v\u011bj\u00edc\u00ed p\u0159\u00edb\u011bh o cest\u011b za vzd\u011bl\u00e1n\u00edm a objevov\u00e1n\u00edm nov\u00fdch poznatk\u016f v oboru, hodnot a mezin\u00e1rodn\u00edch vztah\u016f.<\/p>\n<p class=\"p1\">Dal\u0161\u00edm v\u00fdstupem byla Technick\u00e1 studie Tatransk\u00e9 architektury a krajiny. Zde byl c\u00edlem rozs\u00e1hl\u00fd fotografick\u00fd a grafick\u00fd soubor mapuj\u00edc\u00ed m\u00edstn\u00ed tatranskou architekturu a krajinu nejen v r\u00e1mci celku, ale i detail\u016f a samostatn\u00fdch prvk\u016f, kter\u00e9 mnohdy nejsou oku na prvn\u00ed pohled zn\u00e1my, ale je t\u0159eba detailn\u011bj\u0161\u00ed a soust\u0159ed\u011bn\u011bj\u0161\u00ed pohled na studovan\u00fd motiv.<\/p>\n<p class=\"p1\">Posledn\u00edm t\u00e9matem byl V\u00fdstavn\u00ed voln\u00fd soubor. Zde \u017e\u00e1ci dostali koncep\u010dn\u00ed volnost nad tvorbou v\u00fdstavn\u00edho souboru s n\u00e1zvem \u201eTepny Tater\u201c. Jedn\u00e1 se o s\u00e9rii propojuj\u00edc\u00ed tv\u016fr\u010d\u00ed p\u0159\u00edstupy v\u00fdtvarn\u00e9 fotografie a grafiky, kde po form\u00e1ln\u00ed i obsahov\u00e9 str\u00e1nce tvo\u0159\u00ed hlavn\u00ed motiv \u017e\u00edla nebo tepna, jako\u017eto symbol toku, kolob\u011bhu \u017eivota, nebo plynut\u00ed \u010dasu. V r\u00e1mci p\u0159\u00edrodnin, kamen\u016f, potok\u016f a \u0159\u00ed\u010dek, ko\u0159en\u016f, v\u011btv\u00ed, prasklin a puklin se studenti sna\u017eili nal\u00e9zt tvaroslov\u00ed obrazu, kter\u00e9 fin\u00e1ln\u011b tvo\u0159\u00ed citlivou mozaiku pocit\u016f, kter\u00e9 subjektivn\u00ed formou p\u0159enesli do v\u00fdsledn\u00e9ho obrazu.<\/p>\n<\/div>\n<p>&nbsp;<\/p>\n<div id='gallery-1' class='gallery galleryid-13950 gallery-columns-1 gallery-size-full'><figure class='gallery-item'>\n\t\t\t<div class='gallery-icon landscape'>\n\t\t\t\t<a href='https:\/\/www.skolamichael.cz\/wp-content\/uploads\/2024\/07\/MA1_3945.jpg'><img loading=\"lazy\" decoding=\"async\" width=\"1623\" height=\"1080\" src=\"https:\/\/www.skolamichael.cz\/wp-content\/uploads\/2024\/07\/MA1_3945.jpg\" class=\"attachment-full size-full\" alt=\"\" srcset=\"https:\/\/www.skolamichael.cz\/wp-content\/uploads\/2024\/07\/MA1_3945.jpg 1623w, https:\/\/www.skolamichael.cz\/wp-content\/uploads\/2024\/07\/MA1_3945-300x200.jpg 300w, https:\/\/www.skolamichael.cz\/wp-content\/uploads\/2024\/07\/MA1_3945-1024x681.jpg 1024w\" sizes=\"auto, (max-width: 1623px) 100vw, 1623px\" \/><\/a>\n\t\t\t<\/div><\/figure><figure class='gallery-item'>\n\t\t\t<div class='gallery-icon landscape'>\n\t\t\t\t<a href='https:\/\/www.skolamichael.cz\/wp-content\/uploads\/2024\/07\/IMG_8611.jpg'><img loading=\"lazy\" decoding=\"async\" width=\"1620\" height=\"1080\" src=\"https:\/\/www.skolamichael.cz\/wp-content\/uploads\/2024\/07\/IMG_8611.jpg\" class=\"attachment-full size-full\" alt=\"\" srcset=\"https:\/\/www.skolamichael.cz\/wp-content\/uploads\/2024\/07\/IMG_8611.jpg 1620w, https:\/\/www.skolamichael.cz\/wp-content\/uploads\/2024\/07\/IMG_8611-300x200.jpg 300w, https:\/\/www.skolamichael.cz\/wp-content\/uploads\/2024\/07\/IMG_8611-1024x683.jpg 1024w\" sizes=\"auto, (max-width: 1620px) 100vw, 1620px\" \/><\/a>\n\t\t\t<\/div><\/figure><figure class='gallery-item'>\n\t\t\t<div class='gallery-icon landscape'>\n\t\t\t\t<a href='https:\/\/www.skolamichael.cz\/wp-content\/uploads\/2024\/07\/IMG_0139.jpg'><img loading=\"lazy\" decoding=\"async\" width=\"1620\" height=\"1080\" src=\"https:\/\/www.skolamichael.cz\/wp-content\/uploads\/2024\/07\/IMG_0139.jpg\" class=\"attachment-full size-full\" alt=\"\" srcset=\"https:\/\/www.skolamichael.cz\/wp-content\/uploads\/2024\/07\/IMG_0139.jpg 1620w, https:\/\/www.skolamichael.cz\/wp-content\/uploads\/2024\/07\/IMG_0139-300x200.jpg 300w, https:\/\/www.skolamichael.cz\/wp-content\/uploads\/2024\/07\/IMG_0139-1024x683.jpg 1024w\" sizes=\"auto, (max-width: 1620px) 100vw, 1620px\" \/><\/a>\n\t\t\t<\/div><\/figure><figure class='gallery-item'>\n\t\t\t<div class='gallery-icon landscape'>\n\t\t\t\t<a href='https:\/\/www.skolamichael.cz\/wp-content\/uploads\/2024\/07\/IMG_8446.jpg'><img loading=\"lazy\" decoding=\"async\" width=\"1620\" height=\"1080\" src=\"https:\/\/www.skolamichael.cz\/wp-content\/uploads\/2024\/07\/IMG_8446.jpg\" class=\"attachment-full size-full\" alt=\"\" srcset=\"https:\/\/www.skolamichael.cz\/wp-content\/uploads\/2024\/07\/IMG_8446.jpg 1620w, https:\/\/www.skolamichael.cz\/wp-content\/uploads\/2024\/07\/IMG_8446-300x200.jpg 300w, https:\/\/www.skolamichael.cz\/wp-content\/uploads\/2024\/07\/IMG_8446-1024x683.jpg 1024w\" sizes=\"auto, (max-width: 1620px) 100vw, 1620px\" \/><\/a>\n\t\t\t<\/div><\/figure><figure class='gallery-item'>\n\t\t\t<div class='gallery-icon landscape'>\n\t\t\t\t<a href='https:\/\/www.skolamichael.cz\/wp-content\/uploads\/2024\/07\/S2A1489.jpg'><img loading=\"lazy\" decoding=\"async\" width=\"1620\" height=\"1080\" src=\"https:\/\/www.skolamichael.cz\/wp-content\/uploads\/2024\/07\/S2A1489.jpg\" class=\"attachment-full size-full\" alt=\"\" srcset=\"https:\/\/www.skolamichael.cz\/wp-content\/uploads\/2024\/07\/S2A1489.jpg 1620w, https:\/\/www.skolamichael.cz\/wp-content\/uploads\/2024\/07\/S2A1489-300x200.jpg 300w, https:\/\/www.skolamichael.cz\/wp-content\/uploads\/2024\/07\/S2A1489-1024x683.jpg 1024w\" sizes=\"auto, (max-width: 1620px) 100vw, 1620px\" \/><\/a>\n\t\t\t<\/div><\/figure><figure class='gallery-item'>\n\t\t\t<div class='gallery-icon landscape'>\n\t\t\t\t<a href='https:\/\/www.skolamichael.cz\/wp-content\/uploads\/2024\/07\/IMG_1820.jpg'><img loading=\"lazy\" decoding=\"async\" width=\"1620\" height=\"1080\" src=\"https:\/\/www.skolamichael.cz\/wp-content\/uploads\/2024\/07\/IMG_1820.jpg\" class=\"attachment-full size-full\" alt=\"\" srcset=\"https:\/\/www.skolamichael.cz\/wp-content\/uploads\/2024\/07\/IMG_1820.jpg 1620w, https:\/\/www.skolamichael.cz\/wp-content\/uploads\/2024\/07\/IMG_1820-300x200.jpg 300w, https:\/\/www.skolamichael.cz\/wp-content\/uploads\/2024\/07\/IMG_1820-1024x683.jpg 1024w\" sizes=\"auto, (max-width: 1620px) 100vw, 1620px\" \/><\/a>\n\t\t\t<\/div><\/figure><figure class='gallery-item'>\n\t\t\t<div class='gallery-icon landscape'>\n\t\t\t\t<a href='https:\/\/www.skolamichael.cz\/wp-content\/uploads\/2024\/07\/S2A1373.jpg'><img loading=\"lazy\" decoding=\"async\" width=\"1620\" height=\"1080\" src=\"https:\/\/www.skolamichael.cz\/wp-content\/uploads\/2024\/07\/S2A1373.jpg\" class=\"attachment-full size-full\" alt=\"\" srcset=\"https:\/\/www.skolamichael.cz\/wp-content\/uploads\/2024\/07\/S2A1373.jpg 1620w, https:\/\/www.skolamichael.cz\/wp-content\/uploads\/2024\/07\/S2A1373-300x200.jpg 300w, https:\/\/www.skolamichael.cz\/wp-content\/uploads\/2024\/07\/S2A1373-1024x683.jpg 1024w\" sizes=\"auto, (max-width: 1620px) 100vw, 1620px\" \/><\/a>\n\t\t\t<\/div><\/figure><figure class='gallery-item'>\n\t\t\t<div class='gallery-icon landscape'>\n\t\t\t\t<a href='https:\/\/www.skolamichael.cz\/wp-content\/uploads\/2024\/07\/MA1_3775.jpg'><img loading=\"lazy\" decoding=\"async\" width=\"1623\" height=\"1080\" src=\"https:\/\/www.skolamichael.cz\/wp-content\/uploads\/2024\/07\/MA1_3775.jpg\" class=\"attachment-full size-full\" alt=\"\" srcset=\"https:\/\/www.skolamichael.cz\/wp-content\/uploads\/2024\/07\/MA1_3775.jpg 1623w, https:\/\/www.skolamichael.cz\/wp-content\/uploads\/2024\/07\/MA1_3775-300x200.jpg 300w, https:\/\/www.skolamichael.cz\/wp-content\/uploads\/2024\/07\/MA1_3775-1024x681.jpg 1024w\" sizes=\"auto, (max-width: 1623px) 100vw, 1623px\" \/><\/a>\n\t\t\t<\/div><\/figure><figure class='gallery-item'>\n\t\t\t<div class='gallery-icon landscape'>\n\t\t\t\t<a href='https:\/\/www.skolamichael.cz\/wp-content\/uploads\/2024\/07\/IMG_8392.jpg'><img loading=\"lazy\" decoding=\"async\" width=\"1620\" height=\"1080\" src=\"https:\/\/www.skolamichael.cz\/wp-content\/uploads\/2024\/07\/IMG_8392.jpg\" class=\"attachment-full size-full\" alt=\"\" srcset=\"https:\/\/www.skolamichael.cz\/wp-content\/uploads\/2024\/07\/IMG_8392.jpg 1620w, https:\/\/www.skolamichael.cz\/wp-content\/uploads\/2024\/07\/IMG_8392-300x200.jpg 300w, https:\/\/www.skolamichael.cz\/wp-content\/uploads\/2024\/07\/IMG_8392-1024x683.jpg 1024w\" sizes=\"auto, (max-width: 1620px) 100vw, 1620px\" \/><\/a>\n\t\t\t<\/div><\/figure><figure class='gallery-item'>\n\t\t\t<div class='gallery-icon landscape'>\n\t\t\t\t<a href='https:\/\/www.skolamichael.cz\/wp-content\/uploads\/2024\/07\/MA1_3808.jpg'><img loading=\"lazy\" decoding=\"async\" width=\"1623\" height=\"1080\" src=\"https:\/\/www.skolamichael.cz\/wp-content\/uploads\/2024\/07\/MA1_3808.jpg\" class=\"attachment-full size-full\" alt=\"\" srcset=\"https:\/\/www.skolamichael.cz\/wp-content\/uploads\/2024\/07\/MA1_3808.jpg 1623w, https:\/\/www.skolamichael.cz\/wp-content\/uploads\/2024\/07\/MA1_3808-300x200.jpg 300w, https:\/\/www.skolamichael.cz\/wp-content\/uploads\/2024\/07\/MA1_3808-1024x681.jpg 1024w\" sizes=\"auto, (max-width: 1623px) 100vw, 1623px\" \/><\/a>\n\t\t\t<\/div><\/figure><figure class='gallery-item'>\n\t\t\t<div class='gallery-icon landscape'>\n\t\t\t\t<a href='https:\/\/www.skolamichael.cz\/wp-content\/uploads\/2024\/07\/MA1_3788-2.jpg'><img loading=\"lazy\" decoding=\"async\" width=\"1623\" height=\"1080\" src=\"https:\/\/www.skolamichael.cz\/wp-content\/uploads\/2024\/07\/MA1_3788-2.jpg\" class=\"attachment-full size-full\" alt=\"\" srcset=\"https:\/\/www.skolamichael.cz\/wp-content\/uploads\/2024\/07\/MA1_3788-2.jpg 1623w, https:\/\/www.skolamichael.cz\/wp-content\/uploads\/2024\/07\/MA1_3788-2-300x200.jpg 300w, https:\/\/www.skolamichael.cz\/wp-content\/uploads\/2024\/07\/MA1_3788-2-1024x681.jpg 1024w\" sizes=\"auto, (max-width: 1623px) 100vw, 1623px\" \/><\/a>\n\t\t\t<\/div><\/figure><figure class='gallery-item'>\n\t\t\t<div class='gallery-icon landscape'>\n\t\t\t\t<a href='https:\/\/www.skolamichael.cz\/wp-content\/uploads\/2024\/07\/S2A9264.jpg'><img loading=\"lazy\" decoding=\"async\" width=\"1620\" height=\"1080\" src=\"https:\/\/www.skolamichael.cz\/wp-content\/uploads\/2024\/07\/S2A9264.jpg\" class=\"attachment-full size-full\" alt=\"\" srcset=\"https:\/\/www.skolamichael.cz\/wp-content\/uploads\/2024\/07\/S2A9264.jpg 1620w, https:\/\/www.skolamichael.cz\/wp-content\/uploads\/2024\/07\/S2A9264-300x200.jpg 300w, https:\/\/www.skolamichael.cz\/wp-content\/uploads\/2024\/07\/S2A9264-1024x683.jpg 1024w\" sizes=\"auto, (max-width: 1620px) 100vw, 1620px\" \/><\/a>\n\t\t\t<\/div><\/figure><figure class='gallery-item'>\n\t\t\t<div class='gallery-icon landscape'>\n\t\t\t\t<a href='https:\/\/www.skolamichael.cz\/wp-content\/uploads\/2024\/07\/0756beab-0bc9-42e5-a722-7ded687873fd.jpg'><img loading=\"lazy\" decoding=\"async\" width=\"1600\" height=\"1066\" src=\"https:\/\/www.skolamichael.cz\/wp-content\/uploads\/2024\/07\/0756beab-0bc9-42e5-a722-7ded687873fd.jpg\" class=\"attachment-full size-full\" alt=\"\" srcset=\"https:\/\/www.skolamichael.cz\/wp-content\/uploads\/2024\/07\/0756beab-0bc9-42e5-a722-7ded687873fd.jpg 1600w, https:\/\/www.skolamichael.cz\/wp-content\/uploads\/2024\/07\/0756beab-0bc9-42e5-a722-7ded687873fd-300x200.jpg 300w, https:\/\/www.skolamichael.cz\/wp-content\/uploads\/2024\/07\/0756beab-0bc9-42e5-a722-7ded687873fd-1024x682.jpg 1024w\" sizes=\"auto, (max-width: 1600px) 100vw, 1600px\" \/><\/a>\n\t\t\t<\/div><\/figure>\n\t\t<\/div>\n\n","protected":false},"excerpt":{"rendered":"<p>ODBORN\u00c1 ST\u00c1\u017d NA SLOVENSKU Stejn\u011b jako minul\u00fd rok i letos se uskute\u010dnil tv\u016fr\u010d\u00ed v\u00fdm\u011bnn\u00fd pobyt v r\u00e1mci programu Erasmus+ ve slovensk\u00fdch Tatr\u00e1ch. St\u00e1\u017e se konala od 15.6\u201326.6. 2024 Tv\u016fr\u010d\u00ed program st\u00e1\u017ee byl velice pestr\u00fd. Nejd\u0159\u00edve na\u0161i studenti nav\u0161t\u00edvili partnerskou soukromou \u0161kolu um\u011bleck\u00e9ho filmov\u00e9ho pr\u016fmyslu v Ko\u0161ic\u00edch, kde si vyzkou\u0161eli studijn\u00ed program souvisej\u00edc\u00edch obor\u016f a z\u00e1jm\u016f [&hellip;]<\/p>\n","protected":false},"author":4,"featured_media":0,"parent":13946,"menu_order":0,"comment_status":"closed","ping_status":"closed","template":"","meta":{"_acf_changed":false,"footnotes":""},"class_list":["post-13950","page","type-page","status-publish","hentry"],"acf":[],"yoast_head":"<!-- This site is optimized with the Yoast SEO plugin v27.1.1 - https:\/\/yoast.com\/product\/yoast-seo-wordpress\/ -->\n<title>ERASMUS+ KA121 \u2013 Slovensko | MICHAEL<\/title>\n<meta name=\"robots\" content=\"index, follow, max-snippet:-1, max-image-preview:large, max-video-preview:-1\" \/>\n<link rel=\"canonical\" href=\"https:\/\/www.skolamichael.cz\/cs\/projekty\/erasmus-ka-121\/erasmus-ka121-slovensko\/\" \/>\n<meta property=\"og:locale\" content=\"cs_CZ\" \/>\n<meta property=\"og:type\" content=\"article\" \/>\n<meta property=\"og:title\" content=\"ERASMUS+ KA121 \u2013 Slovensko | MICHAEL\" \/>\n<meta property=\"og:description\" content=\"ODBORN\u00c1 ST\u00c1\u017d NA SLOVENSKU Stejn\u011b jako minul\u00fd rok i letos se uskute\u010dnil tv\u016fr\u010d\u00ed v\u00fdm\u011bnn\u00fd pobyt v r\u00e1mci programu Erasmus+ ve slovensk\u00fdch Tatr\u00e1ch. St\u00e1\u017e se konala od 15.6\u201326.6. 2024 Tv\u016fr\u010d\u00ed program st\u00e1\u017ee byl velice pestr\u00fd. Nejd\u0159\u00edve na\u0161i studenti nav\u0161t\u00edvili partnerskou soukromou \u0161kolu um\u011bleck\u00e9ho filmov\u00e9ho pr\u016fmyslu v Ko\u0161ic\u00edch, kde si vyzkou\u0161eli studijn\u00ed program souvisej\u00edc\u00edch obor\u016f a z\u00e1jm\u016f [&hellip;]\" \/>\n<meta property=\"og:url\" content=\"https:\/\/www.skolamichael.cz\/cs\/projekty\/erasmus-ka-121\/erasmus-ka121-slovensko\/\" \/>\n<meta property=\"og:site_name\" content=\"MICHAEL\" \/>\n<meta property=\"article:publisher\" content=\"http:\/\/www.facebook.com\/skolamichael\" \/>\n<meta property=\"article:modified_time\" content=\"2024-09-05T13:06:13+00:00\" \/>\n<meta property=\"og:image\" content=\"https:\/\/www.skolamichael.cz\/wp-content\/uploads\/2024\/07\/MA1_3945.jpg\" \/>\n<meta name=\"twitter:card\" content=\"summary_large_image\" \/>\n<meta name=\"twitter:label1\" content=\"Odhadovan\u00e1 doba \u010dten\u00ed\" \/>\n\t<meta name=\"twitter:data1\" content=\"3 minuty\" \/>\n<script type=\"application\/ld+json\" class=\"yoast-schema-graph\">{\"@context\":\"https:\/\/schema.org\",\"@graph\":[{\"@type\":\"WebPage\",\"@id\":\"https:\/\/www.skolamichael.cz\/cs\/projekty\/erasmus-ka-121\/erasmus-ka121-slovensko\/\",\"url\":\"https:\/\/www.skolamichael.cz\/cs\/projekty\/erasmus-ka-121\/erasmus-ka121-slovensko\/\",\"name\":\"ERASMUS+ KA121 \u2013 Slovensko | MICHAEL\",\"isPartOf\":{\"@id\":\"https:\/\/www.skolamichael.cz\/cs\/#website\"},\"datePublished\":\"2024-09-05T12:51:59+00:00\",\"dateModified\":\"2024-09-05T13:06:13+00:00\",\"breadcrumb\":{\"@id\":\"https:\/\/www.skolamichael.cz\/cs\/projekty\/erasmus-ka-121\/erasmus-ka121-slovensko\/#breadcrumb\"},\"inLanguage\":\"cs\",\"potentialAction\":[{\"@type\":\"ReadAction\",\"target\":[\"https:\/\/www.skolamichael.cz\/cs\/projekty\/erasmus-ka-121\/erasmus-ka121-slovensko\/\"]}]},{\"@type\":\"BreadcrumbList\",\"@id\":\"https:\/\/www.skolamichael.cz\/cs\/projekty\/erasmus-ka-121\/erasmus-ka121-slovensko\/#breadcrumb\",\"itemListElement\":[{\"@type\":\"ListItem\",\"position\":1,\"name\":\"Dom\u016f\",\"item\":\"https:\/\/www.skolamichael.cz\/cs\/\"},{\"@type\":\"ListItem\",\"position\":2,\"name\":\"Projekty a st\u00e1\u017ee\",\"item\":\"https:\/\/www.skolamichael.cz\/cs\/projekty\/\"},{\"@type\":\"ListItem\",\"position\":3,\"name\":\"ERASMUS+ KA 121\",\"item\":\"https:\/\/www.skolamichael.cz\/cs\/projekty\/erasmus-ka-121\/\"},{\"@type\":\"ListItem\",\"position\":4,\"name\":\"ERASMUS+ KA121 \u2013 Slovensko\"}]},{\"@type\":\"WebSite\",\"@id\":\"https:\/\/www.skolamichael.cz\/cs\/#website\",\"url\":\"https:\/\/www.skolamichael.cz\/cs\/\",\"name\":\"MICHAEL\",\"description\":\"St\u0159edn\u00ed \u0161kola, Gymn\u00e1zium a Vy\u0161\u0161\u00ed odborn\u00e1 \u0161kola\",\"publisher\":{\"@id\":\"https:\/\/www.skolamichael.cz\/cs\/#organization\"},\"alternateName\":\"St\u0159edn\u00ed \u0161kola, Gymn\u00e1zium a Vy\u0161\u0161\u00ed odborn\u00e1 \u0161kola\",\"potentialAction\":[{\"@type\":\"SearchAction\",\"target\":{\"@type\":\"EntryPoint\",\"urlTemplate\":\"https:\/\/www.skolamichael.cz\/cs\/?s={search_term_string}\"},\"query-input\":{\"@type\":\"PropertyValueSpecification\",\"valueRequired\":true,\"valueName\":\"search_term_string\"}}],\"inLanguage\":\"cs\"},{\"@type\":\"Organization\",\"@id\":\"https:\/\/www.skolamichael.cz\/cs\/#organization\",\"name\":\"Michael \u2013 St\u0159edn\u00ed \u0161kola, Gymn\u00e1zium a Vy\u0161\u0161\u00ed odborn\u00e1 \u0161kola, s.r.o.\",\"url\":\"https:\/\/www.skolamichael.cz\/cs\/\",\"logo\":{\"@type\":\"ImageObject\",\"inLanguage\":\"cs\",\"@id\":\"https:\/\/www.skolamichael.cz\/cs\/#\/schema\/logo\/image\/\",\"url\":\"https:\/\/www.skolamichael.cz\/wp-content\/uploads\/2019\/03\/logo_michael_final_ctverec1-1.jpg\",\"contentUrl\":\"https:\/\/www.skolamichael.cz\/wp-content\/uploads\/2019\/03\/logo_michael_final_ctverec1-1.jpg\",\"width\":400,\"height\":400,\"caption\":\"Michael \u2013 St\u0159edn\u00ed \u0161kola, Gymn\u00e1zium a Vy\u0161\u0161\u00ed odborn\u00e1 \u0161kola, s.r.o.\"},\"image\":{\"@id\":\"https:\/\/www.skolamichael.cz\/cs\/#\/schema\/logo\/image\/\"},\"sameAs\":[\"http:\/\/www.facebook.com\/skolamichael\",\"https:\/\/www.instagram.com\/skola_michael\/\"]}]}<\/script>\n<!-- \/ Yoast SEO plugin. -->","yoast_head_json":{"title":"ERASMUS+ KA121 \u2013 Slovensko | MICHAEL","robots":{"index":"index","follow":"follow","max-snippet":"max-snippet:-1","max-image-preview":"max-image-preview:large","max-video-preview":"max-video-preview:-1"},"canonical":"https:\/\/www.skolamichael.cz\/cs\/projekty\/erasmus-ka-121\/erasmus-ka121-slovensko\/","og_locale":"cs_CZ","og_type":"article","og_title":"ERASMUS+ KA121 \u2013 Slovensko | MICHAEL","og_description":"ODBORN\u00c1 ST\u00c1\u017d NA SLOVENSKU Stejn\u011b jako minul\u00fd rok i letos se uskute\u010dnil tv\u016fr\u010d\u00ed v\u00fdm\u011bnn\u00fd pobyt v r\u00e1mci programu Erasmus+ ve slovensk\u00fdch Tatr\u00e1ch. St\u00e1\u017e se konala od 15.6\u201326.6. 2024 Tv\u016fr\u010d\u00ed program st\u00e1\u017ee byl velice pestr\u00fd. Nejd\u0159\u00edve na\u0161i studenti nav\u0161t\u00edvili partnerskou soukromou \u0161kolu um\u011bleck\u00e9ho filmov\u00e9ho pr\u016fmyslu v Ko\u0161ic\u00edch, kde si vyzkou\u0161eli studijn\u00ed program souvisej\u00edc\u00edch obor\u016f a z\u00e1jm\u016f [&hellip;]","og_url":"https:\/\/www.skolamichael.cz\/cs\/projekty\/erasmus-ka-121\/erasmus-ka121-slovensko\/","og_site_name":"MICHAEL","article_publisher":"http:\/\/www.facebook.com\/skolamichael","article_modified_time":"2024-09-05T13:06:13+00:00","og_image":[{"url":"https:\/\/www.skolamichael.cz\/wp-content\/uploads\/2024\/07\/MA1_3945.jpg","type":"","width":"","height":""}],"twitter_card":"summary_large_image","twitter_misc":{"Odhadovan\u00e1 doba \u010dten\u00ed":"3 minuty"},"schema":{"@context":"https:\/\/schema.org","@graph":[{"@type":"WebPage","@id":"https:\/\/www.skolamichael.cz\/cs\/projekty\/erasmus-ka-121\/erasmus-ka121-slovensko\/","url":"https:\/\/www.skolamichael.cz\/cs\/projekty\/erasmus-ka-121\/erasmus-ka121-slovensko\/","name":"ERASMUS+ KA121 \u2013 Slovensko | MICHAEL","isPartOf":{"@id":"https:\/\/www.skolamichael.cz\/cs\/#website"},"datePublished":"2024-09-05T12:51:59+00:00","dateModified":"2024-09-05T13:06:13+00:00","breadcrumb":{"@id":"https:\/\/www.skolamichael.cz\/cs\/projekty\/erasmus-ka-121\/erasmus-ka121-slovensko\/#breadcrumb"},"inLanguage":"cs","potentialAction":[{"@type":"ReadAction","target":["https:\/\/www.skolamichael.cz\/cs\/projekty\/erasmus-ka-121\/erasmus-ka121-slovensko\/"]}]},{"@type":"BreadcrumbList","@id":"https:\/\/www.skolamichael.cz\/cs\/projekty\/erasmus-ka-121\/erasmus-ka121-slovensko\/#breadcrumb","itemListElement":[{"@type":"ListItem","position":1,"name":"Dom\u016f","item":"https:\/\/www.skolamichael.cz\/cs\/"},{"@type":"ListItem","position":2,"name":"Projekty a st\u00e1\u017ee","item":"https:\/\/www.skolamichael.cz\/cs\/projekty\/"},{"@type":"ListItem","position":3,"name":"ERASMUS+ KA 121","item":"https:\/\/www.skolamichael.cz\/cs\/projekty\/erasmus-ka-121\/"},{"@type":"ListItem","position":4,"name":"ERASMUS+ KA121 \u2013 Slovensko"}]},{"@type":"WebSite","@id":"https:\/\/www.skolamichael.cz\/cs\/#website","url":"https:\/\/www.skolamichael.cz\/cs\/","name":"MICHAEL","description":"St\u0159edn\u00ed \u0161kola, Gymn\u00e1zium a Vy\u0161\u0161\u00ed odborn\u00e1 \u0161kola","publisher":{"@id":"https:\/\/www.skolamichael.cz\/cs\/#organization"},"alternateName":"St\u0159edn\u00ed \u0161kola, Gymn\u00e1zium a Vy\u0161\u0161\u00ed odborn\u00e1 \u0161kola","potentialAction":[{"@type":"SearchAction","target":{"@type":"EntryPoint","urlTemplate":"https:\/\/www.skolamichael.cz\/cs\/?s={search_term_string}"},"query-input":{"@type":"PropertyValueSpecification","valueRequired":true,"valueName":"search_term_string"}}],"inLanguage":"cs"},{"@type":"Organization","@id":"https:\/\/www.skolamichael.cz\/cs\/#organization","name":"Michael \u2013 St\u0159edn\u00ed \u0161kola, Gymn\u00e1zium a Vy\u0161\u0161\u00ed odborn\u00e1 \u0161kola, s.r.o.","url":"https:\/\/www.skolamichael.cz\/cs\/","logo":{"@type":"ImageObject","inLanguage":"cs","@id":"https:\/\/www.skolamichael.cz\/cs\/#\/schema\/logo\/image\/","url":"https:\/\/www.skolamichael.cz\/wp-content\/uploads\/2019\/03\/logo_michael_final_ctverec1-1.jpg","contentUrl":"https:\/\/www.skolamichael.cz\/wp-content\/uploads\/2019\/03\/logo_michael_final_ctverec1-1.jpg","width":400,"height":400,"caption":"Michael \u2013 St\u0159edn\u00ed \u0161kola, Gymn\u00e1zium a Vy\u0161\u0161\u00ed odborn\u00e1 \u0161kola, s.r.o."},"image":{"@id":"https:\/\/www.skolamichael.cz\/cs\/#\/schema\/logo\/image\/"},"sameAs":["http:\/\/www.facebook.com\/skolamichael","https:\/\/www.instagram.com\/skola_michael\/"]}]}},"_links":{"self":[{"href":"https:\/\/www.skolamichael.cz\/cs\/wp-json\/wp\/v2\/pages\/13950","targetHints":{"allow":["GET"]}}],"collection":[{"href":"https:\/\/www.skolamichael.cz\/cs\/wp-json\/wp\/v2\/pages"}],"about":[{"href":"https:\/\/www.skolamichael.cz\/cs\/wp-json\/wp\/v2\/types\/page"}],"author":[{"embeddable":true,"href":"https:\/\/www.skolamichael.cz\/cs\/wp-json\/wp\/v2\/users\/4"}],"replies":[{"embeddable":true,"href":"https:\/\/www.skolamichael.cz\/cs\/wp-json\/wp\/v2\/comments?post=13950"}],"version-history":[{"count":3,"href":"https:\/\/www.skolamichael.cz\/cs\/wp-json\/wp\/v2\/pages\/13950\/revisions"}],"predecessor-version":[{"id":13960,"href":"https:\/\/www.skolamichael.cz\/cs\/wp-json\/wp\/v2\/pages\/13950\/revisions\/13960"}],"up":[{"embeddable":true,"href":"https:\/\/www.skolamichael.cz\/cs\/wp-json\/wp\/v2\/pages\/13946"}],"wp:attachment":[{"href":"https:\/\/www.skolamichael.cz\/cs\/wp-json\/wp\/v2\/media?parent=13950"}],"curies":[{"name":"wp","href":"https:\/\/api.w.org\/{rel}","templated":true}]}}