{"id":13968,"date":"2024-09-05T21:28:38","date_gmt":"2024-09-05T19:28:38","guid":{"rendered":"https:\/\/www.skolamichael.cz\/?page_id=13968"},"modified":"2024-09-05T21:28:38","modified_gmt":"2024-09-05T19:28:38","slug":"erasmus-ka121-island","status":"publish","type":"page","link":"https:\/\/www.skolamichael.cz\/cs\/projekty\/erasmus-ka-121\/erasmus-ka121-island\/","title":{"rendered":"ERASMUS+ KA121 \u2013 Island"},"content":{"rendered":"<p>Na\u0161e \u0161kola dojednala odbornou st\u00e1\u017e student\u016f a\u00a0u\u010ditel\u016f v\u00a0r\u00e1mci projektu Erasmus+ na odborn\u00e9 islandsk\u00e9 \u0161kole v\u00a0Reykjav\u00edku. Studenti v\u00a0r\u00e1mci praktick\u00e9 ateli\u00e9rov\u00e9 v\u00fduky v\u00a0islandsk\u00e9 partnersk\u00e9 \u0161kole pracovali na t\u0159ech zad\u00e1n\u00edch:<\/p>\n<ul>\n<li>Dokument\u00e1rn\u00ed\/report\u00e1\u017en\u00ed fotografie<\/li>\n<li>Soubor um\u011bleck\u00fdch krajin\u00e1\u0159sk\u00fdch fotografi\u00ed<\/li>\n<li>Digital storytelling<\/li>\n<\/ul>\n<p>Na z\u00e1klad\u011b p\u0159\u00edm\u00e9 \u00fa\u010dasti ve v\u00fduce \u2013 st\u00ednov\u00e1n\u00edm islandsk\u00fdch koleg\u016f v\u00a0odborn\u00e9 v\u00fduce z\u00edskali na\u0161i pedagogov\u00e9 nov\u00e9 poznatky o\u00a0organizaci v\u00fduky, m\u011bli mo\u017enost porovnat v\u00fdukov\u00e9 metody v\u00a0praktick\u00e9 v\u00fduce fotografie, filmov\u00e9 tvorby a\u00a0animace na odborn\u00fdch pracovi\u0161t\u00edch a\u00a0ateli\u00e9rech \u0161koly.<\/p>\n<p>&nbsp;<\/p>\n<div id='gallery-1' class='gallery galleryid-13968 gallery-columns-1 gallery-size-full'><figure class='gallery-item'>\n\t\t\t<div class='gallery-icon landscape'>\n\t\t\t\t<a href='https:\/\/www.skolamichael.cz\/wp-content\/uploads\/2023\/10\/JC_MG_8770-scaled.jpg'><img loading=\"lazy\" decoding=\"async\" width=\"1620\" height=\"1080\" src=\"https:\/\/www.skolamichael.cz\/wp-content\/uploads\/2023\/10\/JC_MG_8770-scaled.jpg\" class=\"attachment-full size-full\" alt=\"\" srcset=\"https:\/\/www.skolamichael.cz\/wp-content\/uploads\/2023\/10\/JC_MG_8770-scaled.jpg 1620w, https:\/\/www.skolamichael.cz\/wp-content\/uploads\/2023\/10\/JC_MG_8770-scaled-1024x683.jpg 1024w, https:\/\/www.skolamichael.cz\/wp-content\/uploads\/2023\/10\/JC_MG_8770-scaled-300x200.jpg 300w\" sizes=\"auto, (max-width: 1620px) 100vw, 1620px\" \/><\/a>\n\t\t\t<\/div><\/figure><figure class='gallery-item'>\n\t\t\t<div class='gallery-icon landscape'>\n\t\t\t\t<a href='https:\/\/www.skolamichael.cz\/wp-content\/uploads\/2023\/10\/MS_V0A5288-scaled.jpg'><img loading=\"lazy\" decoding=\"async\" width=\"1620\" height=\"1080\" src=\"https:\/\/www.skolamichael.cz\/wp-content\/uploads\/2023\/10\/MS_V0A5288-scaled.jpg\" class=\"attachment-full size-full\" alt=\"\" srcset=\"https:\/\/www.skolamichael.cz\/wp-content\/uploads\/2023\/10\/MS_V0A5288-scaled.jpg 1620w, https:\/\/www.skolamichael.cz\/wp-content\/uploads\/2023\/10\/MS_V0A5288-scaled-1024x683.jpg 1024w, https:\/\/www.skolamichael.cz\/wp-content\/uploads\/2023\/10\/MS_V0A5288-scaled-300x200.jpg 300w\" sizes=\"auto, (max-width: 1620px) 100vw, 1620px\" \/><\/a>\n\t\t\t<\/div><\/figure><figure class='gallery-item'>\n\t\t\t<div class='gallery-icon landscape'>\n\t\t\t\t<a href='https:\/\/www.skolamichael.cz\/wp-content\/uploads\/2023\/10\/DSC08238-scaled.jpg'><img loading=\"lazy\" decoding=\"async\" width=\"1620\" height=\"1080\" src=\"https:\/\/www.skolamichael.cz\/wp-content\/uploads\/2023\/10\/DSC08238-scaled.jpg\" class=\"attachment-full size-full\" alt=\"\" srcset=\"https:\/\/www.skolamichael.cz\/wp-content\/uploads\/2023\/10\/DSC08238-scaled.jpg 1620w, https:\/\/www.skolamichael.cz\/wp-content\/uploads\/2023\/10\/DSC08238-scaled-1024x683.jpg 1024w, https:\/\/www.skolamichael.cz\/wp-content\/uploads\/2023\/10\/DSC08238-scaled-300x200.jpg 300w\" sizes=\"auto, (max-width: 1620px) 100vw, 1620px\" \/><\/a>\n\t\t\t<\/div><\/figure><figure class='gallery-item'>\n\t\t\t<div class='gallery-icon landscape'>\n\t\t\t\t<a href='https:\/\/www.skolamichael.cz\/wp-content\/uploads\/2023\/10\/Sommer_HOS0050-1-scaled.jpg'><img loading=\"lazy\" decoding=\"async\" width=\"1619\" height=\"1080\" src=\"https:\/\/www.skolamichael.cz\/wp-content\/uploads\/2023\/10\/Sommer_HOS0050-1-scaled.jpg\" class=\"attachment-full size-full\" alt=\"\" srcset=\"https:\/\/www.skolamichael.cz\/wp-content\/uploads\/2023\/10\/Sommer_HOS0050-1-scaled.jpg 1619w, https:\/\/www.skolamichael.cz\/wp-content\/uploads\/2023\/10\/Sommer_HOS0050-1-scaled-1024x683.jpg 1024w, https:\/\/www.skolamichael.cz\/wp-content\/uploads\/2023\/10\/Sommer_HOS0050-1-scaled-300x200.jpg 300w\" sizes=\"auto, (max-width: 1619px) 100vw, 1619px\" \/><\/a>\n\t\t\t<\/div><\/figure><figure class='gallery-item'>\n\t\t\t<div class='gallery-icon landscape'>\n\t\t\t\t<a href='https:\/\/www.skolamichael.cz\/wp-content\/uploads\/2023\/10\/JC_MG_8431-scaled.jpg'><img loading=\"lazy\" decoding=\"async\" width=\"1620\" height=\"1080\" src=\"https:\/\/www.skolamichael.cz\/wp-content\/uploads\/2023\/10\/JC_MG_8431-scaled.jpg\" class=\"attachment-full size-full\" alt=\"\" srcset=\"https:\/\/www.skolamichael.cz\/wp-content\/uploads\/2023\/10\/JC_MG_8431-scaled.jpg 1620w, https:\/\/www.skolamichael.cz\/wp-content\/uploads\/2023\/10\/JC_MG_8431-scaled-1024x683.jpg 1024w, https:\/\/www.skolamichael.cz\/wp-content\/uploads\/2023\/10\/JC_MG_8431-scaled-300x200.jpg 300w\" sizes=\"auto, (max-width: 1620px) 100vw, 1620px\" \/><\/a>\n\t\t\t<\/div><\/figure><figure class='gallery-item'>\n\t\t\t<div class='gallery-icon landscape'>\n\t\t\t\t<a href='https:\/\/www.skolamichael.cz\/wp-content\/uploads\/2023\/10\/HER_4634-kopie-scaled.jpg'><img loading=\"lazy\" decoding=\"async\" width=\"1620\" height=\"1080\" src=\"https:\/\/www.skolamichael.cz\/wp-content\/uploads\/2023\/10\/HER_4634-kopie-scaled.jpg\" class=\"attachment-full size-full\" alt=\"\" srcset=\"https:\/\/www.skolamichael.cz\/wp-content\/uploads\/2023\/10\/HER_4634-kopie-scaled.jpg 1620w, https:\/\/www.skolamichael.cz\/wp-content\/uploads\/2023\/10\/HER_4634-kopie-scaled-1024x683.jpg 1024w, https:\/\/www.skolamichael.cz\/wp-content\/uploads\/2023\/10\/HER_4634-kopie-scaled-300x200.jpg 300w\" sizes=\"auto, (max-width: 1620px) 100vw, 1620px\" \/><\/a>\n\t\t\t<\/div><\/figure>\n\t\t<\/div>\n\n","protected":false},"excerpt":{"rendered":"<p>Na\u0161e \u0161kola dojednala odbornou st\u00e1\u017e student\u016f a\u00a0u\u010ditel\u016f v\u00a0r\u00e1mci projektu Erasmus+ na odborn\u00e9 islandsk\u00e9 \u0161kole v\u00a0Reykjav\u00edku. Studenti v\u00a0r\u00e1mci praktick\u00e9 ateli\u00e9rov\u00e9 v\u00fduky v\u00a0islandsk\u00e9 partnersk\u00e9 \u0161kole pracovali na t\u0159ech zad\u00e1n\u00edch: Dokument\u00e1rn\u00ed\/report\u00e1\u017en\u00ed fotografie Soubor um\u011bleck\u00fdch krajin\u00e1\u0159sk\u00fdch fotografi\u00ed Digital storytelling Na z\u00e1klad\u011b p\u0159\u00edm\u00e9 \u00fa\u010dasti ve v\u00fduce \u2013 st\u00ednov\u00e1n\u00edm islandsk\u00fdch koleg\u016f v\u00a0odborn\u00e9 v\u00fduce z\u00edskali na\u0161i pedagogov\u00e9 nov\u00e9 poznatky o\u00a0organizaci v\u00fduky, m\u011bli [&hellip;]<\/p>\n","protected":false},"author":19,"featured_media":0,"parent":13946,"menu_order":0,"comment_status":"closed","ping_status":"closed","template":"","meta":{"_acf_changed":false,"footnotes":""},"class_list":["post-13968","page","type-page","status-publish","hentry"],"acf":[],"yoast_head":"<!-- This site is optimized with the Yoast SEO plugin v27.1.1 - https:\/\/yoast.com\/product\/yoast-seo-wordpress\/ -->\n<title>ERASMUS+ KA121 \u2013 Island | MICHAEL<\/title>\n<meta name=\"robots\" content=\"index, follow, max-snippet:-1, max-image-preview:large, max-video-preview:-1\" \/>\n<link rel=\"canonical\" href=\"https:\/\/www.skolamichael.cz\/cs\/projekty\/erasmus-ka-121\/erasmus-ka121-island\/\" \/>\n<meta property=\"og:locale\" content=\"cs_CZ\" \/>\n<meta property=\"og:type\" content=\"article\" \/>\n<meta property=\"og:title\" content=\"ERASMUS+ KA121 \u2013 Island | MICHAEL\" \/>\n<meta property=\"og:description\" content=\"Na\u0161e \u0161kola dojednala odbornou st\u00e1\u017e student\u016f a\u00a0u\u010ditel\u016f v\u00a0r\u00e1mci projektu Erasmus+ na odborn\u00e9 islandsk\u00e9 \u0161kole v\u00a0Reykjav\u00edku. Studenti v\u00a0r\u00e1mci praktick\u00e9 ateli\u00e9rov\u00e9 v\u00fduky v\u00a0islandsk\u00e9 partnersk\u00e9 \u0161kole pracovali na t\u0159ech zad\u00e1n\u00edch: Dokument\u00e1rn\u00ed\/report\u00e1\u017en\u00ed fotografie Soubor um\u011bleck\u00fdch krajin\u00e1\u0159sk\u00fdch fotografi\u00ed Digital storytelling Na z\u00e1klad\u011b p\u0159\u00edm\u00e9 \u00fa\u010dasti ve v\u00fduce \u2013 st\u00ednov\u00e1n\u00edm islandsk\u00fdch koleg\u016f v\u00a0odborn\u00e9 v\u00fduce z\u00edskali na\u0161i pedagogov\u00e9 nov\u00e9 poznatky o\u00a0organizaci v\u00fduky, m\u011bli [&hellip;]\" \/>\n<meta property=\"og:url\" content=\"https:\/\/www.skolamichael.cz\/cs\/projekty\/erasmus-ka-121\/erasmus-ka121-island\/\" \/>\n<meta property=\"og:site_name\" content=\"MICHAEL\" \/>\n<meta property=\"article:publisher\" content=\"http:\/\/www.facebook.com\/skolamichael\" \/>\n<meta property=\"og:image\" content=\"https:\/\/www.skolamichael.cz\/wp-content\/uploads\/2023\/10\/JC_MG_8770-scaled.jpg\" \/>\n<meta name=\"twitter:card\" content=\"summary_large_image\" \/>\n<meta name=\"twitter:label1\" content=\"Odhadovan\u00e1 doba \u010dten\u00ed\" \/>\n\t<meta name=\"twitter:data1\" content=\"1 minuta\" \/>\n<script type=\"application\/ld+json\" class=\"yoast-schema-graph\">{\"@context\":\"https:\/\/schema.org\",\"@graph\":[{\"@type\":\"WebPage\",\"@id\":\"https:\/\/www.skolamichael.cz\/cs\/projekty\/erasmus-ka-121\/erasmus-ka121-island\/\",\"url\":\"https:\/\/www.skolamichael.cz\/cs\/projekty\/erasmus-ka-121\/erasmus-ka121-island\/\",\"name\":\"ERASMUS+ KA121 \u2013 Island | MICHAEL\",\"isPartOf\":{\"@id\":\"https:\/\/www.skolamichael.cz\/cs\/#website\"},\"datePublished\":\"2024-09-05T19:28:38+00:00\",\"breadcrumb\":{\"@id\":\"https:\/\/www.skolamichael.cz\/cs\/projekty\/erasmus-ka-121\/erasmus-ka121-island\/#breadcrumb\"},\"inLanguage\":\"cs\",\"potentialAction\":[{\"@type\":\"ReadAction\",\"target\":[\"https:\/\/www.skolamichael.cz\/cs\/projekty\/erasmus-ka-121\/erasmus-ka121-island\/\"]}]},{\"@type\":\"BreadcrumbList\",\"@id\":\"https:\/\/www.skolamichael.cz\/cs\/projekty\/erasmus-ka-121\/erasmus-ka121-island\/#breadcrumb\",\"itemListElement\":[{\"@type\":\"ListItem\",\"position\":1,\"name\":\"Dom\u016f\",\"item\":\"https:\/\/www.skolamichael.cz\/cs\/\"},{\"@type\":\"ListItem\",\"position\":2,\"name\":\"Projekty a st\u00e1\u017ee\",\"item\":\"https:\/\/www.skolamichael.cz\/cs\/projekty\/\"},{\"@type\":\"ListItem\",\"position\":3,\"name\":\"ERASMUS+ KA 121\",\"item\":\"https:\/\/www.skolamichael.cz\/cs\/projekty\/erasmus-ka-121\/\"},{\"@type\":\"ListItem\",\"position\":4,\"name\":\"ERASMUS+ KA121 \u2013 Island\"}]},{\"@type\":\"WebSite\",\"@id\":\"https:\/\/www.skolamichael.cz\/cs\/#website\",\"url\":\"https:\/\/www.skolamichael.cz\/cs\/\",\"name\":\"MICHAEL\",\"description\":\"St\u0159edn\u00ed \u0161kola, Gymn\u00e1zium a Vy\u0161\u0161\u00ed odborn\u00e1 \u0161kola\",\"publisher\":{\"@id\":\"https:\/\/www.skolamichael.cz\/cs\/#organization\"},\"alternateName\":\"St\u0159edn\u00ed \u0161kola, Gymn\u00e1zium a Vy\u0161\u0161\u00ed odborn\u00e1 \u0161kola\",\"potentialAction\":[{\"@type\":\"SearchAction\",\"target\":{\"@type\":\"EntryPoint\",\"urlTemplate\":\"https:\/\/www.skolamichael.cz\/cs\/?s={search_term_string}\"},\"query-input\":{\"@type\":\"PropertyValueSpecification\",\"valueRequired\":true,\"valueName\":\"search_term_string\"}}],\"inLanguage\":\"cs\"},{\"@type\":\"Organization\",\"@id\":\"https:\/\/www.skolamichael.cz\/cs\/#organization\",\"name\":\"Michael \u2013 St\u0159edn\u00ed \u0161kola, Gymn\u00e1zium a Vy\u0161\u0161\u00ed odborn\u00e1 \u0161kola, s.r.o.\",\"url\":\"https:\/\/www.skolamichael.cz\/cs\/\",\"logo\":{\"@type\":\"ImageObject\",\"inLanguage\":\"cs\",\"@id\":\"https:\/\/www.skolamichael.cz\/cs\/#\/schema\/logo\/image\/\",\"url\":\"https:\/\/www.skolamichael.cz\/wp-content\/uploads\/2019\/03\/logo_michael_final_ctverec1-1.jpg\",\"contentUrl\":\"https:\/\/www.skolamichael.cz\/wp-content\/uploads\/2019\/03\/logo_michael_final_ctverec1-1.jpg\",\"width\":400,\"height\":400,\"caption\":\"Michael \u2013 St\u0159edn\u00ed \u0161kola, Gymn\u00e1zium a Vy\u0161\u0161\u00ed odborn\u00e1 \u0161kola, s.r.o.\"},\"image\":{\"@id\":\"https:\/\/www.skolamichael.cz\/cs\/#\/schema\/logo\/image\/\"},\"sameAs\":[\"http:\/\/www.facebook.com\/skolamichael\",\"https:\/\/www.instagram.com\/skola_michael\/\"]}]}<\/script>\n<!-- \/ Yoast SEO plugin. -->","yoast_head_json":{"title":"ERASMUS+ KA121 \u2013 Island | MICHAEL","robots":{"index":"index","follow":"follow","max-snippet":"max-snippet:-1","max-image-preview":"max-image-preview:large","max-video-preview":"max-video-preview:-1"},"canonical":"https:\/\/www.skolamichael.cz\/cs\/projekty\/erasmus-ka-121\/erasmus-ka121-island\/","og_locale":"cs_CZ","og_type":"article","og_title":"ERASMUS+ KA121 \u2013 Island | MICHAEL","og_description":"Na\u0161e \u0161kola dojednala odbornou st\u00e1\u017e student\u016f a\u00a0u\u010ditel\u016f v\u00a0r\u00e1mci projektu Erasmus+ na odborn\u00e9 islandsk\u00e9 \u0161kole v\u00a0Reykjav\u00edku. Studenti v\u00a0r\u00e1mci praktick\u00e9 ateli\u00e9rov\u00e9 v\u00fduky v\u00a0islandsk\u00e9 partnersk\u00e9 \u0161kole pracovali na t\u0159ech zad\u00e1n\u00edch: Dokument\u00e1rn\u00ed\/report\u00e1\u017en\u00ed fotografie Soubor um\u011bleck\u00fdch krajin\u00e1\u0159sk\u00fdch fotografi\u00ed Digital storytelling Na z\u00e1klad\u011b p\u0159\u00edm\u00e9 \u00fa\u010dasti ve v\u00fduce \u2013 st\u00ednov\u00e1n\u00edm islandsk\u00fdch koleg\u016f v\u00a0odborn\u00e9 v\u00fduce z\u00edskali na\u0161i pedagogov\u00e9 nov\u00e9 poznatky o\u00a0organizaci v\u00fduky, m\u011bli [&hellip;]","og_url":"https:\/\/www.skolamichael.cz\/cs\/projekty\/erasmus-ka-121\/erasmus-ka121-island\/","og_site_name":"MICHAEL","article_publisher":"http:\/\/www.facebook.com\/skolamichael","og_image":[{"url":"https:\/\/www.skolamichael.cz\/wp-content\/uploads\/2023\/10\/JC_MG_8770-scaled.jpg","type":"","width":"","height":""}],"twitter_card":"summary_large_image","twitter_misc":{"Odhadovan\u00e1 doba \u010dten\u00ed":"1 minuta"},"schema":{"@context":"https:\/\/schema.org","@graph":[{"@type":"WebPage","@id":"https:\/\/www.skolamichael.cz\/cs\/projekty\/erasmus-ka-121\/erasmus-ka121-island\/","url":"https:\/\/www.skolamichael.cz\/cs\/projekty\/erasmus-ka-121\/erasmus-ka121-island\/","name":"ERASMUS+ KA121 \u2013 Island | MICHAEL","isPartOf":{"@id":"https:\/\/www.skolamichael.cz\/cs\/#website"},"datePublished":"2024-09-05T19:28:38+00:00","breadcrumb":{"@id":"https:\/\/www.skolamichael.cz\/cs\/projekty\/erasmus-ka-121\/erasmus-ka121-island\/#breadcrumb"},"inLanguage":"cs","potentialAction":[{"@type":"ReadAction","target":["https:\/\/www.skolamichael.cz\/cs\/projekty\/erasmus-ka-121\/erasmus-ka121-island\/"]}]},{"@type":"BreadcrumbList","@id":"https:\/\/www.skolamichael.cz\/cs\/projekty\/erasmus-ka-121\/erasmus-ka121-island\/#breadcrumb","itemListElement":[{"@type":"ListItem","position":1,"name":"Dom\u016f","item":"https:\/\/www.skolamichael.cz\/cs\/"},{"@type":"ListItem","position":2,"name":"Projekty a st\u00e1\u017ee","item":"https:\/\/www.skolamichael.cz\/cs\/projekty\/"},{"@type":"ListItem","position":3,"name":"ERASMUS+ KA 121","item":"https:\/\/www.skolamichael.cz\/cs\/projekty\/erasmus-ka-121\/"},{"@type":"ListItem","position":4,"name":"ERASMUS+ KA121 \u2013 Island"}]},{"@type":"WebSite","@id":"https:\/\/www.skolamichael.cz\/cs\/#website","url":"https:\/\/www.skolamichael.cz\/cs\/","name":"MICHAEL","description":"St\u0159edn\u00ed \u0161kola, Gymn\u00e1zium a Vy\u0161\u0161\u00ed odborn\u00e1 \u0161kola","publisher":{"@id":"https:\/\/www.skolamichael.cz\/cs\/#organization"},"alternateName":"St\u0159edn\u00ed \u0161kola, Gymn\u00e1zium a Vy\u0161\u0161\u00ed odborn\u00e1 \u0161kola","potentialAction":[{"@type":"SearchAction","target":{"@type":"EntryPoint","urlTemplate":"https:\/\/www.skolamichael.cz\/cs\/?s={search_term_string}"},"query-input":{"@type":"PropertyValueSpecification","valueRequired":true,"valueName":"search_term_string"}}],"inLanguage":"cs"},{"@type":"Organization","@id":"https:\/\/www.skolamichael.cz\/cs\/#organization","name":"Michael \u2013 St\u0159edn\u00ed \u0161kola, Gymn\u00e1zium a Vy\u0161\u0161\u00ed odborn\u00e1 \u0161kola, s.r.o.","url":"https:\/\/www.skolamichael.cz\/cs\/","logo":{"@type":"ImageObject","inLanguage":"cs","@id":"https:\/\/www.skolamichael.cz\/cs\/#\/schema\/logo\/image\/","url":"https:\/\/www.skolamichael.cz\/wp-content\/uploads\/2019\/03\/logo_michael_final_ctverec1-1.jpg","contentUrl":"https:\/\/www.skolamichael.cz\/wp-content\/uploads\/2019\/03\/logo_michael_final_ctverec1-1.jpg","width":400,"height":400,"caption":"Michael \u2013 St\u0159edn\u00ed \u0161kola, Gymn\u00e1zium a Vy\u0161\u0161\u00ed odborn\u00e1 \u0161kola, s.r.o."},"image":{"@id":"https:\/\/www.skolamichael.cz\/cs\/#\/schema\/logo\/image\/"},"sameAs":["http:\/\/www.facebook.com\/skolamichael","https:\/\/www.instagram.com\/skola_michael\/"]}]}},"_links":{"self":[{"href":"https:\/\/www.skolamichael.cz\/cs\/wp-json\/wp\/v2\/pages\/13968","targetHints":{"allow":["GET"]}}],"collection":[{"href":"https:\/\/www.skolamichael.cz\/cs\/wp-json\/wp\/v2\/pages"}],"about":[{"href":"https:\/\/www.skolamichael.cz\/cs\/wp-json\/wp\/v2\/types\/page"}],"author":[{"embeddable":true,"href":"https:\/\/www.skolamichael.cz\/cs\/wp-json\/wp\/v2\/users\/19"}],"replies":[{"embeddable":true,"href":"https:\/\/www.skolamichael.cz\/cs\/wp-json\/wp\/v2\/comments?post=13968"}],"version-history":[{"count":3,"href":"https:\/\/www.skolamichael.cz\/cs\/wp-json\/wp\/v2\/pages\/13968\/revisions"}],"predecessor-version":[{"id":13971,"href":"https:\/\/www.skolamichael.cz\/cs\/wp-json\/wp\/v2\/pages\/13968\/revisions\/13971"}],"up":[{"embeddable":true,"href":"https:\/\/www.skolamichael.cz\/cs\/wp-json\/wp\/v2\/pages\/13946"}],"wp:attachment":[{"href":"https:\/\/www.skolamichael.cz\/cs\/wp-json\/wp\/v2\/media?parent=13968"}],"curies":[{"name":"wp","href":"https:\/\/api.w.org\/{rel}","templated":true}]}}