{"id":1505,"date":"2019-03-12T09:37:12","date_gmt":"2019-03-12T08:37:12","guid":{"rendered":"https:\/\/www.skolamichael.cz\/?page_id=1505"},"modified":"2026-03-20T12:56:45","modified_gmt":"2026-03-20T11:56:45","slug":"nabidky-prace","status":"publish","type":"page","link":"https:\/\/www.skolamichael.cz\/cs\/school\/nabidky-prace\/","title":{"rendered":"Nab\u00eddky pr\u00e1ce"},"content":{"rendered":"<p class=\"x_MsoNormal\" data-olk-copy-source=\"MessageBody\">Michael \u2013 St\u0159edn\u00ed \u0161kola, Gymn\u00e1zium a Vy\u0161\u0161\u00ed odborn\u00e1 \u0161kola, s.r.o. hled\u00e1 pro \u0161koln\u00ed rok 2026\/2027\u00a0 u\u010ditele\/u\u010ditelku:<\/p>\n<p><strong>Digit\u00e1ln\u00edch technologi\u00ed<br \/>\nAnglick\u00e9ho jazyka<br \/>\nKonverzace v anglick\u00e9m jazyce<br \/>\nPo\u010d\u00edta\u010dov\u00fdch grafick\u00fdch p\u0159edm\u011bt\u016f.<\/strong><\/p>\n<p class=\"x_MsoNormal\">\u00a0<b>PO\u017dADUJEME:<br \/>\n<\/b>\u2013 Odpov\u00eddaj\u00edc\u00ed vzd\u011bl\u00e1n\u00ed a odbornou kvalifikaci<br \/>\n\u2013 Aktivn\u00ed p\u0159\u00edstup p\u0159i pr\u00e1ci s mlad\u00fdmi lidmi<br \/>\n\u2013 Ochotu d\u00e1le se vzd\u011bl\u00e1vat<br \/>\n\u2013 Praxe v\u00fdhodou, ale ne podm\u00ednkou.<\/p>\n<p class=\"x_MsoNormal\"><b>NAB\u00cdZ\u00cdME:<br \/>\n<\/b>\u2013 Nadstandartn\u00ed finan\u010dn\u00ed ohodnocen\u00ed<br \/>\n\u2013 Pr\u016fb\u011b\u017en\u00e1 \u0161kolen\u00ed pro zvy\u0161ov\u00e1n\u00ed kvalifikace.<br \/>\n\u2013 Vst\u0159\u00edcn\u00fd a kreativn\u00ed kolektiv<br \/>\n\u2013 Metodickou podporu nov\u00e9mu kolegovi \/ kolegyni<br \/>\n\u2013 Velmi dobr\u00e9 podm\u00ednky pro pr\u00e1ci pedagoga, modern\u00ed vybaven\u00ed \u0161koly<br \/>\n\u2013 Profesn\u00ed r\u016fst<br \/>\n\u2013 Mo\u017enost stravov\u00e1n\u00ed ve \u0161koln\u00ed j\u00eddeln\u011b, ob\u011bdy zdarma<\/p>\n<p class=\"x_MsoNormal\">Forma spolupr\u00e1ce je mo\u017en\u00e1 na HPP, DP\u010c i DPP.<\/p>\n<p><strong>Kontaktn\u00ed osoba<br \/>\n<\/strong><strong>Mgr. Jakub Altman<br \/>\n<\/strong>altmanj@skolamichael.cz<br \/>\n+420 702 270 444<\/p>\n","protected":false},"excerpt":{"rendered":"<p>Michael \u2013 St\u0159edn\u00ed \u0161kola, Gymn\u00e1zium a Vy\u0161\u0161\u00ed odborn\u00e1 \u0161kola, s.r.o. hled\u00e1 pro \u0161koln\u00ed rok 2026\/2027\u00a0 u\u010ditele\/u\u010ditelku: Digit\u00e1ln\u00edch technologi\u00ed Anglick\u00e9ho jazyka Konverzace v anglick\u00e9m jazyce Po\u010d\u00edta\u010dov\u00fdch grafick\u00fdch p\u0159edm\u011bt\u016f. \u00a0PO\u017dADUJEME: \u2013 Odpov\u00eddaj\u00edc\u00ed vzd\u011bl\u00e1n\u00ed a odbornou kvalifikaci \u2013 Aktivn\u00ed p\u0159\u00edstup p\u0159i pr\u00e1ci s mlad\u00fdmi lidmi \u2013 Ochotu d\u00e1le se vzd\u011bl\u00e1vat \u2013 Praxe v\u00fdhodou, ale ne podm\u00ednkou. NAB\u00cdZ\u00cdME: \u2013 [&hellip;]<\/p>\n","protected":false},"author":3,"featured_media":0,"parent":19,"menu_order":0,"comment_status":"closed","ping_status":"closed","template":"","meta":{"_acf_changed":false,"footnotes":""},"class_list":["post-1505","page","type-page","status-publish","hentry"],"acf":[],"yoast_head":"<!-- This site is optimized with the Yoast SEO plugin v27.1.1 - https:\/\/yoast.com\/product\/yoast-seo-wordpress\/ -->\n<title>Nab\u00eddky pr\u00e1ce | MICHAEL<\/title>\n<meta name=\"robots\" content=\"index, follow, max-snippet:-1, max-image-preview:large, max-video-preview:-1\" \/>\n<link rel=\"canonical\" href=\"https:\/\/www.skolamichael.cz\/cs\/school\/nabidky-prace\/\" \/>\n<meta property=\"og:locale\" content=\"cs_CZ\" \/>\n<meta property=\"og:type\" content=\"article\" \/>\n<meta property=\"og:title\" content=\"Nab\u00eddky pr\u00e1ce | MICHAEL\" \/>\n<meta property=\"og:description\" content=\"Michael \u2013 St\u0159edn\u00ed \u0161kola, Gymn\u00e1zium a Vy\u0161\u0161\u00ed odborn\u00e1 \u0161kola, s.r.o. hled\u00e1 pro \u0161koln\u00ed rok 2026\/2027\u00a0 u\u010ditele\/u\u010ditelku: Digit\u00e1ln\u00edch technologi\u00ed Anglick\u00e9ho jazyka Konverzace v anglick\u00e9m jazyce Po\u010d\u00edta\u010dov\u00fdch grafick\u00fdch p\u0159edm\u011bt\u016f. \u00a0PO\u017dADUJEME: \u2013 Odpov\u00eddaj\u00edc\u00ed vzd\u011bl\u00e1n\u00ed a odbornou kvalifikaci \u2013 Aktivn\u00ed p\u0159\u00edstup p\u0159i pr\u00e1ci s mlad\u00fdmi lidmi \u2013 Ochotu d\u00e1le se vzd\u011bl\u00e1vat \u2013 Praxe v\u00fdhodou, ale ne podm\u00ednkou. NAB\u00cdZ\u00cdME: \u2013 [&hellip;]\" \/>\n<meta property=\"og:url\" content=\"https:\/\/www.skolamichael.cz\/cs\/school\/nabidky-prace\/\" \/>\n<meta property=\"og:site_name\" content=\"MICHAEL\" \/>\n<meta property=\"article:publisher\" content=\"http:\/\/www.facebook.com\/skolamichael\" \/>\n<meta property=\"article:modified_time\" content=\"2026-03-20T11:56:45+00:00\" \/>\n<meta name=\"twitter:card\" content=\"summary_large_image\" \/>\n<meta name=\"twitter:label1\" content=\"Odhadovan\u00e1 doba \u010dten\u00ed\" \/>\n\t<meta name=\"twitter:data1\" content=\"1 minuta\" \/>\n<script type=\"application\/ld+json\" class=\"yoast-schema-graph\">{\"@context\":\"https:\/\/schema.org\",\"@graph\":[{\"@type\":\"WebPage\",\"@id\":\"https:\/\/www.skolamichael.cz\/cs\/school\/nabidky-prace\/\",\"url\":\"https:\/\/www.skolamichael.cz\/cs\/school\/nabidky-prace\/\",\"name\":\"Nab\u00eddky pr\u00e1ce | MICHAEL\",\"isPartOf\":{\"@id\":\"https:\/\/www.skolamichael.cz\/cs\/#website\"},\"datePublished\":\"2019-03-12T08:37:12+00:00\",\"dateModified\":\"2026-03-20T11:56:45+00:00\",\"breadcrumb\":{\"@id\":\"https:\/\/www.skolamichael.cz\/cs\/school\/nabidky-prace\/#breadcrumb\"},\"inLanguage\":\"cs\",\"potentialAction\":[{\"@type\":\"ReadAction\",\"target\":[\"https:\/\/www.skolamichael.cz\/cs\/school\/nabidky-prace\/\"]}]},{\"@type\":\"BreadcrumbList\",\"@id\":\"https:\/\/www.skolamichael.cz\/cs\/school\/nabidky-prace\/#breadcrumb\",\"itemListElement\":[{\"@type\":\"ListItem\",\"position\":1,\"name\":\"Dom\u016f\",\"item\":\"https:\/\/www.skolamichael.cz\/cs\/\"},{\"@type\":\"ListItem\",\"position\":2,\"name\":\"O \u0161kole\",\"item\":\"https:\/\/www.skolamichael.cz\/cs\/school\/\"},{\"@type\":\"ListItem\",\"position\":3,\"name\":\"Nab\u00eddky pr\u00e1ce\"}]},{\"@type\":\"WebSite\",\"@id\":\"https:\/\/www.skolamichael.cz\/cs\/#website\",\"url\":\"https:\/\/www.skolamichael.cz\/cs\/\",\"name\":\"MICHAEL\",\"description\":\"St\u0159edn\u00ed \u0161kola, Gymn\u00e1zium a Vy\u0161\u0161\u00ed odborn\u00e1 \u0161kola\",\"publisher\":{\"@id\":\"https:\/\/www.skolamichael.cz\/cs\/#organization\"},\"alternateName\":\"St\u0159edn\u00ed \u0161kola, Gymn\u00e1zium a Vy\u0161\u0161\u00ed odborn\u00e1 \u0161kola\",\"potentialAction\":[{\"@type\":\"SearchAction\",\"target\":{\"@type\":\"EntryPoint\",\"urlTemplate\":\"https:\/\/www.skolamichael.cz\/cs\/?s={search_term_string}\"},\"query-input\":{\"@type\":\"PropertyValueSpecification\",\"valueRequired\":true,\"valueName\":\"search_term_string\"}}],\"inLanguage\":\"cs\"},{\"@type\":\"Organization\",\"@id\":\"https:\/\/www.skolamichael.cz\/cs\/#organization\",\"name\":\"Michael \u2013 St\u0159edn\u00ed \u0161kola, Gymn\u00e1zium a Vy\u0161\u0161\u00ed odborn\u00e1 \u0161kola, s.r.o.\",\"url\":\"https:\/\/www.skolamichael.cz\/cs\/\",\"logo\":{\"@type\":\"ImageObject\",\"inLanguage\":\"cs\",\"@id\":\"https:\/\/www.skolamichael.cz\/cs\/#\/schema\/logo\/image\/\",\"url\":\"https:\/\/www.skolamichael.cz\/wp-content\/uploads\/2019\/03\/logo_michael_final_ctverec1-1.jpg\",\"contentUrl\":\"https:\/\/www.skolamichael.cz\/wp-content\/uploads\/2019\/03\/logo_michael_final_ctverec1-1.jpg\",\"width\":400,\"height\":400,\"caption\":\"Michael \u2013 St\u0159edn\u00ed \u0161kola, Gymn\u00e1zium a Vy\u0161\u0161\u00ed odborn\u00e1 \u0161kola, s.r.o.\"},\"image\":{\"@id\":\"https:\/\/www.skolamichael.cz\/cs\/#\/schema\/logo\/image\/\"},\"sameAs\":[\"http:\/\/www.facebook.com\/skolamichael\",\"https:\/\/www.instagram.com\/skola_michael\/\"]}]}<\/script>\n<!-- \/ Yoast SEO plugin. -->","yoast_head_json":{"title":"Nab\u00eddky pr\u00e1ce | MICHAEL","robots":{"index":"index","follow":"follow","max-snippet":"max-snippet:-1","max-image-preview":"max-image-preview:large","max-video-preview":"max-video-preview:-1"},"canonical":"https:\/\/www.skolamichael.cz\/cs\/school\/nabidky-prace\/","og_locale":"cs_CZ","og_type":"article","og_title":"Nab\u00eddky pr\u00e1ce | MICHAEL","og_description":"Michael \u2013 St\u0159edn\u00ed \u0161kola, Gymn\u00e1zium a Vy\u0161\u0161\u00ed odborn\u00e1 \u0161kola, s.r.o. hled\u00e1 pro \u0161koln\u00ed rok 2026\/2027\u00a0 u\u010ditele\/u\u010ditelku: Digit\u00e1ln\u00edch technologi\u00ed Anglick\u00e9ho jazyka Konverzace v anglick\u00e9m jazyce Po\u010d\u00edta\u010dov\u00fdch grafick\u00fdch p\u0159edm\u011bt\u016f. \u00a0PO\u017dADUJEME: \u2013 Odpov\u00eddaj\u00edc\u00ed vzd\u011bl\u00e1n\u00ed a odbornou kvalifikaci \u2013 Aktivn\u00ed p\u0159\u00edstup p\u0159i pr\u00e1ci s mlad\u00fdmi lidmi \u2013 Ochotu d\u00e1le se vzd\u011bl\u00e1vat \u2013 Praxe v\u00fdhodou, ale ne podm\u00ednkou. NAB\u00cdZ\u00cdME: \u2013 [&hellip;]","og_url":"https:\/\/www.skolamichael.cz\/cs\/school\/nabidky-prace\/","og_site_name":"MICHAEL","article_publisher":"http:\/\/www.facebook.com\/skolamichael","article_modified_time":"2026-03-20T11:56:45+00:00","twitter_card":"summary_large_image","twitter_misc":{"Odhadovan\u00e1 doba \u010dten\u00ed":"1 minuta"},"schema":{"@context":"https:\/\/schema.org","@graph":[{"@type":"WebPage","@id":"https:\/\/www.skolamichael.cz\/cs\/school\/nabidky-prace\/","url":"https:\/\/www.skolamichael.cz\/cs\/school\/nabidky-prace\/","name":"Nab\u00eddky pr\u00e1ce | MICHAEL","isPartOf":{"@id":"https:\/\/www.skolamichael.cz\/cs\/#website"},"datePublished":"2019-03-12T08:37:12+00:00","dateModified":"2026-03-20T11:56:45+00:00","breadcrumb":{"@id":"https:\/\/www.skolamichael.cz\/cs\/school\/nabidky-prace\/#breadcrumb"},"inLanguage":"cs","potentialAction":[{"@type":"ReadAction","target":["https:\/\/www.skolamichael.cz\/cs\/school\/nabidky-prace\/"]}]},{"@type":"BreadcrumbList","@id":"https:\/\/www.skolamichael.cz\/cs\/school\/nabidky-prace\/#breadcrumb","itemListElement":[{"@type":"ListItem","position":1,"name":"Dom\u016f","item":"https:\/\/www.skolamichael.cz\/cs\/"},{"@type":"ListItem","position":2,"name":"O \u0161kole","item":"https:\/\/www.skolamichael.cz\/cs\/school\/"},{"@type":"ListItem","position":3,"name":"Nab\u00eddky pr\u00e1ce"}]},{"@type":"WebSite","@id":"https:\/\/www.skolamichael.cz\/cs\/#website","url":"https:\/\/www.skolamichael.cz\/cs\/","name":"MICHAEL","description":"St\u0159edn\u00ed \u0161kola, Gymn\u00e1zium a Vy\u0161\u0161\u00ed odborn\u00e1 \u0161kola","publisher":{"@id":"https:\/\/www.skolamichael.cz\/cs\/#organization"},"alternateName":"St\u0159edn\u00ed \u0161kola, Gymn\u00e1zium a Vy\u0161\u0161\u00ed odborn\u00e1 \u0161kola","potentialAction":[{"@type":"SearchAction","target":{"@type":"EntryPoint","urlTemplate":"https:\/\/www.skolamichael.cz\/cs\/?s={search_term_string}"},"query-input":{"@type":"PropertyValueSpecification","valueRequired":true,"valueName":"search_term_string"}}],"inLanguage":"cs"},{"@type":"Organization","@id":"https:\/\/www.skolamichael.cz\/cs\/#organization","name":"Michael \u2013 St\u0159edn\u00ed \u0161kola, Gymn\u00e1zium a Vy\u0161\u0161\u00ed odborn\u00e1 \u0161kola, s.r.o.","url":"https:\/\/www.skolamichael.cz\/cs\/","logo":{"@type":"ImageObject","inLanguage":"cs","@id":"https:\/\/www.skolamichael.cz\/cs\/#\/schema\/logo\/image\/","url":"https:\/\/www.skolamichael.cz\/wp-content\/uploads\/2019\/03\/logo_michael_final_ctverec1-1.jpg","contentUrl":"https:\/\/www.skolamichael.cz\/wp-content\/uploads\/2019\/03\/logo_michael_final_ctverec1-1.jpg","width":400,"height":400,"caption":"Michael \u2013 St\u0159edn\u00ed \u0161kola, Gymn\u00e1zium a Vy\u0161\u0161\u00ed odborn\u00e1 \u0161kola, s.r.o."},"image":{"@id":"https:\/\/www.skolamichael.cz\/cs\/#\/schema\/logo\/image\/"},"sameAs":["http:\/\/www.facebook.com\/skolamichael","https:\/\/www.instagram.com\/skola_michael\/"]}]}},"_links":{"self":[{"href":"https:\/\/www.skolamichael.cz\/cs\/wp-json\/wp\/v2\/pages\/1505","targetHints":{"allow":["GET"]}}],"collection":[{"href":"https:\/\/www.skolamichael.cz\/cs\/wp-json\/wp\/v2\/pages"}],"about":[{"href":"https:\/\/www.skolamichael.cz\/cs\/wp-json\/wp\/v2\/types\/page"}],"author":[{"embeddable":true,"href":"https:\/\/www.skolamichael.cz\/cs\/wp-json\/wp\/v2\/users\/3"}],"replies":[{"embeddable":true,"href":"https:\/\/www.skolamichael.cz\/cs\/wp-json\/wp\/v2\/comments?post=1505"}],"version-history":[{"count":42,"href":"https:\/\/www.skolamichael.cz\/cs\/wp-json\/wp\/v2\/pages\/1505\/revisions"}],"predecessor-version":[{"id":31533,"href":"https:\/\/www.skolamichael.cz\/cs\/wp-json\/wp\/v2\/pages\/1505\/revisions\/31533"}],"up":[{"embeddable":true,"href":"https:\/\/www.skolamichael.cz\/cs\/wp-json\/wp\/v2\/pages\/19"}],"wp:attachment":[{"href":"https:\/\/www.skolamichael.cz\/cs\/wp-json\/wp\/v2\/media?parent=1505"}],"curies":[{"name":"wp","href":"https:\/\/api.w.org\/{rel}","templated":true}]}}