{"id":15518,"date":"2024-12-10T16:12:57","date_gmt":"2024-12-10T15:12:57","guid":{"rendered":"https:\/\/www.skolamichael.cz\/?page_id=15518"},"modified":"2024-12-10T16:12:57","modified_gmt":"2024-12-10T15:12:57","slug":"erasmus-ka121-malaga","status":"publish","type":"page","link":"https:\/\/www.skolamichael.cz\/cs\/projekty\/erasmus-ka-121\/erasmus-ka121-malaga\/","title":{"rendered":"ERASMUS+ KA121 \u2013 Malaga"},"content":{"rendered":"<p>Do \u010cR doputoval pozdrav od student\u016f Akademie Michael \u2013 Vy\u0161\u0161\u00ed odborn\u00e9 \u0161koly oboru\u00a0<a href=\"https:\/\/www.akademiemichael.cz\/zamereni\/filmova-tvorba\/\">Filmov\u00e1 tvorba<\/a>, kte\u0159\u00ed nyn\u00ed tr\u00e1v\u00ed pracovn\u00ed st\u00e1\u017e ve \u0161pan\u011blsk\u00e9 Malaze.<\/p>\n<p>Maj\u00ed kr\u00e1sn\u00e9 po\u010das\u00ed a\u00a0a\u010dkoli to z\u00a0fotek a\u017e tak nevypad\u00e1, jsou velmi pracovn\u011b vyt\u00ed\u017eeni. Obsahov\u00e1 n\u00e1pl\u0148 st\u00e1\u017ee je nato\u010dit video \u201eDen koordin\u00e1tora Euromindu\u201c. Krom\u011b t\u00e9to hlavn\u00ed \u010d\u00e1sti nat\u00e1\u010dej\u00ed i\u00a0dokument o\u00a0st\u00e1\u017ei a\u00a0vlastn\u00ed film. Na v\u0161echna videa se moc t\u011b\u0161\u00edme!<\/p>\n<p>P\u00e1r slov od studenta Tom\u00e1\u0161e Singra: \u201eM\u00e1me se tu hrozn\u011b kr\u00e1sn\u011b \u2013 up\u0159\u00edmn\u011b bych se sem hrozn\u011b r\u00e1d vr\u00e1til. Po\u010das\u00ed, lid\u00e9, kultura, v\u0161e je \u00fa\u017easn\u00e9. Nejv\u00edc, abych pravdu \u0159ekl, si tu u\u017e\u00edv\u00e1m architekturu, kter\u00e1 mi hrozn\u011b p\u0159ipom\u00edn\u00e1 \u0158ecko.<br \/>\nCo se nat\u00e1\u010den\u00ed t\u00fd\u010de, tak nat\u00e1\u010d\u00edme spot, kter\u00fd se naz\u00fdv\u00e1 \u201eDen koordin\u00e1tora Euromindu\u201c. Nat\u00e1\u010d\u00edme to z\u00a0pohledu o\u010d\u00ed. P\u0159edstavte si, \u017ee si vezmete hromadu techniky do \u0161pan\u011blsk\u00e9 M\u00e1lagy a\u00a0tady v\u00e1m \u0159eknou, \u017ee GoPro sta\u010d\u00ed. Byli jsme z\u00a0toho cel\u00ed mimo. Jinak pr\u016fb\u011b\u017en\u011b dokumentujeme video pro \u0161kolu a\u00a0z\u00e1rove\u0148 nat\u00e1\u010d\u00edme n\u00e1\u0161 vlastn\u00ed film a\u00a0hodn\u011b fot\u00edme!<br \/>\nJe to jen \u010dasov\u011b n\u00e1ro\u010dn\u00fd, proto\u017ee kdy\u017e m\u00e1me odpracov\u00e1no, tak zrovna j\u00edme, nebo se po\u00a0dlouh\u00e9 dob\u011b dostaneme k\u00a0n\u011bjak\u00e9 volno\u010dasov\u00e9 aktivit\u011b.<br \/>\nBudu hrozn\u011b r\u00e1d, kdy\u017e se sem jednou vr\u00e1t\u00edm. Bu\u010f s\u00e1m nebo znova takto pracovn\u011b. P\u0159esto se v\u0161ak tak\u00e9 t\u011b\u0161\u00edm do Prahy, kde budeme m\u00edt co vypr\u00e1v\u011bt!\u201c<\/p>\n<p>foto: Tereza Kv\u011bto\u0148ov\u00e1, Nikolas Sand, Tom\u00e1\u0161 Singer, Luk\u00e1\u0161 Handlovi\u010d<\/p>\n<p>&nbsp;<\/p>\n<div id='gallery-1' class='gallery galleryid-15518 gallery-columns-1 gallery-size-full'><figure class='gallery-item'>\n\t\t\t<div class='gallery-icon landscape'>\n\t\t\t\t<a href='https:\/\/www.skolamichael.cz\/wp-content\/uploads\/2024\/12\/IMG-20221102-WA0006.jpg'><img loading=\"lazy\" decoding=\"async\" width=\"1000\" height=\"750\" src=\"https:\/\/www.skolamichael.cz\/wp-content\/uploads\/2024\/12\/IMG-20221102-WA0006.jpg\" class=\"attachment-full size-full\" alt=\"\" srcset=\"https:\/\/www.skolamichael.cz\/wp-content\/uploads\/2024\/12\/IMG-20221102-WA0006.jpg 1000w, https:\/\/www.skolamichael.cz\/wp-content\/uploads\/2024\/12\/IMG-20221102-WA0006-300x225.jpg 300w\" sizes=\"auto, (max-width: 1000px) 100vw, 1000px\" \/><\/a>\n\t\t\t<\/div><\/figure><figure class='gallery-item'>\n\t\t\t<div class='gallery-icon landscape'>\n\t\t\t\t<a href='https:\/\/www.skolamichael.cz\/wp-content\/uploads\/2024\/12\/Kopie-souboru-img_18.jpg'><img loading=\"lazy\" decoding=\"async\" width=\"1000\" height=\"663\" src=\"https:\/\/www.skolamichael.cz\/wp-content\/uploads\/2024\/12\/Kopie-souboru-img_18.jpg\" class=\"attachment-full size-full\" alt=\"\" srcset=\"https:\/\/www.skolamichael.cz\/wp-content\/uploads\/2024\/12\/Kopie-souboru-img_18.jpg 1000w, https:\/\/www.skolamichael.cz\/wp-content\/uploads\/2024\/12\/Kopie-souboru-img_18-300x199.jpg 300w\" sizes=\"auto, (max-width: 1000px) 100vw, 1000px\" \/><\/a>\n\t\t\t<\/div><\/figure><figure class='gallery-item'>\n\t\t\t<div class='gallery-icon landscape'>\n\t\t\t\t<a href='https:\/\/www.skolamichael.cz\/wp-content\/uploads\/2024\/12\/Kopie-souboru-286A5913.jpg'><img loading=\"lazy\" decoding=\"async\" width=\"1000\" height=\"667\" src=\"https:\/\/www.skolamichael.cz\/wp-content\/uploads\/2024\/12\/Kopie-souboru-286A5913.jpg\" class=\"attachment-full size-full\" alt=\"\" srcset=\"https:\/\/www.skolamichael.cz\/wp-content\/uploads\/2024\/12\/Kopie-souboru-286A5913.jpg 1000w, https:\/\/www.skolamichael.cz\/wp-content\/uploads\/2024\/12\/Kopie-souboru-286A5913-300x200.jpg 300w\" sizes=\"auto, (max-width: 1000px) 100vw, 1000px\" \/><\/a>\n\t\t\t<\/div><\/figure><figure class='gallery-item'>\n\t\t\t<div class='gallery-icon landscape'>\n\t\t\t\t<a href='https:\/\/www.skolamichael.cz\/wp-content\/uploads\/2024\/12\/Kopie-souboru-286A6081.jpg'><img loading=\"lazy\" decoding=\"async\" width=\"1000\" height=\"667\" src=\"https:\/\/www.skolamichael.cz\/wp-content\/uploads\/2024\/12\/Kopie-souboru-286A6081.jpg\" class=\"attachment-full size-full\" alt=\"\" srcset=\"https:\/\/www.skolamichael.cz\/wp-content\/uploads\/2024\/12\/Kopie-souboru-286A6081.jpg 1000w, https:\/\/www.skolamichael.cz\/wp-content\/uploads\/2024\/12\/Kopie-souboru-286A6081-300x200.jpg 300w\" sizes=\"auto, (max-width: 1000px) 100vw, 1000px\" \/><\/a>\n\t\t\t<\/div><\/figure><figure class='gallery-item'>\n\t\t\t<div class='gallery-icon portrait'>\n\t\t\t\t<a href='https:\/\/www.skolamichael.cz\/wp-content\/uploads\/2024\/12\/IMG-20221102-WA0011.jpg'><img loading=\"lazy\" decoding=\"async\" width=\"748\" height=\"1000\" src=\"https:\/\/www.skolamichael.cz\/wp-content\/uploads\/2024\/12\/IMG-20221102-WA0011.jpg\" class=\"attachment-full size-full\" alt=\"\" srcset=\"https:\/\/www.skolamichael.cz\/wp-content\/uploads\/2024\/12\/IMG-20221102-WA0011.jpg 748w, https:\/\/www.skolamichael.cz\/wp-content\/uploads\/2024\/12\/IMG-20221102-WA0011-224x300.jpg 224w\" sizes=\"auto, (max-width: 748px) 100vw, 748px\" \/><\/a>\n\t\t\t<\/div><\/figure><figure class='gallery-item'>\n\t\t\t<div class='gallery-icon landscape'>\n\t\t\t\t<a href='https:\/\/www.skolamichael.cz\/wp-content\/uploads\/2024\/12\/Kopie-souboru-IMG_8325.jpg'><img loading=\"lazy\" decoding=\"async\" width=\"1000\" height=\"750\" src=\"https:\/\/www.skolamichael.cz\/wp-content\/uploads\/2024\/12\/Kopie-souboru-IMG_8325.jpg\" class=\"attachment-full size-full\" alt=\"\" srcset=\"https:\/\/www.skolamichael.cz\/wp-content\/uploads\/2024\/12\/Kopie-souboru-IMG_8325.jpg 1000w, https:\/\/www.skolamichael.cz\/wp-content\/uploads\/2024\/12\/Kopie-souboru-IMG_8325-300x225.jpg 300w\" sizes=\"auto, (max-width: 1000px) 100vw, 1000px\" \/><\/a>\n\t\t\t<\/div><\/figure><figure class='gallery-item'>\n\t\t\t<div class='gallery-icon landscape'>\n\t\t\t\t<a href='https:\/\/www.skolamichael.cz\/wp-content\/uploads\/2024\/12\/IMG-20221102-WA0011-1.jpg'><img loading=\"lazy\" decoding=\"async\" width=\"1000\" height=\"689\" src=\"https:\/\/www.skolamichael.cz\/wp-content\/uploads\/2024\/12\/IMG-20221102-WA0011-1.jpg\" class=\"attachment-full size-full\" alt=\"\" srcset=\"https:\/\/www.skolamichael.cz\/wp-content\/uploads\/2024\/12\/IMG-20221102-WA0011-1.jpg 1000w, https:\/\/www.skolamichael.cz\/wp-content\/uploads\/2024\/12\/IMG-20221102-WA0011-1-300x207.jpg 300w\" sizes=\"auto, (max-width: 1000px) 100vw, 1000px\" \/><\/a>\n\t\t\t<\/div><\/figure>\n\t\t<\/div>\n\n","protected":false},"excerpt":{"rendered":"<p>Do \u010cR doputoval pozdrav od student\u016f Akademie Michael \u2013 Vy\u0161\u0161\u00ed odborn\u00e9 \u0161koly oboru\u00a0Filmov\u00e1 tvorba, kte\u0159\u00ed nyn\u00ed tr\u00e1v\u00ed pracovn\u00ed st\u00e1\u017e ve \u0161pan\u011blsk\u00e9 Malaze. Maj\u00ed kr\u00e1sn\u00e9 po\u010das\u00ed a\u00a0a\u010dkoli to z\u00a0fotek a\u017e tak nevypad\u00e1, jsou velmi pracovn\u011b vyt\u00ed\u017eeni. Obsahov\u00e1 n\u00e1pl\u0148 st\u00e1\u017ee je nato\u010dit video \u201eDen koordin\u00e1tora Euromindu\u201c. Krom\u011b t\u00e9to hlavn\u00ed \u010d\u00e1sti nat\u00e1\u010dej\u00ed i\u00a0dokument o\u00a0st\u00e1\u017ei a\u00a0vlastn\u00ed film. Na v\u0161echna [&hellip;]<\/p>\n","protected":false},"author":19,"featured_media":0,"parent":13946,"menu_order":0,"comment_status":"closed","ping_status":"closed","template":"","meta":{"_acf_changed":false,"footnotes":""},"class_list":["post-15518","page","type-page","status-publish","hentry"],"acf":[],"yoast_head":"<!-- This site is optimized with the Yoast SEO plugin v27.4 - https:\/\/yoast.com\/product\/yoast-seo-wordpress\/ -->\n<title>ERASMUS+ KA121 \u2013 Malaga | MICHAEL<\/title>\n<meta name=\"robots\" content=\"index, follow, max-snippet:-1, max-image-preview:large, max-video-preview:-1\" \/>\n<link rel=\"canonical\" href=\"https:\/\/www.skolamichael.cz\/cs\/projekty\/erasmus-ka-121\/erasmus-ka121-malaga\/\" \/>\n<meta property=\"og:locale\" content=\"cs_CZ\" \/>\n<meta property=\"og:type\" content=\"article\" \/>\n<meta property=\"og:title\" content=\"ERASMUS+ KA121 \u2013 Malaga | MICHAEL\" \/>\n<meta property=\"og:description\" content=\"Do \u010cR doputoval pozdrav od student\u016f Akademie Michael \u2013 Vy\u0161\u0161\u00ed odborn\u00e9 \u0161koly oboru\u00a0Filmov\u00e1 tvorba, kte\u0159\u00ed nyn\u00ed tr\u00e1v\u00ed pracovn\u00ed st\u00e1\u017e ve \u0161pan\u011blsk\u00e9 Malaze. Maj\u00ed kr\u00e1sn\u00e9 po\u010das\u00ed a\u00a0a\u010dkoli to z\u00a0fotek a\u017e tak nevypad\u00e1, jsou velmi pracovn\u011b vyt\u00ed\u017eeni. Obsahov\u00e1 n\u00e1pl\u0148 st\u00e1\u017ee je nato\u010dit video \u201eDen koordin\u00e1tora Euromindu\u201c. Krom\u011b t\u00e9to hlavn\u00ed \u010d\u00e1sti nat\u00e1\u010dej\u00ed i\u00a0dokument o\u00a0st\u00e1\u017ei a\u00a0vlastn\u00ed film. Na v\u0161echna [&hellip;]\" \/>\n<meta property=\"og:url\" content=\"https:\/\/www.skolamichael.cz\/cs\/projekty\/erasmus-ka-121\/erasmus-ka121-malaga\/\" \/>\n<meta property=\"og:site_name\" content=\"MICHAEL\" \/>\n<meta property=\"article:publisher\" content=\"http:\/\/www.facebook.com\/skolamichael\" \/>\n<meta property=\"og:image\" content=\"https:\/\/www.skolamichael.cz\/wp-content\/uploads\/2024\/12\/IMG-20221102-WA0006.jpg\" \/>\n<meta name=\"twitter:card\" content=\"summary_large_image\" \/>\n<meta name=\"twitter:label1\" content=\"Odhadovan\u00e1 doba \u010dten\u00ed\" \/>\n\t<meta name=\"twitter:data1\" content=\"1 minuta\" \/>\n<script type=\"application\/ld+json\" class=\"yoast-schema-graph\">{\"@context\":\"https:\\\/\\\/schema.org\",\"@graph\":[{\"@type\":\"WebPage\",\"@id\":\"https:\\\/\\\/www.skolamichael.cz\\\/cs\\\/projekty\\\/erasmus-ka-121\\\/erasmus-ka121-malaga\\\/\",\"url\":\"https:\\\/\\\/www.skolamichael.cz\\\/cs\\\/projekty\\\/erasmus-ka-121\\\/erasmus-ka121-malaga\\\/\",\"name\":\"ERASMUS+ KA121 \u2013 Malaga | MICHAEL\",\"isPartOf\":{\"@id\":\"https:\\\/\\\/www.skolamichael.cz\\\/cs\\\/#website\"},\"datePublished\":\"2024-12-10T15:12:57+00:00\",\"breadcrumb\":{\"@id\":\"https:\\\/\\\/www.skolamichael.cz\\\/cs\\\/projekty\\\/erasmus-ka-121\\\/erasmus-ka121-malaga\\\/#breadcrumb\"},\"inLanguage\":\"cs\",\"potentialAction\":[{\"@type\":\"ReadAction\",\"target\":[\"https:\\\/\\\/www.skolamichael.cz\\\/cs\\\/projekty\\\/erasmus-ka-121\\\/erasmus-ka121-malaga\\\/\"]}]},{\"@type\":\"BreadcrumbList\",\"@id\":\"https:\\\/\\\/www.skolamichael.cz\\\/cs\\\/projekty\\\/erasmus-ka-121\\\/erasmus-ka121-malaga\\\/#breadcrumb\",\"itemListElement\":[{\"@type\":\"ListItem\",\"position\":1,\"name\":\"Dom\u016f\",\"item\":\"https:\\\/\\\/www.skolamichael.cz\\\/cs\\\/\"},{\"@type\":\"ListItem\",\"position\":2,\"name\":\"Projekty a st\u00e1\u017ee\",\"item\":\"https:\\\/\\\/www.skolamichael.cz\\\/cs\\\/projekty\\\/\"},{\"@type\":\"ListItem\",\"position\":3,\"name\":\"ERASMUS+ KA 121\",\"item\":\"https:\\\/\\\/www.skolamichael.cz\\\/cs\\\/projekty\\\/erasmus-ka-121\\\/\"},{\"@type\":\"ListItem\",\"position\":4,\"name\":\"ERASMUS+ KA121 \u2013 Malaga\"}]},{\"@type\":\"WebSite\",\"@id\":\"https:\\\/\\\/www.skolamichael.cz\\\/cs\\\/#website\",\"url\":\"https:\\\/\\\/www.skolamichael.cz\\\/cs\\\/\",\"name\":\"MICHAEL\",\"description\":\"St\u0159edn\u00ed \u0161kola, Gymn\u00e1zium a Vy\u0161\u0161\u00ed odborn\u00e1 \u0161kola\",\"publisher\":{\"@id\":\"https:\\\/\\\/www.skolamichael.cz\\\/cs\\\/#organization\"},\"alternateName\":\"St\u0159edn\u00ed \u0161kola, Gymn\u00e1zium a Vy\u0161\u0161\u00ed odborn\u00e1 \u0161kola\",\"potentialAction\":[{\"@type\":\"SearchAction\",\"target\":{\"@type\":\"EntryPoint\",\"urlTemplate\":\"https:\\\/\\\/www.skolamichael.cz\\\/cs\\\/?s={search_term_string}\"},\"query-input\":{\"@type\":\"PropertyValueSpecification\",\"valueRequired\":true,\"valueName\":\"search_term_string\"}}],\"inLanguage\":\"cs\"},{\"@type\":\"Organization\",\"@id\":\"https:\\\/\\\/www.skolamichael.cz\\\/cs\\\/#organization\",\"name\":\"Michael \u2013 St\u0159edn\u00ed \u0161kola, Gymn\u00e1zium a Vy\u0161\u0161\u00ed odborn\u00e1 \u0161kola, s.r.o.\",\"url\":\"https:\\\/\\\/www.skolamichael.cz\\\/cs\\\/\",\"logo\":{\"@type\":\"ImageObject\",\"inLanguage\":\"cs\",\"@id\":\"https:\\\/\\\/www.skolamichael.cz\\\/cs\\\/#\\\/schema\\\/logo\\\/image\\\/\",\"url\":\"https:\\\/\\\/www.skolamichael.cz\\\/wp-content\\\/uploads\\\/2019\\\/03\\\/logo_michael_final_ctverec1-1.jpg\",\"contentUrl\":\"https:\\\/\\\/www.skolamichael.cz\\\/wp-content\\\/uploads\\\/2019\\\/03\\\/logo_michael_final_ctverec1-1.jpg\",\"width\":400,\"height\":400,\"caption\":\"Michael \u2013 St\u0159edn\u00ed \u0161kola, Gymn\u00e1zium a Vy\u0161\u0161\u00ed odborn\u00e1 \u0161kola, s.r.o.\"},\"image\":{\"@id\":\"https:\\\/\\\/www.skolamichael.cz\\\/cs\\\/#\\\/schema\\\/logo\\\/image\\\/\"},\"sameAs\":[\"http:\\\/\\\/www.facebook.com\\\/skolamichael\",\"https:\\\/\\\/www.instagram.com\\\/skola_michael\\\/\"]}]}<\/script>\n<!-- \/ Yoast SEO plugin. -->","yoast_head_json":{"title":"ERASMUS+ KA121 \u2013 Malaga | MICHAEL","robots":{"index":"index","follow":"follow","max-snippet":"max-snippet:-1","max-image-preview":"max-image-preview:large","max-video-preview":"max-video-preview:-1"},"canonical":"https:\/\/www.skolamichael.cz\/cs\/projekty\/erasmus-ka-121\/erasmus-ka121-malaga\/","og_locale":"cs_CZ","og_type":"article","og_title":"ERASMUS+ KA121 \u2013 Malaga | MICHAEL","og_description":"Do \u010cR doputoval pozdrav od student\u016f Akademie Michael \u2013 Vy\u0161\u0161\u00ed odborn\u00e9 \u0161koly oboru\u00a0Filmov\u00e1 tvorba, kte\u0159\u00ed nyn\u00ed tr\u00e1v\u00ed pracovn\u00ed st\u00e1\u017e ve \u0161pan\u011blsk\u00e9 Malaze. Maj\u00ed kr\u00e1sn\u00e9 po\u010das\u00ed a\u00a0a\u010dkoli to z\u00a0fotek a\u017e tak nevypad\u00e1, jsou velmi pracovn\u011b vyt\u00ed\u017eeni. Obsahov\u00e1 n\u00e1pl\u0148 st\u00e1\u017ee je nato\u010dit video \u201eDen koordin\u00e1tora Euromindu\u201c. Krom\u011b t\u00e9to hlavn\u00ed \u010d\u00e1sti nat\u00e1\u010dej\u00ed i\u00a0dokument o\u00a0st\u00e1\u017ei a\u00a0vlastn\u00ed film. Na v\u0161echna [&hellip;]","og_url":"https:\/\/www.skolamichael.cz\/cs\/projekty\/erasmus-ka-121\/erasmus-ka121-malaga\/","og_site_name":"MICHAEL","article_publisher":"http:\/\/www.facebook.com\/skolamichael","og_image":[{"url":"https:\/\/www.skolamichael.cz\/wp-content\/uploads\/2024\/12\/IMG-20221102-WA0006.jpg","type":"","width":"","height":""}],"twitter_card":"summary_large_image","twitter_misc":{"Odhadovan\u00e1 doba \u010dten\u00ed":"1 minuta"},"schema":{"@context":"https:\/\/schema.org","@graph":[{"@type":"WebPage","@id":"https:\/\/www.skolamichael.cz\/cs\/projekty\/erasmus-ka-121\/erasmus-ka121-malaga\/","url":"https:\/\/www.skolamichael.cz\/cs\/projekty\/erasmus-ka-121\/erasmus-ka121-malaga\/","name":"ERASMUS+ KA121 \u2013 Malaga | MICHAEL","isPartOf":{"@id":"https:\/\/www.skolamichael.cz\/cs\/#website"},"datePublished":"2024-12-10T15:12:57+00:00","breadcrumb":{"@id":"https:\/\/www.skolamichael.cz\/cs\/projekty\/erasmus-ka-121\/erasmus-ka121-malaga\/#breadcrumb"},"inLanguage":"cs","potentialAction":[{"@type":"ReadAction","target":["https:\/\/www.skolamichael.cz\/cs\/projekty\/erasmus-ka-121\/erasmus-ka121-malaga\/"]}]},{"@type":"BreadcrumbList","@id":"https:\/\/www.skolamichael.cz\/cs\/projekty\/erasmus-ka-121\/erasmus-ka121-malaga\/#breadcrumb","itemListElement":[{"@type":"ListItem","position":1,"name":"Dom\u016f","item":"https:\/\/www.skolamichael.cz\/cs\/"},{"@type":"ListItem","position":2,"name":"Projekty a st\u00e1\u017ee","item":"https:\/\/www.skolamichael.cz\/cs\/projekty\/"},{"@type":"ListItem","position":3,"name":"ERASMUS+ KA 121","item":"https:\/\/www.skolamichael.cz\/cs\/projekty\/erasmus-ka-121\/"},{"@type":"ListItem","position":4,"name":"ERASMUS+ KA121 \u2013 Malaga"}]},{"@type":"WebSite","@id":"https:\/\/www.skolamichael.cz\/cs\/#website","url":"https:\/\/www.skolamichael.cz\/cs\/","name":"MICHAEL","description":"St\u0159edn\u00ed \u0161kola, Gymn\u00e1zium a Vy\u0161\u0161\u00ed odborn\u00e1 \u0161kola","publisher":{"@id":"https:\/\/www.skolamichael.cz\/cs\/#organization"},"alternateName":"St\u0159edn\u00ed \u0161kola, Gymn\u00e1zium a Vy\u0161\u0161\u00ed odborn\u00e1 \u0161kola","potentialAction":[{"@type":"SearchAction","target":{"@type":"EntryPoint","urlTemplate":"https:\/\/www.skolamichael.cz\/cs\/?s={search_term_string}"},"query-input":{"@type":"PropertyValueSpecification","valueRequired":true,"valueName":"search_term_string"}}],"inLanguage":"cs"},{"@type":"Organization","@id":"https:\/\/www.skolamichael.cz\/cs\/#organization","name":"Michael \u2013 St\u0159edn\u00ed \u0161kola, Gymn\u00e1zium a Vy\u0161\u0161\u00ed odborn\u00e1 \u0161kola, s.r.o.","url":"https:\/\/www.skolamichael.cz\/cs\/","logo":{"@type":"ImageObject","inLanguage":"cs","@id":"https:\/\/www.skolamichael.cz\/cs\/#\/schema\/logo\/image\/","url":"https:\/\/www.skolamichael.cz\/wp-content\/uploads\/2019\/03\/logo_michael_final_ctverec1-1.jpg","contentUrl":"https:\/\/www.skolamichael.cz\/wp-content\/uploads\/2019\/03\/logo_michael_final_ctverec1-1.jpg","width":400,"height":400,"caption":"Michael \u2013 St\u0159edn\u00ed \u0161kola, Gymn\u00e1zium a Vy\u0161\u0161\u00ed odborn\u00e1 \u0161kola, s.r.o."},"image":{"@id":"https:\/\/www.skolamichael.cz\/cs\/#\/schema\/logo\/image\/"},"sameAs":["http:\/\/www.facebook.com\/skolamichael","https:\/\/www.instagram.com\/skola_michael\/"]}]}},"_links":{"self":[{"href":"https:\/\/www.skolamichael.cz\/cs\/wp-json\/wp\/v2\/pages\/15518","targetHints":{"allow":["GET"]}}],"collection":[{"href":"https:\/\/www.skolamichael.cz\/cs\/wp-json\/wp\/v2\/pages"}],"about":[{"href":"https:\/\/www.skolamichael.cz\/cs\/wp-json\/wp\/v2\/types\/page"}],"author":[{"embeddable":true,"href":"https:\/\/www.skolamichael.cz\/cs\/wp-json\/wp\/v2\/users\/19"}],"replies":[{"embeddable":true,"href":"https:\/\/www.skolamichael.cz\/cs\/wp-json\/wp\/v2\/comments?post=15518"}],"version-history":[{"count":2,"href":"https:\/\/www.skolamichael.cz\/cs\/wp-json\/wp\/v2\/pages\/15518\/revisions"}],"predecessor-version":[{"id":15534,"href":"https:\/\/www.skolamichael.cz\/cs\/wp-json\/wp\/v2\/pages\/15518\/revisions\/15534"}],"up":[{"embeddable":true,"href":"https:\/\/www.skolamichael.cz\/cs\/wp-json\/wp\/v2\/pages\/13946"}],"wp:attachment":[{"href":"https:\/\/www.skolamichael.cz\/cs\/wp-json\/wp\/v2\/media?parent=15518"}],"curies":[{"name":"wp","href":"https:\/\/api.w.org\/{rel}","templated":true}]}}