{"id":15741,"date":"2024-12-18T09:18:43","date_gmt":"2024-12-18T08:18:43","guid":{"rendered":"https:\/\/www.skolamichael.cz\/?page_id=15741"},"modified":"2025-01-03T16:24:35","modified_gmt":"2025-01-03T15:24:35","slug":"prihlaska-pro_pripravny_workshop","status":"publish","type":"page","link":"https:\/\/www.skolamichael.cz\/cs\/zajemci-o-studium\/pripravne-kurzy\/prihlaska-pro_pripravny_workshop\/","title":{"rendered":"P\u0159ihl\u00e1\u0161ka pro p\u0159\u00edpravn\u00fd workshop"},"content":{"rendered":"<h3>pro obor <strong>Management a produkce<\/strong><\/h3>\n\n<div class=\"wpcf7 no-js\" id=\"wpcf7-f15740-o1\" lang=\"cs-CZ\" dir=\"ltr\" data-wpcf7-id=\"15740\">\n<div class=\"screen-reader-response\"><p role=\"status\" aria-live=\"polite\" aria-atomic=\"true\"><\/p> <ul><\/ul><\/div>\n<form action=\"\/cs\/wp-json\/wp\/v2\/pages\/15741#wpcf7-f15740-o1\" method=\"post\" class=\"wpcf7-form init\" aria-label=\"Kontaktn\u00ed formul\u00e1\u0159\" novalidate=\"novalidate\" data-status=\"init\">\n<fieldset class=\"hidden-fields-container\"><input type=\"hidden\" name=\"_wpcf7\" value=\"15740\" \/><input type=\"hidden\" name=\"_wpcf7_version\" value=\"6.1.5\" \/><input type=\"hidden\" name=\"_wpcf7_locale\" value=\"cs_CZ\" \/><input type=\"hidden\" name=\"_wpcf7_unit_tag\" value=\"wpcf7-f15740-o1\" \/><input type=\"hidden\" name=\"_wpcf7_container_post\" value=\"0\" \/><input type=\"hidden\" name=\"_wpcf7_posted_data_hash\" value=\"\" \/><input type=\"hidden\" name=\"_wpcf7_recaptcha_response\" value=\"\" \/>\n<\/fieldset>\n<div class=\"common-form\">\n\n<label> <strong>\u00da\u010dastn\u00edk workshopu<\/strong> - jm\u00e9no a p\u0159\u00edjmen\u00ed\n    <span class=\"wpcf7-form-control-wrap\" data-name=\"your-name\"><input size=\"40\" maxlength=\"400\" class=\"wpcf7-form-control wpcf7-text wpcf7-validates-as-required\" autocomplete=\"name\" aria-required=\"true\" aria-invalid=\"false\" value=\"\" type=\"text\" name=\"your-name\" \/><\/span> <\/label>\n\n<label> <strong>Rodi\u010d<\/strong> - jm\u00e9no a p\u0159\u00edjmen\u00ed\n    <span class=\"wpcf7-form-control-wrap\" data-name=\"your-name2\"><input size=\"40\" maxlength=\"400\" class=\"wpcf7-form-control wpcf7-text wpcf7-validates-as-required\" autocomplete=\"name\" aria-required=\"true\" aria-invalid=\"false\" value=\"\" type=\"text\" name=\"your-name2\" \/><\/span> <\/label>\n\n<label> <strong>Rodi\u010d<\/strong> - e-mail\n    <span class=\"wpcf7-form-control-wrap\" data-name=\"your-email\"><input size=\"40\" maxlength=\"400\" class=\"wpcf7-form-control wpcf7-email wpcf7-validates-as-required wpcf7-text wpcf7-validates-as-email\" autocomplete=\"email\" aria-required=\"true\" aria-invalid=\"false\" value=\"\" type=\"email\" name=\"your-email\" \/><\/span> <\/label>\n\n<label> <strong>Rodi\u010d<\/strong> - telefon (ve form\u00e1tu XXX XXX XXX)\n    <span class=\"wpcf7-form-control-wrap\" data-name=\"your-subject\"><input size=\"40\" maxlength=\"400\" class=\"wpcf7-form-control wpcf7-text wpcf7-validates-as-required\" aria-required=\"true\" aria-invalid=\"false\" value=\"\" type=\"text\" name=\"your-subject\" \/><\/span> <\/label>\n\n<label> Pozn\u00e1mka k p\u0159ihl\u00e1\u0161ce (nepovinn\u00e9)\n    <span class=\"wpcf7-form-control-wrap\" data-name=\"your-message\"><textarea cols=\"40\" rows=\"10\" maxlength=\"2000\" class=\"wpcf7-form-control wpcf7-textarea\" aria-invalid=\"false\" name=\"your-message\"><\/textarea><\/span> <\/label>\n\n\n<input class=\"wpcf7-form-control wpcf7-submit has-spinner btn btn-xl-200\" type=\"submit\" value=\"Odeslat\" \/>\n\nZp\u016fsob zpracov\u00e1n\u00ed osobn\u00edch \u00fadaj\u016f se \u0159\u00edd\u00ed <a href = \"https:\/\/www.skolamichael.cz\/wp-content\/uploads\/2019\/01\/zasady_web.pdf\">z\u00e1sadami GDPR<\/a> uve\u0159ejn\u011bn\u00fdch na webov\u00fdch str\u00e1nk\u00e1ch \u0161koly.\n<\/div><div class=\"wpcf7-response-output\" aria-hidden=\"true\"><\/div>\n<\/form>\n<\/div>\n\n<p>&nbsp;<\/p>\n<p>&nbsp;<\/p>\n","protected":false},"excerpt":{"rendered":"<p>pro obor Management a produkce &nbsp; &nbsp;<\/p>\n","protected":false},"author":4,"featured_media":0,"parent":166,"menu_order":0,"comment_status":"closed","ping_status":"closed","template":"","meta":{"_acf_changed":false,"footnotes":""},"class_list":["post-15741","page","type-page","status-publish","hentry"],"acf":[],"yoast_head":"<!-- This site is optimized with the Yoast SEO plugin v27.4 - https:\/\/yoast.com\/product\/yoast-seo-wordpress\/ -->\n<title>P\u0159ihl\u00e1\u0161ka pro p\u0159\u00edpravn\u00fd workshop | MICHAEL<\/title>\n<meta name=\"robots\" content=\"index, follow, max-snippet:-1, max-image-preview:large, max-video-preview:-1\" \/>\n<link rel=\"canonical\" href=\"https:\/\/www.skolamichael.cz\/cs\/zajemci-o-studium\/pripravne-kurzy\/prihlaska-pro_pripravny_workshop\/\" \/>\n<meta property=\"og:locale\" content=\"cs_CZ\" \/>\n<meta property=\"og:type\" content=\"article\" \/>\n<meta property=\"og:title\" content=\"P\u0159ihl\u00e1\u0161ka pro p\u0159\u00edpravn\u00fd workshop | MICHAEL\" \/>\n<meta property=\"og:description\" content=\"pro obor Management a produkce &nbsp; &nbsp;\" \/>\n<meta property=\"og:url\" content=\"https:\/\/www.skolamichael.cz\/cs\/zajemci-o-studium\/pripravne-kurzy\/prihlaska-pro_pripravny_workshop\/\" \/>\n<meta property=\"og:site_name\" content=\"MICHAEL\" \/>\n<meta property=\"article:publisher\" content=\"http:\/\/www.facebook.com\/skolamichael\" \/>\n<meta property=\"article:modified_time\" content=\"2025-01-03T15:24:35+00:00\" \/>\n<meta name=\"twitter:card\" content=\"summary_large_image\" \/>\n<script type=\"application\/ld+json\" class=\"yoast-schema-graph\">{\"@context\":\"https:\\\/\\\/schema.org\",\"@graph\":[{\"@type\":\"WebPage\",\"@id\":\"https:\\\/\\\/www.skolamichael.cz\\\/cs\\\/zajemci-o-studium\\\/pripravne-kurzy\\\/prihlaska-pro_pripravny_workshop\\\/\",\"url\":\"https:\\\/\\\/www.skolamichael.cz\\\/cs\\\/zajemci-o-studium\\\/pripravne-kurzy\\\/prihlaska-pro_pripravny_workshop\\\/\",\"name\":\"P\u0159ihl\u00e1\u0161ka pro p\u0159\u00edpravn\u00fd workshop | MICHAEL\",\"isPartOf\":{\"@id\":\"https:\\\/\\\/www.skolamichael.cz\\\/cs\\\/#website\"},\"datePublished\":\"2024-12-18T08:18:43+00:00\",\"dateModified\":\"2025-01-03T15:24:35+00:00\",\"breadcrumb\":{\"@id\":\"https:\\\/\\\/www.skolamichael.cz\\\/cs\\\/zajemci-o-studium\\\/pripravne-kurzy\\\/prihlaska-pro_pripravny_workshop\\\/#breadcrumb\"},\"inLanguage\":\"cs\",\"potentialAction\":[{\"@type\":\"ReadAction\",\"target\":[\"https:\\\/\\\/www.skolamichael.cz\\\/cs\\\/zajemci-o-studium\\\/pripravne-kurzy\\\/prihlaska-pro_pripravny_workshop\\\/\"]}]},{\"@type\":\"BreadcrumbList\",\"@id\":\"https:\\\/\\\/www.skolamichael.cz\\\/cs\\\/zajemci-o-studium\\\/pripravne-kurzy\\\/prihlaska-pro_pripravny_workshop\\\/#breadcrumb\",\"itemListElement\":[{\"@type\":\"ListItem\",\"position\":1,\"name\":\"Dom\u016f\",\"item\":\"https:\\\/\\\/www.skolamichael.cz\\\/cs\\\/\"},{\"@type\":\"ListItem\",\"position\":2,\"name\":\"Z\u00e1jemci o studium\",\"item\":\"https:\\\/\\\/www.skolamichael.cz\\\/cs\\\/zajemci-o-studium\\\/\"},{\"@type\":\"ListItem\",\"position\":3,\"name\":\"P\u0159\u00edpravn\u00e9 kurzy\",\"item\":\"https:\\\/\\\/www.skolamichael.cz\\\/cs\\\/zajemci-o-studium\\\/pripravne-kurzy\\\/\"},{\"@type\":\"ListItem\",\"position\":4,\"name\":\"P\u0159ihl\u00e1\u0161ka pro p\u0159\u00edpravn\u00fd workshop\"}]},{\"@type\":\"WebSite\",\"@id\":\"https:\\\/\\\/www.skolamichael.cz\\\/cs\\\/#website\",\"url\":\"https:\\\/\\\/www.skolamichael.cz\\\/cs\\\/\",\"name\":\"MICHAEL\",\"description\":\"St\u0159edn\u00ed \u0161kola, Gymn\u00e1zium a Vy\u0161\u0161\u00ed odborn\u00e1 \u0161kola\",\"publisher\":{\"@id\":\"https:\\\/\\\/www.skolamichael.cz\\\/cs\\\/#organization\"},\"alternateName\":\"St\u0159edn\u00ed \u0161kola, Gymn\u00e1zium a Vy\u0161\u0161\u00ed odborn\u00e1 \u0161kola\",\"potentialAction\":[{\"@type\":\"SearchAction\",\"target\":{\"@type\":\"EntryPoint\",\"urlTemplate\":\"https:\\\/\\\/www.skolamichael.cz\\\/cs\\\/?s={search_term_string}\"},\"query-input\":{\"@type\":\"PropertyValueSpecification\",\"valueRequired\":true,\"valueName\":\"search_term_string\"}}],\"inLanguage\":\"cs\"},{\"@type\":\"Organization\",\"@id\":\"https:\\\/\\\/www.skolamichael.cz\\\/cs\\\/#organization\",\"name\":\"Michael \u2013 St\u0159edn\u00ed \u0161kola, Gymn\u00e1zium a Vy\u0161\u0161\u00ed odborn\u00e1 \u0161kola, s.r.o.\",\"url\":\"https:\\\/\\\/www.skolamichael.cz\\\/cs\\\/\",\"logo\":{\"@type\":\"ImageObject\",\"inLanguage\":\"cs\",\"@id\":\"https:\\\/\\\/www.skolamichael.cz\\\/cs\\\/#\\\/schema\\\/logo\\\/image\\\/\",\"url\":\"https:\\\/\\\/www.skolamichael.cz\\\/wp-content\\\/uploads\\\/2019\\\/03\\\/logo_michael_final_ctverec1-1.jpg\",\"contentUrl\":\"https:\\\/\\\/www.skolamichael.cz\\\/wp-content\\\/uploads\\\/2019\\\/03\\\/logo_michael_final_ctverec1-1.jpg\",\"width\":400,\"height\":400,\"caption\":\"Michael \u2013 St\u0159edn\u00ed \u0161kola, Gymn\u00e1zium a Vy\u0161\u0161\u00ed odborn\u00e1 \u0161kola, s.r.o.\"},\"image\":{\"@id\":\"https:\\\/\\\/www.skolamichael.cz\\\/cs\\\/#\\\/schema\\\/logo\\\/image\\\/\"},\"sameAs\":[\"http:\\\/\\\/www.facebook.com\\\/skolamichael\",\"https:\\\/\\\/www.instagram.com\\\/skola_michael\\\/\"]}]}<\/script>\n<!-- \/ Yoast SEO plugin. -->","yoast_head_json":{"title":"P\u0159ihl\u00e1\u0161ka pro p\u0159\u00edpravn\u00fd workshop | MICHAEL","robots":{"index":"index","follow":"follow","max-snippet":"max-snippet:-1","max-image-preview":"max-image-preview:large","max-video-preview":"max-video-preview:-1"},"canonical":"https:\/\/www.skolamichael.cz\/cs\/zajemci-o-studium\/pripravne-kurzy\/prihlaska-pro_pripravny_workshop\/","og_locale":"cs_CZ","og_type":"article","og_title":"P\u0159ihl\u00e1\u0161ka pro p\u0159\u00edpravn\u00fd workshop | MICHAEL","og_description":"pro obor Management a produkce &nbsp; &nbsp;","og_url":"https:\/\/www.skolamichael.cz\/cs\/zajemci-o-studium\/pripravne-kurzy\/prihlaska-pro_pripravny_workshop\/","og_site_name":"MICHAEL","article_publisher":"http:\/\/www.facebook.com\/skolamichael","article_modified_time":"2025-01-03T15:24:35+00:00","twitter_card":"summary_large_image","schema":{"@context":"https:\/\/schema.org","@graph":[{"@type":"WebPage","@id":"https:\/\/www.skolamichael.cz\/cs\/zajemci-o-studium\/pripravne-kurzy\/prihlaska-pro_pripravny_workshop\/","url":"https:\/\/www.skolamichael.cz\/cs\/zajemci-o-studium\/pripravne-kurzy\/prihlaska-pro_pripravny_workshop\/","name":"P\u0159ihl\u00e1\u0161ka pro p\u0159\u00edpravn\u00fd workshop | MICHAEL","isPartOf":{"@id":"https:\/\/www.skolamichael.cz\/cs\/#website"},"datePublished":"2024-12-18T08:18:43+00:00","dateModified":"2025-01-03T15:24:35+00:00","breadcrumb":{"@id":"https:\/\/www.skolamichael.cz\/cs\/zajemci-o-studium\/pripravne-kurzy\/prihlaska-pro_pripravny_workshop\/#breadcrumb"},"inLanguage":"cs","potentialAction":[{"@type":"ReadAction","target":["https:\/\/www.skolamichael.cz\/cs\/zajemci-o-studium\/pripravne-kurzy\/prihlaska-pro_pripravny_workshop\/"]}]},{"@type":"BreadcrumbList","@id":"https:\/\/www.skolamichael.cz\/cs\/zajemci-o-studium\/pripravne-kurzy\/prihlaska-pro_pripravny_workshop\/#breadcrumb","itemListElement":[{"@type":"ListItem","position":1,"name":"Dom\u016f","item":"https:\/\/www.skolamichael.cz\/cs\/"},{"@type":"ListItem","position":2,"name":"Z\u00e1jemci o studium","item":"https:\/\/www.skolamichael.cz\/cs\/zajemci-o-studium\/"},{"@type":"ListItem","position":3,"name":"P\u0159\u00edpravn\u00e9 kurzy","item":"https:\/\/www.skolamichael.cz\/cs\/zajemci-o-studium\/pripravne-kurzy\/"},{"@type":"ListItem","position":4,"name":"P\u0159ihl\u00e1\u0161ka pro p\u0159\u00edpravn\u00fd workshop"}]},{"@type":"WebSite","@id":"https:\/\/www.skolamichael.cz\/cs\/#website","url":"https:\/\/www.skolamichael.cz\/cs\/","name":"MICHAEL","description":"St\u0159edn\u00ed \u0161kola, Gymn\u00e1zium a Vy\u0161\u0161\u00ed odborn\u00e1 \u0161kola","publisher":{"@id":"https:\/\/www.skolamichael.cz\/cs\/#organization"},"alternateName":"St\u0159edn\u00ed \u0161kola, Gymn\u00e1zium a Vy\u0161\u0161\u00ed odborn\u00e1 \u0161kola","potentialAction":[{"@type":"SearchAction","target":{"@type":"EntryPoint","urlTemplate":"https:\/\/www.skolamichael.cz\/cs\/?s={search_term_string}"},"query-input":{"@type":"PropertyValueSpecification","valueRequired":true,"valueName":"search_term_string"}}],"inLanguage":"cs"},{"@type":"Organization","@id":"https:\/\/www.skolamichael.cz\/cs\/#organization","name":"Michael \u2013 St\u0159edn\u00ed \u0161kola, Gymn\u00e1zium a Vy\u0161\u0161\u00ed odborn\u00e1 \u0161kola, s.r.o.","url":"https:\/\/www.skolamichael.cz\/cs\/","logo":{"@type":"ImageObject","inLanguage":"cs","@id":"https:\/\/www.skolamichael.cz\/cs\/#\/schema\/logo\/image\/","url":"https:\/\/www.skolamichael.cz\/wp-content\/uploads\/2019\/03\/logo_michael_final_ctverec1-1.jpg","contentUrl":"https:\/\/www.skolamichael.cz\/wp-content\/uploads\/2019\/03\/logo_michael_final_ctverec1-1.jpg","width":400,"height":400,"caption":"Michael \u2013 St\u0159edn\u00ed \u0161kola, Gymn\u00e1zium a Vy\u0161\u0161\u00ed odborn\u00e1 \u0161kola, s.r.o."},"image":{"@id":"https:\/\/www.skolamichael.cz\/cs\/#\/schema\/logo\/image\/"},"sameAs":["http:\/\/www.facebook.com\/skolamichael","https:\/\/www.instagram.com\/skola_michael\/"]}]}},"_links":{"self":[{"href":"https:\/\/www.skolamichael.cz\/cs\/wp-json\/wp\/v2\/pages\/15741","targetHints":{"allow":["GET"]}}],"collection":[{"href":"https:\/\/www.skolamichael.cz\/cs\/wp-json\/wp\/v2\/pages"}],"about":[{"href":"https:\/\/www.skolamichael.cz\/cs\/wp-json\/wp\/v2\/types\/page"}],"author":[{"embeddable":true,"href":"https:\/\/www.skolamichael.cz\/cs\/wp-json\/wp\/v2\/users\/4"}],"replies":[{"embeddable":true,"href":"https:\/\/www.skolamichael.cz\/cs\/wp-json\/wp\/v2\/comments?post=15741"}],"version-history":[{"count":6,"href":"https:\/\/www.skolamichael.cz\/cs\/wp-json\/wp\/v2\/pages\/15741\/revisions"}],"predecessor-version":[{"id":16222,"href":"https:\/\/www.skolamichael.cz\/cs\/wp-json\/wp\/v2\/pages\/15741\/revisions\/16222"}],"up":[{"embeddable":true,"href":"https:\/\/www.skolamichael.cz\/cs\/wp-json\/wp\/v2\/pages\/166"}],"wp:attachment":[{"href":"https:\/\/www.skolamichael.cz\/cs\/wp-json\/wp\/v2\/media?parent=15741"}],"curies":[{"name":"wp","href":"https:\/\/api.w.org\/{rel}","templated":true}]}}