{"id":16399,"date":"2025-01-09T12:21:03","date_gmt":"2025-01-09T11:21:03","guid":{"rendered":"https:\/\/www.skolamichael.cz\/?page_id=16399"},"modified":"2025-01-09T12:21:03","modified_gmt":"2025-01-09T11:21:03","slug":"erasmus-ka121-slovensko-2","status":"publish","type":"page","link":"https:\/\/www.skolamichael.cz\/cs\/projekty\/erasmus-ka-121\/erasmus-ka121-slovensko-2\/","title":{"rendered":"ERASMUS+ KA121 \u2013 Slovensko"},"content":{"rendered":"<p>Na konci \u0161koln\u00edho roku dostali studenti prvn\u00edho ro\u010dn\u00edku oboru Filmov\u00e1 tvorba a oboru Fotografie a nov\u00e1 m\u00e9dia mo\u017enost nav\u0161t\u00edvit partnerskou \u0161kolu v Ko\u0161ic\u00edch. Z Ko\u0161ic se pak p\u0159esunuli do Tater, kde se v\u011bnovali p\u0159ev\u00e1\u017en\u011b krajin\u00e1\u0159sk\u00e9 a dokument\u00e1rn\u00ed tvorb\u011b. St\u00e1\u017e se konala 18. 6. &#8211; 28. 6. 2023<\/p>\n<p>S\u00fakromn\u00e1 \u0161kola umeleck\u00e9ho priemyslu filmov\u00e1 je na\u0161\u00edm dlouholet\u00fdm partnerem, s jej\u00edmi\u017e peda-gogy si pravideln\u011b vym\u011b\u0148ujeme zku\u0161enosti a diskutujeme o novink\u00e1ch v oboru. Na\u0161im student\u016fm p\u0159ipravili letos intenzivn\u00ed program, zahrnuj\u00edc\u00ed pr\u00e1ci ve filmov\u00e9m studiu, z\u00e1klady st\u0159ihu i \u017eiv\u00e9ho vys\u00ed-l\u00e1n\u00ed. Studenty zaujal i Mobilfest, festival film\u016f nat\u00e1\u010den\u00fdch na mobil, kter\u00fd ko\u0161ick\u00e1 \u0161kola ka\u017edoro\u010dn\u011b po\u0159\u00e1d\u00e1. V dob\u011b na\u0161eho pobytu prob\u00edhal v Ko\u0161ic\u00edch filmov\u00fd festival Art film fest, kter\u00fd jsme si samo-z\u0159ejm\u011b nenechali uj\u00edt.<\/p>\n<p>Studenti b\u011bhem pobytu pracovali na fotografick\u00fdch a filma\u0159sk\u00fdch zad\u00e1n\u00edch. Materi\u00e1l \u2014 denn\u00ed pr\u00e1ce \u2014 ka\u017ed\u00e9 odpoledne konzultovali s pedagogy a spolu\u017e\u00e1ky. V\u00fdstupy potom po n\u00e1vratu tra-di\u010dn\u011b prezentovali sv\u00fdm koleg\u016fm a u\u010ditel\u016fm na \u0161koln\u00ed konferenci. Leto\u0161n\u00ed zad\u00e1n\u00ed byla:<\/p>\n<p>1. Report\u00e1\u017e z cesty (fotografick\u00e1 nebo filmov\u00e1, dle zam\u011b\u0159en\u00ed). C\u00edlem bylo pokr\u00fdt v\u0161echny d\u016fle\u017eit\u00e9 z\u00e1\u017eitky, n\u00e1v\u0161t\u011bvu \u0161koly v Ko\u0161ic\u00edch, n\u00e1v\u0161t\u011bvu televizn\u00edho studia, v\u00fdlet na \u0160trbsk\u00e9 pleso apod.<\/p>\n<p>2. Slovensko (Tatry, Ko\u0161ice) &#8211; Ucelen\u00fd soubor dokument\u00e1rn\u00edch anebo v\u00fdtvarn\u00fdch krajin\u00e1\u0159sk\u00fdch fo-tografi\u00ed, kter\u00fd p\u0159edstavuje m\u011bsto Ko\u0161ice a Tatry.<\/p>\n<p>Pr\u00e1ce na report\u00e1\u017ei za\u010dala ji\u017e na Hlavn\u00edm n\u00e1dra\u017e\u00ed v Praze. Studenti dokumentovali spole\u010dnou cestu vlakem, prvn\u00ed dojmy z Ko\u0161ic, spole\u010dn\u00e9 nakupov\u00e1n\u00ed a p\u0159\u00edpravu sn\u00eddan\u011b, \u017eivot ve m\u011bst\u011b, ale tak\u00e9 ve \u0161kole, cestu do Popradu a t\u00faru v Tatr\u00e1ch. Pro v\u011bt\u0161inu pra\u017esk\u00fdch student\u016f nejsou Ko\u0161ice typickou destinac\u00ed, kam jezd\u00ed na dovolenou, byly pro n\u011b proto mil\u00fdm a velmi inspirativn\u00edm p\u0159ekvapen\u00edm. Nav\u0161t\u00edvili gotickou katedr\u00e1lu svat\u00e9 Al\u017eb\u011bty \u2014 nejv\u011bt\u0161\u00ed kostel na Slovensku, ale i kulturn\u00ed centrum Taba\u010dka v b\u00fdval\u00e9 tab\u00e1kov\u00e9 fabrice, kde se konaj\u00ed v\u00fdstavy a prezentace sou\u010dasn\u00fdch um\u011blc\u016f. V Tatr\u00e1ch pak m\u011bli mo\u017enost krom\u011b p\u0159\u00edrody fotografovat a nat\u00e1\u010det i \u017eivot m\u00edstn\u00ed vesnice.<\/p>\n<p>Studenti, kte\u0159\u00ed se v\u011bnuj\u00ed krajin\u00e1\u0159sk\u00e9 fotografii, dostali velkou p\u0159\u00edle\u017eitost pr\u00e1v\u011b v Tatr\u00e1ch. Krajin\u00e1\u0159sk\u00e1 fotografie znamen\u00e1 brzk\u00e9 rann\u00ed vst\u00e1v\u00e1n\u00ed, kilometry ch\u016fze s fotografickou technikou na z\u00e1dech, \u010dek\u00e1n\u00ed na spr\u00e1vn\u00e9 sv\u011btlo a n\u011bkdy i zklam\u00e1n\u00ed z ne\u010dekan\u011b zata\u017een\u00e9 oblohy. Za neb\u00fdvalou trp\u011blivost byli fotografov\u00e9 nakonec odm\u011bn\u011bni, odvezli si kr\u00e1sn\u00e9 krajin\u00e1\u0159sk\u00e9 fotografie a nejlep\u0161\u00ed sn\u00edmky se p\u0159\u00ed\u0161t\u00ed rok snad dostanou i do \u0161koln\u00edho kalend\u00e1\u0159e<\/p>\n","protected":false},"excerpt":{"rendered":"<p>Na konci \u0161koln\u00edho roku dostali studenti prvn\u00edho ro\u010dn\u00edku oboru Filmov\u00e1 tvorba a oboru Fotografie a nov\u00e1 m\u00e9dia mo\u017enost nav\u0161t\u00edvit partnerskou \u0161kolu v Ko\u0161ic\u00edch. Z Ko\u0161ic se pak p\u0159esunuli do Tater, kde se v\u011bnovali p\u0159ev\u00e1\u017en\u011b krajin\u00e1\u0159sk\u00e9 a dokument\u00e1rn\u00ed tvorb\u011b. St\u00e1\u017e se konala 18. 6. &#8211; 28. 6. 2023 S\u00fakromn\u00e1 \u0161kola umeleck\u00e9ho priemyslu filmov\u00e1 je na\u0161\u00edm dlouholet\u00fdm [&hellip;]<\/p>\n","protected":false},"author":19,"featured_media":0,"parent":13946,"menu_order":0,"comment_status":"closed","ping_status":"closed","template":"","meta":{"_acf_changed":false,"footnotes":""},"class_list":["post-16399","page","type-page","status-publish","hentry"],"acf":[],"yoast_head":"<!-- This site is optimized with the Yoast SEO plugin v27.1.1 - https:\/\/yoast.com\/product\/yoast-seo-wordpress\/ -->\n<title>ERASMUS+ KA121 \u2013 Slovensko | MICHAEL<\/title>\n<meta name=\"robots\" content=\"index, follow, max-snippet:-1, max-image-preview:large, max-video-preview:-1\" \/>\n<link rel=\"canonical\" href=\"https:\/\/www.skolamichael.cz\/cs\/projekty\/erasmus-ka-121\/erasmus-ka121-slovensko-2\/\" \/>\n<meta property=\"og:locale\" content=\"cs_CZ\" \/>\n<meta property=\"og:type\" content=\"article\" \/>\n<meta property=\"og:title\" content=\"ERASMUS+ KA121 \u2013 Slovensko | MICHAEL\" \/>\n<meta property=\"og:description\" content=\"Na konci \u0161koln\u00edho roku dostali studenti prvn\u00edho ro\u010dn\u00edku oboru Filmov\u00e1 tvorba a oboru Fotografie a nov\u00e1 m\u00e9dia mo\u017enost nav\u0161t\u00edvit partnerskou \u0161kolu v Ko\u0161ic\u00edch. Z Ko\u0161ic se pak p\u0159esunuli do Tater, kde se v\u011bnovali p\u0159ev\u00e1\u017en\u011b krajin\u00e1\u0159sk\u00e9 a dokument\u00e1rn\u00ed tvorb\u011b. St\u00e1\u017e se konala 18. 6. &#8211; 28. 6. 2023 S\u00fakromn\u00e1 \u0161kola umeleck\u00e9ho priemyslu filmov\u00e1 je na\u0161\u00edm dlouholet\u00fdm [&hellip;]\" \/>\n<meta property=\"og:url\" content=\"https:\/\/www.skolamichael.cz\/cs\/projekty\/erasmus-ka-121\/erasmus-ka121-slovensko-2\/\" \/>\n<meta property=\"og:site_name\" content=\"MICHAEL\" \/>\n<meta property=\"article:publisher\" content=\"http:\/\/www.facebook.com\/skolamichael\" \/>\n<meta name=\"twitter:card\" content=\"summary_large_image\" \/>\n<meta name=\"twitter:label1\" content=\"Odhadovan\u00e1 doba \u010dten\u00ed\" \/>\n\t<meta name=\"twitter:data1\" content=\"3 minuty\" \/>\n<script type=\"application\/ld+json\" class=\"yoast-schema-graph\">{\"@context\":\"https:\/\/schema.org\",\"@graph\":[{\"@type\":\"WebPage\",\"@id\":\"https:\/\/www.skolamichael.cz\/cs\/projekty\/erasmus-ka-121\/erasmus-ka121-slovensko-2\/\",\"url\":\"https:\/\/www.skolamichael.cz\/cs\/projekty\/erasmus-ka-121\/erasmus-ka121-slovensko-2\/\",\"name\":\"ERASMUS+ KA121 \u2013 Slovensko | MICHAEL\",\"isPartOf\":{\"@id\":\"https:\/\/www.skolamichael.cz\/cs\/#website\"},\"datePublished\":\"2025-01-09T11:21:03+00:00\",\"breadcrumb\":{\"@id\":\"https:\/\/www.skolamichael.cz\/cs\/projekty\/erasmus-ka-121\/erasmus-ka121-slovensko-2\/#breadcrumb\"},\"inLanguage\":\"cs\",\"potentialAction\":[{\"@type\":\"ReadAction\",\"target\":[\"https:\/\/www.skolamichael.cz\/cs\/projekty\/erasmus-ka-121\/erasmus-ka121-slovensko-2\/\"]}]},{\"@type\":\"BreadcrumbList\",\"@id\":\"https:\/\/www.skolamichael.cz\/cs\/projekty\/erasmus-ka-121\/erasmus-ka121-slovensko-2\/#breadcrumb\",\"itemListElement\":[{\"@type\":\"ListItem\",\"position\":1,\"name\":\"Dom\u016f\",\"item\":\"https:\/\/www.skolamichael.cz\/cs\/\"},{\"@type\":\"ListItem\",\"position\":2,\"name\":\"Projekty a st\u00e1\u017ee\",\"item\":\"https:\/\/www.skolamichael.cz\/cs\/projekty\/\"},{\"@type\":\"ListItem\",\"position\":3,\"name\":\"ERASMUS+ KA 121\",\"item\":\"https:\/\/www.skolamichael.cz\/cs\/projekty\/erasmus-ka-121\/\"},{\"@type\":\"ListItem\",\"position\":4,\"name\":\"ERASMUS+ KA121 \u2013 Slovensko\"}]},{\"@type\":\"WebSite\",\"@id\":\"https:\/\/www.skolamichael.cz\/cs\/#website\",\"url\":\"https:\/\/www.skolamichael.cz\/cs\/\",\"name\":\"MICHAEL\",\"description\":\"St\u0159edn\u00ed \u0161kola, Gymn\u00e1zium a Vy\u0161\u0161\u00ed odborn\u00e1 \u0161kola\",\"publisher\":{\"@id\":\"https:\/\/www.skolamichael.cz\/cs\/#organization\"},\"alternateName\":\"St\u0159edn\u00ed \u0161kola, Gymn\u00e1zium a Vy\u0161\u0161\u00ed odborn\u00e1 \u0161kola\",\"potentialAction\":[{\"@type\":\"SearchAction\",\"target\":{\"@type\":\"EntryPoint\",\"urlTemplate\":\"https:\/\/www.skolamichael.cz\/cs\/?s={search_term_string}\"},\"query-input\":{\"@type\":\"PropertyValueSpecification\",\"valueRequired\":true,\"valueName\":\"search_term_string\"}}],\"inLanguage\":\"cs\"},{\"@type\":\"Organization\",\"@id\":\"https:\/\/www.skolamichael.cz\/cs\/#organization\",\"name\":\"Michael \u2013 St\u0159edn\u00ed \u0161kola, Gymn\u00e1zium a Vy\u0161\u0161\u00ed odborn\u00e1 \u0161kola, s.r.o.\",\"url\":\"https:\/\/www.skolamichael.cz\/cs\/\",\"logo\":{\"@type\":\"ImageObject\",\"inLanguage\":\"cs\",\"@id\":\"https:\/\/www.skolamichael.cz\/cs\/#\/schema\/logo\/image\/\",\"url\":\"https:\/\/www.skolamichael.cz\/wp-content\/uploads\/2019\/03\/logo_michael_final_ctverec1-1.jpg\",\"contentUrl\":\"https:\/\/www.skolamichael.cz\/wp-content\/uploads\/2019\/03\/logo_michael_final_ctverec1-1.jpg\",\"width\":400,\"height\":400,\"caption\":\"Michael \u2013 St\u0159edn\u00ed \u0161kola, Gymn\u00e1zium a Vy\u0161\u0161\u00ed odborn\u00e1 \u0161kola, s.r.o.\"},\"image\":{\"@id\":\"https:\/\/www.skolamichael.cz\/cs\/#\/schema\/logo\/image\/\"},\"sameAs\":[\"http:\/\/www.facebook.com\/skolamichael\",\"https:\/\/www.instagram.com\/skola_michael\/\"]}]}<\/script>\n<!-- \/ Yoast SEO plugin. -->","yoast_head_json":{"title":"ERASMUS+ KA121 \u2013 Slovensko | MICHAEL","robots":{"index":"index","follow":"follow","max-snippet":"max-snippet:-1","max-image-preview":"max-image-preview:large","max-video-preview":"max-video-preview:-1"},"canonical":"https:\/\/www.skolamichael.cz\/cs\/projekty\/erasmus-ka-121\/erasmus-ka121-slovensko-2\/","og_locale":"cs_CZ","og_type":"article","og_title":"ERASMUS+ KA121 \u2013 Slovensko | MICHAEL","og_description":"Na konci \u0161koln\u00edho roku dostali studenti prvn\u00edho ro\u010dn\u00edku oboru Filmov\u00e1 tvorba a oboru Fotografie a nov\u00e1 m\u00e9dia mo\u017enost nav\u0161t\u00edvit partnerskou \u0161kolu v Ko\u0161ic\u00edch. Z Ko\u0161ic se pak p\u0159esunuli do Tater, kde se v\u011bnovali p\u0159ev\u00e1\u017en\u011b krajin\u00e1\u0159sk\u00e9 a dokument\u00e1rn\u00ed tvorb\u011b. St\u00e1\u017e se konala 18. 6. &#8211; 28. 6. 2023 S\u00fakromn\u00e1 \u0161kola umeleck\u00e9ho priemyslu filmov\u00e1 je na\u0161\u00edm dlouholet\u00fdm [&hellip;]","og_url":"https:\/\/www.skolamichael.cz\/cs\/projekty\/erasmus-ka-121\/erasmus-ka121-slovensko-2\/","og_site_name":"MICHAEL","article_publisher":"http:\/\/www.facebook.com\/skolamichael","twitter_card":"summary_large_image","twitter_misc":{"Odhadovan\u00e1 doba \u010dten\u00ed":"3 minuty"},"schema":{"@context":"https:\/\/schema.org","@graph":[{"@type":"WebPage","@id":"https:\/\/www.skolamichael.cz\/cs\/projekty\/erasmus-ka-121\/erasmus-ka121-slovensko-2\/","url":"https:\/\/www.skolamichael.cz\/cs\/projekty\/erasmus-ka-121\/erasmus-ka121-slovensko-2\/","name":"ERASMUS+ KA121 \u2013 Slovensko | MICHAEL","isPartOf":{"@id":"https:\/\/www.skolamichael.cz\/cs\/#website"},"datePublished":"2025-01-09T11:21:03+00:00","breadcrumb":{"@id":"https:\/\/www.skolamichael.cz\/cs\/projekty\/erasmus-ka-121\/erasmus-ka121-slovensko-2\/#breadcrumb"},"inLanguage":"cs","potentialAction":[{"@type":"ReadAction","target":["https:\/\/www.skolamichael.cz\/cs\/projekty\/erasmus-ka-121\/erasmus-ka121-slovensko-2\/"]}]},{"@type":"BreadcrumbList","@id":"https:\/\/www.skolamichael.cz\/cs\/projekty\/erasmus-ka-121\/erasmus-ka121-slovensko-2\/#breadcrumb","itemListElement":[{"@type":"ListItem","position":1,"name":"Dom\u016f","item":"https:\/\/www.skolamichael.cz\/cs\/"},{"@type":"ListItem","position":2,"name":"Projekty a st\u00e1\u017ee","item":"https:\/\/www.skolamichael.cz\/cs\/projekty\/"},{"@type":"ListItem","position":3,"name":"ERASMUS+ KA 121","item":"https:\/\/www.skolamichael.cz\/cs\/projekty\/erasmus-ka-121\/"},{"@type":"ListItem","position":4,"name":"ERASMUS+ KA121 \u2013 Slovensko"}]},{"@type":"WebSite","@id":"https:\/\/www.skolamichael.cz\/cs\/#website","url":"https:\/\/www.skolamichael.cz\/cs\/","name":"MICHAEL","description":"St\u0159edn\u00ed \u0161kola, Gymn\u00e1zium a Vy\u0161\u0161\u00ed odborn\u00e1 \u0161kola","publisher":{"@id":"https:\/\/www.skolamichael.cz\/cs\/#organization"},"alternateName":"St\u0159edn\u00ed \u0161kola, Gymn\u00e1zium a Vy\u0161\u0161\u00ed odborn\u00e1 \u0161kola","potentialAction":[{"@type":"SearchAction","target":{"@type":"EntryPoint","urlTemplate":"https:\/\/www.skolamichael.cz\/cs\/?s={search_term_string}"},"query-input":{"@type":"PropertyValueSpecification","valueRequired":true,"valueName":"search_term_string"}}],"inLanguage":"cs"},{"@type":"Organization","@id":"https:\/\/www.skolamichael.cz\/cs\/#organization","name":"Michael \u2013 St\u0159edn\u00ed \u0161kola, Gymn\u00e1zium a Vy\u0161\u0161\u00ed odborn\u00e1 \u0161kola, s.r.o.","url":"https:\/\/www.skolamichael.cz\/cs\/","logo":{"@type":"ImageObject","inLanguage":"cs","@id":"https:\/\/www.skolamichael.cz\/cs\/#\/schema\/logo\/image\/","url":"https:\/\/www.skolamichael.cz\/wp-content\/uploads\/2019\/03\/logo_michael_final_ctverec1-1.jpg","contentUrl":"https:\/\/www.skolamichael.cz\/wp-content\/uploads\/2019\/03\/logo_michael_final_ctverec1-1.jpg","width":400,"height":400,"caption":"Michael \u2013 St\u0159edn\u00ed \u0161kola, Gymn\u00e1zium a Vy\u0161\u0161\u00ed odborn\u00e1 \u0161kola, s.r.o."},"image":{"@id":"https:\/\/www.skolamichael.cz\/cs\/#\/schema\/logo\/image\/"},"sameAs":["http:\/\/www.facebook.com\/skolamichael","https:\/\/www.instagram.com\/skola_michael\/"]}]}},"_links":{"self":[{"href":"https:\/\/www.skolamichael.cz\/cs\/wp-json\/wp\/v2\/pages\/16399","targetHints":{"allow":["GET"]}}],"collection":[{"href":"https:\/\/www.skolamichael.cz\/cs\/wp-json\/wp\/v2\/pages"}],"about":[{"href":"https:\/\/www.skolamichael.cz\/cs\/wp-json\/wp\/v2\/types\/page"}],"author":[{"embeddable":true,"href":"https:\/\/www.skolamichael.cz\/cs\/wp-json\/wp\/v2\/users\/19"}],"replies":[{"embeddable":true,"href":"https:\/\/www.skolamichael.cz\/cs\/wp-json\/wp\/v2\/comments?post=16399"}],"version-history":[{"count":1,"href":"https:\/\/www.skolamichael.cz\/cs\/wp-json\/wp\/v2\/pages\/16399\/revisions"}],"predecessor-version":[{"id":16400,"href":"https:\/\/www.skolamichael.cz\/cs\/wp-json\/wp\/v2\/pages\/16399\/revisions\/16400"}],"up":[{"embeddable":true,"href":"https:\/\/www.skolamichael.cz\/cs\/wp-json\/wp\/v2\/pages\/13946"}],"wp:attachment":[{"href":"https:\/\/www.skolamichael.cz\/cs\/wp-json\/wp\/v2\/media?parent=16399"}],"curies":[{"name":"wp","href":"https:\/\/api.w.org\/{rel}","templated":true}]}}