{"id":164,"date":"2018-09-11T14:42:05","date_gmt":"2018-09-11T12:42:05","guid":{"rendered":"https:\/\/www.skolamichael.cz\/?page_id=164"},"modified":"2026-04-28T11:55:08","modified_gmt":"2026-04-28T09:55:08","slug":"dny-otevrenych-dveri","status":"publish","type":"page","link":"https:\/\/www.skolamichael.cz\/cs\/zajemci-o-studium\/dny-otevrenych-dveri\/","title":{"rendered":"Dny otev\u0159en\u00fdch dve\u0159\u00ed"},"content":{"rendered":"<p>Na dnech otev\u0159en\u00fdch dve\u0159\u00ed se sna\u017e\u00edme co nejpodrobn\u011bji p\u0159edstavit na\u0161i \u0161kolu a v\u0161echny studijn\u00ed obory, v\u010d. d\u00e1lkov\u00e9ho studia. P\u0159ij\u010fte se pod\u00edvat do na\u0161ich nadstandardn\u011b vybaven\u00fdch fotografick\u00fdch, grafick\u00fdch a filmov\u00fdch ateli\u00e9r\u016f, m\u016f\u017eete nahl\u00e9dnout do fotokomory, kina, st\u0159ihov\u00fdch a zvukov\u00fdch studi\u00ed nebo po\u010d\u00edta\u010dov\u00fdch u\u010deben PC i MAC. Vedouc\u00edch obor\u016f a student\u016f se m\u016f\u017eete zeptat na cokoliv, co V\u00e1s ohledn\u011b studia a dan\u00e9ho oboru zaj\u00edm\u00e1. Tak\u00e9 veden\u00ed \u0161koly se studijn\u00edm odd\u011blen\u00edm je p\u0159ipraveno zodpov\u011bd\u011bt ve\u0161ker\u00e9 Va\u0161e dotazy, co se chodu \u0161koly t\u00fd\u010de.<\/p>\n<p>Nav\u0161tivte n\u00e1s! M\u00e1te jedine\u010dnou p\u0159\u00edle\u017eitost ujistit se, \u017ee \u0161kola Michael je opravdu tou spr\u00e1vnou volbou.<\/p>\n<h3><strong>Dny otev\u0159en\u00fdch dve\u0159\u00ed ve \u0161koln\u00edm roce 2026\/2027 &#8211; <span data-olk-copy-source=\"MessageBody\"> term\u00edny budou k\u00a0dispozici b\u011bhem z\u00e1\u0159\u00ed 2026<\/span><\/strong><\/h3>\n<p><span data-olk-copy-source=\"MessageBody\"> DOD prob\u00edhaj\u00ed v\u017edy od 15.00\u00a0 do 17.00hod.<\/span><\/p>\n","protected":false},"excerpt":{"rendered":"<p>Na dnech otev\u0159en\u00fdch dve\u0159\u00ed se sna\u017e\u00edme co nejpodrobn\u011bji p\u0159edstavit na\u0161i \u0161kolu a v\u0161echny studijn\u00ed obory, v\u010d. d\u00e1lkov\u00e9ho studia. P\u0159ij\u010fte se pod\u00edvat do na\u0161ich nadstandardn\u011b vybaven\u00fdch fotografick\u00fdch, grafick\u00fdch a filmov\u00fdch ateli\u00e9r\u016f, m\u016f\u017eete nahl\u00e9dnout do fotokomory, kina, st\u0159ihov\u00fdch a zvukov\u00fdch studi\u00ed nebo po\u010d\u00edta\u010dov\u00fdch u\u010deben PC i MAC. Vedouc\u00edch obor\u016f a student\u016f se m\u016f\u017eete zeptat na cokoliv, co [&hellip;]<\/p>\n","protected":false},"author":16,"featured_media":0,"parent":22,"menu_order":20,"comment_status":"closed","ping_status":"closed","template":"","meta":{"_acf_changed":false,"footnotes":""},"class_list":["post-164","page","type-page","status-publish","hentry"],"acf":[],"yoast_head":"<!-- This site is optimized with the Yoast SEO plugin v27.4 - https:\/\/yoast.com\/product\/yoast-seo-wordpress\/ -->\n<title>Dny otev\u0159en\u00fdch dve\u0159\u00ed | MICHAEL<\/title>\n<meta name=\"robots\" content=\"index, follow, max-snippet:-1, max-image-preview:large, max-video-preview:-1\" \/>\n<link rel=\"canonical\" href=\"https:\/\/www.skolamichael.cz\/cs\/zajemci-o-studium\/dny-otevrenych-dveri\/\" \/>\n<meta property=\"og:locale\" content=\"cs_CZ\" \/>\n<meta property=\"og:type\" content=\"article\" \/>\n<meta property=\"og:title\" content=\"Dny otev\u0159en\u00fdch dve\u0159\u00ed | MICHAEL\" \/>\n<meta property=\"og:description\" content=\"Na dnech otev\u0159en\u00fdch dve\u0159\u00ed se sna\u017e\u00edme co nejpodrobn\u011bji p\u0159edstavit na\u0161i \u0161kolu a v\u0161echny studijn\u00ed obory, v\u010d. d\u00e1lkov\u00e9ho studia. P\u0159ij\u010fte se pod\u00edvat do na\u0161ich nadstandardn\u011b vybaven\u00fdch fotografick\u00fdch, grafick\u00fdch a filmov\u00fdch ateli\u00e9r\u016f, m\u016f\u017eete nahl\u00e9dnout do fotokomory, kina, st\u0159ihov\u00fdch a zvukov\u00fdch studi\u00ed nebo po\u010d\u00edta\u010dov\u00fdch u\u010deben PC i MAC. Vedouc\u00edch obor\u016f a student\u016f se m\u016f\u017eete zeptat na cokoliv, co [&hellip;]\" \/>\n<meta property=\"og:url\" content=\"https:\/\/www.skolamichael.cz\/cs\/zajemci-o-studium\/dny-otevrenych-dveri\/\" \/>\n<meta property=\"og:site_name\" content=\"MICHAEL\" \/>\n<meta property=\"article:publisher\" content=\"http:\/\/www.facebook.com\/skolamichael\" \/>\n<meta property=\"article:modified_time\" content=\"2026-04-28T09:55:08+00:00\" \/>\n<meta name=\"twitter:card\" content=\"summary_large_image\" \/>\n<meta name=\"twitter:label1\" content=\"Odhadovan\u00e1 doba \u010dten\u00ed\" \/>\n\t<meta name=\"twitter:data1\" content=\"1 minuta\" \/>\n<script type=\"application\/ld+json\" class=\"yoast-schema-graph\">{\"@context\":\"https:\\\/\\\/schema.org\",\"@graph\":[{\"@type\":\"WebPage\",\"@id\":\"https:\\\/\\\/www.skolamichael.cz\\\/cs\\\/zajemci-o-studium\\\/dny-otevrenych-dveri\\\/\",\"url\":\"https:\\\/\\\/www.skolamichael.cz\\\/cs\\\/zajemci-o-studium\\\/dny-otevrenych-dveri\\\/\",\"name\":\"Dny otev\u0159en\u00fdch dve\u0159\u00ed | MICHAEL\",\"isPartOf\":{\"@id\":\"https:\\\/\\\/www.skolamichael.cz\\\/cs\\\/#website\"},\"datePublished\":\"2018-09-11T12:42:05+00:00\",\"dateModified\":\"2026-04-28T09:55:08+00:00\",\"breadcrumb\":{\"@id\":\"https:\\\/\\\/www.skolamichael.cz\\\/cs\\\/zajemci-o-studium\\\/dny-otevrenych-dveri\\\/#breadcrumb\"},\"inLanguage\":\"cs\",\"potentialAction\":[{\"@type\":\"ReadAction\",\"target\":[\"https:\\\/\\\/www.skolamichael.cz\\\/cs\\\/zajemci-o-studium\\\/dny-otevrenych-dveri\\\/\"]}]},{\"@type\":\"BreadcrumbList\",\"@id\":\"https:\\\/\\\/www.skolamichael.cz\\\/cs\\\/zajemci-o-studium\\\/dny-otevrenych-dveri\\\/#breadcrumb\",\"itemListElement\":[{\"@type\":\"ListItem\",\"position\":1,\"name\":\"Dom\u016f\",\"item\":\"https:\\\/\\\/www.skolamichael.cz\\\/cs\\\/\"},{\"@type\":\"ListItem\",\"position\":2,\"name\":\"Z\u00e1jemci o studium\",\"item\":\"https:\\\/\\\/www.skolamichael.cz\\\/cs\\\/zajemci-o-studium\\\/\"},{\"@type\":\"ListItem\",\"position\":3,\"name\":\"Dny otev\u0159en\u00fdch dve\u0159\u00ed\"}]},{\"@type\":\"WebSite\",\"@id\":\"https:\\\/\\\/www.skolamichael.cz\\\/cs\\\/#website\",\"url\":\"https:\\\/\\\/www.skolamichael.cz\\\/cs\\\/\",\"name\":\"MICHAEL\",\"description\":\"St\u0159edn\u00ed \u0161kola, Gymn\u00e1zium a Vy\u0161\u0161\u00ed odborn\u00e1 \u0161kola\",\"publisher\":{\"@id\":\"https:\\\/\\\/www.skolamichael.cz\\\/cs\\\/#organization\"},\"alternateName\":\"St\u0159edn\u00ed \u0161kola, Gymn\u00e1zium a Vy\u0161\u0161\u00ed odborn\u00e1 \u0161kola\",\"potentialAction\":[{\"@type\":\"SearchAction\",\"target\":{\"@type\":\"EntryPoint\",\"urlTemplate\":\"https:\\\/\\\/www.skolamichael.cz\\\/cs\\\/?s={search_term_string}\"},\"query-input\":{\"@type\":\"PropertyValueSpecification\",\"valueRequired\":true,\"valueName\":\"search_term_string\"}}],\"inLanguage\":\"cs\"},{\"@type\":\"Organization\",\"@id\":\"https:\\\/\\\/www.skolamichael.cz\\\/cs\\\/#organization\",\"name\":\"Michael \u2013 St\u0159edn\u00ed \u0161kola, Gymn\u00e1zium a Vy\u0161\u0161\u00ed odborn\u00e1 \u0161kola, s.r.o.\",\"url\":\"https:\\\/\\\/www.skolamichael.cz\\\/cs\\\/\",\"logo\":{\"@type\":\"ImageObject\",\"inLanguage\":\"cs\",\"@id\":\"https:\\\/\\\/www.skolamichael.cz\\\/cs\\\/#\\\/schema\\\/logo\\\/image\\\/\",\"url\":\"https:\\\/\\\/www.skolamichael.cz\\\/wp-content\\\/uploads\\\/2019\\\/03\\\/logo_michael_final_ctverec1-1.jpg\",\"contentUrl\":\"https:\\\/\\\/www.skolamichael.cz\\\/wp-content\\\/uploads\\\/2019\\\/03\\\/logo_michael_final_ctverec1-1.jpg\",\"width\":400,\"height\":400,\"caption\":\"Michael \u2013 St\u0159edn\u00ed \u0161kola, Gymn\u00e1zium a Vy\u0161\u0161\u00ed odborn\u00e1 \u0161kola, s.r.o.\"},\"image\":{\"@id\":\"https:\\\/\\\/www.skolamichael.cz\\\/cs\\\/#\\\/schema\\\/logo\\\/image\\\/\"},\"sameAs\":[\"http:\\\/\\\/www.facebook.com\\\/skolamichael\",\"https:\\\/\\\/www.instagram.com\\\/skola_michael\\\/\"]}]}<\/script>\n<!-- \/ Yoast SEO plugin. -->","yoast_head_json":{"title":"Dny otev\u0159en\u00fdch dve\u0159\u00ed | MICHAEL","robots":{"index":"index","follow":"follow","max-snippet":"max-snippet:-1","max-image-preview":"max-image-preview:large","max-video-preview":"max-video-preview:-1"},"canonical":"https:\/\/www.skolamichael.cz\/cs\/zajemci-o-studium\/dny-otevrenych-dveri\/","og_locale":"cs_CZ","og_type":"article","og_title":"Dny otev\u0159en\u00fdch dve\u0159\u00ed | MICHAEL","og_description":"Na dnech otev\u0159en\u00fdch dve\u0159\u00ed se sna\u017e\u00edme co nejpodrobn\u011bji p\u0159edstavit na\u0161i \u0161kolu a v\u0161echny studijn\u00ed obory, v\u010d. d\u00e1lkov\u00e9ho studia. P\u0159ij\u010fte se pod\u00edvat do na\u0161ich nadstandardn\u011b vybaven\u00fdch fotografick\u00fdch, grafick\u00fdch a filmov\u00fdch ateli\u00e9r\u016f, m\u016f\u017eete nahl\u00e9dnout do fotokomory, kina, st\u0159ihov\u00fdch a zvukov\u00fdch studi\u00ed nebo po\u010d\u00edta\u010dov\u00fdch u\u010deben PC i MAC. Vedouc\u00edch obor\u016f a student\u016f se m\u016f\u017eete zeptat na cokoliv, co [&hellip;]","og_url":"https:\/\/www.skolamichael.cz\/cs\/zajemci-o-studium\/dny-otevrenych-dveri\/","og_site_name":"MICHAEL","article_publisher":"http:\/\/www.facebook.com\/skolamichael","article_modified_time":"2026-04-28T09:55:08+00:00","twitter_card":"summary_large_image","twitter_misc":{"Odhadovan\u00e1 doba \u010dten\u00ed":"1 minuta"},"schema":{"@context":"https:\/\/schema.org","@graph":[{"@type":"WebPage","@id":"https:\/\/www.skolamichael.cz\/cs\/zajemci-o-studium\/dny-otevrenych-dveri\/","url":"https:\/\/www.skolamichael.cz\/cs\/zajemci-o-studium\/dny-otevrenych-dveri\/","name":"Dny otev\u0159en\u00fdch dve\u0159\u00ed | MICHAEL","isPartOf":{"@id":"https:\/\/www.skolamichael.cz\/cs\/#website"},"datePublished":"2018-09-11T12:42:05+00:00","dateModified":"2026-04-28T09:55:08+00:00","breadcrumb":{"@id":"https:\/\/www.skolamichael.cz\/cs\/zajemci-o-studium\/dny-otevrenych-dveri\/#breadcrumb"},"inLanguage":"cs","potentialAction":[{"@type":"ReadAction","target":["https:\/\/www.skolamichael.cz\/cs\/zajemci-o-studium\/dny-otevrenych-dveri\/"]}]},{"@type":"BreadcrumbList","@id":"https:\/\/www.skolamichael.cz\/cs\/zajemci-o-studium\/dny-otevrenych-dveri\/#breadcrumb","itemListElement":[{"@type":"ListItem","position":1,"name":"Dom\u016f","item":"https:\/\/www.skolamichael.cz\/cs\/"},{"@type":"ListItem","position":2,"name":"Z\u00e1jemci o studium","item":"https:\/\/www.skolamichael.cz\/cs\/zajemci-o-studium\/"},{"@type":"ListItem","position":3,"name":"Dny otev\u0159en\u00fdch dve\u0159\u00ed"}]},{"@type":"WebSite","@id":"https:\/\/www.skolamichael.cz\/cs\/#website","url":"https:\/\/www.skolamichael.cz\/cs\/","name":"MICHAEL","description":"St\u0159edn\u00ed \u0161kola, Gymn\u00e1zium a Vy\u0161\u0161\u00ed odborn\u00e1 \u0161kola","publisher":{"@id":"https:\/\/www.skolamichael.cz\/cs\/#organization"},"alternateName":"St\u0159edn\u00ed \u0161kola, Gymn\u00e1zium a Vy\u0161\u0161\u00ed odborn\u00e1 \u0161kola","potentialAction":[{"@type":"SearchAction","target":{"@type":"EntryPoint","urlTemplate":"https:\/\/www.skolamichael.cz\/cs\/?s={search_term_string}"},"query-input":{"@type":"PropertyValueSpecification","valueRequired":true,"valueName":"search_term_string"}}],"inLanguage":"cs"},{"@type":"Organization","@id":"https:\/\/www.skolamichael.cz\/cs\/#organization","name":"Michael \u2013 St\u0159edn\u00ed \u0161kola, Gymn\u00e1zium a Vy\u0161\u0161\u00ed odborn\u00e1 \u0161kola, s.r.o.","url":"https:\/\/www.skolamichael.cz\/cs\/","logo":{"@type":"ImageObject","inLanguage":"cs","@id":"https:\/\/www.skolamichael.cz\/cs\/#\/schema\/logo\/image\/","url":"https:\/\/www.skolamichael.cz\/wp-content\/uploads\/2019\/03\/logo_michael_final_ctverec1-1.jpg","contentUrl":"https:\/\/www.skolamichael.cz\/wp-content\/uploads\/2019\/03\/logo_michael_final_ctverec1-1.jpg","width":400,"height":400,"caption":"Michael \u2013 St\u0159edn\u00ed \u0161kola, Gymn\u00e1zium a Vy\u0161\u0161\u00ed odborn\u00e1 \u0161kola, s.r.o."},"image":{"@id":"https:\/\/www.skolamichael.cz\/cs\/#\/schema\/logo\/image\/"},"sameAs":["http:\/\/www.facebook.com\/skolamichael","https:\/\/www.instagram.com\/skola_michael\/"]}]}},"_links":{"self":[{"href":"https:\/\/www.skolamichael.cz\/cs\/wp-json\/wp\/v2\/pages\/164","targetHints":{"allow":["GET"]}}],"collection":[{"href":"https:\/\/www.skolamichael.cz\/cs\/wp-json\/wp\/v2\/pages"}],"about":[{"href":"https:\/\/www.skolamichael.cz\/cs\/wp-json\/wp\/v2\/types\/page"}],"author":[{"embeddable":true,"href":"https:\/\/www.skolamichael.cz\/cs\/wp-json\/wp\/v2\/users\/16"}],"replies":[{"embeddable":true,"href":"https:\/\/www.skolamichael.cz\/cs\/wp-json\/wp\/v2\/comments?post=164"}],"version-history":[{"count":52,"href":"https:\/\/www.skolamichael.cz\/cs\/wp-json\/wp\/v2\/pages\/164\/revisions"}],"predecessor-version":[{"id":32101,"href":"https:\/\/www.skolamichael.cz\/cs\/wp-json\/wp\/v2\/pages\/164\/revisions\/32101"}],"up":[{"embeddable":true,"href":"https:\/\/www.skolamichael.cz\/cs\/wp-json\/wp\/v2\/pages\/22"}],"wp:attachment":[{"href":"https:\/\/www.skolamichael.cz\/cs\/wp-json\/wp\/v2\/media?parent=164"}],"curies":[{"name":"wp","href":"https:\/\/api.w.org\/{rel}","templated":true}]}}