{"id":166,"date":"2018-09-11T14:42:36","date_gmt":"2018-09-11T12:42:36","guid":{"rendered":"https:\/\/www.skolamichael.cz\/?page_id=166"},"modified":"2026-02-23T15:09:16","modified_gmt":"2026-02-23T14:09:16","slug":"pripravne-kurzy","status":"publish","type":"page","link":"https:\/\/www.skolamichael.cz\/cs\/zajemci-o-studium\/pripravne-kurzy\/","title":{"rendered":"P\u0159\u00edpravn\u00e9 kurzy"},"content":{"rendered":"<h3><img loading=\"lazy\" decoding=\"async\" class=\"alignnone wp-image-29256\" src=\"https:\/\/www.skolamichael.cz\/wp-content\/uploads\/2025\/11\/button_kamera.png\" alt=\"\" width=\"52\" height=\"65\" \/> <img loading=\"lazy\" decoding=\"async\" class=\"alignnone wp-image-29252\" src=\"https:\/\/www.skolamichael.cz\/wp-content\/uploads\/2025\/11\/button_fotak.png\" alt=\"\" width=\"56\" height=\"65\" \/> <img loading=\"lazy\" decoding=\"async\" class=\"alignnone wp-image-29258\" src=\"https:\/\/www.skolamichael.cz\/wp-content\/uploads\/2025\/11\/button_tuzka.png\" alt=\"\" width=\"42\" height=\"65\" \/> <img loading=\"lazy\" decoding=\"async\" class=\"alignnone wp-image-29254\" src=\"https:\/\/www.skolamichael.cz\/wp-content\/uploads\/2025\/11\/button_joystic.png\" alt=\"\" width=\"69\" height=\"65\" \/> <img loading=\"lazy\" decoding=\"async\" class=\"alignnone wp-image-29260\" src=\"https:\/\/www.skolamichael.cz\/wp-content\/uploads\/2025\/11\/button_zidle.png\" alt=\"\" width=\"52\" height=\"65\" \/><\/h3>\n<h3><strong>Individu\u00e1ln\u00ed konzultace portfoli\u00ed k talentov\u00fdm zkou\u0161k\u00e1m<\/strong><\/h3>\n<p>Chyst\u00e1te se na talentov\u00e9 p\u0159ij\u00edmac\u00ed zkou\u0161ky a chcete zv\u00fd\u0161it svou \u0161anci?<\/p>\n<p>Nab\u00edz\u00edme individu\u00e1ln\u00ed konzultace portfolia a prac\u00ed ke v\u0161em\u00a0<a href=\"https:\/\/www.skolamichael.cz\/cs\/obory\/\">um\u011bleck\u00fdm obor\u016fm<\/a>\u00a0na\u0161\u00ed \u0161koly. Pom\u016f\u017eeme v\u00e1m vybrat, upravit a prezentovat va\u0161e pr\u00e1ce tak, aby odpov\u00eddaly po\u017eadavk\u016fm p\u0159ij\u00edmac\u00ed komise a co nejl\u00e9pe p\u0159edstavily v\u00e1\u0161 talent. Z\u00edsk\u00e1te konkr\u00e9tn\u00ed zp\u011btnou vazbu, jasn\u00e1 doporu\u010den\u00ed a jistotu, \u017ee jdete k talentov\u00fdm zkou\u0161k\u00e1m p\u0159ipraveni.<\/p>\n<p><strong>Cena konzultace je<\/strong>\u00a0<strong>500 K\u010d.<\/strong><\/p>\n<p><strong>Omlouv\u00e1me se, objedn\u00e1vky jsou z kapacitn\u00edch d\u016fvod\u016f uzav\u0159eny.<\/strong><\/p>\n<p>&nbsp;<\/p>\n<hr \/>\n<h3><img loading=\"lazy\" decoding=\"async\" class=\"alignnone wp-image-29256\" src=\"https:\/\/www.skolamichael.cz\/wp-content\/uploads\/2025\/11\/button_kamera.png\" alt=\"\" width=\"52\" height=\"65\" \/> <img loading=\"lazy\" decoding=\"async\" class=\"alignnone wp-image-29252\" src=\"https:\/\/www.skolamichael.cz\/wp-content\/uploads\/2025\/11\/button_fotak.png\" alt=\"\" width=\"56\" height=\"65\" \/> <img loading=\"lazy\" decoding=\"async\" class=\"alignnone wp-image-29258\" src=\"https:\/\/www.skolamichael.cz\/wp-content\/uploads\/2025\/11\/button_tuzka.png\" alt=\"\" width=\"42\" height=\"65\" \/> <img loading=\"lazy\" decoding=\"async\" class=\"alignnone wp-image-29254\" src=\"https:\/\/www.skolamichael.cz\/wp-content\/uploads\/2025\/11\/button_joystic.png\" alt=\"\" width=\"69\" height=\"65\" \/> <img loading=\"lazy\" decoding=\"async\" class=\"alignnone wp-image-29260\" src=\"https:\/\/www.skolamichael.cz\/wp-content\/uploads\/2025\/11\/button_zidle.png\" alt=\"\" width=\"52\" height=\"65\" \/><\/h3>\n<h3>P\u0159\u00edpravn\u00e9 kurzy k talentov\u00fdm zkou\u0161k\u00e1m &#8211; pro obor Filmov\u00e1 tvorba, Fotografie a nov\u00e1 m\u00e9dia, Grafick\u00fd design, Game design a Design interi\u00e9ru<\/h3>\n<p>Ka\u017ed\u00fd z\u00e1jemce o studium m\u00e1 mo\u017enost vyu\u017e\u00edt na\u0161e p\u0159\u00edpravn\u00e9 kurzy k talentov\u00fdm zkou\u0161k\u00e1m veden\u00e9 vyu\u010duj\u00edc\u00edmi dan\u00fdch obor\u016f. B\u011bhem pravideln\u00fdch setk\u00e1n\u00ed si tak m\u016f\u017ee osvojit z\u00e1kladn\u00ed informace, principy a dovednosti v oboru, kter\u00e9 vyu\u017eije i v dal\u0161\u00edm studiu po p\u0159ij\u00edmac\u00edm \u0159\u00edzen\u00ed.<\/p>\n<p><strong>P\u0159ihla\u0161ov\u00e1n\u00ed do p\u0159\u00edpravn\u00fdch kurz\u016f<\/strong> pro uchaze\u010de o studium s n\u00e1stupem od <strong>z\u00e1\u0159\u00ed 2026<\/strong>\u00a0je uzav\u0159eno, proto\u017ee kurzy ji\u017e prob\u011bhly.<\/p>\n<p><strong>P\u0159ihla\u0161ov\u00e1n\u00ed do p\u0159\u00edpravn\u00fdch kurz\u016f<\/strong> pro uchaze\u010de o studium s n\u00e1stupem od <strong>z\u00e1\u0159\u00ed 2027<\/strong> bude mo\u017en\u00e9 zde od z\u00e1\u0159\u00ed 2026.<\/p>\n<p><strong>P\u0158IHL\u00c1\u0160KA<\/strong> pro p\u0159\u00edpravn\u00e9 kurzy &#8211; zde bude mo\u017en\u00e9 se p\u0159ihl\u00e1sit v z\u00e1\u0159\u00ed 2026.<\/p>\n<p>Informace ke kurz\u016fm:<\/p>\n<ul>\n<li>kurz <strong>FILMOV\u00c1 TVORBA<\/strong> &#8211; (soboty a v\u0161edn\u00ed den v odpoledn\u00edch hodin\u00e1ch)<\/li>\n<li>kurz <strong>FOTOGRAFIE A NOV\u00c1 M\u00c9DIA\u00a0<\/strong> &#8211; \u00a0(soboty)<\/li>\n<li>kurz <strong>GRAFICK\u00dd DESIGN a GAME DESIGN<\/strong> &#8211; (v\u0161edn\u00ed den v odpoledn\u00edch hodin\u00e1ch)<\/li>\n<li>kurz <strong>DESIGN INTERI\u00c9RU<\/strong> &#8211; (v\u0161edn\u00ed den v odpoledn\u00edch hodin\u00e1ch)<\/li>\n<\/ul>\n<p>&nbsp;<\/p>\n<hr \/>\n<p>Nev\u00edte jak postupovat? Napi\u0161te n\u00e1m!<\/p>\n\n<div class=\"wpcf7 no-js\" id=\"wpcf7-f613-o1\" lang=\"cs-CZ\" dir=\"ltr\" data-wpcf7-id=\"613\">\n<div class=\"screen-reader-response\"><p role=\"status\" aria-live=\"polite\" aria-atomic=\"true\"><\/p> <ul><\/ul><\/div>\n<form action=\"\/cs\/wp-json\/wp\/v2\/pages\/166#wpcf7-f613-o1\" method=\"post\" class=\"wpcf7-form init\" aria-label=\"Kontaktn\u00ed formul\u00e1\u0159\" novalidate=\"novalidate\" data-status=\"init\">\n<fieldset class=\"hidden-fields-container\"><input type=\"hidden\" name=\"_wpcf7\" value=\"613\" \/><input type=\"hidden\" name=\"_wpcf7_version\" value=\"6.1.5\" \/><input type=\"hidden\" name=\"_wpcf7_locale\" value=\"cs_CZ\" \/><input type=\"hidden\" name=\"_wpcf7_unit_tag\" value=\"wpcf7-f613-o1\" \/><input type=\"hidden\" name=\"_wpcf7_container_post\" value=\"0\" \/><input type=\"hidden\" name=\"_wpcf7_posted_data_hash\" value=\"\" \/><input type=\"hidden\" name=\"_wpcf7_recaptcha_response\" value=\"\" \/>\n<\/fieldset>\n<div class=\"question-form\">\n<div class=\"row justify-content-center\">\n<div class=\"col-12 col-md-6\">\n<span class=\"wpcf7-form-control-wrap\" data-name=\"your-name\"><input size=\"40\" maxlength=\"400\" class=\"wpcf7-form-control wpcf7-text\" aria-invalid=\"false\" placeholder=\"Va\u0161e jm\u00e9no\" value=\"\" type=\"text\" name=\"your-name\" \/><\/span>\n<span class=\"wpcf7-form-control-wrap\" data-name=\"your-email\"><input size=\"40\" maxlength=\"400\" class=\"wpcf7-form-control wpcf7-email wpcf7-validates-as-required wpcf7-text wpcf7-validates-as-email\" aria-required=\"true\" aria-invalid=\"false\" placeholder=\"V\u00e1\u0161 e-mail (vy\u017eadov\u00e1no)\" value=\"\" type=\"email\" name=\"your-email\" \/><\/span>\n<\/div>\n<div class=\"col-12 col-md-6\">\n<span class=\"wpcf7-form-control-wrap\" data-name=\"your-message\"><textarea cols=\"40\" rows=\"10\" maxlength=\"2000\" class=\"wpcf7-form-control wpcf7-textarea\" aria-invalid=\"false\" placeholder=\"Co v\u00e1s zaj\u00edm\u00e1?\" name=\"your-message\"><\/textarea><\/span>\n<span id=\"wpcf7-6a034fec6780f-wrapper\" class=\"wpcf7-form-control-wrap website-wrap\" style=\"display:none !important; visibility:hidden !important;\"><label for=\"wpcf7-6a034fec6780f-field\" class=\"hp-message\">Ponechte toto pole pr\u00e1zdn\u00e9.<\/label><input id=\"wpcf7-6a034fec6780f-field\"  class=\"wpcf7-form-control wpcf7-text\" type=\"text\" name=\"website\" value=\"\" size=\"40\" tabindex=\"-1\" autocomplete=\"new-password\" \/><\/span>\n<\/div>\n<\/div>\n<div class=\"row\">\n<div class=\"col-12\">\n<input class=\"wpcf7-form-control wpcf7-submit has-spinner btn btn-xl-200\" type=\"submit\" value=\"Odeslat\" \/>\n<\/div>\n<\/div>\n<\/div><div class=\"wpcf7-response-output\" aria-hidden=\"true\"><\/div>\n<\/form>\n<\/div>\n\n","protected":false},"excerpt":{"rendered":"<p>Individu\u00e1ln\u00ed konzultace portfoli\u00ed k talentov\u00fdm zkou\u0161k\u00e1m Chyst\u00e1te se na talentov\u00e9 p\u0159ij\u00edmac\u00ed zkou\u0161ky a chcete zv\u00fd\u0161it svou \u0161anci? Nab\u00edz\u00edme individu\u00e1ln\u00ed konzultace portfolia a prac\u00ed ke v\u0161em\u00a0um\u011bleck\u00fdm obor\u016fm\u00a0na\u0161\u00ed \u0161koly. Pom\u016f\u017eeme v\u00e1m vybrat, upravit a prezentovat va\u0161e pr\u00e1ce tak, aby odpov\u00eddaly po\u017eadavk\u016fm p\u0159ij\u00edmac\u00ed komise a co nejl\u00e9pe p\u0159edstavily v\u00e1\u0161 talent. Z\u00edsk\u00e1te konkr\u00e9tn\u00ed zp\u011btnou vazbu, jasn\u00e1 doporu\u010den\u00ed a jistotu, [&hellip;]<\/p>\n","protected":false},"author":16,"featured_media":0,"parent":22,"menu_order":30,"comment_status":"closed","ping_status":"closed","template":"","meta":{"_acf_changed":false,"footnotes":""},"class_list":["post-166","page","type-page","status-publish","hentry"],"acf":[],"yoast_head":"<!-- This site is optimized with the Yoast SEO plugin v27.4 - https:\/\/yoast.com\/product\/yoast-seo-wordpress\/ -->\n<title>P\u0159\u00edpravn\u00e9 kurzy | MICHAEL<\/title>\n<meta name=\"robots\" content=\"index, follow, max-snippet:-1, max-image-preview:large, max-video-preview:-1\" \/>\n<link rel=\"canonical\" href=\"https:\/\/www.skolamichael.cz\/cs\/zajemci-o-studium\/pripravne-kurzy\/\" \/>\n<meta property=\"og:locale\" content=\"cs_CZ\" \/>\n<meta property=\"og:type\" content=\"article\" \/>\n<meta property=\"og:title\" content=\"P\u0159\u00edpravn\u00e9 kurzy | MICHAEL\" \/>\n<meta property=\"og:description\" content=\"Individu\u00e1ln\u00ed konzultace portfoli\u00ed k talentov\u00fdm zkou\u0161k\u00e1m Chyst\u00e1te se na talentov\u00e9 p\u0159ij\u00edmac\u00ed zkou\u0161ky a chcete zv\u00fd\u0161it svou \u0161anci? Nab\u00edz\u00edme individu\u00e1ln\u00ed konzultace portfolia a prac\u00ed ke v\u0161em\u00a0um\u011bleck\u00fdm obor\u016fm\u00a0na\u0161\u00ed \u0161koly. Pom\u016f\u017eeme v\u00e1m vybrat, upravit a prezentovat va\u0161e pr\u00e1ce tak, aby odpov\u00eddaly po\u017eadavk\u016fm p\u0159ij\u00edmac\u00ed komise a co nejl\u00e9pe p\u0159edstavily v\u00e1\u0161 talent. Z\u00edsk\u00e1te konkr\u00e9tn\u00ed zp\u011btnou vazbu, jasn\u00e1 doporu\u010den\u00ed a jistotu, [&hellip;]\" \/>\n<meta property=\"og:url\" content=\"https:\/\/www.skolamichael.cz\/cs\/zajemci-o-studium\/pripravne-kurzy\/\" \/>\n<meta property=\"og:site_name\" content=\"MICHAEL\" \/>\n<meta property=\"article:publisher\" content=\"http:\/\/www.facebook.com\/skolamichael\" \/>\n<meta property=\"article:modified_time\" content=\"2026-02-23T14:09:16+00:00\" \/>\n<meta property=\"og:image\" content=\"https:\/\/www.skolamichael.cz\/wp-content\/uploads\/2025\/11\/button_kamera.png\" \/>\n\t<meta property=\"og:image:width\" content=\"66\" \/>\n\t<meta property=\"og:image:height\" content=\"83\" \/>\n\t<meta property=\"og:image:type\" content=\"image\/png\" \/>\n<meta name=\"twitter:card\" content=\"summary_large_image\" \/>\n<meta name=\"twitter:label1\" content=\"Odhadovan\u00e1 doba \u010dten\u00ed\" \/>\n\t<meta name=\"twitter:data1\" content=\"4 minuty\" \/>\n<script type=\"application\/ld+json\" class=\"yoast-schema-graph\">{\"@context\":\"https:\\\/\\\/schema.org\",\"@graph\":[{\"@type\":\"WebPage\",\"@id\":\"https:\\\/\\\/www.skolamichael.cz\\\/cs\\\/zajemci-o-studium\\\/pripravne-kurzy\\\/\",\"url\":\"https:\\\/\\\/www.skolamichael.cz\\\/cs\\\/zajemci-o-studium\\\/pripravne-kurzy\\\/\",\"name\":\"P\u0159\u00edpravn\u00e9 kurzy | MICHAEL\",\"isPartOf\":{\"@id\":\"https:\\\/\\\/www.skolamichael.cz\\\/cs\\\/#website\"},\"primaryImageOfPage\":{\"@id\":\"https:\\\/\\\/www.skolamichael.cz\\\/cs\\\/zajemci-o-studium\\\/pripravne-kurzy\\\/#primaryimage\"},\"image\":{\"@id\":\"https:\\\/\\\/www.skolamichael.cz\\\/cs\\\/zajemci-o-studium\\\/pripravne-kurzy\\\/#primaryimage\"},\"thumbnailUrl\":\"https:\\\/\\\/www.skolamichael.cz\\\/wp-content\\\/uploads\\\/2025\\\/11\\\/button_kamera.png\",\"datePublished\":\"2018-09-11T12:42:36+00:00\",\"dateModified\":\"2026-02-23T14:09:16+00:00\",\"breadcrumb\":{\"@id\":\"https:\\\/\\\/www.skolamichael.cz\\\/cs\\\/zajemci-o-studium\\\/pripravne-kurzy\\\/#breadcrumb\"},\"inLanguage\":\"cs\",\"potentialAction\":[{\"@type\":\"ReadAction\",\"target\":[\"https:\\\/\\\/www.skolamichael.cz\\\/cs\\\/zajemci-o-studium\\\/pripravne-kurzy\\\/\"]}]},{\"@type\":\"ImageObject\",\"inLanguage\":\"cs\",\"@id\":\"https:\\\/\\\/www.skolamichael.cz\\\/cs\\\/zajemci-o-studium\\\/pripravne-kurzy\\\/#primaryimage\",\"url\":\"https:\\\/\\\/www.skolamichael.cz\\\/wp-content\\\/uploads\\\/2025\\\/11\\\/button_kamera.png\",\"contentUrl\":\"https:\\\/\\\/www.skolamichael.cz\\\/wp-content\\\/uploads\\\/2025\\\/11\\\/button_kamera.png\"},{\"@type\":\"BreadcrumbList\",\"@id\":\"https:\\\/\\\/www.skolamichael.cz\\\/cs\\\/zajemci-o-studium\\\/pripravne-kurzy\\\/#breadcrumb\",\"itemListElement\":[{\"@type\":\"ListItem\",\"position\":1,\"name\":\"Dom\u016f\",\"item\":\"https:\\\/\\\/www.skolamichael.cz\\\/cs\\\/\"},{\"@type\":\"ListItem\",\"position\":2,\"name\":\"Z\u00e1jemci o studium\",\"item\":\"https:\\\/\\\/www.skolamichael.cz\\\/cs\\\/zajemci-o-studium\\\/\"},{\"@type\":\"ListItem\",\"position\":3,\"name\":\"P\u0159\u00edpravn\u00e9 kurzy\"}]},{\"@type\":\"WebSite\",\"@id\":\"https:\\\/\\\/www.skolamichael.cz\\\/cs\\\/#website\",\"url\":\"https:\\\/\\\/www.skolamichael.cz\\\/cs\\\/\",\"name\":\"MICHAEL\",\"description\":\"St\u0159edn\u00ed \u0161kola, Gymn\u00e1zium a Vy\u0161\u0161\u00ed odborn\u00e1 \u0161kola\",\"publisher\":{\"@id\":\"https:\\\/\\\/www.skolamichael.cz\\\/cs\\\/#organization\"},\"alternateName\":\"St\u0159edn\u00ed \u0161kola, Gymn\u00e1zium a Vy\u0161\u0161\u00ed odborn\u00e1 \u0161kola\",\"potentialAction\":[{\"@type\":\"SearchAction\",\"target\":{\"@type\":\"EntryPoint\",\"urlTemplate\":\"https:\\\/\\\/www.skolamichael.cz\\\/cs\\\/?s={search_term_string}\"},\"query-input\":{\"@type\":\"PropertyValueSpecification\",\"valueRequired\":true,\"valueName\":\"search_term_string\"}}],\"inLanguage\":\"cs\"},{\"@type\":\"Organization\",\"@id\":\"https:\\\/\\\/www.skolamichael.cz\\\/cs\\\/#organization\",\"name\":\"Michael \u2013 St\u0159edn\u00ed \u0161kola, Gymn\u00e1zium a Vy\u0161\u0161\u00ed odborn\u00e1 \u0161kola, s.r.o.\",\"url\":\"https:\\\/\\\/www.skolamichael.cz\\\/cs\\\/\",\"logo\":{\"@type\":\"ImageObject\",\"inLanguage\":\"cs\",\"@id\":\"https:\\\/\\\/www.skolamichael.cz\\\/cs\\\/#\\\/schema\\\/logo\\\/image\\\/\",\"url\":\"https:\\\/\\\/www.skolamichael.cz\\\/wp-content\\\/uploads\\\/2019\\\/03\\\/logo_michael_final_ctverec1-1.jpg\",\"contentUrl\":\"https:\\\/\\\/www.skolamichael.cz\\\/wp-content\\\/uploads\\\/2019\\\/03\\\/logo_michael_final_ctverec1-1.jpg\",\"width\":400,\"height\":400,\"caption\":\"Michael \u2013 St\u0159edn\u00ed \u0161kola, Gymn\u00e1zium a Vy\u0161\u0161\u00ed odborn\u00e1 \u0161kola, s.r.o.\"},\"image\":{\"@id\":\"https:\\\/\\\/www.skolamichael.cz\\\/cs\\\/#\\\/schema\\\/logo\\\/image\\\/\"},\"sameAs\":[\"http:\\\/\\\/www.facebook.com\\\/skolamichael\",\"https:\\\/\\\/www.instagram.com\\\/skola_michael\\\/\"]}]}<\/script>\n<!-- \/ Yoast SEO plugin. -->","yoast_head_json":{"title":"P\u0159\u00edpravn\u00e9 kurzy | MICHAEL","robots":{"index":"index","follow":"follow","max-snippet":"max-snippet:-1","max-image-preview":"max-image-preview:large","max-video-preview":"max-video-preview:-1"},"canonical":"https:\/\/www.skolamichael.cz\/cs\/zajemci-o-studium\/pripravne-kurzy\/","og_locale":"cs_CZ","og_type":"article","og_title":"P\u0159\u00edpravn\u00e9 kurzy | MICHAEL","og_description":"Individu\u00e1ln\u00ed konzultace portfoli\u00ed k talentov\u00fdm zkou\u0161k\u00e1m Chyst\u00e1te se na talentov\u00e9 p\u0159ij\u00edmac\u00ed zkou\u0161ky a chcete zv\u00fd\u0161it svou \u0161anci? Nab\u00edz\u00edme individu\u00e1ln\u00ed konzultace portfolia a prac\u00ed ke v\u0161em\u00a0um\u011bleck\u00fdm obor\u016fm\u00a0na\u0161\u00ed \u0161koly. Pom\u016f\u017eeme v\u00e1m vybrat, upravit a prezentovat va\u0161e pr\u00e1ce tak, aby odpov\u00eddaly po\u017eadavk\u016fm p\u0159ij\u00edmac\u00ed komise a co nejl\u00e9pe p\u0159edstavily v\u00e1\u0161 talent. Z\u00edsk\u00e1te konkr\u00e9tn\u00ed zp\u011btnou vazbu, jasn\u00e1 doporu\u010den\u00ed a jistotu, [&hellip;]","og_url":"https:\/\/www.skolamichael.cz\/cs\/zajemci-o-studium\/pripravne-kurzy\/","og_site_name":"MICHAEL","article_publisher":"http:\/\/www.facebook.com\/skolamichael","article_modified_time":"2026-02-23T14:09:16+00:00","og_image":[{"width":66,"height":83,"url":"https:\/\/www.skolamichael.cz\/wp-content\/uploads\/2025\/11\/button_kamera.png","type":"image\/png"}],"twitter_card":"summary_large_image","twitter_misc":{"Odhadovan\u00e1 doba \u010dten\u00ed":"4 minuty"},"schema":{"@context":"https:\/\/schema.org","@graph":[{"@type":"WebPage","@id":"https:\/\/www.skolamichael.cz\/cs\/zajemci-o-studium\/pripravne-kurzy\/","url":"https:\/\/www.skolamichael.cz\/cs\/zajemci-o-studium\/pripravne-kurzy\/","name":"P\u0159\u00edpravn\u00e9 kurzy | MICHAEL","isPartOf":{"@id":"https:\/\/www.skolamichael.cz\/cs\/#website"},"primaryImageOfPage":{"@id":"https:\/\/www.skolamichael.cz\/cs\/zajemci-o-studium\/pripravne-kurzy\/#primaryimage"},"image":{"@id":"https:\/\/www.skolamichael.cz\/cs\/zajemci-o-studium\/pripravne-kurzy\/#primaryimage"},"thumbnailUrl":"https:\/\/www.skolamichael.cz\/wp-content\/uploads\/2025\/11\/button_kamera.png","datePublished":"2018-09-11T12:42:36+00:00","dateModified":"2026-02-23T14:09:16+00:00","breadcrumb":{"@id":"https:\/\/www.skolamichael.cz\/cs\/zajemci-o-studium\/pripravne-kurzy\/#breadcrumb"},"inLanguage":"cs","potentialAction":[{"@type":"ReadAction","target":["https:\/\/www.skolamichael.cz\/cs\/zajemci-o-studium\/pripravne-kurzy\/"]}]},{"@type":"ImageObject","inLanguage":"cs","@id":"https:\/\/www.skolamichael.cz\/cs\/zajemci-o-studium\/pripravne-kurzy\/#primaryimage","url":"https:\/\/www.skolamichael.cz\/wp-content\/uploads\/2025\/11\/button_kamera.png","contentUrl":"https:\/\/www.skolamichael.cz\/wp-content\/uploads\/2025\/11\/button_kamera.png"},{"@type":"BreadcrumbList","@id":"https:\/\/www.skolamichael.cz\/cs\/zajemci-o-studium\/pripravne-kurzy\/#breadcrumb","itemListElement":[{"@type":"ListItem","position":1,"name":"Dom\u016f","item":"https:\/\/www.skolamichael.cz\/cs\/"},{"@type":"ListItem","position":2,"name":"Z\u00e1jemci o studium","item":"https:\/\/www.skolamichael.cz\/cs\/zajemci-o-studium\/"},{"@type":"ListItem","position":3,"name":"P\u0159\u00edpravn\u00e9 kurzy"}]},{"@type":"WebSite","@id":"https:\/\/www.skolamichael.cz\/cs\/#website","url":"https:\/\/www.skolamichael.cz\/cs\/","name":"MICHAEL","description":"St\u0159edn\u00ed \u0161kola, Gymn\u00e1zium a Vy\u0161\u0161\u00ed odborn\u00e1 \u0161kola","publisher":{"@id":"https:\/\/www.skolamichael.cz\/cs\/#organization"},"alternateName":"St\u0159edn\u00ed \u0161kola, Gymn\u00e1zium a Vy\u0161\u0161\u00ed odborn\u00e1 \u0161kola","potentialAction":[{"@type":"SearchAction","target":{"@type":"EntryPoint","urlTemplate":"https:\/\/www.skolamichael.cz\/cs\/?s={search_term_string}"},"query-input":{"@type":"PropertyValueSpecification","valueRequired":true,"valueName":"search_term_string"}}],"inLanguage":"cs"},{"@type":"Organization","@id":"https:\/\/www.skolamichael.cz\/cs\/#organization","name":"Michael \u2013 St\u0159edn\u00ed \u0161kola, Gymn\u00e1zium a Vy\u0161\u0161\u00ed odborn\u00e1 \u0161kola, s.r.o.","url":"https:\/\/www.skolamichael.cz\/cs\/","logo":{"@type":"ImageObject","inLanguage":"cs","@id":"https:\/\/www.skolamichael.cz\/cs\/#\/schema\/logo\/image\/","url":"https:\/\/www.skolamichael.cz\/wp-content\/uploads\/2019\/03\/logo_michael_final_ctverec1-1.jpg","contentUrl":"https:\/\/www.skolamichael.cz\/wp-content\/uploads\/2019\/03\/logo_michael_final_ctverec1-1.jpg","width":400,"height":400,"caption":"Michael \u2013 St\u0159edn\u00ed \u0161kola, Gymn\u00e1zium a Vy\u0161\u0161\u00ed odborn\u00e1 \u0161kola, s.r.o."},"image":{"@id":"https:\/\/www.skolamichael.cz\/cs\/#\/schema\/logo\/image\/"},"sameAs":["http:\/\/www.facebook.com\/skolamichael","https:\/\/www.instagram.com\/skola_michael\/"]}]}},"_links":{"self":[{"href":"https:\/\/www.skolamichael.cz\/cs\/wp-json\/wp\/v2\/pages\/166","targetHints":{"allow":["GET"]}}],"collection":[{"href":"https:\/\/www.skolamichael.cz\/cs\/wp-json\/wp\/v2\/pages"}],"about":[{"href":"https:\/\/www.skolamichael.cz\/cs\/wp-json\/wp\/v2\/types\/page"}],"author":[{"embeddable":true,"href":"https:\/\/www.skolamichael.cz\/cs\/wp-json\/wp\/v2\/users\/16"}],"replies":[{"embeddable":true,"href":"https:\/\/www.skolamichael.cz\/cs\/wp-json\/wp\/v2\/comments?post=166"}],"version-history":[{"count":123,"href":"https:\/\/www.skolamichael.cz\/cs\/wp-json\/wp\/v2\/pages\/166\/revisions"}],"predecessor-version":[{"id":31184,"href":"https:\/\/www.skolamichael.cz\/cs\/wp-json\/wp\/v2\/pages\/166\/revisions\/31184"}],"up":[{"embeddable":true,"href":"https:\/\/www.skolamichael.cz\/cs\/wp-json\/wp\/v2\/pages\/22"}],"wp:attachment":[{"href":"https:\/\/www.skolamichael.cz\/cs\/wp-json\/wp\/v2\/media?parent=166"}],"curies":[{"name":"wp","href":"https:\/\/api.w.org\/{rel}","templated":true}]}}