{"id":16953,"date":"2025-01-30T18:31:51","date_gmt":"2025-01-30T17:31:51","guid":{"rendered":"https:\/\/www.skolamichael.cz\/?page_id=16953"},"modified":"2025-01-30T18:31:51","modified_gmt":"2025-01-30T17:31:51","slug":"management-a-produkce-viden-mesto-mnoha-umeleckych-stylu","status":"publish","type":"page","link":"https:\/\/www.skolamichael.cz\/cs\/projekty\/cesta-ke-vzdelani\/management-a-produkce-viden-mesto-mnoha-umeleckych-stylu\/","title":{"rendered":"Management a produkce: V\u00edde\u0148, m\u011bsto mnoha um\u011bleck\u00fdch styl\u016f"},"content":{"rendered":"<p class=\"p1\"><b>Nada\u010dn\u00ed fond: Cesta ke vzd\u011bl\u00e1n\u00ed \u2013 16. v\u00fdzva<\/b><\/p>\n<p class=\"p1\"><b>N\u00e1zev projektu: V\u00edde\u0148, m\u011bsto mnoha um\u011bleck\u00fdch styl\u016f<\/b><\/p>\n<p class=\"p1\"><b>Stru\u010dn\u00fd popis projektu: <\/b><\/p>\n<p class=\"p2\">N\u00e1v\u0161t\u011bva V\u00eddn\u011b dvaceti dv\u011bma studenty a dv\u011bma kantory v\u00a0dob\u011b od 26.-27.11.2024. Exkurze student\u016fm p\u0159inesla vhled do problematiky um\u011blecko-pam\u00e1tkov\u00e9ho v\u00fdvoje m\u011bsta na p\u0159\u00edkladu urbanistick\u00e9ho v\u00fdvoje V\u00eddn\u011b a d\u00edky n\u00e1v\u0161t\u011bv\u011b galerie poznali nejen architektonick\u00fd v\u00fdvoj, ale i jin\u00e9 druhy historick\u00e9ho i sou\u010dasn\u00e9ho um\u011bn\u00ed, \u010d\u00edm\u017e do\u0161lo k\u00a0<b>prohlouben\u00ed znalost\u00ed z\u00a0p\u0159edm\u011btu d\u011bjiny v\u00fdtvarn\u00e9ho um\u011bn\u00ed.<span class=\"Apple-converted-space\">\u00a0 \u00a0<\/span><\/b><\/p>\n<p class=\"p2\"><b>D\u00edky pobytu v\u00a0ciz\u00ed zemi museli \u017e\u00e1ci aktivn\u011b pou\u017e\u00edvat jak jazyka n\u011bmeck\u00e9ho, tak v\u00a0p\u0159\u00edpad\u011b pot\u0159eby i jazyka anglick\u00e9ho, co\u017e jim je k\u00a0dobru v\u00a0r\u00e1mci p\u0159\u00edpravy na budouc\u00ed profesi.<span class=\"Apple-converted-space\">\u00a0 \u00a0<\/span><\/b><\/p>\n<p class=\"p2\">Seznam student\u016f: Nuria Mendozov\u00e1, Nat\u00e1lie Krokov\u00e1, Kate\u0159ina Linhartov\u00e1, Kl\u00e1ra Je\u017ed\u00edkov\u00e1, Roman Dochynets, Mikul\u00e1\u0161 H\u00e1ma, Tom\u00e1\u0161 Fiala, Milan Mat\u011bjka, Nataly Pohorsk\u00e1, Tereza Proch\u00e1zkov\u00e1, Lucie Routov\u00e1, Lucie \u0160umov\u00e1, Tobi\u00e1\u0161 Vl\u010dek, Edward Berauer, Mat\u011bj Kubi\u0161ta, Kroupa Jan, Nikolas Hluch\u00fd, Linda Bulejkov\u00e1, Tade\u00e1\u0161 Albrecht, Sofia Magda, Hoang Thao, Tamara P\u011bkn\u00e1<\/p>\n<p class=\"p2\">Pedagogov\u00e9: Mgr. Jakub Altman, Ing. Dita Schwarczov\u00e1<\/p>\n<p class=\"p1\"><b>Vyhodnocen\u00ed projektu:<\/b><\/p>\n<p class=\"p2\">Na m\u011bst\u011b V\u00eddni je kr\u00e1sn\u011b vid\u011bt, jak se m\u011bsto rozv\u00edj\u00ed, jak jeden um\u011bleck\u00fd styl postupn\u011b vytla\u010duje, \u010di dopl\u0148uje um\u011bleck\u00fd sloh p\u0159edchoz\u00ed. D\u00edky proch\u00e1zce po historick\u00e9m centru jsme mohli na\u017eivo spat\u0159it pam\u00e1tky od doby nejstar\u0161\u00ed a\u017e po dobu sou\u010dasnou. \u017d\u00e1ci poznali i limity a v\u00fdzvy sou\u010dasn\u00e9 architektury a jej\u00edho zapojen\u00ed do \u017eivota historick\u00e9ho m\u011bsta. Poznali s\u00eddeln\u00ed m\u00edsta, kter\u00e1 jsou spojena s\u00a0\u010desk\u00fdmi kr\u00e1li v\u00a0dob\u011b panov\u00e1n\u00ed rodu Habsburk\u016f, a rozezn\u00e1vali na nich prom\u011bnu vkusu dan\u00fdch panovn\u00edk\u016f. D\u00edky n\u00e1v\u0161t\u011bv\u011b Albertiny jsme mohli vid\u011bt jak um\u011bn\u00ed star\u0161\u00ed, tak um\u011bn\u00ed 19. a 20. stolet\u00ed i tvorbu sou\u010dasn\u00fdch um\u011blc\u016f. Nav\u0161t\u00edvili jsme historick\u00e9 centrum, zde prob\u011bhla komentovan\u00e1 prohl\u00eddka nejd\u016fle\u017eit\u011bj\u0161\u00edch v\u00edde\u0148sk\u00fdch sv\u011btsk\u00fdch i sakr\u00e1ln\u00edch staveb. Pro\u0161li jsme se i do \u010dtvrti Hundertwasser. Nezapomn\u011bli jsme zav\u00edtat i do Hofburgu a Sch\u00f6nbrunnu.<\/p>\n<p class=\"p2\"><b>Z\u00e1v\u011br: <\/b><\/p>\n<p class=\"p2\">Z\u00a0nada\u010dn\u00edho fondu byla student\u016fm a pedagog\u016fm \u010d\u00e1ste\u010dn\u011b hrazena doprava tam a zp\u011bt. Zbytek n\u00e1klad\u016f na cestu, ubytov\u00e1n\u00ed a stravu si hradili studenti a pedagogov\u00e9 z\u00a0vlastn\u00edch zdroj\u016f. \u017d\u00e1ky m\u011bsto V\u00edde\u0148 a jeho architektura i historie nesm\u00edrn\u011b zaujaly. Tok d\u011bjin kolem nich proplouval a z\u00a0V\u00eddn\u011b odj\u00ed\u017ed\u011bli obohaceni o mnoh\u00e1 nov\u00e1 fakta.<\/p>\n<p class=\"p2\">Fotografie:<\/p>\n<p>&nbsp;<\/p>\n<div id='gallery-1' class='gallery galleryid-16953 gallery-columns-1 gallery-size-full'><figure class='gallery-item'>\n\t\t\t<div class='gallery-icon landscape'>\n\t\t\t\t<a href='https:\/\/www.skolamichael.cz\/wp-content\/uploads\/2025\/01\/viden.png'><img loading=\"lazy\" decoding=\"async\" width=\"1010\" height=\"744\" src=\"https:\/\/www.skolamichael.cz\/wp-content\/uploads\/2025\/01\/viden.png\" class=\"attachment-full size-full\" alt=\"\" srcset=\"https:\/\/www.skolamichael.cz\/wp-content\/uploads\/2025\/01\/viden.png 1010w, https:\/\/www.skolamichael.cz\/wp-content\/uploads\/2025\/01\/viden-300x221.png 300w\" sizes=\"auto, (max-width: 1010px) 100vw, 1010px\" \/><\/a>\n\t\t\t<\/div><\/figure>\n\t\t<\/div>\n\n","protected":false},"excerpt":{"rendered":"<p>Nada\u010dn\u00ed fond: Cesta ke vzd\u011bl\u00e1n\u00ed \u2013 16. v\u00fdzva N\u00e1zev projektu: V\u00edde\u0148, m\u011bsto mnoha um\u011bleck\u00fdch styl\u016f Stru\u010dn\u00fd popis projektu: N\u00e1v\u0161t\u011bva V\u00eddn\u011b dvaceti dv\u011bma studenty a dv\u011bma kantory v\u00a0dob\u011b od 26.-27.11.2024. Exkurze student\u016fm p\u0159inesla vhled do problematiky um\u011blecko-pam\u00e1tkov\u00e9ho v\u00fdvoje m\u011bsta na p\u0159\u00edkladu urbanistick\u00e9ho v\u00fdvoje V\u00eddn\u011b a d\u00edky n\u00e1v\u0161t\u011bv\u011b galerie poznali nejen architektonick\u00fd v\u00fdvoj, ale i jin\u00e9 druhy [&hellip;]<\/p>\n","protected":false},"author":19,"featured_media":0,"parent":10712,"menu_order":0,"comment_status":"closed","ping_status":"closed","template":"","meta":{"_acf_changed":false,"footnotes":""},"class_list":["post-16953","page","type-page","status-publish","hentry"],"acf":[],"yoast_head":"<!-- This site is optimized with the Yoast SEO plugin v27.4 - https:\/\/yoast.com\/product\/yoast-seo-wordpress\/ -->\n<title>Management a produkce: V\u00edde\u0148, m\u011bsto mnoha um\u011bleck\u00fdch styl\u016f | MICHAEL<\/title>\n<meta name=\"robots\" content=\"index, follow, max-snippet:-1, max-image-preview:large, max-video-preview:-1\" \/>\n<link rel=\"canonical\" href=\"https:\/\/www.skolamichael.cz\/cs\/projekty\/cesta-ke-vzdelani\/management-a-produkce-viden-mesto-mnoha-umeleckych-stylu\/\" \/>\n<meta property=\"og:locale\" content=\"cs_CZ\" \/>\n<meta property=\"og:type\" content=\"article\" \/>\n<meta property=\"og:title\" content=\"Management a produkce: V\u00edde\u0148, m\u011bsto mnoha um\u011bleck\u00fdch styl\u016f | MICHAEL\" \/>\n<meta property=\"og:description\" content=\"Nada\u010dn\u00ed fond: Cesta ke vzd\u011bl\u00e1n\u00ed \u2013 16. v\u00fdzva N\u00e1zev projektu: V\u00edde\u0148, m\u011bsto mnoha um\u011bleck\u00fdch styl\u016f Stru\u010dn\u00fd popis projektu: N\u00e1v\u0161t\u011bva V\u00eddn\u011b dvaceti dv\u011bma studenty a dv\u011bma kantory v\u00a0dob\u011b od 26.-27.11.2024. Exkurze student\u016fm p\u0159inesla vhled do problematiky um\u011blecko-pam\u00e1tkov\u00e9ho v\u00fdvoje m\u011bsta na p\u0159\u00edkladu urbanistick\u00e9ho v\u00fdvoje V\u00eddn\u011b a d\u00edky n\u00e1v\u0161t\u011bv\u011b galerie poznali nejen architektonick\u00fd v\u00fdvoj, ale i jin\u00e9 druhy [&hellip;]\" \/>\n<meta property=\"og:url\" content=\"https:\/\/www.skolamichael.cz\/cs\/projekty\/cesta-ke-vzdelani\/management-a-produkce-viden-mesto-mnoha-umeleckych-stylu\/\" \/>\n<meta property=\"og:site_name\" content=\"MICHAEL\" \/>\n<meta property=\"article:publisher\" content=\"http:\/\/www.facebook.com\/skolamichael\" \/>\n<meta property=\"og:image\" content=\"https:\/\/www.skolamichael.cz\/wp-content\/uploads\/2025\/01\/viden.png\" \/>\n<meta name=\"twitter:card\" content=\"summary_large_image\" \/>\n<meta name=\"twitter:label1\" content=\"Odhadovan\u00e1 doba \u010dten\u00ed\" \/>\n\t<meta name=\"twitter:data1\" content=\"2 minuty\" \/>\n<script type=\"application\/ld+json\" class=\"yoast-schema-graph\">{\"@context\":\"https:\\\/\\\/schema.org\",\"@graph\":[{\"@type\":\"WebPage\",\"@id\":\"https:\\\/\\\/www.skolamichael.cz\\\/cs\\\/projekty\\\/cesta-ke-vzdelani\\\/management-a-produkce-viden-mesto-mnoha-umeleckych-stylu\\\/\",\"url\":\"https:\\\/\\\/www.skolamichael.cz\\\/cs\\\/projekty\\\/cesta-ke-vzdelani\\\/management-a-produkce-viden-mesto-mnoha-umeleckych-stylu\\\/\",\"name\":\"Management a produkce: V\u00edde\u0148, m\u011bsto mnoha um\u011bleck\u00fdch styl\u016f | MICHAEL\",\"isPartOf\":{\"@id\":\"https:\\\/\\\/www.skolamichael.cz\\\/cs\\\/#website\"},\"datePublished\":\"2025-01-30T17:31:51+00:00\",\"breadcrumb\":{\"@id\":\"https:\\\/\\\/www.skolamichael.cz\\\/cs\\\/projekty\\\/cesta-ke-vzdelani\\\/management-a-produkce-viden-mesto-mnoha-umeleckych-stylu\\\/#breadcrumb\"},\"inLanguage\":\"cs\",\"potentialAction\":[{\"@type\":\"ReadAction\",\"target\":[\"https:\\\/\\\/www.skolamichael.cz\\\/cs\\\/projekty\\\/cesta-ke-vzdelani\\\/management-a-produkce-viden-mesto-mnoha-umeleckych-stylu\\\/\"]}]},{\"@type\":\"BreadcrumbList\",\"@id\":\"https:\\\/\\\/www.skolamichael.cz\\\/cs\\\/projekty\\\/cesta-ke-vzdelani\\\/management-a-produkce-viden-mesto-mnoha-umeleckych-stylu\\\/#breadcrumb\",\"itemListElement\":[{\"@type\":\"ListItem\",\"position\":1,\"name\":\"Dom\u016f\",\"item\":\"https:\\\/\\\/www.skolamichael.cz\\\/cs\\\/\"},{\"@type\":\"ListItem\",\"position\":2,\"name\":\"Projekty a st\u00e1\u017ee\",\"item\":\"https:\\\/\\\/www.skolamichael.cz\\\/cs\\\/projekty\\\/\"},{\"@type\":\"ListItem\",\"position\":3,\"name\":\"Cesta ke vzd\u011bl\u00e1n\u00ed\",\"item\":\"https:\\\/\\\/www.skolamichael.cz\\\/cs\\\/projekty\\\/cesta-ke-vzdelani\\\/\"},{\"@type\":\"ListItem\",\"position\":4,\"name\":\"Management a produkce: V\u00edde\u0148, m\u011bsto mnoha um\u011bleck\u00fdch styl\u016f\"}]},{\"@type\":\"WebSite\",\"@id\":\"https:\\\/\\\/www.skolamichael.cz\\\/cs\\\/#website\",\"url\":\"https:\\\/\\\/www.skolamichael.cz\\\/cs\\\/\",\"name\":\"MICHAEL\",\"description\":\"St\u0159edn\u00ed \u0161kola, Gymn\u00e1zium a Vy\u0161\u0161\u00ed odborn\u00e1 \u0161kola\",\"publisher\":{\"@id\":\"https:\\\/\\\/www.skolamichael.cz\\\/cs\\\/#organization\"},\"alternateName\":\"St\u0159edn\u00ed \u0161kola, Gymn\u00e1zium a Vy\u0161\u0161\u00ed odborn\u00e1 \u0161kola\",\"potentialAction\":[{\"@type\":\"SearchAction\",\"target\":{\"@type\":\"EntryPoint\",\"urlTemplate\":\"https:\\\/\\\/www.skolamichael.cz\\\/cs\\\/?s={search_term_string}\"},\"query-input\":{\"@type\":\"PropertyValueSpecification\",\"valueRequired\":true,\"valueName\":\"search_term_string\"}}],\"inLanguage\":\"cs\"},{\"@type\":\"Organization\",\"@id\":\"https:\\\/\\\/www.skolamichael.cz\\\/cs\\\/#organization\",\"name\":\"Michael \u2013 St\u0159edn\u00ed \u0161kola, Gymn\u00e1zium a Vy\u0161\u0161\u00ed odborn\u00e1 \u0161kola, s.r.o.\",\"url\":\"https:\\\/\\\/www.skolamichael.cz\\\/cs\\\/\",\"logo\":{\"@type\":\"ImageObject\",\"inLanguage\":\"cs\",\"@id\":\"https:\\\/\\\/www.skolamichael.cz\\\/cs\\\/#\\\/schema\\\/logo\\\/image\\\/\",\"url\":\"https:\\\/\\\/www.skolamichael.cz\\\/wp-content\\\/uploads\\\/2019\\\/03\\\/logo_michael_final_ctverec1-1.jpg\",\"contentUrl\":\"https:\\\/\\\/www.skolamichael.cz\\\/wp-content\\\/uploads\\\/2019\\\/03\\\/logo_michael_final_ctverec1-1.jpg\",\"width\":400,\"height\":400,\"caption\":\"Michael \u2013 St\u0159edn\u00ed \u0161kola, Gymn\u00e1zium a Vy\u0161\u0161\u00ed odborn\u00e1 \u0161kola, s.r.o.\"},\"image\":{\"@id\":\"https:\\\/\\\/www.skolamichael.cz\\\/cs\\\/#\\\/schema\\\/logo\\\/image\\\/\"},\"sameAs\":[\"http:\\\/\\\/www.facebook.com\\\/skolamichael\",\"https:\\\/\\\/www.instagram.com\\\/skola_michael\\\/\"]}]}<\/script>\n<!-- \/ Yoast SEO plugin. -->","yoast_head_json":{"title":"Management a produkce: V\u00edde\u0148, m\u011bsto mnoha um\u011bleck\u00fdch styl\u016f | MICHAEL","robots":{"index":"index","follow":"follow","max-snippet":"max-snippet:-1","max-image-preview":"max-image-preview:large","max-video-preview":"max-video-preview:-1"},"canonical":"https:\/\/www.skolamichael.cz\/cs\/projekty\/cesta-ke-vzdelani\/management-a-produkce-viden-mesto-mnoha-umeleckych-stylu\/","og_locale":"cs_CZ","og_type":"article","og_title":"Management a produkce: V\u00edde\u0148, m\u011bsto mnoha um\u011bleck\u00fdch styl\u016f | MICHAEL","og_description":"Nada\u010dn\u00ed fond: Cesta ke vzd\u011bl\u00e1n\u00ed \u2013 16. v\u00fdzva N\u00e1zev projektu: V\u00edde\u0148, m\u011bsto mnoha um\u011bleck\u00fdch styl\u016f Stru\u010dn\u00fd popis projektu: N\u00e1v\u0161t\u011bva V\u00eddn\u011b dvaceti dv\u011bma studenty a dv\u011bma kantory v\u00a0dob\u011b od 26.-27.11.2024. Exkurze student\u016fm p\u0159inesla vhled do problematiky um\u011blecko-pam\u00e1tkov\u00e9ho v\u00fdvoje m\u011bsta na p\u0159\u00edkladu urbanistick\u00e9ho v\u00fdvoje V\u00eddn\u011b a d\u00edky n\u00e1v\u0161t\u011bv\u011b galerie poznali nejen architektonick\u00fd v\u00fdvoj, ale i jin\u00e9 druhy [&hellip;]","og_url":"https:\/\/www.skolamichael.cz\/cs\/projekty\/cesta-ke-vzdelani\/management-a-produkce-viden-mesto-mnoha-umeleckych-stylu\/","og_site_name":"MICHAEL","article_publisher":"http:\/\/www.facebook.com\/skolamichael","og_image":[{"url":"https:\/\/www.skolamichael.cz\/wp-content\/uploads\/2025\/01\/viden.png","type":"","width":"","height":""}],"twitter_card":"summary_large_image","twitter_misc":{"Odhadovan\u00e1 doba \u010dten\u00ed":"2 minuty"},"schema":{"@context":"https:\/\/schema.org","@graph":[{"@type":"WebPage","@id":"https:\/\/www.skolamichael.cz\/cs\/projekty\/cesta-ke-vzdelani\/management-a-produkce-viden-mesto-mnoha-umeleckych-stylu\/","url":"https:\/\/www.skolamichael.cz\/cs\/projekty\/cesta-ke-vzdelani\/management-a-produkce-viden-mesto-mnoha-umeleckych-stylu\/","name":"Management a produkce: V\u00edde\u0148, m\u011bsto mnoha um\u011bleck\u00fdch styl\u016f | MICHAEL","isPartOf":{"@id":"https:\/\/www.skolamichael.cz\/cs\/#website"},"datePublished":"2025-01-30T17:31:51+00:00","breadcrumb":{"@id":"https:\/\/www.skolamichael.cz\/cs\/projekty\/cesta-ke-vzdelani\/management-a-produkce-viden-mesto-mnoha-umeleckych-stylu\/#breadcrumb"},"inLanguage":"cs","potentialAction":[{"@type":"ReadAction","target":["https:\/\/www.skolamichael.cz\/cs\/projekty\/cesta-ke-vzdelani\/management-a-produkce-viden-mesto-mnoha-umeleckych-stylu\/"]}]},{"@type":"BreadcrumbList","@id":"https:\/\/www.skolamichael.cz\/cs\/projekty\/cesta-ke-vzdelani\/management-a-produkce-viden-mesto-mnoha-umeleckych-stylu\/#breadcrumb","itemListElement":[{"@type":"ListItem","position":1,"name":"Dom\u016f","item":"https:\/\/www.skolamichael.cz\/cs\/"},{"@type":"ListItem","position":2,"name":"Projekty a st\u00e1\u017ee","item":"https:\/\/www.skolamichael.cz\/cs\/projekty\/"},{"@type":"ListItem","position":3,"name":"Cesta ke vzd\u011bl\u00e1n\u00ed","item":"https:\/\/www.skolamichael.cz\/cs\/projekty\/cesta-ke-vzdelani\/"},{"@type":"ListItem","position":4,"name":"Management a produkce: V\u00edde\u0148, m\u011bsto mnoha um\u011bleck\u00fdch styl\u016f"}]},{"@type":"WebSite","@id":"https:\/\/www.skolamichael.cz\/cs\/#website","url":"https:\/\/www.skolamichael.cz\/cs\/","name":"MICHAEL","description":"St\u0159edn\u00ed \u0161kola, Gymn\u00e1zium a Vy\u0161\u0161\u00ed odborn\u00e1 \u0161kola","publisher":{"@id":"https:\/\/www.skolamichael.cz\/cs\/#organization"},"alternateName":"St\u0159edn\u00ed \u0161kola, Gymn\u00e1zium a Vy\u0161\u0161\u00ed odborn\u00e1 \u0161kola","potentialAction":[{"@type":"SearchAction","target":{"@type":"EntryPoint","urlTemplate":"https:\/\/www.skolamichael.cz\/cs\/?s={search_term_string}"},"query-input":{"@type":"PropertyValueSpecification","valueRequired":true,"valueName":"search_term_string"}}],"inLanguage":"cs"},{"@type":"Organization","@id":"https:\/\/www.skolamichael.cz\/cs\/#organization","name":"Michael \u2013 St\u0159edn\u00ed \u0161kola, Gymn\u00e1zium a Vy\u0161\u0161\u00ed odborn\u00e1 \u0161kola, s.r.o.","url":"https:\/\/www.skolamichael.cz\/cs\/","logo":{"@type":"ImageObject","inLanguage":"cs","@id":"https:\/\/www.skolamichael.cz\/cs\/#\/schema\/logo\/image\/","url":"https:\/\/www.skolamichael.cz\/wp-content\/uploads\/2019\/03\/logo_michael_final_ctverec1-1.jpg","contentUrl":"https:\/\/www.skolamichael.cz\/wp-content\/uploads\/2019\/03\/logo_michael_final_ctverec1-1.jpg","width":400,"height":400,"caption":"Michael \u2013 St\u0159edn\u00ed \u0161kola, Gymn\u00e1zium a Vy\u0161\u0161\u00ed odborn\u00e1 \u0161kola, s.r.o."},"image":{"@id":"https:\/\/www.skolamichael.cz\/cs\/#\/schema\/logo\/image\/"},"sameAs":["http:\/\/www.facebook.com\/skolamichael","https:\/\/www.instagram.com\/skola_michael\/"]}]}},"_links":{"self":[{"href":"https:\/\/www.skolamichael.cz\/cs\/wp-json\/wp\/v2\/pages\/16953","targetHints":{"allow":["GET"]}}],"collection":[{"href":"https:\/\/www.skolamichael.cz\/cs\/wp-json\/wp\/v2\/pages"}],"about":[{"href":"https:\/\/www.skolamichael.cz\/cs\/wp-json\/wp\/v2\/types\/page"}],"author":[{"embeddable":true,"href":"https:\/\/www.skolamichael.cz\/cs\/wp-json\/wp\/v2\/users\/19"}],"replies":[{"embeddable":true,"href":"https:\/\/www.skolamichael.cz\/cs\/wp-json\/wp\/v2\/comments?post=16953"}],"version-history":[{"count":1,"href":"https:\/\/www.skolamichael.cz\/cs\/wp-json\/wp\/v2\/pages\/16953\/revisions"}],"predecessor-version":[{"id":16956,"href":"https:\/\/www.skolamichael.cz\/cs\/wp-json\/wp\/v2\/pages\/16953\/revisions\/16956"}],"up":[{"embeddable":true,"href":"https:\/\/www.skolamichael.cz\/cs\/wp-json\/wp\/v2\/pages\/10712"}],"wp:attachment":[{"href":"https:\/\/www.skolamichael.cz\/cs\/wp-json\/wp\/v2\/media?parent=16953"}],"curies":[{"name":"wp","href":"https:\/\/api.w.org\/{rel}","templated":true}]}}