{"id":22,"date":"2018-08-22T14:36:56","date_gmt":"2018-08-22T12:36:56","guid":{"rendered":"https:\/\/www.skolamichael.cz\/?page_id=22"},"modified":"2026-04-28T09:23:24","modified_gmt":"2026-04-28T07:23:24","slug":"zajemci-o-studium","status":"publish","type":"page","link":"https:\/\/www.skolamichael.cz\/cs\/zajemci-o-studium\/","title":{"rendered":"Z\u00e1jemci o studium"},"content":{"rendered":"<hr \/>\n<h4><a href=\"https:\/\/www.skolamichael.cz\/zajemci-o-studium\/dny-otevrenych-dveri\/\">DNY OTEV\u0158EN\u00ddCH DVE\u0158\u00cd<\/a><\/h4>\n<h4><a href=\"https:\/\/www.skolamichael.cz\/zajemci-o-studium\/pripravne-kurzy\/\">P\u0158\u00cdPRAVN\u00c9 KURZY<\/a><\/h4>\n<h4><a href=\"https:\/\/www.skolamichael.cz\/zajemci-o-studium\/skolne\/\">\u0160KOLN\u00c9<\/a><\/h4>\n<hr \/>\n<h2><span data-olk-copy-source=\"MessageBody\">2. kolo p\u0159ij\u00edmac\u00edho \u0159\u00edzen\u00ed pro \u0161koln\u00ed rok 2026\/2027<\/span><\/h2>\n\n<div class=\"wpcf7 no-js\" id=\"wpcf7-f32091-o1\" lang=\"cs-CZ\" dir=\"ltr\" data-wpcf7-id=\"32091\">\n<div class=\"screen-reader-response\"><p role=\"status\" aria-live=\"polite\" aria-atomic=\"true\"><\/p> <ul><\/ul><\/div>\n<form action=\"\/cs\/wp-json\/wp\/v2\/pages\/22#wpcf7-f32091-o1\" method=\"post\" class=\"wpcf7-form init mb-5\" aria-label=\"Kontaktn\u00ed formul\u00e1\u0159\" novalidate=\"novalidate\" data-status=\"init\">\n<fieldset class=\"hidden-fields-container\"><input type=\"hidden\" name=\"_wpcf7\" value=\"32091\" \/><input type=\"hidden\" name=\"_wpcf7_version\" value=\"6.1.5\" \/><input type=\"hidden\" name=\"_wpcf7_locale\" value=\"cs_CZ\" \/><input type=\"hidden\" name=\"_wpcf7_unit_tag\" value=\"wpcf7-f32091-o1\" \/><input type=\"hidden\" name=\"_wpcf7_container_post\" value=\"0\" \/><input type=\"hidden\" name=\"_wpcf7_posted_data_hash\" value=\"\" \/><input type=\"hidden\" name=\"_wpcf7_recaptcha_response\" value=\"\" \/>\n<\/fieldset>\n<div class=\"contact-form\">\n<p>Zanechte n\u00e1m kontakt a z\u00edskejte aktu\u00e1ln\u00ed informace o p\u0159ij\u00edmac\u00edm \u0159\u00edzen\u00ed a d\u016fle\u017eit\u00e9 term\u00edny jako prvn\u00ed.<\/p>\n<div class=\"row\">\n<div class=\"col-12 col-md-6\">\n<span class=\"wpcf7-form-control-wrap\" data-name=\"select-field\"><select class=\"wpcf7-form-control wpcf7-select wpcf7-validates-as-required form-control\" aria-required=\"true\" aria-invalid=\"false\" name=\"select-field\"><option value=\"\">Vyberte obor, o kter\u00fd m\u00e1te z\u00e1jem<\/option><option value=\"Filmov\u00e1 tvorba\">Filmov\u00e1 tvorba<\/option><option value=\"Design interi\u00e9ru\">Design interi\u00e9ru<\/option><option value=\"Fotografie a nov\u00e1 m\u00e9dia\">Fotografie a nov\u00e1 m\u00e9dia<\/option><option value=\"Grafick\u00fd design\">Grafick\u00fd design<\/option><option value=\"Game design\">Game design<\/option><option value=\"Management a produkce\">Management a produkce<\/option><\/select><\/span>\n<span id=\"wpcf7-69f49bb904b6e-wrapper\" class=\"wpcf7-form-control-wrap website-wrap\" style=\"display:none !important; visibility:hidden !important;\"><label for=\"wpcf7-69f49bb904b6e-field\" class=\"hp-message\">Ponechte toto pole pr\u00e1zdn\u00e9.<\/label><input id=\"wpcf7-69f49bb904b6e-field\"  class=\"wpcf7-form-control wpcf7-text\" type=\"text\" name=\"website\" value=\"\" size=\"40\" tabindex=\"-1\" autocomplete=\"new-password\" \/><\/span>\n<\/div>\n<div class=\"col-12 col-md-6\">\n<span class=\"wpcf7-form-control-wrap\" data-name=\"your-email\"><input size=\"40\" maxlength=\"400\" class=\"wpcf7-form-control wpcf7-email wpcf7-validates-as-required wpcf7-text wpcf7-validates-as-email\" aria-required=\"true\" aria-invalid=\"false\" placeholder=\"E-mailov\u00e1 adresa (vy\u017eadov\u00e1no)\" value=\"\" type=\"email\" name=\"your-email\" \/><\/span>\n<\/div>\n<\/div>\n<div class=\"row justify-content-center\">\n<div class=\"col-12 col-md-8 col-xl-9\">\n<small><em>Va\u0161e informace budou zpracov\u00e1ny provozovatelem webu dle na\u0159\u00edzen\u00ed (EU) 2016\/679 (GDPR) a&nbsp;pou\u017eity pouze pro \u00fa\u010dely zp\u011btn\u00e9ho kontaktov\u00e1n\u00ed na z\u00e1klad\u011b vypln\u011bn\u00e9ho formul\u00e1\u0159e. Nebudou poskytnuty t\u0159et\u00edm stran\u00e1m ani pou\u017eity pro marketingov\u00e9 \u00fa\u010dely.<\/em><\/small>\n<\/div>\n<div class=\"col-12 col-md-4 col-xl-3 text-right\">\n<input class=\"wpcf7-form-control wpcf7-submit has-spinner btn btn-xl-200\" type=\"submit\" value=\"Odeslat\" \/>\n<\/div>\n<\/div>\n<\/div><div class=\"wpcf7-response-output\" aria-hidden=\"true\"><\/div>\n<\/form>\n<\/div>\n\n<h4><strong><span style=\"text-decoration: underline;\">P\u0159ihl\u00e1\u0161ky se pod\u00e1vaj\u00ed<\/span><\/strong><\/h4>\n<ul>\n<li class=\"x_MsoNormal\"><strong>od 19. 5. do 25. 5. 2026<\/strong><\/li>\n<\/ul>\n<ul type=\"disc\">\n<li class=\"x_MsoListParagraph\"><a href=\"https:\/\/dipsy.gov.cz\/prihlaska\/intro\"><strong>elektronicky p\u0159es syst\u00e9m DiPSy<\/strong><\/a> (<strong>varianta doporu\u010den\u00e1 \u0161kolou<\/strong>)<\/li>\n<li class=\"x_MsoListParagraph\">na pap\u00edrov\u00e9m <a href=\"https:\/\/www.skolamichael.cz\/wp-content\/uploads\/2024\/09\/Prihlaska_2023-2024_edit.pdf\">tiskopisu<\/a> (zp\u016fsob doru\u010den\u00ed: doporu\u010denou po\u0161tou nebo datovou schr\u00e1nkou nebo osobn\u011b)<\/li>\n<\/ul>\n<p>Pro druh\u00e9 kolo p\u0159ij\u00edmac\u00edho \u0159\u00edzen\u00ed m\u016f\u017ee uchaze\u010d podat p\u0159ihl\u00e1\u0161ku nejv\u00fd\u0161e do 3 obor\u016f st\u0159edn\u00edho vzd\u011bl\u00e1n\u00ed bez talentov\u00e9 zkou\u0161ky a do 2 obor\u016f s\u00a0talentovou zkou\u0161kou. Uchaze\u010d v\u00a0p\u0159ihl\u00e1\u0161ce uvede po\u0159ad\u00ed obor\u016f dle sv\u00e9 osobn\u00ed p\u0159ednostn\u00ed volby.\u00a0<b>Po uplynut\u00ed term\u00ednu pro pod\u00e1n\u00ed p\u0159ihl\u00e1\u0161ky nelze po\u0159ad\u00ed obor\u016f m\u011bnit.<\/b><\/p>\n<h4><a href=\"https:\/\/www.youtube.com\/watch?v=XX9ltVUhjZM\" target=\"_blank\" rel=\"noopener\"><img loading=\"lazy\" decoding=\"async\" class=\"alignnone size-full wp-image-13991\" src=\"https:\/\/www.skolamichael.cz\/wp-content\/uploads\/2024\/09\/prihlaska_dipsy_ZZ.png\" alt=\"\" width=\"577\" height=\"307\" srcset=\"https:\/\/www.skolamichael.cz\/wp-content\/uploads\/2024\/09\/prihlaska_dipsy_ZZ.png 577w, https:\/\/www.skolamichael.cz\/wp-content\/uploads\/2024\/09\/prihlaska_dipsy_ZZ-300x160.png 300w\" sizes=\"auto, (max-width: 577px) 100vw, 577px\" \/><\/a><\/h4>\n<h4><\/h4>\n","protected":false},"excerpt":{"rendered":"<p>DNY OTEV\u0158EN\u00ddCH DVE\u0158\u00cd P\u0158\u00cdPRAVN\u00c9 KURZY \u0160KOLN\u00c9 2. kolo p\u0159ij\u00edmac\u00edho \u0159\u00edzen\u00ed pro \u0161koln\u00ed rok 2026\/2027 P\u0159ihl\u00e1\u0161ky se pod\u00e1vaj\u00ed od 19. 5. do 25. 5. 2026 elektronicky p\u0159es syst\u00e9m DiPSy (varianta doporu\u010den\u00e1 \u0161kolou) na pap\u00edrov\u00e9m tiskopisu (zp\u016fsob doru\u010den\u00ed: doporu\u010denou po\u0161tou nebo datovou schr\u00e1nkou nebo osobn\u011b) Pro druh\u00e9 kolo p\u0159ij\u00edmac\u00edho \u0159\u00edzen\u00ed m\u016f\u017ee uchaze\u010d podat p\u0159ihl\u00e1\u0161ku nejv\u00fd\u0161e do 3 [&hellip;]<\/p>\n","protected":false},"author":16,"featured_media":0,"parent":0,"menu_order":0,"comment_status":"closed","ping_status":"closed","template":"page-applicant.php","meta":{"_acf_changed":false,"footnotes":""},"class_list":["post-22","page","type-page","status-publish","hentry"],"acf":[],"yoast_head":"<!-- This site is optimized with the Yoast SEO plugin v27.4 - https:\/\/yoast.com\/product\/yoast-seo-wordpress\/ -->\n<title>Z\u00e1jemci o studium | MICHAEL<\/title>\n<meta name=\"robots\" content=\"index, follow, max-snippet:-1, max-image-preview:large, max-video-preview:-1\" \/>\n<link rel=\"canonical\" href=\"https:\/\/www.skolamichael.cz\/cs\/zajemci-o-studium\/\" \/>\n<meta property=\"og:locale\" content=\"cs_CZ\" \/>\n<meta property=\"og:type\" content=\"article\" \/>\n<meta property=\"og:title\" content=\"Z\u00e1jemci o studium | MICHAEL\" \/>\n<meta property=\"og:description\" content=\"DNY OTEV\u0158EN\u00ddCH DVE\u0158\u00cd P\u0158\u00cdPRAVN\u00c9 KURZY \u0160KOLN\u00c9 2. kolo p\u0159ij\u00edmac\u00edho \u0159\u00edzen\u00ed pro \u0161koln\u00ed rok 2026\/2027 P\u0159ihl\u00e1\u0161ky se pod\u00e1vaj\u00ed od 19. 5. do 25. 5. 2026 elektronicky p\u0159es syst\u00e9m DiPSy (varianta doporu\u010den\u00e1 \u0161kolou) na pap\u00edrov\u00e9m tiskopisu (zp\u016fsob doru\u010den\u00ed: doporu\u010denou po\u0161tou nebo datovou schr\u00e1nkou nebo osobn\u011b) Pro druh\u00e9 kolo p\u0159ij\u00edmac\u00edho \u0159\u00edzen\u00ed m\u016f\u017ee uchaze\u010d podat p\u0159ihl\u00e1\u0161ku nejv\u00fd\u0161e do 3 [&hellip;]\" \/>\n<meta property=\"og:url\" content=\"https:\/\/www.skolamichael.cz\/cs\/zajemci-o-studium\/\" \/>\n<meta property=\"og:site_name\" content=\"MICHAEL\" \/>\n<meta property=\"article:publisher\" content=\"http:\/\/www.facebook.com\/skolamichael\" \/>\n<meta property=\"article:modified_time\" content=\"2026-04-28T07:23:24+00:00\" \/>\n<meta property=\"og:image\" content=\"https:\/\/www.skolamichael.cz\/wp-content\/uploads\/2024\/09\/prihlaska_dipsy_ZZ.png\" \/>\n\t<meta property=\"og:image:width\" content=\"577\" \/>\n\t<meta property=\"og:image:height\" content=\"307\" \/>\n\t<meta property=\"og:image:type\" content=\"image\/png\" \/>\n<meta name=\"twitter:card\" content=\"summary_large_image\" \/>\n<meta name=\"twitter:label1\" content=\"Odhadovan\u00e1 doba \u010dten\u00ed\" \/>\n\t<meta name=\"twitter:data1\" content=\"1 minuta\" \/>\n<script type=\"application\/ld+json\" class=\"yoast-schema-graph\">{\"@context\":\"https:\\\/\\\/schema.org\",\"@graph\":[{\"@type\":[\"WebPage\",\"QAPage\"],\"@id\":\"https:\\\/\\\/www.skolamichael.cz\\\/cs\\\/zajemci-o-studium\\\/\",\"url\":\"https:\\\/\\\/www.skolamichael.cz\\\/cs\\\/zajemci-o-studium\\\/\",\"name\":\"Z\u00e1jemci o studium | MICHAEL\",\"isPartOf\":{\"@id\":\"https:\\\/\\\/www.skolamichael.cz\\\/cs\\\/#website\"},\"primaryImageOfPage\":{\"@id\":\"https:\\\/\\\/www.skolamichael.cz\\\/cs\\\/zajemci-o-studium\\\/#primaryimage\"},\"image\":{\"@id\":\"https:\\\/\\\/www.skolamichael.cz\\\/cs\\\/zajemci-o-studium\\\/#primaryimage\"},\"thumbnailUrl\":\"https:\\\/\\\/www.skolamichael.cz\\\/wp-content\\\/uploads\\\/2024\\\/09\\\/prihlaska_dipsy_ZZ.png\",\"datePublished\":\"2018-08-22T12:36:56+00:00\",\"dateModified\":\"2026-04-28T07:23:24+00:00\",\"breadcrumb\":{\"@id\":\"https:\\\/\\\/www.skolamichael.cz\\\/cs\\\/zajemci-o-studium\\\/#breadcrumb\"},\"inLanguage\":\"cs\",\"potentialAction\":[{\"@type\":\"ReadAction\",\"target\":[\"https:\\\/\\\/www.skolamichael.cz\\\/cs\\\/zajemci-o-studium\\\/\"]}]},{\"@type\":\"ImageObject\",\"inLanguage\":\"cs\",\"@id\":\"https:\\\/\\\/www.skolamichael.cz\\\/cs\\\/zajemci-o-studium\\\/#primaryimage\",\"url\":\"https:\\\/\\\/www.skolamichael.cz\\\/wp-content\\\/uploads\\\/2024\\\/09\\\/prihlaska_dipsy_ZZ.png\",\"contentUrl\":\"https:\\\/\\\/www.skolamichael.cz\\\/wp-content\\\/uploads\\\/2024\\\/09\\\/prihlaska_dipsy_ZZ.png\"},{\"@type\":\"BreadcrumbList\",\"@id\":\"https:\\\/\\\/www.skolamichael.cz\\\/cs\\\/zajemci-o-studium\\\/#breadcrumb\",\"itemListElement\":[{\"@type\":\"ListItem\",\"position\":1,\"name\":\"Dom\u016f\",\"item\":\"https:\\\/\\\/www.skolamichael.cz\\\/cs\\\/\"},{\"@type\":\"ListItem\",\"position\":2,\"name\":\"Z\u00e1jemci o studium\"}]},{\"@type\":\"WebSite\",\"@id\":\"https:\\\/\\\/www.skolamichael.cz\\\/cs\\\/#website\",\"url\":\"https:\\\/\\\/www.skolamichael.cz\\\/cs\\\/\",\"name\":\"MICHAEL\",\"description\":\"St\u0159edn\u00ed \u0161kola, Gymn\u00e1zium a Vy\u0161\u0161\u00ed odborn\u00e1 \u0161kola\",\"publisher\":{\"@id\":\"https:\\\/\\\/www.skolamichael.cz\\\/cs\\\/#organization\"},\"alternateName\":\"St\u0159edn\u00ed \u0161kola, Gymn\u00e1zium a Vy\u0161\u0161\u00ed odborn\u00e1 \u0161kola\",\"potentialAction\":[{\"@type\":\"SearchAction\",\"target\":{\"@type\":\"EntryPoint\",\"urlTemplate\":\"https:\\\/\\\/www.skolamichael.cz\\\/cs\\\/?s={search_term_string}\"},\"query-input\":{\"@type\":\"PropertyValueSpecification\",\"valueRequired\":true,\"valueName\":\"search_term_string\"}}],\"inLanguage\":\"cs\"},{\"@type\":\"Organization\",\"@id\":\"https:\\\/\\\/www.skolamichael.cz\\\/cs\\\/#organization\",\"name\":\"Michael \u2013 St\u0159edn\u00ed \u0161kola, Gymn\u00e1zium a Vy\u0161\u0161\u00ed odborn\u00e1 \u0161kola, s.r.o.\",\"url\":\"https:\\\/\\\/www.skolamichael.cz\\\/cs\\\/\",\"logo\":{\"@type\":\"ImageObject\",\"inLanguage\":\"cs\",\"@id\":\"https:\\\/\\\/www.skolamichael.cz\\\/cs\\\/#\\\/schema\\\/logo\\\/image\\\/\",\"url\":\"https:\\\/\\\/www.skolamichael.cz\\\/wp-content\\\/uploads\\\/2019\\\/03\\\/logo_michael_final_ctverec1-1.jpg\",\"contentUrl\":\"https:\\\/\\\/www.skolamichael.cz\\\/wp-content\\\/uploads\\\/2019\\\/03\\\/logo_michael_final_ctverec1-1.jpg\",\"width\":400,\"height\":400,\"caption\":\"Michael \u2013 St\u0159edn\u00ed \u0161kola, Gymn\u00e1zium a Vy\u0161\u0161\u00ed odborn\u00e1 \u0161kola, s.r.o.\"},\"image\":{\"@id\":\"https:\\\/\\\/www.skolamichael.cz\\\/cs\\\/#\\\/schema\\\/logo\\\/image\\\/\"},\"sameAs\":[\"http:\\\/\\\/www.facebook.com\\\/skolamichael\",\"https:\\\/\\\/www.instagram.com\\\/skola_michael\\\/\"]}]}<\/script>\n<!-- \/ Yoast SEO plugin. -->","yoast_head_json":{"title":"Z\u00e1jemci o studium | MICHAEL","robots":{"index":"index","follow":"follow","max-snippet":"max-snippet:-1","max-image-preview":"max-image-preview:large","max-video-preview":"max-video-preview:-1"},"canonical":"https:\/\/www.skolamichael.cz\/cs\/zajemci-o-studium\/","og_locale":"cs_CZ","og_type":"article","og_title":"Z\u00e1jemci o studium | MICHAEL","og_description":"DNY OTEV\u0158EN\u00ddCH DVE\u0158\u00cd P\u0158\u00cdPRAVN\u00c9 KURZY \u0160KOLN\u00c9 2. kolo p\u0159ij\u00edmac\u00edho \u0159\u00edzen\u00ed pro \u0161koln\u00ed rok 2026\/2027 P\u0159ihl\u00e1\u0161ky se pod\u00e1vaj\u00ed od 19. 5. do 25. 5. 2026 elektronicky p\u0159es syst\u00e9m DiPSy (varianta doporu\u010den\u00e1 \u0161kolou) na pap\u00edrov\u00e9m tiskopisu (zp\u016fsob doru\u010den\u00ed: doporu\u010denou po\u0161tou nebo datovou schr\u00e1nkou nebo osobn\u011b) Pro druh\u00e9 kolo p\u0159ij\u00edmac\u00edho \u0159\u00edzen\u00ed m\u016f\u017ee uchaze\u010d podat p\u0159ihl\u00e1\u0161ku nejv\u00fd\u0161e do 3 [&hellip;]","og_url":"https:\/\/www.skolamichael.cz\/cs\/zajemci-o-studium\/","og_site_name":"MICHAEL","article_publisher":"http:\/\/www.facebook.com\/skolamichael","article_modified_time":"2026-04-28T07:23:24+00:00","og_image":[{"width":577,"height":307,"url":"https:\/\/www.skolamichael.cz\/wp-content\/uploads\/2024\/09\/prihlaska_dipsy_ZZ.png","type":"image\/png"}],"twitter_card":"summary_large_image","twitter_misc":{"Odhadovan\u00e1 doba \u010dten\u00ed":"1 minuta"},"schema":{"@context":"https:\/\/schema.org","@graph":[{"@type":["WebPage","QAPage"],"@id":"https:\/\/www.skolamichael.cz\/cs\/zajemci-o-studium\/","url":"https:\/\/www.skolamichael.cz\/cs\/zajemci-o-studium\/","name":"Z\u00e1jemci o studium | MICHAEL","isPartOf":{"@id":"https:\/\/www.skolamichael.cz\/cs\/#website"},"primaryImageOfPage":{"@id":"https:\/\/www.skolamichael.cz\/cs\/zajemci-o-studium\/#primaryimage"},"image":{"@id":"https:\/\/www.skolamichael.cz\/cs\/zajemci-o-studium\/#primaryimage"},"thumbnailUrl":"https:\/\/www.skolamichael.cz\/wp-content\/uploads\/2024\/09\/prihlaska_dipsy_ZZ.png","datePublished":"2018-08-22T12:36:56+00:00","dateModified":"2026-04-28T07:23:24+00:00","breadcrumb":{"@id":"https:\/\/www.skolamichael.cz\/cs\/zajemci-o-studium\/#breadcrumb"},"inLanguage":"cs","potentialAction":[{"@type":"ReadAction","target":["https:\/\/www.skolamichael.cz\/cs\/zajemci-o-studium\/"]}]},{"@type":"ImageObject","inLanguage":"cs","@id":"https:\/\/www.skolamichael.cz\/cs\/zajemci-o-studium\/#primaryimage","url":"https:\/\/www.skolamichael.cz\/wp-content\/uploads\/2024\/09\/prihlaska_dipsy_ZZ.png","contentUrl":"https:\/\/www.skolamichael.cz\/wp-content\/uploads\/2024\/09\/prihlaska_dipsy_ZZ.png"},{"@type":"BreadcrumbList","@id":"https:\/\/www.skolamichael.cz\/cs\/zajemci-o-studium\/#breadcrumb","itemListElement":[{"@type":"ListItem","position":1,"name":"Dom\u016f","item":"https:\/\/www.skolamichael.cz\/cs\/"},{"@type":"ListItem","position":2,"name":"Z\u00e1jemci o studium"}]},{"@type":"WebSite","@id":"https:\/\/www.skolamichael.cz\/cs\/#website","url":"https:\/\/www.skolamichael.cz\/cs\/","name":"MICHAEL","description":"St\u0159edn\u00ed \u0161kola, Gymn\u00e1zium a Vy\u0161\u0161\u00ed odborn\u00e1 \u0161kola","publisher":{"@id":"https:\/\/www.skolamichael.cz\/cs\/#organization"},"alternateName":"St\u0159edn\u00ed \u0161kola, Gymn\u00e1zium a Vy\u0161\u0161\u00ed odborn\u00e1 \u0161kola","potentialAction":[{"@type":"SearchAction","target":{"@type":"EntryPoint","urlTemplate":"https:\/\/www.skolamichael.cz\/cs\/?s={search_term_string}"},"query-input":{"@type":"PropertyValueSpecification","valueRequired":true,"valueName":"search_term_string"}}],"inLanguage":"cs"},{"@type":"Organization","@id":"https:\/\/www.skolamichael.cz\/cs\/#organization","name":"Michael \u2013 St\u0159edn\u00ed \u0161kola, Gymn\u00e1zium a Vy\u0161\u0161\u00ed odborn\u00e1 \u0161kola, s.r.o.","url":"https:\/\/www.skolamichael.cz\/cs\/","logo":{"@type":"ImageObject","inLanguage":"cs","@id":"https:\/\/www.skolamichael.cz\/cs\/#\/schema\/logo\/image\/","url":"https:\/\/www.skolamichael.cz\/wp-content\/uploads\/2019\/03\/logo_michael_final_ctverec1-1.jpg","contentUrl":"https:\/\/www.skolamichael.cz\/wp-content\/uploads\/2019\/03\/logo_michael_final_ctverec1-1.jpg","width":400,"height":400,"caption":"Michael \u2013 St\u0159edn\u00ed \u0161kola, Gymn\u00e1zium a Vy\u0161\u0161\u00ed odborn\u00e1 \u0161kola, s.r.o."},"image":{"@id":"https:\/\/www.skolamichael.cz\/cs\/#\/schema\/logo\/image\/"},"sameAs":["http:\/\/www.facebook.com\/skolamichael","https:\/\/www.instagram.com\/skola_michael\/"]}]}},"_links":{"self":[{"href":"https:\/\/www.skolamichael.cz\/cs\/wp-json\/wp\/v2\/pages\/22","targetHints":{"allow":["GET"]}}],"collection":[{"href":"https:\/\/www.skolamichael.cz\/cs\/wp-json\/wp\/v2\/pages"}],"about":[{"href":"https:\/\/www.skolamichael.cz\/cs\/wp-json\/wp\/v2\/types\/page"}],"author":[{"embeddable":true,"href":"https:\/\/www.skolamichael.cz\/cs\/wp-json\/wp\/v2\/users\/16"}],"replies":[{"embeddable":true,"href":"https:\/\/www.skolamichael.cz\/cs\/wp-json\/wp\/v2\/comments?post=22"}],"version-history":[{"count":242,"href":"https:\/\/www.skolamichael.cz\/cs\/wp-json\/wp\/v2\/pages\/22\/revisions"}],"predecessor-version":[{"id":32093,"href":"https:\/\/www.skolamichael.cz\/cs\/wp-json\/wp\/v2\/pages\/22\/revisions\/32093"}],"wp:attachment":[{"href":"https:\/\/www.skolamichael.cz\/cs\/wp-json\/wp\/v2\/media?parent=22"}],"curies":[{"name":"wp","href":"https:\/\/api.w.org\/{rel}","templated":true}]}}