{"id":23695,"date":"2025-07-10T11:15:42","date_gmt":"2025-07-10T09:15:42","guid":{"rendered":"https:\/\/www.skolamichael.cz\/?page_id=23695"},"modified":"2025-07-10T11:19:36","modified_gmt":"2025-07-10T09:19:36","slug":"erasmus-ka121-portugalsko-2","status":"publish","type":"page","link":"https:\/\/www.skolamichael.cz\/cs\/projekty\/erasmus-ka-121\/erasmus-ka121-portugalsko-2\/","title":{"rendered":"ERASMUS+ KA121 \u2013 Portugalsko"},"content":{"rendered":"<p>Na\u0161i studenti se ned\u00e1vno vypravili na nezapomenutelnou cestu v r\u00e1mci programu Erasmus+ do n\u00e1dhern\u00e9ho portugalsk\u00e9ho m\u011bsta Porto. Toto malebn\u00e9 m\u011bsto na pob\u0159e\u017e\u00ed Atlantiku se stalo nejen jejich do\u010dasn\u00fdm domovem, ale p\u0159edev\u0161\u00edm zdrojem nov\u00fdch z\u00e1\u017eitk\u016f, zku\u0161enost\u00ed a inspirace. Sou\u010d\u00e1st\u00ed programu byla n\u00e1v\u0161t\u011bva m\u00edstn\u00ed \u0161koly Escola Art\u00edstica de Soares dos Reis, kter\u00e1 v\u0161echny ohromila svou rozmanitou nab\u00eddkou studijn\u00edch obor\u016f i modern\u00edm, kr\u00e1sn\u011b vybaven\u00fdm z\u00e1zem\u00edm.<\/p>\n<p>Studenti zde m\u011bli mo\u017enost vyzkou\u0161et si fascinuj\u00edc\u00ed fotografickou techniku camera obscura, kterou n\u00e1sledn\u011b doplnili vlastn\u00edm procesem vyvol\u00e1n\u00ed sn\u00edmku v temn\u00e9 komo\u0159e. Dal\u0161\u00ed kreativn\u00ed aktivitou bylo malov\u00e1n\u00ed tradi\u010dn\u00edch portugalsk\u00fdch kachli\u010dek \u2013 azulejos, d\u00edky nim\u017e se bl\u00ed\u017ee sezn\u00e1mili s m\u00edstn\u00edm um\u011bn\u00edm a estetikou.<\/p>\n<p>Velmi inspirativn\u00edm momentem bylo tak\u00e9 setk\u00e1n\u00ed s hluchon\u011bm\u00fdmi studenty, kte\u0159\u00ed maj\u00ed ve \u0161kole svou samostatnou t\u0159\u00eddu. Tato zku\u0161enost p\u0159inesla na\u0161im student\u016fm nov\u00fd pohled na inkluzi a komunikaci. T\u00e9\u017e je obohatila po lidsk\u00e9 str\u00e1nce.<\/p>\n<p>Mimo \u0161koln\u00ed prost\u0159ed\u00ed \u010dekaly na studenty i r\u016fzn\u00e9 kreativn\u00ed \u00fakoly, kter\u00e9 jsou sou\u010d\u00e1st\u00ed programu Erasmus+. \u00da\u010dastn\u00edci se v\u011bnuj\u00ed tvorb\u011b plak\u00e1t\u016f, vide\u00ed a storytellingov\u00fdch projekt\u016f, p\u0159i\u010dem\u017e se inspiruj\u00ed portugalskou kulturou, m\u00edstn\u00edmi um\u011blci a kr\u00e1sami Porta. B\u011bhem pobytu studenti za\u017eili i ne\u010dekan\u00fd z\u00e1\u017eitek \u2013 blackout, kter\u00fd zas\u00e1hl cel\u00e9 Portugalsko. I kdy\u017e \u0161lo o dramatick\u00fd moment, v\u0161e na\u0161t\u011bst\u00ed dob\u0159e dopadlo a situaci v\u0161ichni zvl\u00e1dli s p\u0159ehledem. I d\u00edky tomu se cel\u00e1 zku\u0161enost stala o to intenzivn\u011bj\u0161\u00ed a nezapomenuteln\u011bj\u0161\u00ed. Pobyt byl tak\u00e9 pln\u00fd volno\u010dasov\u00fdch aktivit. Studenti nav\u0161t\u00edvili n\u011bkolik proslul\u00fdch galeri\u00ed, podnikli v\u00fdlety do okol\u00ed, smo\u010dili se v oce\u00e1nu a p\u0159edev\u0161\u00edm si u\u017e\u00edvali hezk\u00e9 chv\u00edle se sv\u00fdmi spolu\u017e\u00e1ky a pedagogy. Cel\u00fd pobyt se tak nesl v duchu objevov\u00e1n\u00ed, tvo\u0159ivosti a p\u0159\u00e1telsk\u00e9 atmosf\u00e9ry, kter\u00e1 z\u016fstane v\u0161em \u00fa\u010dastn\u00edk\u016fm dlouho v pam\u011bti.<\/p>\n<p>&nbsp;<\/p>\n<p>Kr\u00e1sn\u00e9 momentky zachytil student z v\u00fdpravy &#8211; Jakub Vrt\u00edlek<\/p>\n<p>&nbsp;<\/p>\n<div id='gallery-1' class='gallery galleryid-23695 gallery-columns-1 gallery-size-full'><figure class='gallery-item'>\n\t\t\t<div class='gallery-icon landscape'>\n\t\t\t\t<a href='https:\/\/www.skolamichael.cz\/wp-content\/uploads\/2025\/07\/350BA005-E214-4807-8116-F66985FF44CA.jpg'><img loading=\"lazy\" decoding=\"async\" width=\"1620\" height=\"1080\" src=\"https:\/\/www.skolamichael.cz\/wp-content\/uploads\/2025\/07\/350BA005-E214-4807-8116-F66985FF44CA.jpg\" class=\"attachment-full size-full\" alt=\"\" srcset=\"https:\/\/www.skolamichael.cz\/wp-content\/uploads\/2025\/07\/350BA005-E214-4807-8116-F66985FF44CA.jpg 1620w, https:\/\/www.skolamichael.cz\/wp-content\/uploads\/2025\/07\/350BA005-E214-4807-8116-F66985FF44CA-300x200.jpg 300w, https:\/\/www.skolamichael.cz\/wp-content\/uploads\/2025\/07\/350BA005-E214-4807-8116-F66985FF44CA-1024x683.jpg 1024w\" sizes=\"auto, (max-width: 1620px) 100vw, 1620px\" \/><\/a>\n\t\t\t<\/div><\/figure><figure class='gallery-item'>\n\t\t\t<div class='gallery-icon landscape'>\n\t\t\t\t<a href='https:\/\/www.skolamichael.cz\/wp-content\/uploads\/2025\/07\/42152D04-5DDF-4D14-85A7-B661379A6DBD.jpg'><img loading=\"lazy\" decoding=\"async\" width=\"1620\" height=\"1080\" src=\"https:\/\/www.skolamichael.cz\/wp-content\/uploads\/2025\/07\/42152D04-5DDF-4D14-85A7-B661379A6DBD.jpg\" class=\"attachment-full size-full\" alt=\"\" srcset=\"https:\/\/www.skolamichael.cz\/wp-content\/uploads\/2025\/07\/42152D04-5DDF-4D14-85A7-B661379A6DBD.jpg 1620w, https:\/\/www.skolamichael.cz\/wp-content\/uploads\/2025\/07\/42152D04-5DDF-4D14-85A7-B661379A6DBD-300x200.jpg 300w, https:\/\/www.skolamichael.cz\/wp-content\/uploads\/2025\/07\/42152D04-5DDF-4D14-85A7-B661379A6DBD-1024x683.jpg 1024w\" sizes=\"auto, (max-width: 1620px) 100vw, 1620px\" \/><\/a>\n\t\t\t<\/div><\/figure><figure class='gallery-item'>\n\t\t\t<div class='gallery-icon landscape'>\n\t\t\t\t<a href='https:\/\/www.skolamichael.cz\/wp-content\/uploads\/2025\/07\/E52C38DE-F244-4FE6-AFEA-0656C98BBA25.jpg'><img loading=\"lazy\" decoding=\"async\" width=\"1620\" height=\"1080\" src=\"https:\/\/www.skolamichael.cz\/wp-content\/uploads\/2025\/07\/E52C38DE-F244-4FE6-AFEA-0656C98BBA25.jpg\" class=\"attachment-full size-full\" alt=\"\" srcset=\"https:\/\/www.skolamichael.cz\/wp-content\/uploads\/2025\/07\/E52C38DE-F244-4FE6-AFEA-0656C98BBA25.jpg 1620w, https:\/\/www.skolamichael.cz\/wp-content\/uploads\/2025\/07\/E52C38DE-F244-4FE6-AFEA-0656C98BBA25-300x200.jpg 300w, https:\/\/www.skolamichael.cz\/wp-content\/uploads\/2025\/07\/E52C38DE-F244-4FE6-AFEA-0656C98BBA25-1024x683.jpg 1024w\" sizes=\"auto, (max-width: 1620px) 100vw, 1620px\" \/><\/a>\n\t\t\t<\/div><\/figure><figure class='gallery-item'>\n\t\t\t<div class='gallery-icon landscape'>\n\t\t\t\t<a href='https:\/\/www.skolamichael.cz\/wp-content\/uploads\/2025\/07\/CE3C9C64-8FE7-46F7-A55B-40DC0A4BBBAB.jpg'><img loading=\"lazy\" decoding=\"async\" width=\"1620\" height=\"1080\" src=\"https:\/\/www.skolamichael.cz\/wp-content\/uploads\/2025\/07\/CE3C9C64-8FE7-46F7-A55B-40DC0A4BBBAB.jpg\" class=\"attachment-full size-full\" alt=\"\" srcset=\"https:\/\/www.skolamichael.cz\/wp-content\/uploads\/2025\/07\/CE3C9C64-8FE7-46F7-A55B-40DC0A4BBBAB.jpg 1620w, https:\/\/www.skolamichael.cz\/wp-content\/uploads\/2025\/07\/CE3C9C64-8FE7-46F7-A55B-40DC0A4BBBAB-300x200.jpg 300w, https:\/\/www.skolamichael.cz\/wp-content\/uploads\/2025\/07\/CE3C9C64-8FE7-46F7-A55B-40DC0A4BBBAB-1024x683.jpg 1024w\" sizes=\"auto, (max-width: 1620px) 100vw, 1620px\" \/><\/a>\n\t\t\t<\/div><\/figure><figure class='gallery-item'>\n\t\t\t<div class='gallery-icon portrait'>\n\t\t\t\t<a href='https:\/\/www.skolamichael.cz\/wp-content\/uploads\/2025\/07\/SKOLA-PORTO.jpg'><img loading=\"lazy\" decoding=\"async\" width=\"810\" height=\"1080\" src=\"https:\/\/www.skolamichael.cz\/wp-content\/uploads\/2025\/07\/SKOLA-PORTO.jpg\" class=\"attachment-full size-full\" alt=\"\" srcset=\"https:\/\/www.skolamichael.cz\/wp-content\/uploads\/2025\/07\/SKOLA-PORTO.jpg 810w, https:\/\/www.skolamichael.cz\/wp-content\/uploads\/2025\/07\/SKOLA-PORTO-225x300.jpg 225w, https:\/\/www.skolamichael.cz\/wp-content\/uploads\/2025\/07\/SKOLA-PORTO-768x1024.jpg 768w\" sizes=\"auto, (max-width: 810px) 100vw, 810px\" \/><\/a>\n\t\t\t<\/div><\/figure>\n\t\t<\/div>\n\n","protected":false},"excerpt":{"rendered":"<p>Na\u0161i studenti se ned\u00e1vno vypravili na nezapomenutelnou cestu v r\u00e1mci programu Erasmus+ do n\u00e1dhern\u00e9ho portugalsk\u00e9ho m\u011bsta Porto. Toto malebn\u00e9 m\u011bsto na pob\u0159e\u017e\u00ed Atlantiku se stalo nejen jejich do\u010dasn\u00fdm domovem, ale p\u0159edev\u0161\u00edm zdrojem nov\u00fdch z\u00e1\u017eitk\u016f, zku\u0161enost\u00ed a inspirace. Sou\u010d\u00e1st\u00ed programu byla n\u00e1v\u0161t\u011bva m\u00edstn\u00ed \u0161koly Escola Art\u00edstica de Soares dos Reis, kter\u00e1 v\u0161echny ohromila svou rozmanitou nab\u00eddkou [&hellip;]<\/p>\n","protected":false},"author":19,"featured_media":0,"parent":13946,"menu_order":0,"comment_status":"closed","ping_status":"closed","template":"","meta":{"_acf_changed":false,"footnotes":""},"class_list":["post-23695","page","type-page","status-publish","hentry"],"acf":[],"yoast_head":"<!-- This site is optimized with the Yoast SEO plugin v27.1.1 - https:\/\/yoast.com\/product\/yoast-seo-wordpress\/ -->\n<title>ERASMUS+ KA121 \u2013 Portugalsko | MICHAEL<\/title>\n<meta name=\"robots\" content=\"index, follow, max-snippet:-1, max-image-preview:large, max-video-preview:-1\" \/>\n<link rel=\"canonical\" href=\"https:\/\/www.skolamichael.cz\/cs\/projekty\/erasmus-ka-121\/erasmus-ka121-portugalsko-2\/\" \/>\n<meta property=\"og:locale\" content=\"cs_CZ\" \/>\n<meta property=\"og:type\" content=\"article\" \/>\n<meta property=\"og:title\" content=\"ERASMUS+ KA121 \u2013 Portugalsko | MICHAEL\" \/>\n<meta property=\"og:description\" content=\"Na\u0161i studenti se ned\u00e1vno vypravili na nezapomenutelnou cestu v r\u00e1mci programu Erasmus+ do n\u00e1dhern\u00e9ho portugalsk\u00e9ho m\u011bsta Porto. Toto malebn\u00e9 m\u011bsto na pob\u0159e\u017e\u00ed Atlantiku se stalo nejen jejich do\u010dasn\u00fdm domovem, ale p\u0159edev\u0161\u00edm zdrojem nov\u00fdch z\u00e1\u017eitk\u016f, zku\u0161enost\u00ed a inspirace. Sou\u010d\u00e1st\u00ed programu byla n\u00e1v\u0161t\u011bva m\u00edstn\u00ed \u0161koly Escola Art\u00edstica de Soares dos Reis, kter\u00e1 v\u0161echny ohromila svou rozmanitou nab\u00eddkou [&hellip;]\" \/>\n<meta property=\"og:url\" content=\"https:\/\/www.skolamichael.cz\/cs\/projekty\/erasmus-ka-121\/erasmus-ka121-portugalsko-2\/\" \/>\n<meta property=\"og:site_name\" content=\"MICHAEL\" \/>\n<meta property=\"article:publisher\" content=\"http:\/\/www.facebook.com\/skolamichael\" \/>\n<meta property=\"article:modified_time\" content=\"2025-07-10T09:19:36+00:00\" \/>\n<meta property=\"og:image\" content=\"https:\/\/www.skolamichael.cz\/wp-content\/uploads\/2025\/07\/350BA005-E214-4807-8116-F66985FF44CA.jpg\" \/>\n<meta name=\"twitter:card\" content=\"summary_large_image\" \/>\n<meta name=\"twitter:label1\" content=\"Odhadovan\u00e1 doba \u010dten\u00ed\" \/>\n\t<meta name=\"twitter:data1\" content=\"2 minuty\" \/>\n<script type=\"application\/ld+json\" class=\"yoast-schema-graph\">{\"@context\":\"https:\/\/schema.org\",\"@graph\":[{\"@type\":\"WebPage\",\"@id\":\"https:\/\/www.skolamichael.cz\/cs\/projekty\/erasmus-ka-121\/erasmus-ka121-portugalsko-2\/\",\"url\":\"https:\/\/www.skolamichael.cz\/cs\/projekty\/erasmus-ka-121\/erasmus-ka121-portugalsko-2\/\",\"name\":\"ERASMUS+ KA121 \u2013 Portugalsko | MICHAEL\",\"isPartOf\":{\"@id\":\"https:\/\/www.skolamichael.cz\/cs\/#website\"},\"datePublished\":\"2025-07-10T09:15:42+00:00\",\"dateModified\":\"2025-07-10T09:19:36+00:00\",\"breadcrumb\":{\"@id\":\"https:\/\/www.skolamichael.cz\/cs\/projekty\/erasmus-ka-121\/erasmus-ka121-portugalsko-2\/#breadcrumb\"},\"inLanguage\":\"cs\",\"potentialAction\":[{\"@type\":\"ReadAction\",\"target\":[\"https:\/\/www.skolamichael.cz\/cs\/projekty\/erasmus-ka-121\/erasmus-ka121-portugalsko-2\/\"]}]},{\"@type\":\"BreadcrumbList\",\"@id\":\"https:\/\/www.skolamichael.cz\/cs\/projekty\/erasmus-ka-121\/erasmus-ka121-portugalsko-2\/#breadcrumb\",\"itemListElement\":[{\"@type\":\"ListItem\",\"position\":1,\"name\":\"Dom\u016f\",\"item\":\"https:\/\/www.skolamichael.cz\/cs\/\"},{\"@type\":\"ListItem\",\"position\":2,\"name\":\"Projekty a st\u00e1\u017ee\",\"item\":\"https:\/\/www.skolamichael.cz\/cs\/projekty\/\"},{\"@type\":\"ListItem\",\"position\":3,\"name\":\"ERASMUS+ KA 121\",\"item\":\"https:\/\/www.skolamichael.cz\/cs\/projekty\/erasmus-ka-121\/\"},{\"@type\":\"ListItem\",\"position\":4,\"name\":\"ERASMUS+ KA121 \u2013 Portugalsko\"}]},{\"@type\":\"WebSite\",\"@id\":\"https:\/\/www.skolamichael.cz\/cs\/#website\",\"url\":\"https:\/\/www.skolamichael.cz\/cs\/\",\"name\":\"MICHAEL\",\"description\":\"St\u0159edn\u00ed \u0161kola, Gymn\u00e1zium a Vy\u0161\u0161\u00ed odborn\u00e1 \u0161kola\",\"publisher\":{\"@id\":\"https:\/\/www.skolamichael.cz\/cs\/#organization\"},\"alternateName\":\"St\u0159edn\u00ed \u0161kola, Gymn\u00e1zium a Vy\u0161\u0161\u00ed odborn\u00e1 \u0161kola\",\"potentialAction\":[{\"@type\":\"SearchAction\",\"target\":{\"@type\":\"EntryPoint\",\"urlTemplate\":\"https:\/\/www.skolamichael.cz\/cs\/?s={search_term_string}\"},\"query-input\":{\"@type\":\"PropertyValueSpecification\",\"valueRequired\":true,\"valueName\":\"search_term_string\"}}],\"inLanguage\":\"cs\"},{\"@type\":\"Organization\",\"@id\":\"https:\/\/www.skolamichael.cz\/cs\/#organization\",\"name\":\"Michael \u2013 St\u0159edn\u00ed \u0161kola, Gymn\u00e1zium a Vy\u0161\u0161\u00ed odborn\u00e1 \u0161kola, s.r.o.\",\"url\":\"https:\/\/www.skolamichael.cz\/cs\/\",\"logo\":{\"@type\":\"ImageObject\",\"inLanguage\":\"cs\",\"@id\":\"https:\/\/www.skolamichael.cz\/cs\/#\/schema\/logo\/image\/\",\"url\":\"https:\/\/www.skolamichael.cz\/wp-content\/uploads\/2019\/03\/logo_michael_final_ctverec1-1.jpg\",\"contentUrl\":\"https:\/\/www.skolamichael.cz\/wp-content\/uploads\/2019\/03\/logo_michael_final_ctverec1-1.jpg\",\"width\":400,\"height\":400,\"caption\":\"Michael \u2013 St\u0159edn\u00ed \u0161kola, Gymn\u00e1zium a Vy\u0161\u0161\u00ed odborn\u00e1 \u0161kola, s.r.o.\"},\"image\":{\"@id\":\"https:\/\/www.skolamichael.cz\/cs\/#\/schema\/logo\/image\/\"},\"sameAs\":[\"http:\/\/www.facebook.com\/skolamichael\",\"https:\/\/www.instagram.com\/skola_michael\/\"]}]}<\/script>\n<!-- \/ Yoast SEO plugin. -->","yoast_head_json":{"title":"ERASMUS+ KA121 \u2013 Portugalsko | MICHAEL","robots":{"index":"index","follow":"follow","max-snippet":"max-snippet:-1","max-image-preview":"max-image-preview:large","max-video-preview":"max-video-preview:-1"},"canonical":"https:\/\/www.skolamichael.cz\/cs\/projekty\/erasmus-ka-121\/erasmus-ka121-portugalsko-2\/","og_locale":"cs_CZ","og_type":"article","og_title":"ERASMUS+ KA121 \u2013 Portugalsko | MICHAEL","og_description":"Na\u0161i studenti se ned\u00e1vno vypravili na nezapomenutelnou cestu v r\u00e1mci programu Erasmus+ do n\u00e1dhern\u00e9ho portugalsk\u00e9ho m\u011bsta Porto. Toto malebn\u00e9 m\u011bsto na pob\u0159e\u017e\u00ed Atlantiku se stalo nejen jejich do\u010dasn\u00fdm domovem, ale p\u0159edev\u0161\u00edm zdrojem nov\u00fdch z\u00e1\u017eitk\u016f, zku\u0161enost\u00ed a inspirace. Sou\u010d\u00e1st\u00ed programu byla n\u00e1v\u0161t\u011bva m\u00edstn\u00ed \u0161koly Escola Art\u00edstica de Soares dos Reis, kter\u00e1 v\u0161echny ohromila svou rozmanitou nab\u00eddkou [&hellip;]","og_url":"https:\/\/www.skolamichael.cz\/cs\/projekty\/erasmus-ka-121\/erasmus-ka121-portugalsko-2\/","og_site_name":"MICHAEL","article_publisher":"http:\/\/www.facebook.com\/skolamichael","article_modified_time":"2025-07-10T09:19:36+00:00","og_image":[{"url":"https:\/\/www.skolamichael.cz\/wp-content\/uploads\/2025\/07\/350BA005-E214-4807-8116-F66985FF44CA.jpg","type":"","width":"","height":""}],"twitter_card":"summary_large_image","twitter_misc":{"Odhadovan\u00e1 doba \u010dten\u00ed":"2 minuty"},"schema":{"@context":"https:\/\/schema.org","@graph":[{"@type":"WebPage","@id":"https:\/\/www.skolamichael.cz\/cs\/projekty\/erasmus-ka-121\/erasmus-ka121-portugalsko-2\/","url":"https:\/\/www.skolamichael.cz\/cs\/projekty\/erasmus-ka-121\/erasmus-ka121-portugalsko-2\/","name":"ERASMUS+ KA121 \u2013 Portugalsko | MICHAEL","isPartOf":{"@id":"https:\/\/www.skolamichael.cz\/cs\/#website"},"datePublished":"2025-07-10T09:15:42+00:00","dateModified":"2025-07-10T09:19:36+00:00","breadcrumb":{"@id":"https:\/\/www.skolamichael.cz\/cs\/projekty\/erasmus-ka-121\/erasmus-ka121-portugalsko-2\/#breadcrumb"},"inLanguage":"cs","potentialAction":[{"@type":"ReadAction","target":["https:\/\/www.skolamichael.cz\/cs\/projekty\/erasmus-ka-121\/erasmus-ka121-portugalsko-2\/"]}]},{"@type":"BreadcrumbList","@id":"https:\/\/www.skolamichael.cz\/cs\/projekty\/erasmus-ka-121\/erasmus-ka121-portugalsko-2\/#breadcrumb","itemListElement":[{"@type":"ListItem","position":1,"name":"Dom\u016f","item":"https:\/\/www.skolamichael.cz\/cs\/"},{"@type":"ListItem","position":2,"name":"Projekty a st\u00e1\u017ee","item":"https:\/\/www.skolamichael.cz\/cs\/projekty\/"},{"@type":"ListItem","position":3,"name":"ERASMUS+ KA 121","item":"https:\/\/www.skolamichael.cz\/cs\/projekty\/erasmus-ka-121\/"},{"@type":"ListItem","position":4,"name":"ERASMUS+ KA121 \u2013 Portugalsko"}]},{"@type":"WebSite","@id":"https:\/\/www.skolamichael.cz\/cs\/#website","url":"https:\/\/www.skolamichael.cz\/cs\/","name":"MICHAEL","description":"St\u0159edn\u00ed \u0161kola, Gymn\u00e1zium a Vy\u0161\u0161\u00ed odborn\u00e1 \u0161kola","publisher":{"@id":"https:\/\/www.skolamichael.cz\/cs\/#organization"},"alternateName":"St\u0159edn\u00ed \u0161kola, Gymn\u00e1zium a Vy\u0161\u0161\u00ed odborn\u00e1 \u0161kola","potentialAction":[{"@type":"SearchAction","target":{"@type":"EntryPoint","urlTemplate":"https:\/\/www.skolamichael.cz\/cs\/?s={search_term_string}"},"query-input":{"@type":"PropertyValueSpecification","valueRequired":true,"valueName":"search_term_string"}}],"inLanguage":"cs"},{"@type":"Organization","@id":"https:\/\/www.skolamichael.cz\/cs\/#organization","name":"Michael \u2013 St\u0159edn\u00ed \u0161kola, Gymn\u00e1zium a Vy\u0161\u0161\u00ed odborn\u00e1 \u0161kola, s.r.o.","url":"https:\/\/www.skolamichael.cz\/cs\/","logo":{"@type":"ImageObject","inLanguage":"cs","@id":"https:\/\/www.skolamichael.cz\/cs\/#\/schema\/logo\/image\/","url":"https:\/\/www.skolamichael.cz\/wp-content\/uploads\/2019\/03\/logo_michael_final_ctverec1-1.jpg","contentUrl":"https:\/\/www.skolamichael.cz\/wp-content\/uploads\/2019\/03\/logo_michael_final_ctverec1-1.jpg","width":400,"height":400,"caption":"Michael \u2013 St\u0159edn\u00ed \u0161kola, Gymn\u00e1zium a Vy\u0161\u0161\u00ed odborn\u00e1 \u0161kola, s.r.o."},"image":{"@id":"https:\/\/www.skolamichael.cz\/cs\/#\/schema\/logo\/image\/"},"sameAs":["http:\/\/www.facebook.com\/skolamichael","https:\/\/www.instagram.com\/skola_michael\/"]}]}},"_links":{"self":[{"href":"https:\/\/www.skolamichael.cz\/cs\/wp-json\/wp\/v2\/pages\/23695","targetHints":{"allow":["GET"]}}],"collection":[{"href":"https:\/\/www.skolamichael.cz\/cs\/wp-json\/wp\/v2\/pages"}],"about":[{"href":"https:\/\/www.skolamichael.cz\/cs\/wp-json\/wp\/v2\/types\/page"}],"author":[{"embeddable":true,"href":"https:\/\/www.skolamichael.cz\/cs\/wp-json\/wp\/v2\/users\/19"}],"replies":[{"embeddable":true,"href":"https:\/\/www.skolamichael.cz\/cs\/wp-json\/wp\/v2\/comments?post=23695"}],"version-history":[{"count":4,"href":"https:\/\/www.skolamichael.cz\/cs\/wp-json\/wp\/v2\/pages\/23695\/revisions"}],"predecessor-version":[{"id":23713,"href":"https:\/\/www.skolamichael.cz\/cs\/wp-json\/wp\/v2\/pages\/23695\/revisions\/23713"}],"up":[{"embeddable":true,"href":"https:\/\/www.skolamichael.cz\/cs\/wp-json\/wp\/v2\/pages\/13946"}],"wp:attachment":[{"href":"https:\/\/www.skolamichael.cz\/cs\/wp-json\/wp\/v2\/media?parent=23695"}],"curies":[{"name":"wp","href":"https:\/\/api.w.org\/{rel}","templated":true}]}}