{"id":538,"date":"2018-11-09T09:09:23","date_gmt":"2018-11-09T08:09:23","guid":{"rendered":"https:\/\/www.skolamichael.cz\/?page_id=538"},"modified":"2018-11-09T09:09:23","modified_gmt":"2018-11-09T08:09:23","slug":"lokalita","status":"publish","type":"page","link":"https:\/\/www.skolamichael.cz\/cs\/kontakt\/lokalita\/","title":{"rendered":"Lokalita"},"content":{"rendered":"<p>\u0160kola Michael s\u00eddl\u00ed v klidn\u00e9m prost\u0159ed\u00ed, pobl\u00ed\u017e stanic metra Opatov a H\u00e1je (1 -2 zast\u00e1vky autobusem), co\u017e umo\u017e\u0148uje bezprobl\u00e9mov\u00e9 dopravn\u00ed spojen\u00ed se v\u0161emi \u010d\u00e1stmi Prahy i jej\u00edm okol\u00edm. Budova \u0161koly v ned\u00e1vn\u00e9 dob\u011b pro\u0161la kompletn\u00ed rekonstrukc\u00ed a roz\u0161\u00ed\u0159en\u00edm o patrovou p\u0159\u00edstavbu. D\u00edky tomu byly uvedeny do provozu nov\u00e9 ateli\u00e9ry a specializovan\u00e9 po\u010d\u00edta\u010dov\u00e9 u\u010debny s nejmodern\u011bj\u0161\u00edm vybaven\u00edm. V\u00fdjime\u010dn\u00fdm benefitem \u0161koln\u00edho are\u00e1lu je rozlehl\u00e1 zahrada, poskytuj\u00edc\u00ed student\u016fm mo\u017enost relaxace i sportovn\u00edch aktivit.<\/p>\n<h4>Metrem:<\/h4>\n<p>v bl\u00edzkosti \u0161koly se nach\u00e1zej\u00ed stanice metra C &#8211; Opatov (10 minut p\u011b\u0161ky, 2 zast\u00e1vky autobusem) a H\u00e1je (20 minut p\u011b\u0161ky, 3 zast\u00e1vky autobusem)<\/p>\n<h4>Autobusem:<\/h4>\n<p>P\u00e1r metr\u016f od \u0161koly se nach\u00e1z\u00ed autobusov\u00e1 zast\u00e1vka Mikulova. Jezd\u00ed sem linky 125 a 165<br \/>\n125 \u2013 Skalka \u2013 Sm\u00edchovsk\u00e9 n\u00e1dra\u017e\u00ed<br \/>\n165 Ji\u017en\u00ed M\u011bsto \u2013 S\u00eddli\u0161t\u011b Zbraslav<\/p>\n","protected":false},"excerpt":{"rendered":"<p>\u0160kola Michael s\u00eddl\u00ed v klidn\u00e9m prost\u0159ed\u00ed, pobl\u00ed\u017e stanic metra Opatov a H\u00e1je (1 -2 zast\u00e1vky autobusem), co\u017e umo\u017e\u0148uje bezprobl\u00e9mov\u00e9 dopravn\u00ed spojen\u00ed se v\u0161emi \u010d\u00e1stmi Prahy i jej\u00edm okol\u00edm. Budova \u0161koly v ned\u00e1vn\u00e9 dob\u011b pro\u0161la kompletn\u00ed rekonstrukc\u00ed a roz\u0161\u00ed\u0159en\u00edm o patrovou p\u0159\u00edstavbu. D\u00edky tomu byly uvedeny do provozu nov\u00e9 ateli\u00e9ry a specializovan\u00e9 po\u010d\u00edta\u010dov\u00e9 u\u010debny s nejmodern\u011bj\u0161\u00edm [&hellip;]<\/p>\n","protected":false},"author":3,"featured_media":0,"parent":24,"menu_order":0,"comment_status":"closed","ping_status":"closed","template":"","meta":{"_acf_changed":false,"footnotes":""},"class_list":["post-538","page","type-page","status-publish","hentry"],"acf":[],"yoast_head":"<!-- This site is optimized with the Yoast SEO plugin v27.4 - https:\/\/yoast.com\/product\/yoast-seo-wordpress\/ -->\n<title>Lokalita | MICHAEL<\/title>\n<meta name=\"robots\" content=\"index, follow, max-snippet:-1, max-image-preview:large, max-video-preview:-1\" \/>\n<link rel=\"canonical\" href=\"https:\/\/www.skolamichael.cz\/cs\/kontakt\/lokalita\/\" \/>\n<meta property=\"og:locale\" content=\"cs_CZ\" \/>\n<meta property=\"og:type\" content=\"article\" \/>\n<meta property=\"og:title\" content=\"Lokalita | MICHAEL\" \/>\n<meta property=\"og:description\" content=\"\u0160kola Michael s\u00eddl\u00ed v klidn\u00e9m prost\u0159ed\u00ed, pobl\u00ed\u017e stanic metra Opatov a H\u00e1je (1 -2 zast\u00e1vky autobusem), co\u017e umo\u017e\u0148uje bezprobl\u00e9mov\u00e9 dopravn\u00ed spojen\u00ed se v\u0161emi \u010d\u00e1stmi Prahy i jej\u00edm okol\u00edm. Budova \u0161koly v ned\u00e1vn\u00e9 dob\u011b pro\u0161la kompletn\u00ed rekonstrukc\u00ed a roz\u0161\u00ed\u0159en\u00edm o patrovou p\u0159\u00edstavbu. D\u00edky tomu byly uvedeny do provozu nov\u00e9 ateli\u00e9ry a specializovan\u00e9 po\u010d\u00edta\u010dov\u00e9 u\u010debny s nejmodern\u011bj\u0161\u00edm [&hellip;]\" \/>\n<meta property=\"og:url\" content=\"https:\/\/www.skolamichael.cz\/cs\/kontakt\/lokalita\/\" \/>\n<meta property=\"og:site_name\" content=\"MICHAEL\" \/>\n<meta property=\"article:publisher\" content=\"http:\/\/www.facebook.com\/skolamichael\" \/>\n<meta name=\"twitter:card\" content=\"summary_large_image\" \/>\n<meta name=\"twitter:label1\" content=\"Odhadovan\u00e1 doba \u010dten\u00ed\" \/>\n\t<meta name=\"twitter:data1\" content=\"1 minuta\" \/>\n<script type=\"application\/ld+json\" class=\"yoast-schema-graph\">{\"@context\":\"https:\\\/\\\/schema.org\",\"@graph\":[{\"@type\":\"WebPage\",\"@id\":\"https:\\\/\\\/www.skolamichael.cz\\\/cs\\\/kontakt\\\/lokalita\\\/\",\"url\":\"https:\\\/\\\/www.skolamichael.cz\\\/cs\\\/kontakt\\\/lokalita\\\/\",\"name\":\"Lokalita | MICHAEL\",\"isPartOf\":{\"@id\":\"https:\\\/\\\/www.skolamichael.cz\\\/cs\\\/#website\"},\"datePublished\":\"2018-11-09T08:09:23+00:00\",\"breadcrumb\":{\"@id\":\"https:\\\/\\\/www.skolamichael.cz\\\/cs\\\/kontakt\\\/lokalita\\\/#breadcrumb\"},\"inLanguage\":\"cs\",\"potentialAction\":[{\"@type\":\"ReadAction\",\"target\":[\"https:\\\/\\\/www.skolamichael.cz\\\/cs\\\/kontakt\\\/lokalita\\\/\"]}]},{\"@type\":\"BreadcrumbList\",\"@id\":\"https:\\\/\\\/www.skolamichael.cz\\\/cs\\\/kontakt\\\/lokalita\\\/#breadcrumb\",\"itemListElement\":[{\"@type\":\"ListItem\",\"position\":1,\"name\":\"Dom\u016f\",\"item\":\"https:\\\/\\\/www.skolamichael.cz\\\/cs\\\/\"},{\"@type\":\"ListItem\",\"position\":2,\"name\":\"Kontakt\",\"item\":\"https:\\\/\\\/www.skolamichael.cz\\\/cs\\\/kontakt\\\/\"},{\"@type\":\"ListItem\",\"position\":3,\"name\":\"Lokalita\"}]},{\"@type\":\"WebSite\",\"@id\":\"https:\\\/\\\/www.skolamichael.cz\\\/cs\\\/#website\",\"url\":\"https:\\\/\\\/www.skolamichael.cz\\\/cs\\\/\",\"name\":\"MICHAEL\",\"description\":\"St\u0159edn\u00ed \u0161kola, Gymn\u00e1zium a Vy\u0161\u0161\u00ed odborn\u00e1 \u0161kola\",\"publisher\":{\"@id\":\"https:\\\/\\\/www.skolamichael.cz\\\/cs\\\/#organization\"},\"alternateName\":\"St\u0159edn\u00ed \u0161kola, Gymn\u00e1zium a Vy\u0161\u0161\u00ed odborn\u00e1 \u0161kola\",\"potentialAction\":[{\"@type\":\"SearchAction\",\"target\":{\"@type\":\"EntryPoint\",\"urlTemplate\":\"https:\\\/\\\/www.skolamichael.cz\\\/cs\\\/?s={search_term_string}\"},\"query-input\":{\"@type\":\"PropertyValueSpecification\",\"valueRequired\":true,\"valueName\":\"search_term_string\"}}],\"inLanguage\":\"cs\"},{\"@type\":\"Organization\",\"@id\":\"https:\\\/\\\/www.skolamichael.cz\\\/cs\\\/#organization\",\"name\":\"Michael \u2013 St\u0159edn\u00ed \u0161kola, Gymn\u00e1zium a Vy\u0161\u0161\u00ed odborn\u00e1 \u0161kola, s.r.o.\",\"url\":\"https:\\\/\\\/www.skolamichael.cz\\\/cs\\\/\",\"logo\":{\"@type\":\"ImageObject\",\"inLanguage\":\"cs\",\"@id\":\"https:\\\/\\\/www.skolamichael.cz\\\/cs\\\/#\\\/schema\\\/logo\\\/image\\\/\",\"url\":\"https:\\\/\\\/www.skolamichael.cz\\\/wp-content\\\/uploads\\\/2019\\\/03\\\/logo_michael_final_ctverec1-1.jpg\",\"contentUrl\":\"https:\\\/\\\/www.skolamichael.cz\\\/wp-content\\\/uploads\\\/2019\\\/03\\\/logo_michael_final_ctverec1-1.jpg\",\"width\":400,\"height\":400,\"caption\":\"Michael \u2013 St\u0159edn\u00ed \u0161kola, Gymn\u00e1zium a Vy\u0161\u0161\u00ed odborn\u00e1 \u0161kola, s.r.o.\"},\"image\":{\"@id\":\"https:\\\/\\\/www.skolamichael.cz\\\/cs\\\/#\\\/schema\\\/logo\\\/image\\\/\"},\"sameAs\":[\"http:\\\/\\\/www.facebook.com\\\/skolamichael\",\"https:\\\/\\\/www.instagram.com\\\/skola_michael\\\/\"]}]}<\/script>\n<!-- \/ Yoast SEO plugin. -->","yoast_head_json":{"title":"Lokalita | MICHAEL","robots":{"index":"index","follow":"follow","max-snippet":"max-snippet:-1","max-image-preview":"max-image-preview:large","max-video-preview":"max-video-preview:-1"},"canonical":"https:\/\/www.skolamichael.cz\/cs\/kontakt\/lokalita\/","og_locale":"cs_CZ","og_type":"article","og_title":"Lokalita | MICHAEL","og_description":"\u0160kola Michael s\u00eddl\u00ed v klidn\u00e9m prost\u0159ed\u00ed, pobl\u00ed\u017e stanic metra Opatov a H\u00e1je (1 -2 zast\u00e1vky autobusem), co\u017e umo\u017e\u0148uje bezprobl\u00e9mov\u00e9 dopravn\u00ed spojen\u00ed se v\u0161emi \u010d\u00e1stmi Prahy i jej\u00edm okol\u00edm. Budova \u0161koly v ned\u00e1vn\u00e9 dob\u011b pro\u0161la kompletn\u00ed rekonstrukc\u00ed a roz\u0161\u00ed\u0159en\u00edm o patrovou p\u0159\u00edstavbu. D\u00edky tomu byly uvedeny do provozu nov\u00e9 ateli\u00e9ry a specializovan\u00e9 po\u010d\u00edta\u010dov\u00e9 u\u010debny s nejmodern\u011bj\u0161\u00edm [&hellip;]","og_url":"https:\/\/www.skolamichael.cz\/cs\/kontakt\/lokalita\/","og_site_name":"MICHAEL","article_publisher":"http:\/\/www.facebook.com\/skolamichael","twitter_card":"summary_large_image","twitter_misc":{"Odhadovan\u00e1 doba \u010dten\u00ed":"1 minuta"},"schema":{"@context":"https:\/\/schema.org","@graph":[{"@type":"WebPage","@id":"https:\/\/www.skolamichael.cz\/cs\/kontakt\/lokalita\/","url":"https:\/\/www.skolamichael.cz\/cs\/kontakt\/lokalita\/","name":"Lokalita | MICHAEL","isPartOf":{"@id":"https:\/\/www.skolamichael.cz\/cs\/#website"},"datePublished":"2018-11-09T08:09:23+00:00","breadcrumb":{"@id":"https:\/\/www.skolamichael.cz\/cs\/kontakt\/lokalita\/#breadcrumb"},"inLanguage":"cs","potentialAction":[{"@type":"ReadAction","target":["https:\/\/www.skolamichael.cz\/cs\/kontakt\/lokalita\/"]}]},{"@type":"BreadcrumbList","@id":"https:\/\/www.skolamichael.cz\/cs\/kontakt\/lokalita\/#breadcrumb","itemListElement":[{"@type":"ListItem","position":1,"name":"Dom\u016f","item":"https:\/\/www.skolamichael.cz\/cs\/"},{"@type":"ListItem","position":2,"name":"Kontakt","item":"https:\/\/www.skolamichael.cz\/cs\/kontakt\/"},{"@type":"ListItem","position":3,"name":"Lokalita"}]},{"@type":"WebSite","@id":"https:\/\/www.skolamichael.cz\/cs\/#website","url":"https:\/\/www.skolamichael.cz\/cs\/","name":"MICHAEL","description":"St\u0159edn\u00ed \u0161kola, Gymn\u00e1zium a Vy\u0161\u0161\u00ed odborn\u00e1 \u0161kola","publisher":{"@id":"https:\/\/www.skolamichael.cz\/cs\/#organization"},"alternateName":"St\u0159edn\u00ed \u0161kola, Gymn\u00e1zium a Vy\u0161\u0161\u00ed odborn\u00e1 \u0161kola","potentialAction":[{"@type":"SearchAction","target":{"@type":"EntryPoint","urlTemplate":"https:\/\/www.skolamichael.cz\/cs\/?s={search_term_string}"},"query-input":{"@type":"PropertyValueSpecification","valueRequired":true,"valueName":"search_term_string"}}],"inLanguage":"cs"},{"@type":"Organization","@id":"https:\/\/www.skolamichael.cz\/cs\/#organization","name":"Michael \u2013 St\u0159edn\u00ed \u0161kola, Gymn\u00e1zium a Vy\u0161\u0161\u00ed odborn\u00e1 \u0161kola, s.r.o.","url":"https:\/\/www.skolamichael.cz\/cs\/","logo":{"@type":"ImageObject","inLanguage":"cs","@id":"https:\/\/www.skolamichael.cz\/cs\/#\/schema\/logo\/image\/","url":"https:\/\/www.skolamichael.cz\/wp-content\/uploads\/2019\/03\/logo_michael_final_ctverec1-1.jpg","contentUrl":"https:\/\/www.skolamichael.cz\/wp-content\/uploads\/2019\/03\/logo_michael_final_ctverec1-1.jpg","width":400,"height":400,"caption":"Michael \u2013 St\u0159edn\u00ed \u0161kola, Gymn\u00e1zium a Vy\u0161\u0161\u00ed odborn\u00e1 \u0161kola, s.r.o."},"image":{"@id":"https:\/\/www.skolamichael.cz\/cs\/#\/schema\/logo\/image\/"},"sameAs":["http:\/\/www.facebook.com\/skolamichael","https:\/\/www.instagram.com\/skola_michael\/"]}]}},"_links":{"self":[{"href":"https:\/\/www.skolamichael.cz\/cs\/wp-json\/wp\/v2\/pages\/538","targetHints":{"allow":["GET"]}}],"collection":[{"href":"https:\/\/www.skolamichael.cz\/cs\/wp-json\/wp\/v2\/pages"}],"about":[{"href":"https:\/\/www.skolamichael.cz\/cs\/wp-json\/wp\/v2\/types\/page"}],"author":[{"embeddable":true,"href":"https:\/\/www.skolamichael.cz\/cs\/wp-json\/wp\/v2\/users\/3"}],"replies":[{"embeddable":true,"href":"https:\/\/www.skolamichael.cz\/cs\/wp-json\/wp\/v2\/comments?post=538"}],"version-history":[{"count":1,"href":"https:\/\/www.skolamichael.cz\/cs\/wp-json\/wp\/v2\/pages\/538\/revisions"}],"predecessor-version":[{"id":539,"href":"https:\/\/www.skolamichael.cz\/cs\/wp-json\/wp\/v2\/pages\/538\/revisions\/539"}],"up":[{"embeddable":true,"href":"https:\/\/www.skolamichael.cz\/cs\/wp-json\/wp\/v2\/pages\/24"}],"wp:attachment":[{"href":"https:\/\/www.skolamichael.cz\/cs\/wp-json\/wp\/v2\/media?parent=538"}],"curies":[{"name":"wp","href":"https:\/\/api.w.org\/{rel}","templated":true}]}}