{"id":567,"date":"2018-11-14T09:56:34","date_gmt":"2018-11-14T08:56:34","guid":{"rendered":"https:\/\/www.skolamichael.cz\/?page_id=567"},"modified":"2026-01-22T10:39:13","modified_gmt":"2026-01-22T09:39:13","slug":"pro-studenty","status":"publish","type":"page","link":"https:\/\/www.skolamichael.cz\/cs\/pro-studenty\/","title":{"rendered":"Pro studenty"},"content":{"rendered":"<div class=\"row\">\n<div class=\"col-md-4\">\n<h2>Aktu\u00e1ln\u00ed informace<\/h2>\n<p><span style=\"color: #ff0000;\">Tr\u00e1p\u00ed t\u011b n\u011bco?\u00a0<\/span>Tajemstv\u00ed? Smutek? U\u010den\u00ed? Strach? Obt\u00ed\u017ee doma? Vrstevn\u00edci? Tvoje t\u0159\u00edda? V\u00ed\u0161 o ubli\u017eov\u00e1n\u00ed? Ubli\u017euje ti n\u011bkdo?<\/p>\n<p><span style=\"color: #ff0000;\">V\u00ed\u0161,\u00a0na koho se m\u00e1\u0161 obr\u00e1tit?\u00a0<\/span>Obra\u0165 se na n\u00e1s kdykoliv s d\u016fv\u011brou, r\u00e1di ti pom\u016f\u017eeme a najdeme v\u00fdchodisko.<\/p>\n<p><strong><a href=\"mailto:duvera@skolamichael.cz\">duvera@skolamichael.cz<\/a><\/strong><\/p>\n<p>Nezapome\u0148, \u017ee na to nikdy nejsi s\u00e1m.<\/p>\n<hr \/>\n<h2>Z\u00e1jezdy<\/h2>\n<h4><strong>D\u011bjiny v kostce &#8211; It\u00e1lie<\/strong><\/h4>\n<p>term\u00edn: <strong>22. 10. &#8211; 29. 10. 2025<\/strong>cena: <strong>15 250 K\u010d<\/strong>p\u0159ihl\u00e1\u0161ky: Mgr. <strong>J. Altman<\/strong>, <a href=\"mailto:altmanj@skolamichael.cz\">altmanj@skolamichael.cz<\/a><\/p>\n<p><a href=\"https:\/\/www.skolamichael.cz\/wp-content\/uploads\/2025\/09\/25064_Dejiny-v-kostce-1.pdf\" target=\"_blank\" rel=\"noopener\"><img loading=\"lazy\" decoding=\"async\" class=\"alignnone wp-image-27352\" src=\"https:\/\/www.skolamichael.cz\/wp-content\/uploads\/2025\/09\/dejiny_v_kostce.jpg\" alt=\"\" width=\"300\" height=\"168\" srcset=\"https:\/\/www.skolamichael.cz\/wp-content\/uploads\/2025\/09\/dejiny_v_kostce.jpg 884w, https:\/\/www.skolamichael.cz\/wp-content\/uploads\/2025\/09\/dejiny_v_kostce-300x168.jpg 300w, https:\/\/www.skolamichael.cz\/wp-content\/uploads\/2025\/09\/dejiny_v_kostce-768x431.jpg 768w\" sizes=\"auto, (max-width: 300px) 100vw, 300px\" \/><\/a><\/p>\n<hr \/>\n<h2>Ke sta\u017een\u00ed<\/h2>\n<ul>\n<li><a href=\"https:\/\/www.skolamichael.cz\/wp-content\/uploads\/2024\/09\/michael_zadost_edit_2024.pdf\">\u017d\u00e1dost<\/a><\/li>\n<li><a href=\"https:\/\/www.skolamichael.cz\/wp-content\/uploads\/2024\/09\/potvrzeni-o-studiu-SS_2024.doc\">Potvrzen\u00ed o studiu<\/a><\/li>\n<li><a href=\"https:\/\/www.skolamichael.cz\/wp-content\/uploads\/2018\/11\/zadost-o-vydani-stejnopisu-vysvedceni-vysvedceni.pdf\" target=\"_blank\" rel=\"noopener noreferrer\">\u017d\u00e1dost o vyd\u00e1n\u00ed stejnopisu \u0161koln\u00edho vysv\u011bd\u010den\u00ed <\/a><\/li>\n<li><a href=\"https:\/\/www.skolamichael.cz\/wp-content\/uploads\/2018\/11\/michael_osvobozeni_20121.pdf\" target=\"_blank\" rel=\"noopener noreferrer\">\u00a0<\/a><a href=\"https:\/\/www.skolamichael.cz\/wp-content\/uploads\/2024\/09\/osvobozeni_TV_2024.pdf\">Osvobozen\u00ed od cvi\u010den\u00ed v t\u011blesn\u00e9 v\u00fdchov\u011b<\/a><\/li>\n<\/ul>\n<\/div>\n<div class=\"col-md-4\">\n<h2 class=\"h3-nobold\">Stravov\u00e1n\u00ed<\/h2>\n<p><span style=\"text-decoration: underline;\">Provoz \u0161koln\u00ed j\u00eddelny:<\/span><\/p>\n<p>PO-P\u00c1\u00a0 \u00a07.30\u201315.00 hod.<\/p>\n<p><span style=\"text-decoration: underline;\">V\u00fddej ob\u011bd\u016f:<\/span><\/p>\n<p>PO-P\u00c1\u00a0 \u00a011.00\u201314.30 hod.<\/p>\n<div><strong><a href=\"https:\/\/www.e-jidelnicek.cz\/\" target=\"_blank\" rel=\"noopener noreferrer\">J\u00eddeln\u00ed\u010dek a objedn\u00e1v\u00e1n\u00ed ob\u011bd\u016f<\/a><\/strong><\/div>\n<p>Eviden\u010dn\u00ed \u010d\u00edslo j\u00eddelny: 111 485<\/p>\n<p><strong><a href=\"https:\/\/www.skolamichael.cz\/wp-content\/uploads\/2025\/11\/jidelna_Prihlaska-ke-stravovani_SS_2526.pdf\">Pr\u030cihla\u0301s\u030cka ke stravova\u0301ni\u0301<\/a><\/strong><\/p>\n<p><a href=\"https:\/\/www.skolamichael.cz\/pro-studenty\/stravovani\/\" target=\"_blank\" rel=\"noopener noreferrer\">V\u00edce informac\u00ed ke stravov\u00e1n\u00ed<\/a><\/p>\n<hr \/>\n<\/div>\n<div class=\"col-md-4\">\n<h2 class=\"h3-nobold\">Platba \u0161koln\u00e9ho<\/h2>\n<p>Informace o v\u00fd\u0161i \u0161koln\u00e9ho pravideln\u011b zas\u00edl\u00e1me po\u0161tou. Obecn\u00e9 informace najdete na str\u00e1nce <a href=\"https:\/\/www.skolamichael.cz\/zajemci-o-studium\/\">Z\u00e1jemci o studium<\/a>.<\/p>\n<p class=\"font-small\">Bankovn\u00ed spojen\u00ed: 5031014256\/5500 (Raiffeisen BANK), VS = \u010d\u00edslo smlouvy o\u00a0studiu<\/p>\n<hr \/>\n<h2 class=\"h3-nobold\">Stipendium<\/h2>\n<p>Nejlep\u0161\u00edm \u017e\u00e1k\u016fm denn\u00edho studia jsou ka\u017edoro\u010dn\u011b ud\u011blov\u00e1na prosp\u011bchov\u00e1 stipendia.<\/p>\n<hr \/>\n<h2>Podporujeme kreativn\u00ed projekty student\u016f<\/h2>\n<p><a href=\"https:\/\/www.skolamichael.cz\/wp-content\/uploads\/2025\/10\/Michael-Student-Support-Hub-Logo.png\"><img loading=\"lazy\" decoding=\"async\" class=\"alignnone wp-image-28162\" src=\"https:\/\/www.skolamichael.cz\/wp-content\/uploads\/2025\/10\/Michael-Student-Support-Hub-Logo.png\" alt=\"\" width=\"303\" height=\"40\" srcset=\"https:\/\/www.skolamichael.cz\/wp-content\/uploads\/2025\/10\/Michael-Student-Support-Hub-Logo.png 1713w, https:\/\/www.skolamichael.cz\/wp-content\/uploads\/2025\/10\/Michael-Student-Support-Hub-Logo-300x40.png 300w, https:\/\/www.skolamichael.cz\/wp-content\/uploads\/2025\/10\/Michael-Student-Support-Hub-Logo-1024x136.png 1024w\" sizes=\"auto, (max-width: 303px) 100vw, 303px\" \/><\/a><\/p>\n<p><strong>MICHAEL \u2013 Student Support\u00a0<span class=\"markg1smwkgxd\" data-markjs=\"true\" data-ogac=\"\" data-ogab=\"\" data-ogsc=\"\" data-ogsb=\"\">Hub<\/span>, z. s.<\/strong>, je spolek, kter\u00fd byl zalo\u017een z\u0159izovatelem \u0161koly v roce 2024 za \u00fa\u010delem podpory kreativn\u00edch projekt\u016f student\u016f st\u0159edn\u00ed \u0161koly Michael, Gymn\u00e1zia Michael, Akademie Michael a Vysok\u00e9 \u0161koly kreativn\u00ed komunikace. C\u00edlem spolku je umo\u017en\u011bn\u00ed student\u016fm realizovat n\u00e1kladn\u011bj\u0161\u00ed projekty, realizovat v\u00fdstavy, \u00fa\u010dastnit se v sout\u011b\u017e\u00edch, podpo\u0159it studenty v jejich profesn\u00edm r\u016fstu.<\/p>\n<p><strong>Pro schv\u00e1len\u00ed a z\u00edsk\u00e1n\u00ed podpory po\u0161lete <a href=\"https:\/\/www.michaelhub.cz\/#zadost\" target=\"_blank\" rel=\"noopener\">\u017e\u00e1dost<\/a>.\u00a0<\/strong><\/p>\n<hr \/>\n<\/div>\n<\/div>\n<hr \/>\n","protected":false},"excerpt":{"rendered":"","protected":false},"author":16,"featured_media":0,"parent":0,"menu_order":0,"comment_status":"closed","ping_status":"closed","template":"","meta":{"_acf_changed":false,"footnotes":""},"class_list":["post-567","page","type-page","status-publish","hentry"],"acf":[],"yoast_head":"<!-- This site is optimized with the Yoast SEO plugin v27.1.1 - https:\/\/yoast.com\/product\/yoast-seo-wordpress\/ -->\n<title>Pro studenty | MICHAEL<\/title>\n<meta name=\"robots\" content=\"index, follow, max-snippet:-1, max-image-preview:large, max-video-preview:-1\" \/>\n<link rel=\"canonical\" href=\"https:\/\/www.skolamichael.cz\/cs\/pro-studenty\/\" \/>\n<meta property=\"og:locale\" content=\"cs_CZ\" \/>\n<meta property=\"og:type\" content=\"article\" \/>\n<meta property=\"og:title\" content=\"Pro studenty | MICHAEL\" \/>\n<meta property=\"og:url\" content=\"https:\/\/www.skolamichael.cz\/cs\/pro-studenty\/\" \/>\n<meta property=\"og:site_name\" content=\"MICHAEL\" \/>\n<meta property=\"article:publisher\" content=\"http:\/\/www.facebook.com\/skolamichael\" \/>\n<meta property=\"article:modified_time\" content=\"2026-01-22T09:39:13+00:00\" \/>\n<meta property=\"og:image\" content=\"https:\/\/www.skolamichael.cz\/wp-content\/uploads\/2025\/09\/dejiny_v_kostce.jpg\" \/>\n\t<meta property=\"og:image:width\" content=\"884\" \/>\n\t<meta property=\"og:image:height\" content=\"496\" \/>\n\t<meta property=\"og:image:type\" content=\"image\/jpeg\" \/>\n<meta name=\"twitter:card\" content=\"summary_large_image\" \/>\n<meta name=\"twitter:label1\" content=\"Odhadovan\u00e1 doba \u010dten\u00ed\" \/>\n\t<meta name=\"twitter:data1\" content=\"2 minuty\" \/>\n<script type=\"application\/ld+json\" class=\"yoast-schema-graph\">{\"@context\":\"https:\/\/schema.org\",\"@graph\":[{\"@type\":[\"WebPage\",\"QAPage\"],\"@id\":\"https:\/\/www.skolamichael.cz\/cs\/pro-studenty\/\",\"url\":\"https:\/\/www.skolamichael.cz\/cs\/pro-studenty\/\",\"name\":\"Pro studenty | MICHAEL\",\"isPartOf\":{\"@id\":\"https:\/\/www.skolamichael.cz\/cs\/#website\"},\"primaryImageOfPage\":{\"@id\":\"https:\/\/www.skolamichael.cz\/cs\/pro-studenty\/#primaryimage\"},\"image\":{\"@id\":\"https:\/\/www.skolamichael.cz\/cs\/pro-studenty\/#primaryimage\"},\"thumbnailUrl\":\"https:\/\/www.skolamichael.cz\/wp-content\/uploads\/2025\/09\/dejiny_v_kostce.jpg\",\"datePublished\":\"2018-11-14T08:56:34+00:00\",\"dateModified\":\"2026-01-22T09:39:13+00:00\",\"breadcrumb\":{\"@id\":\"https:\/\/www.skolamichael.cz\/cs\/pro-studenty\/#breadcrumb\"},\"inLanguage\":\"cs\",\"potentialAction\":[{\"@type\":\"ReadAction\",\"target\":[\"https:\/\/www.skolamichael.cz\/cs\/pro-studenty\/\"]}]},{\"@type\":\"ImageObject\",\"inLanguage\":\"cs\",\"@id\":\"https:\/\/www.skolamichael.cz\/cs\/pro-studenty\/#primaryimage\",\"url\":\"https:\/\/www.skolamichael.cz\/wp-content\/uploads\/2025\/09\/dejiny_v_kostce.jpg\",\"contentUrl\":\"https:\/\/www.skolamichael.cz\/wp-content\/uploads\/2025\/09\/dejiny_v_kostce.jpg\"},{\"@type\":\"BreadcrumbList\",\"@id\":\"https:\/\/www.skolamichael.cz\/cs\/pro-studenty\/#breadcrumb\",\"itemListElement\":[{\"@type\":\"ListItem\",\"position\":1,\"name\":\"Dom\u016f\",\"item\":\"https:\/\/www.skolamichael.cz\/cs\/\"},{\"@type\":\"ListItem\",\"position\":2,\"name\":\"Pro studenty\"}]},{\"@type\":\"WebSite\",\"@id\":\"https:\/\/www.skolamichael.cz\/cs\/#website\",\"url\":\"https:\/\/www.skolamichael.cz\/cs\/\",\"name\":\"MICHAEL\",\"description\":\"St\u0159edn\u00ed \u0161kola, Gymn\u00e1zium a Vy\u0161\u0161\u00ed odborn\u00e1 \u0161kola\",\"publisher\":{\"@id\":\"https:\/\/www.skolamichael.cz\/cs\/#organization\"},\"alternateName\":\"St\u0159edn\u00ed \u0161kola, Gymn\u00e1zium a Vy\u0161\u0161\u00ed odborn\u00e1 \u0161kola\",\"potentialAction\":[{\"@type\":\"SearchAction\",\"target\":{\"@type\":\"EntryPoint\",\"urlTemplate\":\"https:\/\/www.skolamichael.cz\/cs\/?s={search_term_string}\"},\"query-input\":{\"@type\":\"PropertyValueSpecification\",\"valueRequired\":true,\"valueName\":\"search_term_string\"}}],\"inLanguage\":\"cs\"},{\"@type\":\"Organization\",\"@id\":\"https:\/\/www.skolamichael.cz\/cs\/#organization\",\"name\":\"Michael \u2013 St\u0159edn\u00ed \u0161kola, Gymn\u00e1zium a Vy\u0161\u0161\u00ed odborn\u00e1 \u0161kola, s.r.o.\",\"url\":\"https:\/\/www.skolamichael.cz\/cs\/\",\"logo\":{\"@type\":\"ImageObject\",\"inLanguage\":\"cs\",\"@id\":\"https:\/\/www.skolamichael.cz\/cs\/#\/schema\/logo\/image\/\",\"url\":\"https:\/\/www.skolamichael.cz\/wp-content\/uploads\/2019\/03\/logo_michael_final_ctverec1-1.jpg\",\"contentUrl\":\"https:\/\/www.skolamichael.cz\/wp-content\/uploads\/2019\/03\/logo_michael_final_ctverec1-1.jpg\",\"width\":400,\"height\":400,\"caption\":\"Michael \u2013 St\u0159edn\u00ed \u0161kola, Gymn\u00e1zium a Vy\u0161\u0161\u00ed odborn\u00e1 \u0161kola, s.r.o.\"},\"image\":{\"@id\":\"https:\/\/www.skolamichael.cz\/cs\/#\/schema\/logo\/image\/\"},\"sameAs\":[\"http:\/\/www.facebook.com\/skolamichael\",\"https:\/\/www.instagram.com\/skola_michael\/\"]}]}<\/script>\n<!-- \/ Yoast SEO plugin. -->","yoast_head_json":{"title":"Pro studenty | MICHAEL","robots":{"index":"index","follow":"follow","max-snippet":"max-snippet:-1","max-image-preview":"max-image-preview:large","max-video-preview":"max-video-preview:-1"},"canonical":"https:\/\/www.skolamichael.cz\/cs\/pro-studenty\/","og_locale":"cs_CZ","og_type":"article","og_title":"Pro studenty | MICHAEL","og_url":"https:\/\/www.skolamichael.cz\/cs\/pro-studenty\/","og_site_name":"MICHAEL","article_publisher":"http:\/\/www.facebook.com\/skolamichael","article_modified_time":"2026-01-22T09:39:13+00:00","og_image":[{"width":884,"height":496,"url":"https:\/\/www.skolamichael.cz\/wp-content\/uploads\/2025\/09\/dejiny_v_kostce.jpg","type":"image\/jpeg"}],"twitter_card":"summary_large_image","twitter_misc":{"Odhadovan\u00e1 doba \u010dten\u00ed":"2 minuty"},"schema":{"@context":"https:\/\/schema.org","@graph":[{"@type":["WebPage","QAPage"],"@id":"https:\/\/www.skolamichael.cz\/cs\/pro-studenty\/","url":"https:\/\/www.skolamichael.cz\/cs\/pro-studenty\/","name":"Pro studenty | MICHAEL","isPartOf":{"@id":"https:\/\/www.skolamichael.cz\/cs\/#website"},"primaryImageOfPage":{"@id":"https:\/\/www.skolamichael.cz\/cs\/pro-studenty\/#primaryimage"},"image":{"@id":"https:\/\/www.skolamichael.cz\/cs\/pro-studenty\/#primaryimage"},"thumbnailUrl":"https:\/\/www.skolamichael.cz\/wp-content\/uploads\/2025\/09\/dejiny_v_kostce.jpg","datePublished":"2018-11-14T08:56:34+00:00","dateModified":"2026-01-22T09:39:13+00:00","breadcrumb":{"@id":"https:\/\/www.skolamichael.cz\/cs\/pro-studenty\/#breadcrumb"},"inLanguage":"cs","potentialAction":[{"@type":"ReadAction","target":["https:\/\/www.skolamichael.cz\/cs\/pro-studenty\/"]}]},{"@type":"ImageObject","inLanguage":"cs","@id":"https:\/\/www.skolamichael.cz\/cs\/pro-studenty\/#primaryimage","url":"https:\/\/www.skolamichael.cz\/wp-content\/uploads\/2025\/09\/dejiny_v_kostce.jpg","contentUrl":"https:\/\/www.skolamichael.cz\/wp-content\/uploads\/2025\/09\/dejiny_v_kostce.jpg"},{"@type":"BreadcrumbList","@id":"https:\/\/www.skolamichael.cz\/cs\/pro-studenty\/#breadcrumb","itemListElement":[{"@type":"ListItem","position":1,"name":"Dom\u016f","item":"https:\/\/www.skolamichael.cz\/cs\/"},{"@type":"ListItem","position":2,"name":"Pro studenty"}]},{"@type":"WebSite","@id":"https:\/\/www.skolamichael.cz\/cs\/#website","url":"https:\/\/www.skolamichael.cz\/cs\/","name":"MICHAEL","description":"St\u0159edn\u00ed \u0161kola, Gymn\u00e1zium a Vy\u0161\u0161\u00ed odborn\u00e1 \u0161kola","publisher":{"@id":"https:\/\/www.skolamichael.cz\/cs\/#organization"},"alternateName":"St\u0159edn\u00ed \u0161kola, Gymn\u00e1zium a Vy\u0161\u0161\u00ed odborn\u00e1 \u0161kola","potentialAction":[{"@type":"SearchAction","target":{"@type":"EntryPoint","urlTemplate":"https:\/\/www.skolamichael.cz\/cs\/?s={search_term_string}"},"query-input":{"@type":"PropertyValueSpecification","valueRequired":true,"valueName":"search_term_string"}}],"inLanguage":"cs"},{"@type":"Organization","@id":"https:\/\/www.skolamichael.cz\/cs\/#organization","name":"Michael \u2013 St\u0159edn\u00ed \u0161kola, Gymn\u00e1zium a Vy\u0161\u0161\u00ed odborn\u00e1 \u0161kola, s.r.o.","url":"https:\/\/www.skolamichael.cz\/cs\/","logo":{"@type":"ImageObject","inLanguage":"cs","@id":"https:\/\/www.skolamichael.cz\/cs\/#\/schema\/logo\/image\/","url":"https:\/\/www.skolamichael.cz\/wp-content\/uploads\/2019\/03\/logo_michael_final_ctverec1-1.jpg","contentUrl":"https:\/\/www.skolamichael.cz\/wp-content\/uploads\/2019\/03\/logo_michael_final_ctverec1-1.jpg","width":400,"height":400,"caption":"Michael \u2013 St\u0159edn\u00ed \u0161kola, Gymn\u00e1zium a Vy\u0161\u0161\u00ed odborn\u00e1 \u0161kola, s.r.o."},"image":{"@id":"https:\/\/www.skolamichael.cz\/cs\/#\/schema\/logo\/image\/"},"sameAs":["http:\/\/www.facebook.com\/skolamichael","https:\/\/www.instagram.com\/skola_michael\/"]}]}},"_links":{"self":[{"href":"https:\/\/www.skolamichael.cz\/cs\/wp-json\/wp\/v2\/pages\/567","targetHints":{"allow":["GET"]}}],"collection":[{"href":"https:\/\/www.skolamichael.cz\/cs\/wp-json\/wp\/v2\/pages"}],"about":[{"href":"https:\/\/www.skolamichael.cz\/cs\/wp-json\/wp\/v2\/types\/page"}],"author":[{"embeddable":true,"href":"https:\/\/www.skolamichael.cz\/cs\/wp-json\/wp\/v2\/users\/16"}],"replies":[{"embeddable":true,"href":"https:\/\/www.skolamichael.cz\/cs\/wp-json\/wp\/v2\/comments?post=567"}],"version-history":[{"count":61,"href":"https:\/\/www.skolamichael.cz\/cs\/wp-json\/wp\/v2\/pages\/567\/revisions"}],"predecessor-version":[{"id":29089,"href":"https:\/\/www.skolamichael.cz\/cs\/wp-json\/wp\/v2\/pages\/567\/revisions\/29089"}],"wp:attachment":[{"href":"https:\/\/www.skolamichael.cz\/cs\/wp-json\/wp\/v2\/media?parent=567"}],"curies":[{"name":"wp","href":"https:\/\/api.w.org\/{rel}","templated":true}]}}