{"id":8698,"date":"2022-01-21T08:48:57","date_gmt":"2022-01-21T07:48:57","guid":{"rendered":"https:\/\/www.skolamichael.cz\/?page_id=8698"},"modified":"2022-01-21T13:15:37","modified_gmt":"2022-01-21T12:15:37","slug":"inspekcni-cinnost","status":"publish","type":"page","link":"https:\/\/www.skolamichael.cz\/cs\/school\/inspekcni-cinnost\/","title":{"rendered":"Inspek\u010dn\u00ed zpr\u00e1va"},"content":{"rendered":"<p><strong>\u010cesk\u00e1 \u0161koln\u00ed inspekce ve \u0161kole<\/strong><\/p>\n<p>Ve dnech 25. \u2013 26. 11. a 29. \u2013 30. 11. 2021 byla ve \u0161kole realizov\u00e1na inspek\u010dn\u00ed \u010dinnost ze strany \u010cesk\u00e9 \u0161koln\u00ed inspekce, a to v\u00a0pravideln\u00e9m inspek\u010dn\u00edm cyklu.<\/p>\n<p>Zve\u0159ej\u0148ujeme z\u00e1v\u011bry z\u00a0inspek\u010dn\u00ed \u010dinnosti.<\/p>\n<p><strong>Siln\u00e9 str\u00e1nky<\/strong>:<\/p>\n<ul>\n<li>Syst\u00e9mov\u00e9 \u0159\u00edzen\u00ed organizace zalo\u017een\u00e9 na efektivn\u00edm delegov\u00e1n\u00ed kompetenc\u00ed a vz\u00e1jemn\u00e9 spolupr\u00e1ci.<\/li>\n<li>Koncep\u010dn\u00ed aktivity vedouc\u00ed k\u00a0sestaven\u00ed kvalitn\u00edho pedagogick\u00e9ho sboru. V\u011bkov\u011b i odborn\u011b vyv\u00e1\u017een\u00fd pedagogick\u00fd sbor s\u00a0vysok\u00fdm zastoupen\u00edm odborn\u00edk\u016f z\u00a0praxe poskytuje velmi kvalitn\u00ed v\u00fduku.<\/li>\n<li>Promy\u0161len\u011b organizovan\u00e1 a realizovan\u00e1 v\u00fduka anglick\u00e9ho jazyka s\u00a0prokazateln\u011b pozitivn\u00edmi dopady na rozvoj cizojazy\u010dn\u00fdch kompetenc\u00ed \u017e\u00e1k\u016f a student\u016f.<\/li>\n<li>Jednotn\u00e9 a \u00fa\u010dinn\u00e9 p\u016fsoben\u00ed pedagogick\u00e9ho sboru p\u0159i podpo\u0159e pracovn\u00edch n\u00e1vyk\u016f, studijn\u00edch a soci\u00e1ln\u00edch kompetenc\u00ed \u017e\u00e1k\u016f a student\u016f.<\/li>\n<li>Aktivn\u00ed zapojen\u00ed \u017e\u00e1k\u016f a student\u016f do projektov\u00e9 \u010dinnosti a sout\u011b\u017e\u00ed s\u00a0v\u00fdborn\u00fdmi v\u00fdsledky efektivn\u011b dopl\u0148uje v\u00fduku.<\/li>\n<\/ul>\n<p><strong>P\u0159\u00edklad inspirativn\u00ed praxe<\/strong>:<\/p>\n<ul>\n<li>Promy\u0161len\u00e1 spolupr\u00e1ce s\u00a0tuzemsk\u00fdmi i zahrani\u010dn\u00edmi partnery v\u00fdznamnou m\u011brou podporuje rozvoj kompetenc\u00ed \u017e\u00e1k\u016f, student\u016f i pedagog\u016f a p\u0159isp\u00edv\u00e1 ke zv\u00fd\u0161en\u00ed konkurenceschopnosti a uplatnitelnosti \u017e\u00e1k\u016f a student\u016f na trhu pr\u00e1ce i p\u0159i dal\u0161\u00edm studiu doma i v\u00a0zahrani\u010d\u00ed.<\/li>\n<\/ul>\n<p>Cel\u00e9 zn\u011bn\u00ed inspek\u010dn\u00ed zpr\u00e1vy je k\u00a0nahl\u00e9dnut\u00ed v\u00a0kancel\u00e1\u0159i \u0161koly.<\/p>\n","protected":false},"excerpt":{"rendered":"<p>\u010cesk\u00e1 \u0161koln\u00ed inspekce ve \u0161kole Ve dnech 25. \u2013 26. 11. a 29. \u2013 30. 11. 2021 byla ve \u0161kole realizov\u00e1na inspek\u010dn\u00ed \u010dinnost ze strany \u010cesk\u00e9 \u0161koln\u00ed inspekce, a to v\u00a0pravideln\u00e9m inspek\u010dn\u00edm cyklu. Zve\u0159ej\u0148ujeme z\u00e1v\u011bry z\u00a0inspek\u010dn\u00ed \u010dinnosti. Siln\u00e9 str\u00e1nky: Syst\u00e9mov\u00e9 \u0159\u00edzen\u00ed organizace zalo\u017een\u00e9 na efektivn\u00edm delegov\u00e1n\u00ed kompetenc\u00ed a vz\u00e1jemn\u00e9 spolupr\u00e1ci. Koncep\u010dn\u00ed aktivity vedouc\u00ed k\u00a0sestaven\u00ed kvalitn\u00edho [&hellip;]<\/p>\n","protected":false},"author":4,"featured_media":0,"parent":19,"menu_order":0,"comment_status":"closed","ping_status":"closed","template":"","meta":{"_acf_changed":false,"footnotes":""},"class_list":["post-8698","page","type-page","status-publish","hentry"],"acf":[],"yoast_head":"<!-- This site is optimized with the Yoast SEO plugin v27.4 - https:\/\/yoast.com\/product\/yoast-seo-wordpress\/ -->\n<title>Inspek\u010dn\u00ed zpr\u00e1va | MICHAEL<\/title>\n<meta name=\"robots\" content=\"index, follow, max-snippet:-1, max-image-preview:large, max-video-preview:-1\" \/>\n<link rel=\"canonical\" href=\"https:\/\/www.skolamichael.cz\/cs\/school\/inspekcni-cinnost\/\" \/>\n<meta property=\"og:locale\" content=\"cs_CZ\" \/>\n<meta property=\"og:type\" content=\"article\" \/>\n<meta property=\"og:title\" content=\"Inspek\u010dn\u00ed zpr\u00e1va | MICHAEL\" \/>\n<meta property=\"og:description\" content=\"\u010cesk\u00e1 \u0161koln\u00ed inspekce ve \u0161kole Ve dnech 25. \u2013 26. 11. a 29. \u2013 30. 11. 2021 byla ve \u0161kole realizov\u00e1na inspek\u010dn\u00ed \u010dinnost ze strany \u010cesk\u00e9 \u0161koln\u00ed inspekce, a to v\u00a0pravideln\u00e9m inspek\u010dn\u00edm cyklu. Zve\u0159ej\u0148ujeme z\u00e1v\u011bry z\u00a0inspek\u010dn\u00ed \u010dinnosti. Siln\u00e9 str\u00e1nky: Syst\u00e9mov\u00e9 \u0159\u00edzen\u00ed organizace zalo\u017een\u00e9 na efektivn\u00edm delegov\u00e1n\u00ed kompetenc\u00ed a vz\u00e1jemn\u00e9 spolupr\u00e1ci. Koncep\u010dn\u00ed aktivity vedouc\u00ed k\u00a0sestaven\u00ed kvalitn\u00edho [&hellip;]\" \/>\n<meta property=\"og:url\" content=\"https:\/\/www.skolamichael.cz\/cs\/school\/inspekcni-cinnost\/\" \/>\n<meta property=\"og:site_name\" content=\"MICHAEL\" \/>\n<meta property=\"article:publisher\" content=\"http:\/\/www.facebook.com\/skolamichael\" \/>\n<meta property=\"article:modified_time\" content=\"2022-01-21T12:15:37+00:00\" \/>\n<meta name=\"twitter:card\" content=\"summary_large_image\" \/>\n<meta name=\"twitter:label1\" content=\"Odhadovan\u00e1 doba \u010dten\u00ed\" \/>\n\t<meta name=\"twitter:data1\" content=\"1 minuta\" \/>\n<script type=\"application\/ld+json\" class=\"yoast-schema-graph\">{\"@context\":\"https:\\\/\\\/schema.org\",\"@graph\":[{\"@type\":\"WebPage\",\"@id\":\"https:\\\/\\\/www.skolamichael.cz\\\/cs\\\/school\\\/inspekcni-cinnost\\\/\",\"url\":\"https:\\\/\\\/www.skolamichael.cz\\\/cs\\\/school\\\/inspekcni-cinnost\\\/\",\"name\":\"Inspek\u010dn\u00ed zpr\u00e1va | MICHAEL\",\"isPartOf\":{\"@id\":\"https:\\\/\\\/www.skolamichael.cz\\\/cs\\\/#website\"},\"datePublished\":\"2022-01-21T07:48:57+00:00\",\"dateModified\":\"2022-01-21T12:15:37+00:00\",\"breadcrumb\":{\"@id\":\"https:\\\/\\\/www.skolamichael.cz\\\/cs\\\/school\\\/inspekcni-cinnost\\\/#breadcrumb\"},\"inLanguage\":\"cs\",\"potentialAction\":[{\"@type\":\"ReadAction\",\"target\":[\"https:\\\/\\\/www.skolamichael.cz\\\/cs\\\/school\\\/inspekcni-cinnost\\\/\"]}]},{\"@type\":\"BreadcrumbList\",\"@id\":\"https:\\\/\\\/www.skolamichael.cz\\\/cs\\\/school\\\/inspekcni-cinnost\\\/#breadcrumb\",\"itemListElement\":[{\"@type\":\"ListItem\",\"position\":1,\"name\":\"Dom\u016f\",\"item\":\"https:\\\/\\\/www.skolamichael.cz\\\/cs\\\/\"},{\"@type\":\"ListItem\",\"position\":2,\"name\":\"O \u0161kole\",\"item\":\"https:\\\/\\\/www.skolamichael.cz\\\/cs\\\/school\\\/\"},{\"@type\":\"ListItem\",\"position\":3,\"name\":\"Inspek\u010dn\u00ed zpr\u00e1va\"}]},{\"@type\":\"WebSite\",\"@id\":\"https:\\\/\\\/www.skolamichael.cz\\\/cs\\\/#website\",\"url\":\"https:\\\/\\\/www.skolamichael.cz\\\/cs\\\/\",\"name\":\"MICHAEL\",\"description\":\"St\u0159edn\u00ed \u0161kola, Gymn\u00e1zium a Vy\u0161\u0161\u00ed odborn\u00e1 \u0161kola\",\"publisher\":{\"@id\":\"https:\\\/\\\/www.skolamichael.cz\\\/cs\\\/#organization\"},\"alternateName\":\"St\u0159edn\u00ed \u0161kola, Gymn\u00e1zium a Vy\u0161\u0161\u00ed odborn\u00e1 \u0161kola\",\"potentialAction\":[{\"@type\":\"SearchAction\",\"target\":{\"@type\":\"EntryPoint\",\"urlTemplate\":\"https:\\\/\\\/www.skolamichael.cz\\\/cs\\\/?s={search_term_string}\"},\"query-input\":{\"@type\":\"PropertyValueSpecification\",\"valueRequired\":true,\"valueName\":\"search_term_string\"}}],\"inLanguage\":\"cs\"},{\"@type\":\"Organization\",\"@id\":\"https:\\\/\\\/www.skolamichael.cz\\\/cs\\\/#organization\",\"name\":\"Michael \u2013 St\u0159edn\u00ed \u0161kola, Gymn\u00e1zium a Vy\u0161\u0161\u00ed odborn\u00e1 \u0161kola, s.r.o.\",\"url\":\"https:\\\/\\\/www.skolamichael.cz\\\/cs\\\/\",\"logo\":{\"@type\":\"ImageObject\",\"inLanguage\":\"cs\",\"@id\":\"https:\\\/\\\/www.skolamichael.cz\\\/cs\\\/#\\\/schema\\\/logo\\\/image\\\/\",\"url\":\"https:\\\/\\\/www.skolamichael.cz\\\/wp-content\\\/uploads\\\/2019\\\/03\\\/logo_michael_final_ctverec1-1.jpg\",\"contentUrl\":\"https:\\\/\\\/www.skolamichael.cz\\\/wp-content\\\/uploads\\\/2019\\\/03\\\/logo_michael_final_ctverec1-1.jpg\",\"width\":400,\"height\":400,\"caption\":\"Michael \u2013 St\u0159edn\u00ed \u0161kola, Gymn\u00e1zium a Vy\u0161\u0161\u00ed odborn\u00e1 \u0161kola, s.r.o.\"},\"image\":{\"@id\":\"https:\\\/\\\/www.skolamichael.cz\\\/cs\\\/#\\\/schema\\\/logo\\\/image\\\/\"},\"sameAs\":[\"http:\\\/\\\/www.facebook.com\\\/skolamichael\",\"https:\\\/\\\/www.instagram.com\\\/skola_michael\\\/\"]}]}<\/script>\n<!-- \/ Yoast SEO plugin. -->","yoast_head_json":{"title":"Inspek\u010dn\u00ed zpr\u00e1va | MICHAEL","robots":{"index":"index","follow":"follow","max-snippet":"max-snippet:-1","max-image-preview":"max-image-preview:large","max-video-preview":"max-video-preview:-1"},"canonical":"https:\/\/www.skolamichael.cz\/cs\/school\/inspekcni-cinnost\/","og_locale":"cs_CZ","og_type":"article","og_title":"Inspek\u010dn\u00ed zpr\u00e1va | MICHAEL","og_description":"\u010cesk\u00e1 \u0161koln\u00ed inspekce ve \u0161kole Ve dnech 25. \u2013 26. 11. a 29. \u2013 30. 11. 2021 byla ve \u0161kole realizov\u00e1na inspek\u010dn\u00ed \u010dinnost ze strany \u010cesk\u00e9 \u0161koln\u00ed inspekce, a to v\u00a0pravideln\u00e9m inspek\u010dn\u00edm cyklu. Zve\u0159ej\u0148ujeme z\u00e1v\u011bry z\u00a0inspek\u010dn\u00ed \u010dinnosti. Siln\u00e9 str\u00e1nky: Syst\u00e9mov\u00e9 \u0159\u00edzen\u00ed organizace zalo\u017een\u00e9 na efektivn\u00edm delegov\u00e1n\u00ed kompetenc\u00ed a vz\u00e1jemn\u00e9 spolupr\u00e1ci. Koncep\u010dn\u00ed aktivity vedouc\u00ed k\u00a0sestaven\u00ed kvalitn\u00edho [&hellip;]","og_url":"https:\/\/www.skolamichael.cz\/cs\/school\/inspekcni-cinnost\/","og_site_name":"MICHAEL","article_publisher":"http:\/\/www.facebook.com\/skolamichael","article_modified_time":"2022-01-21T12:15:37+00:00","twitter_card":"summary_large_image","twitter_misc":{"Odhadovan\u00e1 doba \u010dten\u00ed":"1 minuta"},"schema":{"@context":"https:\/\/schema.org","@graph":[{"@type":"WebPage","@id":"https:\/\/www.skolamichael.cz\/cs\/school\/inspekcni-cinnost\/","url":"https:\/\/www.skolamichael.cz\/cs\/school\/inspekcni-cinnost\/","name":"Inspek\u010dn\u00ed zpr\u00e1va | MICHAEL","isPartOf":{"@id":"https:\/\/www.skolamichael.cz\/cs\/#website"},"datePublished":"2022-01-21T07:48:57+00:00","dateModified":"2022-01-21T12:15:37+00:00","breadcrumb":{"@id":"https:\/\/www.skolamichael.cz\/cs\/school\/inspekcni-cinnost\/#breadcrumb"},"inLanguage":"cs","potentialAction":[{"@type":"ReadAction","target":["https:\/\/www.skolamichael.cz\/cs\/school\/inspekcni-cinnost\/"]}]},{"@type":"BreadcrumbList","@id":"https:\/\/www.skolamichael.cz\/cs\/school\/inspekcni-cinnost\/#breadcrumb","itemListElement":[{"@type":"ListItem","position":1,"name":"Dom\u016f","item":"https:\/\/www.skolamichael.cz\/cs\/"},{"@type":"ListItem","position":2,"name":"O \u0161kole","item":"https:\/\/www.skolamichael.cz\/cs\/school\/"},{"@type":"ListItem","position":3,"name":"Inspek\u010dn\u00ed zpr\u00e1va"}]},{"@type":"WebSite","@id":"https:\/\/www.skolamichael.cz\/cs\/#website","url":"https:\/\/www.skolamichael.cz\/cs\/","name":"MICHAEL","description":"St\u0159edn\u00ed \u0161kola, Gymn\u00e1zium a Vy\u0161\u0161\u00ed odborn\u00e1 \u0161kola","publisher":{"@id":"https:\/\/www.skolamichael.cz\/cs\/#organization"},"alternateName":"St\u0159edn\u00ed \u0161kola, Gymn\u00e1zium a Vy\u0161\u0161\u00ed odborn\u00e1 \u0161kola","potentialAction":[{"@type":"SearchAction","target":{"@type":"EntryPoint","urlTemplate":"https:\/\/www.skolamichael.cz\/cs\/?s={search_term_string}"},"query-input":{"@type":"PropertyValueSpecification","valueRequired":true,"valueName":"search_term_string"}}],"inLanguage":"cs"},{"@type":"Organization","@id":"https:\/\/www.skolamichael.cz\/cs\/#organization","name":"Michael \u2013 St\u0159edn\u00ed \u0161kola, Gymn\u00e1zium a Vy\u0161\u0161\u00ed odborn\u00e1 \u0161kola, s.r.o.","url":"https:\/\/www.skolamichael.cz\/cs\/","logo":{"@type":"ImageObject","inLanguage":"cs","@id":"https:\/\/www.skolamichael.cz\/cs\/#\/schema\/logo\/image\/","url":"https:\/\/www.skolamichael.cz\/wp-content\/uploads\/2019\/03\/logo_michael_final_ctverec1-1.jpg","contentUrl":"https:\/\/www.skolamichael.cz\/wp-content\/uploads\/2019\/03\/logo_michael_final_ctverec1-1.jpg","width":400,"height":400,"caption":"Michael \u2013 St\u0159edn\u00ed \u0161kola, Gymn\u00e1zium a Vy\u0161\u0161\u00ed odborn\u00e1 \u0161kola, s.r.o."},"image":{"@id":"https:\/\/www.skolamichael.cz\/cs\/#\/schema\/logo\/image\/"},"sameAs":["http:\/\/www.facebook.com\/skolamichael","https:\/\/www.instagram.com\/skola_michael\/"]}]}},"_links":{"self":[{"href":"https:\/\/www.skolamichael.cz\/cs\/wp-json\/wp\/v2\/pages\/8698","targetHints":{"allow":["GET"]}}],"collection":[{"href":"https:\/\/www.skolamichael.cz\/cs\/wp-json\/wp\/v2\/pages"}],"about":[{"href":"https:\/\/www.skolamichael.cz\/cs\/wp-json\/wp\/v2\/types\/page"}],"author":[{"embeddable":true,"href":"https:\/\/www.skolamichael.cz\/cs\/wp-json\/wp\/v2\/users\/4"}],"replies":[{"embeddable":true,"href":"https:\/\/www.skolamichael.cz\/cs\/wp-json\/wp\/v2\/comments?post=8698"}],"version-history":[{"count":3,"href":"https:\/\/www.skolamichael.cz\/cs\/wp-json\/wp\/v2\/pages\/8698\/revisions"}],"predecessor-version":[{"id":8704,"href":"https:\/\/www.skolamichael.cz\/cs\/wp-json\/wp\/v2\/pages\/8698\/revisions\/8704"}],"up":[{"embeddable":true,"href":"https:\/\/www.skolamichael.cz\/cs\/wp-json\/wp\/v2\/pages\/19"}],"wp:attachment":[{"href":"https:\/\/www.skolamichael.cz\/cs\/wp-json\/wp\/v2\/media?parent=8698"}],"curies":[{"name":"wp","href":"https:\/\/api.w.org\/{rel}","templated":true}]}}