{"id":884,"date":"2018-11-30T10:52:55","date_gmt":"2018-11-30T09:52:55","guid":{"rendered":"https:\/\/www.skolamichael.cz\/?page_id=884"},"modified":"2018-12-04T10:01:49","modified_gmt":"2018-12-04T09:01:49","slug":"zazemi-a-vybaveni","status":"publish","type":"page","link":"https:\/\/www.skolamichael.cz\/cs\/school\/zazemi-a-vybaveni\/","title":{"rendered":"Z\u00e1zem\u00ed a vybaven\u00ed"},"content":{"rendered":"<div>\n<p><strong>S\u00a0perfektn\u00edm z\u00e1zem\u00edm perfektn\u00ed v\u00fdsledky<\/strong><\/p>\n<p>\u0160kola Michael nab\u00edz\u00ed \u0161pi\u010dkov\u00e9 a modern\u00ed z\u00e1zem\u00ed.<\/p>\n<\/div>\n<div class=\"slideshow\"><div class='white' style='background:rgb(255, 255, 255); border:solid 0px rgba(0,0,0,0); border-radius:0px; padding:0px 0px 0px 0px;'>\n<div id='slider_334' class='owl-carousel sa_owl_theme autohide-arrows' data-slider-id='slider_334' style='visibility:hidden;'>\n<div id='slider_334_slide01' class='sa_hover_container' style='padding:0% 0%; margin:0px 0%; background-image:url(&quot;https:\/\/www.skolamichael.cz\/wp-content\/uploads\/2018\/10\/DSC_7388-copy.jpg&quot;); background-position:center top; background-size:100% auto; background-repeat:no-repeat; background-color:rgb(153, 153, 153); '><div><h4>FILMOV\u00dd ATELI\u00c9R<\/h4>\r\n<p>Filmov\u00fd ateli\u00e9r o\u017e\u00edv\u00e1 pravideln\u011b. Je natolik variabiln\u00ed, \u017ee zde byla vytvo\u0159ena nap\u0159. lo\u017enice, kuchy\u0148 \u010darod\u011bjnice, pokoj \u0159ezb\u00e1\u0159e, ale t\u00e9\u017e studia pro nejr\u016fzn\u011bj\u0161\u00ed diskusn\u00ed po\u0159ady.<\/p><\/div><\/div>\n<div id='slider_334_slide02' class='sa_hover_container' style='padding:0% 0%; margin:0px 0%; background-image:url(&quot;https:\/\/www.skolamichael.cz\/wp-content\/uploads\/2018\/10\/strizna17op-copy.jpg&quot;); background-position:center top; background-size:100% auto; background-repeat:no-repeat; background-color:rgb(153, 153, 153); '><div><h4>ST\u0158I\u017dNY<\/h4>\r\n<p>Ve \u0161kole se v\u00a0sou\u010dasn\u00e9 dob\u011b nach\u00e1z\u00ed dv\u011b prvot\u0159\u00eddn\u011b vybaven\u00e1 pracovi\u0161t\u011b s\u00a0nejmodern\u011bj\u0161\u00edmi edita\u010dn\u00edmi stanicemi a speci\u00e1ln\u00edmi kl\u00e1vesnicemi pro urychlen\u00ed st\u0159ihu.<\/p><\/div><\/div>\n<div id='slider_334_slide03' class='sa_hover_container' style='padding:0% 0%; margin:0px 0%; background-image:url(&quot;https:\/\/www.skolamichael.cz\/wp-content\/uploads\/2018\/10\/Project_fotoska_kouzelnik_autor_Matej_Vild2014_0124-copy.jpg&quot;); background-position:center top; background-size:100% auto; background-repeat:no-repeat; background-color:rgb(153, 153, 153); '><div><h4>ZVUKOV\u00c9 STUDIO<\/h4>\r\n<p>Film s\u00a0kvalitn\u00edm zvukem je vizitkou cel\u00e9ho \u0161t\u00e1bu.<\/p><\/div><\/div>\n<div id='slider_334_slide04' class='sa_hover_container' style='padding:0% 0%; margin:0px 0%; background-image:url(&quot;https:\/\/www.skolamichael.cz\/wp-content\/uploads\/2018\/10\/promitaci-salss03-copy.jpg&quot;); background-position:center top; background-size:100% auto; background-repeat:no-repeat; background-color:rgb(153, 153, 153); '><div><h4>\u0160KOLN\u00cd KINO A GRADINGOV\u00c9 PRACOVI\u0160T\u011a<\/h4>\r\n<p>Kde jinde prezentovat filmovou tvorbu ne\u017e v\u00a0kin\u011b! Aparatura pro grading je z\u00e1rukou \u0161pi\u010dkov\u011b zpracovan\u00fdch sn\u00edmk\u016f.<\/p><\/div><\/div>\n<div id='slider_334_slide05' class='sa_hover_container' style='padding:0% 0%; margin:0px 0%; background-image:url(&quot;https:\/\/www.skolamichael.cz\/wp-content\/uploads\/2018\/10\/fotografovani-kalendare_velky_at2018-copy.jpg&quot;); background-position:center top; background-size:100% auto; background-repeat:no-repeat; background-color:rgb(153, 153, 153); '><div><h4>FOTOGRAFICK\u00c9 ATELI\u00c9RY<\/h4>\r\n<p>Prostorn\u00e9 fotoateli\u00e9ry s\u00a0profesion\u00e1ln\u00edm z\u00e1bleskov\u00fdm syst\u00e9mem zaru\u010duj\u00ed perfektn\u00ed kvalitu fotek.\u00a0<\/p><\/div><\/div>\n<div id='slider_334_slide06' class='sa_hover_container' style='padding:0% 0%; margin:0px 0%; background-image:url(&quot;https:\/\/www.skolamichael.cz\/wp-content\/uploads\/2018\/10\/dok2_skola_lagge_format_kamer_Petra_Tlust\u00e1_4PF_2013_14-copy.jpg&quot;); background-position:center top; background-size:100% auto; background-repeat:no-repeat; background-color:rgb(153, 153, 153); '><div><h4>FOTOKOMORA<\/h4>\r\n<p>Kouzlo ru\u010dn\u011b zpracovan\u00e9 fotografie p\u0159etrv\u00e1v\u00e1. St\u00e1le se k\u00a0n\u011bmu vrac\u00edme, p\u0159esto\u017ee je pracn\u011bj\u0161\u00ed. O to v\u011bt\u0161\u00ed je radost z\u00a0dob\u0159e ud\u011blan\u00e9ho obr\u00e1zku.<\/p><\/div><\/div>\n<div id='slider_334_slide07' class='sa_hover_container' style='padding:0% 0%; margin:0px 0%; background-image:url(&quot;https:\/\/www.skolamichael.cz\/wp-content\/uploads\/2018\/10\/04Grafika_dilna-copy.jpg&quot;); background-position:center top; background-size:100% auto; background-repeat:no-repeat; background-color:rgb(153, 153, 153); '><div><h4>GRAFICK\u00c9 D\u00cdLNY<\/h4>\r\n<p>Kresl\u00edrny a tiska\u0159sk\u00fd lis jsou centrem rukod\u011bln\u00e9, \u201eold school\u201c tvorby. Zde se ze \u017e\u00e1k\u016f st\u00e1vaj\u00ed um\u011blci v\u00a0klasick\u00e9m slova smyslu.<\/p><\/div><\/div>\n<div id='slider_334_slide08' class='sa_hover_container' style='padding:0% 0%; margin:0px 0%; background-image:url(&quot;https:\/\/www.skolamichael.cz\/wp-content\/uploads\/2018\/10\/Jaroslav_Fi\u0161er_foto_grafika15_12-copy.jpg&quot;); background-position:center top; background-size:100% auto; background-repeat:no-repeat; background-color:rgb(153, 153, 153); '><div><h4>ATELI\u00c9R DESIGNU INTERI\u00c9RU<\/h4>\r\n<p>\u00datuln\u00fd prostor a zaj\u00edmav\u00e9 dispozi\u010dn\u00ed \u0159e\u0161en\u00ed nejmlad\u0161\u00edho ateli\u00e9ru p\u0159edstavuj\u00ed pro \u017e\u00e1ky podn\u011btn\u00e9 prost\u0159ed\u00ed a zdroj inspirace.<\/p><\/div><\/div>\n<div id='slider_334_slide09' class='sa_hover_container' style='padding:0% 0%; margin:0px 0%; background-image:url(&quot;https:\/\/www.skolamichael.cz\/wp-content\/uploads\/2018\/10\/Pocitacova_grafika_01.jpg&quot;); background-position:center top; background-size:100% auto; background-repeat:no-repeat; background-color:rgb(153, 153, 153); '><div><h4>PO\u010c\u00cdTA\u010cOV\u00c9 U\u010cEBNY<\/h4>\r\n<p>Po\u010d\u00edta\u010de jsou \u017e\u00e1k\u016fm k\u00a0dispozici t\u00e9m\u011b\u0159 neomezen\u011b. I v odpoledn\u00edch hodin\u00e1ch mimo v\u00fduku.<\/p><\/div><\/div>\n<div id='slider_334_slide10' class='sa_hover_container' style='padding:0% 0%; margin:0px 0%; background-image:url(&quot;https:\/\/www.skolamichael.cz\/wp-content\/uploads\/2018\/10\/workshop_reklamni_klub010.jpg&quot;); background-position:center top; background-size:100% auto; background-repeat:no-repeat; background-color:rgb(153, 153, 153); '><div><p>REKLAMN\u00cd KLUB<\/p>\r\n<p>Slou\u017e\u00ed k\u00a0p\u0159edn\u00e1\u0161k\u00e1m a workshop\u016fm, prezentac\u00edm projekt\u016f nebo k neform\u00e1ln\u00edm setk\u00e1v\u00e1n\u00edm. Slou\u017e\u00ed z\u00e1rove\u0148 jako elegantn\u00ed galerie p\u0159edstavuj\u00edc\u00ed pr\u00e1ci \u017e\u00e1k\u016f jednotliv\u00fdch obor\u016f.<\/p><\/div><\/div>\n<div id='slider_334_slide11' class='sa_hover_container' style='padding:0% 0%; margin:0px 0%; background-image:url(&quot;https:\/\/www.skolamichael.cz\/wp-content\/uploads\/2018\/10\/knihovna07.jpg&quot;); background-position:center top; background-size:100% auto; background-repeat:no-repeat; background-color:rgb(153, 153, 153); '><div><h4>\u0160KOLN\u00cd KNIHOVNA<\/h4>\r\n<p>I v\u00a0\u00e9\u0159e online komunikace je v\u00fdznamn\u00fdm zdrojem informac\u00ed. Disponuje rozs\u00e1hl\u00fdm fondem oborn\u00e9 literatury, beletrie i \u010dasopis\u016f. Autentick\u00fd \u010dten\u00e1\u0159sk\u00fd z\u00e1\u017eitek nelze ni\u010d\u00edm nahradit!<\/p><\/div><\/div>\n<div id='slider_334_slide12' class='sa_hover_container' style='padding:0% 0%; margin:0px 0%; background-image:url(&quot;https:\/\/www.skolamichael.cz\/wp-content\/uploads\/2018\/10\/zahrada1.jpg&quot;); background-position:center top; background-size:100% auto; background-repeat:no-repeat; background-color:rgb(153, 153, 153); '><div><h4>ZAHRADA<\/h4>\r\n<p>Relaxa\u010dn\u00ed z\u00f3na. Za ka\u017ed\u00e9ho po\u010das\u00ed spojen\u00ed p\u0159\u00edjemn\u00e9ho a u\u017eite\u010dn\u00fdm \u2013 dotek p\u0159\u00edrody i m\u00edsto pro studium.<\/p><\/div><\/div>\n<\/div>\n<\/div>\n<script type='text\/javascript'>\n\tjQuery(document).ready(function() {\n\t\tjQuery('#slider_334').owlCarousel({\n\t\t\titems : 1,\n\t\t\tsmartSpeed : 200,\n\t\t\tautoplay : true,\n\t\t\tautoplayTimeout : 5000,\n\t\t\tautoplayHoverPause : true,\n\t\t\tsmartSpeed : 200,\n\t\t\tfluidSpeed : 200,\n\t\t\tautoplaySpeed : 200,\n\t\t\tnavSpeed : 200,\n\t\t\tdotsSpeed : 200,\n\t\t\tloop : true,\n\t\t\tnav : true,\n\t\t\tnavText : ['Previous','Next'],\n\t\t\tdots : false,\n\t\t\tresponsiveRefreshRate : 200,\n\t\t\tslideBy : 1,\n\t\t\tmergeFit : true,\n\t\t\tautoHeight : false,\n\t\t\tmouseDrag : true,\n\t\t\ttouchDrag : true\n\t\t});\n\t\tjQuery('#slider_334').css('visibility', 'visible');\n\t\tsa_resize_slider_334();\n\t\twindow.addEventListener('resize', sa_resize_slider_334);\n\t\tfunction sa_resize_slider_334() {\n\t\t\tvar min_height = 'aspect43';\n\t\t\tvar win_width = jQuery(window).width();\n\t\t\tvar slider_width = jQuery('#slider_334').width();\n\t\t\tif (win_width < 480) {\n\t\t\t\tvar slide_width = slider_width \/ 1;\n\t\t\t} else if (win_width < 768) {\n\t\t\t\tvar slide_width = slider_width \/ 1;\n\t\t\t} else if (win_width < 980) {\n\t\t\t\tvar slide_width = slider_width \/ 1;\n\t\t\t} else if (win_width < 1200) {\n\t\t\t\tvar slide_width = slider_width \/ 1;\n\t\t\t} else if (win_width < 1500) {\n\t\t\t\tvar slide_width = slider_width \/ 1;\n\t\t\t} else {\n\t\t\t\tvar slide_width = slider_width \/ 1;\n\t\t\t}\n\t\t\tslide_width = Math.round(slide_width);\n\t\t\tvar slide_height = '0';\n\t\t\tif (min_height == 'aspect43') {\n\t\t\t\tslide_height = (slide_width \/ 4) * 3;\t\t\t\tslide_height = Math.round(slide_height);\n\t\t\t} else if (min_height == 'aspect169') {\n\t\t\t\tslide_height = (slide_width \/ 16) * 9;\t\t\t\tslide_height = Math.round(slide_height);\n\t\t\t} else {\n\t\t\t\tslide_height = (slide_width \/ 100) * min_height;\t\t\t\tslide_height = Math.round(slide_height);\n\t\t\t}\n\t\t\tjQuery('#slider_334 .owl-item .sa_hover_container').css('min-height', slide_height+'px');\n\t\t}\n\t\tvar owl_goto = jQuery('#slider_334');\n\t\tjQuery('.slider_334_goto1').click(function(event){\n\t\t\towl_goto.trigger('to.owl.carousel', 0);\n\t\t});\n\t\tjQuery('.slider_334_goto2').click(function(event){\n\t\t\towl_goto.trigger('to.owl.carousel', 1);\n\t\t});\n\t\tjQuery('.slider_334_goto3').click(function(event){\n\t\t\towl_goto.trigger('to.owl.carousel', 2);\n\t\t});\n\t\tjQuery('.slider_334_goto4').click(function(event){\n\t\t\towl_goto.trigger('to.owl.carousel', 3);\n\t\t});\n\t\tjQuery('.slider_334_goto5').click(function(event){\n\t\t\towl_goto.trigger('to.owl.carousel', 4);\n\t\t});\n\t\tjQuery('.slider_334_goto6').click(function(event){\n\t\t\towl_goto.trigger('to.owl.carousel', 5);\n\t\t});\n\t\tjQuery('.slider_334_goto7').click(function(event){\n\t\t\towl_goto.trigger('to.owl.carousel', 6);\n\t\t});\n\t\tjQuery('.slider_334_goto8').click(function(event){\n\t\t\towl_goto.trigger('to.owl.carousel', 7);\n\t\t});\n\t\tjQuery('.slider_334_goto9').click(function(event){\n\t\t\towl_goto.trigger('to.owl.carousel', 8);\n\t\t});\n\t\tjQuery('.slider_334_goto10').click(function(event){\n\t\t\towl_goto.trigger('to.owl.carousel', 9);\n\t\t});\n\t\tjQuery('.slider_334_goto11').click(function(event){\n\t\t\towl_goto.trigger('to.owl.carousel', 10);\n\t\t});\n\t\tjQuery('.slider_334_goto12').click(function(event){\n\t\t\towl_goto.trigger('to.owl.carousel', 11);\n\t\t});\n\t\tvar resize_342 = jQuery('.owl-carousel');\n\t\tresize_342.on('initialized.owl.carousel', function(e) {\n\t\t\tif (typeof(Event) === 'function') {\n\t\t\t\twindow.dispatchEvent(new Event('resize'));\n\t\t\t} else {\n\t\t\t\tvar evt = window.document.createEvent('UIEvents');\n\t\t\t\tevt.initUIEvent('resize', true, false, window, 0);\n\t\t\t\twindow.dispatchEvent(evt);\n\t\t\t}\n\t\t});\n\t});\n<\/script>\n<\/div>\n","protected":false},"excerpt":{"rendered":"<p>S\u00a0perfektn\u00edm z\u00e1zem\u00edm perfektn\u00ed v\u00fdsledky \u0160kola Michael nab\u00edz\u00ed \u0161pi\u010dkov\u00e9 a modern\u00ed z\u00e1zem\u00ed.<\/p>\n","protected":false},"author":3,"featured_media":0,"parent":19,"menu_order":0,"comment_status":"closed","ping_status":"closed","template":"","meta":{"_acf_changed":false,"footnotes":""},"class_list":["post-884","page","type-page","status-publish","hentry"],"acf":[],"yoast_head":"<!-- This site is optimized with the Yoast SEO plugin v27.4 - https:\/\/yoast.com\/product\/yoast-seo-wordpress\/ -->\n<title>Z\u00e1zem\u00ed a vybaven\u00ed | MICHAEL<\/title>\n<meta name=\"robots\" content=\"index, follow, max-snippet:-1, max-image-preview:large, max-video-preview:-1\" \/>\n<link rel=\"canonical\" href=\"https:\/\/www.skolamichael.cz\/cs\/school\/zazemi-a-vybaveni\/\" \/>\n<meta property=\"og:locale\" content=\"cs_CZ\" \/>\n<meta property=\"og:type\" content=\"article\" \/>\n<meta property=\"og:title\" content=\"Z\u00e1zem\u00ed a vybaven\u00ed | MICHAEL\" \/>\n<meta property=\"og:description\" content=\"S\u00a0perfektn\u00edm z\u00e1zem\u00edm perfektn\u00ed v\u00fdsledky \u0160kola Michael nab\u00edz\u00ed \u0161pi\u010dkov\u00e9 a modern\u00ed z\u00e1zem\u00ed.\" \/>\n<meta property=\"og:url\" content=\"https:\/\/www.skolamichael.cz\/cs\/school\/zazemi-a-vybaveni\/\" \/>\n<meta property=\"og:site_name\" content=\"MICHAEL\" \/>\n<meta property=\"article:publisher\" content=\"http:\/\/www.facebook.com\/skolamichael\" \/>\n<meta property=\"article:modified_time\" content=\"2018-12-04T09:01:49+00:00\" \/>\n<meta name=\"twitter:card\" content=\"summary_large_image\" \/>\n<script type=\"application\/ld+json\" class=\"yoast-schema-graph\">{\"@context\":\"https:\\\/\\\/schema.org\",\"@graph\":[{\"@type\":\"WebPage\",\"@id\":\"https:\\\/\\\/www.skolamichael.cz\\\/cs\\\/school\\\/zazemi-a-vybaveni\\\/\",\"url\":\"https:\\\/\\\/www.skolamichael.cz\\\/cs\\\/school\\\/zazemi-a-vybaveni\\\/\",\"name\":\"Z\u00e1zem\u00ed a vybaven\u00ed | MICHAEL\",\"isPartOf\":{\"@id\":\"https:\\\/\\\/www.skolamichael.cz\\\/cs\\\/#website\"},\"datePublished\":\"2018-11-30T09:52:55+00:00\",\"dateModified\":\"2018-12-04T09:01:49+00:00\",\"breadcrumb\":{\"@id\":\"https:\\\/\\\/www.skolamichael.cz\\\/cs\\\/school\\\/zazemi-a-vybaveni\\\/#breadcrumb\"},\"inLanguage\":\"cs\",\"potentialAction\":[{\"@type\":\"ReadAction\",\"target\":[\"https:\\\/\\\/www.skolamichael.cz\\\/cs\\\/school\\\/zazemi-a-vybaveni\\\/\"]}]},{\"@type\":\"BreadcrumbList\",\"@id\":\"https:\\\/\\\/www.skolamichael.cz\\\/cs\\\/school\\\/zazemi-a-vybaveni\\\/#breadcrumb\",\"itemListElement\":[{\"@type\":\"ListItem\",\"position\":1,\"name\":\"Dom\u016f\",\"item\":\"https:\\\/\\\/www.skolamichael.cz\\\/cs\\\/\"},{\"@type\":\"ListItem\",\"position\":2,\"name\":\"O \u0161kole\",\"item\":\"https:\\\/\\\/www.skolamichael.cz\\\/cs\\\/school\\\/\"},{\"@type\":\"ListItem\",\"position\":3,\"name\":\"Z\u00e1zem\u00ed a vybaven\u00ed\"}]},{\"@type\":\"WebSite\",\"@id\":\"https:\\\/\\\/www.skolamichael.cz\\\/cs\\\/#website\",\"url\":\"https:\\\/\\\/www.skolamichael.cz\\\/cs\\\/\",\"name\":\"MICHAEL\",\"description\":\"St\u0159edn\u00ed \u0161kola, Gymn\u00e1zium a Vy\u0161\u0161\u00ed odborn\u00e1 \u0161kola\",\"publisher\":{\"@id\":\"https:\\\/\\\/www.skolamichael.cz\\\/cs\\\/#organization\"},\"alternateName\":\"St\u0159edn\u00ed \u0161kola, Gymn\u00e1zium a Vy\u0161\u0161\u00ed odborn\u00e1 \u0161kola\",\"potentialAction\":[{\"@type\":\"SearchAction\",\"target\":{\"@type\":\"EntryPoint\",\"urlTemplate\":\"https:\\\/\\\/www.skolamichael.cz\\\/cs\\\/?s={search_term_string}\"},\"query-input\":{\"@type\":\"PropertyValueSpecification\",\"valueRequired\":true,\"valueName\":\"search_term_string\"}}],\"inLanguage\":\"cs\"},{\"@type\":\"Organization\",\"@id\":\"https:\\\/\\\/www.skolamichael.cz\\\/cs\\\/#organization\",\"name\":\"Michael \u2013 St\u0159edn\u00ed \u0161kola, Gymn\u00e1zium a Vy\u0161\u0161\u00ed odborn\u00e1 \u0161kola, s.r.o.\",\"url\":\"https:\\\/\\\/www.skolamichael.cz\\\/cs\\\/\",\"logo\":{\"@type\":\"ImageObject\",\"inLanguage\":\"cs\",\"@id\":\"https:\\\/\\\/www.skolamichael.cz\\\/cs\\\/#\\\/schema\\\/logo\\\/image\\\/\",\"url\":\"https:\\\/\\\/www.skolamichael.cz\\\/wp-content\\\/uploads\\\/2019\\\/03\\\/logo_michael_final_ctverec1-1.jpg\",\"contentUrl\":\"https:\\\/\\\/www.skolamichael.cz\\\/wp-content\\\/uploads\\\/2019\\\/03\\\/logo_michael_final_ctverec1-1.jpg\",\"width\":400,\"height\":400,\"caption\":\"Michael \u2013 St\u0159edn\u00ed \u0161kola, Gymn\u00e1zium a Vy\u0161\u0161\u00ed odborn\u00e1 \u0161kola, s.r.o.\"},\"image\":{\"@id\":\"https:\\\/\\\/www.skolamichael.cz\\\/cs\\\/#\\\/schema\\\/logo\\\/image\\\/\"},\"sameAs\":[\"http:\\\/\\\/www.facebook.com\\\/skolamichael\",\"https:\\\/\\\/www.instagram.com\\\/skola_michael\\\/\"]}]}<\/script>\n<!-- \/ Yoast SEO plugin. -->","yoast_head_json":{"title":"Z\u00e1zem\u00ed a vybaven\u00ed | MICHAEL","robots":{"index":"index","follow":"follow","max-snippet":"max-snippet:-1","max-image-preview":"max-image-preview:large","max-video-preview":"max-video-preview:-1"},"canonical":"https:\/\/www.skolamichael.cz\/cs\/school\/zazemi-a-vybaveni\/","og_locale":"cs_CZ","og_type":"article","og_title":"Z\u00e1zem\u00ed a vybaven\u00ed | MICHAEL","og_description":"S\u00a0perfektn\u00edm z\u00e1zem\u00edm perfektn\u00ed v\u00fdsledky \u0160kola Michael nab\u00edz\u00ed \u0161pi\u010dkov\u00e9 a modern\u00ed z\u00e1zem\u00ed.","og_url":"https:\/\/www.skolamichael.cz\/cs\/school\/zazemi-a-vybaveni\/","og_site_name":"MICHAEL","article_publisher":"http:\/\/www.facebook.com\/skolamichael","article_modified_time":"2018-12-04T09:01:49+00:00","twitter_card":"summary_large_image","schema":{"@context":"https:\/\/schema.org","@graph":[{"@type":"WebPage","@id":"https:\/\/www.skolamichael.cz\/cs\/school\/zazemi-a-vybaveni\/","url":"https:\/\/www.skolamichael.cz\/cs\/school\/zazemi-a-vybaveni\/","name":"Z\u00e1zem\u00ed a vybaven\u00ed | MICHAEL","isPartOf":{"@id":"https:\/\/www.skolamichael.cz\/cs\/#website"},"datePublished":"2018-11-30T09:52:55+00:00","dateModified":"2018-12-04T09:01:49+00:00","breadcrumb":{"@id":"https:\/\/www.skolamichael.cz\/cs\/school\/zazemi-a-vybaveni\/#breadcrumb"},"inLanguage":"cs","potentialAction":[{"@type":"ReadAction","target":["https:\/\/www.skolamichael.cz\/cs\/school\/zazemi-a-vybaveni\/"]}]},{"@type":"BreadcrumbList","@id":"https:\/\/www.skolamichael.cz\/cs\/school\/zazemi-a-vybaveni\/#breadcrumb","itemListElement":[{"@type":"ListItem","position":1,"name":"Dom\u016f","item":"https:\/\/www.skolamichael.cz\/cs\/"},{"@type":"ListItem","position":2,"name":"O \u0161kole","item":"https:\/\/www.skolamichael.cz\/cs\/school\/"},{"@type":"ListItem","position":3,"name":"Z\u00e1zem\u00ed a vybaven\u00ed"}]},{"@type":"WebSite","@id":"https:\/\/www.skolamichael.cz\/cs\/#website","url":"https:\/\/www.skolamichael.cz\/cs\/","name":"MICHAEL","description":"St\u0159edn\u00ed \u0161kola, Gymn\u00e1zium a Vy\u0161\u0161\u00ed odborn\u00e1 \u0161kola","publisher":{"@id":"https:\/\/www.skolamichael.cz\/cs\/#organization"},"alternateName":"St\u0159edn\u00ed \u0161kola, Gymn\u00e1zium a Vy\u0161\u0161\u00ed odborn\u00e1 \u0161kola","potentialAction":[{"@type":"SearchAction","target":{"@type":"EntryPoint","urlTemplate":"https:\/\/www.skolamichael.cz\/cs\/?s={search_term_string}"},"query-input":{"@type":"PropertyValueSpecification","valueRequired":true,"valueName":"search_term_string"}}],"inLanguage":"cs"},{"@type":"Organization","@id":"https:\/\/www.skolamichael.cz\/cs\/#organization","name":"Michael \u2013 St\u0159edn\u00ed \u0161kola, Gymn\u00e1zium a Vy\u0161\u0161\u00ed odborn\u00e1 \u0161kola, s.r.o.","url":"https:\/\/www.skolamichael.cz\/cs\/","logo":{"@type":"ImageObject","inLanguage":"cs","@id":"https:\/\/www.skolamichael.cz\/cs\/#\/schema\/logo\/image\/","url":"https:\/\/www.skolamichael.cz\/wp-content\/uploads\/2019\/03\/logo_michael_final_ctverec1-1.jpg","contentUrl":"https:\/\/www.skolamichael.cz\/wp-content\/uploads\/2019\/03\/logo_michael_final_ctverec1-1.jpg","width":400,"height":400,"caption":"Michael \u2013 St\u0159edn\u00ed \u0161kola, Gymn\u00e1zium a Vy\u0161\u0161\u00ed odborn\u00e1 \u0161kola, s.r.o."},"image":{"@id":"https:\/\/www.skolamichael.cz\/cs\/#\/schema\/logo\/image\/"},"sameAs":["http:\/\/www.facebook.com\/skolamichael","https:\/\/www.instagram.com\/skola_michael\/"]}]}},"_links":{"self":[{"href":"https:\/\/www.skolamichael.cz\/cs\/wp-json\/wp\/v2\/pages\/884","targetHints":{"allow":["GET"]}}],"collection":[{"href":"https:\/\/www.skolamichael.cz\/cs\/wp-json\/wp\/v2\/pages"}],"about":[{"href":"https:\/\/www.skolamichael.cz\/cs\/wp-json\/wp\/v2\/types\/page"}],"author":[{"embeddable":true,"href":"https:\/\/www.skolamichael.cz\/cs\/wp-json\/wp\/v2\/users\/3"}],"replies":[{"embeddable":true,"href":"https:\/\/www.skolamichael.cz\/cs\/wp-json\/wp\/v2\/comments?post=884"}],"version-history":[{"count":3,"href":"https:\/\/www.skolamichael.cz\/cs\/wp-json\/wp\/v2\/pages\/884\/revisions"}],"predecessor-version":[{"id":1003,"href":"https:\/\/www.skolamichael.cz\/cs\/wp-json\/wp\/v2\/pages\/884\/revisions\/1003"}],"up":[{"embeddable":true,"href":"https:\/\/www.skolamichael.cz\/cs\/wp-json\/wp\/v2\/pages\/19"}],"wp:attachment":[{"href":"https:\/\/www.skolamichael.cz\/cs\/wp-json\/wp\/v2\/media?parent=884"}],"curies":[{"name":"wp","href":"https:\/\/api.w.org\/{rel}","templated":true}]}}