{"id":952,"date":"2018-11-30T11:24:34","date_gmt":"2018-11-30T10:24:34","guid":{"rendered":"https:\/\/www.skolamichael.cz\/?page_id=952"},"modified":"2026-02-02T12:20:11","modified_gmt":"2026-02-02T11:20:11","slug":"vychovne-poradenstvi","status":"publish","type":"page","link":"https:\/\/www.skolamichael.cz\/cs\/pro-studenty\/vychovne-poradenstvi\/","title":{"rendered":"V\u00fdchovn\u00e9 poradenstv\u00ed"},"content":{"rendered":"<p><strong>V\u00fdchovn\u00e1 poradkyn\u011b<\/strong>\u00a0\u2013 <a href=\"https:\/\/www.skolamichael.cz\/cs\/ucitel\/ing-zdena-lacmanova\/\">Ing. Zde\u0148ka Lacmanov\u00e1<\/a><\/p>\n<p><strong>\u0160koln\u00ed metodi\u010dka prevence<\/strong> \u2013 <a href=\"https:\/\/www.skolamichael.cz\/ucitel\/ing-romana-kollerova\/\">Ing. Romana Kollerov\u00e1<\/a><\/p>\n<p><strong>\u0160koln\u00ed psycholo\u017eka<\/strong>\u00a0<strong>\u2013<\/strong> <a href=\"https:\/\/www.skolamichael.cz\/cs\/ucitel\/mgr-hana-pucherova\/\"><span data-olk-copy-source=\"MessageBody\">PhDr<\/span>. Hana Pucherov\u00e1<\/a><\/p>\n<p><strong>Sp\u00e1dov\u00e1 poradna \u2013<\/strong>\u00a0PPP Kupeck\u00e9ho 576, Praha 4, stanice metra H\u00e1je, tel.: 272 918 682.<\/p>\n<p class=\"Text\">\u010cinnost cel\u00e9ho poradensk\u00e9ho t\u00fdmu (\u0161koln\u00ed psycholog, v\u00fdchovn\u00fd poradce, metodik prevence) ve spolupr\u00e1ci s pedagogicko-psychologickou poradnou pro Prahu 4 zaji\u0161\u0165uje efektivn\u00ed podp\u016frn\u00fd syst\u00e9m v\u00fdchovn\u011b vzd\u011bl\u00e1vac\u00edho procesu. \u0160kola vytv\u00e1\u0159\u00ed d\u016fv\u011bryhodn\u00e9 a bezpe\u010dn\u00e9 prost\u0159ed\u00ed, kter\u00e9 napom\u00e1h\u00e1 rozvoji osobnosti \u017e\u00e1ka. \u00da\u010deln\u00e1 podpora \u017e\u00e1k\u016f za\u010d\u00edn\u00e1 ji\u017e p\u0159i zah\u00e1jen\u00ed vzd\u011bl\u00e1v\u00e1n\u00ed. Zv\u00fd\u0161en\u00e1 pozornost je v\u011bnov\u00e1na adaptaci \u017e\u00e1k\u016f prvn\u00edho ro\u010dn\u00edku. K odstran\u011bn\u00ed bari\u00e9r v nov\u011b vznikaj\u00edc\u00edch t\u0159\u00eddn\u00edch kolektivech, k vytvo\u0159en\u00ed kladn\u00fdch vztah\u016f a k monitoringu p\u0159\u00edpadn\u00fdch rizik slou\u017e\u00ed d\u016fsledn\u011b vyhodnocovan\u00fd adapta\u010dn\u00ed kurz, na n\u011bj\u017e navazuj\u00ed dal\u0161\u00ed aktivity \u0161koln\u00ed psycholo\u017eky vedouc\u00ed k nastaven\u00ed vhodn\u00fdch strategi\u00ed u\u010den\u00ed.<\/p>\n<p class=\"Text\">Ve spolupr\u00e1ci s\u00a0t\u0159\u00eddn\u00edmi u\u010diteli a ostatn\u00edmi pedagogy se \u0161kole da\u0159\u00ed vytv\u00e1\u0159et podm\u00ednky pro vzd\u011bl\u00e1v\u00e1n\u00ed \u017e\u00e1k\u016f se speci\u00e1ln\u00edmi vzd\u011bl\u00e1vac\u00edmi pot\u0159ebami (nap\u0159. d\u016fsledn\u00fdm vyhodnocov\u00e1n\u00edm jejich studia, kontroln\u00edm syst\u00e9mem, hospita\u010dn\u00ed \u010dinnost\u00ed, pop\u0159. vyu\u017e\u00edv\u00e1n\u00edm individu\u00e1ln\u00edch vzd\u011bl\u00e1vac\u00edch pl\u00e1n\u016f).<\/p>\n<p class=\"Text\">Nejd\u016fle\u017eit\u011bj\u0161\u00ed pozornost poradensk\u00e9ho t\u00fdmu je zam\u011b\u0159ena na individu\u00e1ln\u00ed p\u00e9\u010di o \u017e\u00e1ky (zvl\u00e1d\u00e1n\u00ed frustrac\u00ed, individu\u00e1ln\u00ed rozvoj osobnosti \u017e\u00e1ka v\u00a0procesu vzd\u011bl\u00e1v\u00e1n\u00ed, osobn\u00ed probl\u00e9my, vyu\u017eit\u00ed voln\u00e9ho \u010dasu, psychick\u00e9 a soci\u00e1ln\u00ed zr\u00e1n\u00ed \u017e\u00e1k\u016f, nevyrovnanost \u017e\u00e1k\u016f vedouc\u00ed k\u00a0p\u0159\u00edpadn\u00fdm obt\u00ed\u017en\u011b zvl\u00e1dnuteln\u00fdm situac\u00edm). Vedle individu\u00e1ln\u00ed podpory se poradensk\u00fd t\u00fdm v\u011bnuje pr\u00e1ci s\u00a0t\u0159\u00eddn\u00edmi kolektivy. Sou\u010d\u00e1st\u00ed je tak\u00e9 prevence soci\u00e1ln\u011b-patologick\u00fdch jev\u016f. Zapojov\u00e1n\u00edm \u017e\u00e1k\u016f do\u00a0mimo\u0161koln\u00edch aktivit jsou posilov\u00e1ny jejich voln\u00ed vlastnosti.<\/p>\n<p class=\"Text\">Podpora je poskytov\u00e1na rovn\u011b\u017e rodi\u010d\u016fm a jednotliv\u00fdm pedagog\u016fm. \u0160kola se zam\u011b\u0159uje na pr\u00e1ci s\u00a0t\u0159\u00eddn\u00edmi u\u010diteli.<\/p>\n<p class=\"Text\">Velk\u00e1 pozornost je v\u011bnov\u00e1na prevenci \u0161koln\u00edho ne\u00fasp\u011bchu a nedostate\u010dn\u00fdm studijn\u00edm v\u00fdsledk\u016fm. Jejich p\u0159esn\u00e9 vyhodnocov\u00e1n\u00ed ve vazb\u011b na v\u00fdsledky talentov\u00e9 zkou\u0161ky je nezbytn\u00e9 zejm\u00e9na u \u017e\u00e1k\u016f prvn\u00edch ro\u010dn\u00edk\u016f, kde se jev\u00ed jako \u017e\u00e1douc\u00ed p\u0159\u00edpadn\u00e9 nasm\u011brov\u00e1n\u00ed \u017e\u00e1k\u016f na vhodn\u011bj\u0161\u00ed typ st\u0159edn\u00ed \u0161koly. Prevence studijn\u00edho ne\u00fasp\u011bchu je zaji\u0161\u0165ov\u00e1na tak\u00e9 c\u00edlen\u00fdm individu\u00e1ln\u00edm p\u0159\u00edstupem (nap\u0159. u \u017e\u00e1k\u016f s do\u010dasn\u00fdm zdravotn\u00edm znev\u00fdhodn\u011bn\u00edm). \u017d\u00e1ci vyu\u017e\u00edvaj\u00ed nastaven\u00fd re\u017eim konzulta\u010dn\u00edch hodin poskytovan\u00fdch jednotliv\u00fdmi pedagogy. Studenti vyu\u017e\u00edvaj\u00ed tak\u00e9 konzultac\u00ed se \u0161koln\u00ed psycholo\u017ekou. Objedn\u00e1n\u00ed konzultac\u00ed prob\u00edh\u00e1 mailovou formou (pucherovah@skolamichael.cz), nebo osobn\u011b u p. Pucherov\u00e9.<\/p>\n<p class=\"Text\">V\u00fdchovn\u00fd poradce poskytuje t\u00e9\u017e kari\u00e9rn\u00ed poradenstv\u00ed.<\/p>\n<p>Aktivity preventivn\u00edho programu pravideln\u011b realizovan\u00e9 ve \u0161kole:<\/p>\n<ul>\n<li><a href=\"https:\/\/www.skolamichael.cz\/aktualne\/realizace-preventivniho-programu-na-skole\/\">Gambling<\/a><\/li>\n<li><a href=\"https:\/\/www.skolamichael.cz\/aktualne\/zivot-skoly\/zdravotnicky-kurz-aneb-nejhorsi-je-nedelat-nic\/\">Zdravotnick\u00fd kurz<\/a><\/li>\n<li><a href=\"https:\/\/www.skolamichael.cz\/aktualne\/zivot-skoly\/sikana-ve-skole-je-jev-stary-jako-skola-sama\/\">Prevence \u0161ikany<\/a><\/li>\n<li><a href=\"https:\/\/www.skolamichael.cz\/aktualne\/zivot-skoly\/pravni-povedomi-neznamena-pravni-vedomi\/\">V\u00edm, kdo jsem, v\u00edm, pro\u010d se rozhoduji<\/a><\/li>\n<li><a href=\"https:\/\/www.skolamichael.cz\/aktualne\/prevence-a-novorocni-predsevzeti\/\">Skryt\u00e9 z\u00e1\u0161kol\u00e1ctv\u00ed<\/a><\/li>\n<\/ul>\n<h4><\/h4>\n","protected":false},"excerpt":{"rendered":"<p>V\u00fdchovn\u00e1 poradkyn\u011b\u00a0\u2013 Ing. Zde\u0148ka Lacmanov\u00e1 \u0160koln\u00ed metodi\u010dka prevence \u2013 Ing. Romana Kollerov\u00e1 \u0160koln\u00ed psycholo\u017eka\u00a0\u2013 PhDr. Hana Pucherov\u00e1 Sp\u00e1dov\u00e1 poradna \u2013\u00a0PPP Kupeck\u00e9ho 576, Praha 4, stanice metra H\u00e1je, tel.: 272 918 682. \u010cinnost cel\u00e9ho poradensk\u00e9ho t\u00fdmu (\u0161koln\u00ed psycholog, v\u00fdchovn\u00fd poradce, metodik prevence) ve spolupr\u00e1ci s pedagogicko-psychologickou poradnou pro Prahu 4 zaji\u0161\u0165uje efektivn\u00ed podp\u016frn\u00fd syst\u00e9m v\u00fdchovn\u011b vzd\u011bl\u00e1vac\u00edho [&hellip;]<\/p>\n","protected":false},"author":3,"featured_media":0,"parent":567,"menu_order":0,"comment_status":"closed","ping_status":"closed","template":"","meta":{"_acf_changed":false,"footnotes":""},"class_list":["post-952","page","type-page","status-publish","hentry"],"acf":[],"yoast_head":"<!-- This site is optimized with the Yoast SEO plugin v27.4 - https:\/\/yoast.com\/product\/yoast-seo-wordpress\/ -->\n<title>V\u00fdchovn\u00e9 poradenstv\u00ed | MICHAEL<\/title>\n<meta name=\"robots\" content=\"index, follow, max-snippet:-1, max-image-preview:large, max-video-preview:-1\" \/>\n<link rel=\"canonical\" href=\"https:\/\/www.skolamichael.cz\/cs\/pro-studenty\/vychovne-poradenstvi\/\" \/>\n<meta property=\"og:locale\" content=\"cs_CZ\" \/>\n<meta property=\"og:type\" content=\"article\" \/>\n<meta property=\"og:title\" content=\"V\u00fdchovn\u00e9 poradenstv\u00ed | MICHAEL\" \/>\n<meta property=\"og:description\" content=\"V\u00fdchovn\u00e1 poradkyn\u011b\u00a0\u2013 Ing. Zde\u0148ka Lacmanov\u00e1 \u0160koln\u00ed metodi\u010dka prevence \u2013 Ing. Romana Kollerov\u00e1 \u0160koln\u00ed psycholo\u017eka\u00a0\u2013 PhDr. Hana Pucherov\u00e1 Sp\u00e1dov\u00e1 poradna \u2013\u00a0PPP Kupeck\u00e9ho 576, Praha 4, stanice metra H\u00e1je, tel.: 272 918 682. \u010cinnost cel\u00e9ho poradensk\u00e9ho t\u00fdmu (\u0161koln\u00ed psycholog, v\u00fdchovn\u00fd poradce, metodik prevence) ve spolupr\u00e1ci s pedagogicko-psychologickou poradnou pro Prahu 4 zaji\u0161\u0165uje efektivn\u00ed podp\u016frn\u00fd syst\u00e9m v\u00fdchovn\u011b vzd\u011bl\u00e1vac\u00edho [&hellip;]\" \/>\n<meta property=\"og:url\" content=\"https:\/\/www.skolamichael.cz\/cs\/pro-studenty\/vychovne-poradenstvi\/\" \/>\n<meta property=\"og:site_name\" content=\"MICHAEL\" \/>\n<meta property=\"article:publisher\" content=\"http:\/\/www.facebook.com\/skolamichael\" \/>\n<meta property=\"article:modified_time\" content=\"2026-02-02T11:20:11+00:00\" \/>\n<meta name=\"twitter:card\" content=\"summary_large_image\" \/>\n<meta name=\"twitter:label1\" content=\"Odhadovan\u00e1 doba \u010dten\u00ed\" \/>\n\t<meta name=\"twitter:data1\" content=\"2 minuty\" \/>\n<script type=\"application\/ld+json\" class=\"yoast-schema-graph\">{\"@context\":\"https:\\\/\\\/schema.org\",\"@graph\":[{\"@type\":\"WebPage\",\"@id\":\"https:\\\/\\\/www.skolamichael.cz\\\/cs\\\/pro-studenty\\\/vychovne-poradenstvi\\\/\",\"url\":\"https:\\\/\\\/www.skolamichael.cz\\\/cs\\\/pro-studenty\\\/vychovne-poradenstvi\\\/\",\"name\":\"V\u00fdchovn\u00e9 poradenstv\u00ed | MICHAEL\",\"isPartOf\":{\"@id\":\"https:\\\/\\\/www.skolamichael.cz\\\/cs\\\/#website\"},\"datePublished\":\"2018-11-30T10:24:34+00:00\",\"dateModified\":\"2026-02-02T11:20:11+00:00\",\"breadcrumb\":{\"@id\":\"https:\\\/\\\/www.skolamichael.cz\\\/cs\\\/pro-studenty\\\/vychovne-poradenstvi\\\/#breadcrumb\"},\"inLanguage\":\"cs\",\"potentialAction\":[{\"@type\":\"ReadAction\",\"target\":[\"https:\\\/\\\/www.skolamichael.cz\\\/cs\\\/pro-studenty\\\/vychovne-poradenstvi\\\/\"]}]},{\"@type\":\"BreadcrumbList\",\"@id\":\"https:\\\/\\\/www.skolamichael.cz\\\/cs\\\/pro-studenty\\\/vychovne-poradenstvi\\\/#breadcrumb\",\"itemListElement\":[{\"@type\":\"ListItem\",\"position\":1,\"name\":\"Dom\u016f\",\"item\":\"https:\\\/\\\/www.skolamichael.cz\\\/cs\\\/\"},{\"@type\":\"ListItem\",\"position\":2,\"name\":\"Pro studenty\",\"item\":\"https:\\\/\\\/www.skolamichael.cz\\\/cs\\\/pro-studenty\\\/\"},{\"@type\":\"ListItem\",\"position\":3,\"name\":\"V\u00fdchovn\u00e9 poradenstv\u00ed\"}]},{\"@type\":\"WebSite\",\"@id\":\"https:\\\/\\\/www.skolamichael.cz\\\/cs\\\/#website\",\"url\":\"https:\\\/\\\/www.skolamichael.cz\\\/cs\\\/\",\"name\":\"MICHAEL\",\"description\":\"St\u0159edn\u00ed \u0161kola, Gymn\u00e1zium a Vy\u0161\u0161\u00ed odborn\u00e1 \u0161kola\",\"publisher\":{\"@id\":\"https:\\\/\\\/www.skolamichael.cz\\\/cs\\\/#organization\"},\"alternateName\":\"St\u0159edn\u00ed \u0161kola, Gymn\u00e1zium a Vy\u0161\u0161\u00ed odborn\u00e1 \u0161kola\",\"potentialAction\":[{\"@type\":\"SearchAction\",\"target\":{\"@type\":\"EntryPoint\",\"urlTemplate\":\"https:\\\/\\\/www.skolamichael.cz\\\/cs\\\/?s={search_term_string}\"},\"query-input\":{\"@type\":\"PropertyValueSpecification\",\"valueRequired\":true,\"valueName\":\"search_term_string\"}}],\"inLanguage\":\"cs\"},{\"@type\":\"Organization\",\"@id\":\"https:\\\/\\\/www.skolamichael.cz\\\/cs\\\/#organization\",\"name\":\"Michael \u2013 St\u0159edn\u00ed \u0161kola, Gymn\u00e1zium a Vy\u0161\u0161\u00ed odborn\u00e1 \u0161kola, s.r.o.\",\"url\":\"https:\\\/\\\/www.skolamichael.cz\\\/cs\\\/\",\"logo\":{\"@type\":\"ImageObject\",\"inLanguage\":\"cs\",\"@id\":\"https:\\\/\\\/www.skolamichael.cz\\\/cs\\\/#\\\/schema\\\/logo\\\/image\\\/\",\"url\":\"https:\\\/\\\/www.skolamichael.cz\\\/wp-content\\\/uploads\\\/2019\\\/03\\\/logo_michael_final_ctverec1-1.jpg\",\"contentUrl\":\"https:\\\/\\\/www.skolamichael.cz\\\/wp-content\\\/uploads\\\/2019\\\/03\\\/logo_michael_final_ctverec1-1.jpg\",\"width\":400,\"height\":400,\"caption\":\"Michael \u2013 St\u0159edn\u00ed \u0161kola, Gymn\u00e1zium a Vy\u0161\u0161\u00ed odborn\u00e1 \u0161kola, s.r.o.\"},\"image\":{\"@id\":\"https:\\\/\\\/www.skolamichael.cz\\\/cs\\\/#\\\/schema\\\/logo\\\/image\\\/\"},\"sameAs\":[\"http:\\\/\\\/www.facebook.com\\\/skolamichael\",\"https:\\\/\\\/www.instagram.com\\\/skola_michael\\\/\"]}]}<\/script>\n<!-- \/ Yoast SEO plugin. -->","yoast_head_json":{"title":"V\u00fdchovn\u00e9 poradenstv\u00ed | MICHAEL","robots":{"index":"index","follow":"follow","max-snippet":"max-snippet:-1","max-image-preview":"max-image-preview:large","max-video-preview":"max-video-preview:-1"},"canonical":"https:\/\/www.skolamichael.cz\/cs\/pro-studenty\/vychovne-poradenstvi\/","og_locale":"cs_CZ","og_type":"article","og_title":"V\u00fdchovn\u00e9 poradenstv\u00ed | MICHAEL","og_description":"V\u00fdchovn\u00e1 poradkyn\u011b\u00a0\u2013 Ing. Zde\u0148ka Lacmanov\u00e1 \u0160koln\u00ed metodi\u010dka prevence \u2013 Ing. Romana Kollerov\u00e1 \u0160koln\u00ed psycholo\u017eka\u00a0\u2013 PhDr. Hana Pucherov\u00e1 Sp\u00e1dov\u00e1 poradna \u2013\u00a0PPP Kupeck\u00e9ho 576, Praha 4, stanice metra H\u00e1je, tel.: 272 918 682. \u010cinnost cel\u00e9ho poradensk\u00e9ho t\u00fdmu (\u0161koln\u00ed psycholog, v\u00fdchovn\u00fd poradce, metodik prevence) ve spolupr\u00e1ci s pedagogicko-psychologickou poradnou pro Prahu 4 zaji\u0161\u0165uje efektivn\u00ed podp\u016frn\u00fd syst\u00e9m v\u00fdchovn\u011b vzd\u011bl\u00e1vac\u00edho [&hellip;]","og_url":"https:\/\/www.skolamichael.cz\/cs\/pro-studenty\/vychovne-poradenstvi\/","og_site_name":"MICHAEL","article_publisher":"http:\/\/www.facebook.com\/skolamichael","article_modified_time":"2026-02-02T11:20:11+00:00","twitter_card":"summary_large_image","twitter_misc":{"Odhadovan\u00e1 doba \u010dten\u00ed":"2 minuty"},"schema":{"@context":"https:\/\/schema.org","@graph":[{"@type":"WebPage","@id":"https:\/\/www.skolamichael.cz\/cs\/pro-studenty\/vychovne-poradenstvi\/","url":"https:\/\/www.skolamichael.cz\/cs\/pro-studenty\/vychovne-poradenstvi\/","name":"V\u00fdchovn\u00e9 poradenstv\u00ed | MICHAEL","isPartOf":{"@id":"https:\/\/www.skolamichael.cz\/cs\/#website"},"datePublished":"2018-11-30T10:24:34+00:00","dateModified":"2026-02-02T11:20:11+00:00","breadcrumb":{"@id":"https:\/\/www.skolamichael.cz\/cs\/pro-studenty\/vychovne-poradenstvi\/#breadcrumb"},"inLanguage":"cs","potentialAction":[{"@type":"ReadAction","target":["https:\/\/www.skolamichael.cz\/cs\/pro-studenty\/vychovne-poradenstvi\/"]}]},{"@type":"BreadcrumbList","@id":"https:\/\/www.skolamichael.cz\/cs\/pro-studenty\/vychovne-poradenstvi\/#breadcrumb","itemListElement":[{"@type":"ListItem","position":1,"name":"Dom\u016f","item":"https:\/\/www.skolamichael.cz\/cs\/"},{"@type":"ListItem","position":2,"name":"Pro studenty","item":"https:\/\/www.skolamichael.cz\/cs\/pro-studenty\/"},{"@type":"ListItem","position":3,"name":"V\u00fdchovn\u00e9 poradenstv\u00ed"}]},{"@type":"WebSite","@id":"https:\/\/www.skolamichael.cz\/cs\/#website","url":"https:\/\/www.skolamichael.cz\/cs\/","name":"MICHAEL","description":"St\u0159edn\u00ed \u0161kola, Gymn\u00e1zium a Vy\u0161\u0161\u00ed odborn\u00e1 \u0161kola","publisher":{"@id":"https:\/\/www.skolamichael.cz\/cs\/#organization"},"alternateName":"St\u0159edn\u00ed \u0161kola, Gymn\u00e1zium a Vy\u0161\u0161\u00ed odborn\u00e1 \u0161kola","potentialAction":[{"@type":"SearchAction","target":{"@type":"EntryPoint","urlTemplate":"https:\/\/www.skolamichael.cz\/cs\/?s={search_term_string}"},"query-input":{"@type":"PropertyValueSpecification","valueRequired":true,"valueName":"search_term_string"}}],"inLanguage":"cs"},{"@type":"Organization","@id":"https:\/\/www.skolamichael.cz\/cs\/#organization","name":"Michael \u2013 St\u0159edn\u00ed \u0161kola, Gymn\u00e1zium a Vy\u0161\u0161\u00ed odborn\u00e1 \u0161kola, s.r.o.","url":"https:\/\/www.skolamichael.cz\/cs\/","logo":{"@type":"ImageObject","inLanguage":"cs","@id":"https:\/\/www.skolamichael.cz\/cs\/#\/schema\/logo\/image\/","url":"https:\/\/www.skolamichael.cz\/wp-content\/uploads\/2019\/03\/logo_michael_final_ctverec1-1.jpg","contentUrl":"https:\/\/www.skolamichael.cz\/wp-content\/uploads\/2019\/03\/logo_michael_final_ctverec1-1.jpg","width":400,"height":400,"caption":"Michael \u2013 St\u0159edn\u00ed \u0161kola, Gymn\u00e1zium a Vy\u0161\u0161\u00ed odborn\u00e1 \u0161kola, s.r.o."},"image":{"@id":"https:\/\/www.skolamichael.cz\/cs\/#\/schema\/logo\/image\/"},"sameAs":["http:\/\/www.facebook.com\/skolamichael","https:\/\/www.instagram.com\/skola_michael\/"]}]}},"_links":{"self":[{"href":"https:\/\/www.skolamichael.cz\/cs\/wp-json\/wp\/v2\/pages\/952","targetHints":{"allow":["GET"]}}],"collection":[{"href":"https:\/\/www.skolamichael.cz\/cs\/wp-json\/wp\/v2\/pages"}],"about":[{"href":"https:\/\/www.skolamichael.cz\/cs\/wp-json\/wp\/v2\/types\/page"}],"author":[{"embeddable":true,"href":"https:\/\/www.skolamichael.cz\/cs\/wp-json\/wp\/v2\/users\/3"}],"replies":[{"embeddable":true,"href":"https:\/\/www.skolamichael.cz\/cs\/wp-json\/wp\/v2\/comments?post=952"}],"version-history":[{"count":11,"href":"https:\/\/www.skolamichael.cz\/cs\/wp-json\/wp\/v2\/pages\/952\/revisions"}],"predecessor-version":[{"id":30724,"href":"https:\/\/www.skolamichael.cz\/cs\/wp-json\/wp\/v2\/pages\/952\/revisions\/30724"}],"up":[{"embeddable":true,"href":"https:\/\/www.skolamichael.cz\/cs\/wp-json\/wp\/v2\/pages\/567"}],"wp:attachment":[{"href":"https:\/\/www.skolamichael.cz\/cs\/wp-json\/wp\/v2\/media?parent=952"}],"curies":[{"name":"wp","href":"https:\/\/api.w.org\/{rel}","templated":true}]}}