{"id":960,"date":"2018-11-30T11:29:51","date_gmt":"2018-11-30T10:29:51","guid":{"rendered":"https:\/\/www.skolamichael.cz\/?page_id=960"},"modified":"2025-11-19T11:12:13","modified_gmt":"2025-11-19T10:12:13","slug":"stravovani","status":"publish","type":"page","link":"https:\/\/www.skolamichael.cz\/cs\/pro-studenty\/stravovani\/","title":{"rendered":"Stravov\u00e1n\u00ed"},"content":{"rendered":"<h3><strong>J\u00cdDELNA\u00a0 &#8212;\u00a0 Z\u00c1KLADN\u00cd INFORMACE<\/strong><\/h3>\n<p>Provozovatel \u0161koln\u00ed j\u00eddelny: <strong>Za\u0159\u00edzen\u00ed \u0161koln\u00edho stravov\u00e1n\u00ed \u2013 PARTYCATERING, spol. s r.o.<\/strong><\/p>\n<p><strong>Podm\u00ednky stravov\u00e1n\u00ed:<\/strong><\/p>\n<ul>\n<li>\u017e\u00e1k mus\u00ed m\u00edt v j\u00eddeln\u011b odevzdanou vypln\u011bnou\u00a0<a href=\"https:\/\/www.skolamichael.cz\/wp-content\/uploads\/2025\/11\/jidelna_Prihlaska-ke-stravovani_SS_2526.pdf\"><strong><u>p\u0159ihl\u00e1\u0161ku ke stravov\u00e1n\u00ed<\/u><\/strong><\/a>, v\u00edce n\u00ed\u017ee<\/li>\n<li>na \u00fa\u010dtu str\u00e1vn\u00edka mus\u00ed b\u00fdt dostate\u010dn\u00e1 finan\u010dn\u00ed \u010d\u00e1stka \u2013 platby bezhotovostn\u011b \u2013 v\u00edce n\u00ed\u017ee<\/li>\n<li>\u017e\u00e1k si ob\u011bdy objedn\u00e1v\u00e1 s\u00e1m prost\u0159ednictv\u00edm \u00fa\u010dtu str\u00e1vn\u00edka z j\u00eddeln\u00edho l\u00edstku nejpozd\u011bji do 14.00 hod. p\u0159edchoz\u00edho dne, v\u00edce n\u00ed\u017ee<\/li>\n<li>ob\u011bd na pond\u011bl\u00ed se mus\u00ed objednat nejpozd\u011bji v\u00a0p\u00e1tek p\u0159edchoz\u00edho t\u00fddne do 14.00 hod.<\/li>\n<\/ul>\n<p><strong><u>CENA OB\u011aDA<\/u><\/strong><\/p>\n<ul>\n<li><strong>64 K\u010d <\/strong>&#8212; dotovan\u00e1 cena pro \u017e\u00e1ky S\u0160\n<ul>\n<li><strong>Ob\u011bd &#8211;<\/strong> <strong>Menu 1 <\/strong>(klasick\u00e1 \u010desk\u00e1 kuchyn\u011b)<\/li>\n<li><strong>Ob\u011bd &#8211; Menu 2<\/strong> (vegetari\u00e1nsk\u00e9 j\u00eddlo)<\/li>\n<li>&#8212; za dotovanou cenu lze <u>pouze na pokladn\u011b<\/u> objednat <strong>bezlepkov\u00fd ob\u011bd<\/strong>, na v\u00fdb\u011br pouze 1 varianta j\u00eddla<\/li>\n<\/ul>\n<\/li>\n<li><strong>110 K\u010d<\/strong> &#8212; nedotovan\u00e1 cena\n<ul>\n<li><strong>V\u00fdb\u011br &#8211; Menu 1<\/strong>\u00a0(v\u00fdb\u011brov\u00e9 j\u00eddlo)<\/li>\n<\/ul>\n<\/li>\n<li><strong>120 K\u010d<\/strong> &#8212; nedotovan\u00e1 cena\n<ul>\n<li><strong>Sal\u00e1t &#8211; Menu 1<\/strong> (velk\u00fd ob\u011bdov\u00fd sal\u00e1t: Poke, Cobb, Buddha, t\u011bstovinov\u00e9 sal\u00e1ty, Caesar, &#8230;)<\/li>\n<\/ul>\n<\/li>\n<li><strong>130 K\u010d<\/strong> &#8212; nedotovan\u00e1 cena\n<ul>\n<li><strong>Bufet &#8211; Menu 1<\/strong> (skandin\u00e1vsk\u00fd v\u00fddej formou bufetu; masov\u00fd)<\/li>\n<li><strong>Bufet &#8211; Menu 2<\/strong> (skandin\u00e1vsk\u00fd v\u00fddej formou bufetu; vegetari\u00e1nsk\u00fd)<\/li>\n<\/ul>\n<\/li>\n<\/ul>\n<p><strong>v cen\u011b ob\u011bda je zahrnuto:<\/strong> pol\u00e9vka, hlavn\u00ed j\u00eddlo a pitn\u00fd re\u017eim<\/p>\n<p><strong><u>P\u0158IHL\u00c1\u0160EN\u00cd KE STRAVOV\u00c1N\u00cd<\/u><\/strong><\/p>\n<p><strong>N\u00e1rok na dotovan\u00fd ob\u011bd maj\u00ed pouze \u017e\u00e1ci, kte\u0159\u00ed odevzdaj\u00ed \u0159\u00e1dn\u011b vypln\u011bnou <a href=\"https:\/\/www.skolamichael.cz\/wp-content\/uploads\/2024\/08\/jidelna_Prihlaska-ke-stravovani.docx\">Pr\u030cihla\u0301s\u030cka ke stravova\u0301ni\u0301<\/a><\/strong><\/p>\n<p><strong>P\u0159ihl\u00e1\u0161ku s aktu\u00e1ln\u00edmi \u00fadaji je povinen \u017e\u00e1k vyplnit a odevzdat ka\u017ed\u00fd rok znovu.<br \/>\n<\/strong>P\u0159ihl\u00e1\u0161ka se odevzd\u00e1v\u00e1 ve \u0161koln\u00ed j\u00eddeln\u011b.<br \/>\nP\u0159ihl\u00e1\u0161ku ke stravov\u00e1n\u00ed lze st\u00e1hnout z webov\u00fdch str\u00e1nek \u0161koly, nebo je mo\u017en\u00e9 ji z\u00edskat u t\u0159\u00eddn\u00edho u\u010ditele, p\u0159\u00edp. na studijn\u00edm.<\/p>\n<p><strong><u>ELEKTRONICK\u00c9 OBJEDN\u00c1V\u00c1N\u00cd OB\u011aD\u016e<\/u><\/strong><strong> prost\u0159ednictv\u00edm \u00fa\u010dtu str\u00e1vn\u00edka<\/strong>:<\/p>\n<p><strong><a href=\"https:\/\/www.e-jidelnicek.cz\/\">https:\/\/www.e-jidelnicek.cz\/<\/a><\/strong><\/p>\n<p>\u017d\u00e1ci prvn\u00edch ro\u010dn\u00edk\u016f z\u00edskaj\u00ed p\u0159ihla\u0161ovac\u00ed \u00fadaje na pokladn\u011b j\u00eddelny.<br \/>\n\u017d\u00e1ci vy\u0161\u0161\u00edch ro\u010dn\u00edk\u016f se ke sv\u00e9mu \u00fa\u010dtu p\u0159ihla\u0161uj\u00ed stejn\u00fdm zp\u016fsobem jako v lo\u0148sk\u00e9m roce.<\/p>\n<p><strong><u>ODHLA\u0160OV\u00c1N\u00cd OB\u011aD\u016e<\/u><\/strong><\/p>\n<p>Ob\u011bdy odhla\u0161uje str\u00e1vn\u00edk samostatn\u011b na sv\u00e9m \u00fa\u010dtu\u00a0 nejpozd\u011bji do 14.00 hod. p\u0159edchoz\u00edho dne, <strong>p\u0159i n\u00e1hl\u00e9 nep\u0159\u00edtomnosti\u00a0<\/strong>str\u00e1vn\u00edka je mo\u017en\u00fd odb\u011br ob\u011bda prvn\u00ed den nep\u0159\u00edtomnosti jeho z\u00e1konn\u00fdm z\u00e1stupcem.<\/p>\n<p><strong>\u00a0<\/strong><strong><u>PLATBA\u00a0<\/u><\/strong><\/p>\n<p>Prov\u00e1d\u00ed se\u00a0<strong>bezhotovostn\u011b<\/strong>, p\u0159evodem na \u00fa\u010det. P\u0159evod prost\u0159edk\u016f je mo\u017en\u00e9 uskute\u010dnit kdykoliv podle pot\u0159eby \u017e\u00e1ka. P\u0159ips\u00e1n\u00ed pen\u011bz na \u00fa\u010det str\u00e1vn\u00edka m\u016f\u017ee trvat a\u017e p\u011bt pracovn\u00edch dn\u016f.<br \/>\nVklad na \u00fa\u010det str\u00e1vn\u00edka lze prov\u00e9st i v hotovosti na pokladn\u011b v j\u00eddeln\u011b.<\/p>\n<p>\u010c\u00cdSLO \u00da\u010cTU:\u00a0 <strong>115 &#8211; 472 716 0257 \/ 0100<\/strong><br \/>\nVARIABILN\u00cd SYMBOL:\u00a0<strong> rodn\u00e9 \u010d\u00edslo \u017e\u00e1ka<\/strong><br \/>\ndo pozn\u00e1mky napi\u0161te:\u00a0 jm\u00e9no a p\u0159\u00edjmen\u00ed \u017e\u00e1ka a t\u0159\u00eddu<\/p>\n<p>Upozor\u0148ujeme, \u017ee v\u00a0p\u0159\u00edpad\u011b chybn\u011b vypln\u011bn\u00e9ho variabiln\u00edho symbolu (rodn\u00e9 \u010d\u00edslo na p\u0159ihl\u00e1\u0161ce), nem\u016f\u017ee b\u00fdt tato platba akceptov\u00e1na a spr\u00e1vn\u011b p\u0159i\u0159azena k\u00a0\u00fa\u010dtu str\u00e1vn\u00edka.<\/p>\n<p><span style=\"text-decoration: underline;\"><strong>V\u00ddDEJ OB\u011aD\u016e<\/strong><\/span><\/p>\n<p>PO-P\u00c1: 11.30 &#8211; 14.30<\/p>\n<p><strong><u>KONTAKTY<br \/>\n<\/u><\/strong>e-mail pro p\u0159\u00edpadn\u00e9 dotazy, info o stravov\u00e1n\u00ed:\u00a0 \u00a0 \u00a0 \u00a0 <a href=\"mailto:jidelnamichael@seznam.cz\">jidelnamichael@seznam.cz<\/a><br \/>\ntel.:\u00a0\u00a0\u00a0\u00a0\u00a0 Jana Ma\u0161kov\u00e1: 608 609 155<\/p>\n<p><a href=\"https:\/\/www.skolamichael.cz\/wp-content\/uploads\/2024\/08\/jidelna_VNITRNI-RAD-SJ-1.pdf\">VNITR\u030cNI\u0301 R\u030cA\u0301D S\u030cJ<\/a> a <a href=\"https:\/\/www.skolamichael.cz\/wp-content\/uploads\/2021\/08\/jidelna_GDPR-info-na-web.pdf\">GDPR<\/a><\/p>\n","protected":false},"excerpt":{"rendered":"<p>J\u00cdDELNA\u00a0 &#8212;\u00a0 Z\u00c1KLADN\u00cd INFORMACE Provozovatel \u0161koln\u00ed j\u00eddelny: Za\u0159\u00edzen\u00ed \u0161koln\u00edho stravov\u00e1n\u00ed \u2013 PARTYCATERING, spol. s r.o. Podm\u00ednky stravov\u00e1n\u00ed: \u017e\u00e1k mus\u00ed m\u00edt v j\u00eddeln\u011b odevzdanou vypln\u011bnou\u00a0p\u0159ihl\u00e1\u0161ku ke stravov\u00e1n\u00ed, v\u00edce n\u00ed\u017ee na \u00fa\u010dtu str\u00e1vn\u00edka mus\u00ed b\u00fdt dostate\u010dn\u00e1 finan\u010dn\u00ed \u010d\u00e1stka \u2013 platby bezhotovostn\u011b \u2013 v\u00edce n\u00ed\u017ee \u017e\u00e1k si ob\u011bdy objedn\u00e1v\u00e1 s\u00e1m prost\u0159ednictv\u00edm \u00fa\u010dtu str\u00e1vn\u00edka z j\u00eddeln\u00edho l\u00edstku nejpozd\u011bji do [&hellip;]<\/p>\n","protected":false},"author":3,"featured_media":0,"parent":567,"menu_order":0,"comment_status":"closed","ping_status":"closed","template":"","meta":{"_acf_changed":false,"footnotes":""},"class_list":["post-960","page","type-page","status-publish","hentry"],"acf":[],"yoast_head":"<!-- This site is optimized with the Yoast SEO plugin v27.4 - https:\/\/yoast.com\/product\/yoast-seo-wordpress\/ -->\n<title>Stravov\u00e1n\u00ed | MICHAEL<\/title>\n<meta name=\"robots\" content=\"index, follow, max-snippet:-1, max-image-preview:large, max-video-preview:-1\" \/>\n<link rel=\"canonical\" href=\"https:\/\/www.skolamichael.cz\/cs\/pro-studenty\/stravovani\/\" \/>\n<meta property=\"og:locale\" content=\"cs_CZ\" \/>\n<meta property=\"og:type\" content=\"article\" \/>\n<meta property=\"og:title\" content=\"Stravov\u00e1n\u00ed | MICHAEL\" \/>\n<meta property=\"og:description\" content=\"J\u00cdDELNA\u00a0 &#8212;\u00a0 Z\u00c1KLADN\u00cd INFORMACE Provozovatel \u0161koln\u00ed j\u00eddelny: Za\u0159\u00edzen\u00ed \u0161koln\u00edho stravov\u00e1n\u00ed \u2013 PARTYCATERING, spol. s r.o. Podm\u00ednky stravov\u00e1n\u00ed: \u017e\u00e1k mus\u00ed m\u00edt v j\u00eddeln\u011b odevzdanou vypln\u011bnou\u00a0p\u0159ihl\u00e1\u0161ku ke stravov\u00e1n\u00ed, v\u00edce n\u00ed\u017ee na \u00fa\u010dtu str\u00e1vn\u00edka mus\u00ed b\u00fdt dostate\u010dn\u00e1 finan\u010dn\u00ed \u010d\u00e1stka \u2013 platby bezhotovostn\u011b \u2013 v\u00edce n\u00ed\u017ee \u017e\u00e1k si ob\u011bdy objedn\u00e1v\u00e1 s\u00e1m prost\u0159ednictv\u00edm \u00fa\u010dtu str\u00e1vn\u00edka z j\u00eddeln\u00edho l\u00edstku nejpozd\u011bji do [&hellip;]\" \/>\n<meta property=\"og:url\" content=\"https:\/\/www.skolamichael.cz\/cs\/pro-studenty\/stravovani\/\" \/>\n<meta property=\"og:site_name\" content=\"MICHAEL\" \/>\n<meta property=\"article:publisher\" content=\"http:\/\/www.facebook.com\/skolamichael\" \/>\n<meta property=\"article:modified_time\" content=\"2025-11-19T10:12:13+00:00\" \/>\n<meta name=\"twitter:card\" content=\"summary_large_image\" \/>\n<meta name=\"twitter:label1\" content=\"Odhadovan\u00e1 doba \u010dten\u00ed\" \/>\n\t<meta name=\"twitter:data1\" content=\"3 minuty\" \/>\n<script type=\"application\/ld+json\" class=\"yoast-schema-graph\">{\"@context\":\"https:\\\/\\\/schema.org\",\"@graph\":[{\"@type\":\"WebPage\",\"@id\":\"https:\\\/\\\/www.skolamichael.cz\\\/cs\\\/pro-studenty\\\/stravovani\\\/\",\"url\":\"https:\\\/\\\/www.skolamichael.cz\\\/cs\\\/pro-studenty\\\/stravovani\\\/\",\"name\":\"Stravov\u00e1n\u00ed | MICHAEL\",\"isPartOf\":{\"@id\":\"https:\\\/\\\/www.skolamichael.cz\\\/cs\\\/#website\"},\"datePublished\":\"2018-11-30T10:29:51+00:00\",\"dateModified\":\"2025-11-19T10:12:13+00:00\",\"breadcrumb\":{\"@id\":\"https:\\\/\\\/www.skolamichael.cz\\\/cs\\\/pro-studenty\\\/stravovani\\\/#breadcrumb\"},\"inLanguage\":\"cs\",\"potentialAction\":[{\"@type\":\"ReadAction\",\"target\":[\"https:\\\/\\\/www.skolamichael.cz\\\/cs\\\/pro-studenty\\\/stravovani\\\/\"]}]},{\"@type\":\"BreadcrumbList\",\"@id\":\"https:\\\/\\\/www.skolamichael.cz\\\/cs\\\/pro-studenty\\\/stravovani\\\/#breadcrumb\",\"itemListElement\":[{\"@type\":\"ListItem\",\"position\":1,\"name\":\"Dom\u016f\",\"item\":\"https:\\\/\\\/www.skolamichael.cz\\\/cs\\\/\"},{\"@type\":\"ListItem\",\"position\":2,\"name\":\"Pro studenty\",\"item\":\"https:\\\/\\\/www.skolamichael.cz\\\/cs\\\/pro-studenty\\\/\"},{\"@type\":\"ListItem\",\"position\":3,\"name\":\"Stravov\u00e1n\u00ed\"}]},{\"@type\":\"WebSite\",\"@id\":\"https:\\\/\\\/www.skolamichael.cz\\\/cs\\\/#website\",\"url\":\"https:\\\/\\\/www.skolamichael.cz\\\/cs\\\/\",\"name\":\"MICHAEL\",\"description\":\"St\u0159edn\u00ed \u0161kola, Gymn\u00e1zium a Vy\u0161\u0161\u00ed odborn\u00e1 \u0161kola\",\"publisher\":{\"@id\":\"https:\\\/\\\/www.skolamichael.cz\\\/cs\\\/#organization\"},\"alternateName\":\"St\u0159edn\u00ed \u0161kola, Gymn\u00e1zium a Vy\u0161\u0161\u00ed odborn\u00e1 \u0161kola\",\"potentialAction\":[{\"@type\":\"SearchAction\",\"target\":{\"@type\":\"EntryPoint\",\"urlTemplate\":\"https:\\\/\\\/www.skolamichael.cz\\\/cs\\\/?s={search_term_string}\"},\"query-input\":{\"@type\":\"PropertyValueSpecification\",\"valueRequired\":true,\"valueName\":\"search_term_string\"}}],\"inLanguage\":\"cs\"},{\"@type\":\"Organization\",\"@id\":\"https:\\\/\\\/www.skolamichael.cz\\\/cs\\\/#organization\",\"name\":\"Michael \u2013 St\u0159edn\u00ed \u0161kola, Gymn\u00e1zium a Vy\u0161\u0161\u00ed odborn\u00e1 \u0161kola, s.r.o.\",\"url\":\"https:\\\/\\\/www.skolamichael.cz\\\/cs\\\/\",\"logo\":{\"@type\":\"ImageObject\",\"inLanguage\":\"cs\",\"@id\":\"https:\\\/\\\/www.skolamichael.cz\\\/cs\\\/#\\\/schema\\\/logo\\\/image\\\/\",\"url\":\"https:\\\/\\\/www.skolamichael.cz\\\/wp-content\\\/uploads\\\/2019\\\/03\\\/logo_michael_final_ctverec1-1.jpg\",\"contentUrl\":\"https:\\\/\\\/www.skolamichael.cz\\\/wp-content\\\/uploads\\\/2019\\\/03\\\/logo_michael_final_ctverec1-1.jpg\",\"width\":400,\"height\":400,\"caption\":\"Michael \u2013 St\u0159edn\u00ed \u0161kola, Gymn\u00e1zium a Vy\u0161\u0161\u00ed odborn\u00e1 \u0161kola, s.r.o.\"},\"image\":{\"@id\":\"https:\\\/\\\/www.skolamichael.cz\\\/cs\\\/#\\\/schema\\\/logo\\\/image\\\/\"},\"sameAs\":[\"http:\\\/\\\/www.facebook.com\\\/skolamichael\",\"https:\\\/\\\/www.instagram.com\\\/skola_michael\\\/\"]}]}<\/script>\n<!-- \/ Yoast SEO plugin. -->","yoast_head_json":{"title":"Stravov\u00e1n\u00ed | MICHAEL","robots":{"index":"index","follow":"follow","max-snippet":"max-snippet:-1","max-image-preview":"max-image-preview:large","max-video-preview":"max-video-preview:-1"},"canonical":"https:\/\/www.skolamichael.cz\/cs\/pro-studenty\/stravovani\/","og_locale":"cs_CZ","og_type":"article","og_title":"Stravov\u00e1n\u00ed | MICHAEL","og_description":"J\u00cdDELNA\u00a0 &#8212;\u00a0 Z\u00c1KLADN\u00cd INFORMACE Provozovatel \u0161koln\u00ed j\u00eddelny: Za\u0159\u00edzen\u00ed \u0161koln\u00edho stravov\u00e1n\u00ed \u2013 PARTYCATERING, spol. s r.o. Podm\u00ednky stravov\u00e1n\u00ed: \u017e\u00e1k mus\u00ed m\u00edt v j\u00eddeln\u011b odevzdanou vypln\u011bnou\u00a0p\u0159ihl\u00e1\u0161ku ke stravov\u00e1n\u00ed, v\u00edce n\u00ed\u017ee na \u00fa\u010dtu str\u00e1vn\u00edka mus\u00ed b\u00fdt dostate\u010dn\u00e1 finan\u010dn\u00ed \u010d\u00e1stka \u2013 platby bezhotovostn\u011b \u2013 v\u00edce n\u00ed\u017ee \u017e\u00e1k si ob\u011bdy objedn\u00e1v\u00e1 s\u00e1m prost\u0159ednictv\u00edm \u00fa\u010dtu str\u00e1vn\u00edka z j\u00eddeln\u00edho l\u00edstku nejpozd\u011bji do [&hellip;]","og_url":"https:\/\/www.skolamichael.cz\/cs\/pro-studenty\/stravovani\/","og_site_name":"MICHAEL","article_publisher":"http:\/\/www.facebook.com\/skolamichael","article_modified_time":"2025-11-19T10:12:13+00:00","twitter_card":"summary_large_image","twitter_misc":{"Odhadovan\u00e1 doba \u010dten\u00ed":"3 minuty"},"schema":{"@context":"https:\/\/schema.org","@graph":[{"@type":"WebPage","@id":"https:\/\/www.skolamichael.cz\/cs\/pro-studenty\/stravovani\/","url":"https:\/\/www.skolamichael.cz\/cs\/pro-studenty\/stravovani\/","name":"Stravov\u00e1n\u00ed | MICHAEL","isPartOf":{"@id":"https:\/\/www.skolamichael.cz\/cs\/#website"},"datePublished":"2018-11-30T10:29:51+00:00","dateModified":"2025-11-19T10:12:13+00:00","breadcrumb":{"@id":"https:\/\/www.skolamichael.cz\/cs\/pro-studenty\/stravovani\/#breadcrumb"},"inLanguage":"cs","potentialAction":[{"@type":"ReadAction","target":["https:\/\/www.skolamichael.cz\/cs\/pro-studenty\/stravovani\/"]}]},{"@type":"BreadcrumbList","@id":"https:\/\/www.skolamichael.cz\/cs\/pro-studenty\/stravovani\/#breadcrumb","itemListElement":[{"@type":"ListItem","position":1,"name":"Dom\u016f","item":"https:\/\/www.skolamichael.cz\/cs\/"},{"@type":"ListItem","position":2,"name":"Pro studenty","item":"https:\/\/www.skolamichael.cz\/cs\/pro-studenty\/"},{"@type":"ListItem","position":3,"name":"Stravov\u00e1n\u00ed"}]},{"@type":"WebSite","@id":"https:\/\/www.skolamichael.cz\/cs\/#website","url":"https:\/\/www.skolamichael.cz\/cs\/","name":"MICHAEL","description":"St\u0159edn\u00ed \u0161kola, Gymn\u00e1zium a Vy\u0161\u0161\u00ed odborn\u00e1 \u0161kola","publisher":{"@id":"https:\/\/www.skolamichael.cz\/cs\/#organization"},"alternateName":"St\u0159edn\u00ed \u0161kola, Gymn\u00e1zium a Vy\u0161\u0161\u00ed odborn\u00e1 \u0161kola","potentialAction":[{"@type":"SearchAction","target":{"@type":"EntryPoint","urlTemplate":"https:\/\/www.skolamichael.cz\/cs\/?s={search_term_string}"},"query-input":{"@type":"PropertyValueSpecification","valueRequired":true,"valueName":"search_term_string"}}],"inLanguage":"cs"},{"@type":"Organization","@id":"https:\/\/www.skolamichael.cz\/cs\/#organization","name":"Michael \u2013 St\u0159edn\u00ed \u0161kola, Gymn\u00e1zium a Vy\u0161\u0161\u00ed odborn\u00e1 \u0161kola, s.r.o.","url":"https:\/\/www.skolamichael.cz\/cs\/","logo":{"@type":"ImageObject","inLanguage":"cs","@id":"https:\/\/www.skolamichael.cz\/cs\/#\/schema\/logo\/image\/","url":"https:\/\/www.skolamichael.cz\/wp-content\/uploads\/2019\/03\/logo_michael_final_ctverec1-1.jpg","contentUrl":"https:\/\/www.skolamichael.cz\/wp-content\/uploads\/2019\/03\/logo_michael_final_ctverec1-1.jpg","width":400,"height":400,"caption":"Michael \u2013 St\u0159edn\u00ed \u0161kola, Gymn\u00e1zium a Vy\u0161\u0161\u00ed odborn\u00e1 \u0161kola, s.r.o."},"image":{"@id":"https:\/\/www.skolamichael.cz\/cs\/#\/schema\/logo\/image\/"},"sameAs":["http:\/\/www.facebook.com\/skolamichael","https:\/\/www.instagram.com\/skola_michael\/"]}]}},"_links":{"self":[{"href":"https:\/\/www.skolamichael.cz\/cs\/wp-json\/wp\/v2\/pages\/960","targetHints":{"allow":["GET"]}}],"collection":[{"href":"https:\/\/www.skolamichael.cz\/cs\/wp-json\/wp\/v2\/pages"}],"about":[{"href":"https:\/\/www.skolamichael.cz\/cs\/wp-json\/wp\/v2\/types\/page"}],"author":[{"embeddable":true,"href":"https:\/\/www.skolamichael.cz\/cs\/wp-json\/wp\/v2\/users\/3"}],"replies":[{"embeddable":true,"href":"https:\/\/www.skolamichael.cz\/cs\/wp-json\/wp\/v2\/comments?post=960"}],"version-history":[{"count":26,"href":"https:\/\/www.skolamichael.cz\/cs\/wp-json\/wp\/v2\/pages\/960\/revisions"}],"predecessor-version":[{"id":29184,"href":"https:\/\/www.skolamichael.cz\/cs\/wp-json\/wp\/v2\/pages\/960\/revisions\/29184"}],"up":[{"embeddable":true,"href":"https:\/\/www.skolamichael.cz\/cs\/wp-json\/wp\/v2\/pages\/567"}],"wp:attachment":[{"href":"https:\/\/www.skolamichael.cz\/cs\/wp-json\/wp\/v2\/media?parent=960"}],"curies":[{"name":"wp","href":"https:\/\/api.w.org\/{rel}","templated":true}]}}