{"id":10281,"date":"2022-12-09T17:50:02","date_gmt":"2022-12-09T16:50:02","guid":{"rendered":"https:\/\/www.skolamichael.cz\/?page_id=10281"},"modified":"2024-05-31T16:29:57","modified_gmt":"2024-05-31T14:29:57","slug":"projects-eu","status":"publish","type":"page","link":"https:\/\/www.skolamichael.cz\/en\/projects-eu\/","title":{"rendered":"Projects EU"},"content":{"rendered":"<div class=\"row\">\n<div class=\"col-12\">\n<p><span style=\"font-size: 16px;\">The Michael School implements a number of projects aimed at developing school equipment, improving conditions for students and increasing the professional qualifications of teachers.<\/span><\/p>\n<\/div>\n<\/div>\n<div class=\"row\">\n<div class=\"col-12 col-sm-9\">\n<ul>\n<li><a href=\"https:\/\/www.skolamichael.cz\/en\/projects-eu\/art-connects-nations\/\"><strong>ART CONNECTS NATIONS<\/strong><\/a><\/li>\n<li><strong><a href=\"https:\/\/www.skolamichael.cz\/en\/projects-eu\/media-incubator-vision-of-professional-education\/\" target=\"_blank\" rel=\"noopener\">MEDIA INCUBATOR<\/a><\/strong><\/li>\n<li><a href=\"https:\/\/www.skolamichael.cz\/en\/projects-eu\/creative-edu-lab-2\/\" target=\"_blank\" rel=\"noopener\"><strong>CREATIVE EDU LAB<\/strong><\/a><\/li>\n<li><a href=\"https:\/\/www.skolamichael.cz\/en\/projects-eu\/dictionary\/\"><strong>DICTIONARY<\/strong><\/a><\/li>\n<li><a href=\"https:\/\/www.skolamichael.cz\/en\/projects-eu\/ecvet\/\"><strong>ECVET<\/strong><\/a><\/li>\n<li><a href=\"https:\/\/www.skolamichael.cz\/en\/projects-eu\/media-publicity\/\"><strong>MEDIA PUBLICITY<\/strong><\/a><\/li>\n<\/ul>\n<\/div>\n<\/div>\n","protected":false},"excerpt":{"rendered":"<p>The Michael School implements a number of projects aimed at developing school equipment, improving conditions for students and increasing the professional qualifications of teachers. ART CONNECTS NATIONS MEDIA INCUBATOR CREATIVE EDU LAB DICTIONARY ECVET MEDIA PUBLICITY<\/p>\n","protected":false},"author":4,"featured_media":0,"parent":0,"menu_order":0,"comment_status":"closed","ping_status":"closed","template":"","meta":{"_acf_changed":false,"footnotes":""},"class_list":["post-10281","page","type-page","status-publish","hentry"],"acf":[],"yoast_head":"<!-- This site is optimized with the Yoast SEO plugin v27.4 - https:\/\/yoast.com\/product\/yoast-seo-wordpress\/ -->\n<title>Projects EU | MICHAEL<\/title>\n<meta name=\"robots\" content=\"index, follow, max-snippet:-1, max-image-preview:large, max-video-preview:-1\" \/>\n<link rel=\"canonical\" href=\"https:\/\/www.skolamichael.cz\/en\/projects-eu\/\" \/>\n<meta property=\"og:locale\" content=\"en_US\" \/>\n<meta property=\"og:type\" content=\"article\" \/>\n<meta property=\"og:title\" content=\"Projects EU | MICHAEL\" \/>\n<meta property=\"og:description\" content=\"The Michael School implements a number of projects aimed at developing school equipment, improving conditions for students and increasing the professional qualifications of teachers. ART CONNECTS NATIONS MEDIA INCUBATOR CREATIVE EDU LAB DICTIONARY ECVET MEDIA PUBLICITY\" \/>\n<meta property=\"og:url\" content=\"https:\/\/www.skolamichael.cz\/en\/projects-eu\/\" \/>\n<meta property=\"og:site_name\" content=\"MICHAEL\" \/>\n<meta property=\"article:publisher\" content=\"http:\/\/www.facebook.com\/skolamichael\" \/>\n<meta property=\"article:modified_time\" content=\"2024-05-31T14:29:57+00:00\" \/>\n<meta name=\"twitter:card\" content=\"summary_large_image\" \/>\n<script type=\"application\/ld+json\" class=\"yoast-schema-graph\">{\"@context\":\"https:\\\/\\\/schema.org\",\"@graph\":[{\"@type\":\"WebPage\",\"@id\":\"https:\\\/\\\/www.skolamichael.cz\\\/en\\\/projects-eu\\\/\",\"url\":\"https:\\\/\\\/www.skolamichael.cz\\\/en\\\/projects-eu\\\/\",\"name\":\"Projects EU | MICHAEL\",\"isPartOf\":{\"@id\":\"https:\\\/\\\/www.skolamichael.cz\\\/en\\\/#website\"},\"datePublished\":\"2022-12-09T16:50:02+00:00\",\"dateModified\":\"2024-05-31T14:29:57+00:00\",\"breadcrumb\":{\"@id\":\"https:\\\/\\\/www.skolamichael.cz\\\/en\\\/projects-eu\\\/#breadcrumb\"},\"inLanguage\":\"en-US\",\"potentialAction\":[{\"@type\":\"ReadAction\",\"target\":[\"https:\\\/\\\/www.skolamichael.cz\\\/en\\\/projects-eu\\\/\"]}]},{\"@type\":\"BreadcrumbList\",\"@id\":\"https:\\\/\\\/www.skolamichael.cz\\\/en\\\/projects-eu\\\/#breadcrumb\",\"itemListElement\":[{\"@type\":\"ListItem\",\"position\":1,\"name\":\"Dom\u016f\",\"item\":\"https:\\\/\\\/www.skolamichael.cz\\\/en\\\/\"},{\"@type\":\"ListItem\",\"position\":2,\"name\":\"Projects EU\"}]},{\"@type\":\"WebSite\",\"@id\":\"https:\\\/\\\/www.skolamichael.cz\\\/en\\\/#website\",\"url\":\"https:\\\/\\\/www.skolamichael.cz\\\/en\\\/\",\"name\":\"MICHAEL\",\"description\":\"St\u0159edn\u00ed \u0161kola, Gymn\u00e1zium a Vy\u0161\u0161\u00ed odborn\u00e1 \u0161kola\",\"publisher\":{\"@id\":\"https:\\\/\\\/www.skolamichael.cz\\\/en\\\/#organization\"},\"alternateName\":\"St\u0159edn\u00ed \u0161kola, Gymn\u00e1zium a Vy\u0161\u0161\u00ed odborn\u00e1 \u0161kola\",\"potentialAction\":[{\"@type\":\"SearchAction\",\"target\":{\"@type\":\"EntryPoint\",\"urlTemplate\":\"https:\\\/\\\/www.skolamichael.cz\\\/en\\\/?s={search_term_string}\"},\"query-input\":{\"@type\":\"PropertyValueSpecification\",\"valueRequired\":true,\"valueName\":\"search_term_string\"}}],\"inLanguage\":\"en-US\"},{\"@type\":\"Organization\",\"@id\":\"https:\\\/\\\/www.skolamichael.cz\\\/en\\\/#organization\",\"name\":\"Michael \u2013 St\u0159edn\u00ed \u0161kola, Gymn\u00e1zium a Vy\u0161\u0161\u00ed odborn\u00e1 \u0161kola, s.r.o.\",\"url\":\"https:\\\/\\\/www.skolamichael.cz\\\/en\\\/\",\"logo\":{\"@type\":\"ImageObject\",\"inLanguage\":\"en-US\",\"@id\":\"https:\\\/\\\/www.skolamichael.cz\\\/en\\\/#\\\/schema\\\/logo\\\/image\\\/\",\"url\":\"https:\\\/\\\/www.skolamichael.cz\\\/wp-content\\\/uploads\\\/2019\\\/03\\\/logo_michael_final_ctverec1-1.jpg\",\"contentUrl\":\"https:\\\/\\\/www.skolamichael.cz\\\/wp-content\\\/uploads\\\/2019\\\/03\\\/logo_michael_final_ctverec1-1.jpg\",\"width\":400,\"height\":400,\"caption\":\"Michael \u2013 St\u0159edn\u00ed \u0161kola, Gymn\u00e1zium a Vy\u0161\u0161\u00ed odborn\u00e1 \u0161kola, s.r.o.\"},\"image\":{\"@id\":\"https:\\\/\\\/www.skolamichael.cz\\\/en\\\/#\\\/schema\\\/logo\\\/image\\\/\"},\"sameAs\":[\"http:\\\/\\\/www.facebook.com\\\/skolamichael\",\"https:\\\/\\\/www.instagram.com\\\/skola_michael\\\/\"]}]}<\/script>\n<!-- \/ Yoast SEO plugin. -->","yoast_head_json":{"title":"Projects EU | MICHAEL","robots":{"index":"index","follow":"follow","max-snippet":"max-snippet:-1","max-image-preview":"max-image-preview:large","max-video-preview":"max-video-preview:-1"},"canonical":"https:\/\/www.skolamichael.cz\/en\/projects-eu\/","og_locale":"en_US","og_type":"article","og_title":"Projects EU | MICHAEL","og_description":"The Michael School implements a number of projects aimed at developing school equipment, improving conditions for students and increasing the professional qualifications of teachers. ART CONNECTS NATIONS MEDIA INCUBATOR CREATIVE EDU LAB DICTIONARY ECVET MEDIA PUBLICITY","og_url":"https:\/\/www.skolamichael.cz\/en\/projects-eu\/","og_site_name":"MICHAEL","article_publisher":"http:\/\/www.facebook.com\/skolamichael","article_modified_time":"2024-05-31T14:29:57+00:00","twitter_card":"summary_large_image","schema":{"@context":"https:\/\/schema.org","@graph":[{"@type":"WebPage","@id":"https:\/\/www.skolamichael.cz\/en\/projects-eu\/","url":"https:\/\/www.skolamichael.cz\/en\/projects-eu\/","name":"Projects EU | MICHAEL","isPartOf":{"@id":"https:\/\/www.skolamichael.cz\/en\/#website"},"datePublished":"2022-12-09T16:50:02+00:00","dateModified":"2024-05-31T14:29:57+00:00","breadcrumb":{"@id":"https:\/\/www.skolamichael.cz\/en\/projects-eu\/#breadcrumb"},"inLanguage":"en-US","potentialAction":[{"@type":"ReadAction","target":["https:\/\/www.skolamichael.cz\/en\/projects-eu\/"]}]},{"@type":"BreadcrumbList","@id":"https:\/\/www.skolamichael.cz\/en\/projects-eu\/#breadcrumb","itemListElement":[{"@type":"ListItem","position":1,"name":"Dom\u016f","item":"https:\/\/www.skolamichael.cz\/en\/"},{"@type":"ListItem","position":2,"name":"Projects EU"}]},{"@type":"WebSite","@id":"https:\/\/www.skolamichael.cz\/en\/#website","url":"https:\/\/www.skolamichael.cz\/en\/","name":"MICHAEL","description":"St\u0159edn\u00ed \u0161kola, Gymn\u00e1zium a Vy\u0161\u0161\u00ed odborn\u00e1 \u0161kola","publisher":{"@id":"https:\/\/www.skolamichael.cz\/en\/#organization"},"alternateName":"St\u0159edn\u00ed \u0161kola, Gymn\u00e1zium a Vy\u0161\u0161\u00ed odborn\u00e1 \u0161kola","potentialAction":[{"@type":"SearchAction","target":{"@type":"EntryPoint","urlTemplate":"https:\/\/www.skolamichael.cz\/en\/?s={search_term_string}"},"query-input":{"@type":"PropertyValueSpecification","valueRequired":true,"valueName":"search_term_string"}}],"inLanguage":"en-US"},{"@type":"Organization","@id":"https:\/\/www.skolamichael.cz\/en\/#organization","name":"Michael \u2013 St\u0159edn\u00ed \u0161kola, Gymn\u00e1zium a Vy\u0161\u0161\u00ed odborn\u00e1 \u0161kola, s.r.o.","url":"https:\/\/www.skolamichael.cz\/en\/","logo":{"@type":"ImageObject","inLanguage":"en-US","@id":"https:\/\/www.skolamichael.cz\/en\/#\/schema\/logo\/image\/","url":"https:\/\/www.skolamichael.cz\/wp-content\/uploads\/2019\/03\/logo_michael_final_ctverec1-1.jpg","contentUrl":"https:\/\/www.skolamichael.cz\/wp-content\/uploads\/2019\/03\/logo_michael_final_ctverec1-1.jpg","width":400,"height":400,"caption":"Michael \u2013 St\u0159edn\u00ed \u0161kola, Gymn\u00e1zium a Vy\u0161\u0161\u00ed odborn\u00e1 \u0161kola, s.r.o."},"image":{"@id":"https:\/\/www.skolamichael.cz\/en\/#\/schema\/logo\/image\/"},"sameAs":["http:\/\/www.facebook.com\/skolamichael","https:\/\/www.instagram.com\/skola_michael\/"]}]}},"_links":{"self":[{"href":"https:\/\/www.skolamichael.cz\/en\/wp-json\/wp\/v2\/pages\/10281","targetHints":{"allow":["GET"]}}],"collection":[{"href":"https:\/\/www.skolamichael.cz\/en\/wp-json\/wp\/v2\/pages"}],"about":[{"href":"https:\/\/www.skolamichael.cz\/en\/wp-json\/wp\/v2\/types\/page"}],"author":[{"embeddable":true,"href":"https:\/\/www.skolamichael.cz\/en\/wp-json\/wp\/v2\/users\/4"}],"replies":[{"embeddable":true,"href":"https:\/\/www.skolamichael.cz\/en\/wp-json\/wp\/v2\/comments?post=10281"}],"version-history":[{"count":6,"href":"https:\/\/www.skolamichael.cz\/en\/wp-json\/wp\/v2\/pages\/10281\/revisions"}],"predecessor-version":[{"id":13488,"href":"https:\/\/www.skolamichael.cz\/en\/wp-json\/wp\/v2\/pages\/10281\/revisions\/13488"}],"wp:attachment":[{"href":"https:\/\/www.skolamichael.cz\/en\/wp-json\/wp\/v2\/media?parent=10281"}],"curies":[{"name":"wp","href":"https:\/\/api.w.org\/{rel}","templated":true}]}}