{"id":10342,"date":"2022-12-12T14:03:51","date_gmt":"2022-12-12T13:03:51","guid":{"rendered":"https:\/\/www.skolamichael.cz\/?page_id=10342"},"modified":"2022-12-15T14:54:50","modified_gmt":"2022-12-15T13:54:50","slug":"media-incubator-vision-of-professional-education","status":"publish","type":"page","link":"https:\/\/www.skolamichael.cz\/en\/projects-eu\/media-incubator-vision-of-professional-education\/","title":{"rendered":"MEDIA INCUBATOR: VISION OF PROFESSIONAL EDUCATION"},"content":{"rendered":"<p><img loading=\"lazy\" decoding=\"async\" class=\"alignnone wp-image-10339\" src=\"https:\/\/www.skolamichael.cz\/wp-content\/uploads\/2022\/12\/EEA_grants@4x.png\" alt=\"\" width=\"227\" height=\"159\" srcset=\"https:\/\/www.skolamichael.cz\/wp-content\/uploads\/2022\/12\/EEA_grants@4x.png 1674w, https:\/\/www.skolamichael.cz\/wp-content\/uploads\/2022\/12\/EEA_grants@4x-300x210.png 300w, https:\/\/www.skolamichael.cz\/wp-content\/uploads\/2022\/12\/EEA_grants@4x-1024x718.png 1024w\" sizes=\"auto, (max-width: 227px) 100vw, 227px\" \/>\u00a0 \u00a0 \u00a0 \u00a0 \u00a0\u00a0<img loading=\"lazy\" decoding=\"async\" class=\"alignnone wp-image-10343\" src=\"https:\/\/www.skolamichael.cz\/wp-content\/uploads\/2022\/12\/9944-1.jpg\" alt=\"\" width=\"126\" height=\"121\" srcset=\"https:\/\/www.skolamichael.cz\/wp-content\/uploads\/2022\/12\/9944-1.jpg 386w, https:\/\/www.skolamichael.cz\/wp-content\/uploads\/2022\/12\/9944-1-300x288.jpg 300w\" sizes=\"auto, (max-width: 126px) 100vw, 126px\" \/><\/p>\n<p><strong>Project:<\/strong><\/p>\n<p>Media Incubator: A Vision of Professional Education \u2013 EHP \u2013 CZ \u2013 VETP \u2013 3-003.<\/p>\n<p><strong>Grant recipient:<\/strong><\/p>\n<p>Michael &#8211; St\u0159edn\u00ed \u0161kola a Vy\u0161\u0161\u00ed odborn\u00e1 \u0161kola reklamn\u00ed a um\u011bleck\u00e9 tvorby<\/p>\n<p><strong>Project partners:<\/strong><\/p>\n<p>Hadsel videregaendeskole, Norsko Borgarholtsk\u00f3li, Iceland, Andys Design, Czech Republic<\/p>\n<h3><span style=\"color: #3366ff;\">Together for<\/span> <span style=\"color: #339966;\"><span style=\"color: #3366ff;\">a<\/span> green<\/span><span style=\"color: #3366ff;\">,<\/span> <span style=\"color: #ff0000;\">competitive<\/span> <span style=\"color: #3366ff;\">and inclusive Europe.<\/span><\/h3>\n<p>Iceland, Liechtenstein and Norway are helping to reduce economic and social differences in the European Economic Area (EEA) and to strengthen cooperation with fifteen European states through the EEA and Norway Grants. The beneficiaries of financial support the grants provide are the countries of Central, Eastern and Southern Europe. The main aspect that differentiates these grants from EU funds is the great emphasis on sharing and exchanging experience between the donors and recipients of the grants.<\/p>\n<p>The Czech Republic has been a recipient of these funds since 2004, when it joined the European Union and thus also the European Economic Area, which is an agreement between the EU and the countries of the European Free Trade Association (EFTA). <a href=\"https:\/\/www.eeagrants.cz\/\">https:\/\/www.eeagrants.cz\/<\/a>\u201c<\/p>\n<p>The <em>Media Incubator: Vision of Vocational Education<\/em> project was created in order to create an international working environment for school leaders, teachers of vocational subjects and companies providing internships to vocational school students. The project combined the experience, knowledge and methodology related to the organization, implementation and management of vocational internships for students of secondary and higher vocational schools focused on multimedia, art and the creative industry. Our aim is to support dual education, streamline the provision of professional training and put into permanent practice assessment using units of learning outcomes tailored to multimedia, arts and creativity education.<\/p>\n<p>The project is implemented by MICHAEL \u2013 Secondary School and Vocational School of Advertising and Artistic Creation, and the participants are two similarly focused schools from Norway and Iceland and the Czech company ANDYS DESIGN.<\/p>\n<p>The Icelandic school <strong>Borgarholtssk\u00f3li<\/strong> is a secondary vocational school located in the capital, Reykjav\u00edk. It has more than 1,000 students and provides a wide range of educational programs. These include everything from artistic fields such as graphic design, film, photography, television production and performing arts, and humanities to natural sciences, business and economics as well as vocational high school graduation fields such as auto mechanics and electronics.<\/p>\n<p>\u200b\u200bThe Norwegian school, <strong>Hadsel Videregaende Sk\u00f3le,<\/strong> is a secondary vocational school located in Stokmarknes. It provides education in media production and IT, photography, graphic design, film, television and streaming, programming and game development. \u200bThe school has modern equipment with its own TV and streaming studio, photography and recording studio. It is actively involved in international projects and cooperation<\/p>\n<p>At the beginning of the project, communication took place by phone and online via video calls, emails and chat. After agreeing on the dates of the activities, it was possible to proceed to personal meetings in individual partner countries with the participation of professionals from Andys Design. The cooperation will lead to changes in the curriculum based on the newly acquired experience and competences of professional staff, adaptation of assessment to ECVET principles and processing of reaccreditation for the Higher Vocational School.<\/p>\n<p>The first visit under this project involved two educators from Norway in May 2022. Like their colleagues from Iceland who visited our school in October 2022, they participated in many workshops at the Michael school. The project also included job shadowing in professional and practical teaching, where they had the opportunity to hold discussions with individual teachers and department heads. During their stay in the Czech Republic, they also completed a tour of Prague and excursions to the Barrandov Studios, Czech Television and many museums and exhibitions.<\/p>\n<div id='gallery-1' class='gallery galleryid-10342 gallery-columns-1 gallery-size-full'><figure class='gallery-item'>\n\t\t\t<div class='gallery-icon landscape'>\n\t\t\t\t<a href='https:\/\/www.skolamichael.cz\/wp-content\/uploads\/2022\/12\/g.png'><img loading=\"lazy\" decoding=\"async\" width=\"605\" height=\"454\" src=\"https:\/\/www.skolamichael.cz\/wp-content\/uploads\/2022\/12\/g.png\" class=\"attachment-full size-full\" alt=\"\" \/><\/a>\n\t\t\t<\/div><\/figure><figure class='gallery-item'>\n\t\t\t<div class='gallery-icon portrait'>\n\t\t\t\t<a href='https:\/\/www.skolamichael.cz\/wp-content\/uploads\/2022\/12\/b.png'><img loading=\"lazy\" decoding=\"async\" width=\"605\" height=\"907\" src=\"https:\/\/www.skolamichael.cz\/wp-content\/uploads\/2022\/12\/b.png\" class=\"attachment-full size-full\" alt=\"\" \/><\/a>\n\t\t\t<\/div><\/figure>\n\t\t<\/div>\n\n<p>From August to September 2022, educators and working professionals representing<strong> ANDYS DESIGN went to Iceland. The Icelandic school prepared a rich program for them, providing the opportunity to observe the methods of teaching at the local school, hold discussions with teachers, compare teaching methods and the level of technical equipment. In their free time, they explored the capital, Reykjav\u00edk, and its surroundings.<\/strong><\/p>\n<div id='gallery-2' class='gallery galleryid-10342 gallery-columns-1 gallery-size-large'><figure class='gallery-item'>\n\t\t\t<div class='gallery-icon landscape'>\n\t\t\t\t<a href='https:\/\/www.skolamichael.cz\/wp-content\/uploads\/2022\/12\/Obrazek1.jpg'><img loading=\"lazy\" decoding=\"async\" width=\"640\" height=\"480\" src=\"https:\/\/www.skolamichael.cz\/wp-content\/uploads\/2022\/12\/Obrazek1-1024x768.jpg\" class=\"attachment-large size-large\" alt=\"\" srcset=\"https:\/\/www.skolamichael.cz\/wp-content\/uploads\/2022\/12\/Obrazek1-1024x768.jpg 1024w, https:\/\/www.skolamichael.cz\/wp-content\/uploads\/2022\/12\/Obrazek1.jpg 1386w\" sizes=\"auto, (max-width: 640px) 100vw, 640px\" \/><\/a>\n\t\t\t<\/div><\/figure>\n\t\t<\/div>\n\n<p>The last trip took place at the turn of September and October, when educators and representatives of Andys Design went to Norway. The journey was somewhat more demanding than the trip to Iceland, requiring three transfers between buses and at the airport to get to Stokmarknes from Prague. The school there is highly technically equipped and just the tour of the school in itself was very interesting. They had the opportunity to audit classes and consult with the teachers about the teaching methods, try out the local technology, and in their free time explore the surroundings and take pictures of the aurora borealis.<\/p>\n<div id='gallery-3' class='gallery galleryid-10342 gallery-columns-1 gallery-size-large'><figure class='gallery-item'>\n\t\t\t<div class='gallery-icon portrait'>\n\t\t\t\t<a href='https:\/\/www.skolamichael.cz\/wp-content\/uploads\/2022\/11\/296A8808-scaled.jpg'><img loading=\"lazy\" decoding=\"async\" width=\"640\" height=\"427\" src=\"https:\/\/www.skolamichael.cz\/wp-content\/uploads\/2022\/11\/296A8808-scaled-1024x683.jpg\" class=\"attachment-large size-large\" alt=\"\" \/><\/a>\n\t\t\t<\/div><\/figure><figure class='gallery-item'>\n\t\t\t<div class='gallery-icon landscape'>\n\t\t\t\t<a href='https:\/\/www.skolamichael.cz\/wp-content\/uploads\/2022\/12\/Obrazek2.jpg'><img loading=\"lazy\" decoding=\"async\" width=\"640\" height=\"427\" src=\"https:\/\/www.skolamichael.cz\/wp-content\/uploads\/2022\/12\/Obrazek2-1024x683.jpg\" class=\"attachment-large size-large\" alt=\"\" srcset=\"https:\/\/www.skolamichael.cz\/wp-content\/uploads\/2022\/12\/Obrazek2-1024x683.jpg 1024w, https:\/\/www.skolamichael.cz\/wp-content\/uploads\/2022\/12\/Obrazek2.jpg 1386w\" sizes=\"auto, (max-width: 640px) 100vw, 640px\" \/><\/a>\n\t\t\t<\/div><\/figure>\n\t\t<\/div>\n\n<p>On December 1st, a conference took place, with the presence of all teachers of \u0160kola Michael and representatives of Andys Design, at which the experiences and achievements from Norway and Iceland were presented.<\/p>\n<p>Program mediator: Czech National Agency for International Education and Research (<a href=\"http:\/\/www.dzs.cz\/program\/fondy-ehp\"><em>www.dzs.cz\/program\/fondy-ehp<\/em><\/a>)<\/p>\n<p>The project was also published on the iDNES and Tyden.cz websites.<\/p>\n<div id='gallery-4' class='gallery galleryid-10342 gallery-columns-1 gallery-size-large'><figure class='gallery-item'>\n\t\t\t<div class='gallery-icon landscape'>\n\t\t\t\t<a href='https:\/\/www.skolamichael.cz\/wp-content\/uploads\/2022\/11\/296A9110-scaled.jpg'><img loading=\"lazy\" decoding=\"async\" width=\"640\" height=\"427\" src=\"https:\/\/www.skolamichael.cz\/wp-content\/uploads\/2022\/11\/296A9110-scaled-1024x683.jpg\" class=\"attachment-large size-large\" alt=\"\" \/><\/a>\n\t\t\t<\/div><\/figure><figure class='gallery-item'>\n\t\t\t<div class='gallery-icon landscape'>\n\t\t\t\t<a href='https:\/\/www.skolamichael.cz\/wp-content\/uploads\/2022\/11\/296A8407.jpg'><img loading=\"lazy\" decoding=\"async\" width=\"640\" height=\"427\" src=\"https:\/\/www.skolamichael.cz\/wp-content\/uploads\/2022\/11\/296A8407-1024x683.jpg\" class=\"attachment-large size-large\" alt=\"\" srcset=\"https:\/\/www.skolamichael.cz\/wp-content\/uploads\/2022\/11\/296A8407-1024x683.jpg 1024w, https:\/\/www.skolamichael.cz\/wp-content\/uploads\/2022\/11\/296A8407.jpg 1620w\" sizes=\"auto, (max-width: 640px) 100vw, 640px\" \/><\/a>\n\t\t\t<\/div><\/figure><figure class='gallery-item'>\n\t\t\t<div class='gallery-icon landscape'>\n\t\t\t\t<a href='https:\/\/www.skolamichael.cz\/wp-content\/uploads\/2022\/12\/DSC_1981x-scaled.jpg'><img loading=\"lazy\" decoding=\"async\" width=\"640\" height=\"426\" src=\"https:\/\/www.skolamichael.cz\/wp-content\/uploads\/2022\/12\/DSC_1981x-scaled-1024x681.jpg\" class=\"attachment-large size-large\" alt=\"\" \/><\/a>\n\t\t\t<\/div><\/figure><figure class='gallery-item'>\n\t\t\t<div class='gallery-icon landscape'>\n\t\t\t\t<a href='https:\/\/www.skolamichael.cz\/wp-content\/uploads\/2022\/11\/IMG_8164-1-scaled.jpeg'><img loading=\"lazy\" decoding=\"async\" width=\"640\" height=\"480\" src=\"https:\/\/www.skolamichael.cz\/wp-content\/uploads\/2022\/11\/IMG_8164-1-scaled-1024x768.jpeg\" class=\"attachment-large size-large\" alt=\"\" \/><\/a>\n\t\t\t<\/div><\/figure><figure class='gallery-item'>\n\t\t\t<div class='gallery-icon landscape'>\n\t\t\t\t<a href='https:\/\/www.skolamichael.cz\/wp-content\/uploads\/2022\/11\/DFD2B7BA-AE76-4E2D-A16F-14B8537DBDF6.jpg'><img loading=\"lazy\" decoding=\"async\" width=\"640\" height=\"427\" src=\"https:\/\/www.skolamichael.cz\/wp-content\/uploads\/2022\/11\/DFD2B7BA-AE76-4E2D-A16F-14B8537DBDF6-1024x683.jpg\" class=\"attachment-large size-large\" alt=\"\" srcset=\"https:\/\/www.skolamichael.cz\/wp-content\/uploads\/2022\/11\/DFD2B7BA-AE76-4E2D-A16F-14B8537DBDF6-1024x683.jpg 1024w, https:\/\/www.skolamichael.cz\/wp-content\/uploads\/2022\/11\/DFD2B7BA-AE76-4E2D-A16F-14B8537DBDF6.jpg 1080w\" sizes=\"auto, (max-width: 640px) 100vw, 640px\" \/><\/a>\n\t\t\t<\/div><\/figure><figure class='gallery-item'>\n\t\t\t<div class='gallery-icon portrait'>\n\t\t\t\t<a href='https:\/\/www.skolamichael.cz\/wp-content\/uploads\/2022\/11\/IMG_7927-1-scaled.jpeg'><img loading=\"lazy\" decoding=\"async\" width=\"640\" height=\"853\" src=\"https:\/\/www.skolamichael.cz\/wp-content\/uploads\/2022\/11\/IMG_7927-1-scaled-768x1024.jpeg\" class=\"attachment-large size-large\" alt=\"\" srcset=\"https:\/\/www.skolamichael.cz\/wp-content\/uploads\/2022\/11\/IMG_7927-1-scaled-768x1024.jpeg 768w, https:\/\/www.skolamichael.cz\/wp-content\/uploads\/2022\/11\/IMG_7927-1-scaled.jpeg 1920w\" sizes=\"auto, (max-width: 640px) 100vw, 640px\" \/><\/a>\n\t\t\t<\/div><\/figure>\n\t\t<\/div>\n\n<p>&nbsp;<\/p>\n","protected":false},"excerpt":{"rendered":"<p>\u00a0 \u00a0 \u00a0 \u00a0 \u00a0\u00a0 Project: Media Incubator: A Vision of Professional Education \u2013 EHP \u2013 CZ \u2013 VETP \u2013 3-003. Grant recipient: Michael &#8211; St\u0159edn\u00ed \u0161kola a Vy\u0161\u0161\u00ed odborn\u00e1 \u0161kola reklamn\u00ed a um\u011bleck\u00e9 tvorby Project partners: Hadsel videregaendeskole, Norsko Borgarholtsk\u00f3li, Iceland, Andys Design, Czech Republic Together for a green, competitive and inclusive Europe. Iceland, [&hellip;]<\/p>\n","protected":false},"author":14,"featured_media":0,"parent":10281,"menu_order":0,"comment_status":"closed","ping_status":"closed","template":"","meta":{"_acf_changed":false,"footnotes":""},"class_list":["post-10342","page","type-page","status-publish","hentry"],"acf":[],"yoast_head":"<!-- This site is optimized with the Yoast SEO plugin v27.4 - https:\/\/yoast.com\/product\/yoast-seo-wordpress\/ -->\n<title>MEDIA INCUBATOR: VISION OF PROFESSIONAL EDUCATION | MICHAEL<\/title>\n<meta name=\"robots\" content=\"index, follow, max-snippet:-1, max-image-preview:large, max-video-preview:-1\" \/>\n<link rel=\"canonical\" href=\"https:\/\/www.skolamichael.cz\/en\/projects-eu\/media-incubator-vision-of-professional-education\/\" \/>\n<meta property=\"og:locale\" content=\"en_US\" \/>\n<meta property=\"og:type\" content=\"article\" \/>\n<meta property=\"og:title\" content=\"MEDIA INCUBATOR: VISION OF PROFESSIONAL EDUCATION | MICHAEL\" \/>\n<meta property=\"og:description\" content=\"\u00a0 \u00a0 \u00a0 \u00a0 \u00a0\u00a0 Project: Media Incubator: A Vision of Professional Education \u2013 EHP \u2013 CZ \u2013 VETP \u2013 3-003. Grant recipient: Michael &#8211; St\u0159edn\u00ed \u0161kola a Vy\u0161\u0161\u00ed odborn\u00e1 \u0161kola reklamn\u00ed a um\u011bleck\u00e9 tvorby Project partners: Hadsel videregaendeskole, Norsko Borgarholtsk\u00f3li, Iceland, Andys Design, Czech Republic Together for a green, competitive and inclusive Europe. Iceland, [&hellip;]\" \/>\n<meta property=\"og:url\" content=\"https:\/\/www.skolamichael.cz\/en\/projects-eu\/media-incubator-vision-of-professional-education\/\" \/>\n<meta property=\"og:site_name\" content=\"MICHAEL\" \/>\n<meta property=\"article:publisher\" content=\"http:\/\/www.facebook.com\/skolamichael\" \/>\n<meta property=\"article:modified_time\" content=\"2022-12-15T13:54:50+00:00\" \/>\n<meta property=\"og:image\" content=\"https:\/\/www.skolamichael.cz\/wp-content\/uploads\/2022\/12\/g.png\" \/>\n<meta name=\"twitter:card\" content=\"summary_large_image\" \/>\n<meta name=\"twitter:label1\" content=\"Est. reading time\" \/>\n\t<meta name=\"twitter:data1\" content=\"4 minutes\" \/>\n<script type=\"application\/ld+json\" class=\"yoast-schema-graph\">{\"@context\":\"https:\\\/\\\/schema.org\",\"@graph\":[{\"@type\":\"WebPage\",\"@id\":\"https:\\\/\\\/www.skolamichael.cz\\\/en\\\/projects-eu\\\/media-incubator-vision-of-professional-education\\\/\",\"url\":\"https:\\\/\\\/www.skolamichael.cz\\\/en\\\/projects-eu\\\/media-incubator-vision-of-professional-education\\\/\",\"name\":\"MEDIA INCUBATOR: VISION OF PROFESSIONAL EDUCATION | MICHAEL\",\"isPartOf\":{\"@id\":\"https:\\\/\\\/www.skolamichael.cz\\\/en\\\/#website\"},\"primaryImageOfPage\":{\"@id\":\"https:\\\/\\\/www.skolamichael.cz\\\/en\\\/projects-eu\\\/media-incubator-vision-of-professional-education\\\/#primaryimage\"},\"image\":{\"@id\":\"https:\\\/\\\/www.skolamichael.cz\\\/en\\\/projects-eu\\\/media-incubator-vision-of-professional-education\\\/#primaryimage\"},\"thumbnailUrl\":\"https:\\\/\\\/www.skolamichael.cz\\\/wp-content\\\/uploads\\\/2022\\\/12\\\/EEA_grants@4x.png\",\"datePublished\":\"2022-12-12T13:03:51+00:00\",\"dateModified\":\"2022-12-15T13:54:50+00:00\",\"breadcrumb\":{\"@id\":\"https:\\\/\\\/www.skolamichael.cz\\\/en\\\/projects-eu\\\/media-incubator-vision-of-professional-education\\\/#breadcrumb\"},\"inLanguage\":\"en-US\",\"potentialAction\":[{\"@type\":\"ReadAction\",\"target\":[\"https:\\\/\\\/www.skolamichael.cz\\\/en\\\/projects-eu\\\/media-incubator-vision-of-professional-education\\\/\"]}]},{\"@type\":\"ImageObject\",\"inLanguage\":\"en-US\",\"@id\":\"https:\\\/\\\/www.skolamichael.cz\\\/en\\\/projects-eu\\\/media-incubator-vision-of-professional-education\\\/#primaryimage\",\"url\":\"https:\\\/\\\/www.skolamichael.cz\\\/wp-content\\\/uploads\\\/2022\\\/12\\\/EEA_grants@4x.png\",\"contentUrl\":\"https:\\\/\\\/www.skolamichael.cz\\\/wp-content\\\/uploads\\\/2022\\\/12\\\/EEA_grants@4x.png\"},{\"@type\":\"BreadcrumbList\",\"@id\":\"https:\\\/\\\/www.skolamichael.cz\\\/en\\\/projects-eu\\\/media-incubator-vision-of-professional-education\\\/#breadcrumb\",\"itemListElement\":[{\"@type\":\"ListItem\",\"position\":1,\"name\":\"Dom\u016f\",\"item\":\"https:\\\/\\\/www.skolamichael.cz\\\/en\\\/\"},{\"@type\":\"ListItem\",\"position\":2,\"name\":\"Projects EU\",\"item\":\"https:\\\/\\\/www.skolamichael.cz\\\/en\\\/projects-eu\\\/\"},{\"@type\":\"ListItem\",\"position\":3,\"name\":\"MEDIA INCUBATOR: VISION OF PROFESSIONAL EDUCATION\"}]},{\"@type\":\"WebSite\",\"@id\":\"https:\\\/\\\/www.skolamichael.cz\\\/en\\\/#website\",\"url\":\"https:\\\/\\\/www.skolamichael.cz\\\/en\\\/\",\"name\":\"MICHAEL\",\"description\":\"St\u0159edn\u00ed \u0161kola, Gymn\u00e1zium a Vy\u0161\u0161\u00ed odborn\u00e1 \u0161kola\",\"publisher\":{\"@id\":\"https:\\\/\\\/www.skolamichael.cz\\\/en\\\/#organization\"},\"alternateName\":\"St\u0159edn\u00ed \u0161kola, Gymn\u00e1zium a Vy\u0161\u0161\u00ed odborn\u00e1 \u0161kola\",\"potentialAction\":[{\"@type\":\"SearchAction\",\"target\":{\"@type\":\"EntryPoint\",\"urlTemplate\":\"https:\\\/\\\/www.skolamichael.cz\\\/en\\\/?s={search_term_string}\"},\"query-input\":{\"@type\":\"PropertyValueSpecification\",\"valueRequired\":true,\"valueName\":\"search_term_string\"}}],\"inLanguage\":\"en-US\"},{\"@type\":\"Organization\",\"@id\":\"https:\\\/\\\/www.skolamichael.cz\\\/en\\\/#organization\",\"name\":\"Michael \u2013 St\u0159edn\u00ed \u0161kola, Gymn\u00e1zium a Vy\u0161\u0161\u00ed odborn\u00e1 \u0161kola, s.r.o.\",\"url\":\"https:\\\/\\\/www.skolamichael.cz\\\/en\\\/\",\"logo\":{\"@type\":\"ImageObject\",\"inLanguage\":\"en-US\",\"@id\":\"https:\\\/\\\/www.skolamichael.cz\\\/en\\\/#\\\/schema\\\/logo\\\/image\\\/\",\"url\":\"https:\\\/\\\/www.skolamichael.cz\\\/wp-content\\\/uploads\\\/2019\\\/03\\\/logo_michael_final_ctverec1-1.jpg\",\"contentUrl\":\"https:\\\/\\\/www.skolamichael.cz\\\/wp-content\\\/uploads\\\/2019\\\/03\\\/logo_michael_final_ctverec1-1.jpg\",\"width\":400,\"height\":400,\"caption\":\"Michael \u2013 St\u0159edn\u00ed \u0161kola, Gymn\u00e1zium a Vy\u0161\u0161\u00ed odborn\u00e1 \u0161kola, s.r.o.\"},\"image\":{\"@id\":\"https:\\\/\\\/www.skolamichael.cz\\\/en\\\/#\\\/schema\\\/logo\\\/image\\\/\"},\"sameAs\":[\"http:\\\/\\\/www.facebook.com\\\/skolamichael\",\"https:\\\/\\\/www.instagram.com\\\/skola_michael\\\/\"]}]}<\/script>\n<!-- \/ Yoast SEO plugin. -->","yoast_head_json":{"title":"MEDIA INCUBATOR: VISION OF PROFESSIONAL EDUCATION | MICHAEL","robots":{"index":"index","follow":"follow","max-snippet":"max-snippet:-1","max-image-preview":"max-image-preview:large","max-video-preview":"max-video-preview:-1"},"canonical":"https:\/\/www.skolamichael.cz\/en\/projects-eu\/media-incubator-vision-of-professional-education\/","og_locale":"en_US","og_type":"article","og_title":"MEDIA INCUBATOR: VISION OF PROFESSIONAL EDUCATION | MICHAEL","og_description":"\u00a0 \u00a0 \u00a0 \u00a0 \u00a0\u00a0 Project: Media Incubator: A Vision of Professional Education \u2013 EHP \u2013 CZ \u2013 VETP \u2013 3-003. Grant recipient: Michael &#8211; St\u0159edn\u00ed \u0161kola a Vy\u0161\u0161\u00ed odborn\u00e1 \u0161kola reklamn\u00ed a um\u011bleck\u00e9 tvorby Project partners: Hadsel videregaendeskole, Norsko Borgarholtsk\u00f3li, Iceland, Andys Design, Czech Republic Together for a green, competitive and inclusive Europe. Iceland, [&hellip;]","og_url":"https:\/\/www.skolamichael.cz\/en\/projects-eu\/media-incubator-vision-of-professional-education\/","og_site_name":"MICHAEL","article_publisher":"http:\/\/www.facebook.com\/skolamichael","article_modified_time":"2022-12-15T13:54:50+00:00","og_image":[{"url":"https:\/\/www.skolamichael.cz\/wp-content\/uploads\/2022\/12\/g.png","type":"","width":"","height":""}],"twitter_card":"summary_large_image","twitter_misc":{"Est. reading time":"4 minutes"},"schema":{"@context":"https:\/\/schema.org","@graph":[{"@type":"WebPage","@id":"https:\/\/www.skolamichael.cz\/en\/projects-eu\/media-incubator-vision-of-professional-education\/","url":"https:\/\/www.skolamichael.cz\/en\/projects-eu\/media-incubator-vision-of-professional-education\/","name":"MEDIA INCUBATOR: VISION OF PROFESSIONAL EDUCATION | MICHAEL","isPartOf":{"@id":"https:\/\/www.skolamichael.cz\/en\/#website"},"primaryImageOfPage":{"@id":"https:\/\/www.skolamichael.cz\/en\/projects-eu\/media-incubator-vision-of-professional-education\/#primaryimage"},"image":{"@id":"https:\/\/www.skolamichael.cz\/en\/projects-eu\/media-incubator-vision-of-professional-education\/#primaryimage"},"thumbnailUrl":"https:\/\/www.skolamichael.cz\/wp-content\/uploads\/2022\/12\/EEA_grants@4x.png","datePublished":"2022-12-12T13:03:51+00:00","dateModified":"2022-12-15T13:54:50+00:00","breadcrumb":{"@id":"https:\/\/www.skolamichael.cz\/en\/projects-eu\/media-incubator-vision-of-professional-education\/#breadcrumb"},"inLanguage":"en-US","potentialAction":[{"@type":"ReadAction","target":["https:\/\/www.skolamichael.cz\/en\/projects-eu\/media-incubator-vision-of-professional-education\/"]}]},{"@type":"ImageObject","inLanguage":"en-US","@id":"https:\/\/www.skolamichael.cz\/en\/projects-eu\/media-incubator-vision-of-professional-education\/#primaryimage","url":"https:\/\/www.skolamichael.cz\/wp-content\/uploads\/2022\/12\/EEA_grants@4x.png","contentUrl":"https:\/\/www.skolamichael.cz\/wp-content\/uploads\/2022\/12\/EEA_grants@4x.png"},{"@type":"BreadcrumbList","@id":"https:\/\/www.skolamichael.cz\/en\/projects-eu\/media-incubator-vision-of-professional-education\/#breadcrumb","itemListElement":[{"@type":"ListItem","position":1,"name":"Dom\u016f","item":"https:\/\/www.skolamichael.cz\/en\/"},{"@type":"ListItem","position":2,"name":"Projects EU","item":"https:\/\/www.skolamichael.cz\/en\/projects-eu\/"},{"@type":"ListItem","position":3,"name":"MEDIA INCUBATOR: VISION OF PROFESSIONAL EDUCATION"}]},{"@type":"WebSite","@id":"https:\/\/www.skolamichael.cz\/en\/#website","url":"https:\/\/www.skolamichael.cz\/en\/","name":"MICHAEL","description":"St\u0159edn\u00ed \u0161kola, Gymn\u00e1zium a Vy\u0161\u0161\u00ed odborn\u00e1 \u0161kola","publisher":{"@id":"https:\/\/www.skolamichael.cz\/en\/#organization"},"alternateName":"St\u0159edn\u00ed \u0161kola, Gymn\u00e1zium a Vy\u0161\u0161\u00ed odborn\u00e1 \u0161kola","potentialAction":[{"@type":"SearchAction","target":{"@type":"EntryPoint","urlTemplate":"https:\/\/www.skolamichael.cz\/en\/?s={search_term_string}"},"query-input":{"@type":"PropertyValueSpecification","valueRequired":true,"valueName":"search_term_string"}}],"inLanguage":"en-US"},{"@type":"Organization","@id":"https:\/\/www.skolamichael.cz\/en\/#organization","name":"Michael \u2013 St\u0159edn\u00ed \u0161kola, Gymn\u00e1zium a Vy\u0161\u0161\u00ed odborn\u00e1 \u0161kola, s.r.o.","url":"https:\/\/www.skolamichael.cz\/en\/","logo":{"@type":"ImageObject","inLanguage":"en-US","@id":"https:\/\/www.skolamichael.cz\/en\/#\/schema\/logo\/image\/","url":"https:\/\/www.skolamichael.cz\/wp-content\/uploads\/2019\/03\/logo_michael_final_ctverec1-1.jpg","contentUrl":"https:\/\/www.skolamichael.cz\/wp-content\/uploads\/2019\/03\/logo_michael_final_ctverec1-1.jpg","width":400,"height":400,"caption":"Michael \u2013 St\u0159edn\u00ed \u0161kola, Gymn\u00e1zium a Vy\u0161\u0161\u00ed odborn\u00e1 \u0161kola, s.r.o."},"image":{"@id":"https:\/\/www.skolamichael.cz\/en\/#\/schema\/logo\/image\/"},"sameAs":["http:\/\/www.facebook.com\/skolamichael","https:\/\/www.instagram.com\/skola_michael\/"]}]}},"_links":{"self":[{"href":"https:\/\/www.skolamichael.cz\/en\/wp-json\/wp\/v2\/pages\/10342","targetHints":{"allow":["GET"]}}],"collection":[{"href":"https:\/\/www.skolamichael.cz\/en\/wp-json\/wp\/v2\/pages"}],"about":[{"href":"https:\/\/www.skolamichael.cz\/en\/wp-json\/wp\/v2\/types\/page"}],"author":[{"embeddable":true,"href":"https:\/\/www.skolamichael.cz\/en\/wp-json\/wp\/v2\/users\/14"}],"replies":[{"embeddable":true,"href":"https:\/\/www.skolamichael.cz\/en\/wp-json\/wp\/v2\/comments?post=10342"}],"version-history":[{"count":3,"href":"https:\/\/www.skolamichael.cz\/en\/wp-json\/wp\/v2\/pages\/10342\/revisions"}],"predecessor-version":[{"id":10616,"href":"https:\/\/www.skolamichael.cz\/en\/wp-json\/wp\/v2\/pages\/10342\/revisions\/10616"}],"up":[{"embeddable":true,"href":"https:\/\/www.skolamichael.cz\/en\/wp-json\/wp\/v2\/pages\/10281"}],"wp:attachment":[{"href":"https:\/\/www.skolamichael.cz\/en\/wp-json\/wp\/v2\/media?parent=10342"}],"curies":[{"name":"wp","href":"https:\/\/api.w.org\/{rel}","templated":true}]}}