{"id":10395,"date":"2022-12-12T15:26:53","date_gmt":"2022-12-12T14:26:53","guid":{"rendered":"https:\/\/www.skolamichael.cz\/?page_id=10395"},"modified":"2022-12-14T09:39:47","modified_gmt":"2022-12-14T08:39:47","slug":"opening-of-the-exhibition","status":"publish","type":"page","link":"https:\/\/www.skolamichael.cz\/en\/opening-of-the-exhibition\/","title":{"rendered":"Exhibition opening"},"content":{"rendered":"<p>On 1st December, an exhibition of photographic works of students who visited Norway and Iceland within the Norwegian Grants project \/EHP &#8211; CZ &#8211; MOP- 3-018\/ was opened at the Michael School.<\/p>\n<div id='gallery-1' class='gallery galleryid-10395 gallery-columns-3 gallery-size-large'><figure class='gallery-item'>\n\t\t\t<div class='gallery-icon landscape'>\n\t\t\t\t<a href='https:\/\/www.skolamichael.cz\/wp-content\/uploads\/2022\/12\/konference-1.12.22-14-scaled.jpg'><img loading=\"lazy\" decoding=\"async\" width=\"640\" height=\"427\" src=\"https:\/\/www.skolamichael.cz\/wp-content\/uploads\/2022\/12\/konference-1.12.22-14-scaled-1024x683.jpg\" class=\"attachment-large size-large\" alt=\"\" \/><\/a>\n\t\t\t<\/div><\/figure><figure class='gallery-item'>\n\t\t\t<div class='gallery-icon landscape'>\n\t\t\t\t<a href='https:\/\/www.skolamichael.cz\/wp-content\/uploads\/2022\/12\/konference-1.12.22-16-1-scaled.jpg'><img loading=\"lazy\" decoding=\"async\" width=\"640\" height=\"427\" src=\"https:\/\/www.skolamichael.cz\/wp-content\/uploads\/2022\/12\/konference-1.12.22-16-1-scaled-1024x683.jpg\" class=\"attachment-large size-large\" alt=\"\" \/><\/a>\n\t\t\t<\/div><\/figure><figure class='gallery-item'>\n\t\t\t<div class='gallery-icon landscape'>\n\t\t\t\t<a href='https:\/\/www.skolamichael.cz\/wp-content\/uploads\/2022\/12\/konference-1.12.22-17-1-scaled.jpg'><img loading=\"lazy\" decoding=\"async\" width=\"640\" height=\"427\" src=\"https:\/\/www.skolamichael.cz\/wp-content\/uploads\/2022\/12\/konference-1.12.22-17-1-scaled-1024x683.jpg\" class=\"attachment-large size-large\" alt=\"\" \/><\/a>\n\t\t\t<\/div><\/figure><figure class='gallery-item'>\n\t\t\t<div class='gallery-icon landscape'>\n\t\t\t\t<a href='https:\/\/www.skolamichael.cz\/wp-content\/uploads\/2022\/12\/konference-1.12.22-18-scaled.jpg'><img loading=\"lazy\" decoding=\"async\" width=\"640\" height=\"427\" src=\"https:\/\/www.skolamichael.cz\/wp-content\/uploads\/2022\/12\/konference-1.12.22-18-scaled-1024x683.jpg\" class=\"attachment-large size-large\" alt=\"\" \/><\/a>\n\t\t\t<\/div><\/figure><figure class='gallery-item'>\n\t\t\t<div class='gallery-icon landscape'>\n\t\t\t\t<a href='https:\/\/www.skolamichael.cz\/wp-content\/uploads\/2022\/12\/konference-1.12.22-20-scaled.jpg'><img loading=\"lazy\" decoding=\"async\" width=\"640\" height=\"427\" src=\"https:\/\/www.skolamichael.cz\/wp-content\/uploads\/2022\/12\/konference-1.12.22-20-scaled-1024x683.jpg\" class=\"attachment-large size-large\" alt=\"\" \/><\/a>\n\t\t\t<\/div><\/figure><figure class='gallery-item'>\n\t\t\t<div class='gallery-icon landscape'>\n\t\t\t\t<a href='https:\/\/www.skolamichael.cz\/wp-content\/uploads\/2022\/12\/MSC2192-scaled.jpg'><img loading=\"lazy\" decoding=\"async\" width=\"640\" height=\"427\" src=\"https:\/\/www.skolamichael.cz\/wp-content\/uploads\/2022\/12\/MSC2192-scaled-1024x683.jpg\" class=\"attachment-large size-large\" alt=\"\" \/><\/a>\n\t\t\t<\/div><\/figure><figure class='gallery-item'>\n\t\t\t<div class='gallery-icon landscape'>\n\t\t\t\t<a href='https:\/\/www.skolamichael.cz\/wp-content\/uploads\/2022\/12\/MSC2200-scaled.jpg'><img loading=\"lazy\" decoding=\"async\" width=\"640\" height=\"427\" src=\"https:\/\/www.skolamichael.cz\/wp-content\/uploads\/2022\/12\/MSC2200-scaled-1024x683.jpg\" class=\"attachment-large size-large\" alt=\"\" \/><\/a>\n\t\t\t<\/div><\/figure><figure class='gallery-item'>\n\t\t\t<div class='gallery-icon landscape'>\n\t\t\t\t<a href='https:\/\/www.skolamichael.cz\/wp-content\/uploads\/2022\/12\/MSC2209-1-scaled.jpg'><img loading=\"lazy\" decoding=\"async\" width=\"640\" height=\"427\" src=\"https:\/\/www.skolamichael.cz\/wp-content\/uploads\/2022\/12\/MSC2209-1-scaled-1024x683.jpg\" class=\"attachment-large size-large\" alt=\"\" \/><\/a>\n\t\t\t<\/div><\/figure><figure class='gallery-item'>\n\t\t\t<div class='gallery-icon landscape'>\n\t\t\t\t<a href='https:\/\/www.skolamichael.cz\/wp-content\/uploads\/2022\/12\/MSC2218-scaled.jpg'><img loading=\"lazy\" decoding=\"async\" width=\"640\" height=\"427\" src=\"https:\/\/www.skolamichael.cz\/wp-content\/uploads\/2022\/12\/MSC2218-scaled-1024x683.jpg\" class=\"attachment-large size-large\" alt=\"\" \/><\/a>\n\t\t\t<\/div><\/figure><figure class='gallery-item'>\n\t\t\t<div class='gallery-icon landscape'>\n\t\t\t\t<a href='https:\/\/www.skolamichael.cz\/wp-content\/uploads\/2022\/12\/MSC2259-scaled.jpg'><img loading=\"lazy\" decoding=\"async\" width=\"640\" height=\"427\" src=\"https:\/\/www.skolamichael.cz\/wp-content\/uploads\/2022\/12\/MSC2259-scaled-1024x683.jpg\" class=\"attachment-large size-large\" alt=\"\" \/><\/a>\n\t\t\t<\/div><\/figure><figure class='gallery-item'>\n\t\t\t<div class='gallery-icon landscape'>\n\t\t\t\t<a href='https:\/\/www.skolamichael.cz\/wp-content\/uploads\/2022\/12\/MSC2261-scaled.jpg'><img loading=\"lazy\" decoding=\"async\" width=\"640\" height=\"427\" src=\"https:\/\/www.skolamichael.cz\/wp-content\/uploads\/2022\/12\/MSC2261-scaled-1024x683.jpg\" class=\"attachment-large size-large\" alt=\"\" \/><\/a>\n\t\t\t<\/div><\/figure>\n\t\t<\/div>\n\n","protected":false},"excerpt":{"rendered":"<p>On 1st December, an exhibition of photographic works of students who visited Norway and Iceland within the Norwegian Grants project \/EHP &#8211; CZ &#8211; MOP- 3-018\/ was opened at the Michael School.<\/p>\n","protected":false},"author":14,"featured_media":0,"parent":0,"menu_order":0,"comment_status":"closed","ping_status":"closed","template":"","meta":{"_acf_changed":false,"footnotes":""},"class_list":["post-10395","page","type-page","status-publish","hentry"],"acf":[],"yoast_head":"<!-- This site is optimized with the Yoast SEO plugin v27.1.1 - https:\/\/yoast.com\/product\/yoast-seo-wordpress\/ -->\n<title>Exhibition opening | MICHAEL<\/title>\n<meta name=\"robots\" content=\"index, follow, max-snippet:-1, max-image-preview:large, max-video-preview:-1\" \/>\n<link rel=\"canonical\" href=\"https:\/\/www.skolamichael.cz\/en\/opening-of-the-exhibition\/\" \/>\n<meta property=\"og:locale\" content=\"en_US\" \/>\n<meta property=\"og:type\" content=\"article\" \/>\n<meta property=\"og:title\" content=\"Exhibition opening | MICHAEL\" \/>\n<meta property=\"og:description\" content=\"On 1st December, an exhibition of photographic works of students who visited Norway and Iceland within the Norwegian Grants project \/EHP &#8211; CZ &#8211; MOP- 3-018\/ was opened at the Michael School.\" \/>\n<meta property=\"og:url\" content=\"https:\/\/www.skolamichael.cz\/en\/opening-of-the-exhibition\/\" \/>\n<meta property=\"og:site_name\" content=\"MICHAEL\" \/>\n<meta property=\"article:publisher\" content=\"http:\/\/www.facebook.com\/skolamichael\" \/>\n<meta property=\"article:modified_time\" content=\"2022-12-14T08:39:47+00:00\" \/>\n<meta property=\"og:image\" content=\"https:\/\/www.skolamichael.cz\/wp-content\/uploads\/2022\/12\/konference-1.12.22-14-scaled-1024x683.jpg\" \/>\n<meta name=\"twitter:card\" content=\"summary_large_image\" \/>\n<script type=\"application\/ld+json\" class=\"yoast-schema-graph\">{\"@context\":\"https:\/\/schema.org\",\"@graph\":[{\"@type\":\"WebPage\",\"@id\":\"https:\/\/www.skolamichael.cz\/en\/opening-of-the-exhibition\/\",\"url\":\"https:\/\/www.skolamichael.cz\/en\/opening-of-the-exhibition\/\",\"name\":\"Exhibition opening | MICHAEL\",\"isPartOf\":{\"@id\":\"https:\/\/www.skolamichael.cz\/cs\/#website\"},\"datePublished\":\"2022-12-12T14:26:53+00:00\",\"dateModified\":\"2022-12-14T08:39:47+00:00\",\"breadcrumb\":{\"@id\":\"https:\/\/www.skolamichael.cz\/en\/opening-of-the-exhibition\/#breadcrumb\"},\"inLanguage\":\"en-US\",\"potentialAction\":[{\"@type\":\"ReadAction\",\"target\":[\"https:\/\/www.skolamichael.cz\/en\/opening-of-the-exhibition\/\"]}]},{\"@type\":\"BreadcrumbList\",\"@id\":\"https:\/\/www.skolamichael.cz\/en\/opening-of-the-exhibition\/#breadcrumb\",\"itemListElement\":[{\"@type\":\"ListItem\",\"position\":1,\"name\":\"Dom\u016f\",\"item\":\"https:\/\/www.skolamichael.cz\/en\/\"},{\"@type\":\"ListItem\",\"position\":2,\"name\":\"Exhibition opening\"}]},{\"@type\":\"WebSite\",\"@id\":\"https:\/\/www.skolamichael.cz\/cs\/#website\",\"url\":\"https:\/\/www.skolamichael.cz\/cs\/\",\"name\":\"MICHAEL\",\"description\":\"St\u0159edn\u00ed \u0161kola, Gymn\u00e1zium a Vy\u0161\u0161\u00ed odborn\u00e1 \u0161kola\",\"publisher\":{\"@id\":\"https:\/\/www.skolamichael.cz\/cs\/#organization\"},\"alternateName\":\"St\u0159edn\u00ed \u0161kola, Gymn\u00e1zium a Vy\u0161\u0161\u00ed odborn\u00e1 \u0161kola\",\"potentialAction\":[{\"@type\":\"SearchAction\",\"target\":{\"@type\":\"EntryPoint\",\"urlTemplate\":\"https:\/\/www.skolamichael.cz\/cs\/?s={search_term_string}\"},\"query-input\":{\"@type\":\"PropertyValueSpecification\",\"valueRequired\":true,\"valueName\":\"search_term_string\"}}],\"inLanguage\":\"en-US\"},{\"@type\":\"Organization\",\"@id\":\"https:\/\/www.skolamichael.cz\/cs\/#organization\",\"name\":\"Michael \u2013 St\u0159edn\u00ed \u0161kola, Gymn\u00e1zium a Vy\u0161\u0161\u00ed odborn\u00e1 \u0161kola, s.r.o.\",\"url\":\"https:\/\/www.skolamichael.cz\/cs\/\",\"logo\":{\"@type\":\"ImageObject\",\"inLanguage\":\"en-US\",\"@id\":\"https:\/\/www.skolamichael.cz\/cs\/#\/schema\/logo\/image\/\",\"url\":\"https:\/\/www.skolamichael.cz\/wp-content\/uploads\/2019\/03\/logo_michael_final_ctverec1-1.jpg\",\"contentUrl\":\"https:\/\/www.skolamichael.cz\/wp-content\/uploads\/2019\/03\/logo_michael_final_ctverec1-1.jpg\",\"width\":400,\"height\":400,\"caption\":\"Michael \u2013 St\u0159edn\u00ed \u0161kola, Gymn\u00e1zium a Vy\u0161\u0161\u00ed odborn\u00e1 \u0161kola, s.r.o.\"},\"image\":{\"@id\":\"https:\/\/www.skolamichael.cz\/cs\/#\/schema\/logo\/image\/\"},\"sameAs\":[\"http:\/\/www.facebook.com\/skolamichael\",\"https:\/\/www.instagram.com\/skola_michael\/\"]}]}<\/script>\n<!-- \/ Yoast SEO plugin. -->","yoast_head_json":{"title":"Exhibition opening | MICHAEL","robots":{"index":"index","follow":"follow","max-snippet":"max-snippet:-1","max-image-preview":"max-image-preview:large","max-video-preview":"max-video-preview:-1"},"canonical":"https:\/\/www.skolamichael.cz\/en\/opening-of-the-exhibition\/","og_locale":"en_US","og_type":"article","og_title":"Exhibition opening | MICHAEL","og_description":"On 1st December, an exhibition of photographic works of students who visited Norway and Iceland within the Norwegian Grants project \/EHP &#8211; CZ &#8211; MOP- 3-018\/ was opened at the Michael School.","og_url":"https:\/\/www.skolamichael.cz\/en\/opening-of-the-exhibition\/","og_site_name":"MICHAEL","article_publisher":"http:\/\/www.facebook.com\/skolamichael","article_modified_time":"2022-12-14T08:39:47+00:00","og_image":[{"url":"https:\/\/www.skolamichael.cz\/wp-content\/uploads\/2022\/12\/konference-1.12.22-14-scaled-1024x683.jpg","type":"","width":"","height":""}],"twitter_card":"summary_large_image","schema":{"@context":"https:\/\/schema.org","@graph":[{"@type":"WebPage","@id":"https:\/\/www.skolamichael.cz\/en\/opening-of-the-exhibition\/","url":"https:\/\/www.skolamichael.cz\/en\/opening-of-the-exhibition\/","name":"Exhibition opening | MICHAEL","isPartOf":{"@id":"https:\/\/www.skolamichael.cz\/cs\/#website"},"datePublished":"2022-12-12T14:26:53+00:00","dateModified":"2022-12-14T08:39:47+00:00","breadcrumb":{"@id":"https:\/\/www.skolamichael.cz\/en\/opening-of-the-exhibition\/#breadcrumb"},"inLanguage":"en-US","potentialAction":[{"@type":"ReadAction","target":["https:\/\/www.skolamichael.cz\/en\/opening-of-the-exhibition\/"]}]},{"@type":"BreadcrumbList","@id":"https:\/\/www.skolamichael.cz\/en\/opening-of-the-exhibition\/#breadcrumb","itemListElement":[{"@type":"ListItem","position":1,"name":"Dom\u016f","item":"https:\/\/www.skolamichael.cz\/en\/"},{"@type":"ListItem","position":2,"name":"Exhibition opening"}]},{"@type":"WebSite","@id":"https:\/\/www.skolamichael.cz\/cs\/#website","url":"https:\/\/www.skolamichael.cz\/cs\/","name":"MICHAEL","description":"St\u0159edn\u00ed \u0161kola, Gymn\u00e1zium a Vy\u0161\u0161\u00ed odborn\u00e1 \u0161kola","publisher":{"@id":"https:\/\/www.skolamichael.cz\/cs\/#organization"},"alternateName":"St\u0159edn\u00ed \u0161kola, Gymn\u00e1zium a Vy\u0161\u0161\u00ed odborn\u00e1 \u0161kola","potentialAction":[{"@type":"SearchAction","target":{"@type":"EntryPoint","urlTemplate":"https:\/\/www.skolamichael.cz\/cs\/?s={search_term_string}"},"query-input":{"@type":"PropertyValueSpecification","valueRequired":true,"valueName":"search_term_string"}}],"inLanguage":"en-US"},{"@type":"Organization","@id":"https:\/\/www.skolamichael.cz\/cs\/#organization","name":"Michael \u2013 St\u0159edn\u00ed \u0161kola, Gymn\u00e1zium a Vy\u0161\u0161\u00ed odborn\u00e1 \u0161kola, s.r.o.","url":"https:\/\/www.skolamichael.cz\/cs\/","logo":{"@type":"ImageObject","inLanguage":"en-US","@id":"https:\/\/www.skolamichael.cz\/cs\/#\/schema\/logo\/image\/","url":"https:\/\/www.skolamichael.cz\/wp-content\/uploads\/2019\/03\/logo_michael_final_ctverec1-1.jpg","contentUrl":"https:\/\/www.skolamichael.cz\/wp-content\/uploads\/2019\/03\/logo_michael_final_ctverec1-1.jpg","width":400,"height":400,"caption":"Michael \u2013 St\u0159edn\u00ed \u0161kola, Gymn\u00e1zium a Vy\u0161\u0161\u00ed odborn\u00e1 \u0161kola, s.r.o."},"image":{"@id":"https:\/\/www.skolamichael.cz\/cs\/#\/schema\/logo\/image\/"},"sameAs":["http:\/\/www.facebook.com\/skolamichael","https:\/\/www.instagram.com\/skola_michael\/"]}]}},"_links":{"self":[{"href":"https:\/\/www.skolamichael.cz\/en\/wp-json\/wp\/v2\/pages\/10395","targetHints":{"allow":["GET"]}}],"collection":[{"href":"https:\/\/www.skolamichael.cz\/en\/wp-json\/wp\/v2\/pages"}],"about":[{"href":"https:\/\/www.skolamichael.cz\/en\/wp-json\/wp\/v2\/types\/page"}],"author":[{"embeddable":true,"href":"https:\/\/www.skolamichael.cz\/en\/wp-json\/wp\/v2\/users\/14"}],"replies":[{"embeddable":true,"href":"https:\/\/www.skolamichael.cz\/en\/wp-json\/wp\/v2\/comments?post=10395"}],"version-history":[{"count":3,"href":"https:\/\/www.skolamichael.cz\/en\/wp-json\/wp\/v2\/pages\/10395\/revisions"}],"predecessor-version":[{"id":10510,"href":"https:\/\/www.skolamichael.cz\/en\/wp-json\/wp\/v2\/pages\/10395\/revisions\/10510"}],"wp:attachment":[{"href":"https:\/\/www.skolamichael.cz\/en\/wp-json\/wp\/v2\/media?parent=10395"}],"curies":[{"name":"wp","href":"https:\/\/api.w.org\/{rel}","templated":true}]}}