{"id":10517,"date":"2022-12-14T15:56:39","date_gmt":"2022-12-14T14:56:39","guid":{"rendered":"https:\/\/www.skolamichael.cz\/?page_id=10517"},"modified":"2022-12-15T14:43:29","modified_gmt":"2022-12-15T13:43:29","slug":"ecvet","status":"publish","type":"page","link":"https:\/\/www.skolamichael.cz\/en\/projects-eu\/ecvet\/","title":{"rendered":"ECVET"},"content":{"rendered":"<h4><strong>EDUCATIONAL ACHIEVEMENT UNIT \/ LEARNING RESULTS UNIT<\/strong><\/h4>\n<h4><strong><span style=\"color: #0000ff;\">Interior Design<\/span><\/strong><\/h4>\n<ul>\n<li><a href=\"https:\/\/www.skolamichael.cz\/wp-content\/uploads\/2022\/12\/DESIGN-INTERIOR_INTERIOR-DESIGN-RENDERING.pdf\">Interior Design Rendering<\/a><\/li>\n<li><a href=\"https:\/\/www.skolamichael.cz\/wp-content\/uploads\/2022\/12\/DESIGN-Interior_Interior-Design-Research.pdf\">Interior Design Research<\/a><\/li>\n<\/ul>\n<h4><span style=\"color: #0000ff;\"><strong>Graphic design<\/strong><\/span><\/h4>\n<ul>\n<li><a href=\"https:\/\/www.skolamichael.cz\/wp-content\/uploads\/2022\/12\/GRAPHIC-DESIGN_DESIGN-OF-ECOLOGICAL-STICKER.pdf\">Design of Ecological Sticker<\/a><\/li>\n<li><a href=\"https:\/\/www.skolamichael.cz\/wp-content\/uploads\/2022\/12\/GRAPHIC-DESIGN_GRAPHIC-DESIGN-FOR-MILK-DRINK-PACKAGING-TETRA-PAK.pdf\">Graphic design for Milk Drink Packaging (TETRA PAK)<\/a><\/li>\n<\/ul>\n<h4><strong><span style=\"color: #0000ff;\">Photography and New Media<\/span><\/strong><\/h4>\n<ul>\n<li><a href=\"https:\/\/www.skolamichael.cz\/wp-content\/uploads\/2022\/12\/JVU_photography-cosmetics.pdf\">Advertising Photography \u2013 Cosmetics<\/a><\/li>\n<li><a href=\"https:\/\/www.skolamichael.cz\/wp-content\/uploads\/2022\/12\/JVU_photography-drink.pdf\">Advertising Photography \u2013 Beverage<\/a><\/li>\n<li><a href=\"https:\/\/www.skolamichael.cz\/wp-content\/uploads\/2022\/12\/JVU_photography-Animal.pdf\">Animal<\/a><\/li>\n<li><a href=\"https:\/\/www.skolamichael.cz\/wp-content\/uploads\/2022\/12\/JVU_Photography-of-architecture-interior.pdf\">Photography of architecture &#8211; interior<\/a><\/li>\n<\/ul>\n","protected":false},"excerpt":{"rendered":"<p>EDUCATIONAL ACHIEVEMENT UNIT \/ LEARNING RESULTS UNIT Interior Design Interior Design Rendering Interior Design Research Graphic design Design of Ecological Sticker Graphic design for Milk Drink Packaging (TETRA PAK) Photography and New Media Advertising Photography \u2013 Cosmetics Advertising Photography \u2013 Beverage Animal Photography of architecture &#8211; interior<\/p>\n","protected":false},"author":4,"featured_media":0,"parent":10281,"menu_order":0,"comment_status":"closed","ping_status":"closed","template":"","meta":{"_acf_changed":false,"footnotes":""},"class_list":["post-10517","page","type-page","status-publish","hentry"],"acf":[],"yoast_head":"<!-- This site is optimized with the Yoast SEO plugin v27.4 - https:\/\/yoast.com\/product\/yoast-seo-wordpress\/ -->\n<title>ECVET | MICHAEL<\/title>\n<meta name=\"robots\" content=\"index, follow, max-snippet:-1, max-image-preview:large, max-video-preview:-1\" \/>\n<link rel=\"canonical\" href=\"https:\/\/www.skolamichael.cz\/en\/projects-eu\/ecvet\/\" \/>\n<meta property=\"og:locale\" content=\"en_US\" \/>\n<meta property=\"og:type\" content=\"article\" \/>\n<meta property=\"og:title\" content=\"ECVET | MICHAEL\" \/>\n<meta property=\"og:description\" content=\"EDUCATIONAL ACHIEVEMENT UNIT \/ LEARNING RESULTS UNIT Interior Design Interior Design Rendering Interior Design Research Graphic design Design of Ecological Sticker Graphic design for Milk Drink Packaging (TETRA PAK) Photography and New Media Advertising Photography \u2013 Cosmetics Advertising Photography \u2013 Beverage Animal Photography of architecture &#8211; interior\" \/>\n<meta property=\"og:url\" content=\"https:\/\/www.skolamichael.cz\/en\/projects-eu\/ecvet\/\" \/>\n<meta property=\"og:site_name\" content=\"MICHAEL\" \/>\n<meta property=\"article:publisher\" content=\"http:\/\/www.facebook.com\/skolamichael\" \/>\n<meta property=\"article:modified_time\" content=\"2022-12-15T13:43:29+00:00\" \/>\n<meta name=\"twitter:card\" content=\"summary_large_image\" \/>\n<script type=\"application\/ld+json\" class=\"yoast-schema-graph\">{\"@context\":\"https:\\\/\\\/schema.org\",\"@graph\":[{\"@type\":\"WebPage\",\"@id\":\"https:\\\/\\\/www.skolamichael.cz\\\/en\\\/projects-eu\\\/ecvet\\\/\",\"url\":\"https:\\\/\\\/www.skolamichael.cz\\\/en\\\/projects-eu\\\/ecvet\\\/\",\"name\":\"ECVET | MICHAEL\",\"isPartOf\":{\"@id\":\"https:\\\/\\\/www.skolamichael.cz\\\/en\\\/#website\"},\"datePublished\":\"2022-12-14T14:56:39+00:00\",\"dateModified\":\"2022-12-15T13:43:29+00:00\",\"breadcrumb\":{\"@id\":\"https:\\\/\\\/www.skolamichael.cz\\\/en\\\/projects-eu\\\/ecvet\\\/#breadcrumb\"},\"inLanguage\":\"en-US\",\"potentialAction\":[{\"@type\":\"ReadAction\",\"target\":[\"https:\\\/\\\/www.skolamichael.cz\\\/en\\\/projects-eu\\\/ecvet\\\/\"]}]},{\"@type\":\"BreadcrumbList\",\"@id\":\"https:\\\/\\\/www.skolamichael.cz\\\/en\\\/projects-eu\\\/ecvet\\\/#breadcrumb\",\"itemListElement\":[{\"@type\":\"ListItem\",\"position\":1,\"name\":\"Dom\u016f\",\"item\":\"https:\\\/\\\/www.skolamichael.cz\\\/en\\\/\"},{\"@type\":\"ListItem\",\"position\":2,\"name\":\"Projects EU\",\"item\":\"https:\\\/\\\/www.skolamichael.cz\\\/en\\\/projects-eu\\\/\"},{\"@type\":\"ListItem\",\"position\":3,\"name\":\"ECVET\"}]},{\"@type\":\"WebSite\",\"@id\":\"https:\\\/\\\/www.skolamichael.cz\\\/en\\\/#website\",\"url\":\"https:\\\/\\\/www.skolamichael.cz\\\/en\\\/\",\"name\":\"MICHAEL\",\"description\":\"St\u0159edn\u00ed \u0161kola, Gymn\u00e1zium a Vy\u0161\u0161\u00ed odborn\u00e1 \u0161kola\",\"publisher\":{\"@id\":\"https:\\\/\\\/www.skolamichael.cz\\\/en\\\/#organization\"},\"alternateName\":\"St\u0159edn\u00ed \u0161kola, Gymn\u00e1zium a Vy\u0161\u0161\u00ed odborn\u00e1 \u0161kola\",\"potentialAction\":[{\"@type\":\"SearchAction\",\"target\":{\"@type\":\"EntryPoint\",\"urlTemplate\":\"https:\\\/\\\/www.skolamichael.cz\\\/en\\\/?s={search_term_string}\"},\"query-input\":{\"@type\":\"PropertyValueSpecification\",\"valueRequired\":true,\"valueName\":\"search_term_string\"}}],\"inLanguage\":\"en-US\"},{\"@type\":\"Organization\",\"@id\":\"https:\\\/\\\/www.skolamichael.cz\\\/en\\\/#organization\",\"name\":\"Michael \u2013 St\u0159edn\u00ed \u0161kola, Gymn\u00e1zium a Vy\u0161\u0161\u00ed odborn\u00e1 \u0161kola, s.r.o.\",\"url\":\"https:\\\/\\\/www.skolamichael.cz\\\/en\\\/\",\"logo\":{\"@type\":\"ImageObject\",\"inLanguage\":\"en-US\",\"@id\":\"https:\\\/\\\/www.skolamichael.cz\\\/en\\\/#\\\/schema\\\/logo\\\/image\\\/\",\"url\":\"https:\\\/\\\/www.skolamichael.cz\\\/wp-content\\\/uploads\\\/2019\\\/03\\\/logo_michael_final_ctverec1-1.jpg\",\"contentUrl\":\"https:\\\/\\\/www.skolamichael.cz\\\/wp-content\\\/uploads\\\/2019\\\/03\\\/logo_michael_final_ctverec1-1.jpg\",\"width\":400,\"height\":400,\"caption\":\"Michael \u2013 St\u0159edn\u00ed \u0161kola, Gymn\u00e1zium a Vy\u0161\u0161\u00ed odborn\u00e1 \u0161kola, s.r.o.\"},\"image\":{\"@id\":\"https:\\\/\\\/www.skolamichael.cz\\\/en\\\/#\\\/schema\\\/logo\\\/image\\\/\"},\"sameAs\":[\"http:\\\/\\\/www.facebook.com\\\/skolamichael\",\"https:\\\/\\\/www.instagram.com\\\/skola_michael\\\/\"]}]}<\/script>\n<!-- \/ Yoast SEO plugin. -->","yoast_head_json":{"title":"ECVET | MICHAEL","robots":{"index":"index","follow":"follow","max-snippet":"max-snippet:-1","max-image-preview":"max-image-preview:large","max-video-preview":"max-video-preview:-1"},"canonical":"https:\/\/www.skolamichael.cz\/en\/projects-eu\/ecvet\/","og_locale":"en_US","og_type":"article","og_title":"ECVET | MICHAEL","og_description":"EDUCATIONAL ACHIEVEMENT UNIT \/ LEARNING RESULTS UNIT Interior Design Interior Design Rendering Interior Design Research Graphic design Design of Ecological Sticker Graphic design for Milk Drink Packaging (TETRA PAK) Photography and New Media Advertising Photography \u2013 Cosmetics Advertising Photography \u2013 Beverage Animal Photography of architecture &#8211; interior","og_url":"https:\/\/www.skolamichael.cz\/en\/projects-eu\/ecvet\/","og_site_name":"MICHAEL","article_publisher":"http:\/\/www.facebook.com\/skolamichael","article_modified_time":"2022-12-15T13:43:29+00:00","twitter_card":"summary_large_image","schema":{"@context":"https:\/\/schema.org","@graph":[{"@type":"WebPage","@id":"https:\/\/www.skolamichael.cz\/en\/projects-eu\/ecvet\/","url":"https:\/\/www.skolamichael.cz\/en\/projects-eu\/ecvet\/","name":"ECVET | MICHAEL","isPartOf":{"@id":"https:\/\/www.skolamichael.cz\/en\/#website"},"datePublished":"2022-12-14T14:56:39+00:00","dateModified":"2022-12-15T13:43:29+00:00","breadcrumb":{"@id":"https:\/\/www.skolamichael.cz\/en\/projects-eu\/ecvet\/#breadcrumb"},"inLanguage":"en-US","potentialAction":[{"@type":"ReadAction","target":["https:\/\/www.skolamichael.cz\/en\/projects-eu\/ecvet\/"]}]},{"@type":"BreadcrumbList","@id":"https:\/\/www.skolamichael.cz\/en\/projects-eu\/ecvet\/#breadcrumb","itemListElement":[{"@type":"ListItem","position":1,"name":"Dom\u016f","item":"https:\/\/www.skolamichael.cz\/en\/"},{"@type":"ListItem","position":2,"name":"Projects EU","item":"https:\/\/www.skolamichael.cz\/en\/projects-eu\/"},{"@type":"ListItem","position":3,"name":"ECVET"}]},{"@type":"WebSite","@id":"https:\/\/www.skolamichael.cz\/en\/#website","url":"https:\/\/www.skolamichael.cz\/en\/","name":"MICHAEL","description":"St\u0159edn\u00ed \u0161kola, Gymn\u00e1zium a Vy\u0161\u0161\u00ed odborn\u00e1 \u0161kola","publisher":{"@id":"https:\/\/www.skolamichael.cz\/en\/#organization"},"alternateName":"St\u0159edn\u00ed \u0161kola, Gymn\u00e1zium a Vy\u0161\u0161\u00ed odborn\u00e1 \u0161kola","potentialAction":[{"@type":"SearchAction","target":{"@type":"EntryPoint","urlTemplate":"https:\/\/www.skolamichael.cz\/en\/?s={search_term_string}"},"query-input":{"@type":"PropertyValueSpecification","valueRequired":true,"valueName":"search_term_string"}}],"inLanguage":"en-US"},{"@type":"Organization","@id":"https:\/\/www.skolamichael.cz\/en\/#organization","name":"Michael \u2013 St\u0159edn\u00ed \u0161kola, Gymn\u00e1zium a Vy\u0161\u0161\u00ed odborn\u00e1 \u0161kola, s.r.o.","url":"https:\/\/www.skolamichael.cz\/en\/","logo":{"@type":"ImageObject","inLanguage":"en-US","@id":"https:\/\/www.skolamichael.cz\/en\/#\/schema\/logo\/image\/","url":"https:\/\/www.skolamichael.cz\/wp-content\/uploads\/2019\/03\/logo_michael_final_ctverec1-1.jpg","contentUrl":"https:\/\/www.skolamichael.cz\/wp-content\/uploads\/2019\/03\/logo_michael_final_ctverec1-1.jpg","width":400,"height":400,"caption":"Michael \u2013 St\u0159edn\u00ed \u0161kola, Gymn\u00e1zium a Vy\u0161\u0161\u00ed odborn\u00e1 \u0161kola, s.r.o."},"image":{"@id":"https:\/\/www.skolamichael.cz\/en\/#\/schema\/logo\/image\/"},"sameAs":["http:\/\/www.facebook.com\/skolamichael","https:\/\/www.instagram.com\/skola_michael\/"]}]}},"_links":{"self":[{"href":"https:\/\/www.skolamichael.cz\/en\/wp-json\/wp\/v2\/pages\/10517","targetHints":{"allow":["GET"]}}],"collection":[{"href":"https:\/\/www.skolamichael.cz\/en\/wp-json\/wp\/v2\/pages"}],"about":[{"href":"https:\/\/www.skolamichael.cz\/en\/wp-json\/wp\/v2\/types\/page"}],"author":[{"embeddable":true,"href":"https:\/\/www.skolamichael.cz\/en\/wp-json\/wp\/v2\/users\/4"}],"replies":[{"embeddable":true,"href":"https:\/\/www.skolamichael.cz\/en\/wp-json\/wp\/v2\/comments?post=10517"}],"version-history":[{"count":3,"href":"https:\/\/www.skolamichael.cz\/en\/wp-json\/wp\/v2\/pages\/10517\/revisions"}],"predecessor-version":[{"id":10612,"href":"https:\/\/www.skolamichael.cz\/en\/wp-json\/wp\/v2\/pages\/10517\/revisions\/10612"}],"up":[{"embeddable":true,"href":"https:\/\/www.skolamichael.cz\/en\/wp-json\/wp\/v2\/pages\/10281"}],"wp:attachment":[{"href":"https:\/\/www.skolamichael.cz\/en\/wp-json\/wp\/v2\/media?parent=10517"}],"curies":[{"name":"wp","href":"https:\/\/api.w.org\/{rel}","templated":true}]}}