{"id":13484,"date":"2024-05-31T16:28:57","date_gmt":"2024-05-31T14:28:57","guid":{"rendered":"https:\/\/www.skolamichael.cz\/?page_id=13484"},"modified":"2024-06-13T00:56:17","modified_gmt":"2024-06-12T22:56:17","slug":"art-connects-nations","status":"publish","type":"page","link":"https:\/\/www.skolamichael.cz\/en\/projects-eu\/art-connects-nations\/","title":{"rendered":"ART CONNECTS NATIONS"},"content":{"rendered":"<p><strong>EHP-BFNU-OVNKM-4-293-01-2023\u00a0<\/strong>under the\u00a0<em><strong>Fund for Bilateral Relations within<\/strong><\/em>\u00a0the framework of the\u00a0<em><strong>EEA<\/strong><\/em>\u00a0and\u00a0<em><strong>Norway Grants 2014-2021<\/strong><\/em><\/p>\n<p>The goal of the project Art connects nations is to organize an exhibition \u201cTogether in Europe\u201d with international participation within the renowned festival \u2013 Fest Michael where we also present the outputs of the project, which will be created in the framework of creative cooperation with the Norwegian school in Oslo. The activities organised during the project support the mutual transfer of innovation and exchange of experience in vocational education.<\/p>\n<p>Our partner school is named after the famous Norwegian painter Edvard Munch.<\/p>\n<p>Edvard Munch upper secondary school has around 1,300 students and approx. 170 teachers. The school is located in Ullevalsveien 5 &#8211; in what was the Art and Crafts School&#8217;s former premises, right in the city centre.<\/p>\n<p>Their study programs are: Art, design and architecture, Crafts, design and product development (wood, gold and textiles), Music and Dance. In the newly established Studio E in Fredensborgveien, close to the school, the vocational study areas Flower, Hairdressing and Interior and exposure design are also offered.<\/p>\n<p>Study specialization has a wide range of subjects as science, languages, social studies and economics. Within the language subjects, they focus on internationalization with exchange programs and study tours. Within science, they focus on technology, modeling and programming. Many students also choose cross-country sports. The learning environment is characterized by cooperation &#8211; the students at the school support each other and work together in groups of four. They also participate in activities where they work together with students from the other education programs. They emphasize on the diverse environment at the school. The school also has Munchtid &#8211; a voluntary tutoring service with teachers, where students choose which subject they want to work on. In the creative workshop, students can come to immerse themselves in a project, program a robot, use a laser cutter or create a 3D model.<\/p>\n<p>Teachers will be involved in job shadowing in practical classes. They will be coaching the students as they work on photography assignments \u2013 the topic &#8211; architecture, landscape, and nature. They will have the opportunity to share their experiences and discuss teaching methods during the practical outdoor assignment with the Norwegian colleague and share know-how in the organization and implementation of practical teaching in different demographics. The teachers will discuss and compare educational systems, share, and exchange ideas and learn about new IT technologies using at school. We have the ambition to be an example for other institutions specialising in multimedia and creative education.<\/p>\n<p><strong>In May 2024\u00a0<\/strong> two Czech teachers and three students came to Norway. Students took part in art lessons and worked on their creative tasks and outputs for Fest Michael. They discussed the main theme \u201cTogether in Europe\u201d with Norwegian students and teachers. All participants learned about each other, and cooperation increased awareness of other cultures, traditions, customs, and nature. Lecture and workshop \u2013 the theme Edvard Munch was prepared for teachers and students &#8211; discussion about an exceptional artist followed.<\/p>\n<p><img loading=\"lazy\" decoding=\"async\" class=\"alignnone size-medium wp-image-13547\" src=\"https:\/\/www.skolamichael.cz\/wp-content\/uploads\/2024\/06\/oslo_skola_gruppe-300x200.jpg\" alt=\"\" width=\"300\" height=\"200\" srcset=\"https:\/\/www.skolamichael.cz\/wp-content\/uploads\/2024\/06\/oslo_skola_gruppe-300x200.jpg 300w, https:\/\/www.skolamichael.cz\/wp-content\/uploads\/2024\/06\/oslo_skola_gruppe.jpg 1623w\" sizes=\"auto, (max-width: 300px) 100vw, 300px\" \/> <img loading=\"lazy\" decoding=\"async\" class=\"alignnone size-medium wp-image-13549\" src=\"https:\/\/www.skolamichael.cz\/wp-content\/uploads\/2024\/06\/DSC_0887-kopie-300x200.jpg\" alt=\"\" width=\"300\" height=\"200\" srcset=\"https:\/\/www.skolamichael.cz\/wp-content\/uploads\/2024\/06\/DSC_0887-kopie-300x200.jpg 300w, https:\/\/www.skolamichael.cz\/wp-content\/uploads\/2024\/06\/DSC_0887-kopie.jpg 1623w\" sizes=\"auto, (max-width: 300px) 100vw, 300px\" \/> <img loading=\"lazy\" decoding=\"async\" class=\"alignnone size-medium wp-image-13559\" src=\"https:\/\/www.skolamichael.cz\/wp-content\/uploads\/2024\/06\/DKF_4284-2-300x200.jpg\" alt=\"\" width=\"300\" height=\"200\" srcset=\"https:\/\/www.skolamichael.cz\/wp-content\/uploads\/2024\/06\/DKF_4284-2-300x200.jpg 300w, https:\/\/www.skolamichael.cz\/wp-content\/uploads\/2024\/06\/DKF_4284-2.jpg 1620w\" sizes=\"auto, (max-width: 300px) 100vw, 300px\" \/><\/p>\n<p><img loading=\"lazy\" decoding=\"async\" class=\"alignnone size-medium wp-image-13555\" src=\"https:\/\/www.skolamichael.cz\/wp-content\/uploads\/2024\/06\/DSC_1008-kopie-300x200.jpg\" alt=\"\" width=\"300\" height=\"200\" srcset=\"https:\/\/www.skolamichael.cz\/wp-content\/uploads\/2024\/06\/DSC_1008-kopie-300x200.jpg 300w, https:\/\/www.skolamichael.cz\/wp-content\/uploads\/2024\/06\/DSC_1008-kopie.jpg 1623w\" sizes=\"auto, (max-width: 300px) 100vw, 300px\" \/> <img loading=\"lazy\" decoding=\"async\" class=\"alignnone size-medium wp-image-13553\" src=\"https:\/\/www.skolamichael.cz\/wp-content\/uploads\/2024\/06\/O0021878-300x200.jpg\" alt=\"\" width=\"300\" height=\"200\" srcset=\"https:\/\/www.skolamichael.cz\/wp-content\/uploads\/2024\/06\/O0021878-300x200.jpg 300w, https:\/\/www.skolamichael.cz\/wp-content\/uploads\/2024\/06\/O0021878.jpg 1620w\" sizes=\"auto, (max-width: 300px) 100vw, 300px\" \/> \u00a0<img loading=\"lazy\" decoding=\"async\" class=\"alignnone size-medium wp-image-13561\" src=\"https:\/\/www.skolamichael.cz\/wp-content\/uploads\/2024\/06\/DKF_4099-300x200.jpg\" alt=\"\" width=\"300\" height=\"200\" srcset=\"https:\/\/www.skolamichael.cz\/wp-content\/uploads\/2024\/06\/DKF_4099-300x200.jpg 300w, https:\/\/www.skolamichael.cz\/wp-content\/uploads\/2024\/06\/DKF_4099.jpg 1623w\" sizes=\"auto, (max-width: 300px) 100vw, 300px\" \/><\/p>\n<p><strong>June 2024<\/strong> &#8211; two teachers from Norway come to Prague. They will do job shadowing and cooperate with our FestMichael team on the art project Together in Europe.<\/p>\n<p>The fifteenth anniversary of FestMichael will have international participation, and the results of Czech-Norwegian cooperation will be presented there. The festival will take place on 6 June 2024 at the Lucerna cinema, where the students&#8217; films will be presented. Afterwards, the festival will move to n\u00e1m\u011bst\u00ed M\u00edru, where the exhibition of the works of students of Graphic Design, Photography and Interior Design will take place. The exhibited works will be open to the public until 13th July 2024 in the area in front of St. Ludmila&#8217;s Church and in the adjacent park.<\/p>\n<p>&nbsp;<\/p>\n<div id='gallery-1' class='gallery galleryid-13484 gallery-columns-3 gallery-size-large'><figure class='gallery-item'>\n\t\t\t<div class='gallery-icon landscape'>\n\t\t\t\t<a href='https:\/\/www.skolamichael.cz\/en\/capl4321-2-2\/'><img loading=\"lazy\" decoding=\"async\" width=\"640\" height=\"427\" src=\"https:\/\/www.skolamichael.cz\/wp-content\/uploads\/2024\/06\/CAPL4321-1-1024x683.jpg\" class=\"attachment-large size-large\" alt=\"\" srcset=\"https:\/\/www.skolamichael.cz\/wp-content\/uploads\/2024\/06\/CAPL4321-1-1024x683.jpg 1024w, https:\/\/www.skolamichael.cz\/wp-content\/uploads\/2024\/06\/CAPL4321-1-300x200.jpg 300w, https:\/\/www.skolamichael.cz\/wp-content\/uploads\/2024\/06\/CAPL4321-1.jpg 1620w\" sizes=\"auto, (max-width: 640px) 100vw, 640px\" \/><\/a>\n\t\t\t<\/div><\/figure><figure class='gallery-item'>\n\t\t\t<div class='gallery-icon landscape'>\n\t\t\t\t<a href='https:\/\/www.skolamichael.cz\/en\/_dsc2047-kopie-2\/'><img loading=\"lazy\" decoding=\"async\" width=\"640\" height=\"426\" src=\"https:\/\/www.skolamichael.cz\/wp-content\/uploads\/2024\/06\/DSC2047-kopie-1024x681.jpg\" class=\"attachment-large size-large\" alt=\"\" srcset=\"https:\/\/www.skolamichael.cz\/wp-content\/uploads\/2024\/06\/DSC2047-kopie-1024x681.jpg 1024w, https:\/\/www.skolamichael.cz\/wp-content\/uploads\/2024\/06\/DSC2047-kopie-300x200.jpg 300w, https:\/\/www.skolamichael.cz\/wp-content\/uploads\/2024\/06\/DSC2047-kopie.jpg 1623w\" sizes=\"auto, (max-width: 640px) 100vw, 640px\" \/><\/a>\n\t\t\t<\/div><\/figure><figure class='gallery-item'>\n\t\t\t<div class='gallery-icon landscape'>\n\t\t\t\t<a href='https:\/\/www.skolamichael.cz\/en\/dsc_6217-kopieop-2\/'><img loading=\"lazy\" decoding=\"async\" width=\"640\" height=\"428\" src=\"https:\/\/www.skolamichael.cz\/wp-content\/uploads\/2024\/06\/DSC_6217-kopieop-1024x684.jpg\" class=\"attachment-large size-large\" alt=\"\" srcset=\"https:\/\/www.skolamichael.cz\/wp-content\/uploads\/2024\/06\/DSC_6217-kopieop-1024x684.jpg 1024w, https:\/\/www.skolamichael.cz\/wp-content\/uploads\/2024\/06\/DSC_6217-kopieop-300x200.jpg 300w, https:\/\/www.skolamichael.cz\/wp-content\/uploads\/2024\/06\/DSC_6217-kopieop.jpg 1618w\" sizes=\"auto, (max-width: 640px) 100vw, 640px\" \/><\/a>\n\t\t\t<\/div><\/figure><figure class='gallery-item'>\n\t\t\t<div class='gallery-icon landscape'>\n\t\t\t\t<a href='https:\/\/www.skolamichael.cz\/en\/dsc_1324-2\/'><img loading=\"lazy\" decoding=\"async\" width=\"640\" height=\"426\" src=\"https:\/\/www.skolamichael.cz\/wp-content\/uploads\/2024\/06\/DSC_1324-1024x681.jpg\" class=\"attachment-large size-large\" alt=\"\" srcset=\"https:\/\/www.skolamichael.cz\/wp-content\/uploads\/2024\/06\/DSC_1324-1024x681.jpg 1024w, https:\/\/www.skolamichael.cz\/wp-content\/uploads\/2024\/06\/DSC_1324-300x200.jpg 300w, https:\/\/www.skolamichael.cz\/wp-content\/uploads\/2024\/06\/DSC_1324.jpg 1623w\" sizes=\"auto, (max-width: 640px) 100vw, 640px\" \/><\/a>\n\t\t\t<\/div><\/figure><figure class='gallery-item'>\n\t\t\t<div class='gallery-icon landscape'>\n\t\t\t\t<a href='https:\/\/www.skolamichael.cz\/en\/_s2a8618-2\/'><img loading=\"lazy\" decoding=\"async\" width=\"640\" height=\"427\" src=\"https:\/\/www.skolamichael.cz\/wp-content\/uploads\/2024\/06\/S2A8618-1024x683.jpg\" class=\"attachment-large size-large\" alt=\"\" srcset=\"https:\/\/www.skolamichael.cz\/wp-content\/uploads\/2024\/06\/S2A8618-1024x683.jpg 1024w, https:\/\/www.skolamichael.cz\/wp-content\/uploads\/2024\/06\/S2A8618-300x200.jpg 300w, https:\/\/www.skolamichael.cz\/wp-content\/uploads\/2024\/06\/S2A8618.jpg 1620w\" sizes=\"auto, (max-width: 640px) 100vw, 640px\" \/><\/a>\n\t\t\t<\/div><\/figure><figure class='gallery-item'>\n\t\t\t<div class='gallery-icon landscape'>\n\t\t\t\t<a href='https:\/\/www.skolamichael.cz\/en\/1920x1080_sponzori_pozadi-2\/'><img loading=\"lazy\" decoding=\"async\" width=\"640\" height=\"360\" src=\"https:\/\/www.skolamichael.cz\/wp-content\/uploads\/2024\/05\/1920x1080_sponzori_pozadi-1024x576.png\" class=\"attachment-large size-large\" alt=\"\" srcset=\"https:\/\/www.skolamichael.cz\/wp-content\/uploads\/2024\/05\/1920x1080_sponzori_pozadi-1024x576.png 1024w, https:\/\/www.skolamichael.cz\/wp-content\/uploads\/2024\/05\/1920x1080_sponzori_pozadi-300x169.png 300w, https:\/\/www.skolamichael.cz\/wp-content\/uploads\/2024\/05\/1920x1080_sponzori_pozadi.png 1920w\" sizes=\"auto, (max-width: 640px) 100vw, 640px\" \/><\/a>\n\t\t\t<\/div><\/figure>\n\t\t<\/div>\n\n","protected":false},"excerpt":{"rendered":"<p>EHP-BFNU-OVNKM-4-293-01-2023\u00a0under the\u00a0Fund for Bilateral Relations within\u00a0the framework of the\u00a0EEA\u00a0and\u00a0Norway Grants 2014-2021 The goal of the project Art connects nations is to organize an exhibition \u201cTogether in Europe\u201d with international participation within the renowned festival \u2013 Fest Michael where we also present the outputs of the project, which will be created in the framework of creative [&hellip;]<\/p>\n","protected":false},"author":14,"featured_media":0,"parent":10281,"menu_order":0,"comment_status":"closed","ping_status":"closed","template":"","meta":{"_acf_changed":false,"footnotes":""},"class_list":["post-13484","page","type-page","status-publish","hentry"],"acf":[],"yoast_head":"<!-- This site is optimized with the Yoast SEO plugin v27.4 - https:\/\/yoast.com\/product\/yoast-seo-wordpress\/ -->\n<title>ART CONNECTS NATIONS | MICHAEL<\/title>\n<meta name=\"robots\" content=\"index, follow, max-snippet:-1, max-image-preview:large, max-video-preview:-1\" \/>\n<link rel=\"canonical\" href=\"https:\/\/www.skolamichael.cz\/en\/projects-eu\/art-connects-nations\/\" \/>\n<meta property=\"og:locale\" content=\"en_US\" \/>\n<meta property=\"og:type\" content=\"article\" \/>\n<meta property=\"og:title\" content=\"ART CONNECTS NATIONS | MICHAEL\" \/>\n<meta property=\"og:description\" content=\"EHP-BFNU-OVNKM-4-293-01-2023\u00a0under the\u00a0Fund for Bilateral Relations within\u00a0the framework of the\u00a0EEA\u00a0and\u00a0Norway Grants 2014-2021 The goal of the project Art connects nations is to organize an exhibition \u201cTogether in Europe\u201d with international participation within the renowned festival \u2013 Fest Michael where we also present the outputs of the project, which will be created in the framework of creative [&hellip;]\" \/>\n<meta property=\"og:url\" content=\"https:\/\/www.skolamichael.cz\/en\/projects-eu\/art-connects-nations\/\" \/>\n<meta property=\"og:site_name\" content=\"MICHAEL\" \/>\n<meta property=\"article:publisher\" content=\"http:\/\/www.facebook.com\/skolamichael\" \/>\n<meta property=\"article:modified_time\" content=\"2024-06-12T22:56:17+00:00\" \/>\n<meta property=\"og:image\" content=\"https:\/\/www.skolamichael.cz\/wp-content\/uploads\/2024\/06\/CAPL4321-1-1024x683.jpg\" \/>\n<meta name=\"twitter:card\" content=\"summary_large_image\" \/>\n<meta name=\"twitter:label1\" content=\"Est. reading time\" \/>\n\t<meta name=\"twitter:data1\" content=\"3 minutes\" \/>\n<script type=\"application\/ld+json\" class=\"yoast-schema-graph\">{\"@context\":\"https:\\\/\\\/schema.org\",\"@graph\":[{\"@type\":\"WebPage\",\"@id\":\"https:\\\/\\\/www.skolamichael.cz\\\/en\\\/projects-eu\\\/art-connects-nations\\\/\",\"url\":\"https:\\\/\\\/www.skolamichael.cz\\\/en\\\/projects-eu\\\/art-connects-nations\\\/\",\"name\":\"ART CONNECTS NATIONS | MICHAEL\",\"isPartOf\":{\"@id\":\"https:\\\/\\\/www.skolamichael.cz\\\/en\\\/#website\"},\"primaryImageOfPage\":{\"@id\":\"https:\\\/\\\/www.skolamichael.cz\\\/en\\\/projects-eu\\\/art-connects-nations\\\/#primaryimage\"},\"image\":{\"@id\":\"https:\\\/\\\/www.skolamichael.cz\\\/en\\\/projects-eu\\\/art-connects-nations\\\/#primaryimage\"},\"thumbnailUrl\":\"https:\\\/\\\/www.skolamichael.cz\\\/wp-content\\\/uploads\\\/2024\\\/06\\\/oslo_skola_gruppe-300x200.jpg\",\"datePublished\":\"2024-05-31T14:28:57+00:00\",\"dateModified\":\"2024-06-12T22:56:17+00:00\",\"breadcrumb\":{\"@id\":\"https:\\\/\\\/www.skolamichael.cz\\\/en\\\/projects-eu\\\/art-connects-nations\\\/#breadcrumb\"},\"inLanguage\":\"en-US\",\"potentialAction\":[{\"@type\":\"ReadAction\",\"target\":[\"https:\\\/\\\/www.skolamichael.cz\\\/en\\\/projects-eu\\\/art-connects-nations\\\/\"]}]},{\"@type\":\"ImageObject\",\"inLanguage\":\"en-US\",\"@id\":\"https:\\\/\\\/www.skolamichael.cz\\\/en\\\/projects-eu\\\/art-connects-nations\\\/#primaryimage\",\"url\":\"https:\\\/\\\/www.skolamichael.cz\\\/wp-content\\\/uploads\\\/2024\\\/06\\\/oslo_skola_gruppe-300x200.jpg\",\"contentUrl\":\"https:\\\/\\\/www.skolamichael.cz\\\/wp-content\\\/uploads\\\/2024\\\/06\\\/oslo_skola_gruppe-300x200.jpg\"},{\"@type\":\"BreadcrumbList\",\"@id\":\"https:\\\/\\\/www.skolamichael.cz\\\/en\\\/projects-eu\\\/art-connects-nations\\\/#breadcrumb\",\"itemListElement\":[{\"@type\":\"ListItem\",\"position\":1,\"name\":\"Dom\u016f\",\"item\":\"https:\\\/\\\/www.skolamichael.cz\\\/en\\\/\"},{\"@type\":\"ListItem\",\"position\":2,\"name\":\"Projects EU\",\"item\":\"https:\\\/\\\/www.skolamichael.cz\\\/en\\\/projects-eu\\\/\"},{\"@type\":\"ListItem\",\"position\":3,\"name\":\"ART CONNECTS NATIONS\"}]},{\"@type\":\"WebSite\",\"@id\":\"https:\\\/\\\/www.skolamichael.cz\\\/en\\\/#website\",\"url\":\"https:\\\/\\\/www.skolamichael.cz\\\/en\\\/\",\"name\":\"MICHAEL\",\"description\":\"St\u0159edn\u00ed \u0161kola, Gymn\u00e1zium a Vy\u0161\u0161\u00ed odborn\u00e1 \u0161kola\",\"publisher\":{\"@id\":\"https:\\\/\\\/www.skolamichael.cz\\\/en\\\/#organization\"},\"alternateName\":\"St\u0159edn\u00ed \u0161kola, Gymn\u00e1zium a Vy\u0161\u0161\u00ed odborn\u00e1 \u0161kola\",\"potentialAction\":[{\"@type\":\"SearchAction\",\"target\":{\"@type\":\"EntryPoint\",\"urlTemplate\":\"https:\\\/\\\/www.skolamichael.cz\\\/en\\\/?s={search_term_string}\"},\"query-input\":{\"@type\":\"PropertyValueSpecification\",\"valueRequired\":true,\"valueName\":\"search_term_string\"}}],\"inLanguage\":\"en-US\"},{\"@type\":\"Organization\",\"@id\":\"https:\\\/\\\/www.skolamichael.cz\\\/en\\\/#organization\",\"name\":\"Michael \u2013 St\u0159edn\u00ed \u0161kola, Gymn\u00e1zium a Vy\u0161\u0161\u00ed odborn\u00e1 \u0161kola, s.r.o.\",\"url\":\"https:\\\/\\\/www.skolamichael.cz\\\/en\\\/\",\"logo\":{\"@type\":\"ImageObject\",\"inLanguage\":\"en-US\",\"@id\":\"https:\\\/\\\/www.skolamichael.cz\\\/en\\\/#\\\/schema\\\/logo\\\/image\\\/\",\"url\":\"https:\\\/\\\/www.skolamichael.cz\\\/wp-content\\\/uploads\\\/2019\\\/03\\\/logo_michael_final_ctverec1-1.jpg\",\"contentUrl\":\"https:\\\/\\\/www.skolamichael.cz\\\/wp-content\\\/uploads\\\/2019\\\/03\\\/logo_michael_final_ctverec1-1.jpg\",\"width\":400,\"height\":400,\"caption\":\"Michael \u2013 St\u0159edn\u00ed \u0161kola, Gymn\u00e1zium a Vy\u0161\u0161\u00ed odborn\u00e1 \u0161kola, s.r.o.\"},\"image\":{\"@id\":\"https:\\\/\\\/www.skolamichael.cz\\\/en\\\/#\\\/schema\\\/logo\\\/image\\\/\"},\"sameAs\":[\"http:\\\/\\\/www.facebook.com\\\/skolamichael\",\"https:\\\/\\\/www.instagram.com\\\/skola_michael\\\/\"]}]}<\/script>\n<!-- \/ Yoast SEO plugin. -->","yoast_head_json":{"title":"ART CONNECTS NATIONS | MICHAEL","robots":{"index":"index","follow":"follow","max-snippet":"max-snippet:-1","max-image-preview":"max-image-preview:large","max-video-preview":"max-video-preview:-1"},"canonical":"https:\/\/www.skolamichael.cz\/en\/projects-eu\/art-connects-nations\/","og_locale":"en_US","og_type":"article","og_title":"ART CONNECTS NATIONS | MICHAEL","og_description":"EHP-BFNU-OVNKM-4-293-01-2023\u00a0under the\u00a0Fund for Bilateral Relations within\u00a0the framework of the\u00a0EEA\u00a0and\u00a0Norway Grants 2014-2021 The goal of the project Art connects nations is to organize an exhibition \u201cTogether in Europe\u201d with international participation within the renowned festival \u2013 Fest Michael where we also present the outputs of the project, which will be created in the framework of creative [&hellip;]","og_url":"https:\/\/www.skolamichael.cz\/en\/projects-eu\/art-connects-nations\/","og_site_name":"MICHAEL","article_publisher":"http:\/\/www.facebook.com\/skolamichael","article_modified_time":"2024-06-12T22:56:17+00:00","og_image":[{"url":"https:\/\/www.skolamichael.cz\/wp-content\/uploads\/2024\/06\/CAPL4321-1-1024x683.jpg","type":"","width":"","height":""}],"twitter_card":"summary_large_image","twitter_misc":{"Est. reading time":"3 minutes"},"schema":{"@context":"https:\/\/schema.org","@graph":[{"@type":"WebPage","@id":"https:\/\/www.skolamichael.cz\/en\/projects-eu\/art-connects-nations\/","url":"https:\/\/www.skolamichael.cz\/en\/projects-eu\/art-connects-nations\/","name":"ART CONNECTS NATIONS | MICHAEL","isPartOf":{"@id":"https:\/\/www.skolamichael.cz\/en\/#website"},"primaryImageOfPage":{"@id":"https:\/\/www.skolamichael.cz\/en\/projects-eu\/art-connects-nations\/#primaryimage"},"image":{"@id":"https:\/\/www.skolamichael.cz\/en\/projects-eu\/art-connects-nations\/#primaryimage"},"thumbnailUrl":"https:\/\/www.skolamichael.cz\/wp-content\/uploads\/2024\/06\/oslo_skola_gruppe-300x200.jpg","datePublished":"2024-05-31T14:28:57+00:00","dateModified":"2024-06-12T22:56:17+00:00","breadcrumb":{"@id":"https:\/\/www.skolamichael.cz\/en\/projects-eu\/art-connects-nations\/#breadcrumb"},"inLanguage":"en-US","potentialAction":[{"@type":"ReadAction","target":["https:\/\/www.skolamichael.cz\/en\/projects-eu\/art-connects-nations\/"]}]},{"@type":"ImageObject","inLanguage":"en-US","@id":"https:\/\/www.skolamichael.cz\/en\/projects-eu\/art-connects-nations\/#primaryimage","url":"https:\/\/www.skolamichael.cz\/wp-content\/uploads\/2024\/06\/oslo_skola_gruppe-300x200.jpg","contentUrl":"https:\/\/www.skolamichael.cz\/wp-content\/uploads\/2024\/06\/oslo_skola_gruppe-300x200.jpg"},{"@type":"BreadcrumbList","@id":"https:\/\/www.skolamichael.cz\/en\/projects-eu\/art-connects-nations\/#breadcrumb","itemListElement":[{"@type":"ListItem","position":1,"name":"Dom\u016f","item":"https:\/\/www.skolamichael.cz\/en\/"},{"@type":"ListItem","position":2,"name":"Projects EU","item":"https:\/\/www.skolamichael.cz\/en\/projects-eu\/"},{"@type":"ListItem","position":3,"name":"ART CONNECTS NATIONS"}]},{"@type":"WebSite","@id":"https:\/\/www.skolamichael.cz\/en\/#website","url":"https:\/\/www.skolamichael.cz\/en\/","name":"MICHAEL","description":"St\u0159edn\u00ed \u0161kola, Gymn\u00e1zium a Vy\u0161\u0161\u00ed odborn\u00e1 \u0161kola","publisher":{"@id":"https:\/\/www.skolamichael.cz\/en\/#organization"},"alternateName":"St\u0159edn\u00ed \u0161kola, Gymn\u00e1zium a Vy\u0161\u0161\u00ed odborn\u00e1 \u0161kola","potentialAction":[{"@type":"SearchAction","target":{"@type":"EntryPoint","urlTemplate":"https:\/\/www.skolamichael.cz\/en\/?s={search_term_string}"},"query-input":{"@type":"PropertyValueSpecification","valueRequired":true,"valueName":"search_term_string"}}],"inLanguage":"en-US"},{"@type":"Organization","@id":"https:\/\/www.skolamichael.cz\/en\/#organization","name":"Michael \u2013 St\u0159edn\u00ed \u0161kola, Gymn\u00e1zium a Vy\u0161\u0161\u00ed odborn\u00e1 \u0161kola, s.r.o.","url":"https:\/\/www.skolamichael.cz\/en\/","logo":{"@type":"ImageObject","inLanguage":"en-US","@id":"https:\/\/www.skolamichael.cz\/en\/#\/schema\/logo\/image\/","url":"https:\/\/www.skolamichael.cz\/wp-content\/uploads\/2019\/03\/logo_michael_final_ctverec1-1.jpg","contentUrl":"https:\/\/www.skolamichael.cz\/wp-content\/uploads\/2019\/03\/logo_michael_final_ctverec1-1.jpg","width":400,"height":400,"caption":"Michael \u2013 St\u0159edn\u00ed \u0161kola, Gymn\u00e1zium a Vy\u0161\u0161\u00ed odborn\u00e1 \u0161kola, s.r.o."},"image":{"@id":"https:\/\/www.skolamichael.cz\/en\/#\/schema\/logo\/image\/"},"sameAs":["http:\/\/www.facebook.com\/skolamichael","https:\/\/www.instagram.com\/skola_michael\/"]}]}},"_links":{"self":[{"href":"https:\/\/www.skolamichael.cz\/en\/wp-json\/wp\/v2\/pages\/13484","targetHints":{"allow":["GET"]}}],"collection":[{"href":"https:\/\/www.skolamichael.cz\/en\/wp-json\/wp\/v2\/pages"}],"about":[{"href":"https:\/\/www.skolamichael.cz\/en\/wp-json\/wp\/v2\/types\/page"}],"author":[{"embeddable":true,"href":"https:\/\/www.skolamichael.cz\/en\/wp-json\/wp\/v2\/users\/14"}],"replies":[{"embeddable":true,"href":"https:\/\/www.skolamichael.cz\/en\/wp-json\/wp\/v2\/comments?post=13484"}],"version-history":[{"count":5,"href":"https:\/\/www.skolamichael.cz\/en\/wp-json\/wp\/v2\/pages\/13484\/revisions"}],"predecessor-version":[{"id":13593,"href":"https:\/\/www.skolamichael.cz\/en\/wp-json\/wp\/v2\/pages\/13484\/revisions\/13593"}],"up":[{"embeddable":true,"href":"https:\/\/www.skolamichael.cz\/en\/wp-json\/wp\/v2\/pages\/10281"}],"wp:attachment":[{"href":"https:\/\/www.skolamichael.cz\/en\/wp-json\/wp\/v2\/media?parent=13484"}],"curies":[{"name":"wp","href":"https:\/\/api.w.org\/{rel}","templated":true}]}}